{"id":9766,"date":"2024-05-30T01:07:56","date_gmt":"2024-05-29T23:07:56","guid":{"rendered":"https:\/\/cybul.eu\/shop\/kierownica-sparco-r353\/"},"modified":"2024-05-30T01:07:59","modified_gmt":"2024-05-29T23:07:59","slug":"kierownica-sparco-r353","status":"publish","type":"product","link":"https:\/\/cybul.eu\/pl\/sklep\/kierownica-sparco-r353\/","title":{"rendered":"KIEROWNICA SPARCO R353"},"content":{"rendered":"<p>Kierownica zamszowa Sparco R353<\/p>\n<p>Klakson: nie<br \/>Kolor: czarny<br \/>Materia\u0142: zamsz<br \/>G\u0142\u0119boko\u015b\u0107: 36<br \/>\u015arednica: 330<br \/>Uchwyt: owalny 35\/27<br \/>Ilo\u015b\u0107 ramion: 3<\/p>\n","protected":false},"excerpt":{"rendered":"<p>Kierownica zamszowa Sparco R353<\/p>\n<p>Klakson: nie<br \/>Kolor: czarny<br \/>Materia\u0142: zamsz<br \/>G\u0142\u0119boko\u015b\u0107: 36<br \/>\u015arednica: 330<br \/>Uchwyt: owalny 35\/27<br \/>Ilo\u015b\u0107 ramion: 3<\/p>\n","protected":false},"featured_media":9552,"comment_status":"closed","ping_status":"open","template":"","meta":[],"product_cat":[540,542],"product_tag":[],"class_list":{"0":"post-9766","1":"product","2":"type-product","3":"status-publish","4":"has-post-thumbnail","6":"product_cat-kierownice-rajdowe","7":"product_cat-wnetrze","9":"first","10":"instock","11":"taxable","12":"shipping-taxable","13":"purchasable","14":"product-type-simple"},"bundled_by":[],"bundle_stock_status":"instock","bundle_stock_quantity":null,"bundle_virtual":false,"bundle_layout":"","bundle_add_to_cart_form_location":"","bundle_editable_in_cart":false,"bundle_sold_individually_context":"","bundle_item_grouping":"","bundle_min_size":"","bundle_max_size":"","bundle_price":[],"bundled_items":[],"bundle_sell_ids":[],"acf":{"zdjecie_bez_watermarka":null,"zdjecie_bez_watermarka_url":"","product_orgin_url":"https:\/\/inter-rally.pl\/product-eng-679-Kierownica-Sparco-R353.html"},"yoast_head":"<!-- This site is optimized with the Yoast SEO plugin v23.9 - https:\/\/yoast.com\/wordpress\/plugins\/seo\/ -->\n<title>KIEROWNICA SPARCO R353 - CYBUL<\/title>\n<meta name=\"robots\" content=\"index, follow, max-snippet:-1, max-image-preview:large, max-video-preview:-1\" \/>\n<link rel=\"canonical\" href=\"https:\/\/cybul.eu\/pl\/sklep\/kierownica-sparco-r353\/\" \/>\n<meta property=\"og:locale\" content=\"pl_PL\" \/>\n<meta property=\"og:type\" content=\"article\" \/>\n<meta property=\"og:title\" content=\"KIEROWNICA SPARCO R353 - CYBUL\" \/>\n<meta property=\"og:description\" content=\"Kierownica zamszowa Sparco R353Klakson: nieKolor: czarnyMateria\u0142: zamszG\u0142\u0119boko\u015b\u0107: 36\u015arednica: 330Uchwyt: owalny 35\/27Ilo\u015b\u0107 ramion: 3\" \/>\n<meta property=\"og:url\" content=\"https:\/\/cybul.eu\/pl\/sklep\/kierownica-sparco-r353\/\" \/>\n<meta property=\"og:site_name\" content=\"CYBUL\" \/>\n<meta property=\"article:modified_time\" content=\"2024-05-29T23:07:59+00:00\" \/>\n<meta property=\"og:image\" content=\"https:\/\/cybul.eu\/wp-content\/uploads\/2024\/05\/pol_pl_Kierownica-Sparco-R353-679_1.jpg\" \/>\n\t<meta property=\"og:image:width\" content=\"900\" \/>\n\t<meta property=\"og:image:height\" content=\"900\" \/>\n\t<meta property=\"og:image:type\" content=\"image\/jpeg\" \/>\n<meta name=\"twitter:card\" content=\"summary_large_image\" \/>\n<script type=\"application\/ld+json\" class=\"yoast-schema-graph\">{\"@context\":\"https:\/\/schema.org\",\"@graph\":[{\"@type\":\"WebPage\",\"@id\":\"https:\/\/cybul.eu\/pl\/sklep\/kierownica-sparco-r353\/\",\"url\":\"https:\/\/cybul.eu\/pl\/sklep\/kierownica-sparco-r353\/\",\"name\":\"KIEROWNICA SPARCO R353 - CYBUL\",\"isPartOf\":{\"@id\":\"https:\/\/cybul.eu\/pl\/#website\"},\"primaryImageOfPage\":{\"@id\":\"https:\/\/cybul.eu\/pl\/sklep\/kierownica-sparco-r353\/#primaryimage\"},\"image\":{\"@id\":\"https:\/\/cybul.eu\/pl\/sklep\/kierownica-sparco-r353\/#primaryimage\"},\"thumbnailUrl\":\"https:\/\/cybul.eu\/wp-content\/uploads\/2024\/05\/pol_pl_Kierownica-Sparco-R353-679_1.jpg\",\"datePublished\":\"2024-05-29T23:07:56+00:00\",\"dateModified\":\"2024-05-29T23:07:59+00:00\",\"breadcrumb\":{\"@id\":\"https:\/\/cybul.eu\/pl\/sklep\/kierownica-sparco-r353\/#breadcrumb\"},\"inLanguage\":\"pl-PL\",\"potentialAction\":[{\"@type\":\"ReadAction\",\"target\":[\"https:\/\/cybul.eu\/pl\/sklep\/kierownica-sparco-r353\/\"]}]},{\"@type\":\"ImageObject\",\"inLanguage\":\"pl-PL\",\"@id\":\"https:\/\/cybul.eu\/pl\/sklep\/kierownica-sparco-r353\/#primaryimage\",\"url\":\"https:\/\/cybul.eu\/wp-content\/uploads\/2024\/05\/pol_pl_Kierownica-Sparco-R353-679_1.jpg\",\"contentUrl\":\"https:\/\/cybul.eu\/wp-content\/uploads\/2024\/05\/pol_pl_Kierownica-Sparco-R353-679_1.jpg\",\"width\":900,\"height\":900},{\"@type\":\"BreadcrumbList\",\"@id\":\"https:\/\/cybul.eu\/pl\/sklep\/kierownica-sparco-r353\/#breadcrumb\",\"itemListElement\":[{\"@type\":\"ListItem\",\"position\":1,\"name\":\"Strona g\u0142\u00f3wna\",\"item\":\"https:\/\/cybul.eu\/pl\/\"},{\"@type\":\"ListItem\",\"position\":2,\"name\":\"Sklep\",\"item\":\"https:\/\/cybul.eu\/pl\/sklep\/\"},{\"@type\":\"ListItem\",\"position\":3,\"name\":\"KIEROWNICA SPARCO R353\"}]},{\"@type\":\"WebSite\",\"@id\":\"https:\/\/cybul.eu\/pl\/#website\",\"url\":\"https:\/\/cybul.eu\/pl\/\",\"name\":\"CYBUL\",\"description\":\"\",\"potentialAction\":[{\"@type\":\"SearchAction\",\"target\":{\"@type\":\"EntryPoint\",\"urlTemplate\":\"https:\/\/cybul.eu\/pl\/?s={search_term_string}\"},\"query-input\":{\"@type\":\"PropertyValueSpecification\",\"valueRequired\":true,\"valueName\":\"search_term_string\"}}],\"inLanguage\":\"pl-PL\"}]}<\/script>\n<!-- \/ Yoast SEO plugin. -->","yoast_head_json":{"title":"KIEROWNICA SPARCO R353 - CYBUL","robots":{"index":"index","follow":"follow","max-snippet":"max-snippet:-1","max-image-preview":"max-image-preview:large","max-video-preview":"max-video-preview:-1"},"canonical":"https:\/\/cybul.eu\/pl\/sklep\/kierownica-sparco-r353\/","og_locale":"pl_PL","og_type":"article","og_title":"KIEROWNICA SPARCO R353 - CYBUL","og_description":"Kierownica zamszowa Sparco R353Klakson: nieKolor: czarnyMateria\u0142: zamszG\u0142\u0119boko\u015b\u0107: 36\u015arednica: 330Uchwyt: owalny 35\/27Ilo\u015b\u0107 ramion: 3","og_url":"https:\/\/cybul.eu\/pl\/sklep\/kierownica-sparco-r353\/","og_site_name":"CYBUL","article_modified_time":"2024-05-29T23:07:59+00:00","og_image":[{"width":900,"height":900,"url":"https:\/\/cybul.eu\/wp-content\/uploads\/2024\/05\/pol_pl_Kierownica-Sparco-R353-679_1.jpg","type":"image\/jpeg"}],"twitter_card":"summary_large_image","schema":{"@context":"https:\/\/schema.org","@graph":[{"@type":"WebPage","@id":"https:\/\/cybul.eu\/pl\/sklep\/kierownica-sparco-r353\/","url":"https:\/\/cybul.eu\/pl\/sklep\/kierownica-sparco-r353\/","name":"KIEROWNICA SPARCO R353 - CYBUL","isPartOf":{"@id":"https:\/\/cybul.eu\/pl\/#website"},"primaryImageOfPage":{"@id":"https:\/\/cybul.eu\/pl\/sklep\/kierownica-sparco-r353\/#primaryimage"},"image":{"@id":"https:\/\/cybul.eu\/pl\/sklep\/kierownica-sparco-r353\/#primaryimage"},"thumbnailUrl":"https:\/\/cybul.eu\/wp-content\/uploads\/2024\/05\/pol_pl_Kierownica-Sparco-R353-679_1.jpg","datePublished":"2024-05-29T23:07:56+00:00","dateModified":"2024-05-29T23:07:59+00:00","breadcrumb":{"@id":"https:\/\/cybul.eu\/pl\/sklep\/kierownica-sparco-r353\/#breadcrumb"},"inLanguage":"pl-PL","potentialAction":[{"@type":"ReadAction","target":["https:\/\/cybul.eu\/pl\/sklep\/kierownica-sparco-r353\/"]}]},{"@type":"ImageObject","inLanguage":"pl-PL","@id":"https:\/\/cybul.eu\/pl\/sklep\/kierownica-sparco-r353\/#primaryimage","url":"https:\/\/cybul.eu\/wp-content\/uploads\/2024\/05\/pol_pl_Kierownica-Sparco-R353-679_1.jpg","contentUrl":"https:\/\/cybul.eu\/wp-content\/uploads\/2024\/05\/pol_pl_Kierownica-Sparco-R353-679_1.jpg","width":900,"height":900},{"@type":"BreadcrumbList","@id":"https:\/\/cybul.eu\/pl\/sklep\/kierownica-sparco-r353\/#breadcrumb","itemListElement":[{"@type":"ListItem","position":1,"name":"Strona g\u0142\u00f3wna","item":"https:\/\/cybul.eu\/pl\/"},{"@type":"ListItem","position":2,"name":"Sklep","item":"https:\/\/cybul.eu\/pl\/sklep\/"},{"@type":"ListItem","position":3,"name":"KIEROWNICA SPARCO R353"}]},{"@type":"WebSite","@id":"https:\/\/cybul.eu\/pl\/#website","url":"https:\/\/cybul.eu\/pl\/","name":"CYBUL","description":"","potentialAction":[{"@type":"SearchAction","target":{"@type":"EntryPoint","urlTemplate":"https:\/\/cybul.eu\/pl\/?s={search_term_string}"},"query-input":{"@type":"PropertyValueSpecification","valueRequired":true,"valueName":"search_term_string"}}],"inLanguage":"pl-PL"}]}},"_links":{"self":[{"href":"https:\/\/cybul.eu\/pl\/wp-json\/wp\/v2\/product\/9766","targetHints":{"allow":["GET"]}}],"collection":[{"href":"https:\/\/cybul.eu\/pl\/wp-json\/wp\/v2\/product"}],"about":[{"href":"https:\/\/cybul.eu\/pl\/wp-json\/wp\/v2\/types\/product"}],"replies":[{"embeddable":true,"href":"https:\/\/cybul.eu\/pl\/wp-json\/wp\/v2\/comments?post=9766"}],"wp:featuredmedia":[{"embeddable":true,"href":"https:\/\/cybul.eu\/pl\/wp-json\/wp\/v2\/media\/9552"}],"wp:attachment":[{"href":"https:\/\/cybul.eu\/pl\/wp-json\/wp\/v2\/media?parent=9766"}],"wp:term":[{"taxonomy":"product_cat","embeddable":true,"href":"https:\/\/cybul.eu\/pl\/wp-json\/wp\/v2\/product_cat?post=9766"},{"taxonomy":"product_tag","embeddable":true,"href":"https:\/\/cybul.eu\/pl\/wp-json\/wp\/v2\/product_tag?post=9766"}],"curies":[{"name":"wp","href":"https:\/\/api.w.org\/{rel}","templated":true}]}}