{"id":9745,"date":"2024-05-30T01:07:29","date_gmt":"2024-05-29T23:07:29","guid":{"rendered":"https:\/\/cybul.eu\/shop\/kierownica-zamszowa-omp-corsica\/"},"modified":"2024-05-30T01:07:33","modified_gmt":"2024-05-29T23:07:33","slug":"kierownica-zamszowa-omp-corsica","status":"publish","type":"product","link":"https:\/\/cybul.eu\/pl\/sklep\/kierownica-zamszowa-omp-corsica\/","title":{"rendered":"KIEROWNICA ZAMSZOWA OMP CORSICA"},"content":{"rendered":"<p><strong>Kierownica zamszowa OMP CORSICA<\/strong><\/p>\n<p>Najbardziej popularny model kierownicy OMP. Przeznaczona zar\u00f3wno do motorsportu jak i u\u017cytku codziennego. Do wyboru cztery kolory ramion kierownicy. Owalny uchwyt zapewnia bardzo dobre trzymanie.<\/p>\n<p>Materia\u0142: <strong>zamsz<\/strong><br \/>\u015arednica: <strong>350<\/strong><br \/>Ilo\u015b\u0107 ramion: <strong>3<\/strong><br \/>Odsadzenie: <strong>95mm<\/strong><br \/>Uchwyt: <strong>owalny 28x30mm<\/strong><br \/>Waga: <strong>980g<\/strong><\/p>\n<table border=\"0\" width=\"364\" cellspacing=\"0\" cellpadding=\"0\">\n<colgroup>\n<col width=\"119\">\n<col width=\"72\">\n<col width=\"101\">\n<col width=\"72\"> <\/colgroup>\n<tbody>\n<tr>\n<td class=\"xl63\" style=\"text-align: center;\" width=\"119\" height=\"19\"><strong>Nr Katalogowy<\/strong><\/td>\n<td class=\"xl63\" style=\"text-align: center;\" width=\"72\"><strong>Materia\u0142<\/strong><\/td>\n<td class=\"xl63\" style=\"text-align: center;\" width=\"101\"><strong>Kolor ramion<\/strong><\/td>\n<td class=\"xl63\" style=\"text-align: center;\" width=\"72\"><strong>Kolor nici<\/strong><\/td>\n<\/tr>\n<tr>\n<td class=\"xl63\" style=\"text-align: center;\" height=\"19\">OD\/1954\/NR<\/td>\n<td class=\"xl63\" style=\"text-align: center;\">Zamsz<\/td>\n<td class=\"xl63\" style=\"text-align: center;\">Czarny<\/td>\n<td class=\"xl63\" style=\"text-align: center;\">Czerwone<\/td>\n<\/tr>\n<tr>\n<td class=\"xl63\" style=\"text-align: center;\" height=\"19\">OD\/1954\/BN<\/td>\n<td class=\"xl63\" style=\"text-align: center;\">Zamsz<\/td>\n<td class=\"xl63\" style=\"text-align: center;\">Niebieski<\/td>\n<td class=\"xl63\" style=\"text-align: center;\">Brak<\/td>\n<\/tr>\n<tr>\n<td class=\"xl63\" style=\"text-align: center;\" height=\"19\">OD\/1954\/N<\/td>\n<td class=\"xl63\" style=\"text-align: center;\">Zamsz<\/td>\n<td class=\"xl63\" style=\"text-align: center;\">Czarny<\/td>\n<td class=\"xl63\" style=\"text-align: center;\">\u017b\u00f3\u0142te<\/td>\n<\/tr>\n<tr>\n<td class=\"xl63\" style=\"text-align: center;\" height=\"19\">OD\/1954\/TN<\/td>\n<td class=\"xl63\" style=\"text-align: center;\">Zamsz<\/td>\n<td class=\"xl63\" style=\"text-align: center;\">Tytanowy<\/td>\n<td class=\"xl63\" style=\"text-align: center;\">\u017b\u00f3\u0142te<\/td>\n<\/tr>\n<\/tbody>\n<\/table>\n<p>Wszystkie kierownice OMP s\u0105 wykonane z najwy\u017cszej jako\u015bci dost\u0119pnych materia\u0142\u00f3w, a ich kontrola jako\u015bci gwarantuje, \u017ce produkty s\u0105 wyko\u0144czone w najwy\u017cszym standardzie.<br \/>Kierownice OMP s\u0105 u\u017cywane przez wy\u015bcigowych i rajdowych mistrz\u00f3w, w przesz\u0142o\u015bci i obecnie na ca\u0142ym \u015bwiecie.<br \/>Aluminiowe ramiona kierownicy zapewniaj\u0105 pewno\u015b\u0107 u\u017cytkowania wysoki poziom estetyczny.<br \/>Klakson OMP w zestawie.<\/p>\n<p><strong>Wyprodukowana we W\u0142oszech<\/strong><\/p>\n","protected":false},"excerpt":{"rendered":"<p><strong>Kierownica zamszowa OMP CORSICA<\/strong><\/p>\n<p>Najbardziej popularny model kierownicy OMP. Przeznaczona zar\u00f3wno do motorsportu jak i u\u017cytku codziennego. Do wyboru cztery kolory ramion kierownicy. Owalny uchwyt zapewnia bardzo dobre trzymanie.<\/p>\n<p>Materia\u0142: <strong>zamsz<\/strong><br \/>\u015arednica: <strong>350<\/strong><br \/>Ilo\u015b\u0107 ramion: <strong>3<\/strong><br \/>Odsadzenie: <strong>95mm<\/strong><br \/>Uchwyt: <strong>owalny 28x30mm<\/strong><br \/>Waga: <strong>980g<\/strong><\/p>\n","protected":false},"featured_media":9483,"comment_status":"closed","ping_status":"open","template":"","meta":[],"product_cat":[540,542],"product_tag":[],"class_list":{"0":"post-9745","1":"product","2":"type-product","3":"status-publish","4":"has-post-thumbnail","6":"product_cat-kierownice-rajdowe","7":"product_cat-wnetrze","9":"first","10":"instock","11":"taxable","12":"shipping-taxable","13":"purchasable","14":"product-type-simple"},"bundled_by":[],"bundle_stock_status":"instock","bundle_stock_quantity":null,"bundle_virtual":false,"bundle_layout":"","bundle_add_to_cart_form_location":"","bundle_editable_in_cart":false,"bundle_sold_individually_context":"","bundle_item_grouping":"","bundle_min_size":"","bundle_max_size":"","bundle_price":[],"bundled_items":[],"bundle_sell_ids":[],"acf":{"zdjecie_bez_watermarka":null,"zdjecie_bez_watermarka_url":"","product_orgin_url":"https:\/\/inter-rally.pl\/product-eng-9562-Kierownica-zamszowa-OMP-CORSICA.html"},"yoast_head":"<!-- This site is optimized with the Yoast SEO plugin v23.9 - https:\/\/yoast.com\/wordpress\/plugins\/seo\/ -->\n<title>KIEROWNICA ZAMSZOWA OMP CORSICA - CYBUL<\/title>\n<meta name=\"robots\" content=\"index, follow, max-snippet:-1, max-image-preview:large, max-video-preview:-1\" \/>\n<link rel=\"canonical\" href=\"https:\/\/cybul.eu\/pl\/sklep\/kierownica-zamszowa-omp-corsica\/\" \/>\n<meta property=\"og:locale\" content=\"pl_PL\" \/>\n<meta property=\"og:type\" content=\"article\" \/>\n<meta property=\"og:title\" content=\"KIEROWNICA ZAMSZOWA OMP CORSICA - CYBUL\" \/>\n<meta property=\"og:description\" content=\"Kierownica zamszowa OMP CORSICANajbardziej popularny model kierownicy OMP. Przeznaczona zar\u00f3wno do motorsportu jak i u\u017cytku codziennego. Do wyboru cztery kolory ramion kierownicy. Owalny uchwyt zapewnia bardzo dobre trzymanie.Materia\u0142: zamsz\u015arednica: 350Ilo\u015b\u0107 ramion: 3Odsadzenie: 95mmUchwyt: owalny 28x30mmWaga: 980g\" \/>\n<meta property=\"og:url\" content=\"https:\/\/cybul.eu\/pl\/sklep\/kierownica-zamszowa-omp-corsica\/\" \/>\n<meta property=\"og:site_name\" content=\"CYBUL\" \/>\n<meta property=\"article:modified_time\" content=\"2024-05-29T23:07:33+00:00\" \/>\n<meta property=\"og:image\" content=\"https:\/\/cybul.eu\/wp-content\/uploads\/2024\/05\/pol_pl_Kierownica-zamszowa-OMP-CORSICA-9562_3.jpg\" \/>\n\t<meta property=\"og:image:width\" content=\"900\" \/>\n\t<meta property=\"og:image:height\" content=\"900\" \/>\n\t<meta property=\"og:image:type\" content=\"image\/jpeg\" \/>\n<meta name=\"twitter:card\" content=\"summary_large_image\" \/>\n<meta name=\"twitter:label1\" content=\"Szacowany czas czytania\" \/>\n\t<meta name=\"twitter:data1\" content=\"1 minuta\" \/>\n<script type=\"application\/ld+json\" class=\"yoast-schema-graph\">{\"@context\":\"https:\/\/schema.org\",\"@graph\":[{\"@type\":\"WebPage\",\"@id\":\"https:\/\/cybul.eu\/pl\/sklep\/kierownica-zamszowa-omp-corsica\/\",\"url\":\"https:\/\/cybul.eu\/pl\/sklep\/kierownica-zamszowa-omp-corsica\/\",\"name\":\"KIEROWNICA ZAMSZOWA OMP CORSICA - CYBUL\",\"isPartOf\":{\"@id\":\"https:\/\/cybul.eu\/pl\/#website\"},\"primaryImageOfPage\":{\"@id\":\"https:\/\/cybul.eu\/pl\/sklep\/kierownica-zamszowa-omp-corsica\/#primaryimage\"},\"image\":{\"@id\":\"https:\/\/cybul.eu\/pl\/sklep\/kierownica-zamszowa-omp-corsica\/#primaryimage\"},\"thumbnailUrl\":\"https:\/\/cybul.eu\/wp-content\/uploads\/2024\/05\/pol_pl_Kierownica-zamszowa-OMP-CORSICA-9562_3.jpg\",\"datePublished\":\"2024-05-29T23:07:29+00:00\",\"dateModified\":\"2024-05-29T23:07:33+00:00\",\"breadcrumb\":{\"@id\":\"https:\/\/cybul.eu\/pl\/sklep\/kierownica-zamszowa-omp-corsica\/#breadcrumb\"},\"inLanguage\":\"pl-PL\",\"potentialAction\":[{\"@type\":\"ReadAction\",\"target\":[\"https:\/\/cybul.eu\/pl\/sklep\/kierownica-zamszowa-omp-corsica\/\"]}]},{\"@type\":\"ImageObject\",\"inLanguage\":\"pl-PL\",\"@id\":\"https:\/\/cybul.eu\/pl\/sklep\/kierownica-zamszowa-omp-corsica\/#primaryimage\",\"url\":\"https:\/\/cybul.eu\/wp-content\/uploads\/2024\/05\/pol_pl_Kierownica-zamszowa-OMP-CORSICA-9562_3.jpg\",\"contentUrl\":\"https:\/\/cybul.eu\/wp-content\/uploads\/2024\/05\/pol_pl_Kierownica-zamszowa-OMP-CORSICA-9562_3.jpg\",\"width\":900,\"height\":900},{\"@type\":\"BreadcrumbList\",\"@id\":\"https:\/\/cybul.eu\/pl\/sklep\/kierownica-zamszowa-omp-corsica\/#breadcrumb\",\"itemListElement\":[{\"@type\":\"ListItem\",\"position\":1,\"name\":\"Strona g\u0142\u00f3wna\",\"item\":\"https:\/\/cybul.eu\/pl\/\"},{\"@type\":\"ListItem\",\"position\":2,\"name\":\"Sklep\",\"item\":\"https:\/\/cybul.eu\/pl\/sklep\/\"},{\"@type\":\"ListItem\",\"position\":3,\"name\":\"KIEROWNICA ZAMSZOWA OMP CORSICA\"}]},{\"@type\":\"WebSite\",\"@id\":\"https:\/\/cybul.eu\/pl\/#website\",\"url\":\"https:\/\/cybul.eu\/pl\/\",\"name\":\"CYBUL\",\"description\":\"\",\"potentialAction\":[{\"@type\":\"SearchAction\",\"target\":{\"@type\":\"EntryPoint\",\"urlTemplate\":\"https:\/\/cybul.eu\/pl\/?s={search_term_string}\"},\"query-input\":{\"@type\":\"PropertyValueSpecification\",\"valueRequired\":true,\"valueName\":\"search_term_string\"}}],\"inLanguage\":\"pl-PL\"}]}<\/script>\n<!-- \/ Yoast SEO plugin. -->","yoast_head_json":{"title":"KIEROWNICA ZAMSZOWA OMP CORSICA - CYBUL","robots":{"index":"index","follow":"follow","max-snippet":"max-snippet:-1","max-image-preview":"max-image-preview:large","max-video-preview":"max-video-preview:-1"},"canonical":"https:\/\/cybul.eu\/pl\/sklep\/kierownica-zamszowa-omp-corsica\/","og_locale":"pl_PL","og_type":"article","og_title":"KIEROWNICA ZAMSZOWA OMP CORSICA - CYBUL","og_description":"Kierownica zamszowa OMP CORSICANajbardziej popularny model kierownicy OMP. Przeznaczona zar\u00f3wno do motorsportu jak i u\u017cytku codziennego. Do wyboru cztery kolory ramion kierownicy. Owalny uchwyt zapewnia bardzo dobre trzymanie.Materia\u0142: zamsz\u015arednica: 350Ilo\u015b\u0107 ramion: 3Odsadzenie: 95mmUchwyt: owalny 28x30mmWaga: 980g","og_url":"https:\/\/cybul.eu\/pl\/sklep\/kierownica-zamszowa-omp-corsica\/","og_site_name":"CYBUL","article_modified_time":"2024-05-29T23:07:33+00:00","og_image":[{"width":900,"height":900,"url":"https:\/\/cybul.eu\/wp-content\/uploads\/2024\/05\/pol_pl_Kierownica-zamszowa-OMP-CORSICA-9562_3.jpg","type":"image\/jpeg"}],"twitter_card":"summary_large_image","twitter_misc":{"Szacowany czas czytania":"1 minuta"},"schema":{"@context":"https:\/\/schema.org","@graph":[{"@type":"WebPage","@id":"https:\/\/cybul.eu\/pl\/sklep\/kierownica-zamszowa-omp-corsica\/","url":"https:\/\/cybul.eu\/pl\/sklep\/kierownica-zamszowa-omp-corsica\/","name":"KIEROWNICA ZAMSZOWA OMP CORSICA - CYBUL","isPartOf":{"@id":"https:\/\/cybul.eu\/pl\/#website"},"primaryImageOfPage":{"@id":"https:\/\/cybul.eu\/pl\/sklep\/kierownica-zamszowa-omp-corsica\/#primaryimage"},"image":{"@id":"https:\/\/cybul.eu\/pl\/sklep\/kierownica-zamszowa-omp-corsica\/#primaryimage"},"thumbnailUrl":"https:\/\/cybul.eu\/wp-content\/uploads\/2024\/05\/pol_pl_Kierownica-zamszowa-OMP-CORSICA-9562_3.jpg","datePublished":"2024-05-29T23:07:29+00:00","dateModified":"2024-05-29T23:07:33+00:00","breadcrumb":{"@id":"https:\/\/cybul.eu\/pl\/sklep\/kierownica-zamszowa-omp-corsica\/#breadcrumb"},"inLanguage":"pl-PL","potentialAction":[{"@type":"ReadAction","target":["https:\/\/cybul.eu\/pl\/sklep\/kierownica-zamszowa-omp-corsica\/"]}]},{"@type":"ImageObject","inLanguage":"pl-PL","@id":"https:\/\/cybul.eu\/pl\/sklep\/kierownica-zamszowa-omp-corsica\/#primaryimage","url":"https:\/\/cybul.eu\/wp-content\/uploads\/2024\/05\/pol_pl_Kierownica-zamszowa-OMP-CORSICA-9562_3.jpg","contentUrl":"https:\/\/cybul.eu\/wp-content\/uploads\/2024\/05\/pol_pl_Kierownica-zamszowa-OMP-CORSICA-9562_3.jpg","width":900,"height":900},{"@type":"BreadcrumbList","@id":"https:\/\/cybul.eu\/pl\/sklep\/kierownica-zamszowa-omp-corsica\/#breadcrumb","itemListElement":[{"@type":"ListItem","position":1,"name":"Strona g\u0142\u00f3wna","item":"https:\/\/cybul.eu\/pl\/"},{"@type":"ListItem","position":2,"name":"Sklep","item":"https:\/\/cybul.eu\/pl\/sklep\/"},{"@type":"ListItem","position":3,"name":"KIEROWNICA ZAMSZOWA OMP CORSICA"}]},{"@type":"WebSite","@id":"https:\/\/cybul.eu\/pl\/#website","url":"https:\/\/cybul.eu\/pl\/","name":"CYBUL","description":"","potentialAction":[{"@type":"SearchAction","target":{"@type":"EntryPoint","urlTemplate":"https:\/\/cybul.eu\/pl\/?s={search_term_string}"},"query-input":{"@type":"PropertyValueSpecification","valueRequired":true,"valueName":"search_term_string"}}],"inLanguage":"pl-PL"}]}},"_links":{"self":[{"href":"https:\/\/cybul.eu\/pl\/wp-json\/wp\/v2\/product\/9745","targetHints":{"allow":["GET"]}}],"collection":[{"href":"https:\/\/cybul.eu\/pl\/wp-json\/wp\/v2\/product"}],"about":[{"href":"https:\/\/cybul.eu\/pl\/wp-json\/wp\/v2\/types\/product"}],"replies":[{"embeddable":true,"href":"https:\/\/cybul.eu\/pl\/wp-json\/wp\/v2\/comments?post=9745"}],"wp:featuredmedia":[{"embeddable":true,"href":"https:\/\/cybul.eu\/pl\/wp-json\/wp\/v2\/media\/9483"}],"wp:attachment":[{"href":"https:\/\/cybul.eu\/pl\/wp-json\/wp\/v2\/media?parent=9745"}],"wp:term":[{"taxonomy":"product_cat","embeddable":true,"href":"https:\/\/cybul.eu\/pl\/wp-json\/wp\/v2\/product_cat?post=9745"},{"taxonomy":"product_tag","embeddable":true,"href":"https:\/\/cybul.eu\/pl\/wp-json\/wp\/v2\/product_tag?post=9745"}],"curies":[{"name":"wp","href":"https:\/\/api.w.org\/{rel}","templated":true}]}}