{"id":9715,"date":"2024-05-30T01:06:31","date_gmt":"2024-05-29T23:06:31","guid":{"rendered":"https:\/\/cybul.eu\/shop\/kierownica-omp-sand\/"},"modified":"2024-05-30T01:06:42","modified_gmt":"2024-05-29T23:06:42","slug":"kierownica-omp-sand","status":"publish","type":"product","link":"https:\/\/cybul.eu\/pl\/sklep\/kierownica-omp-sand\/","title":{"rendered":"KIEROWNICA OMP SAND"},"content":{"rendered":"<p><strong>Kierownica OMP Sand<\/p>\n<p><\/strong>Dedykowana do Off-Road&#8217;u.<\/p>\n<p>Materia\u0142: <strong>poliuretan<\/strong><br \/>\u015arednica: <strong>380<\/strong><br \/>Ilo\u015b\u0107 ramion: <strong>3<\/strong><br \/>Odsadzenie: <strong>p\u0142aska<\/strong><br \/>Uchwyt: <strong>okr\u0105g\u0142y 30mm<\/strong><\/p>\n<p>Wszystkie kierownice OMP s\u0105 wykonane z najwy\u017cszej jako\u015bci dost\u0119pnych materia\u0142\u00f3w, a ich kontrola jako\u015bci gwarantuje, \u017ce produkty s\u0105 wyko\u0144czone w najwy\u017cszym standardzie.<br \/>Kierownice OMP s\u0105 u\u017cywane przez wy\u015bcigowych i rajdowych mistrz\u00f3w, w przesz\u0142o\u015bci i obecnie na ca\u0142ym \u015bwiecie.<br \/>Aluminiowe ramiona kierownicy zapewniaj\u0105 pewno\u015b\u0107 u\u017cytkowania wysoki poziom estetyczny.<br \/>Klakson OMP w zestawie.<\/p>\n<p><strong>Wyprodukowana we W\u0142oszech<\/strong><\/p>\n","protected":false},"excerpt":{"rendered":"<p><strong>Kierownica OMP Sand<\/p>\n<p><\/strong>Dedykowana do Off-Road&#8217;u.<\/p>\n<p>Materia\u0142: <strong>poliuretan<\/strong><br \/>\u015arednica: <strong>380<\/strong><br \/>Ilo\u015b\u0107 ramion: <strong>3<\/strong><br \/>Odsadzenie: <strong>p\u0142aska<\/strong><br \/>Uchwyt: <strong>okr\u0105g\u0142y 30mm<\/strong><\/p>\n<p>Wszystkie kierownice OMP s\u0105 wykonane z najwy\u017cszej jako\u015bci dost\u0119pnych materia\u0142\u00f3w, a ich kontrola jako\u015bci gwarantuje, \u017ce produkty s\u0105 wyko\u0144czone w najwy\u017cszym standardzie.<br \/>Kierownice OMP s\u0105 u\u017cywane przez wy\u015bcigowych i rajdowych mistrz\u00f3w, w przesz\u0142o\u015bci i obecnie na ca\u0142ym \u015bwiecie.<br \/>Aluminiowe ramiona kierownicy zapewniaj\u0105 pewno\u015b\u0107 u\u017cytkowania wysoki poziom estetyczny.<br \/>Klakson OMP w zestawie.<\/p>\n<p><strong>Wyprodukowana we W\u0142oszech<\/strong><\/p>\n","protected":false},"featured_media":9343,"comment_status":"closed","ping_status":"open","template":"","meta":[],"product_cat":[540,542],"product_tag":[],"class_list":{"0":"post-9715","1":"product","2":"type-product","3":"status-publish","4":"has-post-thumbnail","6":"product_cat-kierownice-rajdowe","7":"product_cat-wnetrze","9":"first","10":"instock","11":"taxable","12":"shipping-taxable","13":"purchasable","14":"product-type-simple"},"bundled_by":[],"bundle_stock_status":"instock","bundle_stock_quantity":null,"bundle_virtual":false,"bundle_layout":"","bundle_add_to_cart_form_location":"","bundle_editable_in_cart":false,"bundle_sold_individually_context":"","bundle_item_grouping":"","bundle_min_size":"","bundle_max_size":"","bundle_price":[],"bundled_items":[],"bundle_sell_ids":[],"acf":{"zdjecie_bez_watermarka":null,"zdjecie_bez_watermarka_url":"","product_orgin_url":"https:\/\/inter-rally.pl\/product-eng-1570-Kierownica-OMP-Sand.html"},"yoast_head":"<!-- This site is optimized with the Yoast SEO plugin v23.9 - https:\/\/yoast.com\/wordpress\/plugins\/seo\/ -->\n<title>KIEROWNICA OMP SAND - CYBUL<\/title>\n<meta name=\"robots\" content=\"index, follow, max-snippet:-1, max-image-preview:large, max-video-preview:-1\" \/>\n<link rel=\"canonical\" href=\"https:\/\/cybul.eu\/pl\/sklep\/kierownica-omp-sand\/\" \/>\n<meta property=\"og:locale\" content=\"pl_PL\" \/>\n<meta property=\"og:type\" content=\"article\" \/>\n<meta property=\"og:title\" content=\"KIEROWNICA OMP SAND - CYBUL\" \/>\n<meta property=\"og:description\" content=\"Kierownica OMP SandDedykowana do Off-Road&#039;u.Materia\u0142: poliuretan\u015arednica: 380Ilo\u015b\u0107 ramion: 3Odsadzenie: p\u0142askaUchwyt: okr\u0105g\u0142y 30mmWszystkie kierownice OMP s\u0105 wykonane z najwy\u017cszej jako\u015bci dost\u0119pnych materia\u0142\u00f3w, a ich kontrola jako\u015bci gwarantuje, \u017ce produkty s\u0105 wyko\u0144czone w najwy\u017cszym standardzie.Kierownice OMP s\u0105 u\u017cywane przez wy\u015bcigowych i rajdowych mistrz\u00f3w, w przesz\u0142o\u015bci i obecnie na ca\u0142ym \u015bwiecie.Aluminiowe ramiona kierownicy zapewniaj\u0105 pewno\u015b\u0107 u\u017cytkowania wysoki poziom estetyczny.Klakson OMP w zestawie.Wyprodukowana we W\u0142oszech\" \/>\n<meta property=\"og:url\" content=\"https:\/\/cybul.eu\/pl\/sklep\/kierownica-omp-sand\/\" \/>\n<meta property=\"og:site_name\" content=\"CYBUL\" \/>\n<meta property=\"article:modified_time\" content=\"2024-05-29T23:06:42+00:00\" \/>\n<meta property=\"og:image\" content=\"https:\/\/cybul.eu\/wp-content\/uploads\/2024\/05\/pol_pl_Kierownica-OMP-Sand-1570_1.jpg\" \/>\n\t<meta property=\"og:image:width\" content=\"900\" \/>\n\t<meta property=\"og:image:height\" content=\"900\" \/>\n\t<meta property=\"og:image:type\" content=\"image\/jpeg\" \/>\n<meta name=\"twitter:card\" content=\"summary_large_image\" \/>\n<script type=\"application\/ld+json\" class=\"yoast-schema-graph\">{\"@context\":\"https:\/\/schema.org\",\"@graph\":[{\"@type\":\"WebPage\",\"@id\":\"https:\/\/cybul.eu\/pl\/sklep\/kierownica-omp-sand\/\",\"url\":\"https:\/\/cybul.eu\/pl\/sklep\/kierownica-omp-sand\/\",\"name\":\"KIEROWNICA OMP SAND - CYBUL\",\"isPartOf\":{\"@id\":\"https:\/\/cybul.eu\/pl\/#website\"},\"primaryImageOfPage\":{\"@id\":\"https:\/\/cybul.eu\/pl\/sklep\/kierownica-omp-sand\/#primaryimage\"},\"image\":{\"@id\":\"https:\/\/cybul.eu\/pl\/sklep\/kierownica-omp-sand\/#primaryimage\"},\"thumbnailUrl\":\"https:\/\/cybul.eu\/wp-content\/uploads\/2024\/05\/pol_pl_Kierownica-OMP-Sand-1570_1.jpg\",\"datePublished\":\"2024-05-29T23:06:31+00:00\",\"dateModified\":\"2024-05-29T23:06:42+00:00\",\"breadcrumb\":{\"@id\":\"https:\/\/cybul.eu\/pl\/sklep\/kierownica-omp-sand\/#breadcrumb\"},\"inLanguage\":\"pl-PL\",\"potentialAction\":[{\"@type\":\"ReadAction\",\"target\":[\"https:\/\/cybul.eu\/pl\/sklep\/kierownica-omp-sand\/\"]}]},{\"@type\":\"ImageObject\",\"inLanguage\":\"pl-PL\",\"@id\":\"https:\/\/cybul.eu\/pl\/sklep\/kierownica-omp-sand\/#primaryimage\",\"url\":\"https:\/\/cybul.eu\/wp-content\/uploads\/2024\/05\/pol_pl_Kierownica-OMP-Sand-1570_1.jpg\",\"contentUrl\":\"https:\/\/cybul.eu\/wp-content\/uploads\/2024\/05\/pol_pl_Kierownica-OMP-Sand-1570_1.jpg\",\"width\":900,\"height\":900},{\"@type\":\"BreadcrumbList\",\"@id\":\"https:\/\/cybul.eu\/pl\/sklep\/kierownica-omp-sand\/#breadcrumb\",\"itemListElement\":[{\"@type\":\"ListItem\",\"position\":1,\"name\":\"Strona g\u0142\u00f3wna\",\"item\":\"https:\/\/cybul.eu\/pl\/\"},{\"@type\":\"ListItem\",\"position\":2,\"name\":\"Sklep\",\"item\":\"https:\/\/cybul.eu\/pl\/sklep\/\"},{\"@type\":\"ListItem\",\"position\":3,\"name\":\"KIEROWNICA OMP SAND\"}]},{\"@type\":\"WebSite\",\"@id\":\"https:\/\/cybul.eu\/pl\/#website\",\"url\":\"https:\/\/cybul.eu\/pl\/\",\"name\":\"CYBUL\",\"description\":\"\",\"potentialAction\":[{\"@type\":\"SearchAction\",\"target\":{\"@type\":\"EntryPoint\",\"urlTemplate\":\"https:\/\/cybul.eu\/pl\/?s={search_term_string}\"},\"query-input\":{\"@type\":\"PropertyValueSpecification\",\"valueRequired\":true,\"valueName\":\"search_term_string\"}}],\"inLanguage\":\"pl-PL\"}]}<\/script>\n<!-- \/ Yoast SEO plugin. -->","yoast_head_json":{"title":"KIEROWNICA OMP SAND - CYBUL","robots":{"index":"index","follow":"follow","max-snippet":"max-snippet:-1","max-image-preview":"max-image-preview:large","max-video-preview":"max-video-preview:-1"},"canonical":"https:\/\/cybul.eu\/pl\/sklep\/kierownica-omp-sand\/","og_locale":"pl_PL","og_type":"article","og_title":"KIEROWNICA OMP SAND - CYBUL","og_description":"Kierownica OMP SandDedykowana do Off-Road'u.Materia\u0142: poliuretan\u015arednica: 380Ilo\u015b\u0107 ramion: 3Odsadzenie: p\u0142askaUchwyt: okr\u0105g\u0142y 30mmWszystkie kierownice OMP s\u0105 wykonane z najwy\u017cszej jako\u015bci dost\u0119pnych materia\u0142\u00f3w, a ich kontrola jako\u015bci gwarantuje, \u017ce produkty s\u0105 wyko\u0144czone w najwy\u017cszym standardzie.Kierownice OMP s\u0105 u\u017cywane przez wy\u015bcigowych i rajdowych mistrz\u00f3w, w przesz\u0142o\u015bci i obecnie na ca\u0142ym \u015bwiecie.Aluminiowe ramiona kierownicy zapewniaj\u0105 pewno\u015b\u0107 u\u017cytkowania wysoki poziom estetyczny.Klakson OMP w zestawie.Wyprodukowana we W\u0142oszech","og_url":"https:\/\/cybul.eu\/pl\/sklep\/kierownica-omp-sand\/","og_site_name":"CYBUL","article_modified_time":"2024-05-29T23:06:42+00:00","og_image":[{"width":900,"height":900,"url":"https:\/\/cybul.eu\/wp-content\/uploads\/2024\/05\/pol_pl_Kierownica-OMP-Sand-1570_1.jpg","type":"image\/jpeg"}],"twitter_card":"summary_large_image","schema":{"@context":"https:\/\/schema.org","@graph":[{"@type":"WebPage","@id":"https:\/\/cybul.eu\/pl\/sklep\/kierownica-omp-sand\/","url":"https:\/\/cybul.eu\/pl\/sklep\/kierownica-omp-sand\/","name":"KIEROWNICA OMP SAND - CYBUL","isPartOf":{"@id":"https:\/\/cybul.eu\/pl\/#website"},"primaryImageOfPage":{"@id":"https:\/\/cybul.eu\/pl\/sklep\/kierownica-omp-sand\/#primaryimage"},"image":{"@id":"https:\/\/cybul.eu\/pl\/sklep\/kierownica-omp-sand\/#primaryimage"},"thumbnailUrl":"https:\/\/cybul.eu\/wp-content\/uploads\/2024\/05\/pol_pl_Kierownica-OMP-Sand-1570_1.jpg","datePublished":"2024-05-29T23:06:31+00:00","dateModified":"2024-05-29T23:06:42+00:00","breadcrumb":{"@id":"https:\/\/cybul.eu\/pl\/sklep\/kierownica-omp-sand\/#breadcrumb"},"inLanguage":"pl-PL","potentialAction":[{"@type":"ReadAction","target":["https:\/\/cybul.eu\/pl\/sklep\/kierownica-omp-sand\/"]}]},{"@type":"ImageObject","inLanguage":"pl-PL","@id":"https:\/\/cybul.eu\/pl\/sklep\/kierownica-omp-sand\/#primaryimage","url":"https:\/\/cybul.eu\/wp-content\/uploads\/2024\/05\/pol_pl_Kierownica-OMP-Sand-1570_1.jpg","contentUrl":"https:\/\/cybul.eu\/wp-content\/uploads\/2024\/05\/pol_pl_Kierownica-OMP-Sand-1570_1.jpg","width":900,"height":900},{"@type":"BreadcrumbList","@id":"https:\/\/cybul.eu\/pl\/sklep\/kierownica-omp-sand\/#breadcrumb","itemListElement":[{"@type":"ListItem","position":1,"name":"Strona g\u0142\u00f3wna","item":"https:\/\/cybul.eu\/pl\/"},{"@type":"ListItem","position":2,"name":"Sklep","item":"https:\/\/cybul.eu\/pl\/sklep\/"},{"@type":"ListItem","position":3,"name":"KIEROWNICA OMP SAND"}]},{"@type":"WebSite","@id":"https:\/\/cybul.eu\/pl\/#website","url":"https:\/\/cybul.eu\/pl\/","name":"CYBUL","description":"","potentialAction":[{"@type":"SearchAction","target":{"@type":"EntryPoint","urlTemplate":"https:\/\/cybul.eu\/pl\/?s={search_term_string}"},"query-input":{"@type":"PropertyValueSpecification","valueRequired":true,"valueName":"search_term_string"}}],"inLanguage":"pl-PL"}]}},"_links":{"self":[{"href":"https:\/\/cybul.eu\/pl\/wp-json\/wp\/v2\/product\/9715","targetHints":{"allow":["GET"]}}],"collection":[{"href":"https:\/\/cybul.eu\/pl\/wp-json\/wp\/v2\/product"}],"about":[{"href":"https:\/\/cybul.eu\/pl\/wp-json\/wp\/v2\/types\/product"}],"replies":[{"embeddable":true,"href":"https:\/\/cybul.eu\/pl\/wp-json\/wp\/v2\/comments?post=9715"}],"wp:featuredmedia":[{"embeddable":true,"href":"https:\/\/cybul.eu\/pl\/wp-json\/wp\/v2\/media\/9343"}],"wp:attachment":[{"href":"https:\/\/cybul.eu\/pl\/wp-json\/wp\/v2\/media?parent=9715"}],"wp:term":[{"taxonomy":"product_cat","embeddable":true,"href":"https:\/\/cybul.eu\/pl\/wp-json\/wp\/v2\/product_cat?post=9715"},{"taxonomy":"product_tag","embeddable":true,"href":"https:\/\/cybul.eu\/pl\/wp-json\/wp\/v2\/product_tag?post=9715"}],"curies":[{"name":"wp","href":"https:\/\/api.w.org\/{rel}","templated":true}]}}