{"id":9116,"date":"2024-05-30T01:06:02","date_gmt":"2024-05-29T23:06:02","guid":{"rendered":"https:\/\/cybul.eu\/shop\/kierownica-zamszowa-rrs-corsa-niebieska\/"},"modified":"2024-05-30T01:06:05","modified_gmt":"2024-05-29T23:06:05","slug":"kierownica-zamszowa-rrs-corsa-niebieska","status":"publish","type":"product","link":"https:\/\/cybul.eu\/pl\/sklep\/kierownica-zamszowa-rrs-corsa-niebieska\/","title":{"rendered":"KIEROWNICA ZAMSZOWA RRS CORSA &#8211; NIEBIESKA"},"content":{"rendered":"<p><strong>Wysokiej jako\u015bci&nbsp;kierownica zamszowa&nbsp;RRS<\/strong><\/p>\n<p>\u015arednica:&nbsp;<strong>350mm<\/strong><br \/>\nOdsadzenie: <strong>90mm<\/strong><br \/>\nObr\u0119cz:<strong> owal 31 x 37mm<\/strong><br \/>\nIlo\u015b\u0107 ramion: <strong>3<\/strong><br \/>\nWaga: <strong>1kg<\/strong><br \/>\nMateria\u0142:&nbsp;<strong>Zamsz<\/strong><br \/>\nKolor zamszu: <strong>Niebieski<\/strong><br \/>\nObszycie: <strong>niebieska ni\u0107<\/strong><br \/>\nKolor ramion:&nbsp;<strong>Czarny<\/strong><\/p>\n<p><\/p>\n<p><strong>Przycisk klaksonu RRS w zestawie<\/strong><\/p>\n","protected":false},"excerpt":{"rendered":"<p><strong>Wysokiej jako\u015bci&nbsp;kierownica zamszowa&nbsp;RRS<\/strong><\/p>\n<p>\u015arednica:&nbsp;<strong>350mm<\/strong><br \/>\nOdsadzenie: <strong>90mm<\/strong><br \/>\nObr\u0119cz:<strong> owal 31 x 37mm<\/strong><br \/>\nIlo\u015b\u0107 ramion: <strong>3<\/strong><br \/>\nWaga: <strong>1kg<\/strong><br \/>\nMateria\u0142:&nbsp;<strong>Zamsz<\/strong><br \/>\nKolor zamszu: <strong>Niebieski<\/strong><br \/>\nObszycie: <strong>niebieska ni\u0107<\/strong><br \/>\nKolor ramion:&nbsp;<strong>Czarny<\/strong><\/p>\n","protected":false},"featured_media":9839,"comment_status":"closed","ping_status":"open","template":"","meta":[],"product_cat":[540,542],"product_tag":[],"class_list":{"0":"post-9116","1":"product","2":"type-product","3":"status-publish","4":"has-post-thumbnail","6":"product_cat-kierownice-rajdowe","7":"product_cat-wnetrze","9":"first","10":"instock","11":"taxable","12":"shipping-taxable","13":"purchasable","14":"product-type-simple"},"bundled_by":[],"bundle_stock_status":"instock","bundle_stock_quantity":null,"bundle_virtual":false,"bundle_layout":"","bundle_add_to_cart_form_location":"","bundle_editable_in_cart":false,"bundle_sold_individually_context":"","bundle_item_grouping":"","bundle_min_size":"","bundle_max_size":"","bundle_price":[],"bundled_items":[],"bundle_sell_ids":[],"acf":{"zdjecie_bez_watermarka":null,"zdjecie_bez_watermarka_url":"","product_orgin_url":"https:\/\/inter-rally.pl\/product-eng-9832-Kierownica-zamszowa-RRS-CORSA-Niebieska.html"},"yoast_head":"<!-- This site is optimized with the Yoast SEO plugin v23.9 - https:\/\/yoast.com\/wordpress\/plugins\/seo\/ -->\n<title>KIEROWNICA ZAMSZOWA RRS CORSA - NIEBIESKA - CYBUL<\/title>\n<meta name=\"robots\" content=\"index, follow, max-snippet:-1, max-image-preview:large, max-video-preview:-1\" \/>\n<link rel=\"canonical\" href=\"https:\/\/cybul.eu\/pl\/sklep\/kierownica-zamszowa-rrs-corsa-niebieska\/\" \/>\n<meta property=\"og:locale\" content=\"pl_PL\" \/>\n<meta property=\"og:type\" content=\"article\" \/>\n<meta property=\"og:title\" content=\"KIEROWNICA ZAMSZOWA RRS CORSA - NIEBIESKA - CYBUL\" \/>\n<meta property=\"og:description\" content=\"Wysokiej jako\u015bci&nbsp;kierownica zamszowa&nbsp;RRS \u015arednica:&nbsp;350mm Odsadzenie: 90mm Obr\u0119cz: owal 31 x 37mm Ilo\u015b\u0107 ramion: 3 Waga: 1kg Materia\u0142:&nbsp;Zamsz Kolor zamszu: Niebieski Obszycie: niebieska ni\u0107 Kolor ramion:&nbsp;Czarny\" \/>\n<meta property=\"og:url\" content=\"https:\/\/cybul.eu\/pl\/sklep\/kierownica-zamszowa-rrs-corsa-niebieska\/\" \/>\n<meta property=\"og:site_name\" content=\"CYBUL\" \/>\n<meta property=\"article:modified_time\" content=\"2024-05-29T23:06:05+00:00\" \/>\n<meta property=\"og:image\" content=\"https:\/\/cybul.eu\/wp-content\/uploads\/2024\/05\/pol_pl_Kierownica-zamszowa-RRS-CORSA-Niebieska-9832_1.jpg\" \/>\n\t<meta property=\"og:image:width\" content=\"700\" \/>\n\t<meta property=\"og:image:height\" content=\"700\" \/>\n\t<meta property=\"og:image:type\" content=\"image\/jpeg\" \/>\n<meta name=\"twitter:card\" content=\"summary_large_image\" \/>\n<script type=\"application\/ld+json\" class=\"yoast-schema-graph\">{\"@context\":\"https:\/\/schema.org\",\"@graph\":[{\"@type\":\"WebPage\",\"@id\":\"https:\/\/cybul.eu\/pl\/sklep\/kierownica-zamszowa-rrs-corsa-niebieska\/\",\"url\":\"https:\/\/cybul.eu\/pl\/sklep\/kierownica-zamszowa-rrs-corsa-niebieska\/\",\"name\":\"KIEROWNICA ZAMSZOWA RRS CORSA - NIEBIESKA - CYBUL\",\"isPartOf\":{\"@id\":\"https:\/\/cybul.eu\/pl\/#website\"},\"primaryImageOfPage\":{\"@id\":\"https:\/\/cybul.eu\/pl\/sklep\/kierownica-zamszowa-rrs-corsa-niebieska\/#primaryimage\"},\"image\":{\"@id\":\"https:\/\/cybul.eu\/pl\/sklep\/kierownica-zamszowa-rrs-corsa-niebieska\/#primaryimage\"},\"thumbnailUrl\":\"https:\/\/cybul.eu\/wp-content\/uploads\/2024\/05\/pol_pl_Kierownica-zamszowa-RRS-CORSA-Niebieska-9832_1.jpg\",\"datePublished\":\"2024-05-29T23:06:02+00:00\",\"dateModified\":\"2024-05-29T23:06:05+00:00\",\"breadcrumb\":{\"@id\":\"https:\/\/cybul.eu\/pl\/sklep\/kierownica-zamszowa-rrs-corsa-niebieska\/#breadcrumb\"},\"inLanguage\":\"pl-PL\",\"potentialAction\":[{\"@type\":\"ReadAction\",\"target\":[\"https:\/\/cybul.eu\/pl\/sklep\/kierownica-zamszowa-rrs-corsa-niebieska\/\"]}]},{\"@type\":\"ImageObject\",\"inLanguage\":\"pl-PL\",\"@id\":\"https:\/\/cybul.eu\/pl\/sklep\/kierownica-zamszowa-rrs-corsa-niebieska\/#primaryimage\",\"url\":\"https:\/\/cybul.eu\/wp-content\/uploads\/2024\/05\/pol_pl_Kierownica-zamszowa-RRS-CORSA-Niebieska-9832_1.jpg\",\"contentUrl\":\"https:\/\/cybul.eu\/wp-content\/uploads\/2024\/05\/pol_pl_Kierownica-zamszowa-RRS-CORSA-Niebieska-9832_1.jpg\",\"width\":700,\"height\":700},{\"@type\":\"BreadcrumbList\",\"@id\":\"https:\/\/cybul.eu\/pl\/sklep\/kierownica-zamszowa-rrs-corsa-niebieska\/#breadcrumb\",\"itemListElement\":[{\"@type\":\"ListItem\",\"position\":1,\"name\":\"Strona g\u0142\u00f3wna\",\"item\":\"https:\/\/cybul.eu\/pl\/\"},{\"@type\":\"ListItem\",\"position\":2,\"name\":\"Sklep\",\"item\":\"https:\/\/cybul.eu\/pl\/sklep\/\"},{\"@type\":\"ListItem\",\"position\":3,\"name\":\"KIEROWNICA ZAMSZOWA RRS CORSA &#8211; NIEBIESKA\"}]},{\"@type\":\"WebSite\",\"@id\":\"https:\/\/cybul.eu\/pl\/#website\",\"url\":\"https:\/\/cybul.eu\/pl\/\",\"name\":\"CYBUL\",\"description\":\"\",\"potentialAction\":[{\"@type\":\"SearchAction\",\"target\":{\"@type\":\"EntryPoint\",\"urlTemplate\":\"https:\/\/cybul.eu\/pl\/?s={search_term_string}\"},\"query-input\":{\"@type\":\"PropertyValueSpecification\",\"valueRequired\":true,\"valueName\":\"search_term_string\"}}],\"inLanguage\":\"pl-PL\"}]}<\/script>\n<!-- \/ Yoast SEO plugin. -->","yoast_head_json":{"title":"KIEROWNICA ZAMSZOWA RRS CORSA - NIEBIESKA - CYBUL","robots":{"index":"index","follow":"follow","max-snippet":"max-snippet:-1","max-image-preview":"max-image-preview:large","max-video-preview":"max-video-preview:-1"},"canonical":"https:\/\/cybul.eu\/pl\/sklep\/kierownica-zamszowa-rrs-corsa-niebieska\/","og_locale":"pl_PL","og_type":"article","og_title":"KIEROWNICA ZAMSZOWA RRS CORSA - NIEBIESKA - CYBUL","og_description":"Wysokiej jako\u015bci&nbsp;kierownica zamszowa&nbsp;RRS \u015arednica:&nbsp;350mm Odsadzenie: 90mm Obr\u0119cz: owal 31 x 37mm Ilo\u015b\u0107 ramion: 3 Waga: 1kg Materia\u0142:&nbsp;Zamsz Kolor zamszu: Niebieski Obszycie: niebieska ni\u0107 Kolor ramion:&nbsp;Czarny","og_url":"https:\/\/cybul.eu\/pl\/sklep\/kierownica-zamszowa-rrs-corsa-niebieska\/","og_site_name":"CYBUL","article_modified_time":"2024-05-29T23:06:05+00:00","og_image":[{"width":700,"height":700,"url":"https:\/\/cybul.eu\/wp-content\/uploads\/2024\/05\/pol_pl_Kierownica-zamszowa-RRS-CORSA-Niebieska-9832_1.jpg","type":"image\/jpeg"}],"twitter_card":"summary_large_image","schema":{"@context":"https:\/\/schema.org","@graph":[{"@type":"WebPage","@id":"https:\/\/cybul.eu\/pl\/sklep\/kierownica-zamszowa-rrs-corsa-niebieska\/","url":"https:\/\/cybul.eu\/pl\/sklep\/kierownica-zamszowa-rrs-corsa-niebieska\/","name":"KIEROWNICA ZAMSZOWA RRS CORSA - NIEBIESKA - CYBUL","isPartOf":{"@id":"https:\/\/cybul.eu\/pl\/#website"},"primaryImageOfPage":{"@id":"https:\/\/cybul.eu\/pl\/sklep\/kierownica-zamszowa-rrs-corsa-niebieska\/#primaryimage"},"image":{"@id":"https:\/\/cybul.eu\/pl\/sklep\/kierownica-zamszowa-rrs-corsa-niebieska\/#primaryimage"},"thumbnailUrl":"https:\/\/cybul.eu\/wp-content\/uploads\/2024\/05\/pol_pl_Kierownica-zamszowa-RRS-CORSA-Niebieska-9832_1.jpg","datePublished":"2024-05-29T23:06:02+00:00","dateModified":"2024-05-29T23:06:05+00:00","breadcrumb":{"@id":"https:\/\/cybul.eu\/pl\/sklep\/kierownica-zamszowa-rrs-corsa-niebieska\/#breadcrumb"},"inLanguage":"pl-PL","potentialAction":[{"@type":"ReadAction","target":["https:\/\/cybul.eu\/pl\/sklep\/kierownica-zamszowa-rrs-corsa-niebieska\/"]}]},{"@type":"ImageObject","inLanguage":"pl-PL","@id":"https:\/\/cybul.eu\/pl\/sklep\/kierownica-zamszowa-rrs-corsa-niebieska\/#primaryimage","url":"https:\/\/cybul.eu\/wp-content\/uploads\/2024\/05\/pol_pl_Kierownica-zamszowa-RRS-CORSA-Niebieska-9832_1.jpg","contentUrl":"https:\/\/cybul.eu\/wp-content\/uploads\/2024\/05\/pol_pl_Kierownica-zamszowa-RRS-CORSA-Niebieska-9832_1.jpg","width":700,"height":700},{"@type":"BreadcrumbList","@id":"https:\/\/cybul.eu\/pl\/sklep\/kierownica-zamszowa-rrs-corsa-niebieska\/#breadcrumb","itemListElement":[{"@type":"ListItem","position":1,"name":"Strona g\u0142\u00f3wna","item":"https:\/\/cybul.eu\/pl\/"},{"@type":"ListItem","position":2,"name":"Sklep","item":"https:\/\/cybul.eu\/pl\/sklep\/"},{"@type":"ListItem","position":3,"name":"KIEROWNICA ZAMSZOWA RRS CORSA &#8211; NIEBIESKA"}]},{"@type":"WebSite","@id":"https:\/\/cybul.eu\/pl\/#website","url":"https:\/\/cybul.eu\/pl\/","name":"CYBUL","description":"","potentialAction":[{"@type":"SearchAction","target":{"@type":"EntryPoint","urlTemplate":"https:\/\/cybul.eu\/pl\/?s={search_term_string}"},"query-input":{"@type":"PropertyValueSpecification","valueRequired":true,"valueName":"search_term_string"}}],"inLanguage":"pl-PL"}]}},"_links":{"self":[{"href":"https:\/\/cybul.eu\/pl\/wp-json\/wp\/v2\/product\/9116","targetHints":{"allow":["GET"]}}],"collection":[{"href":"https:\/\/cybul.eu\/pl\/wp-json\/wp\/v2\/product"}],"about":[{"href":"https:\/\/cybul.eu\/pl\/wp-json\/wp\/v2\/types\/product"}],"replies":[{"embeddable":true,"href":"https:\/\/cybul.eu\/pl\/wp-json\/wp\/v2\/comments?post=9116"}],"wp:featuredmedia":[{"embeddable":true,"href":"https:\/\/cybul.eu\/pl\/wp-json\/wp\/v2\/media\/9839"}],"wp:attachment":[{"href":"https:\/\/cybul.eu\/pl\/wp-json\/wp\/v2\/media?parent=9116"}],"wp:term":[{"taxonomy":"product_cat","embeddable":true,"href":"https:\/\/cybul.eu\/pl\/wp-json\/wp\/v2\/product_cat?post=9116"},{"taxonomy":"product_tag","embeddable":true,"href":"https:\/\/cybul.eu\/pl\/wp-json\/wp\/v2\/product_tag?post=9116"}],"curies":[{"name":"wp","href":"https:\/\/api.w.org\/{rel}","templated":true}]}}