{"id":8886,"date":"2024-05-14T13:55:01","date_gmt":"2024-05-14T11:55:03","guid":{"rendered":"https:\/\/cybul.eu\/?post_type=product&#038;p=8886"},"modified":"2025-06-05T11:58:28","modified_gmt":"2025-06-05T09:58:28","slug":"mazda-mx-5-na-nb-bagaznik-na-kola","status":"publish","type":"product","link":"https:\/\/cybul.eu\/pl\/sklep\/mazda-mx-5-na-nb-bagaznik-na-kola\/","title":{"rendered":"Mazda MX-5 NA\/NB &#8211; Baga\u017cnik na ko\u0142a"},"content":{"rendered":"<p>Przedstawiamy nasz innowacyjny Baga\u017cnik na Ko\u0142a Zapasowe zaprojektowany specjalnie dla Mazdy MX-5. To najwy\u017cszej klasy rozwi\u0105zanie zapewnia \u0142atwy spos\u00f3b przewo\u017cenia dodatkowych k\u00f3\u0142.<\/p>\n<h4>G\u0142\u00f3wne Korzy\u015bci:<\/h4>\n<ul>\n<li>\u0141atwy Monta\u017c: Baga\u017cnik na ko\u0142o zapasowe montuje si\u0119 bezpo\u015brednio w fabryczne punkty mocowania hardtopu, co sprawia, \u017ce instalacja jest prosta i bezproblemowa.<\/li>\n<li>Wszechstronno\u015b\u0107: Kompatybilny z mi\u0119kkim dachem, pozwala na jego otwieranie oraz lekkie uchylanie klapy baga\u017cnika, zapewniaj\u0105c dost\u0119p wystarczaj\u0105cy do baga\u017cnika.<\/li>\n<li>Trwa\u0142o\u015b\u0107: Wykonany z wysokiej jako\u015bci stali konstrukcyjnej i wyko\u0144czony pow\u0142ok\u0105 proszkow\u0105, baga\u017cnik jest odporny na trudne warunki i zachowuje sw\u00f3j wygl\u0105d przez d\u0142ugi czas.<\/li>\n<\/ul>\n<h4>Kluczowe Cechy:<\/h4>\n<ul>\n<li>Konstrukcja ze Stali Konstrukcyjnej: Wykonany z wytrzyma\u0142ej stali konstrukcyjnej, co zapewnia d\u0142ugotrwa\u0142\u0105 trwa\u0142o\u015b\u0107 i wytrzyma\u0142o\u015b\u0107.<\/li>\n<li>Lakierowany proszkowo: Zapewnia dodatkow\u0105 warstw\u0119 ochrony przed korozj\u0105 i zu\u017cyciem, dzi\u0119ki czemu baga\u017cnik wygl\u0105da \u015bwietnie i dzia\u0142a niezawodnie przez d\u0142ugi czas.<\/li>\n<li>Bezproblemowa Integracja: Zaprojektowany tak, aby idealnie wsp\u00f3\u0142pracowa\u0142 z mi\u0119kkim dachem i klap\u0105 baga\u017cnika Mazdy MX-5, zapewniaj\u0105c pe\u0142ne wykorzystanie oryginalnych funkcji pojazdu bez kompromis\u00f3w.<\/li>\n<li>Miejsce na 4 ko\u0142a: Oferuje wystarczaj\u0105c\u0105 przestrze\u0144 do bezpiecznego przewiezienia kompletu k\u00f3\u0142.<\/li>\n<\/ul>\n<h4>W Zestawie Otrzymujesz:<\/h4>\n<ul>\n<li>Baga\u017cnik na Ko\u0142o Zapasowe: Wysokowytrzyma\u0142y baga\u017cnik ze stali polakierowanej proszkowo, zaprojektowany dla Mazdy MX-5.<\/li>\n<li>Zestaw \u015arub i Nakr\u0119tek: Wszystkie niezb\u0119dne elementy monta\u017cowe do bezpiecznej i prostej instalacji.<\/li>\n<\/ul>\n","protected":false},"excerpt":{"rendered":"<p>Przedstawiamy nasz innowacyjny Baga\u017cnik na Ko\u0142a Zapasowe zaprojektowany specjalnie dla Mazdy MX-5. To najwy\u017cszej klasy rozwi\u0105zanie zapewnia \u0142atwy spos\u00f3b przewo\u017cenia dodatkowych k\u00f3\u0142. G\u0142\u00f3wne Korzy\u015bci: \u0141atwy Monta\u017c: Baga\u017cnik na ko\u0142o zapasowe montuje si\u0119 bezpo\u015brednio w fabryczne punkty mocowania hardtopu, co sprawia, \u017ce instalacja jest prosta i bezproblemowa. Wszechstronno\u015b\u0107: Kompatybilny z mi\u0119kkim dachem, pozwala na jego otwieranie [&#8230;]\n","protected":false},"featured_media":8892,"comment_status":"open","ping_status":"closed","template":"","meta":[],"product_cat":[620,387,388],"product_tag":[346,347],"class_list":{"0":"post-8886","1":"product","2":"type-product","3":"status-publish","4":"has-post-thumbnail","6":"product_cat-podwozie","7":"product_cat-mx5-na-pl","8":"product_cat-mx5-nb-pl","9":"product_tag-mx5-pl","10":"product_tag-mx5-podwozie-i-nadwozie","12":"first","13":"instock","14":"taxable","15":"shipping-taxable","16":"purchasable","17":"product-type-simple"},"bundled_by":[],"bundle_stock_status":"instock","bundle_stock_quantity":null,"bundle_virtual":false,"bundle_layout":"","bundle_add_to_cart_form_location":"","bundle_editable_in_cart":false,"bundle_sold_individually_context":"","bundle_item_grouping":"","bundle_min_size":"","bundle_max_size":"","bundle_price":[],"bundled_items":[],"bundle_sell_ids":[],"acf":{"zdjecie_bez_watermarka":null,"zdjecie_bez_watermarka_url":"","product_orgin_url":""},"yoast_head":"<!-- This site is optimized with the Yoast SEO plugin v23.9 - https:\/\/yoast.com\/wordpress\/plugins\/seo\/ -->\n<title>Mazda MX-5 NA\/NB - Baga\u017cnik na ko\u0142a - CYBUL<\/title>\n<meta name=\"description\" content=\"Wykonany ze stali konstrukcyjnej, z umo\u017cliwia przew\u00f3z kompletu k\u00f3\u0142. Monta\u017c w 100% bolt-on - jedyne takie rozwi\u0105zanie na rynku!\" \/>\n<meta name=\"robots\" content=\"index, follow, max-snippet:-1, max-image-preview:large, max-video-preview:-1\" \/>\n<link rel=\"canonical\" href=\"https:\/\/cybul.eu\/pl\/sklep\/mazda-mx-5-na-nb-bagaznik-na-kola\/\" \/>\n<meta property=\"og:locale\" content=\"pl_PL\" \/>\n<meta property=\"og:type\" content=\"article\" \/>\n<meta property=\"og:title\" content=\"Mazda MX-5 NA\/NB - Baga\u017cnik na ko\u0142a - CYBUL\" \/>\n<meta property=\"og:description\" content=\"Wykonany ze stali konstrukcyjnej, z umo\u017cliwia przew\u00f3z kompletu k\u00f3\u0142. Monta\u017c w 100% bolt-on - jedyne takie rozwi\u0105zanie na rynku!\" \/>\n<meta property=\"og:url\" content=\"https:\/\/cybul.eu\/pl\/sklep\/mazda-mx-5-na-nb-bagaznik-na-kola\/\" \/>\n<meta property=\"og:site_name\" content=\"CYBUL\" \/>\n<meta property=\"article:modified_time\" content=\"2025-06-05T09:58:28+00:00\" \/>\n<meta property=\"og:image\" content=\"https:\/\/cybul.eu\/wp-content\/uploads\/2024\/05\/Mx5_NA_Bag_na_kola_001-scaled.jpg\" \/>\n\t<meta property=\"og:image:width\" content=\"2560\" \/>\n\t<meta property=\"og:image:height\" content=\"2560\" \/>\n\t<meta property=\"og:image:type\" content=\"image\/jpeg\" \/>\n<meta name=\"twitter:card\" content=\"summary_large_image\" \/>\n<meta name=\"twitter:label1\" content=\"Szacowany czas czytania\" \/>\n\t<meta name=\"twitter:data1\" content=\"1 minuta\" \/>\n<script type=\"application\/ld+json\" class=\"yoast-schema-graph\">{\"@context\":\"https:\/\/schema.org\",\"@graph\":[{\"@type\":\"WebPage\",\"@id\":\"https:\/\/cybul.eu\/pl\/sklep\/mazda-mx-5-na-nb-bagaznik-na-kola\/\",\"url\":\"https:\/\/cybul.eu\/pl\/sklep\/mazda-mx-5-na-nb-bagaznik-na-kola\/\",\"name\":\"Mazda MX-5 NA\/NB - Baga\u017cnik na ko\u0142a - CYBUL\",\"isPartOf\":{\"@id\":\"https:\/\/cybul.eu\/pl\/#website\"},\"primaryImageOfPage\":{\"@id\":\"https:\/\/cybul.eu\/pl\/sklep\/mazda-mx-5-na-nb-bagaznik-na-kola\/#primaryimage\"},\"image\":{\"@id\":\"https:\/\/cybul.eu\/pl\/sklep\/mazda-mx-5-na-nb-bagaznik-na-kola\/#primaryimage\"},\"thumbnailUrl\":\"https:\/\/cybul.eu\/wp-content\/uploads\/2024\/05\/Mx5_NA_Bag_na_kola_001-scaled.jpg\",\"datePublished\":\"2024-05-14T11:55:03+00:00\",\"dateModified\":\"2025-06-05T09:58:28+00:00\",\"description\":\"Wykonany ze stali konstrukcyjnej, z umo\u017cliwia przew\u00f3z kompletu k\u00f3\u0142. Monta\u017c w 100% bolt-on - jedyne takie rozwi\u0105zanie na rynku!\",\"breadcrumb\":{\"@id\":\"https:\/\/cybul.eu\/pl\/sklep\/mazda-mx-5-na-nb-bagaznik-na-kola\/#breadcrumb\"},\"inLanguage\":\"pl-PL\",\"potentialAction\":[{\"@type\":\"ReadAction\",\"target\":[\"https:\/\/cybul.eu\/pl\/sklep\/mazda-mx-5-na-nb-bagaznik-na-kola\/\"]}]},{\"@type\":\"ImageObject\",\"inLanguage\":\"pl-PL\",\"@id\":\"https:\/\/cybul.eu\/pl\/sklep\/mazda-mx-5-na-nb-bagaznik-na-kola\/#primaryimage\",\"url\":\"https:\/\/cybul.eu\/wp-content\/uploads\/2024\/05\/Mx5_NA_Bag_na_kola_001-scaled.jpg\",\"contentUrl\":\"https:\/\/cybul.eu\/wp-content\/uploads\/2024\/05\/Mx5_NA_Bag_na_kola_001-scaled.jpg\",\"width\":2560,\"height\":2560,\"caption\":\"Mazda MX-5 NA and NB spare wheel rack by Cybul Radical Solutions\"},{\"@type\":\"BreadcrumbList\",\"@id\":\"https:\/\/cybul.eu\/pl\/sklep\/mazda-mx-5-na-nb-bagaznik-na-kola\/#breadcrumb\",\"itemListElement\":[{\"@type\":\"ListItem\",\"position\":1,\"name\":\"Strona g\u0142\u00f3wna\",\"item\":\"https:\/\/cybul.eu\/pl\/\"},{\"@type\":\"ListItem\",\"position\":2,\"name\":\"Sklep\",\"item\":\"https:\/\/cybul.eu\/pl\/sklep\/\"},{\"@type\":\"ListItem\",\"position\":3,\"name\":\"Mazda MX-5 NA\/NB &#8211; Baga\u017cnik na ko\u0142a\"}]},{\"@type\":\"WebSite\",\"@id\":\"https:\/\/cybul.eu\/pl\/#website\",\"url\":\"https:\/\/cybul.eu\/pl\/\",\"name\":\"CYBUL\",\"description\":\"\",\"potentialAction\":[{\"@type\":\"SearchAction\",\"target\":{\"@type\":\"EntryPoint\",\"urlTemplate\":\"https:\/\/cybul.eu\/pl\/?s={search_term_string}\"},\"query-input\":{\"@type\":\"PropertyValueSpecification\",\"valueRequired\":true,\"valueName\":\"search_term_string\"}}],\"inLanguage\":\"pl-PL\"}]}<\/script>\n<!-- \/ Yoast SEO plugin. -->","yoast_head_json":{"title":"Mazda MX-5 NA\/NB - Baga\u017cnik na ko\u0142a - CYBUL","description":"Wykonany ze stali konstrukcyjnej, z umo\u017cliwia przew\u00f3z kompletu k\u00f3\u0142. Monta\u017c w 100% bolt-on - jedyne takie rozwi\u0105zanie na rynku!","robots":{"index":"index","follow":"follow","max-snippet":"max-snippet:-1","max-image-preview":"max-image-preview:large","max-video-preview":"max-video-preview:-1"},"canonical":"https:\/\/cybul.eu\/pl\/sklep\/mazda-mx-5-na-nb-bagaznik-na-kola\/","og_locale":"pl_PL","og_type":"article","og_title":"Mazda MX-5 NA\/NB - Baga\u017cnik na ko\u0142a - CYBUL","og_description":"Wykonany ze stali konstrukcyjnej, z umo\u017cliwia przew\u00f3z kompletu k\u00f3\u0142. Monta\u017c w 100% bolt-on - jedyne takie rozwi\u0105zanie na rynku!","og_url":"https:\/\/cybul.eu\/pl\/sklep\/mazda-mx-5-na-nb-bagaznik-na-kola\/","og_site_name":"CYBUL","article_modified_time":"2025-06-05T09:58:28+00:00","og_image":[{"width":2560,"height":2560,"url":"https:\/\/cybul.eu\/wp-content\/uploads\/2024\/05\/Mx5_NA_Bag_na_kola_001-scaled.jpg","type":"image\/jpeg"}],"twitter_card":"summary_large_image","twitter_misc":{"Szacowany czas czytania":"1 minuta"},"schema":{"@context":"https:\/\/schema.org","@graph":[{"@type":"WebPage","@id":"https:\/\/cybul.eu\/pl\/sklep\/mazda-mx-5-na-nb-bagaznik-na-kola\/","url":"https:\/\/cybul.eu\/pl\/sklep\/mazda-mx-5-na-nb-bagaznik-na-kola\/","name":"Mazda MX-5 NA\/NB - Baga\u017cnik na ko\u0142a - CYBUL","isPartOf":{"@id":"https:\/\/cybul.eu\/pl\/#website"},"primaryImageOfPage":{"@id":"https:\/\/cybul.eu\/pl\/sklep\/mazda-mx-5-na-nb-bagaznik-na-kola\/#primaryimage"},"image":{"@id":"https:\/\/cybul.eu\/pl\/sklep\/mazda-mx-5-na-nb-bagaznik-na-kola\/#primaryimage"},"thumbnailUrl":"https:\/\/cybul.eu\/wp-content\/uploads\/2024\/05\/Mx5_NA_Bag_na_kola_001-scaled.jpg","datePublished":"2024-05-14T11:55:03+00:00","dateModified":"2025-06-05T09:58:28+00:00","description":"Wykonany ze stali konstrukcyjnej, z umo\u017cliwia przew\u00f3z kompletu k\u00f3\u0142. Monta\u017c w 100% bolt-on - jedyne takie rozwi\u0105zanie na rynku!","breadcrumb":{"@id":"https:\/\/cybul.eu\/pl\/sklep\/mazda-mx-5-na-nb-bagaznik-na-kola\/#breadcrumb"},"inLanguage":"pl-PL","potentialAction":[{"@type":"ReadAction","target":["https:\/\/cybul.eu\/pl\/sklep\/mazda-mx-5-na-nb-bagaznik-na-kola\/"]}]},{"@type":"ImageObject","inLanguage":"pl-PL","@id":"https:\/\/cybul.eu\/pl\/sklep\/mazda-mx-5-na-nb-bagaznik-na-kola\/#primaryimage","url":"https:\/\/cybul.eu\/wp-content\/uploads\/2024\/05\/Mx5_NA_Bag_na_kola_001-scaled.jpg","contentUrl":"https:\/\/cybul.eu\/wp-content\/uploads\/2024\/05\/Mx5_NA_Bag_na_kola_001-scaled.jpg","width":2560,"height":2560,"caption":"Mazda MX-5 NA and NB spare wheel rack by Cybul Radical Solutions"},{"@type":"BreadcrumbList","@id":"https:\/\/cybul.eu\/pl\/sklep\/mazda-mx-5-na-nb-bagaznik-na-kola\/#breadcrumb","itemListElement":[{"@type":"ListItem","position":1,"name":"Strona g\u0142\u00f3wna","item":"https:\/\/cybul.eu\/pl\/"},{"@type":"ListItem","position":2,"name":"Sklep","item":"https:\/\/cybul.eu\/pl\/sklep\/"},{"@type":"ListItem","position":3,"name":"Mazda MX-5 NA\/NB &#8211; Baga\u017cnik na ko\u0142a"}]},{"@type":"WebSite","@id":"https:\/\/cybul.eu\/pl\/#website","url":"https:\/\/cybul.eu\/pl\/","name":"CYBUL","description":"","potentialAction":[{"@type":"SearchAction","target":{"@type":"EntryPoint","urlTemplate":"https:\/\/cybul.eu\/pl\/?s={search_term_string}"},"query-input":{"@type":"PropertyValueSpecification","valueRequired":true,"valueName":"search_term_string"}}],"inLanguage":"pl-PL"}]}},"_links":{"self":[{"href":"https:\/\/cybul.eu\/pl\/wp-json\/wp\/v2\/product\/8886","targetHints":{"allow":["GET"]}}],"collection":[{"href":"https:\/\/cybul.eu\/pl\/wp-json\/wp\/v2\/product"}],"about":[{"href":"https:\/\/cybul.eu\/pl\/wp-json\/wp\/v2\/types\/product"}],"replies":[{"embeddable":true,"href":"https:\/\/cybul.eu\/pl\/wp-json\/wp\/v2\/comments?post=8886"}],"wp:featuredmedia":[{"embeddable":true,"href":"https:\/\/cybul.eu\/pl\/wp-json\/wp\/v2\/media\/8892"}],"wp:attachment":[{"href":"https:\/\/cybul.eu\/pl\/wp-json\/wp\/v2\/media?parent=8886"}],"wp:term":[{"taxonomy":"product_cat","embeddable":true,"href":"https:\/\/cybul.eu\/pl\/wp-json\/wp\/v2\/product_cat?post=8886"},{"taxonomy":"product_tag","embeddable":true,"href":"https:\/\/cybul.eu\/pl\/wp-json\/wp\/v2\/product_tag?post=8886"}],"curies":[{"name":"wp","href":"https:\/\/api.w.org\/{rel}","templated":true}]}}