{"id":8774,"date":"2024-04-27T20:40:35","date_gmt":"2024-04-27T18:40:35","guid":{"rendered":"https:\/\/cybul.eu\/shop\/przewody-hamulcowe-hel-mazda-mx-5-nd\/"},"modified":"2024-04-27T20:40:35","modified_gmt":"2024-04-27T18:40:35","slug":"przewody-hamulcowe-hel-mazda-mx-5-nd","status":"publish","type":"product","link":"https:\/\/cybul.eu\/pl\/sklep\/przewody-hamulcowe-hel-mazda-mx-5-nd\/","title":{"rendered":"PRZEWODY HAMULCOWE HEL MAZDA MX-5 ND"},"content":{"rendered":"<p><b>Marka:\u00a0<\/b>Mazda<\/p>\n<p><b>Model:\u00a0<\/b>MX-5 ND<\/p>\n<p><b>Lata produkcji:\u00a0<\/b>2016-<\/p>\n<p><b>Ilo\u015b\u0107 przewod\u00f3w w zestawie:\u00a0<\/b>4<\/p>\n<p><b>Numer katalogowy:\u00a0<\/b>MAZ-4-119<\/p>\n<p><b>Uwagi:\u00a0<\/b>Wszystkie warianty<\/p>\n<p><strong>Zdj\u0119cia produkt\u00f3w s\u0105 pogl\u0105dowe i nie odzwierciedlaj\u0105 ich rzeczywistego wygl\u0105du.<\/strong><\/p>\n<p>&nbsp;<\/p>\n<p>&nbsp;<\/p>\n<p><strong>Ka\u017cdy zestaw posiada:<\/strong><\/p>\n<p><strong>\u00a0<\/strong><\/p>\n<ul>\n<li>Przew\u00f3d teflonowy w stalowym oplocie<\/li>\n<li>Nierdzewne ko\u0144c\u00f3wki<\/li>\n<li>Nierdzewne \u015bruby (w zale\u017cno\u015bci od modelu)<\/li>\n<li>Podk\u0142adki miedziane<\/li>\n<li>Instrukcj\u0119<\/li>\n<li>Do\u017cywotni\u0105 gwarancj\u0119<\/li>\n<\/ul>\n<p><strong>Przewody HEL Performance wyst\u0119puj\u0105 w 12 r\u00f3\u017cnych kolorach:<br \/>\n<img loading=\"lazy\" decoding=\"async\" src=\"https:\/\/inter-rally.pl\/data\/include\/cms\/Hel\/helo2.jpg\" width=\"600\" height=\"388\" border=\"0\" \/><br \/>\n<\/strong><\/p>\n<p>&nbsp;<\/p>\n<table border=\"0\" width=\"726\">\n<caption><strong>SPECYFIKACJA TECHNICZNA:<\/p>\n<p><\/strong><\/caption>\n<tbody>\n<tr>\n<td><strong>Rdze\u0144 przewodu:<\/strong><\/td>\n<td>PTFE<\/td>\n<\/tr>\n<tr>\n<td><strong>Poszycie zewn\u0119trzne przewodu:<\/strong><\/td>\n<td>Stal nierdzewna 303\/304 i os\u0142ona z tworzywa wtopiona w oplot<\/td>\n<\/tr>\n<tr>\n<td><strong>Materia\u0142 ko\u0144c\u00f3wek:<\/strong><\/td>\n<td>Stal nierdzewna 303\/304<\/td>\n<\/tr>\n<tr>\n<td><strong>Temperatura robocza:<\/strong><\/td>\n<td>od -70\u00b0C do 260\u00b0C<\/td>\n<\/tr>\n<tr>\n<td><strong>\u015arednica wewn\u0119trzna:<\/strong><\/td>\n<td>3,5 mm<\/td>\n<\/tr>\n<tr>\n<td><strong>\u015arednica zewn\u0119trzna:<\/strong><\/td>\n<td>7,5 mm<\/td>\n<\/tr>\n<tr>\n<td><strong>Maksymalne ci\u015bnienie robocze:<\/strong><\/td>\n<td>290 Bar (4206 PSI)<\/td>\n<\/tr>\n<tr>\n<td><strong>Ci\u015bnienie rozrywaj\u0105ce:<\/strong><\/td>\n<td>870 Bar (12618 PSI<\/td>\n<\/tr>\n<tr>\n<td><strong>Minimalny promie\u0144 gi\u0119cia:<\/strong><\/td>\n<td>38 mm<\/td>\n<\/tr>\n<\/tbody>\n<\/table>\n","protected":false},"excerpt":{"rendered":"<p><strong>Ka\u017cdy zestaw posiada:<\/strong><\/p>\n<ul>\n<li>Przew\u00f3d teflonowy w stalowym oplocie<\/li>\n<li>Nierdzewne ko\u0144c\u00f3wki<\/li>\n<li>Nierdzewne \u015bruby (w zale\u017cno\u015bci od modelu)<\/li>\n<li>Podk\u0142adki miedziane<\/li>\n<li>Instrukcj\u0119<\/li>\n<li>Do\u017cywotni\u0105 gwarancj\u0119<\/li>\n<\/ul>\n","protected":false},"featured_media":8757,"comment_status":"open","ping_status":"closed","template":"","meta":[],"product_cat":[534,476],"product_tag":[],"class_list":{"0":"post-8774","1":"product","2":"type-product","3":"status-publish","4":"has-post-thumbnail","6":"product_cat-mx5-nd-uklad-hamulcowy-pl","7":"product_cat-mx-5-nd-pl","9":"first","10":"instock","11":"taxable","12":"shipping-taxable","13":"purchasable","14":"product-type-simple"},"bundled_by":[],"bundle_stock_status":"instock","bundle_stock_quantity":null,"bundle_virtual":false,"bundle_layout":"","bundle_add_to_cart_form_location":"","bundle_editable_in_cart":false,"bundle_sold_individually_context":"","bundle_item_grouping":"","bundle_min_size":"","bundle_max_size":"","bundle_price":[],"bundled_items":[],"bundle_sell_ids":[],"acf":{"zdjecie_bez_watermarka":null,"zdjecie_bez_watermarka_url":"","product_orgin_url":"https:\/\/inter-rally.pl\/product-eng-82155-Brake-pipes-HEL-Mazda-MX-5-ND.html"},"yoast_head":"<!-- This site is optimized with the Yoast SEO plugin v23.9 - https:\/\/yoast.com\/wordpress\/plugins\/seo\/ -->\n<title>PRZEWODY HAMULCOWE HEL MAZDA MX-5 ND - CYBUL<\/title>\n<meta name=\"robots\" content=\"index, follow, max-snippet:-1, max-image-preview:large, max-video-preview:-1\" \/>\n<link rel=\"canonical\" href=\"https:\/\/cybul.eu\/pl\/sklep\/przewody-hamulcowe-hel-mazda-mx-5-nd\/\" \/>\n<meta property=\"og:locale\" content=\"pl_PL\" \/>\n<meta property=\"og:type\" content=\"article\" \/>\n<meta property=\"og:title\" content=\"PRZEWODY HAMULCOWE HEL MAZDA MX-5 ND - CYBUL\" \/>\n<meta property=\"og:description\" content=\"Ka\u017cdy zestaw posiada:   Przew\u00f3d teflonowy w stalowym oplocie  Nierdzewne ko\u0144c\u00f3wki  Nierdzewne \u015bruby (w zale\u017cno\u015bci od modelu)  Podk\u0142adki miedziane  Instrukcj\u0119  Do\u017cywotni\u0105 gwarancj\u0119\" \/>\n<meta property=\"og:url\" content=\"https:\/\/cybul.eu\/pl\/sklep\/przewody-hamulcowe-hel-mazda-mx-5-nd\/\" \/>\n<meta property=\"og:site_name\" content=\"CYBUL\" \/>\n<meta property=\"og:image\" content=\"https:\/\/cybul.eu\/wp-content\/uploads\/2024\/04\/eng_pl_Brake-pipes-HEL-Mazda-MX-5-ND-82155_1.jpg\" \/>\n\t<meta property=\"og:image:width\" content=\"900\" \/>\n\t<meta property=\"og:image:height\" content=\"900\" \/>\n\t<meta property=\"og:image:type\" content=\"image\/jpeg\" \/>\n<meta name=\"twitter:card\" content=\"summary_large_image\" \/>\n<meta name=\"twitter:label1\" content=\"Szacowany czas czytania\" \/>\n\t<meta name=\"twitter:data1\" content=\"1 minuta\" \/>\n<script type=\"application\/ld+json\" class=\"yoast-schema-graph\">{\"@context\":\"https:\/\/schema.org\",\"@graph\":[{\"@type\":\"WebPage\",\"@id\":\"https:\/\/cybul.eu\/pl\/sklep\/przewody-hamulcowe-hel-mazda-mx-5-nd\/\",\"url\":\"https:\/\/cybul.eu\/pl\/sklep\/przewody-hamulcowe-hel-mazda-mx-5-nd\/\",\"name\":\"PRZEWODY HAMULCOWE HEL MAZDA MX-5 ND - CYBUL\",\"isPartOf\":{\"@id\":\"https:\/\/cybul.eu\/pl\/#website\"},\"primaryImageOfPage\":{\"@id\":\"https:\/\/cybul.eu\/pl\/sklep\/przewody-hamulcowe-hel-mazda-mx-5-nd\/#primaryimage\"},\"image\":{\"@id\":\"https:\/\/cybul.eu\/pl\/sklep\/przewody-hamulcowe-hel-mazda-mx-5-nd\/#primaryimage\"},\"thumbnailUrl\":\"https:\/\/cybul.eu\/wp-content\/uploads\/2024\/04\/eng_pl_Brake-pipes-HEL-Mazda-MX-5-ND-82155_1.jpg\",\"datePublished\":\"2024-04-27T18:40:35+00:00\",\"dateModified\":\"2024-04-27T18:40:35+00:00\",\"breadcrumb\":{\"@id\":\"https:\/\/cybul.eu\/pl\/sklep\/przewody-hamulcowe-hel-mazda-mx-5-nd\/#breadcrumb\"},\"inLanguage\":\"pl-PL\",\"potentialAction\":[{\"@type\":\"ReadAction\",\"target\":[\"https:\/\/cybul.eu\/pl\/sklep\/przewody-hamulcowe-hel-mazda-mx-5-nd\/\"]}]},{\"@type\":\"ImageObject\",\"inLanguage\":\"pl-PL\",\"@id\":\"https:\/\/cybul.eu\/pl\/sklep\/przewody-hamulcowe-hel-mazda-mx-5-nd\/#primaryimage\",\"url\":\"https:\/\/cybul.eu\/wp-content\/uploads\/2024\/04\/eng_pl_Brake-pipes-HEL-Mazda-MX-5-ND-82155_1.jpg\",\"contentUrl\":\"https:\/\/cybul.eu\/wp-content\/uploads\/2024\/04\/eng_pl_Brake-pipes-HEL-Mazda-MX-5-ND-82155_1.jpg\",\"width\":900,\"height\":900},{\"@type\":\"BreadcrumbList\",\"@id\":\"https:\/\/cybul.eu\/pl\/sklep\/przewody-hamulcowe-hel-mazda-mx-5-nd\/#breadcrumb\",\"itemListElement\":[{\"@type\":\"ListItem\",\"position\":1,\"name\":\"Strona g\u0142\u00f3wna\",\"item\":\"https:\/\/cybul.eu\/pl\/\"},{\"@type\":\"ListItem\",\"position\":2,\"name\":\"Sklep\",\"item\":\"https:\/\/cybul.eu\/pl\/sklep\/\"},{\"@type\":\"ListItem\",\"position\":3,\"name\":\"PRZEWODY HAMULCOWE HEL MAZDA MX-5 ND\"}]},{\"@type\":\"WebSite\",\"@id\":\"https:\/\/cybul.eu\/pl\/#website\",\"url\":\"https:\/\/cybul.eu\/pl\/\",\"name\":\"CYBUL\",\"description\":\"\",\"potentialAction\":[{\"@type\":\"SearchAction\",\"target\":{\"@type\":\"EntryPoint\",\"urlTemplate\":\"https:\/\/cybul.eu\/pl\/?s={search_term_string}\"},\"query-input\":{\"@type\":\"PropertyValueSpecification\",\"valueRequired\":true,\"valueName\":\"search_term_string\"}}],\"inLanguage\":\"pl-PL\"}]}<\/script>\n<!-- \/ Yoast SEO plugin. -->","yoast_head_json":{"title":"PRZEWODY HAMULCOWE HEL MAZDA MX-5 ND - CYBUL","robots":{"index":"index","follow":"follow","max-snippet":"max-snippet:-1","max-image-preview":"max-image-preview:large","max-video-preview":"max-video-preview:-1"},"canonical":"https:\/\/cybul.eu\/pl\/sklep\/przewody-hamulcowe-hel-mazda-mx-5-nd\/","og_locale":"pl_PL","og_type":"article","og_title":"PRZEWODY HAMULCOWE HEL MAZDA MX-5 ND - CYBUL","og_description":"Ka\u017cdy zestaw posiada:   Przew\u00f3d teflonowy w stalowym oplocie  Nierdzewne ko\u0144c\u00f3wki  Nierdzewne \u015bruby (w zale\u017cno\u015bci od modelu)  Podk\u0142adki miedziane  Instrukcj\u0119  Do\u017cywotni\u0105 gwarancj\u0119","og_url":"https:\/\/cybul.eu\/pl\/sklep\/przewody-hamulcowe-hel-mazda-mx-5-nd\/","og_site_name":"CYBUL","og_image":[{"width":900,"height":900,"url":"https:\/\/cybul.eu\/wp-content\/uploads\/2024\/04\/eng_pl_Brake-pipes-HEL-Mazda-MX-5-ND-82155_1.jpg","type":"image\/jpeg"}],"twitter_card":"summary_large_image","twitter_misc":{"Szacowany czas czytania":"1 minuta"},"schema":{"@context":"https:\/\/schema.org","@graph":[{"@type":"WebPage","@id":"https:\/\/cybul.eu\/pl\/sklep\/przewody-hamulcowe-hel-mazda-mx-5-nd\/","url":"https:\/\/cybul.eu\/pl\/sklep\/przewody-hamulcowe-hel-mazda-mx-5-nd\/","name":"PRZEWODY HAMULCOWE HEL MAZDA MX-5 ND - CYBUL","isPartOf":{"@id":"https:\/\/cybul.eu\/pl\/#website"},"primaryImageOfPage":{"@id":"https:\/\/cybul.eu\/pl\/sklep\/przewody-hamulcowe-hel-mazda-mx-5-nd\/#primaryimage"},"image":{"@id":"https:\/\/cybul.eu\/pl\/sklep\/przewody-hamulcowe-hel-mazda-mx-5-nd\/#primaryimage"},"thumbnailUrl":"https:\/\/cybul.eu\/wp-content\/uploads\/2024\/04\/eng_pl_Brake-pipes-HEL-Mazda-MX-5-ND-82155_1.jpg","datePublished":"2024-04-27T18:40:35+00:00","dateModified":"2024-04-27T18:40:35+00:00","breadcrumb":{"@id":"https:\/\/cybul.eu\/pl\/sklep\/przewody-hamulcowe-hel-mazda-mx-5-nd\/#breadcrumb"},"inLanguage":"pl-PL","potentialAction":[{"@type":"ReadAction","target":["https:\/\/cybul.eu\/pl\/sklep\/przewody-hamulcowe-hel-mazda-mx-5-nd\/"]}]},{"@type":"ImageObject","inLanguage":"pl-PL","@id":"https:\/\/cybul.eu\/pl\/sklep\/przewody-hamulcowe-hel-mazda-mx-5-nd\/#primaryimage","url":"https:\/\/cybul.eu\/wp-content\/uploads\/2024\/04\/eng_pl_Brake-pipes-HEL-Mazda-MX-5-ND-82155_1.jpg","contentUrl":"https:\/\/cybul.eu\/wp-content\/uploads\/2024\/04\/eng_pl_Brake-pipes-HEL-Mazda-MX-5-ND-82155_1.jpg","width":900,"height":900},{"@type":"BreadcrumbList","@id":"https:\/\/cybul.eu\/pl\/sklep\/przewody-hamulcowe-hel-mazda-mx-5-nd\/#breadcrumb","itemListElement":[{"@type":"ListItem","position":1,"name":"Strona g\u0142\u00f3wna","item":"https:\/\/cybul.eu\/pl\/"},{"@type":"ListItem","position":2,"name":"Sklep","item":"https:\/\/cybul.eu\/pl\/sklep\/"},{"@type":"ListItem","position":3,"name":"PRZEWODY HAMULCOWE HEL MAZDA MX-5 ND"}]},{"@type":"WebSite","@id":"https:\/\/cybul.eu\/pl\/#website","url":"https:\/\/cybul.eu\/pl\/","name":"CYBUL","description":"","potentialAction":[{"@type":"SearchAction","target":{"@type":"EntryPoint","urlTemplate":"https:\/\/cybul.eu\/pl\/?s={search_term_string}"},"query-input":{"@type":"PropertyValueSpecification","valueRequired":true,"valueName":"search_term_string"}}],"inLanguage":"pl-PL"}]}},"_links":{"self":[{"href":"https:\/\/cybul.eu\/pl\/wp-json\/wp\/v2\/product\/8774","targetHints":{"allow":["GET"]}}],"collection":[{"href":"https:\/\/cybul.eu\/pl\/wp-json\/wp\/v2\/product"}],"about":[{"href":"https:\/\/cybul.eu\/pl\/wp-json\/wp\/v2\/types\/product"}],"replies":[{"embeddable":true,"href":"https:\/\/cybul.eu\/pl\/wp-json\/wp\/v2\/comments?post=8774"}],"wp:featuredmedia":[{"embeddable":true,"href":"https:\/\/cybul.eu\/pl\/wp-json\/wp\/v2\/media\/8757"}],"wp:attachment":[{"href":"https:\/\/cybul.eu\/pl\/wp-json\/wp\/v2\/media?parent=8774"}],"wp:term":[{"taxonomy":"product_cat","embeddable":true,"href":"https:\/\/cybul.eu\/pl\/wp-json\/wp\/v2\/product_cat?post=8774"},{"taxonomy":"product_tag","embeddable":true,"href":"https:\/\/cybul.eu\/pl\/wp-json\/wp\/v2\/product_tag?post=8774"}],"curies":[{"name":"wp","href":"https:\/\/api.w.org\/{rel}","templated":true}]}}