{"id":8336,"date":"2023-11-23T14:14:11","date_gmt":"2023-11-23T13:14:13","guid":{"rendered":"https:\/\/cybul.eu\/?post_type=product&#038;p=8336"},"modified":"2025-06-05T11:58:21","modified_gmt":"2025-06-05T09:58:21","slug":"mazda-mx-5-na-nb-komplet-regulowanych-wahaczy-do-mazdy-mx-5-na-i-nb","status":"publish","type":"product","link":"https:\/\/cybul.eu\/pl\/sklep\/mazda-mx-5-na-nb-komplet-regulowanych-wahaczy-do-mazdy-mx-5-na-i-nb\/","title":{"rendered":"Mazda MX-5 NA\/NB &#8211; Komplet regulowanych wahaczy do Mazdy MX-5 NA i NB"},"content":{"rendered":"<p>Najl\u017cejsze i najbardziej zaawansowane wahacze do mazdy MX-5 NA\/NB na rynku. Wykonane w Polsce, z chromowo-molibdenowych rur, zaprojektowane w \u015brodowisku CAD, przetestowane na torze. Umo\u017cliwiaj\u0105 regulacj\u0119 na aucie k\u0105ta wyprzedzenia sworznia zwrotnicy, negatywu i szeroko\u015bci auta.<\/p>\n<div class=\"\" data-block=\"true\" data-editor=\"bnd4h\" data-offset-key=\"402cu-0-0\">\n<p class=\"public-DraftStyleDefault-block public-DraftStyleDefault-ltr\" data-offset-key=\"402cu-0-0\"><span style=\"font-size: 115%;\">G\u0142\u00f3wne korzy\u015bci:<\/span><\/p>\n<ul>\n<li data-line-height=\"m\"><span style=\"font-size: 100%;\">Najl\u017cejsze wahacze na rynku<\/span><\/li>\n<li><span style=\"font-size: 100%;\">Zwi\u0119kszona sztywno\u015b\u0107 w por\u00f3wnaniu do seryjnych wahaczy<\/span><\/li>\n<li data-line-height=\"m\"><span style=\"font-size: 100%;\">Umo\u017cliwiaj\u0105 zwi\u0119kszenie szeroko\u015bci auta &#8211; do 35mm\/stron\u0119 z przodu i do 25mm na stron\u0119 z ty\u0142u<\/span><\/li>\n<li><span style=\"font-size: 100%;\">Poprawiaj\u0105 prowadzenie<\/span><\/li>\n<\/ul>\n<\/div>\n<p data-line-height=\"m\"><span style=\"font-size: 115%;\">G\u0142\u00f3wne funkcje wahaczy:<\/span><\/p>\n<ul>\n<li data-line-height=\"m\">Wykonanie z cienko\u015bciennych, ultra lekkich rur chromowo-molibdenowych<\/li>\n<li data-line-height=\"m\">Customowe tuleje poliuretanowe o twardo\u015bci 85 ShA zmniejszaj\u0105 mas\u0119 o 85g\/wahacz<\/li>\n<li>Posiadaj\u0105 mocowanie przewod\u00f3w hamulcowych<\/li>\n<li data-line-height=\"m\">Zaprojektowane w \u015brodowisku CAD 3D<\/li>\n<li data-line-height=\"m\">W 100% wykonane w Polsce<\/li>\n<li>Zestaw dostarczamy wst\u0119pnie z\u0142o\u017cony<\/li>\n<\/ul>\n<p data-line-height=\"m\"><span style=\"font-size: 115%;\">W paczce dostajesz:<\/span><\/p>\n<ul>\n<li data-line-height=\"m\">Dwa przednie g\u00f3rne wahacze<\/li>\n<li>Dwa przednie dolne wahacze<\/li>\n<li>Dwa tylne g\u00f3rne wahacze<\/li>\n<li>Dwa tylne dolne wahacze<\/li>\n<\/ul>\n","protected":false},"excerpt":{"rendered":"<ul>\n<li data-line-height=\"m\">Najl\u017cejsze wahacze do MX-5 NA\/NB na rynku<\/li>\n<li data-line-height=\"m\">Poprawiaj\u0105 prowadzenie<\/li>\n<li data-line-height=\"m\">Umo\u017cliwiaj\u0105 regulacj\u0119 pocylenia ko\u0142a w du\u017cym zakresie<\/li>\n<li data-line-height=\"m\">Zwi\u0119kszaj\u0105 sztywno\u015b\u0107 w por\u00f3wnaniu do seryjnych wahaczy<\/li>\n<\/ul>\n","protected":false},"featured_media":8338,"comment_status":"open","ping_status":"closed","template":"","meta":[],"product_cat":[387,388,497,498],"product_tag":[346,347],"class_list":{"0":"post-8336","1":"product","2":"type-product","3":"status-publish","4":"has-post-thumbnail","6":"product_cat-mx5-na-pl","7":"product_cat-mx5-nb-pl","8":"product_cat-zawieszenie-pl","9":"product_cat-zawieszenie-pl-2","10":"product_tag-mx5-pl","11":"product_tag-mx5-podwozie-i-nadwozie","13":"first","14":"instock","15":"taxable","16":"shipping-taxable","17":"purchasable","18":"product-type-simple"},"bundled_by":[],"bundle_stock_status":"instock","bundle_stock_quantity":null,"bundle_virtual":false,"bundle_layout":"","bundle_add_to_cart_form_location":"","bundle_editable_in_cart":false,"bundle_sold_individually_context":"","bundle_item_grouping":"","bundle_min_size":"","bundle_max_size":"","bundle_price":[],"bundled_items":[],"bundle_sell_ids":[],"acf":{"zdjecie_bez_watermarka":null,"zdjecie_bez_watermarka_url":"","product_orgin_url":""},"yoast_head":"<!-- This site is optimized with the Yoast SEO plugin v23.9 - https:\/\/yoast.com\/wordpress\/plugins\/seo\/ -->\n<title>Mazda MX-5 NA\/NB - Komplet regulowanych wahaczy do Mazdy MX-5 NA i NB - CYBUL<\/title>\n<meta name=\"description\" content=\"Najl\u017cejsze regulowane wahacze do MX-5 NA\/NB na rynku. Umo\u017cliwiaj\u0105 regulacj\u0119 pochylenia ko\u0142a w du\u017cym zakresie. Sztywniejsze od seryjnych wahaczy.\" \/>\n<meta name=\"robots\" content=\"index, follow, max-snippet:-1, max-image-preview:large, max-video-preview:-1\" \/>\n<link rel=\"canonical\" href=\"https:\/\/cybul.eu\/pl\/sklep\/mazda-mx-5-na-nb-komplet-regulowanych-wahaczy-do-mazdy-mx-5-na-i-nb\/\" \/>\n<meta property=\"og:locale\" content=\"pl_PL\" \/>\n<meta property=\"og:type\" content=\"article\" \/>\n<meta property=\"og:title\" content=\"Mazda MX-5 NA\/NB - Komplet regulowanych wahaczy do Mazdy MX-5 NA i NB - CYBUL\" \/>\n<meta property=\"og:description\" content=\"Najl\u017cejsze regulowane wahacze do MX-5 NA\/NB na rynku. Umo\u017cliwiaj\u0105 regulacj\u0119 pochylenia ko\u0142a w du\u017cym zakresie. Sztywniejsze od seryjnych wahaczy.\" \/>\n<meta property=\"og:url\" content=\"https:\/\/cybul.eu\/pl\/sklep\/mazda-mx-5-na-nb-komplet-regulowanych-wahaczy-do-mazdy-mx-5-na-i-nb\/\" \/>\n<meta property=\"og:site_name\" content=\"CYBUL\" \/>\n<meta property=\"article:modified_time\" content=\"2025-06-05T09:58:21+00:00\" \/>\n<meta property=\"og:image\" content=\"https:\/\/cybul.eu\/wp-content\/uploads\/2023\/11\/NA-NB-control-arms-bundle-deal.jpg\" \/>\n\t<meta property=\"og:image:width\" content=\"1600\" \/>\n\t<meta property=\"og:image:height\" content=\"1600\" \/>\n\t<meta property=\"og:image:type\" content=\"image\/jpeg\" \/>\n<meta name=\"twitter:card\" content=\"summary_large_image\" \/>\n<meta name=\"twitter:label1\" content=\"Szacowany czas czytania\" \/>\n\t<meta name=\"twitter:data1\" content=\"1 minuta\" \/>\n<script type=\"application\/ld+json\" class=\"yoast-schema-graph\">{\"@context\":\"https:\/\/schema.org\",\"@graph\":[{\"@type\":\"WebPage\",\"@id\":\"https:\/\/cybul.eu\/pl\/sklep\/mazda-mx-5-na-nb-komplet-regulowanych-wahaczy-do-mazdy-mx-5-na-i-nb\/\",\"url\":\"https:\/\/cybul.eu\/pl\/sklep\/mazda-mx-5-na-nb-komplet-regulowanych-wahaczy-do-mazdy-mx-5-na-i-nb\/\",\"name\":\"Mazda MX-5 NA\/NB - Komplet regulowanych wahaczy do Mazdy MX-5 NA i NB - CYBUL\",\"isPartOf\":{\"@id\":\"https:\/\/cybul.eu\/pl\/#website\"},\"primaryImageOfPage\":{\"@id\":\"https:\/\/cybul.eu\/pl\/sklep\/mazda-mx-5-na-nb-komplet-regulowanych-wahaczy-do-mazdy-mx-5-na-i-nb\/#primaryimage\"},\"image\":{\"@id\":\"https:\/\/cybul.eu\/pl\/sklep\/mazda-mx-5-na-nb-komplet-regulowanych-wahaczy-do-mazdy-mx-5-na-i-nb\/#primaryimage\"},\"thumbnailUrl\":\"https:\/\/cybul.eu\/wp-content\/uploads\/2023\/11\/NA-NB-control-arms-bundle-deal.jpg\",\"datePublished\":\"2023-11-23T13:14:13+00:00\",\"dateModified\":\"2025-06-05T09:58:21+00:00\",\"description\":\"Najl\u017cejsze regulowane wahacze do MX-5 NA\/NB na rynku. Umo\u017cliwiaj\u0105 regulacj\u0119 pochylenia ko\u0142a w du\u017cym zakresie. Sztywniejsze od seryjnych wahaczy.\",\"breadcrumb\":{\"@id\":\"https:\/\/cybul.eu\/pl\/sklep\/mazda-mx-5-na-nb-komplet-regulowanych-wahaczy-do-mazdy-mx-5-na-i-nb\/#breadcrumb\"},\"inLanguage\":\"pl-PL\",\"potentialAction\":[{\"@type\":\"ReadAction\",\"target\":[\"https:\/\/cybul.eu\/pl\/sklep\/mazda-mx-5-na-nb-komplet-regulowanych-wahaczy-do-mazdy-mx-5-na-i-nb\/\"]}]},{\"@type\":\"ImageObject\",\"inLanguage\":\"pl-PL\",\"@id\":\"https:\/\/cybul.eu\/pl\/sklep\/mazda-mx-5-na-nb-komplet-regulowanych-wahaczy-do-mazdy-mx-5-na-i-nb\/#primaryimage\",\"url\":\"https:\/\/cybul.eu\/wp-content\/uploads\/2023\/11\/NA-NB-control-arms-bundle-deal.jpg\",\"contentUrl\":\"https:\/\/cybul.eu\/wp-content\/uploads\/2023\/11\/NA-NB-control-arms-bundle-deal.jpg\",\"width\":1600,\"height\":1600,\"caption\":\"Mazda MX-5 Komplet regulowanych wahaczy do Mazdy MX-5 NA i NBand NB fully control arms - complete set by Cybul Radical Solutions\"},{\"@type\":\"BreadcrumbList\",\"@id\":\"https:\/\/cybul.eu\/pl\/sklep\/mazda-mx-5-na-nb-komplet-regulowanych-wahaczy-do-mazdy-mx-5-na-i-nb\/#breadcrumb\",\"itemListElement\":[{\"@type\":\"ListItem\",\"position\":1,\"name\":\"Strona g\u0142\u00f3wna\",\"item\":\"https:\/\/cybul.eu\/pl\/\"},{\"@type\":\"ListItem\",\"position\":2,\"name\":\"Sklep\",\"item\":\"https:\/\/cybul.eu\/pl\/sklep\/\"},{\"@type\":\"ListItem\",\"position\":3,\"name\":\"Mazda MX-5 NA\/NB &#8211; Komplet regulowanych wahaczy do Mazdy MX-5 NA i NB\"}]},{\"@type\":\"WebSite\",\"@id\":\"https:\/\/cybul.eu\/pl\/#website\",\"url\":\"https:\/\/cybul.eu\/pl\/\",\"name\":\"CYBUL\",\"description\":\"\",\"potentialAction\":[{\"@type\":\"SearchAction\",\"target\":{\"@type\":\"EntryPoint\",\"urlTemplate\":\"https:\/\/cybul.eu\/pl\/?s={search_term_string}\"},\"query-input\":{\"@type\":\"PropertyValueSpecification\",\"valueRequired\":true,\"valueName\":\"search_term_string\"}}],\"inLanguage\":\"pl-PL\"}]}<\/script>\n<!-- \/ Yoast SEO plugin. -->","yoast_head_json":{"title":"Mazda MX-5 NA\/NB - Komplet regulowanych wahaczy do Mazdy MX-5 NA i NB - CYBUL","description":"Najl\u017cejsze regulowane wahacze do MX-5 NA\/NB na rynku. Umo\u017cliwiaj\u0105 regulacj\u0119 pochylenia ko\u0142a w du\u017cym zakresie. Sztywniejsze od seryjnych wahaczy.","robots":{"index":"index","follow":"follow","max-snippet":"max-snippet:-1","max-image-preview":"max-image-preview:large","max-video-preview":"max-video-preview:-1"},"canonical":"https:\/\/cybul.eu\/pl\/sklep\/mazda-mx-5-na-nb-komplet-regulowanych-wahaczy-do-mazdy-mx-5-na-i-nb\/","og_locale":"pl_PL","og_type":"article","og_title":"Mazda MX-5 NA\/NB - Komplet regulowanych wahaczy do Mazdy MX-5 NA i NB - CYBUL","og_description":"Najl\u017cejsze regulowane wahacze do MX-5 NA\/NB na rynku. Umo\u017cliwiaj\u0105 regulacj\u0119 pochylenia ko\u0142a w du\u017cym zakresie. Sztywniejsze od seryjnych wahaczy.","og_url":"https:\/\/cybul.eu\/pl\/sklep\/mazda-mx-5-na-nb-komplet-regulowanych-wahaczy-do-mazdy-mx-5-na-i-nb\/","og_site_name":"CYBUL","article_modified_time":"2025-06-05T09:58:21+00:00","og_image":[{"width":1600,"height":1600,"url":"https:\/\/cybul.eu\/wp-content\/uploads\/2023\/11\/NA-NB-control-arms-bundle-deal.jpg","type":"image\/jpeg"}],"twitter_card":"summary_large_image","twitter_misc":{"Szacowany czas czytania":"1 minuta"},"schema":{"@context":"https:\/\/schema.org","@graph":[{"@type":"WebPage","@id":"https:\/\/cybul.eu\/pl\/sklep\/mazda-mx-5-na-nb-komplet-regulowanych-wahaczy-do-mazdy-mx-5-na-i-nb\/","url":"https:\/\/cybul.eu\/pl\/sklep\/mazda-mx-5-na-nb-komplet-regulowanych-wahaczy-do-mazdy-mx-5-na-i-nb\/","name":"Mazda MX-5 NA\/NB - Komplet regulowanych wahaczy do Mazdy MX-5 NA i NB - CYBUL","isPartOf":{"@id":"https:\/\/cybul.eu\/pl\/#website"},"primaryImageOfPage":{"@id":"https:\/\/cybul.eu\/pl\/sklep\/mazda-mx-5-na-nb-komplet-regulowanych-wahaczy-do-mazdy-mx-5-na-i-nb\/#primaryimage"},"image":{"@id":"https:\/\/cybul.eu\/pl\/sklep\/mazda-mx-5-na-nb-komplet-regulowanych-wahaczy-do-mazdy-mx-5-na-i-nb\/#primaryimage"},"thumbnailUrl":"https:\/\/cybul.eu\/wp-content\/uploads\/2023\/11\/NA-NB-control-arms-bundle-deal.jpg","datePublished":"2023-11-23T13:14:13+00:00","dateModified":"2025-06-05T09:58:21+00:00","description":"Najl\u017cejsze regulowane wahacze do MX-5 NA\/NB na rynku. Umo\u017cliwiaj\u0105 regulacj\u0119 pochylenia ko\u0142a w du\u017cym zakresie. Sztywniejsze od seryjnych wahaczy.","breadcrumb":{"@id":"https:\/\/cybul.eu\/pl\/sklep\/mazda-mx-5-na-nb-komplet-regulowanych-wahaczy-do-mazdy-mx-5-na-i-nb\/#breadcrumb"},"inLanguage":"pl-PL","potentialAction":[{"@type":"ReadAction","target":["https:\/\/cybul.eu\/pl\/sklep\/mazda-mx-5-na-nb-komplet-regulowanych-wahaczy-do-mazdy-mx-5-na-i-nb\/"]}]},{"@type":"ImageObject","inLanguage":"pl-PL","@id":"https:\/\/cybul.eu\/pl\/sklep\/mazda-mx-5-na-nb-komplet-regulowanych-wahaczy-do-mazdy-mx-5-na-i-nb\/#primaryimage","url":"https:\/\/cybul.eu\/wp-content\/uploads\/2023\/11\/NA-NB-control-arms-bundle-deal.jpg","contentUrl":"https:\/\/cybul.eu\/wp-content\/uploads\/2023\/11\/NA-NB-control-arms-bundle-deal.jpg","width":1600,"height":1600,"caption":"Mazda MX-5 Komplet regulowanych wahaczy do Mazdy MX-5 NA i NBand NB fully control arms - complete set by Cybul Radical Solutions"},{"@type":"BreadcrumbList","@id":"https:\/\/cybul.eu\/pl\/sklep\/mazda-mx-5-na-nb-komplet-regulowanych-wahaczy-do-mazdy-mx-5-na-i-nb\/#breadcrumb","itemListElement":[{"@type":"ListItem","position":1,"name":"Strona g\u0142\u00f3wna","item":"https:\/\/cybul.eu\/pl\/"},{"@type":"ListItem","position":2,"name":"Sklep","item":"https:\/\/cybul.eu\/pl\/sklep\/"},{"@type":"ListItem","position":3,"name":"Mazda MX-5 NA\/NB &#8211; Komplet regulowanych wahaczy do Mazdy MX-5 NA i NB"}]},{"@type":"WebSite","@id":"https:\/\/cybul.eu\/pl\/#website","url":"https:\/\/cybul.eu\/pl\/","name":"CYBUL","description":"","potentialAction":[{"@type":"SearchAction","target":{"@type":"EntryPoint","urlTemplate":"https:\/\/cybul.eu\/pl\/?s={search_term_string}"},"query-input":{"@type":"PropertyValueSpecification","valueRequired":true,"valueName":"search_term_string"}}],"inLanguage":"pl-PL"}]}},"_links":{"self":[{"href":"https:\/\/cybul.eu\/pl\/wp-json\/wp\/v2\/product\/8336","targetHints":{"allow":["GET"]}}],"collection":[{"href":"https:\/\/cybul.eu\/pl\/wp-json\/wp\/v2\/product"}],"about":[{"href":"https:\/\/cybul.eu\/pl\/wp-json\/wp\/v2\/types\/product"}],"replies":[{"embeddable":true,"href":"https:\/\/cybul.eu\/pl\/wp-json\/wp\/v2\/comments?post=8336"}],"wp:featuredmedia":[{"embeddable":true,"href":"https:\/\/cybul.eu\/pl\/wp-json\/wp\/v2\/media\/8338"}],"wp:attachment":[{"href":"https:\/\/cybul.eu\/pl\/wp-json\/wp\/v2\/media?parent=8336"}],"wp:term":[{"taxonomy":"product_cat","embeddable":true,"href":"https:\/\/cybul.eu\/pl\/wp-json\/wp\/v2\/product_cat?post=8336"},{"taxonomy":"product_tag","embeddable":true,"href":"https:\/\/cybul.eu\/pl\/wp-json\/wp\/v2\/product_tag?post=8336"}],"curies":[{"name":"wp","href":"https:\/\/api.w.org\/{rel}","templated":true}]}}