{"id":8173,"date":"2023-10-30T19:52:18","date_gmt":"2023-10-30T18:52:18","guid":{"rendered":"https:\/\/cybul.eu\/shop\/stage-2-adapter-bmw-m62-s62-bmw-m57n-hgu-hgk-228mm-8-98\/"},"modified":"2023-10-30T19:52:18","modified_gmt":"2023-10-30T18:52:18","slug":"stage-2-adapter-bmw-m62-s62-bmw-m57n-hgu-hgk-228mm-8-98","status":"publish","type":"product","link":"https:\/\/cybul.eu\/pl\/sklep\/stage-2-adapter-bmw-m62-s62-bmw-m57n-hgu-hgk-228mm-8-98\/","title":{"rendered":"STAGE 2 adapter BMW M62 S62 &#8211; BMW M57N HGU HGK &#8211; 228mm \/ 8.98&#8243;"},"content":{"rendered":"<div id=\"component_projector_longdescription_not\" class=\"projector_longdescription cm\">\n<h1 data-placeholder=\"T\u0142umaczenie\"><strong>PMC Motorsport STAGE2 zestaw przej\u015bciowy (adapter kit \/ zestaw \/ system adaptacyjny \/ zestaw konwersji \/ zestaw konwersji \/ konwersja manualna)\u00a0<\/strong><\/h1>\n<h1>BMW V8 M62 S62<strong>\u00a0<\/strong>&#8211; BMW M57N M57N2 GS6-53DZ HGU HGK\u00a0E90 325D 330D 6-biegowy Diesel\u00a0&#8211; 228mm \/ 8,98&#8243; (Podw\u00f3jna tarcza)\u00a0&#8211; SACHS 3000 951 019<\/h1>\n<p>Zestaw adapter\u00f3w umo\u017cliwia u\u017cytkownikom po\u0142\u0105czenie silnika BMW V8 M62 S62 z bardzo wytrzyma\u0142\u0105 i \u0142atw\u0105 do zakupu skrzyni\u0105 bieg\u00f3w BMW. Jest to idealne rozwi\u0105zanie zar\u00f3wno dla sport\u00f3w motorowych, jak i dla os\u00f3b, kt\u00f3re chc\u0105 zmieni\u0107 automatyczn\u0105 skrzyni\u0119 bieg\u00f3w (transmisj\u0119) na manualn\u0105.<\/p>\n<ul>\n<li>Zaprojektowane w \u015brodowisku CAD<\/li>\n<li>W produkcji u\u017cyto tylko certyfikowanych materia\u0142\u00f3w<\/li>\n<li>Obr\u00f3bka CNC<\/li>\n<li>Wymienna powierzchnia tarczy sprz\u0119g\u0142a ze \u017celiwa<\/li>\n<li>Ko\u0142o zamachowe jest wywa\u017cane przed wysy\u0142k\u0105<\/li>\n<\/ul>\n<table>\n<tbody>\n<tr>\n<td>\n<h4>Lista silnik\u00f3w:<\/h4>\n<\/td>\n<td><strong>BMW V8 M62\u00a0M62B35<\/strong><\/p>\n<ul>\n<li>1996\u20131998 BMW E39 535i<\/li>\n<li>1996\u20131998 BMW E38 735i\/735iL<\/li>\n<\/ul>\n<p><strong>BMW V8 M62\u00a0M62TUB35<\/strong><\/p>\n<ul>\n<li>1999\u20132001 BMW E38 735i\/735iL<\/li>\n<li>1998\u20132003 BMW E39 535i<\/li>\n<\/ul>\n<p><strong>BMW V8 M62\u00a0M62B44<\/strong><\/p>\n<ul>\n<li>1996\u20131998 BMW E39 540i<\/li>\n<li>1996\u20131998 BMW E38 740i\/740iL<\/li>\n<li>1997\u20131999 BMW E31 840Ci<\/li>\n<\/ul>\n<p><strong>BMW V8 M62\u00a0M62TUB44<\/strong><\/p>\n<ul>\n<li>1998\u20132003 BMW E39 540i<\/li>\n<li>1999\u20132001 BMW E38 740i\/740iL<\/li>\n<li>1999\u20132003 BMW X5 (E53) X5 4.4i<\/li>\n<li>2000\u20132004 Morgan Aero 8<\/li>\n<li>2002\u20132005 Range Rover<\/li>\n<\/ul>\n<p><strong>BMW V8 S62 S62B50<\/strong><\/p>\n<ul>\n<li>1998\u20132003 BMW M5 (E39)<\/li>\n<li>2000\u20132003 BMW Z8<\/li>\n<li>1999\u20132006 Ascari KZ1<\/li>\n<li>2006 Ascari A10<\/li>\n<\/ul>\n<p>Adapter pasuje do europejskiej wersji silnika M62. W przypadku silnika M60 RHD, nale\u017cy przyci\u0105\u0107 adapter lub wymieni\u0107 rozrusznik na wersj\u0119 europejsk\u0105 i przenie\u015b\u0107 go na drug\u0105 stron\u0119 silnika.<\/td>\n<\/tr>\n<tr>\n<td>\n<h4>Lista skrzy\u0144 bieg\u00f3w:<\/h4>\n<\/td>\n<td>\n<ul>\n<li><strong>BMW M57N M57N2 23.00 7565213 GS6-53DZ HGU (THGU)\u00a06-biegowa<\/strong>\u00a01067 010 014 ZF 1067 401 116 1067401116 BMW OEM 23 00 7 571 420 \/ 23 00 7 560 725\n<ul>\n<li>BMW\u00a0<br \/>\n","protected":false},"excerpt":{"rendered":"<p>Adapter umo\u017cliwia u\u017cytkownikom po\u0142\u0105czenie silnik\u00f3w serii <strong>BMW V8 M62 S62<\/strong> z bardzo wytrzyma\u0142\u0105 i \u0142atw\u0105 do kupienia <em><strong>skrzyni\u0105 bieg\u00f3w BMW<\/strong><\/em>. Jest to idealne rozwi\u0105zanie zar\u00f3wno dla sport\u00f3w motorowych, jak i dla os\u00f3b, kt\u00f3re chc\u0105 zmieni\u0107 (przekonwertowa\u0107) automatyczn\u0105 skrzyni\u0119 bieg\u00f3w na manualn\u0105.<\/p>\n<ul>\n<li>Zaprojektowany w \u015brodowisku CAD<\/li>\n<li>W procesie produkcji u\u017cywano tylko certyfikowanych materia\u0142\u00f3w<\/li>\n<li>Obr\u00f3bka CNC<\/li>\n<li>Mo\u017cliwa wymiana \u017celiwnego tarcia<\/li>\n<li>Ko\u0142o zamachowe jest wywa\u017cane przed wysy\u0142k\u0105<\/li>\n<\/ul>\n","protected":false},"featured_media":8168,"comment_status":"open","ping_status":"closed","template":"","meta":[],"product_cat":[376,377,359],"product_tag":[],"class_list":{"0":"post-8173","1":"product","2":"type-product","3":"status-publish","4":"has-post-thumbnail","6":"product_cat-e36","7":"product_cat-e46","8":"product_cat-sprzegla","10":"first","11":"instock","12":"taxable","13":"shipping-taxable","14":"purchasable","15":"product-type-simple"},"bundled_by":[],"bundle_stock_status":"instock","bundle_stock_quantity":null,"bundle_virtual":false,"bundle_layout":"","bundle_add_to_cart_form_location":"","bundle_editable_in_cart":false,"bundle_sold_individually_context":"","bundle_item_grouping":"","bundle_min_size":"","bundle_max_size":"","bundle_price":[],"bundled_items":[],"bundle_sell_ids":[],"acf":{"zdjecie_bez_watermarka":null,"zdjecie_bez_watermarka_url":"","product_orgin_url":""},"yoast_head":"<!-- This site is optimized with the Yoast SEO plugin v23.9 - https:\/\/yoast.com\/wordpress\/plugins\/seo\/ -->\n<title>STAGE 2 adapter BMW M62 S62 - BMW M57N HGU HGK - 228mm \/ 8.98&quot; - CYBUL<\/title>\n<meta name=\"description\" content=\"Adapter umo\u017cliwia u\u017cytkownikom po\u0142\u0105czenie silnik\u00f3w serii BMW V8 M62 S62 z bardzo wytrzyma\u0142\u0105 i \u0142atw\u0105 do kupienia skrzyni\u0105 bieg\u00f3w BMW. Jest to idealne rozwi\u0105zanie zar\u00f3wno dla sport\u00f3w motorowych, jak i dla os\u00f3b, kt\u00f3re chc\u0105 zmieni\u0107 (przekonwertowa\u0107) automatyczn\u0105 skrzyni\u0119 bieg\u00f3w na manualn\u0105. Zaprojektowany w \u015brodowisku CAD W procesie produkcji u\u017cywano tylko certyfikowanych materia\u0142\u00f3w Obr\u00f3bka CNC Mo\u017cliwa wymiana \u017celiwnego tarcia Ko\u0142o zamachowe jest wywa\u017cane przed wysy\u0142k\u0105\" \/>\n<meta name=\"robots\" content=\"index, follow, max-snippet:-1, max-image-preview:large, max-video-preview:-1\" \/>\n<link rel=\"canonical\" href=\"https:\/\/cybul.eu\/pl\/sklep\/stage-2-adapter-bmw-m62-s62-bmw-m57n-hgu-hgk-228mm-8-98\/\" \/>\n<meta property=\"og:locale\" content=\"pl_PL\" \/>\n<meta property=\"og:type\" content=\"article\" \/>\n<meta property=\"og:title\" content=\"STAGE 2 adapter BMW M62 S62 - BMW M57N HGU HGK - 228mm \/ 8.98&quot; - CYBUL\" \/>\n<meta property=\"og:description\" content=\"Adapter umo\u017cliwia u\u017cytkownikom po\u0142\u0105czenie silnik\u00f3w serii BMW V8 M62 S62 z bardzo wytrzyma\u0142\u0105 i \u0142atw\u0105 do kupienia skrzyni\u0105 bieg\u00f3w BMW. Jest to idealne rozwi\u0105zanie zar\u00f3wno dla sport\u00f3w motorowych, jak i dla os\u00f3b, kt\u00f3re chc\u0105 zmieni\u0107 (przekonwertowa\u0107) automatyczn\u0105 skrzyni\u0119 bieg\u00f3w na manualn\u0105. Zaprojektowany w \u015brodowisku CAD W procesie produkcji u\u017cywano tylko certyfikowanych materia\u0142\u00f3w Obr\u00f3bka CNC Mo\u017cliwa wymiana \u017celiwnego tarcia Ko\u0142o zamachowe jest wywa\u017cane przed wysy\u0142k\u0105\" \/>\n<meta property=\"og:url\" content=\"https:\/\/cybul.eu\/pl\/sklep\/stage-2-adapter-bmw-m62-s62-bmw-m57n-hgu-hgk-228mm-8-98\/\" \/>\n<meta property=\"og:site_name\" content=\"CYBUL\" \/>\n<meta property=\"og:image\" content=\"https:\/\/cybul.eu\/wp-content\/uploads\/2023\/10\/eng_pl_STAGE-2-BMW-M62-S62-BMW-M57N-HGU-HGK-228mm-8-98-3786_4.png\" \/>\n\t<meta property=\"og:image:width\" content=\"600\" \/>\n\t<meta property=\"og:image:height\" content=\"600\" \/>\n\t<meta property=\"og:image:type\" content=\"image\/png\" \/>\n<meta name=\"twitter:card\" content=\"summary_large_image\" \/>\n<meta name=\"twitter:label1\" content=\"Szacowany czas czytania\" \/>\n\t<meta name=\"twitter:data1\" content=\"1 minuta\" \/>\n<script type=\"application\/ld+json\" class=\"yoast-schema-graph\">{\"@context\":\"https:\/\/schema.org\",\"@graph\":[{\"@type\":\"WebPage\",\"@id\":\"https:\/\/cybul.eu\/pl\/sklep\/stage-2-adapter-bmw-m62-s62-bmw-m57n-hgu-hgk-228mm-8-98\/\",\"url\":\"https:\/\/cybul.eu\/pl\/sklep\/stage-2-adapter-bmw-m62-s62-bmw-m57n-hgu-hgk-228mm-8-98\/\",\"name\":\"STAGE 2 adapter BMW M62 S62 - BMW M57N HGU HGK - 228mm \/ 8.98\\\" - CYBUL\",\"isPartOf\":{\"@id\":\"https:\/\/cybul.eu\/pl\/#website\"},\"primaryImageOfPage\":{\"@id\":\"https:\/\/cybul.eu\/pl\/sklep\/stage-2-adapter-bmw-m62-s62-bmw-m57n-hgu-hgk-228mm-8-98\/#primaryimage\"},\"image\":{\"@id\":\"https:\/\/cybul.eu\/pl\/sklep\/stage-2-adapter-bmw-m62-s62-bmw-m57n-hgu-hgk-228mm-8-98\/#primaryimage\"},\"thumbnailUrl\":\"https:\/\/cybul.eu\/wp-content\/uploads\/2023\/10\/eng_pl_STAGE-2-BMW-M62-S62-BMW-M57N-HGU-HGK-228mm-8-98-3786_4.png\",\"datePublished\":\"2023-10-30T18:52:18+00:00\",\"dateModified\":\"2023-10-30T18:52:18+00:00\",\"description\":\"Adapter umo\u017cliwia u\u017cytkownikom po\u0142\u0105czenie silnik\u00f3w serii BMW V8 M62 S62 z bardzo wytrzyma\u0142\u0105 i \u0142atw\u0105 do kupienia skrzyni\u0105 bieg\u00f3w BMW. Jest to idealne rozwi\u0105zanie zar\u00f3wno dla sport\u00f3w motorowych, jak i dla os\u00f3b, kt\u00f3re chc\u0105 zmieni\u0107 (przekonwertowa\u0107) automatyczn\u0105 skrzyni\u0119 bieg\u00f3w na manualn\u0105. Zaprojektowany w \u015brodowisku CAD W procesie produkcji u\u017cywano tylko certyfikowanych materia\u0142\u00f3w Obr\u00f3bka CNC Mo\u017cliwa wymiana \u017celiwnego tarcia Ko\u0142o zamachowe jest wywa\u017cane przed wysy\u0142k\u0105\",\"breadcrumb\":{\"@id\":\"https:\/\/cybul.eu\/pl\/sklep\/stage-2-adapter-bmw-m62-s62-bmw-m57n-hgu-hgk-228mm-8-98\/#breadcrumb\"},\"inLanguage\":\"pl-PL\",\"potentialAction\":[{\"@type\":\"ReadAction\",\"target\":[\"https:\/\/cybul.eu\/pl\/sklep\/stage-2-adapter-bmw-m62-s62-bmw-m57n-hgu-hgk-228mm-8-98\/\"]}]},{\"@type\":\"ImageObject\",\"inLanguage\":\"pl-PL\",\"@id\":\"https:\/\/cybul.eu\/pl\/sklep\/stage-2-adapter-bmw-m62-s62-bmw-m57n-hgu-hgk-228mm-8-98\/#primaryimage\",\"url\":\"https:\/\/cybul.eu\/wp-content\/uploads\/2023\/10\/eng_pl_STAGE-2-BMW-M62-S62-BMW-M57N-HGU-HGK-228mm-8-98-3786_4.png\",\"contentUrl\":\"https:\/\/cybul.eu\/wp-content\/uploads\/2023\/10\/eng_pl_STAGE-2-BMW-M62-S62-BMW-M57N-HGU-HGK-228mm-8-98-3786_4.png\",\"width\":600,\"height\":600,\"caption\":\"STAGE 2 adapter BMW M62 S62 - BMW M57N HGU HGK - 228mm \/ 8.98\\\"\"},{\"@type\":\"BreadcrumbList\",\"@id\":\"https:\/\/cybul.eu\/pl\/sklep\/stage-2-adapter-bmw-m62-s62-bmw-m57n-hgu-hgk-228mm-8-98\/#breadcrumb\",\"itemListElement\":[{\"@type\":\"ListItem\",\"position\":1,\"name\":\"Strona g\u0142\u00f3wna\",\"item\":\"https:\/\/cybul.eu\/pl\/\"},{\"@type\":\"ListItem\",\"position\":2,\"name\":\"Sklep\",\"item\":\"https:\/\/cybul.eu\/pl\/sklep\/\"},{\"@type\":\"ListItem\",\"position\":3,\"name\":\"STAGE 2 adapter BMW M62 S62 &#8211; BMW M57N HGU HGK &#8211; 228mm \/ 8.98&#8243;\"}]},{\"@type\":\"WebSite\",\"@id\":\"https:\/\/cybul.eu\/pl\/#website\",\"url\":\"https:\/\/cybul.eu\/pl\/\",\"name\":\"CYBUL\",\"description\":\"\",\"potentialAction\":[{\"@type\":\"SearchAction\",\"target\":{\"@type\":\"EntryPoint\",\"urlTemplate\":\"https:\/\/cybul.eu\/pl\/?s={search_term_string}\"},\"query-input\":{\"@type\":\"PropertyValueSpecification\",\"valueRequired\":true,\"valueName\":\"search_term_string\"}}],\"inLanguage\":\"pl-PL\"}]}<\/script>\n<!-- \/ Yoast SEO plugin. -->","yoast_head_json":{"title":"STAGE 2 adapter BMW M62 S62 - BMW M57N HGU HGK - 228mm \/ 8.98\" - CYBUL","description":"Adapter umo\u017cliwia u\u017cytkownikom po\u0142\u0105czenie silnik\u00f3w serii BMW V8 M62 S62 z bardzo wytrzyma\u0142\u0105 i \u0142atw\u0105 do kupienia skrzyni\u0105 bieg\u00f3w BMW. Jest to idealne rozwi\u0105zanie zar\u00f3wno dla sport\u00f3w motorowych, jak i dla os\u00f3b, kt\u00f3re chc\u0105 zmieni\u0107 (przekonwertowa\u0107) automatyczn\u0105 skrzyni\u0119 bieg\u00f3w na manualn\u0105. Zaprojektowany w \u015brodowisku CAD W procesie produkcji u\u017cywano tylko certyfikowanych materia\u0142\u00f3w Obr\u00f3bka CNC Mo\u017cliwa wymiana \u017celiwnego tarcia Ko\u0142o zamachowe jest wywa\u017cane przed wysy\u0142k\u0105","robots":{"index":"index","follow":"follow","max-snippet":"max-snippet:-1","max-image-preview":"max-image-preview:large","max-video-preview":"max-video-preview:-1"},"canonical":"https:\/\/cybul.eu\/pl\/sklep\/stage-2-adapter-bmw-m62-s62-bmw-m57n-hgu-hgk-228mm-8-98\/","og_locale":"pl_PL","og_type":"article","og_title":"STAGE 2 adapter BMW M62 S62 - BMW M57N HGU HGK - 228mm \/ 8.98\" - CYBUL","og_description":"Adapter umo\u017cliwia u\u017cytkownikom po\u0142\u0105czenie silnik\u00f3w serii BMW V8 M62 S62 z bardzo wytrzyma\u0142\u0105 i \u0142atw\u0105 do kupienia skrzyni\u0105 bieg\u00f3w BMW. Jest to idealne rozwi\u0105zanie zar\u00f3wno dla sport\u00f3w motorowych, jak i dla os\u00f3b, kt\u00f3re chc\u0105 zmieni\u0107 (przekonwertowa\u0107) automatyczn\u0105 skrzyni\u0119 bieg\u00f3w na manualn\u0105. Zaprojektowany w \u015brodowisku CAD W procesie produkcji u\u017cywano tylko certyfikowanych materia\u0142\u00f3w Obr\u00f3bka CNC Mo\u017cliwa wymiana \u017celiwnego tarcia Ko\u0142o zamachowe jest wywa\u017cane przed wysy\u0142k\u0105","og_url":"https:\/\/cybul.eu\/pl\/sklep\/stage-2-adapter-bmw-m62-s62-bmw-m57n-hgu-hgk-228mm-8-98\/","og_site_name":"CYBUL","og_image":[{"width":600,"height":600,"url":"https:\/\/cybul.eu\/wp-content\/uploads\/2023\/10\/eng_pl_STAGE-2-BMW-M62-S62-BMW-M57N-HGU-HGK-228mm-8-98-3786_4.png","type":"image\/png"}],"twitter_card":"summary_large_image","twitter_misc":{"Szacowany czas czytania":"1 minuta"},"schema":{"@context":"https:\/\/schema.org","@graph":[{"@type":"WebPage","@id":"https:\/\/cybul.eu\/pl\/sklep\/stage-2-adapter-bmw-m62-s62-bmw-m57n-hgu-hgk-228mm-8-98\/","url":"https:\/\/cybul.eu\/pl\/sklep\/stage-2-adapter-bmw-m62-s62-bmw-m57n-hgu-hgk-228mm-8-98\/","name":"STAGE 2 adapter BMW M62 S62 - BMW M57N HGU HGK - 228mm \/ 8.98\" - CYBUL","isPartOf":{"@id":"https:\/\/cybul.eu\/pl\/#website"},"primaryImageOfPage":{"@id":"https:\/\/cybul.eu\/pl\/sklep\/stage-2-adapter-bmw-m62-s62-bmw-m57n-hgu-hgk-228mm-8-98\/#primaryimage"},"image":{"@id":"https:\/\/cybul.eu\/pl\/sklep\/stage-2-adapter-bmw-m62-s62-bmw-m57n-hgu-hgk-228mm-8-98\/#primaryimage"},"thumbnailUrl":"https:\/\/cybul.eu\/wp-content\/uploads\/2023\/10\/eng_pl_STAGE-2-BMW-M62-S62-BMW-M57N-HGU-HGK-228mm-8-98-3786_4.png","datePublished":"2023-10-30T18:52:18+00:00","dateModified":"2023-10-30T18:52:18+00:00","description":"Adapter umo\u017cliwia u\u017cytkownikom po\u0142\u0105czenie silnik\u00f3w serii BMW V8 M62 S62 z bardzo wytrzyma\u0142\u0105 i \u0142atw\u0105 do kupienia skrzyni\u0105 bieg\u00f3w BMW. Jest to idealne rozwi\u0105zanie zar\u00f3wno dla sport\u00f3w motorowych, jak i dla os\u00f3b, kt\u00f3re chc\u0105 zmieni\u0107 (przekonwertowa\u0107) automatyczn\u0105 skrzyni\u0119 bieg\u00f3w na manualn\u0105. Zaprojektowany w \u015brodowisku CAD W procesie produkcji u\u017cywano tylko certyfikowanych materia\u0142\u00f3w Obr\u00f3bka CNC Mo\u017cliwa wymiana \u017celiwnego tarcia Ko\u0142o zamachowe jest wywa\u017cane przed wysy\u0142k\u0105","breadcrumb":{"@id":"https:\/\/cybul.eu\/pl\/sklep\/stage-2-adapter-bmw-m62-s62-bmw-m57n-hgu-hgk-228mm-8-98\/#breadcrumb"},"inLanguage":"pl-PL","potentialAction":[{"@type":"ReadAction","target":["https:\/\/cybul.eu\/pl\/sklep\/stage-2-adapter-bmw-m62-s62-bmw-m57n-hgu-hgk-228mm-8-98\/"]}]},{"@type":"ImageObject","inLanguage":"pl-PL","@id":"https:\/\/cybul.eu\/pl\/sklep\/stage-2-adapter-bmw-m62-s62-bmw-m57n-hgu-hgk-228mm-8-98\/#primaryimage","url":"https:\/\/cybul.eu\/wp-content\/uploads\/2023\/10\/eng_pl_STAGE-2-BMW-M62-S62-BMW-M57N-HGU-HGK-228mm-8-98-3786_4.png","contentUrl":"https:\/\/cybul.eu\/wp-content\/uploads\/2023\/10\/eng_pl_STAGE-2-BMW-M62-S62-BMW-M57N-HGU-HGK-228mm-8-98-3786_4.png","width":600,"height":600,"caption":"STAGE 2 adapter BMW M62 S62 - BMW M57N HGU HGK - 228mm \/ 8.98\""},{"@type":"BreadcrumbList","@id":"https:\/\/cybul.eu\/pl\/sklep\/stage-2-adapter-bmw-m62-s62-bmw-m57n-hgu-hgk-228mm-8-98\/#breadcrumb","itemListElement":[{"@type":"ListItem","position":1,"name":"Strona g\u0142\u00f3wna","item":"https:\/\/cybul.eu\/pl\/"},{"@type":"ListItem","position":2,"name":"Sklep","item":"https:\/\/cybul.eu\/pl\/sklep\/"},{"@type":"ListItem","position":3,"name":"STAGE 2 adapter BMW M62 S62 &#8211; BMW M57N HGU HGK &#8211; 228mm \/ 8.98&#8243;"}]},{"@type":"WebSite","@id":"https:\/\/cybul.eu\/pl\/#website","url":"https:\/\/cybul.eu\/pl\/","name":"CYBUL","description":"","potentialAction":[{"@type":"SearchAction","target":{"@type":"EntryPoint","urlTemplate":"https:\/\/cybul.eu\/pl\/?s={search_term_string}"},"query-input":{"@type":"PropertyValueSpecification","valueRequired":true,"valueName":"search_term_string"}}],"inLanguage":"pl-PL"}]}},"_links":{"self":[{"href":"https:\/\/cybul.eu\/pl\/wp-json\/wp\/v2\/product\/8173","targetHints":{"allow":["GET"]}}],"collection":[{"href":"https:\/\/cybul.eu\/pl\/wp-json\/wp\/v2\/product"}],"about":[{"href":"https:\/\/cybul.eu\/pl\/wp-json\/wp\/v2\/types\/product"}],"replies":[{"embeddable":true,"href":"https:\/\/cybul.eu\/pl\/wp-json\/wp\/v2\/comments?post=8173"}],"wp:featuredmedia":[{"embeddable":true,"href":"https:\/\/cybul.eu\/pl\/wp-json\/wp\/v2\/media\/8168"}],"wp:attachment":[{"href":"https:\/\/cybul.eu\/pl\/wp-json\/wp\/v2\/media?parent=8173"}],"wp:term":[{"taxonomy":"product_cat","embeddable":true,"href":"https:\/\/cybul.eu\/pl\/wp-json\/wp\/v2\/product_cat?post=8173"},{"taxonomy":"product_tag","embeddable":true,"href":"https:\/\/cybul.eu\/pl\/wp-json\/wp\/v2\/product_tag?post=8173"}],"curies":[{"name":"wp","href":"https:\/\/api.w.org\/{rel}","templated":true}]}}