{"id":8136,"date":"2023-10-30T12:23:06","date_gmt":"2023-10-30T11:23:06","guid":{"rendered":"https:\/\/cybul.eu\/shop\/zestaw-konwersji-bmw-e39-v8-m62-535i-540i-bmw-zf-8hp-8hp70-8hp50\/"},"modified":"2023-10-30T12:23:06","modified_gmt":"2023-10-30T11:23:06","slug":"zestaw-konwersji-bmw-e39-v8-m62-535i-540i-bmw-zf-8hp-8hp70-8hp50","status":"publish","type":"product","link":"https:\/\/cybul.eu\/pl\/sklep\/zestaw-konwersji-bmw-e39-v8-m62-535i-540i-bmw-zf-8hp-8hp70-8hp50\/","title":{"rendered":"Zestaw konwersji BMW E39 V8 M62 535i 540i &#8211; BMW ZF 8HP 8HP70 8HP50"},"content":{"rendered":"<div id=\"component_projector_longdescription_not\" class=\"projector_longdescription cm\">\n<h1 data-placeholder=\"T\u0142umaczenie\"><strong>Zestaw adaptera PMC Motorsport (adapter \/ zestaw \/ system adaptacyjny \/ zestaw konwersji) BMW E39 V8 M62 535i 540i &#8211; BMW ZF 8HP 8HP70 8HP50 (8-biegowa)<\/strong><\/h1>\n<p>Zestaw adaptera umo\u017cliwia po\u0142\u0105czenie serii silnik\u00f3w <strong>BMW V8 M62<\/strong><strong> M62B35 M62TUB35 M62B44 M62TUB44 M62TUB46 (BMW E31 \/ E38 \/ E39 \/ X5)<\/strong> z <strong>BMW ZF 8HP 8HP70<\/strong>. (zast\u0119puje ZF 5HP24 (A5S440Z) \/ ZF 5HP30 (A5S560Z))<\/p>\n<ul>\n<li>Zaprojektowano w \u015brodowisku CAD<\/li>\n<li>W procesie produkcyjnym u\u017cyto tylko certyfikowanych materia\u0142\u00f3w<\/li>\n<li>Obr\u00f3bka CNC<\/li>\n<\/ul>\n<p>&nbsp;<\/p>\n<table>\n<tbody>\n<tr>\n<td>\n<h4>Lista silnik\u00f3w:<\/h4>\n<\/td>\n<td><strong>BMW V8 M62 M62B35<\/strong><\/p>\n<ul>\n<li>1996\u20131998 BMW E39 535i<\/li>\n<li>1996\u20131998 BMW E38 735i\/735iL<\/li>\n<\/ul>\n<p><strong>BMW V8 M62 M62TUB35<\/strong><\/p>\n<ul>\n<li>1999\u20132001 BMW E38 735i\/735iL<\/li>\n<li>1998\u20132003 BMW E39 535i<\/li>\n<\/ul>\n<p><strong>BMW V8 M62 M62B44<\/strong><\/p>\n<ul>\n<li>1996\u20131998 BMW E39 540i<\/li>\n<li>1996\u20131998 BMW E38 740i\/740iL<\/li>\n<li>1997\u20131999 BMW E31 840Ci<\/li>\n<\/ul>\n<p><strong>BMW V8 M62 M62TUB44<\/strong><\/p>\n<ul>\n<li>1998\u20132003 BMW E39 540i<\/li>\n<li>1999\u20132001 BMW E38 740i\/740iL<\/li>\n<li>1999\u20132003 BMW X5 (E53) X5 4.4i<\/li>\n<li>2000\u20132004 Morgan Aero 8<\/li>\n<li>2002\u20132005 Range Rover<\/li>\n<\/ul>\n<p><strong>BMW V8 S62 S62B50<\/strong><\/p>\n<ul>\n<li>1998\u20132003 BMW M5 (E39)<\/li>\n<li>2000\u20132003 BMW Z8<\/li>\n<li>1999\u20132006 Ascari KZ1<\/li>\n<li>2006 Ascari A10<\/li>\n<\/ul>\n<p>Adapter pasuje do europejskiej wersji silnika M62. W przypadku silnika M62 RHD, nale\u017cy przyci\u0105\u0107 adapter lub zmieni\u0107 rozrusznik na wersj\u0119 europejsk\u0105 i przenie\u015b\u0107 go na drug\u0105 stron\u0119 silnika.<\/td>\n<\/tr>\n<tr>\n<td>\n<h4>Lista skrzy\u0144 bieg\u00f3w:<\/h4>\n<\/td>\n<td>\n<ul>\n<li><strong>BMW ZF (ZF Friedrichshafen) 8HP<\/strong>\n<ul>\n<li>BMW ZF 8HP 8HP70 BMW N57 \/ N57N 8-biegowa<\/li>\n<li>BMW ZF 8HP 8HP50 Z \/ 8HP50Z BMW B58 8-biegowa<\/li>\n<\/ul>\n<\/li>\n<\/ul>\n<\/td>\n<\/tr>\n<\/tbody>\n<\/table>\n<p>&nbsp;<\/p>\n<h2>Manual<\/h2>\n<ul>\n<li>U\u017cyj ko\u0142a zamachowego \/ pier\u015bcienia z wersji automatycznej<\/li>\n<li>Dokr\u0119\u0107 ko\u0142o zamachowe do takiego samego momentu, jak w oryginalnym wyposa\u017ceniu.<\/li>\n<li>U\u017cyj przetwornika momentu obrotowego od BMW N57 N57N<\/li>\n<\/ul>\n<p>&nbsp;<\/p>\n<\/div>\n<div id=\"component_projector_dictionary_no\" class=\"component_projector_dictionary\">\n<div class=\"n56173_main\">\n<div class=\"n56173_sub\">\n<table class=\"n54117_dictionary\">\n<tbody>\n<tr class=\"element\">\n<td class=\"n54117_item_a1\">Silnik<span class=\"n67256colon\">:<\/span><\/td>\n<td class=\"n54117_item_b1\">\n<div class=\"n54117_item_b_sub\">BMW V8 M62 M62B35 M62B44 M62B46<\/div>\n<p>,<\/p>\n<div class=\"n54117_item_b_sub\">BMW V8 S62 S62B50<\/div>\n<\/td>\n<\/tr>\n<tr class=\"element group_next\">\n<td class=\"n54117_item_a2\">Skrzynia bieg\u00f3w<span class=\"n67256colon\">:<\/span><\/td>\n<td class=\"n54117_item_b2\">\n<div class=\"n54117_item_b_sub\">BMW N57 N57N ZF 8HP 8HP70 8-biegowa (DIESEL)<\/div>\n<\/td>\n<\/tr>\n<tr class=\"group\">\n<td class=\"n54117_group\" colspan=\"2\">\n<div class=\"n54117_group\"><span class=\"n54117_name2_group big_label\">ZESTAW SPRZ\u0118G\u0141A<\/span><\/div>\n<\/td>\n<\/tr>\n<tr class=\"element\">\n<td class=\"n54117_item_a2\">Zestaw z Sprz\u0119g\u0142em<span class=\"n67256colon\">:<\/span><\/td>\n<td class=\"n54117_item_b2\">\n<div class=\"n54117_item_b_sub\">Nie<\/div>\n<\/td>\n<\/tr>\n<tr class=\"element\">\n<td class=\"n54117_item_a1\">Wymagany rozrusznik<span class=\"n67256colon\">:<\/span><\/td>\n<td class=\"n54117_item_b1\">\n<div class=\"n54117_item_b_sub\">BMW OE (Brak w zestawie)<\/div>\n<\/td>\n<\/tr>\n<tr class=\"element group_next\">\n<td class=\"n54117_item_a2\">Wymagany ko\u0142o zamachowe \/ pier\u015bcie\u0144<span class=\"n67256colon\">:<\/span><\/td>\n<td class=\"n54117_item_b2\">\n<div class=\"n54117_item_b_sub\">BMW OE 11221435235 M62<\/div>\n<p>,<\/p>\n<div class=\"n54117_item_b_sub\">BMW OE 11221741143 M62<\/div>\n<\/td>\n<\/tr>\n<tr class=\"group\">\n<td class=\"n54117_group\" colspan=\"2\">\n<div class=\"n54117_group\"><span class=\"n54117_name2_group big_label\">DODATKOWE INFORMACJE<\/span><\/div>\n<\/td>\n<\/tr>\n<tr class=\"element\">\n<td class=\"n54117_item_a2\">Typ Zestawu Adaptera<span class=\"n67256colon\">:<\/span><\/td>\n<td class=\"n54117_item_b2\">\n<div class=\"n54117_item_b_sub\">Motorsport<\/div>\n<\/td>\n<\/tr>\n<tr class=\"element\">\n<td class=\"n54117_item_a1\">Grubo\u015b\u0107 adaptera skrzyni bieg\u00f3w<span class=\"n67256colon\">:<\/span><\/td>\n<td class=\"n54117_item_b1\">\n<div class=\"n54117_item_b_sub\">25mm \/ 0.98&#8243;<\/div>\n<\/td>\n<\/tr>\n<tr class=\"element\">\n<td class=\"n54117_item_a2\">Zawiera<span class=\"n67256colon\">:<\/span><\/td>\n<td class=\"n54117_item_b2\">\n<div class=\"n54117_item_b_sub\">Aluminiowy adapter skrzyni bieg\u00f3w<\/div>\n<p>,<\/p>\n<div class=\"n54117_item_b_sub\">Gearbox adapter bolts<\/div>\n<p>,<\/p>\n<div class=\"n54117_item_b_sub\">Adapter konwertera<\/div>\n<p>,<\/p>\n<div class=\"n54117_item_b_sub\">Crankshaft bolts kit<\/div>\n<p>,<\/p>\n<div class=\"n54117_item_b_sub\">Crankshaft Position Sensor Adapter<\/div>\n<\/td>\n<\/tr>\n<tr class=\"element\">\n<td class=\"n54117_item_a1\">Product sales codes included<span class=\"n67256colon\">:<\/span><\/td>\n<td class=\"n54117_item_b1\">\n<div class=\"n54117_item_b_sub\">F0M57-M6<\/div>\n<p>,<\/p>\n<div class=\"n54117_item_b_sub\">3491<\/div>\n<p>,<\/p>\n<div class=\"n54117_item_b_sub\">AK08HP-M6<\/div>\n<\/td>\n<\/tr>\n<\/tbody>\n<\/table>\n<\/div>\n<\/div>\n<\/div>\n","protected":false},"excerpt":{"rendered":"<p>Zestaw adaptera umo\u017cliwia u\u017cytkownikom po\u0142\u0105czenie serii silnik\u00f3w <strong>BMW V8 M62<\/strong><strong> M62B35 M62TUB35 M62B44 M62TUB44 M62TUB46 (BMW E31 \/ E38 \/ E39 \/ X5)<\/strong> z przek\u0142adni\u0105 <strong>BMW ZF 8HP 8HP70<\/strong> (zast\u0119puj\u0105c ZF 5HP24 (A5S440Z) \/ ZF 5HP30 (A5S560Z)).<\/p>\n<ul>\n<li>Zaprojektowano w \u015brodowisku CAD<\/li>\n<li>W procesie produkcji u\u017cyto tylko certyfikowanych materia\u0142\u00f3w<\/li>\n<li>Obr\u00f3bka CNC<\/li>\n<\/ul>\n","protected":false},"featured_media":8133,"comment_status":"open","ping_status":"closed","template":"","meta":[],"product_cat":[376,377,359],"product_tag":[],"class_list":{"0":"post-8136","1":"product","2":"type-product","3":"status-publish","4":"has-post-thumbnail","6":"product_cat-e36","7":"product_cat-e46","8":"product_cat-sprzegla","10":"first","11":"instock","12":"taxable","13":"shipping-taxable","14":"purchasable","15":"product-type-simple"},"bundled_by":[],"bundle_stock_status":"instock","bundle_stock_quantity":null,"bundle_virtual":false,"bundle_layout":"","bundle_add_to_cart_form_location":"","bundle_editable_in_cart":false,"bundle_sold_individually_context":"","bundle_item_grouping":"","bundle_min_size":"","bundle_max_size":"","bundle_price":[],"bundled_items":[],"bundle_sell_ids":[],"acf":{"zdjecie_bez_watermarka":null,"zdjecie_bez_watermarka_url":"","product_orgin_url":""},"yoast_head":"<!-- This site is optimized with the Yoast SEO plugin v23.9 - https:\/\/yoast.com\/wordpress\/plugins\/seo\/ -->\n<title>Zestaw konwersji BMW E39 V8 M62 535i 540i - BMW ZF 8HP 8HP70 8HP50 - CYBUL<\/title>\n<meta name=\"description\" content=\"Zestaw adaptera umo\u017cliwia po\u0142\u0105czenie silnik\u00f3w serii BMW V8 M62 M62B35 M62TUB35 M62B44 M62TUB44 M62TUB46 (BMW E31 \/ E38 \/ E39 \/ X5) z przek\u0142adni\u0105 BMW ZF 8HP 8HP70 (zast\u0119puj\u0105c ZF 5HP24 (A5S440Z) \/ ZF 5HP30 (A5S560Z)). Zaprojektowano w \u015brodowisku CAD. W procesie produkcji u\u017cyto wy\u0142\u0105cznie certyfikowanych materia\u0142\u00f3w. Obr\u00f3bka CNC.\" \/>\n<meta name=\"robots\" content=\"index, follow, max-snippet:-1, max-image-preview:large, max-video-preview:-1\" \/>\n<link rel=\"canonical\" href=\"https:\/\/cybul.eu\/pl\/sklep\/zestaw-konwersji-bmw-e39-v8-m62-535i-540i-bmw-zf-8hp-8hp70-8hp50\/\" \/>\n<meta property=\"og:locale\" content=\"pl_PL\" \/>\n<meta property=\"og:type\" content=\"article\" \/>\n<meta property=\"og:title\" content=\"Zestaw konwersji BMW E39 V8 M62 535i 540i - BMW ZF 8HP 8HP70 8HP50 - CYBUL\" \/>\n<meta property=\"og:description\" content=\"Zestaw adaptera umo\u017cliwia po\u0142\u0105czenie silnik\u00f3w serii BMW V8 M62 M62B35 M62TUB35 M62B44 M62TUB44 M62TUB46 (BMW E31 \/ E38 \/ E39 \/ X5) z przek\u0142adni\u0105 BMW ZF 8HP 8HP70 (zast\u0119puj\u0105c ZF 5HP24 (A5S440Z) \/ ZF 5HP30 (A5S560Z)). Zaprojektowano w \u015brodowisku CAD. W procesie produkcji u\u017cyto wy\u0142\u0105cznie certyfikowanych materia\u0142\u00f3w. Obr\u00f3bka CNC.\" \/>\n<meta property=\"og:url\" content=\"https:\/\/cybul.eu\/pl\/sklep\/zestaw-konwersji-bmw-e39-v8-m62-535i-540i-bmw-zf-8hp-8hp70-8hp50\/\" \/>\n<meta property=\"og:site_name\" content=\"CYBUL\" \/>\n<meta property=\"og:image\" content=\"https:\/\/cybul.eu\/wp-content\/uploads\/2023\/10\/eng_pl_Adapter-kit-BMW-E39-V8-M62-535i-540i-BMW-ZF-8HP-8HP70-8HP50-3992_6.png\" \/>\n\t<meta property=\"og:image:width\" content=\"600\" \/>\n\t<meta property=\"og:image:height\" content=\"600\" \/>\n\t<meta property=\"og:image:type\" content=\"image\/png\" \/>\n<meta name=\"twitter:card\" content=\"summary_large_image\" \/>\n<meta name=\"twitter:label1\" content=\"Szacowany czas czytania\" \/>\n\t<meta name=\"twitter:data1\" content=\"2 minuty\" \/>\n<script type=\"application\/ld+json\" class=\"yoast-schema-graph\">{\"@context\":\"https:\/\/schema.org\",\"@graph\":[{\"@type\":\"WebPage\",\"@id\":\"https:\/\/cybul.eu\/pl\/sklep\/zestaw-konwersji-bmw-e39-v8-m62-535i-540i-bmw-zf-8hp-8hp70-8hp50\/\",\"url\":\"https:\/\/cybul.eu\/pl\/sklep\/zestaw-konwersji-bmw-e39-v8-m62-535i-540i-bmw-zf-8hp-8hp70-8hp50\/\",\"name\":\"Zestaw konwersji BMW E39 V8 M62 535i 540i - BMW ZF 8HP 8HP70 8HP50 - CYBUL\",\"isPartOf\":{\"@id\":\"https:\/\/cybul.eu\/pl\/#website\"},\"primaryImageOfPage\":{\"@id\":\"https:\/\/cybul.eu\/pl\/sklep\/zestaw-konwersji-bmw-e39-v8-m62-535i-540i-bmw-zf-8hp-8hp70-8hp50\/#primaryimage\"},\"image\":{\"@id\":\"https:\/\/cybul.eu\/pl\/sklep\/zestaw-konwersji-bmw-e39-v8-m62-535i-540i-bmw-zf-8hp-8hp70-8hp50\/#primaryimage\"},\"thumbnailUrl\":\"https:\/\/cybul.eu\/wp-content\/uploads\/2023\/10\/eng_pl_Adapter-kit-BMW-E39-V8-M62-535i-540i-BMW-ZF-8HP-8HP70-8HP50-3992_6.png\",\"datePublished\":\"2023-10-30T11:23:06+00:00\",\"dateModified\":\"2023-10-30T11:23:06+00:00\",\"description\":\"Zestaw adaptera umo\u017cliwia po\u0142\u0105czenie silnik\u00f3w serii BMW V8 M62 M62B35 M62TUB35 M62B44 M62TUB44 M62TUB46 (BMW E31 \/ E38 \/ E39 \/ X5) z przek\u0142adni\u0105 BMW ZF 8HP 8HP70 (zast\u0119puj\u0105c ZF 5HP24 (A5S440Z) \/ ZF 5HP30 (A5S560Z)). Zaprojektowano w \u015brodowisku CAD. W procesie produkcji u\u017cyto wy\u0142\u0105cznie certyfikowanych materia\u0142\u00f3w. Obr\u00f3bka CNC.\",\"breadcrumb\":{\"@id\":\"https:\/\/cybul.eu\/pl\/sklep\/zestaw-konwersji-bmw-e39-v8-m62-535i-540i-bmw-zf-8hp-8hp70-8hp50\/#breadcrumb\"},\"inLanguage\":\"pl-PL\",\"potentialAction\":[{\"@type\":\"ReadAction\",\"target\":[\"https:\/\/cybul.eu\/pl\/sklep\/zestaw-konwersji-bmw-e39-v8-m62-535i-540i-bmw-zf-8hp-8hp70-8hp50\/\"]}]},{\"@type\":\"ImageObject\",\"inLanguage\":\"pl-PL\",\"@id\":\"https:\/\/cybul.eu\/pl\/sklep\/zestaw-konwersji-bmw-e39-v8-m62-535i-540i-bmw-zf-8hp-8hp70-8hp50\/#primaryimage\",\"url\":\"https:\/\/cybul.eu\/wp-content\/uploads\/2023\/10\/eng_pl_Adapter-kit-BMW-E39-V8-M62-535i-540i-BMW-ZF-8HP-8HP70-8HP50-3992_6.png\",\"contentUrl\":\"https:\/\/cybul.eu\/wp-content\/uploads\/2023\/10\/eng_pl_Adapter-kit-BMW-E39-V8-M62-535i-540i-BMW-ZF-8HP-8HP70-8HP50-3992_6.png\",\"width\":600,\"height\":600,\"caption\":\"Zestaw konwersji BMW E39 V8 M62 535i 540i - BMW ZF 8HP 8HP70 8HP50\"},{\"@type\":\"BreadcrumbList\",\"@id\":\"https:\/\/cybul.eu\/pl\/sklep\/zestaw-konwersji-bmw-e39-v8-m62-535i-540i-bmw-zf-8hp-8hp70-8hp50\/#breadcrumb\",\"itemListElement\":[{\"@type\":\"ListItem\",\"position\":1,\"name\":\"Strona g\u0142\u00f3wna\",\"item\":\"https:\/\/cybul.eu\/pl\/\"},{\"@type\":\"ListItem\",\"position\":2,\"name\":\"Sklep\",\"item\":\"https:\/\/cybul.eu\/pl\/sklep\/\"},{\"@type\":\"ListItem\",\"position\":3,\"name\":\"Zestaw konwersji BMW E39 V8 M62 535i 540i &#8211; BMW ZF 8HP 8HP70 8HP50\"}]},{\"@type\":\"WebSite\",\"@id\":\"https:\/\/cybul.eu\/pl\/#website\",\"url\":\"https:\/\/cybul.eu\/pl\/\",\"name\":\"CYBUL\",\"description\":\"\",\"potentialAction\":[{\"@type\":\"SearchAction\",\"target\":{\"@type\":\"EntryPoint\",\"urlTemplate\":\"https:\/\/cybul.eu\/pl\/?s={search_term_string}\"},\"query-input\":{\"@type\":\"PropertyValueSpecification\",\"valueRequired\":true,\"valueName\":\"search_term_string\"}}],\"inLanguage\":\"pl-PL\"}]}<\/script>\n<!-- \/ Yoast SEO plugin. -->","yoast_head_json":{"title":"Zestaw konwersji BMW E39 V8 M62 535i 540i - BMW ZF 8HP 8HP70 8HP50 - CYBUL","description":"Zestaw adaptera umo\u017cliwia po\u0142\u0105czenie silnik\u00f3w serii BMW V8 M62 M62B35 M62TUB35 M62B44 M62TUB44 M62TUB46 (BMW E31 \/ E38 \/ E39 \/ X5) z przek\u0142adni\u0105 BMW ZF 8HP 8HP70 (zast\u0119puj\u0105c ZF 5HP24 (A5S440Z) \/ ZF 5HP30 (A5S560Z)). Zaprojektowano w \u015brodowisku CAD. W procesie produkcji u\u017cyto wy\u0142\u0105cznie certyfikowanych materia\u0142\u00f3w. Obr\u00f3bka CNC.","robots":{"index":"index","follow":"follow","max-snippet":"max-snippet:-1","max-image-preview":"max-image-preview:large","max-video-preview":"max-video-preview:-1"},"canonical":"https:\/\/cybul.eu\/pl\/sklep\/zestaw-konwersji-bmw-e39-v8-m62-535i-540i-bmw-zf-8hp-8hp70-8hp50\/","og_locale":"pl_PL","og_type":"article","og_title":"Zestaw konwersji BMW E39 V8 M62 535i 540i - BMW ZF 8HP 8HP70 8HP50 - CYBUL","og_description":"Zestaw adaptera umo\u017cliwia po\u0142\u0105czenie silnik\u00f3w serii BMW V8 M62 M62B35 M62TUB35 M62B44 M62TUB44 M62TUB46 (BMW E31 \/ E38 \/ E39 \/ X5) z przek\u0142adni\u0105 BMW ZF 8HP 8HP70 (zast\u0119puj\u0105c ZF 5HP24 (A5S440Z) \/ ZF 5HP30 (A5S560Z)). Zaprojektowano w \u015brodowisku CAD. W procesie produkcji u\u017cyto wy\u0142\u0105cznie certyfikowanych materia\u0142\u00f3w. Obr\u00f3bka CNC.","og_url":"https:\/\/cybul.eu\/pl\/sklep\/zestaw-konwersji-bmw-e39-v8-m62-535i-540i-bmw-zf-8hp-8hp70-8hp50\/","og_site_name":"CYBUL","og_image":[{"width":600,"height":600,"url":"https:\/\/cybul.eu\/wp-content\/uploads\/2023\/10\/eng_pl_Adapter-kit-BMW-E39-V8-M62-535i-540i-BMW-ZF-8HP-8HP70-8HP50-3992_6.png","type":"image\/png"}],"twitter_card":"summary_large_image","twitter_misc":{"Szacowany czas czytania":"2 minuty"},"schema":{"@context":"https:\/\/schema.org","@graph":[{"@type":"WebPage","@id":"https:\/\/cybul.eu\/pl\/sklep\/zestaw-konwersji-bmw-e39-v8-m62-535i-540i-bmw-zf-8hp-8hp70-8hp50\/","url":"https:\/\/cybul.eu\/pl\/sklep\/zestaw-konwersji-bmw-e39-v8-m62-535i-540i-bmw-zf-8hp-8hp70-8hp50\/","name":"Zestaw konwersji BMW E39 V8 M62 535i 540i - BMW ZF 8HP 8HP70 8HP50 - CYBUL","isPartOf":{"@id":"https:\/\/cybul.eu\/pl\/#website"},"primaryImageOfPage":{"@id":"https:\/\/cybul.eu\/pl\/sklep\/zestaw-konwersji-bmw-e39-v8-m62-535i-540i-bmw-zf-8hp-8hp70-8hp50\/#primaryimage"},"image":{"@id":"https:\/\/cybul.eu\/pl\/sklep\/zestaw-konwersji-bmw-e39-v8-m62-535i-540i-bmw-zf-8hp-8hp70-8hp50\/#primaryimage"},"thumbnailUrl":"https:\/\/cybul.eu\/wp-content\/uploads\/2023\/10\/eng_pl_Adapter-kit-BMW-E39-V8-M62-535i-540i-BMW-ZF-8HP-8HP70-8HP50-3992_6.png","datePublished":"2023-10-30T11:23:06+00:00","dateModified":"2023-10-30T11:23:06+00:00","description":"Zestaw adaptera umo\u017cliwia po\u0142\u0105czenie silnik\u00f3w serii BMW V8 M62 M62B35 M62TUB35 M62B44 M62TUB44 M62TUB46 (BMW E31 \/ E38 \/ E39 \/ X5) z przek\u0142adni\u0105 BMW ZF 8HP 8HP70 (zast\u0119puj\u0105c ZF 5HP24 (A5S440Z) \/ ZF 5HP30 (A5S560Z)). Zaprojektowano w \u015brodowisku CAD. W procesie produkcji u\u017cyto wy\u0142\u0105cznie certyfikowanych materia\u0142\u00f3w. Obr\u00f3bka CNC.","breadcrumb":{"@id":"https:\/\/cybul.eu\/pl\/sklep\/zestaw-konwersji-bmw-e39-v8-m62-535i-540i-bmw-zf-8hp-8hp70-8hp50\/#breadcrumb"},"inLanguage":"pl-PL","potentialAction":[{"@type":"ReadAction","target":["https:\/\/cybul.eu\/pl\/sklep\/zestaw-konwersji-bmw-e39-v8-m62-535i-540i-bmw-zf-8hp-8hp70-8hp50\/"]}]},{"@type":"ImageObject","inLanguage":"pl-PL","@id":"https:\/\/cybul.eu\/pl\/sklep\/zestaw-konwersji-bmw-e39-v8-m62-535i-540i-bmw-zf-8hp-8hp70-8hp50\/#primaryimage","url":"https:\/\/cybul.eu\/wp-content\/uploads\/2023\/10\/eng_pl_Adapter-kit-BMW-E39-V8-M62-535i-540i-BMW-ZF-8HP-8HP70-8HP50-3992_6.png","contentUrl":"https:\/\/cybul.eu\/wp-content\/uploads\/2023\/10\/eng_pl_Adapter-kit-BMW-E39-V8-M62-535i-540i-BMW-ZF-8HP-8HP70-8HP50-3992_6.png","width":600,"height":600,"caption":"Zestaw konwersji BMW E39 V8 M62 535i 540i - BMW ZF 8HP 8HP70 8HP50"},{"@type":"BreadcrumbList","@id":"https:\/\/cybul.eu\/pl\/sklep\/zestaw-konwersji-bmw-e39-v8-m62-535i-540i-bmw-zf-8hp-8hp70-8hp50\/#breadcrumb","itemListElement":[{"@type":"ListItem","position":1,"name":"Strona g\u0142\u00f3wna","item":"https:\/\/cybul.eu\/pl\/"},{"@type":"ListItem","position":2,"name":"Sklep","item":"https:\/\/cybul.eu\/pl\/sklep\/"},{"@type":"ListItem","position":3,"name":"Zestaw konwersji BMW E39 V8 M62 535i 540i &#8211; BMW ZF 8HP 8HP70 8HP50"}]},{"@type":"WebSite","@id":"https:\/\/cybul.eu\/pl\/#website","url":"https:\/\/cybul.eu\/pl\/","name":"CYBUL","description":"","potentialAction":[{"@type":"SearchAction","target":{"@type":"EntryPoint","urlTemplate":"https:\/\/cybul.eu\/pl\/?s={search_term_string}"},"query-input":{"@type":"PropertyValueSpecification","valueRequired":true,"valueName":"search_term_string"}}],"inLanguage":"pl-PL"}]}},"_links":{"self":[{"href":"https:\/\/cybul.eu\/pl\/wp-json\/wp\/v2\/product\/8136","targetHints":{"allow":["GET"]}}],"collection":[{"href":"https:\/\/cybul.eu\/pl\/wp-json\/wp\/v2\/product"}],"about":[{"href":"https:\/\/cybul.eu\/pl\/wp-json\/wp\/v2\/types\/product"}],"replies":[{"embeddable":true,"href":"https:\/\/cybul.eu\/pl\/wp-json\/wp\/v2\/comments?post=8136"}],"wp:featuredmedia":[{"embeddable":true,"href":"https:\/\/cybul.eu\/pl\/wp-json\/wp\/v2\/media\/8133"}],"wp:attachment":[{"href":"https:\/\/cybul.eu\/pl\/wp-json\/wp\/v2\/media?parent=8136"}],"wp:term":[{"taxonomy":"product_cat","embeddable":true,"href":"https:\/\/cybul.eu\/pl\/wp-json\/wp\/v2\/product_cat?post=8136"},{"taxonomy":"product_tag","embeddable":true,"href":"https:\/\/cybul.eu\/pl\/wp-json\/wp\/v2\/product_tag?post=8136"}],"curies":[{"name":"wp","href":"https:\/\/api.w.org\/{rel}","templated":true}]}}