{"id":8122,"date":"2023-10-30T10:38:26","date_gmt":"2023-10-30T09:38:26","guid":{"rendered":"https:\/\/cybul.eu\/shop\/race-stage-2-adapter-bmw-m60-m62-bmw-m57n-hgd-jga-184mm-7-25-p\/"},"modified":"2023-10-30T10:38:26","modified_gmt":"2023-10-30T09:38:26","slug":"race-stage-2-adapter-bmw-m60-m62-bmw-m57n-hgd-jga-184mm-7-25-p","status":"publish","type":"product","link":"https:\/\/cybul.eu\/pl\/sklep\/race-stage-2-adapter-bmw-m60-m62-bmw-m57n-hgd-jga-184mm-7-25-p\/","title":{"rendered":"RACE STAGE 2 adapter BMW M60 M62 &#8211; BMW M57N HGD JGA &#8211; 184mm 7.25&#8243; (P)"},"content":{"rendered":"<div id=\"component_projector_longdescription_not\" class=\"projector_longdescription cm\">\n<h1 data-placeholder=\"T\u0142umaczenie\">PMC Motorsport RACE STAGE 2 zestaw adapter\u00f3w (adapter kit \/ zestaw \/ system adaptacyjny \/ zestaw zamiany \/ zestaw konwersji \/ konwersja manualna)<\/h1>\n<h1>BMW V8 M60 M62 S62 &#8211; BMW M57N M57N2 ZF GS6-53DZ HGD JGA E60 525D 530D 6-biegowy Diesel &#8211; <strong>184mm 7.25&#8243; POT + 2x tarcza spiekowa + Docisk Tilton Engineering\u00ae<\/strong><\/h1>\n<p>Zestaw adapter\u00f3w umo\u017cliwia po\u0142\u0105czenie silnika serii <strong>BMW V8 M60<\/strong> z bardzo trwa\u0142\u0105 i \u0142atw\u0105 do kupienia <em><strong>skrzyni\u0105 bieg\u00f3w BMW<\/strong><\/em>. Jest to idealne rozwi\u0105zanie zar\u00f3wno dla sport\u00f3w motorowych, jak i dla os\u00f3b, kt\u00f3re chc\u0105 zmieni\u0107 automatyczn\u0105 skrzyni\u0119 bieg\u00f3w na manualn\u0105.<\/p>\n<ul>\n<li>Zaprojektowany w \u015brodowisku CAD<\/li>\n<li>W procesie produkcji u\u017cyto tylko certyfikowanych materia\u0142\u00f3w<\/li>\n<li>Obr\u00f3bka CNC<\/li>\n<li>Wymienna \u017celiwna powierzchnia tarczy sprz\u0119g\u0142a<\/li>\n<li>Ko\u0142o zamachowe jest wywa\u017cane przed wysy\u0142k\u0105<\/li>\n<\/ul>\n<table>\n<tbody>\n<tr>\n<td>\n<h4>Lista silnik\u00f3w:<\/h4>\n<\/td>\n<td>\n<ul>\n<li>BMW V8 M60 M60B30 M60B40 LHD<\/li>\n<li>BMW V8 M62 M62B35 M62B44 M62B46 LHD<\/li>\n<li>BMW V8 S62 S62B50 LHD<\/li>\n<\/ul>\n<\/td>\n<\/tr>\n<tr>\n<td>\n<h4>Lista skrzy\u0144 bieg\u00f3w:<\/h4>\n<\/td>\n<td>\n<ul>\n<li><strong>BMW M57N M57N2 23.00 7522205 GS6-53DZ HGD (THGD) 6-biegowa<\/strong> 1067 010 003 ZF 1067 401 060 1067401060 \/ 1067 401 016 1067401016 BMW OEM 23 00 7 522 205 \/ 23 00 7 565 218\n<ul>\n<li>BMW E60 E60N E61N E61 525D 530D<\/li>\n<\/ul>\n<\/li>\n<li><strong>BMW M57N M57N2 23.00 7565218 GS6-53DZ JGA (TJGA<\/strong>) <strong>6-biegowa<\/strong> 1067 010 013 ZF 1067 401 116 1067401116 BMW OEM 23 00 7 571 426<\/li>\n<\/ul>\n<\/td>\n<\/tr>\n<\/tbody>\n<\/table>\n<p>&nbsp;<\/p>\n<h2>Instrukcja<\/h2>\n<ul>\n<li>U\u017cyj ko\u0142a zamachowego \/ pier\u015bcienia z wersji automatycznej<\/li>\n<li>Dokr\u0119\u0107 ko\u0142o zamachowe do tego samego momentu obrotowego co OE.<\/li>\n<li>\u0141o\u017cysko i widelec sprz\u0119g\u0142a pozostaj\u0105 ze skrzyni bieg\u00f3w. Je\u015bli masz \u0142o\u017cysko z dwoma pozycjami wysoko\u015bci, u\u017cyj pozycji 28,5 mm<\/li>\n<li>Wymagana adaptacja pompy niewolniczej sprz\u0119g\u0142a (zmiana pompy na mniejsz\u0105 &#8211; \u015brednica t\u0142oka lub skr\u00f3cenie skoku pompy)<\/li>\n<li>Wymagane skr\u00f3cenie rury prowadz\u0105cej <strong>BMW OEM 23 11 7 501 714<\/strong><\/li>\n<\/ul>\n<p>&nbsp;<\/p>\n<\/div>\n<div id=\"component_projector_dictionary_no\" class=\"component_projector_dictionary\">\n<div class=\"n56173_main\">\n<div class=\"n56173_sub\">\n<table class=\"n54117_dictionary\">\n<tbody>\n<tr class=\"element\">\n<td class=\"n54117_item_a1\">Silnik<span class=\"n67256colon\">:<\/span><\/td>\n<td class=\"n54117_item_b1\">\n<div class=\"n54117_item_b_sub\">BMW V8 M60 M60B30 M60B40<\/div>\n<p>,<\/p>\n<div class=\"n54117_item_b_sub\">BMW V8 M62 M62B35 M62B44 M62B46<\/div>\n<p>,<\/p>\n<div class=\"n54117_item_b_sub\">BMW V8 S62 S62B50<\/div>\n<\/td>\n<\/tr>\n<tr class=\"element group_next\">\n<td class=\"n54117_item_a2\">Skrzynia bieg\u00f3w<span class=\"n67256colon\">:<\/span><\/td>\n<td class=\"n54117_item_b2\">\n<div class=\"n54117_item_b_sub\">BMW M57N2 ZF GS6-53DZ HGD E60 530D 6-biegowa (DIESEL)<\/div>\n<p>,<\/p>\n<div class=\"n54117_item_b_sub\">BMW M57N2 ZF GS6-53DZ JGA E60 530D 6-biegowa (DIESEL)<\/div>\n<\/td>\n<\/tr>\n<tr class=\"group\">\n<td class=\"n54117_group\" colspan=\"2\">\n<div class=\"n54117_group\"><span class=\"n54117_name2_group big_label\">ZESTAW SPRZ\u0118G\u0141A<\/span><\/div>\n<\/td>\n<\/tr>\n<tr class=\"element\">\n<td class=\"n54117_item_a2\">Zestaw ze sprz\u0119g\u0142em<span class=\"n67256colon\">:<\/span><\/td>\n<td class=\"n54117_item_b2\">\n<div class=\"n54117_item_b_sub\">Tak<\/div>\n<\/td>\n<\/tr>\n<tr class=\"element\">\n<td class=\"n54117_item_a1\">Typ ko\u0142a zamachowego<span class=\"n67256colon\">:<\/span><\/td>\n<td class=\"n54117_item_b1\">\n<div class=\"n54117_item_b_sub\">Ultralekkie wy\u015bcigowe 184mm \/ 7.25&#8243;<\/div>\n<\/td>\n<\/tr>\n<tr class=\"element\">\n<td class=\"n54117_item_a2\">Zestaw sprz\u0119g\u0142a<span class=\"n67256colon\">:<\/span><\/td>\n<td class=\"n54117_item_b2\">\n<div class=\"n54117_item_b_sub\">Docisk Tilton OT-II Cerametallic 7.25&#8243; 66-312 HGG Twin disc (POT)<\/div>\n<\/td>\n<\/tr>\n<tr class=\"element\">\n<td class=\"n54117_item_a1\">Wymagana tarcza sprz\u0119g\u0142a<span class=\"n67256colon\">:<\/span><\/td>\n<td class=\"n54117_item_b1\">\n<div class=\"n54117_item_b_sub\">Wliczone<\/div>\n<\/td>\n<\/tr>\n<tr class=\"element\">\n<td class=\"n54117_item_a2\">Wymagane \u0142o\u017cysko oporowe<span class=\"n67256colon\">:<\/span><\/td>\n<td class=\"n54117_item_b2\">\n<div class=\"n54117_item_b_sub\">Dedykowane dla twojej skrzyni bieg\u00f3w<\/div>\n<\/td>\n<\/tr>\n<tr class=\"element\">\n<td class=\"n54117_item_a1\">Wymagany widelec sprz\u0119g\u0142a<span class=\"n67256colon\">:<\/span><\/td>\n<td class=\"n54117_item_b1\">\n<div class=\"n54117_item_b_sub\">Dedykowany dla twojej skrzyni bieg\u00f3w<\/div>\n<\/td>\n<\/tr>\n<tr class=\"element\">\n<td class=\"n54117_item_a2\">Wymagany rozrusznik<span class=\"n67256colon\">:<\/span><\/td>\n<td class=\"n54117_item_b2\">\n<div class=\"n54117_item_b_sub\">BMW M60 M62 OE 12 41 1 729 981<\/div>\n<p>,<\/p>\n<div class=\"n54117_item_b_sub\">BMW M60 M62 OE 12 41 1 736 921<\/div>\n<\/td>\n<\/tr>\n<tr class=\"element group_next\">\n<td class=\"n54117_item_a1\">Wymagany flexplate \/ pier\u015bcie\u0144 z\u0119baty<span class=\"n67256colon\">:<\/span><\/td>\n<td class=\"n54117_item_b1\">\n<div class=\"n54117_item_b_sub\">BMW M60 V8 OE 11 22 1 747 843<\/div>\n<p>,<\/p>\n<div class=\"n54117_item_b_sub\">BMW M60 V8 OE 11 22 1 715 646<\/div>\n<\/td>\n<\/tr>\n<tr class=\"group\">\n<td class=\"n54117_group\" colspan=\"2\">\n<div class=\"n54117_group\"><span class=\"n54117_name2_group big_label\">DODATKOWE INFORMACJE<\/span><\/div>\n<\/td>\n<\/tr>\n<tr class=\"element\">\n<td class=\"n54117_item_a1\">Typ zestawu adapter\u00f3w<span class=\"n67256colon\">:<\/span><\/td>\n<td class=\"n54117_item_b1\">\n<div class=\"n54117_item_b_sub\">Motorsport<\/div>\n<\/td>\n<\/tr>\n<tr class=\"element\">\n<td class=\"n54117_item_a2\">Grubo\u015b\u0107 adaptera skrzyni bieg\u00f3w<span class=\"n67256colon\">:<\/span><\/td>\n<td class=\"n54117_item_b2\">\n<div class=\"n54117_item_b_sub\">25mm \/ 0.98&#8243;<\/div>\n<\/td>\n<\/tr>\n<tr class=\"element\">\n<td class=\"n54117_item_a1\">Wymienna powierzchnia tarczy sprz\u0119g\u0142a<span class=\"n67256colon\">:<\/span><\/td>\n<td class=\"n54117_item_b1\">\n<div class=\"n54117_item_b_sub\">Tak<\/div>\n<\/td>\n<\/tr>\n<tr class=\"element\">\n<td class=\"n54117_item_a2\">Set includes<span class=\"n67256colon\">:<\/span><\/td>\n<td class=\"n54117_item_b2\">\n<div class=\"n54117_item_b_sub\">Aluminium gearbox adapter<\/div>\n<p>,<\/p>\n<div class=\"n54117_item_b_sub\">Gearbox adapter bolts<\/div>\n<p>,<\/p>\n<div class=\"n54117_item_b_sub\">Custom Flywheel<\/div>\n<p>,<\/p>\n<div class=\"n54117_item_b_sub\">Crankshaft bolts kit<\/div>\n<p>,<\/p>\n<div class=\"n54117_item_b_sub\">Clutch cover &#8211; pressure plate bolts kit<\/div>\n<p>,<\/p>\n<div class=\"n54117_item_b_sub\">Tilton OT-II Cerametallic Pressure Plate 7.25&#8243; 66-312 HGG Twin disc (POT)<\/div>\n<p>,<\/p>\n<div class=\"n54117_item_b_sub\">2 Tarcze spiekowe Tilton 64185-8-VV-55<\/div>\n<\/td>\n<\/tr>\n<tr class=\"element\">\n<td class=\"n54117_item_a1\">Product sales codes included<span class=\"n67256colon\">:<\/span><\/td>\n<td class=\"n54117_item_b1\">\n<div class=\"n54117_item_b_sub\">F0M57-M6<\/div>\n<p>,<\/p>\n<div class=\"n54117_item_b_sub\">K0M57-TP-M6 (996)<\/div>\n<p>,<\/p>\n<div class=\"n54117_item_b_sub\">Tilton OT-II Cerametallic Pressure Plate 7.25&#8243; 66-312 HGG Twin disc (POT)<\/div>\n<p>,<\/p>\n<div class=\"n54117_item_b_sub\">TLT64185-8-VV-55<\/div>\n<\/td>\n<\/tr>\n<\/tbody>\n<\/table>\n<\/div>\n<\/div>\n<\/div>\n","protected":false},"excerpt":{"rendered":"<p>Zestaw adaptera umo\u017cliwia po\u0142\u0105czenie serii silnik\u00f3w <strong>BMW V8 M60<\/strong> z bardzo wytrzyma\u0142\u0105 i \u0142atw\u0105 w zakupie skrzyni\u0105 bieg\u00f3w <em><strong>BMW<\/strong><\/em>. Jest to idealne rozwi\u0105zanie zar\u00f3wno dla motorsportu, jak i dla os\u00f3b, kt\u00f3re chc\u0105 zmieni\u0107 (przekonwertowa\u0107) automatyczn\u0105 skrzyni\u0119 bieg\u00f3w na manualn\u0105.<\/p>\n<ul>\n<li>Zaprojektowano w \u015brodowisku CAD<\/li>\n<li>W procesie produkcyjnym u\u017cyto tylko certyfikowanych materia\u0142\u00f3w<\/li>\n<li>Obr\u00f3bka CNC<\/li>\n<li>Wymienna \u017celiwna powierzchnia tarczy sprz\u0119g\u0142a<\/li>\n<li>Ko\u0142o zamachowe jest wywa\u017cone przed wysy\u0142k\u0105<\/li>\n<\/ul>\n","protected":false},"featured_media":8106,"comment_status":"open","ping_status":"closed","template":"","meta":[],"product_cat":[376,377,359],"product_tag":[],"class_list":{"0":"post-8122","1":"product","2":"type-product","3":"status-publish","4":"has-post-thumbnail","6":"product_cat-e36","7":"product_cat-e46","8":"product_cat-sprzegla","9":"product_shipping_class-standard","11":"first","12":"instock","13":"taxable","14":"shipping-taxable","15":"purchasable","16":"product-type-simple"},"bundled_by":[],"bundle_stock_status":"instock","bundle_stock_quantity":null,"bundle_virtual":false,"bundle_layout":"","bundle_add_to_cart_form_location":"","bundle_editable_in_cart":false,"bundle_sold_individually_context":"","bundle_item_grouping":"","bundle_min_size":"","bundle_max_size":"","bundle_price":[],"bundled_items":[],"bundle_sell_ids":[],"acf":{"zdjecie_bez_watermarka":null,"zdjecie_bez_watermarka_url":"","product_orgin_url":""},"yoast_head":"<!-- This site is optimized with the Yoast SEO plugin v23.9 - https:\/\/yoast.com\/wordpress\/plugins\/seo\/ -->\n<title>RACE STAGE 2 adapter BMW M60 M62 - BMW M57N HGD JGA - 184mm 7.25&quot; (P) - CYBUL<\/title>\n<meta name=\"description\" content=\"Zestaw adaptera umo\u017cliwia po\u0142\u0105czenie serii silnik\u00f3w BMW V8 M60 z bardzo wytrzyma\u0142\u0105 i \u0142atw\u0105 do zakupu skrzyni\u0105 bieg\u00f3w BMW. Jest to idealne rozwi\u0105zanie do zastosowa\u0144 motorsportowych, a tak\u017ce dla os\u00f3b, kt\u00f3re chc\u0105 zmieni\u0107 automatyczn\u0105 skrzyni\u0119 bieg\u00f3w na manualn\u0105. Zaprojektowany w \u015brodowisku CAD. W procesie produkcji u\u017cyto tylko certyfikowanych materia\u0142\u00f3w. Obr\u00f3bka CNC. Wymienna \u017celiwna powierzchnia tarczy sprz\u0119g\u0142a. Ko\u0142o zamachowe jest wywa\u017cone przed wysy\u0142k\u0105.\" \/>\n<meta name=\"robots\" content=\"index, follow, max-snippet:-1, max-image-preview:large, max-video-preview:-1\" \/>\n<link rel=\"canonical\" href=\"https:\/\/cybul.eu\/pl\/sklep\/race-stage-2-adapter-bmw-m60-m62-bmw-m57n-hgd-jga-184mm-7-25-p\/\" \/>\n<meta property=\"og:locale\" content=\"pl_PL\" \/>\n<meta property=\"og:type\" content=\"article\" \/>\n<meta property=\"og:title\" content=\"RACE STAGE 2 adapter BMW M60 M62 - BMW M57N HGD JGA - 184mm 7.25&quot; (P) - CYBUL\" \/>\n<meta property=\"og:description\" content=\"Zestaw adaptera umo\u017cliwia po\u0142\u0105czenie serii silnik\u00f3w BMW V8 M60 z bardzo wytrzyma\u0142\u0105 i \u0142atw\u0105 do zakupu skrzyni\u0105 bieg\u00f3w BMW. Jest to idealne rozwi\u0105zanie do zastosowa\u0144 motorsportowych, a tak\u017ce dla os\u00f3b, kt\u00f3re chc\u0105 zmieni\u0107 automatyczn\u0105 skrzyni\u0119 bieg\u00f3w na manualn\u0105. Zaprojektowany w \u015brodowisku CAD. W procesie produkcji u\u017cyto tylko certyfikowanych materia\u0142\u00f3w. Obr\u00f3bka CNC. Wymienna \u017celiwna powierzchnia tarczy sprz\u0119g\u0142a. Ko\u0142o zamachowe jest wywa\u017cone przed wysy\u0142k\u0105.\" \/>\n<meta property=\"og:url\" content=\"https:\/\/cybul.eu\/pl\/sklep\/race-stage-2-adapter-bmw-m60-m62-bmw-m57n-hgd-jga-184mm-7-25-p\/\" \/>\n<meta property=\"og:site_name\" content=\"CYBUL\" \/>\n<meta property=\"og:image\" content=\"https:\/\/cybul.eu\/wp-content\/uploads\/2023\/10\/eng_pl_RACE-STAGE-2-BMW-M60-M62-BMW-M57N-HGD-JGA-184mm-7-25-P-3314_3.png\" \/>\n\t<meta property=\"og:image:width\" content=\"600\" \/>\n\t<meta property=\"og:image:height\" content=\"600\" \/>\n\t<meta property=\"og:image:type\" content=\"image\/png\" \/>\n<meta name=\"twitter:card\" content=\"summary_large_image\" \/>\n<meta name=\"twitter:label1\" content=\"Szacowany czas czytania\" \/>\n\t<meta name=\"twitter:data1\" content=\"2 minuty\" \/>\n<script type=\"application\/ld+json\" class=\"yoast-schema-graph\">{\"@context\":\"https:\/\/schema.org\",\"@graph\":[{\"@type\":\"WebPage\",\"@id\":\"https:\/\/cybul.eu\/pl\/sklep\/race-stage-2-adapter-bmw-m60-m62-bmw-m57n-hgd-jga-184mm-7-25-p\/\",\"url\":\"https:\/\/cybul.eu\/pl\/sklep\/race-stage-2-adapter-bmw-m60-m62-bmw-m57n-hgd-jga-184mm-7-25-p\/\",\"name\":\"RACE STAGE 2 adapter BMW M60 M62 - BMW M57N HGD JGA - 184mm 7.25\\\" (P) - CYBUL\",\"isPartOf\":{\"@id\":\"https:\/\/cybul.eu\/pl\/#website\"},\"primaryImageOfPage\":{\"@id\":\"https:\/\/cybul.eu\/pl\/sklep\/race-stage-2-adapter-bmw-m60-m62-bmw-m57n-hgd-jga-184mm-7-25-p\/#primaryimage\"},\"image\":{\"@id\":\"https:\/\/cybul.eu\/pl\/sklep\/race-stage-2-adapter-bmw-m60-m62-bmw-m57n-hgd-jga-184mm-7-25-p\/#primaryimage\"},\"thumbnailUrl\":\"https:\/\/cybul.eu\/wp-content\/uploads\/2023\/10\/eng_pl_RACE-STAGE-2-BMW-M60-M62-BMW-M57N-HGD-JGA-184mm-7-25-P-3314_3.png\",\"datePublished\":\"2023-10-30T09:38:26+00:00\",\"dateModified\":\"2023-10-30T09:38:26+00:00\",\"description\":\"Zestaw adaptera umo\u017cliwia po\u0142\u0105czenie serii silnik\u00f3w BMW V8 M60 z bardzo wytrzyma\u0142\u0105 i \u0142atw\u0105 do zakupu skrzyni\u0105 bieg\u00f3w BMW. Jest to idealne rozwi\u0105zanie do zastosowa\u0144 motorsportowych, a tak\u017ce dla os\u00f3b, kt\u00f3re chc\u0105 zmieni\u0107 automatyczn\u0105 skrzyni\u0119 bieg\u00f3w na manualn\u0105. Zaprojektowany w \u015brodowisku CAD. W procesie produkcji u\u017cyto tylko certyfikowanych materia\u0142\u00f3w. Obr\u00f3bka CNC. Wymienna \u017celiwna powierzchnia tarczy sprz\u0119g\u0142a. Ko\u0142o zamachowe jest wywa\u017cone przed wysy\u0142k\u0105.\",\"breadcrumb\":{\"@id\":\"https:\/\/cybul.eu\/pl\/sklep\/race-stage-2-adapter-bmw-m60-m62-bmw-m57n-hgd-jga-184mm-7-25-p\/#breadcrumb\"},\"inLanguage\":\"pl-PL\",\"potentialAction\":[{\"@type\":\"ReadAction\",\"target\":[\"https:\/\/cybul.eu\/pl\/sklep\/race-stage-2-adapter-bmw-m60-m62-bmw-m57n-hgd-jga-184mm-7-25-p\/\"]}]},{\"@type\":\"ImageObject\",\"inLanguage\":\"pl-PL\",\"@id\":\"https:\/\/cybul.eu\/pl\/sklep\/race-stage-2-adapter-bmw-m60-m62-bmw-m57n-hgd-jga-184mm-7-25-p\/#primaryimage\",\"url\":\"https:\/\/cybul.eu\/wp-content\/uploads\/2023\/10\/eng_pl_RACE-STAGE-2-BMW-M60-M62-BMW-M57N-HGD-JGA-184mm-7-25-P-3314_3.png\",\"contentUrl\":\"https:\/\/cybul.eu\/wp-content\/uploads\/2023\/10\/eng_pl_RACE-STAGE-2-BMW-M60-M62-BMW-M57N-HGD-JGA-184mm-7-25-P-3314_3.png\",\"width\":600,\"height\":600,\"caption\":\"RACE STAGE 2 BMW M60 M62 - BMW M57N HGD JGA - 184mm 7.25\\\" (P)\"},{\"@type\":\"BreadcrumbList\",\"@id\":\"https:\/\/cybul.eu\/pl\/sklep\/race-stage-2-adapter-bmw-m60-m62-bmw-m57n-hgd-jga-184mm-7-25-p\/#breadcrumb\",\"itemListElement\":[{\"@type\":\"ListItem\",\"position\":1,\"name\":\"Strona g\u0142\u00f3wna\",\"item\":\"https:\/\/cybul.eu\/pl\/\"},{\"@type\":\"ListItem\",\"position\":2,\"name\":\"Sklep\",\"item\":\"https:\/\/cybul.eu\/pl\/sklep\/\"},{\"@type\":\"ListItem\",\"position\":3,\"name\":\"RACE STAGE 2 adapter BMW M60 M62 &#8211; BMW M57N HGD JGA &#8211; 184mm 7.25&#8243; (P)\"}]},{\"@type\":\"WebSite\",\"@id\":\"https:\/\/cybul.eu\/pl\/#website\",\"url\":\"https:\/\/cybul.eu\/pl\/\",\"name\":\"CYBUL\",\"description\":\"\",\"potentialAction\":[{\"@type\":\"SearchAction\",\"target\":{\"@type\":\"EntryPoint\",\"urlTemplate\":\"https:\/\/cybul.eu\/pl\/?s={search_term_string}\"},\"query-input\":{\"@type\":\"PropertyValueSpecification\",\"valueRequired\":true,\"valueName\":\"search_term_string\"}}],\"inLanguage\":\"pl-PL\"}]}<\/script>\n<!-- \/ Yoast SEO plugin. -->","yoast_head_json":{"title":"RACE STAGE 2 adapter BMW M60 M62 - BMW M57N HGD JGA - 184mm 7.25\" (P) - CYBUL","description":"Zestaw adaptera umo\u017cliwia po\u0142\u0105czenie serii silnik\u00f3w BMW V8 M60 z bardzo wytrzyma\u0142\u0105 i \u0142atw\u0105 do zakupu skrzyni\u0105 bieg\u00f3w BMW. Jest to idealne rozwi\u0105zanie do zastosowa\u0144 motorsportowych, a tak\u017ce dla os\u00f3b, kt\u00f3re chc\u0105 zmieni\u0107 automatyczn\u0105 skrzyni\u0119 bieg\u00f3w na manualn\u0105. Zaprojektowany w \u015brodowisku CAD. W procesie produkcji u\u017cyto tylko certyfikowanych materia\u0142\u00f3w. Obr\u00f3bka CNC. Wymienna \u017celiwna powierzchnia tarczy sprz\u0119g\u0142a. Ko\u0142o zamachowe jest wywa\u017cone przed wysy\u0142k\u0105.","robots":{"index":"index","follow":"follow","max-snippet":"max-snippet:-1","max-image-preview":"max-image-preview:large","max-video-preview":"max-video-preview:-1"},"canonical":"https:\/\/cybul.eu\/pl\/sklep\/race-stage-2-adapter-bmw-m60-m62-bmw-m57n-hgd-jga-184mm-7-25-p\/","og_locale":"pl_PL","og_type":"article","og_title":"RACE STAGE 2 adapter BMW M60 M62 - BMW M57N HGD JGA - 184mm 7.25\" (P) - CYBUL","og_description":"Zestaw adaptera umo\u017cliwia po\u0142\u0105czenie serii silnik\u00f3w BMW V8 M60 z bardzo wytrzyma\u0142\u0105 i \u0142atw\u0105 do zakupu skrzyni\u0105 bieg\u00f3w BMW. Jest to idealne rozwi\u0105zanie do zastosowa\u0144 motorsportowych, a tak\u017ce dla os\u00f3b, kt\u00f3re chc\u0105 zmieni\u0107 automatyczn\u0105 skrzyni\u0119 bieg\u00f3w na manualn\u0105. Zaprojektowany w \u015brodowisku CAD. W procesie produkcji u\u017cyto tylko certyfikowanych materia\u0142\u00f3w. Obr\u00f3bka CNC. Wymienna \u017celiwna powierzchnia tarczy sprz\u0119g\u0142a. Ko\u0142o zamachowe jest wywa\u017cone przed wysy\u0142k\u0105.","og_url":"https:\/\/cybul.eu\/pl\/sklep\/race-stage-2-adapter-bmw-m60-m62-bmw-m57n-hgd-jga-184mm-7-25-p\/","og_site_name":"CYBUL","og_image":[{"width":600,"height":600,"url":"https:\/\/cybul.eu\/wp-content\/uploads\/2023\/10\/eng_pl_RACE-STAGE-2-BMW-M60-M62-BMW-M57N-HGD-JGA-184mm-7-25-P-3314_3.png","type":"image\/png"}],"twitter_card":"summary_large_image","twitter_misc":{"Szacowany czas czytania":"2 minuty"},"schema":{"@context":"https:\/\/schema.org","@graph":[{"@type":"WebPage","@id":"https:\/\/cybul.eu\/pl\/sklep\/race-stage-2-adapter-bmw-m60-m62-bmw-m57n-hgd-jga-184mm-7-25-p\/","url":"https:\/\/cybul.eu\/pl\/sklep\/race-stage-2-adapter-bmw-m60-m62-bmw-m57n-hgd-jga-184mm-7-25-p\/","name":"RACE STAGE 2 adapter BMW M60 M62 - BMW M57N HGD JGA - 184mm 7.25\" (P) - CYBUL","isPartOf":{"@id":"https:\/\/cybul.eu\/pl\/#website"},"primaryImageOfPage":{"@id":"https:\/\/cybul.eu\/pl\/sklep\/race-stage-2-adapter-bmw-m60-m62-bmw-m57n-hgd-jga-184mm-7-25-p\/#primaryimage"},"image":{"@id":"https:\/\/cybul.eu\/pl\/sklep\/race-stage-2-adapter-bmw-m60-m62-bmw-m57n-hgd-jga-184mm-7-25-p\/#primaryimage"},"thumbnailUrl":"https:\/\/cybul.eu\/wp-content\/uploads\/2023\/10\/eng_pl_RACE-STAGE-2-BMW-M60-M62-BMW-M57N-HGD-JGA-184mm-7-25-P-3314_3.png","datePublished":"2023-10-30T09:38:26+00:00","dateModified":"2023-10-30T09:38:26+00:00","description":"Zestaw adaptera umo\u017cliwia po\u0142\u0105czenie serii silnik\u00f3w BMW V8 M60 z bardzo wytrzyma\u0142\u0105 i \u0142atw\u0105 do zakupu skrzyni\u0105 bieg\u00f3w BMW. Jest to idealne rozwi\u0105zanie do zastosowa\u0144 motorsportowych, a tak\u017ce dla os\u00f3b, kt\u00f3re chc\u0105 zmieni\u0107 automatyczn\u0105 skrzyni\u0119 bieg\u00f3w na manualn\u0105. Zaprojektowany w \u015brodowisku CAD. W procesie produkcji u\u017cyto tylko certyfikowanych materia\u0142\u00f3w. Obr\u00f3bka CNC. Wymienna \u017celiwna powierzchnia tarczy sprz\u0119g\u0142a. Ko\u0142o zamachowe jest wywa\u017cone przed wysy\u0142k\u0105.","breadcrumb":{"@id":"https:\/\/cybul.eu\/pl\/sklep\/race-stage-2-adapter-bmw-m60-m62-bmw-m57n-hgd-jga-184mm-7-25-p\/#breadcrumb"},"inLanguage":"pl-PL","potentialAction":[{"@type":"ReadAction","target":["https:\/\/cybul.eu\/pl\/sklep\/race-stage-2-adapter-bmw-m60-m62-bmw-m57n-hgd-jga-184mm-7-25-p\/"]}]},{"@type":"ImageObject","inLanguage":"pl-PL","@id":"https:\/\/cybul.eu\/pl\/sklep\/race-stage-2-adapter-bmw-m60-m62-bmw-m57n-hgd-jga-184mm-7-25-p\/#primaryimage","url":"https:\/\/cybul.eu\/wp-content\/uploads\/2023\/10\/eng_pl_RACE-STAGE-2-BMW-M60-M62-BMW-M57N-HGD-JGA-184mm-7-25-P-3314_3.png","contentUrl":"https:\/\/cybul.eu\/wp-content\/uploads\/2023\/10\/eng_pl_RACE-STAGE-2-BMW-M60-M62-BMW-M57N-HGD-JGA-184mm-7-25-P-3314_3.png","width":600,"height":600,"caption":"RACE STAGE 2 BMW M60 M62 - BMW M57N HGD JGA - 184mm 7.25\" (P)"},{"@type":"BreadcrumbList","@id":"https:\/\/cybul.eu\/pl\/sklep\/race-stage-2-adapter-bmw-m60-m62-bmw-m57n-hgd-jga-184mm-7-25-p\/#breadcrumb","itemListElement":[{"@type":"ListItem","position":1,"name":"Strona g\u0142\u00f3wna","item":"https:\/\/cybul.eu\/pl\/"},{"@type":"ListItem","position":2,"name":"Sklep","item":"https:\/\/cybul.eu\/pl\/sklep\/"},{"@type":"ListItem","position":3,"name":"RACE STAGE 2 adapter BMW M60 M62 &#8211; BMW M57N HGD JGA &#8211; 184mm 7.25&#8243; (P)"}]},{"@type":"WebSite","@id":"https:\/\/cybul.eu\/pl\/#website","url":"https:\/\/cybul.eu\/pl\/","name":"CYBUL","description":"","potentialAction":[{"@type":"SearchAction","target":{"@type":"EntryPoint","urlTemplate":"https:\/\/cybul.eu\/pl\/?s={search_term_string}"},"query-input":{"@type":"PropertyValueSpecification","valueRequired":true,"valueName":"search_term_string"}}],"inLanguage":"pl-PL"}]}},"_links":{"self":[{"href":"https:\/\/cybul.eu\/pl\/wp-json\/wp\/v2\/product\/8122","targetHints":{"allow":["GET"]}}],"collection":[{"href":"https:\/\/cybul.eu\/pl\/wp-json\/wp\/v2\/product"}],"about":[{"href":"https:\/\/cybul.eu\/pl\/wp-json\/wp\/v2\/types\/product"}],"replies":[{"embeddable":true,"href":"https:\/\/cybul.eu\/pl\/wp-json\/wp\/v2\/comments?post=8122"}],"wp:featuredmedia":[{"embeddable":true,"href":"https:\/\/cybul.eu\/pl\/wp-json\/wp\/v2\/media\/8106"}],"wp:attachment":[{"href":"https:\/\/cybul.eu\/pl\/wp-json\/wp\/v2\/media?parent=8122"}],"wp:term":[{"taxonomy":"product_cat","embeddable":true,"href":"https:\/\/cybul.eu\/pl\/wp-json\/wp\/v2\/product_cat?post=8122"},{"taxonomy":"product_tag","embeddable":true,"href":"https:\/\/cybul.eu\/pl\/wp-json\/wp\/v2\/product_tag?post=8122"}],"curies":[{"name":"wp","href":"https:\/\/api.w.org\/{rel}","templated":true}]}}