{"id":8103,"date":"2023-10-27T19:40:37","date_gmt":"2023-10-27T17:40:37","guid":{"rendered":"https:\/\/cybul.eu\/shop\/stage-1-adapter-bmw-v8-m62-bmw-m57-e46-s54-m3-240mm-9-45\/"},"modified":"2023-10-27T19:40:37","modified_gmt":"2023-10-27T17:40:37","slug":"stage-1-adapter-bmw-v8-m62-bmw-m57-e46-s54-m3-240mm-9-45","status":"publish","type":"product","link":"https:\/\/cybul.eu\/pl\/sklep\/stage-1-adapter-bmw-v8-m62-bmw-m57-e46-s54-m3-240mm-9-45\/","title":{"rendered":"STAGE 1 adapter BMW V8 M62 &#8211; BMW M57  E46 S54 M3 &#8211; 240mm  9.45"},"content":{"rendered":"<div id=\"component_projector_longdescription_not\" class=\"projector_longdescription cm\">\n<h1><strong>PMC Motorsport STAGE 1 zestaw adapter\u00f3w (adapter kit \/ zestaw adapter\u00f3w \/ system adaptacyjny \/ zestaw do zamiany \/ zestaw konwersji \/ konwersja manualna \/ zestaw sprz\u0119g\u0142a) BMW V8 M62<\/strong><strong> <\/strong><strong>&#8211; <\/strong>BMW M57 ZF GS5-39DZ 5-biegowy \/ BMW E46 S54 M3 GETRAG 420 6-biegowy &#8211; 240mm \/ 9,45&#8243; + Sachs XTend 3000 951 877 maks. 650Nm \/ 479,25 lb\/ft<\/h1>\n<p>&nbsp;<br \/>\nAluminiowy adapter umo\u017cliwiaj\u0105cy po\u0142\u0105czenie (SWAP \/ konwersja) silnika BMW V8 M62 z manualn\u0105 skrzyni\u0105 bieg\u00f3w ZF (ZF Friedrichshafen) \/ Getrag od BMW.<\/p>\n<hr \/>\n<p>Zast\u0105p automatyczn\u0105 skrzyni\u0119 bieg\u00f3w 5HP24 A5S440Z \/ 5HP30 A5S560Z manualn\u0105 skrzyni\u0105 bieg\u00f3w od BMW<\/p>\n<h3>Dlaczego warto wybra\u0107 skrzynie bieg\u00f3w od BMW?<\/h3>\n<ul>\n<li><strong>Dost\u0119pno\u015b\u0107 i cena<\/strong>. Miliony wyprodukowanych samochod\u00f3w i ich \u015bwiatowa dost\u0119pno\u015b\u0107 gwarantuj\u0105 dost\u0119pno\u015b\u0107 cz\u0119\u015bci zamiennych. Cz\u0119\u015bci oraz kompletnie skrzynie bieg\u00f3w s\u0105 \u0142atwo dost\u0119pne w autoryzowanych punktach sprzeda\u017cy oraz na rynku wt\u00f3rnym.<\/li>\n<li><strong>Wytrzyma\u0142o\u015b\u0107 i niezawodno\u015b\u0107.<\/strong> Skrzynie bieg\u00f3w BMW ZF \/ Getrag od wielu lat z powodzeniem u\u017cywane s\u0105 zar\u00f3wno w motorsporcie amatorskim, jak i zawodowym. Mog\u0105 wytrzyma\u0107 bardzo <strong>du\u017cy moment obrotowy<\/strong> (niekt\u00f3re modele powy\u017cej 1000Nm), zapewniaj\u0105c jednocze\u015bnie wysok\u0105 niezawodno\u015b\u0107. S\u0105 idealne do <strong>SWAP-u<\/strong> w samochodach o du\u017cej mocy przeznaczonych do codziennego u\u017cytku.<\/li>\n<\/ul>\n<p>&nbsp;<br \/>\nChcesz <strong>wymieni\u0107 silnik BMW V8 M62<\/strong> na swoim <strong>BMW (e30 e36 e46 e34 e39 e90 e91 e92 e60 e61 e81 e82 e87)<\/strong>? Nasz adapter jest dla Ciebie rozwi\u0105zaniem.<\/p>\n<h3>Dlaczego warto wybiera\u0107 cz\u0119\u015bci i adaptery PMC Motorsport?<\/h3>\n<ul>\n<li><strong>Do\u015bwiadczenie.<\/strong> Tysi\u0105ce wyprodukowanych adapter\u00f3w i zadowolonych klient\u00f3w na ca\u0142ym \u015bwiecie. Nasze adaptery s\u0105 u\u017cywane zar\u00f3wno w codziennych samochodach, jak i w profesjonalnych projektach motorsportowych.<\/li>\n<li><strong>Profesjonalizm.<\/strong> Od projektowania do realizacji nasze cz\u0119\u015bci maj\u0105 d\u0142ug\u0105 drog\u0119 do przebycia. Ka\u017cdy element, dla kt\u00f3rego produkujemy cz\u0119\u015bci, zosta\u0142 przez nas zmierzony za pomoc\u0105 <strong>ramienia pomiarowego<\/strong> i <strong>skanera 3D<\/strong>. Prototyp przechodzi liczne testy, aby wyeliminowa\u0107 wszystkie mo\u017cliwe problemy w jego u\u017cytkowaniu. Do produkcji u\u017cywamy tylko <strong>ciekawe materia\u0142y<\/strong> od renomowanych dostawc\u00f3w. Posiadamy nowoczesny park <strong>maszyn CNC<\/strong> i <strong>do\u015bwiadczonych<\/strong> pracownik\u00f3w.<\/li>\n<li><strong>Jako\u015b\u0107.<\/strong> Od samego pocz\u0105tku skupiamy si\u0119 na jako\u015bci produkowanych przez nas cz\u0119\u015bci. Po ka\u017cdym etapie produkcji element jest sprawdzany. Ka\u017cdy przez nas produkowany element jest oznaczony numerem seryjnym produkcji. Jako\u015b\u0107 potwierdzamy <strong>certyfikatem ISO PN-EN ISO 9001:2015<\/strong><\/li>\n<li><strong>Perfekcyjne dopasowanie<\/strong> &#8211; nasze adaptery gwarantuj\u0105 idealne dopasowanie silnika i skrzyni bieg\u00f3w<\/li>\n<li><strong>Produkowane w UE.<\/strong> Wszystkie nasze dzia\u0142y produkcyjne i projektowe znajduj\u0105 si\u0119 w Unii Europejskiej<\/li>\n<li><strong>Pomoc w wyborze i wsparcie posprzeda\u017cowe<\/strong>. Nasz zesp\u00f3\u0142 pomo\u017ce Ci wybra\u0107 odpowiedni produkt. A w przypadku w\u0105tpliwo\u015bci podczas instalacji, zapewni wsparcie techniczne. Skontaktuj si\u0119 z nami za po\u015brednictwem Facebooka, Instagrama i e-maila: <strong>office@pmcmotorsport.com<\/strong><\/li>\n<\/ul>\n<p>&nbsp;<\/p>\n<hr \/>\n<table border=\"2\">\n<tbody>\n<tr>\n<td>\n<h4>Lista silnik\u00f3w:<\/h4>\n<\/td>\n<td><strong>BMW V8 M62 M62B35<\/strong><\/p>\n<ul>\n<li>1996\u20131998 BMW E39 535i<\/li>\n<li>1996\u20131998 BMW E38 735i\/735iL<\/li>\n<\/ul>\n<p><strong>BMW V8 M62 M62TUB35<\/strong><\/p>\n<ul>\n<li>1999\u20132001 BMW E38 735i\/735iL<\/li>\n<li>1998\u20132003 BMW E39 535i<\/li>\n<\/ul>\n<p><strong>BMW V8 M62 M62B44<\/strong><\/p>\n<ul>\n<li>1996\u20131998 BMW E39 540i<\/li>\n<li>1996\u20131998 BMW E38 740i\/740iL<\/li>\n<li>1997\u20131999 BMW E31 840Ci<\/li>\n<\/ul>\n<p><strong>BMW V8 M62 M62TUB44<\/strong><\/p>\n<ul>\n<li>1998\u20132003 BMW E39 540i<\/li>\n<li>1999\u20132001 BMW E38 740i\/740iL<\/li>\n<li>1999\u20132003 BMW X5 (E53) X5 4.4i<\/li>\n<li>2000\u20132004 Morgan Aero 8<\/li>\n<li>2002\u20132005 Range Rover<\/li>\n<\/ul>\n<\/td>\n<\/tr>\n<tr>\n<td>\n<h4>Lista manualnych skrzy\u0144 bieg\u00f3w BMW (Benzynowe) :<\/h4>\n<\/td>\n<td>\n<ul>\n<li><strong>BMW S54 E46 M3 GETRAG 420 TBAI 226.0.0440.97 6-biegowa<\/strong><\/li>\n<\/ul>\n<\/td>\n<\/tr>\n<tr>\n<td>\n<h4>Lista manualnych skrzy\u0144 bieg\u00f3w BMW (Diesel) :<\/h4>\n<\/td>\n<td>\n<ul>\n<li><strong>BMW ZF (ZF Friedrichshafen) M57 Diesel ZF GS5-39DZ THBA THBM THBG THBK THBC 5-biegowa 23 00 7 501 342 \/ 23 00 7 508 772 \/  23 00 7 518 077 \/ 23 00 1 434 505<\/strong>\n<ul>\n<li>BMW E39 530D 525D<\/li>\n<li>BMW E46 330D 1434256 ZF 1065401011<\/li>\n<\/ul>\n<\/li>\n<\/ul>\n<\/td>\n<\/tr>\n<\/tbody>\n<\/table>\n<p>&nbsp;<\/p>\n<h2>Manual<\/h2>\n<ul>\n<li>U\u017cyj ko\u0142a zamachowego \/ korony z wersji automatycznej <strong>BMW M60<\/strong><\/li>\n<li>\u0141o\u017cysko i widelec sprz\u0119g\u0142a pozostaj\u0105 z twojej skrzyni bieg\u00f3w. Je\u015bli masz \u0142o\u017cysko z dwiema pozycjami wysoko\u015bci, u\u017cyj pozycji 24mm<\/li>\n<li>U\u017cyj 240 mm tarczy sprz\u0119g\u0142a ze spline&#8217;ami dedykowanymi do Twojej skrzyni bieg\u00f3w.<\/li>\n<\/ul>\n<\/div>\n","protected":false},"excerpt":{"rendered":"<p>PMC Motorsport STAGE 1 adapter (adapter kit \/ zestaw adapter\u00f3w \/ system adaptacyjny \/ zestaw do zamiany \/ zestaw konwersji \/ konwersja manualna \/ zestaw sprz\u0119g\u0142a) BMW V8 M62 &#8211; BMW M57 ZF GS5-39DZ 5-biegowy \/ BMW E46 S54 M3 GETRAG 420 6-biegowy &#8211; 240mm \/ 9,45&#8243; + Sachs XTend 3000 951 877 max. 650Nm \/ 479,25 lb\/ft.<\/p>\n","protected":false},"featured_media":8092,"comment_status":"open","ping_status":"closed","template":"","meta":[],"product_cat":[376,377,359],"product_tag":[],"class_list":{"0":"post-8103","1":"product","2":"type-product","3":"status-publish","4":"has-post-thumbnail","6":"product_cat-e36","7":"product_cat-e46","8":"product_cat-sprzegla","9":"product_shipping_class-standard","11":"first","12":"instock","13":"taxable","14":"shipping-taxable","15":"purchasable","16":"product-type-simple"},"bundled_by":[],"bundle_stock_status":"instock","bundle_stock_quantity":null,"bundle_virtual":false,"bundle_layout":"","bundle_add_to_cart_form_location":"","bundle_editable_in_cart":false,"bundle_sold_individually_context":"","bundle_item_grouping":"","bundle_min_size":"","bundle_max_size":"","bundle_price":[],"bundled_items":[],"bundle_sell_ids":[],"acf":{"zdjecie_bez_watermarka":null,"zdjecie_bez_watermarka_url":"","product_orgin_url":""},"yoast_head":"<!-- This site is optimized with the Yoast SEO plugin v23.9 - https:\/\/yoast.com\/wordpress\/plugins\/seo\/ -->\n<title>STAGE 1 adapter BMW V8 M62 - BMW M57 E46 S54 M3 - 240mm 9.45 - CYBUL<\/title>\n<meta name=\"description\" content=\"PMC Motorsport STAGE 1 adapter (adapter kit \/ zestaw adapter\u00f3w \/ system adaptacyjny \/ zestaw do zamiany \/ zestaw konwersji \/ konwersja manualna \/ zestaw sprz\u0119g\u0142a) BMW V8 M62 - BMW M57 ZF GS5-39DZ 5-biegowy \/ BMW E46 S54 M3 GETRAG 420 6-biegowy - 240mm \/ 9,45&quot; + Sachs XTend 3000 951 877 max. 650Nm \/ 479,25 lb\/ft.\" \/>\n<meta name=\"robots\" content=\"index, follow, max-snippet:-1, max-image-preview:large, max-video-preview:-1\" \/>\n<link rel=\"canonical\" href=\"https:\/\/cybul.eu\/pl\/sklep\/stage-1-adapter-bmw-v8-m62-bmw-m57-e46-s54-m3-240mm-9-45\/\" \/>\n<meta property=\"og:locale\" content=\"pl_PL\" \/>\n<meta property=\"og:type\" content=\"article\" \/>\n<meta property=\"og:title\" content=\"STAGE 1 adapter BMW V8 M62 - BMW M57 E46 S54 M3 - 240mm 9.45 - CYBUL\" \/>\n<meta property=\"og:description\" content=\"PMC Motorsport STAGE 1 adapter (adapter kit \/ zestaw adapter\u00f3w \/ system adaptacyjny \/ zestaw do zamiany \/ zestaw konwersji \/ konwersja manualna \/ zestaw sprz\u0119g\u0142a) BMW V8 M62 - BMW M57 ZF GS5-39DZ 5-biegowy \/ BMW E46 S54 M3 GETRAG 420 6-biegowy - 240mm \/ 9,45&quot; + Sachs XTend 3000 951 877 max. 650Nm \/ 479,25 lb\/ft.\" \/>\n<meta property=\"og:url\" content=\"https:\/\/cybul.eu\/pl\/sklep\/stage-1-adapter-bmw-v8-m62-bmw-m57-e46-s54-m3-240mm-9-45\/\" \/>\n<meta property=\"og:site_name\" content=\"CYBUL\" \/>\n<meta property=\"og:image\" content=\"https:\/\/cybul.eu\/wp-content\/uploads\/2023\/10\/eng_pl_STAGE-1-BMW-V8-M60-BMW-M57-E46-S54-M3-240mm-9-45-3126_2-1.png\" \/>\n\t<meta property=\"og:image:width\" content=\"600\" \/>\n\t<meta property=\"og:image:height\" content=\"600\" \/>\n\t<meta property=\"og:image:type\" content=\"image\/png\" \/>\n<meta name=\"twitter:card\" content=\"summary_large_image\" \/>\n<meta name=\"twitter:label1\" content=\"Szacowany czas czytania\" \/>\n\t<meta name=\"twitter:data1\" content=\"3 minuty\" \/>\n<script type=\"application\/ld+json\" class=\"yoast-schema-graph\">{\"@context\":\"https:\/\/schema.org\",\"@graph\":[{\"@type\":\"WebPage\",\"@id\":\"https:\/\/cybul.eu\/pl\/sklep\/stage-1-adapter-bmw-v8-m62-bmw-m57-e46-s54-m3-240mm-9-45\/\",\"url\":\"https:\/\/cybul.eu\/pl\/sklep\/stage-1-adapter-bmw-v8-m62-bmw-m57-e46-s54-m3-240mm-9-45\/\",\"name\":\"STAGE 1 adapter BMW V8 M62 - BMW M57 E46 S54 M3 - 240mm 9.45 - CYBUL\",\"isPartOf\":{\"@id\":\"https:\/\/cybul.eu\/pl\/#website\"},\"primaryImageOfPage\":{\"@id\":\"https:\/\/cybul.eu\/pl\/sklep\/stage-1-adapter-bmw-v8-m62-bmw-m57-e46-s54-m3-240mm-9-45\/#primaryimage\"},\"image\":{\"@id\":\"https:\/\/cybul.eu\/pl\/sklep\/stage-1-adapter-bmw-v8-m62-bmw-m57-e46-s54-m3-240mm-9-45\/#primaryimage\"},\"thumbnailUrl\":\"https:\/\/cybul.eu\/wp-content\/uploads\/2023\/10\/eng_pl_STAGE-1-BMW-V8-M60-BMW-M57-E46-S54-M3-240mm-9-45-3126_2-1.png\",\"datePublished\":\"2023-10-27T17:40:37+00:00\",\"dateModified\":\"2023-10-27T17:40:37+00:00\",\"description\":\"PMC Motorsport STAGE 1 adapter (adapter kit \/ zestaw adapter\u00f3w \/ system adaptacyjny \/ zestaw do zamiany \/ zestaw konwersji \/ konwersja manualna \/ zestaw sprz\u0119g\u0142a) BMW V8 M62 - BMW M57 ZF GS5-39DZ 5-biegowy \/ BMW E46 S54 M3 GETRAG 420 6-biegowy - 240mm \/ 9,45\\\" + Sachs XTend 3000 951 877 max. 650Nm \/ 479,25 lb\/ft.\",\"breadcrumb\":{\"@id\":\"https:\/\/cybul.eu\/pl\/sklep\/stage-1-adapter-bmw-v8-m62-bmw-m57-e46-s54-m3-240mm-9-45\/#breadcrumb\"},\"inLanguage\":\"pl-PL\",\"potentialAction\":[{\"@type\":\"ReadAction\",\"target\":[\"https:\/\/cybul.eu\/pl\/sklep\/stage-1-adapter-bmw-v8-m62-bmw-m57-e46-s54-m3-240mm-9-45\/\"]}]},{\"@type\":\"ImageObject\",\"inLanguage\":\"pl-PL\",\"@id\":\"https:\/\/cybul.eu\/pl\/sklep\/stage-1-adapter-bmw-v8-m62-bmw-m57-e46-s54-m3-240mm-9-45\/#primaryimage\",\"url\":\"https:\/\/cybul.eu\/wp-content\/uploads\/2023\/10\/eng_pl_STAGE-1-BMW-V8-M60-BMW-M57-E46-S54-M3-240mm-9-45-3126_2-1.png\",\"contentUrl\":\"https:\/\/cybul.eu\/wp-content\/uploads\/2023\/10\/eng_pl_STAGE-1-BMW-V8-M60-BMW-M57-E46-S54-M3-240mm-9-45-3126_2-1.png\",\"width\":600,\"height\":600,\"caption\":\"STAGE 1 adapter BMW V8 M62 - BMW M57 E46 S54 M3 - 240mm 9.45\"},{\"@type\":\"BreadcrumbList\",\"@id\":\"https:\/\/cybul.eu\/pl\/sklep\/stage-1-adapter-bmw-v8-m62-bmw-m57-e46-s54-m3-240mm-9-45\/#breadcrumb\",\"itemListElement\":[{\"@type\":\"ListItem\",\"position\":1,\"name\":\"Strona g\u0142\u00f3wna\",\"item\":\"https:\/\/cybul.eu\/pl\/\"},{\"@type\":\"ListItem\",\"position\":2,\"name\":\"Sklep\",\"item\":\"https:\/\/cybul.eu\/pl\/sklep\/\"},{\"@type\":\"ListItem\",\"position\":3,\"name\":\"STAGE 1 adapter BMW V8 M62 &#8211; BMW M57 E46 S54 M3 &#8211; 240mm 9.45\"}]},{\"@type\":\"WebSite\",\"@id\":\"https:\/\/cybul.eu\/pl\/#website\",\"url\":\"https:\/\/cybul.eu\/pl\/\",\"name\":\"CYBUL\",\"description\":\"\",\"potentialAction\":[{\"@type\":\"SearchAction\",\"target\":{\"@type\":\"EntryPoint\",\"urlTemplate\":\"https:\/\/cybul.eu\/pl\/?s={search_term_string}\"},\"query-input\":{\"@type\":\"PropertyValueSpecification\",\"valueRequired\":true,\"valueName\":\"search_term_string\"}}],\"inLanguage\":\"pl-PL\"}]}<\/script>\n<!-- \/ Yoast SEO plugin. -->","yoast_head_json":{"title":"STAGE 1 adapter BMW V8 M62 - BMW M57 E46 S54 M3 - 240mm 9.45 - CYBUL","description":"PMC Motorsport STAGE 1 adapter (adapter kit \/ zestaw adapter\u00f3w \/ system adaptacyjny \/ zestaw do zamiany \/ zestaw konwersji \/ konwersja manualna \/ zestaw sprz\u0119g\u0142a) BMW V8 M62 - BMW M57 ZF GS5-39DZ 5-biegowy \/ BMW E46 S54 M3 GETRAG 420 6-biegowy - 240mm \/ 9,45\" + Sachs XTend 3000 951 877 max. 650Nm \/ 479,25 lb\/ft.","robots":{"index":"index","follow":"follow","max-snippet":"max-snippet:-1","max-image-preview":"max-image-preview:large","max-video-preview":"max-video-preview:-1"},"canonical":"https:\/\/cybul.eu\/pl\/sklep\/stage-1-adapter-bmw-v8-m62-bmw-m57-e46-s54-m3-240mm-9-45\/","og_locale":"pl_PL","og_type":"article","og_title":"STAGE 1 adapter BMW V8 M62 - BMW M57 E46 S54 M3 - 240mm 9.45 - CYBUL","og_description":"PMC Motorsport STAGE 1 adapter (adapter kit \/ zestaw adapter\u00f3w \/ system adaptacyjny \/ zestaw do zamiany \/ zestaw konwersji \/ konwersja manualna \/ zestaw sprz\u0119g\u0142a) BMW V8 M62 - BMW M57 ZF GS5-39DZ 5-biegowy \/ BMW E46 S54 M3 GETRAG 420 6-biegowy - 240mm \/ 9,45\" + Sachs XTend 3000 951 877 max. 650Nm \/ 479,25 lb\/ft.","og_url":"https:\/\/cybul.eu\/pl\/sklep\/stage-1-adapter-bmw-v8-m62-bmw-m57-e46-s54-m3-240mm-9-45\/","og_site_name":"CYBUL","og_image":[{"width":600,"height":600,"url":"https:\/\/cybul.eu\/wp-content\/uploads\/2023\/10\/eng_pl_STAGE-1-BMW-V8-M60-BMW-M57-E46-S54-M3-240mm-9-45-3126_2-1.png","type":"image\/png"}],"twitter_card":"summary_large_image","twitter_misc":{"Szacowany czas czytania":"3 minuty"},"schema":{"@context":"https:\/\/schema.org","@graph":[{"@type":"WebPage","@id":"https:\/\/cybul.eu\/pl\/sklep\/stage-1-adapter-bmw-v8-m62-bmw-m57-e46-s54-m3-240mm-9-45\/","url":"https:\/\/cybul.eu\/pl\/sklep\/stage-1-adapter-bmw-v8-m62-bmw-m57-e46-s54-m3-240mm-9-45\/","name":"STAGE 1 adapter BMW V8 M62 - BMW M57 E46 S54 M3 - 240mm 9.45 - CYBUL","isPartOf":{"@id":"https:\/\/cybul.eu\/pl\/#website"},"primaryImageOfPage":{"@id":"https:\/\/cybul.eu\/pl\/sklep\/stage-1-adapter-bmw-v8-m62-bmw-m57-e46-s54-m3-240mm-9-45\/#primaryimage"},"image":{"@id":"https:\/\/cybul.eu\/pl\/sklep\/stage-1-adapter-bmw-v8-m62-bmw-m57-e46-s54-m3-240mm-9-45\/#primaryimage"},"thumbnailUrl":"https:\/\/cybul.eu\/wp-content\/uploads\/2023\/10\/eng_pl_STAGE-1-BMW-V8-M60-BMW-M57-E46-S54-M3-240mm-9-45-3126_2-1.png","datePublished":"2023-10-27T17:40:37+00:00","dateModified":"2023-10-27T17:40:37+00:00","description":"PMC Motorsport STAGE 1 adapter (adapter kit \/ zestaw adapter\u00f3w \/ system adaptacyjny \/ zestaw do zamiany \/ zestaw konwersji \/ konwersja manualna \/ zestaw sprz\u0119g\u0142a) BMW V8 M62 - BMW M57 ZF GS5-39DZ 5-biegowy \/ BMW E46 S54 M3 GETRAG 420 6-biegowy - 240mm \/ 9,45\" + Sachs XTend 3000 951 877 max. 650Nm \/ 479,25 lb\/ft.","breadcrumb":{"@id":"https:\/\/cybul.eu\/pl\/sklep\/stage-1-adapter-bmw-v8-m62-bmw-m57-e46-s54-m3-240mm-9-45\/#breadcrumb"},"inLanguage":"pl-PL","potentialAction":[{"@type":"ReadAction","target":["https:\/\/cybul.eu\/pl\/sklep\/stage-1-adapter-bmw-v8-m62-bmw-m57-e46-s54-m3-240mm-9-45\/"]}]},{"@type":"ImageObject","inLanguage":"pl-PL","@id":"https:\/\/cybul.eu\/pl\/sklep\/stage-1-adapter-bmw-v8-m62-bmw-m57-e46-s54-m3-240mm-9-45\/#primaryimage","url":"https:\/\/cybul.eu\/wp-content\/uploads\/2023\/10\/eng_pl_STAGE-1-BMW-V8-M60-BMW-M57-E46-S54-M3-240mm-9-45-3126_2-1.png","contentUrl":"https:\/\/cybul.eu\/wp-content\/uploads\/2023\/10\/eng_pl_STAGE-1-BMW-V8-M60-BMW-M57-E46-S54-M3-240mm-9-45-3126_2-1.png","width":600,"height":600,"caption":"STAGE 1 adapter BMW V8 M62 - BMW M57 E46 S54 M3 - 240mm 9.45"},{"@type":"BreadcrumbList","@id":"https:\/\/cybul.eu\/pl\/sklep\/stage-1-adapter-bmw-v8-m62-bmw-m57-e46-s54-m3-240mm-9-45\/#breadcrumb","itemListElement":[{"@type":"ListItem","position":1,"name":"Strona g\u0142\u00f3wna","item":"https:\/\/cybul.eu\/pl\/"},{"@type":"ListItem","position":2,"name":"Sklep","item":"https:\/\/cybul.eu\/pl\/sklep\/"},{"@type":"ListItem","position":3,"name":"STAGE 1 adapter BMW V8 M62 &#8211; BMW M57 E46 S54 M3 &#8211; 240mm 9.45"}]},{"@type":"WebSite","@id":"https:\/\/cybul.eu\/pl\/#website","url":"https:\/\/cybul.eu\/pl\/","name":"CYBUL","description":"","potentialAction":[{"@type":"SearchAction","target":{"@type":"EntryPoint","urlTemplate":"https:\/\/cybul.eu\/pl\/?s={search_term_string}"},"query-input":{"@type":"PropertyValueSpecification","valueRequired":true,"valueName":"search_term_string"}}],"inLanguage":"pl-PL"}]}},"_links":{"self":[{"href":"https:\/\/cybul.eu\/pl\/wp-json\/wp\/v2\/product\/8103","targetHints":{"allow":["GET"]}}],"collection":[{"href":"https:\/\/cybul.eu\/pl\/wp-json\/wp\/v2\/product"}],"about":[{"href":"https:\/\/cybul.eu\/pl\/wp-json\/wp\/v2\/types\/product"}],"replies":[{"embeddable":true,"href":"https:\/\/cybul.eu\/pl\/wp-json\/wp\/v2\/comments?post=8103"}],"wp:featuredmedia":[{"embeddable":true,"href":"https:\/\/cybul.eu\/pl\/wp-json\/wp\/v2\/media\/8092"}],"wp:attachment":[{"href":"https:\/\/cybul.eu\/pl\/wp-json\/wp\/v2\/media?parent=8103"}],"wp:term":[{"taxonomy":"product_cat","embeddable":true,"href":"https:\/\/cybul.eu\/pl\/wp-json\/wp\/v2\/product_cat?post=8103"},{"taxonomy":"product_tag","embeddable":true,"href":"https:\/\/cybul.eu\/pl\/wp-json\/wp\/v2\/product_tag?post=8103"}],"curies":[{"name":"wp","href":"https:\/\/api.w.org\/{rel}","templated":true}]}}