{"id":8074,"date":"2023-10-27T11:11:13","date_gmt":"2023-10-27T09:11:13","guid":{"rendered":"https:\/\/cybul.eu\/shop\/short-shifter-bmw-e36-z3-krotka-czarna-teflonowa-galka-zmiany-biegow\/"},"modified":"2023-10-27T11:11:13","modified_gmt":"2023-10-27T09:11:13","slug":"short-shifter-bmw-e36-z3-krotka-czarna-teflonowa-galka-zmiany-biegow","status":"publish","type":"product","link":"https:\/\/cybul.eu\/pl\/sklep\/short-shifter-bmw-e36-z3-krotka-czarna-teflonowa-galka-zmiany-biegow\/","title":{"rendered":"Short Shifter BMW E36 Z3 &#8211; Kr\u00f3tka czarna teflonowa ga\u0142ka zmiany bieg\u00f3w"},"content":{"rendered":"<div id=\"component_projector_longdescription_not\" class=\"projector_longdescription cm\">\n<h1><strong>PMC Motorsport Short Shifter BMW E36 \/ E36 Compact \/ Z3 &#8211; Wersja klasyczna \/ Kr\u00f3tka czarna ga\u0142ka z teflonu<\/strong><\/h1>\n<p>Ten zestaw kr\u00f3tkiej d\u017awigni zmiany bieg\u00f3w montowany jest bezpo\u015brednio na tunelu skrzyni bieg\u00f3w, w miejscu oryginalnej <strong>(nie wymaga wiercenia)<\/strong>.<br \/>\nJest lekki i umo\u017cliwia szybsze i precyzyjne zmiany bieg\u00f3w. Ga\u0142ka bieg\u00f3w jest tak\u017ce umieszczona bli\u017cej kierownicy &#8211; idealna do wy\u015bcig\u00f3w.<\/p>\n<p><strong>Zalecamy ten zestaw tylko do pojazd\u00f3w konkurencyjnych, z wzmocnionymi mocowaniami silnika i skrzyni bieg\u00f3w, poniewa\u017c d\u017awignia jest przymocowana do tunelu skrzyni bieg\u00f3w, wi\u0119c wa\u017cne jest ograniczenie ruchu nap\u0119du.<\/strong><\/p>\n<h1><\/h1>\n<\/div>\n<div id=\"component_projector_dictionary_no\" class=\"component_projector_dictionary\">\n<div class=\"n56173_main\">\n<div class=\"n56173_sub\">\n<table class=\"n54117_dictionary\">\n<tbody>\n<tr class=\"element group_next\">\n<td class=\"n54117_item_a1\">Dedykowane dla<span class=\"n67256colon\">:<\/span><\/td>\n<td class=\"n54117_item_b1\">\n<div class=\"n54117_item_b_sub\">BMW Seria 3 E36 (6-Cyl)<\/div>\n<p>,<\/p>\n<div class=\"n54117_item_b_sub\">BMW Seria 3 E36 Compact (6-Cyl)<\/div>\n<p>,<\/p>\n<div class=\"n54117_item_b_sub\">BMW Z3 2.0 2.5 2.8 3.0i<\/div>\n<\/td>\n<\/tr>\n<tr class=\"group\">\n<td class=\"n54117_group\" colspan=\"2\">\n<div class=\"n54117_group\"><span class=\"n54117_name2_group big_label\">SPECYFIKACJA<\/span><\/div>\n<\/td>\n<\/tr>\n<tr class=\"element\">\n<td class=\"n54117_item_a1\">Wersja<span class=\"n67256colon\">:<\/span><\/td>\n<td class=\"n54117_item_b1\">\n<div class=\"n54117_item_b_sub\">Klasyczna wersja \/ Kr\u00f3tka d\u017awignia<\/div>\n<\/td>\n<\/tr>\n<tr class=\"element\">\n<td class=\"n54117_item_a2\">Ca\u0142kowita d\u0142ugo\u015b\u0107<span class=\"n67256colon\">:<\/span><\/td>\n<td class=\"n54117_item_b2\">\n<div class=\"n54117_item_b_sub\">350mm \/ 13.78 cala<\/div>\n<\/td>\n<\/tr>\n<tr class=\"element\">\n<td class=\"n54117_item_a1\">Typ ga\u0142ki<span class=\"n67256colon\">:<\/span><\/td>\n<td class=\"n54117_item_b1\">\n<div class=\"n54117_item_b_sub\">Kr\u00f3tka ga\u0142ka z teflonu<\/div>\n<\/td>\n<\/tr>\n<tr class=\"element\">\n<td class=\"n54117_item_a2\">Kolor ga\u0142ki<span class=\"n67256colon\">:<\/span><\/td>\n<td class=\"n54117_item_b2\">\n<div class=\"n54117_item_b_sub\">Bia\u0142y<\/div>\n<\/td>\n<\/tr>\n<tr class=\"element\">\n<td class=\"n54117_item_a1\">Kolor kr\u00f3tkiej d\u017awigni zmiany bieg\u00f3w<span class=\"n67256colon\">:<\/span><\/td>\n<td class=\"n54117_item_b1\">\n<div class=\"n54117_item_b_sub\">Srebrny<\/div>\n<\/td>\n<\/tr>\n<\/tbody>\n<\/table>\n<p>&nbsp;<\/p>\n<\/div>\n<\/div>\n<\/div>\n","protected":false},"excerpt":{"rendered":"<p>Ten zestaw kr\u00f3tkiej d\u017awigni zmiany bieg\u00f3w montuje si\u0119 bezpo\u015brednio na tunelu skrzyni bieg\u00f3w, w miejsce oryginalnej <strong>(nie wymaga wiercenia)<\/strong>.<\/p>\n<p>Jest lekki i umo\u017cliwia szybsze i precyzyjne zmiany bieg\u00f3w. Ga\u0142ka bieg\u00f3w jest r\u00f3wnie\u017c umieszczona bli\u017cej kierownicy &#8211; idealna do wy\u015bcig\u00f3w.<\/p>\n","protected":false},"featured_media":8065,"comment_status":"open","ping_status":"closed","template":"","meta":[],"product_cat":[376,377],"product_tag":[],"class_list":{"0":"post-8074","1":"product","2":"type-product","3":"status-publish","4":"has-post-thumbnail","6":"product_cat-e36","7":"product_cat-e46","8":"product_shipping_class-standard","10":"first","11":"instock","12":"taxable","13":"shipping-taxable","14":"purchasable","15":"product-type-simple"},"bundled_by":[],"bundle_stock_status":"instock","bundle_stock_quantity":null,"bundle_virtual":false,"bundle_layout":"","bundle_add_to_cart_form_location":"","bundle_editable_in_cart":false,"bundle_sold_individually_context":"","bundle_item_grouping":"","bundle_min_size":"","bundle_max_size":"","bundle_price":[],"bundled_items":[],"bundle_sell_ids":[],"acf":{"zdjecie_bez_watermarka":null,"zdjecie_bez_watermarka_url":"","product_orgin_url":""},"yoast_head":"<!-- This site is optimized with the Yoast SEO plugin v23.9 - https:\/\/yoast.com\/wordpress\/plugins\/seo\/ -->\n<title>Short Shifter BMW E36 Z3 - Kr\u00f3tka czarna teflonowa ga\u0142ka zmiany bieg\u00f3w - CYBUL<\/title>\n<meta name=\"description\" content=\"Ten zestaw kr\u00f3tkiej d\u017awigni zmiany bieg\u00f3w montuje si\u0119 bezpo\u015brednio na tunelu skrzyni bieg\u00f3w, w miejsce oryginalnej (nie wymaga wiercenia). Jest lekki i umo\u017cliwia szybsze i precyzyjne zmiany bieg\u00f3w. Ga\u0142ka bieg\u00f3w jest r\u00f3wnie\u017c umieszczona bli\u017cej kierownicy - idealna do wy\u015bcig\u00f3w.\" \/>\n<meta name=\"robots\" content=\"index, follow, max-snippet:-1, max-image-preview:large, max-video-preview:-1\" \/>\n<link rel=\"canonical\" href=\"https:\/\/cybul.eu\/pl\/sklep\/short-shifter-bmw-e36-z3-krotka-czarna-teflonowa-galka-zmiany-biegow\/\" \/>\n<meta property=\"og:locale\" content=\"pl_PL\" \/>\n<meta property=\"og:type\" content=\"article\" \/>\n<meta property=\"og:title\" content=\"Short Shifter BMW E36 Z3 - Kr\u00f3tka czarna teflonowa ga\u0142ka zmiany bieg\u00f3w - CYBUL\" \/>\n<meta property=\"og:description\" content=\"Ten zestaw kr\u00f3tkiej d\u017awigni zmiany bieg\u00f3w montuje si\u0119 bezpo\u015brednio na tunelu skrzyni bieg\u00f3w, w miejsce oryginalnej (nie wymaga wiercenia). Jest lekki i umo\u017cliwia szybsze i precyzyjne zmiany bieg\u00f3w. Ga\u0142ka bieg\u00f3w jest r\u00f3wnie\u017c umieszczona bli\u017cej kierownicy - idealna do wy\u015bcig\u00f3w.\" \/>\n<meta property=\"og:url\" content=\"https:\/\/cybul.eu\/pl\/sklep\/short-shifter-bmw-e36-z3-krotka-czarna-teflonowa-galka-zmiany-biegow\/\" \/>\n<meta property=\"og:site_name\" content=\"CYBUL\" \/>\n<meta property=\"og:image\" content=\"https:\/\/cybul.eu\/wp-content\/uploads\/2023\/10\/eng_pl_Short-Shifter-BMW-E36-Z3-Short-Black-Teflon-Knob-K-4221_1.png\" \/>\n\t<meta property=\"og:image:width\" content=\"600\" \/>\n\t<meta property=\"og:image:height\" content=\"600\" \/>\n\t<meta property=\"og:image:type\" content=\"image\/png\" \/>\n<meta name=\"twitter:card\" content=\"summary_large_image\" \/>\n<meta name=\"twitter:label1\" content=\"Szacowany czas czytania\" \/>\n\t<meta name=\"twitter:data1\" content=\"1 minuta\" \/>\n<script type=\"application\/ld+json\" class=\"yoast-schema-graph\">{\"@context\":\"https:\/\/schema.org\",\"@graph\":[{\"@type\":\"WebPage\",\"@id\":\"https:\/\/cybul.eu\/pl\/sklep\/short-shifter-bmw-e36-z3-krotka-czarna-teflonowa-galka-zmiany-biegow\/\",\"url\":\"https:\/\/cybul.eu\/pl\/sklep\/short-shifter-bmw-e36-z3-krotka-czarna-teflonowa-galka-zmiany-biegow\/\",\"name\":\"Short Shifter BMW E36 Z3 - Kr\u00f3tka czarna teflonowa ga\u0142ka zmiany bieg\u00f3w - CYBUL\",\"isPartOf\":{\"@id\":\"https:\/\/cybul.eu\/pl\/#website\"},\"primaryImageOfPage\":{\"@id\":\"https:\/\/cybul.eu\/pl\/sklep\/short-shifter-bmw-e36-z3-krotka-czarna-teflonowa-galka-zmiany-biegow\/#primaryimage\"},\"image\":{\"@id\":\"https:\/\/cybul.eu\/pl\/sklep\/short-shifter-bmw-e36-z3-krotka-czarna-teflonowa-galka-zmiany-biegow\/#primaryimage\"},\"thumbnailUrl\":\"https:\/\/cybul.eu\/wp-content\/uploads\/2023\/10\/eng_pl_Short-Shifter-BMW-E36-Z3-Short-Black-Teflon-Knob-K-4221_1.png\",\"datePublished\":\"2023-10-27T09:11:13+00:00\",\"dateModified\":\"2023-10-27T09:11:13+00:00\",\"description\":\"Ten zestaw kr\u00f3tkiej d\u017awigni zmiany bieg\u00f3w montuje si\u0119 bezpo\u015brednio na tunelu skrzyni bieg\u00f3w, w miejsce oryginalnej (nie wymaga wiercenia). Jest lekki i umo\u017cliwia szybsze i precyzyjne zmiany bieg\u00f3w. Ga\u0142ka bieg\u00f3w jest r\u00f3wnie\u017c umieszczona bli\u017cej kierownicy - idealna do wy\u015bcig\u00f3w.\",\"breadcrumb\":{\"@id\":\"https:\/\/cybul.eu\/pl\/sklep\/short-shifter-bmw-e36-z3-krotka-czarna-teflonowa-galka-zmiany-biegow\/#breadcrumb\"},\"inLanguage\":\"pl-PL\",\"potentialAction\":[{\"@type\":\"ReadAction\",\"target\":[\"https:\/\/cybul.eu\/pl\/sklep\/short-shifter-bmw-e36-z3-krotka-czarna-teflonowa-galka-zmiany-biegow\/\"]}]},{\"@type\":\"ImageObject\",\"inLanguage\":\"pl-PL\",\"@id\":\"https:\/\/cybul.eu\/pl\/sklep\/short-shifter-bmw-e36-z3-krotka-czarna-teflonowa-galka-zmiany-biegow\/#primaryimage\",\"url\":\"https:\/\/cybul.eu\/wp-content\/uploads\/2023\/10\/eng_pl_Short-Shifter-BMW-E36-Z3-Short-Black-Teflon-Knob-K-4221_1.png\",\"contentUrl\":\"https:\/\/cybul.eu\/wp-content\/uploads\/2023\/10\/eng_pl_Short-Shifter-BMW-E36-Z3-Short-Black-Teflon-Knob-K-4221_1.png\",\"width\":600,\"height\":600,\"caption\":\"Short Shifter BMW E36 Z3 - Kr\u00f3tka czarna teflonowa ga\u0142ka zmiany bieg\u00f3w\"},{\"@type\":\"BreadcrumbList\",\"@id\":\"https:\/\/cybul.eu\/pl\/sklep\/short-shifter-bmw-e36-z3-krotka-czarna-teflonowa-galka-zmiany-biegow\/#breadcrumb\",\"itemListElement\":[{\"@type\":\"ListItem\",\"position\":1,\"name\":\"Strona g\u0142\u00f3wna\",\"item\":\"https:\/\/cybul.eu\/pl\/\"},{\"@type\":\"ListItem\",\"position\":2,\"name\":\"Sklep\",\"item\":\"https:\/\/cybul.eu\/pl\/sklep\/\"},{\"@type\":\"ListItem\",\"position\":3,\"name\":\"Short Shifter BMW E36 Z3 &#8211; Kr\u00f3tka czarna teflonowa ga\u0142ka zmiany bieg\u00f3w\"}]},{\"@type\":\"WebSite\",\"@id\":\"https:\/\/cybul.eu\/pl\/#website\",\"url\":\"https:\/\/cybul.eu\/pl\/\",\"name\":\"CYBUL\",\"description\":\"\",\"potentialAction\":[{\"@type\":\"SearchAction\",\"target\":{\"@type\":\"EntryPoint\",\"urlTemplate\":\"https:\/\/cybul.eu\/pl\/?s={search_term_string}\"},\"query-input\":{\"@type\":\"PropertyValueSpecification\",\"valueRequired\":true,\"valueName\":\"search_term_string\"}}],\"inLanguage\":\"pl-PL\"}]}<\/script>\n<!-- \/ Yoast SEO plugin. -->","yoast_head_json":{"title":"Short Shifter BMW E36 Z3 - Kr\u00f3tka czarna teflonowa ga\u0142ka zmiany bieg\u00f3w - CYBUL","description":"Ten zestaw kr\u00f3tkiej d\u017awigni zmiany bieg\u00f3w montuje si\u0119 bezpo\u015brednio na tunelu skrzyni bieg\u00f3w, w miejsce oryginalnej (nie wymaga wiercenia). Jest lekki i umo\u017cliwia szybsze i precyzyjne zmiany bieg\u00f3w. Ga\u0142ka bieg\u00f3w jest r\u00f3wnie\u017c umieszczona bli\u017cej kierownicy - idealna do wy\u015bcig\u00f3w.","robots":{"index":"index","follow":"follow","max-snippet":"max-snippet:-1","max-image-preview":"max-image-preview:large","max-video-preview":"max-video-preview:-1"},"canonical":"https:\/\/cybul.eu\/pl\/sklep\/short-shifter-bmw-e36-z3-krotka-czarna-teflonowa-galka-zmiany-biegow\/","og_locale":"pl_PL","og_type":"article","og_title":"Short Shifter BMW E36 Z3 - Kr\u00f3tka czarna teflonowa ga\u0142ka zmiany bieg\u00f3w - CYBUL","og_description":"Ten zestaw kr\u00f3tkiej d\u017awigni zmiany bieg\u00f3w montuje si\u0119 bezpo\u015brednio na tunelu skrzyni bieg\u00f3w, w miejsce oryginalnej (nie wymaga wiercenia). Jest lekki i umo\u017cliwia szybsze i precyzyjne zmiany bieg\u00f3w. Ga\u0142ka bieg\u00f3w jest r\u00f3wnie\u017c umieszczona bli\u017cej kierownicy - idealna do wy\u015bcig\u00f3w.","og_url":"https:\/\/cybul.eu\/pl\/sklep\/short-shifter-bmw-e36-z3-krotka-czarna-teflonowa-galka-zmiany-biegow\/","og_site_name":"CYBUL","og_image":[{"width":600,"height":600,"url":"https:\/\/cybul.eu\/wp-content\/uploads\/2023\/10\/eng_pl_Short-Shifter-BMW-E36-Z3-Short-Black-Teflon-Knob-K-4221_1.png","type":"image\/png"}],"twitter_card":"summary_large_image","twitter_misc":{"Szacowany czas czytania":"1 minuta"},"schema":{"@context":"https:\/\/schema.org","@graph":[{"@type":"WebPage","@id":"https:\/\/cybul.eu\/pl\/sklep\/short-shifter-bmw-e36-z3-krotka-czarna-teflonowa-galka-zmiany-biegow\/","url":"https:\/\/cybul.eu\/pl\/sklep\/short-shifter-bmw-e36-z3-krotka-czarna-teflonowa-galka-zmiany-biegow\/","name":"Short Shifter BMW E36 Z3 - Kr\u00f3tka czarna teflonowa ga\u0142ka zmiany bieg\u00f3w - CYBUL","isPartOf":{"@id":"https:\/\/cybul.eu\/pl\/#website"},"primaryImageOfPage":{"@id":"https:\/\/cybul.eu\/pl\/sklep\/short-shifter-bmw-e36-z3-krotka-czarna-teflonowa-galka-zmiany-biegow\/#primaryimage"},"image":{"@id":"https:\/\/cybul.eu\/pl\/sklep\/short-shifter-bmw-e36-z3-krotka-czarna-teflonowa-galka-zmiany-biegow\/#primaryimage"},"thumbnailUrl":"https:\/\/cybul.eu\/wp-content\/uploads\/2023\/10\/eng_pl_Short-Shifter-BMW-E36-Z3-Short-Black-Teflon-Knob-K-4221_1.png","datePublished":"2023-10-27T09:11:13+00:00","dateModified":"2023-10-27T09:11:13+00:00","description":"Ten zestaw kr\u00f3tkiej d\u017awigni zmiany bieg\u00f3w montuje si\u0119 bezpo\u015brednio na tunelu skrzyni bieg\u00f3w, w miejsce oryginalnej (nie wymaga wiercenia). Jest lekki i umo\u017cliwia szybsze i precyzyjne zmiany bieg\u00f3w. Ga\u0142ka bieg\u00f3w jest r\u00f3wnie\u017c umieszczona bli\u017cej kierownicy - idealna do wy\u015bcig\u00f3w.","breadcrumb":{"@id":"https:\/\/cybul.eu\/pl\/sklep\/short-shifter-bmw-e36-z3-krotka-czarna-teflonowa-galka-zmiany-biegow\/#breadcrumb"},"inLanguage":"pl-PL","potentialAction":[{"@type":"ReadAction","target":["https:\/\/cybul.eu\/pl\/sklep\/short-shifter-bmw-e36-z3-krotka-czarna-teflonowa-galka-zmiany-biegow\/"]}]},{"@type":"ImageObject","inLanguage":"pl-PL","@id":"https:\/\/cybul.eu\/pl\/sklep\/short-shifter-bmw-e36-z3-krotka-czarna-teflonowa-galka-zmiany-biegow\/#primaryimage","url":"https:\/\/cybul.eu\/wp-content\/uploads\/2023\/10\/eng_pl_Short-Shifter-BMW-E36-Z3-Short-Black-Teflon-Knob-K-4221_1.png","contentUrl":"https:\/\/cybul.eu\/wp-content\/uploads\/2023\/10\/eng_pl_Short-Shifter-BMW-E36-Z3-Short-Black-Teflon-Knob-K-4221_1.png","width":600,"height":600,"caption":"Short Shifter BMW E36 Z3 - Kr\u00f3tka czarna teflonowa ga\u0142ka zmiany bieg\u00f3w"},{"@type":"BreadcrumbList","@id":"https:\/\/cybul.eu\/pl\/sklep\/short-shifter-bmw-e36-z3-krotka-czarna-teflonowa-galka-zmiany-biegow\/#breadcrumb","itemListElement":[{"@type":"ListItem","position":1,"name":"Strona g\u0142\u00f3wna","item":"https:\/\/cybul.eu\/pl\/"},{"@type":"ListItem","position":2,"name":"Sklep","item":"https:\/\/cybul.eu\/pl\/sklep\/"},{"@type":"ListItem","position":3,"name":"Short Shifter BMW E36 Z3 &#8211; Kr\u00f3tka czarna teflonowa ga\u0142ka zmiany bieg\u00f3w"}]},{"@type":"WebSite","@id":"https:\/\/cybul.eu\/pl\/#website","url":"https:\/\/cybul.eu\/pl\/","name":"CYBUL","description":"","potentialAction":[{"@type":"SearchAction","target":{"@type":"EntryPoint","urlTemplate":"https:\/\/cybul.eu\/pl\/?s={search_term_string}"},"query-input":{"@type":"PropertyValueSpecification","valueRequired":true,"valueName":"search_term_string"}}],"inLanguage":"pl-PL"}]}},"_links":{"self":[{"href":"https:\/\/cybul.eu\/pl\/wp-json\/wp\/v2\/product\/8074","targetHints":{"allow":["GET"]}}],"collection":[{"href":"https:\/\/cybul.eu\/pl\/wp-json\/wp\/v2\/product"}],"about":[{"href":"https:\/\/cybul.eu\/pl\/wp-json\/wp\/v2\/types\/product"}],"replies":[{"embeddable":true,"href":"https:\/\/cybul.eu\/pl\/wp-json\/wp\/v2\/comments?post=8074"}],"wp:featuredmedia":[{"embeddable":true,"href":"https:\/\/cybul.eu\/pl\/wp-json\/wp\/v2\/media\/8065"}],"wp:attachment":[{"href":"https:\/\/cybul.eu\/pl\/wp-json\/wp\/v2\/media?parent=8074"}],"wp:term":[{"taxonomy":"product_cat","embeddable":true,"href":"https:\/\/cybul.eu\/pl\/wp-json\/wp\/v2\/product_cat?post=8074"},{"taxonomy":"product_tag","embeddable":true,"href":"https:\/\/cybul.eu\/pl\/wp-json\/wp\/v2\/product_tag?post=8074"}],"curies":[{"name":"wp","href":"https:\/\/api.w.org\/{rel}","templated":true}]}}