{"id":8011,"date":"2023-10-08T09:59:53","date_gmt":"2023-10-25T14:36:03","guid":{"rendered":"https:\/\/cybul.eu\/?post_type=product&#038;p=8011"},"modified":"2023-10-27T08:48:05","modified_gmt":"2023-10-27T06:48:05","slug":"mazda-mx-5-na-nb-zestaw-sprzegla-aisin","status":"publish","type":"product","link":"https:\/\/cybul.eu\/pl\/sklep\/mazda-mx-5-na-nb-zestaw-sprzegla-aisin\/","title":{"rendered":"Mazda MX-5 NA \/ NB &#8211; Zestaw sprzeg\u0142a Aisin"},"content":{"rendered":"<div class=\"longdescription\">\n<h3>O firmie Aisin<\/h3>\n<p>Za\u0142o\u017cona w 1965 roku japo\u0144ska firma Aisin specjalizuje si\u0119 w rozwoju i produkcji cz\u0119\u015bci samochodowych. Jest ona sp\u00f3\u0142k\u0105 zale\u017cn\u0105 od grupy Toyota i dostarcza silniki, skrzynie bieg\u00f3w, hamulce i inne niezb\u0119dne komponenty wielu g\u0142\u00f3wnym producentom samochod\u00f3w. Skoncentrowana na innowacjach marka jest znana z jako\u015bci i wydajno\u015bci swoich produkt\u00f3w, a tak\u017ce sponsoruje wielu zawodnik\u00f3w sport\u00f3w motorowych na ca\u0142ym \u015bwiecie, takich jak kierowca driftu Axel Fran\u00e7ois we Francji.<\/p>\n<\/div>\n<div class=\"caracteristique\">\n<h3>Charakterystyka<\/h3>\n<table class=\"table table-striped\">\n<tbody>\n<tr class=\"carac_getAffectation_hsd\">\n<th scope=\"row\">Marka samochodu<\/th>\n<td>Mazda<\/td>\n<\/tr>\n<tr class=\"carac_getModelevehicule\">\n<th scope=\"row\">Model samochodu<\/th>\n<td>Mazda MX-5 NA \/ NB<\/td>\n<\/tr>\n<tr class=\"carac_getEngine_code\">\n<th scope=\"row\">Kod silnika<\/th>\n<td>B6-ZE, BP-ZE<\/td>\n<\/tr>\n<\/tbody>\n<\/table>\n<\/div>\n","protected":false},"excerpt":{"rendered":"<p>html<br \/>\nCopy code<\/p>\n<h3>Zestaw sprz\u0119g\u0142a Aisin<\/h3>\n<ul>\n<li>Zestaw sprz\u0119g\u0142a Aisin<\/li>\n<li>Do samochodu: Mazda MX-5 NA \/ NB<\/li>\n<li>Kod(e) silnika: B6-ZE, BP-ZE<\/li>\n<li>Jako\u015b\u0107 i trwa\u0142o\u015b\u0107 zgodna z OEM<\/li>\n<li>Nr cz\u0119\u015bci: KZ-054A, KZ-066 i KZ-107A<\/li>\n<\/ul>\n","protected":false},"featured_media":8003,"comment_status":"open","ping_status":"closed","template":"","meta":[],"product_cat":[387,388,505,511,359],"product_tag":[],"class_list":{"0":"post-8011","1":"product","2":"type-product","3":"status-publish","4":"has-post-thumbnail","6":"product_cat-mx5-na-pl","7":"product_cat-mx5-nb-pl","8":"product_cat-przeniesienie-napedu-mx5-nb","9":"product_cat-przeniesienie-napedu","10":"product_cat-sprzegla","12":"first","13":"instock","14":"taxable","15":"shipping-taxable","16":"product-type-variable"},"bundled_by":[],"bundle_stock_status":"instock","bundle_stock_quantity":null,"bundle_virtual":false,"bundle_layout":"","bundle_add_to_cart_form_location":"","bundle_editable_in_cart":false,"bundle_sold_individually_context":"","bundle_item_grouping":"","bundle_min_size":"","bundle_max_size":"","bundle_price":[],"bundled_items":[],"bundle_sell_ids":[7948],"acf":{"zdjecie_bez_watermarka":null,"zdjecie_bez_watermarka_url":"","product_orgin_url":""},"yoast_head":"<!-- This site is optimized with the Yoast SEO plugin v23.9 - https:\/\/yoast.com\/wordpress\/plugins\/seo\/ -->\n<title>Mazda MX-5 NA \/ NB - Zestaw sprzeg\u0142a Aisin - CYBUL<\/title>\n<meta name=\"description\" content=\"html Copy code Zestaw sprz\u0119g\u0142a Aisin Zestaw sprz\u0119g\u0142a Aisin Do samochodu: Mazda MX-5 NA \/ NB Kod(e) silnika: B6-ZE, BP-ZE Jako\u015b\u0107 i trwa\u0142o\u015b\u0107 zgodna z OEM Nr cz\u0119\u015bci: KZ-054A, KZ-066 i KZ-107A\" \/>\n<meta name=\"robots\" content=\"index, follow, max-snippet:-1, max-image-preview:large, max-video-preview:-1\" \/>\n<link rel=\"canonical\" href=\"https:\/\/cybul.eu\/pl\/sklep\/mazda-mx-5-na-nb-zestaw-sprzegla-aisin\/\" \/>\n<meta property=\"og:locale\" content=\"pl_PL\" \/>\n<meta property=\"og:type\" content=\"article\" \/>\n<meta property=\"og:title\" content=\"Mazda MX-5 NA \/ NB - Zestaw sprzeg\u0142a Aisin - CYBUL\" \/>\n<meta property=\"og:description\" content=\"html Copy code Zestaw sprz\u0119g\u0142a Aisin Zestaw sprz\u0119g\u0142a Aisin Do samochodu: Mazda MX-5 NA \/ NB Kod(e) silnika: B6-ZE, BP-ZE Jako\u015b\u0107 i trwa\u0142o\u015b\u0107 zgodna z OEM Nr cz\u0119\u015bci: KZ-054A, KZ-066 i KZ-107A\" \/>\n<meta property=\"og:url\" content=\"https:\/\/cybul.eu\/pl\/sklep\/mazda-mx-5-na-nb-zestaw-sprzegla-aisin\/\" \/>\n<meta property=\"og:site_name\" content=\"CYBUL\" \/>\n<meta property=\"article:modified_time\" content=\"2023-10-27T06:48:05+00:00\" \/>\n<meta property=\"og:image\" content=\"https:\/\/cybul.eu\/wp-content\/uploads\/2023\/10\/xlarge-kz-054a.jpg\" \/>\n\t<meta property=\"og:image:width\" content=\"800\" \/>\n\t<meta property=\"og:image:height\" content=\"800\" \/>\n\t<meta property=\"og:image:type\" content=\"image\/jpeg\" \/>\n<meta name=\"twitter:card\" content=\"summary_large_image\" \/>\n<meta name=\"twitter:label1\" content=\"Szacowany czas czytania\" \/>\n\t<meta name=\"twitter:data1\" content=\"1 minuta\" \/>\n<script type=\"application\/ld+json\" class=\"yoast-schema-graph\">{\"@context\":\"https:\/\/schema.org\",\"@graph\":[{\"@type\":\"WebPage\",\"@id\":\"https:\/\/cybul.eu\/pl\/sklep\/mazda-mx-5-na-nb-zestaw-sprzegla-aisin\/\",\"url\":\"https:\/\/cybul.eu\/pl\/sklep\/mazda-mx-5-na-nb-zestaw-sprzegla-aisin\/\",\"name\":\"Mazda MX-5 NA \/ NB - Zestaw sprzeg\u0142a Aisin - CYBUL\",\"isPartOf\":{\"@id\":\"https:\/\/cybul.eu\/pl\/#website\"},\"primaryImageOfPage\":{\"@id\":\"https:\/\/cybul.eu\/pl\/sklep\/mazda-mx-5-na-nb-zestaw-sprzegla-aisin\/#primaryimage\"},\"image\":{\"@id\":\"https:\/\/cybul.eu\/pl\/sklep\/mazda-mx-5-na-nb-zestaw-sprzegla-aisin\/#primaryimage\"},\"thumbnailUrl\":\"https:\/\/cybul.eu\/wp-content\/uploads\/2023\/10\/xlarge-kz-054a.jpg\",\"datePublished\":\"2023-10-25T14:36:03+00:00\",\"dateModified\":\"2023-10-27T06:48:05+00:00\",\"description\":\"html Copy code Zestaw sprz\u0119g\u0142a Aisin Zestaw sprz\u0119g\u0142a Aisin Do samochodu: Mazda MX-5 NA \/ NB Kod(e) silnika: B6-ZE, BP-ZE Jako\u015b\u0107 i trwa\u0142o\u015b\u0107 zgodna z OEM Nr cz\u0119\u015bci: KZ-054A, KZ-066 i KZ-107A\",\"breadcrumb\":{\"@id\":\"https:\/\/cybul.eu\/pl\/sklep\/mazda-mx-5-na-nb-zestaw-sprzegla-aisin\/#breadcrumb\"},\"inLanguage\":\"pl-PL\",\"potentialAction\":[{\"@type\":\"ReadAction\",\"target\":[\"https:\/\/cybul.eu\/pl\/sklep\/mazda-mx-5-na-nb-zestaw-sprzegla-aisin\/\"]}]},{\"@type\":\"ImageObject\",\"inLanguage\":\"pl-PL\",\"@id\":\"https:\/\/cybul.eu\/pl\/sklep\/mazda-mx-5-na-nb-zestaw-sprzegla-aisin\/#primaryimage\",\"url\":\"https:\/\/cybul.eu\/wp-content\/uploads\/2023\/10\/xlarge-kz-054a.jpg\",\"contentUrl\":\"https:\/\/cybul.eu\/wp-content\/uploads\/2023\/10\/xlarge-kz-054a.jpg\",\"width\":800,\"height\":800,\"caption\":\"Mazda MX-5 NA \/ NB - Zestaw sprzeg\u0142a Aisin\"},{\"@type\":\"BreadcrumbList\",\"@id\":\"https:\/\/cybul.eu\/pl\/sklep\/mazda-mx-5-na-nb-zestaw-sprzegla-aisin\/#breadcrumb\",\"itemListElement\":[{\"@type\":\"ListItem\",\"position\":1,\"name\":\"Strona g\u0142\u00f3wna\",\"item\":\"https:\/\/cybul.eu\/pl\/\"},{\"@type\":\"ListItem\",\"position\":2,\"name\":\"Sklep\",\"item\":\"https:\/\/cybul.eu\/pl\/sklep\/\"},{\"@type\":\"ListItem\",\"position\":3,\"name\":\"Mazda MX-5 NA \/ NB &#8211; Zestaw sprzeg\u0142a Aisin\"}]},{\"@type\":\"WebSite\",\"@id\":\"https:\/\/cybul.eu\/pl\/#website\",\"url\":\"https:\/\/cybul.eu\/pl\/\",\"name\":\"CYBUL\",\"description\":\"\",\"potentialAction\":[{\"@type\":\"SearchAction\",\"target\":{\"@type\":\"EntryPoint\",\"urlTemplate\":\"https:\/\/cybul.eu\/pl\/?s={search_term_string}\"},\"query-input\":{\"@type\":\"PropertyValueSpecification\",\"valueRequired\":true,\"valueName\":\"search_term_string\"}}],\"inLanguage\":\"pl-PL\"}]}<\/script>\n<!-- \/ Yoast SEO plugin. -->","yoast_head_json":{"title":"Mazda MX-5 NA \/ NB - Zestaw sprzeg\u0142a Aisin - CYBUL","description":"html Copy code Zestaw sprz\u0119g\u0142a Aisin Zestaw sprz\u0119g\u0142a Aisin Do samochodu: Mazda MX-5 NA \/ NB Kod(e) silnika: B6-ZE, BP-ZE Jako\u015b\u0107 i trwa\u0142o\u015b\u0107 zgodna z OEM Nr cz\u0119\u015bci: KZ-054A, KZ-066 i KZ-107A","robots":{"index":"index","follow":"follow","max-snippet":"max-snippet:-1","max-image-preview":"max-image-preview:large","max-video-preview":"max-video-preview:-1"},"canonical":"https:\/\/cybul.eu\/pl\/sklep\/mazda-mx-5-na-nb-zestaw-sprzegla-aisin\/","og_locale":"pl_PL","og_type":"article","og_title":"Mazda MX-5 NA \/ NB - Zestaw sprzeg\u0142a Aisin - CYBUL","og_description":"html Copy code Zestaw sprz\u0119g\u0142a Aisin Zestaw sprz\u0119g\u0142a Aisin Do samochodu: Mazda MX-5 NA \/ NB Kod(e) silnika: B6-ZE, BP-ZE Jako\u015b\u0107 i trwa\u0142o\u015b\u0107 zgodna z OEM Nr cz\u0119\u015bci: KZ-054A, KZ-066 i KZ-107A","og_url":"https:\/\/cybul.eu\/pl\/sklep\/mazda-mx-5-na-nb-zestaw-sprzegla-aisin\/","og_site_name":"CYBUL","article_modified_time":"2023-10-27T06:48:05+00:00","og_image":[{"width":800,"height":800,"url":"https:\/\/cybul.eu\/wp-content\/uploads\/2023\/10\/xlarge-kz-054a.jpg","type":"image\/jpeg"}],"twitter_card":"summary_large_image","twitter_misc":{"Szacowany czas czytania":"1 minuta"},"schema":{"@context":"https:\/\/schema.org","@graph":[{"@type":"WebPage","@id":"https:\/\/cybul.eu\/pl\/sklep\/mazda-mx-5-na-nb-zestaw-sprzegla-aisin\/","url":"https:\/\/cybul.eu\/pl\/sklep\/mazda-mx-5-na-nb-zestaw-sprzegla-aisin\/","name":"Mazda MX-5 NA \/ NB - Zestaw sprzeg\u0142a Aisin - CYBUL","isPartOf":{"@id":"https:\/\/cybul.eu\/pl\/#website"},"primaryImageOfPage":{"@id":"https:\/\/cybul.eu\/pl\/sklep\/mazda-mx-5-na-nb-zestaw-sprzegla-aisin\/#primaryimage"},"image":{"@id":"https:\/\/cybul.eu\/pl\/sklep\/mazda-mx-5-na-nb-zestaw-sprzegla-aisin\/#primaryimage"},"thumbnailUrl":"https:\/\/cybul.eu\/wp-content\/uploads\/2023\/10\/xlarge-kz-054a.jpg","datePublished":"2023-10-25T14:36:03+00:00","dateModified":"2023-10-27T06:48:05+00:00","description":"html Copy code Zestaw sprz\u0119g\u0142a Aisin Zestaw sprz\u0119g\u0142a Aisin Do samochodu: Mazda MX-5 NA \/ NB Kod(e) silnika: B6-ZE, BP-ZE Jako\u015b\u0107 i trwa\u0142o\u015b\u0107 zgodna z OEM Nr cz\u0119\u015bci: KZ-054A, KZ-066 i KZ-107A","breadcrumb":{"@id":"https:\/\/cybul.eu\/pl\/sklep\/mazda-mx-5-na-nb-zestaw-sprzegla-aisin\/#breadcrumb"},"inLanguage":"pl-PL","potentialAction":[{"@type":"ReadAction","target":["https:\/\/cybul.eu\/pl\/sklep\/mazda-mx-5-na-nb-zestaw-sprzegla-aisin\/"]}]},{"@type":"ImageObject","inLanguage":"pl-PL","@id":"https:\/\/cybul.eu\/pl\/sklep\/mazda-mx-5-na-nb-zestaw-sprzegla-aisin\/#primaryimage","url":"https:\/\/cybul.eu\/wp-content\/uploads\/2023\/10\/xlarge-kz-054a.jpg","contentUrl":"https:\/\/cybul.eu\/wp-content\/uploads\/2023\/10\/xlarge-kz-054a.jpg","width":800,"height":800,"caption":"Mazda MX-5 NA \/ NB - Zestaw sprzeg\u0142a Aisin"},{"@type":"BreadcrumbList","@id":"https:\/\/cybul.eu\/pl\/sklep\/mazda-mx-5-na-nb-zestaw-sprzegla-aisin\/#breadcrumb","itemListElement":[{"@type":"ListItem","position":1,"name":"Strona g\u0142\u00f3wna","item":"https:\/\/cybul.eu\/pl\/"},{"@type":"ListItem","position":2,"name":"Sklep","item":"https:\/\/cybul.eu\/pl\/sklep\/"},{"@type":"ListItem","position":3,"name":"Mazda MX-5 NA \/ NB &#8211; Zestaw sprzeg\u0142a Aisin"}]},{"@type":"WebSite","@id":"https:\/\/cybul.eu\/pl\/#website","url":"https:\/\/cybul.eu\/pl\/","name":"CYBUL","description":"","potentialAction":[{"@type":"SearchAction","target":{"@type":"EntryPoint","urlTemplate":"https:\/\/cybul.eu\/pl\/?s={search_term_string}"},"query-input":{"@type":"PropertyValueSpecification","valueRequired":true,"valueName":"search_term_string"}}],"inLanguage":"pl-PL"}]}},"_links":{"self":[{"href":"https:\/\/cybul.eu\/pl\/wp-json\/wp\/v2\/product\/8011","targetHints":{"allow":["GET"]}}],"collection":[{"href":"https:\/\/cybul.eu\/pl\/wp-json\/wp\/v2\/product"}],"about":[{"href":"https:\/\/cybul.eu\/pl\/wp-json\/wp\/v2\/types\/product"}],"replies":[{"embeddable":true,"href":"https:\/\/cybul.eu\/pl\/wp-json\/wp\/v2\/comments?post=8011"}],"wp:featuredmedia":[{"embeddable":true,"href":"https:\/\/cybul.eu\/pl\/wp-json\/wp\/v2\/media\/8003"}],"wp:attachment":[{"href":"https:\/\/cybul.eu\/pl\/wp-json\/wp\/v2\/media?parent=8011"}],"wp:term":[{"taxonomy":"product_cat","embeddable":true,"href":"https:\/\/cybul.eu\/pl\/wp-json\/wp\/v2\/product_cat?post=8011"},{"taxonomy":"product_tag","embeddable":true,"href":"https:\/\/cybul.eu\/pl\/wp-json\/wp\/v2\/product_tag?post=8011"}],"curies":[{"name":"wp","href":"https:\/\/api.w.org\/{rel}","templated":true}]}}