{"id":8000,"date":"2023-10-25T11:13:50","date_gmt":"2023-10-25T14:42:17","guid":{"rendered":"https:\/\/cybul.eu\/?post_type=product&#038;p=8000"},"modified":"2023-10-25T16:42:18","modified_gmt":"2023-10-25T14:42:18","slug":"mazda-mx-5-nc-2-0l-mt6-sprzeglo-stage-3-competition-clutch","status":"publish","type":"product","link":"https:\/\/cybul.eu\/pl\/sklep\/mazda-mx-5-nc-2-0l-mt6-sprzeglo-stage-3-competition-clutch\/","title":{"rendered":"Mazda MX-5 NC 2.0L (MT6) &#8211; Sprz\u0119g\u0142o Stage 3 Competition Clutch"},"content":{"rendered":"<div class=\"longdescription\">\n<h3>Specyfikacja zestawu sprz\u0119g\u0142a Stage 3 &#8211; Competition Clutch<\/h3>\n<p>Doskona\u0142y do intensywnej jazdy zar\u00f3wno na torze, jak i poza nim, ten zestaw sprz\u0119g\u0142a Competition Clutch Stage 3 jest przeznaczony dla tunowanych pojazd\u00f3w, kt\u00f3re s\u0105 u\u017cywane zar\u00f3wno na otwartej drodze, jak i na torze. Jego tarcza sprz\u0119g\u0142a cerametallic ze spr\u0119\u017cyn\u0105 zapewnia stopniowe za\u0142\u0105czanie i d\u0142ug\u0105 \u017cywotno\u015b\u0107, jednocze\u015bnie wytrzymuj\u0105c nawet o 100% wi\u0119kszy moment obrotowy dzi\u0119ki wzmocnionemu mechanizmowi.<\/p>\n<p>Chyba \u017ce podano inaczej, zestawy sprz\u0119g\u0142a Competition Clutch zawieraj\u0105 \u0142o\u017cysko uwalniania i \u0142o\u017cysko pilota (dla pojazd\u00f3w, kt\u00f3re s\u0105 standardowo wyposa\u017cone w takie elementy). Competition Clutch zaleca stopniowy proces rozgrzewki o d\u0142ugo\u015bci oko\u0142o 500 km przed intensywnym u\u017cytkowaniem. Zdj\u0119cie pogl\u0105dowe, produkt rzeczywisty mo\u017ce r\u00f3\u017cni\u0107 si\u0119 od tego na zdj\u0119ciu.<\/p>\n<\/div>\n<div class=\"caracteristique\">\n<h3>Charakterystyka<\/h3>\n<table class=\"table table-striped\">\n<tbody>\n<tr class=\"carac_getAffectation_hsd\">\n<th scope=\"row\">Marka samochodu<\/th>\n<td>Mazda<\/td>\n<\/tr>\n<tr class=\"carac_getModelevehicule\">\n<th scope=\"row\">Model samochodu<\/th>\n<td>Mazda MX-5 NC<\/td>\n<\/tr>\n<tr class=\"carac_getEngine_code\">\n<th scope=\"row\">Kod silnika<\/th>\n<td>LF-VE<\/td>\n<\/tr>\n<tr class=\"carac_getTorque\">\n<th scope=\"row\">Moment obrotowy (na ko\u0142o zamachowe)<\/th>\n<td>465 Nm<\/td>\n<\/tr>\n<\/tbody>\n<\/table>\n<\/div>\n","protected":false},"excerpt":{"rendered":"<h3>Sprz\u0119g\u0142o Stage 3<\/h3>\n<ul>\n<li>Do samochod\u00f3w Mazda MX-5 NC<\/li>\n<li>Kod silnika: Mazda LF-VE<\/li>\n<li><strong>Tarcza sprz\u0119g\u0142a ze spr\u0119\u017cyn\u0105 i materia\u0142em cerametallic<\/strong><\/li>\n<li>Maksymalny moment obrotowy: 465 Nm<\/li>\n<li>Produkowane w USA przez <em>Competition Clutch<\/em><\/li>\n<\/ul>\n","protected":false},"featured_media":7999,"comment_status":"open","ping_status":"closed","template":"","meta":[],"product_cat":[447,513,359],"product_tag":[],"class_list":{"0":"post-8000","1":"product","2":"type-product","3":"status-publish","4":"has-post-thumbnail","6":"product_cat-mx-5-nc-pl","7":"product_cat-przeniesienie-napedu-mx-5-nc","8":"product_cat-sprzegla","9":"product_shipping_class-standard","11":"first","12":"instock","13":"taxable","14":"shipping-taxable","15":"purchasable","16":"product-type-simple"},"bundled_by":[],"bundle_stock_status":"instock","bundle_stock_quantity":null,"bundle_virtual":false,"bundle_layout":"","bundle_add_to_cart_form_location":"","bundle_editable_in_cart":false,"bundle_sold_individually_context":"","bundle_item_grouping":"","bundle_min_size":"","bundle_max_size":"","bundle_price":[],"bundled_items":[],"bundle_sell_ids":[7992,7996],"acf":{"zdjecie_bez_watermarka":null,"zdjecie_bez_watermarka_url":"","product_orgin_url":""},"yoast_head":"<!-- This site is optimized with the Yoast SEO plugin v23.9 - https:\/\/yoast.com\/wordpress\/plugins\/seo\/ -->\n<title>Mazda MX-5 NC 2.0L (MT6) - Sprz\u0119g\u0142o Stage 3 Competition Clutch - CYBUL<\/title>\n<meta name=\"description\" content=\"Sprz\u0119g\u0142o Stage 3 Do samochod\u00f3w Mazda MX-5 NC Kod silnika: Mazda LF-VE Tarcza sprz\u0119g\u0142a ze spr\u0119\u017cyn\u0105 i materia\u0142em cerametallic Maksymalny moment obrotowy: 465 Nm Produkowane w USA przez Competition Clutch\" \/>\n<meta name=\"robots\" content=\"index, follow, max-snippet:-1, max-image-preview:large, max-video-preview:-1\" \/>\n<link rel=\"canonical\" href=\"https:\/\/cybul.eu\/pl\/sklep\/mazda-mx-5-nc-2-0l-mt6-sprzeglo-stage-3-competition-clutch\/\" \/>\n<meta property=\"og:locale\" content=\"pl_PL\" \/>\n<meta property=\"og:type\" content=\"article\" \/>\n<meta property=\"og:title\" content=\"Mazda MX-5 NC 2.0L (MT6) - Sprz\u0119g\u0142o Stage 3 Competition Clutch - CYBUL\" \/>\n<meta property=\"og:description\" content=\"Sprz\u0119g\u0142o Stage 3 Do samochod\u00f3w Mazda MX-5 NC Kod silnika: Mazda LF-VE Tarcza sprz\u0119g\u0142a ze spr\u0119\u017cyn\u0105 i materia\u0142em cerametallic Maksymalny moment obrotowy: 465 Nm Produkowane w USA przez Competition Clutch\" \/>\n<meta property=\"og:url\" content=\"https:\/\/cybul.eu\/pl\/sklep\/mazda-mx-5-nc-2-0l-mt6-sprzeglo-stage-3-competition-clutch\/\" \/>\n<meta property=\"og:site_name\" content=\"CYBUL\" \/>\n<meta property=\"article:modified_time\" content=\"2023-10-25T14:42:18+00:00\" \/>\n<meta property=\"og:image\" content=\"https:\/\/cybul.eu\/wp-content\/uploads\/2023\/10\/xlarge-f57cee0d76c07c8824d65f2937bcb5bb.jpg\" \/>\n\t<meta property=\"og:image:width\" content=\"800\" \/>\n\t<meta property=\"og:image:height\" content=\"800\" \/>\n\t<meta property=\"og:image:type\" content=\"image\/jpeg\" \/>\n<meta name=\"twitter:card\" content=\"summary_large_image\" \/>\n<meta name=\"twitter:label1\" content=\"Szacowany czas czytania\" \/>\n\t<meta name=\"twitter:data1\" content=\"1 minuta\" \/>\n<script type=\"application\/ld+json\" class=\"yoast-schema-graph\">{\"@context\":\"https:\/\/schema.org\",\"@graph\":[{\"@type\":\"WebPage\",\"@id\":\"https:\/\/cybul.eu\/pl\/sklep\/mazda-mx-5-nc-2-0l-mt6-sprzeglo-stage-3-competition-clutch\/\",\"url\":\"https:\/\/cybul.eu\/pl\/sklep\/mazda-mx-5-nc-2-0l-mt6-sprzeglo-stage-3-competition-clutch\/\",\"name\":\"Mazda MX-5 NC 2.0L (MT6) - Sprz\u0119g\u0142o Stage 3 Competition Clutch - CYBUL\",\"isPartOf\":{\"@id\":\"https:\/\/cybul.eu\/pl\/#website\"},\"primaryImageOfPage\":{\"@id\":\"https:\/\/cybul.eu\/pl\/sklep\/mazda-mx-5-nc-2-0l-mt6-sprzeglo-stage-3-competition-clutch\/#primaryimage\"},\"image\":{\"@id\":\"https:\/\/cybul.eu\/pl\/sklep\/mazda-mx-5-nc-2-0l-mt6-sprzeglo-stage-3-competition-clutch\/#primaryimage\"},\"thumbnailUrl\":\"https:\/\/cybul.eu\/wp-content\/uploads\/2023\/10\/xlarge-f57cee0d76c07c8824d65f2937bcb5bb.jpg\",\"datePublished\":\"2023-10-25T14:42:17+00:00\",\"dateModified\":\"2023-10-25T14:42:18+00:00\",\"description\":\"Sprz\u0119g\u0142o Stage 3 Do samochod\u00f3w Mazda MX-5 NC Kod silnika: Mazda LF-VE Tarcza sprz\u0119g\u0142a ze spr\u0119\u017cyn\u0105 i materia\u0142em cerametallic Maksymalny moment obrotowy: 465 Nm Produkowane w USA przez Competition Clutch\",\"breadcrumb\":{\"@id\":\"https:\/\/cybul.eu\/pl\/sklep\/mazda-mx-5-nc-2-0l-mt6-sprzeglo-stage-3-competition-clutch\/#breadcrumb\"},\"inLanguage\":\"pl-PL\",\"potentialAction\":[{\"@type\":\"ReadAction\",\"target\":[\"https:\/\/cybul.eu\/pl\/sklep\/mazda-mx-5-nc-2-0l-mt6-sprzeglo-stage-3-competition-clutch\/\"]}]},{\"@type\":\"ImageObject\",\"inLanguage\":\"pl-PL\",\"@id\":\"https:\/\/cybul.eu\/pl\/sklep\/mazda-mx-5-nc-2-0l-mt6-sprzeglo-stage-3-competition-clutch\/#primaryimage\",\"url\":\"https:\/\/cybul.eu\/wp-content\/uploads\/2023\/10\/xlarge-f57cee0d76c07c8824d65f2937bcb5bb.jpg\",\"contentUrl\":\"https:\/\/cybul.eu\/wp-content\/uploads\/2023\/10\/xlarge-f57cee0d76c07c8824d65f2937bcb5bb.jpg\",\"width\":800,\"height\":800,\"caption\":\"Mazda MX-5 NC 2.0L (MT6) - Sprz\u0119g\u0142o Stage 3 Competition Clutch\"},{\"@type\":\"BreadcrumbList\",\"@id\":\"https:\/\/cybul.eu\/pl\/sklep\/mazda-mx-5-nc-2-0l-mt6-sprzeglo-stage-3-competition-clutch\/#breadcrumb\",\"itemListElement\":[{\"@type\":\"ListItem\",\"position\":1,\"name\":\"Strona g\u0142\u00f3wna\",\"item\":\"https:\/\/cybul.eu\/pl\/\"},{\"@type\":\"ListItem\",\"position\":2,\"name\":\"Sklep\",\"item\":\"https:\/\/cybul.eu\/pl\/sklep\/\"},{\"@type\":\"ListItem\",\"position\":3,\"name\":\"Mazda MX-5 NC 2.0L (MT6) &#8211; Sprz\u0119g\u0142o Stage 3 Competition Clutch\"}]},{\"@type\":\"WebSite\",\"@id\":\"https:\/\/cybul.eu\/pl\/#website\",\"url\":\"https:\/\/cybul.eu\/pl\/\",\"name\":\"CYBUL\",\"description\":\"\",\"potentialAction\":[{\"@type\":\"SearchAction\",\"target\":{\"@type\":\"EntryPoint\",\"urlTemplate\":\"https:\/\/cybul.eu\/pl\/?s={search_term_string}\"},\"query-input\":{\"@type\":\"PropertyValueSpecification\",\"valueRequired\":true,\"valueName\":\"search_term_string\"}}],\"inLanguage\":\"pl-PL\"}]}<\/script>\n<!-- \/ Yoast SEO plugin. -->","yoast_head_json":{"title":"Mazda MX-5 NC 2.0L (MT6) - Sprz\u0119g\u0142o Stage 3 Competition Clutch - CYBUL","description":"Sprz\u0119g\u0142o Stage 3 Do samochod\u00f3w Mazda MX-5 NC Kod silnika: Mazda LF-VE Tarcza sprz\u0119g\u0142a ze spr\u0119\u017cyn\u0105 i materia\u0142em cerametallic Maksymalny moment obrotowy: 465 Nm Produkowane w USA przez Competition Clutch","robots":{"index":"index","follow":"follow","max-snippet":"max-snippet:-1","max-image-preview":"max-image-preview:large","max-video-preview":"max-video-preview:-1"},"canonical":"https:\/\/cybul.eu\/pl\/sklep\/mazda-mx-5-nc-2-0l-mt6-sprzeglo-stage-3-competition-clutch\/","og_locale":"pl_PL","og_type":"article","og_title":"Mazda MX-5 NC 2.0L (MT6) - Sprz\u0119g\u0142o Stage 3 Competition Clutch - CYBUL","og_description":"Sprz\u0119g\u0142o Stage 3 Do samochod\u00f3w Mazda MX-5 NC Kod silnika: Mazda LF-VE Tarcza sprz\u0119g\u0142a ze spr\u0119\u017cyn\u0105 i materia\u0142em cerametallic Maksymalny moment obrotowy: 465 Nm Produkowane w USA przez Competition Clutch","og_url":"https:\/\/cybul.eu\/pl\/sklep\/mazda-mx-5-nc-2-0l-mt6-sprzeglo-stage-3-competition-clutch\/","og_site_name":"CYBUL","article_modified_time":"2023-10-25T14:42:18+00:00","og_image":[{"width":800,"height":800,"url":"https:\/\/cybul.eu\/wp-content\/uploads\/2023\/10\/xlarge-f57cee0d76c07c8824d65f2937bcb5bb.jpg","type":"image\/jpeg"}],"twitter_card":"summary_large_image","twitter_misc":{"Szacowany czas czytania":"1 minuta"},"schema":{"@context":"https:\/\/schema.org","@graph":[{"@type":"WebPage","@id":"https:\/\/cybul.eu\/pl\/sklep\/mazda-mx-5-nc-2-0l-mt6-sprzeglo-stage-3-competition-clutch\/","url":"https:\/\/cybul.eu\/pl\/sklep\/mazda-mx-5-nc-2-0l-mt6-sprzeglo-stage-3-competition-clutch\/","name":"Mazda MX-5 NC 2.0L (MT6) - Sprz\u0119g\u0142o Stage 3 Competition Clutch - CYBUL","isPartOf":{"@id":"https:\/\/cybul.eu\/pl\/#website"},"primaryImageOfPage":{"@id":"https:\/\/cybul.eu\/pl\/sklep\/mazda-mx-5-nc-2-0l-mt6-sprzeglo-stage-3-competition-clutch\/#primaryimage"},"image":{"@id":"https:\/\/cybul.eu\/pl\/sklep\/mazda-mx-5-nc-2-0l-mt6-sprzeglo-stage-3-competition-clutch\/#primaryimage"},"thumbnailUrl":"https:\/\/cybul.eu\/wp-content\/uploads\/2023\/10\/xlarge-f57cee0d76c07c8824d65f2937bcb5bb.jpg","datePublished":"2023-10-25T14:42:17+00:00","dateModified":"2023-10-25T14:42:18+00:00","description":"Sprz\u0119g\u0142o Stage 3 Do samochod\u00f3w Mazda MX-5 NC Kod silnika: Mazda LF-VE Tarcza sprz\u0119g\u0142a ze spr\u0119\u017cyn\u0105 i materia\u0142em cerametallic Maksymalny moment obrotowy: 465 Nm Produkowane w USA przez Competition Clutch","breadcrumb":{"@id":"https:\/\/cybul.eu\/pl\/sklep\/mazda-mx-5-nc-2-0l-mt6-sprzeglo-stage-3-competition-clutch\/#breadcrumb"},"inLanguage":"pl-PL","potentialAction":[{"@type":"ReadAction","target":["https:\/\/cybul.eu\/pl\/sklep\/mazda-mx-5-nc-2-0l-mt6-sprzeglo-stage-3-competition-clutch\/"]}]},{"@type":"ImageObject","inLanguage":"pl-PL","@id":"https:\/\/cybul.eu\/pl\/sklep\/mazda-mx-5-nc-2-0l-mt6-sprzeglo-stage-3-competition-clutch\/#primaryimage","url":"https:\/\/cybul.eu\/wp-content\/uploads\/2023\/10\/xlarge-f57cee0d76c07c8824d65f2937bcb5bb.jpg","contentUrl":"https:\/\/cybul.eu\/wp-content\/uploads\/2023\/10\/xlarge-f57cee0d76c07c8824d65f2937bcb5bb.jpg","width":800,"height":800,"caption":"Mazda MX-5 NC 2.0L (MT6) - Sprz\u0119g\u0142o Stage 3 Competition Clutch"},{"@type":"BreadcrumbList","@id":"https:\/\/cybul.eu\/pl\/sklep\/mazda-mx-5-nc-2-0l-mt6-sprzeglo-stage-3-competition-clutch\/#breadcrumb","itemListElement":[{"@type":"ListItem","position":1,"name":"Strona g\u0142\u00f3wna","item":"https:\/\/cybul.eu\/pl\/"},{"@type":"ListItem","position":2,"name":"Sklep","item":"https:\/\/cybul.eu\/pl\/sklep\/"},{"@type":"ListItem","position":3,"name":"Mazda MX-5 NC 2.0L (MT6) &#8211; Sprz\u0119g\u0142o Stage 3 Competition Clutch"}]},{"@type":"WebSite","@id":"https:\/\/cybul.eu\/pl\/#website","url":"https:\/\/cybul.eu\/pl\/","name":"CYBUL","description":"","potentialAction":[{"@type":"SearchAction","target":{"@type":"EntryPoint","urlTemplate":"https:\/\/cybul.eu\/pl\/?s={search_term_string}"},"query-input":{"@type":"PropertyValueSpecification","valueRequired":true,"valueName":"search_term_string"}}],"inLanguage":"pl-PL"}]}},"_links":{"self":[{"href":"https:\/\/cybul.eu\/pl\/wp-json\/wp\/v2\/product\/8000","targetHints":{"allow":["GET"]}}],"collection":[{"href":"https:\/\/cybul.eu\/pl\/wp-json\/wp\/v2\/product"}],"about":[{"href":"https:\/\/cybul.eu\/pl\/wp-json\/wp\/v2\/types\/product"}],"replies":[{"embeddable":true,"href":"https:\/\/cybul.eu\/pl\/wp-json\/wp\/v2\/comments?post=8000"}],"wp:featuredmedia":[{"embeddable":true,"href":"https:\/\/cybul.eu\/pl\/wp-json\/wp\/v2\/media\/7999"}],"wp:attachment":[{"href":"https:\/\/cybul.eu\/pl\/wp-json\/wp\/v2\/media?parent=8000"}],"wp:term":[{"taxonomy":"product_cat","embeddable":true,"href":"https:\/\/cybul.eu\/pl\/wp-json\/wp\/v2\/product_cat?post=8000"},{"taxonomy":"product_tag","embeddable":true,"href":"https:\/\/cybul.eu\/pl\/wp-json\/wp\/v2\/product_tag?post=8000"}],"curies":[{"name":"wp","href":"https:\/\/api.w.org\/{rel}","templated":true}]}}