{"id":7996,"date":"2023-10-07T21:42:55","date_gmt":"2023-10-25T14:42:14","guid":{"rendered":"https:\/\/cybul.eu\/?post_type=product&#038;p=7996"},"modified":"2023-10-25T16:42:15","modified_gmt":"2023-10-25T14:42:15","slug":"mazda-mx-5-nc-ultralekkie-kolo-zamachowe-competition-clutch","status":"publish","type":"product","link":"https:\/\/cybul.eu\/pl\/sklep\/mazda-mx-5-nc-ultralekkie-kolo-zamachowe-competition-clutch\/","title":{"rendered":"Mazda MX-5 NC &#8211; Ultralekkie ko\u0142o zamachowe Competition Clutch"},"content":{"rendered":"<div class=\"longdescription\">\n<h3>Specyfikacja ultralekkiego ko\u0142a zamachowego Competition Clutch<\/h3>\n<p>Zaprojektowane do u\u017cycia w zawodach, ultralekkie ko\u0142a zamachowe Competition Clutch nadaj\u0105 si\u0119 do mocno zmodyfikowanych pojazd\u00f3w i samochod\u00f3w wy\u015bcigowych, oferuj\u0105c zauwa\u017calny wzrost osi\u0105g\u00f3w. Poprawiaj\u0105 og\u00f3ln\u0105 wydajno\u015b\u0107 pojazdu poprzez zmniejszenie inercji przek\u0142adni, co pozwala na szybsze obroty silnika.<\/p>\n<p>Zdj\u0119cie pogl\u0105dowe, rzeczywisty produkt mo\u017ce r\u00f3\u017cni\u0107 si\u0119 od zdj\u0119cia.<\/p>\n<\/div>\n<div class=\"caracteristique\">\n<h3>Charakterystyka<\/h3>\n<table class=\"table table-striped\">\n<tbody>\n<tr class=\"carac_getAffectation_hsd\">\n<th scope=\"row\">Marka samochodu<\/th>\n<td>Mazda<\/td>\n<\/tr>\n<tr class=\"carac_getModelevehicule\">\n<th scope=\"row\">Model samochodu<\/th>\n<td>Mazda MX-5 NC<\/td>\n<\/tr>\n<tr class=\"carac_getEngine_code\">\n<th scope=\"row\">Kod silnika<\/th>\n<td>L8-DE, LF-VE<\/td>\n<\/tr>\n<\/tbody>\n<\/table>\n<\/div>\n","protected":false},"excerpt":{"rendered":"<h3>Ultralekki ko\u0142o zamachowe Competition Clutch<\/h3>\n<ul>\n<li>Do samochod\u00f3w Mazda MX-5 NC<\/li>\n<li>Kod silnika: Mazda L8-DE, LF-VE<\/li>\n<li><strong>Materia\u0142: stal kuta<\/strong><\/li>\n<li><strong>3,8 kg ko\u0142o zamachowe, odpowiednie dla modeli MX-5 NC 1,8L (MT5) i 2,0L (MT6)<\/strong><\/li>\n<li>Monta\u017c typu &#8222;Bolt-on&#8221;<\/li>\n<li>Produkowane w USA przez <em>Competition Clutch<\/em><\/li>\n<\/ul>\n","protected":false},"featured_media":7995,"comment_status":"open","ping_status":"closed","template":"","meta":[],"product_cat":[513,447,359],"product_tag":[],"class_list":{"0":"post-7996","1":"product","2":"type-product","3":"status-publish","4":"has-post-thumbnail","6":"product_cat-przeniesienie-napedu-mx-5-nc","7":"product_cat-mx-5-nc-pl","8":"product_cat-sprzegla","9":"product_shipping_class-standard","11":"first","12":"instock","13":"taxable","14":"shipping-taxable","15":"purchasable","16":"product-type-simple"},"bundled_by":[],"bundle_stock_status":"instock","bundle_stock_quantity":null,"bundle_virtual":false,"bundle_layout":"","bundle_add_to_cart_form_location":"","bundle_editable_in_cart":false,"bundle_sold_individually_context":"","bundle_item_grouping":"","bundle_min_size":"","bundle_max_size":"","bundle_price":[],"bundled_items":[],"bundle_sell_ids":[],"acf":{"zdjecie_bez_watermarka":null,"zdjecie_bez_watermarka_url":"","product_orgin_url":""},"yoast_head":"<!-- This site is optimized with the Yoast SEO plugin v23.9 - https:\/\/yoast.com\/wordpress\/plugins\/seo\/ -->\n<title>Mazda MX-5 NC - Ultralekkie ko\u0142o zamachowe Competition Clutch - CYBUL<\/title>\n<meta name=\"robots\" content=\"index, follow, max-snippet:-1, max-image-preview:large, max-video-preview:-1\" \/>\n<link rel=\"canonical\" href=\"https:\/\/cybul.eu\/pl\/sklep\/mazda-mx-5-nc-ultralekkie-kolo-zamachowe-competition-clutch\/\" \/>\n<meta property=\"og:locale\" content=\"pl_PL\" \/>\n<meta property=\"og:type\" content=\"article\" \/>\n<meta property=\"og:title\" content=\"Mazda MX-5 NC - Ultralekkie ko\u0142o zamachowe Competition Clutch - CYBUL\" \/>\n<meta property=\"og:description\" content=\"Ultralekki ko\u0142o zamachowe Competition Clutch   Do samochod\u00f3w Mazda MX-5 NC  Kod silnika: Mazda L8-DE, LF-VE  Materia\u0142: stal kuta  3,8 kg ko\u0142o zamachowe, odpowiednie dla modeli MX-5 NC 1,8L (MT5) i 2,0L (MT6)  Monta\u017c typu &quot;Bolt-on&quot;  Produkowane w USA przez Competition Clutch\" \/>\n<meta property=\"og:url\" content=\"https:\/\/cybul.eu\/pl\/sklep\/mazda-mx-5-nc-ultralekkie-kolo-zamachowe-competition-clutch\/\" \/>\n<meta property=\"og:site_name\" content=\"CYBUL\" \/>\n<meta property=\"article:modified_time\" content=\"2023-10-25T14:42:15+00:00\" \/>\n<meta property=\"og:image\" content=\"https:\/\/cybul.eu\/wp-content\/uploads\/2023\/10\/xlarge-c28ed682c8c107006d1f72aaaecbfd54.jpg\" \/>\n\t<meta property=\"og:image:width\" content=\"800\" \/>\n\t<meta property=\"og:image:height\" content=\"800\" \/>\n\t<meta property=\"og:image:type\" content=\"image\/jpeg\" \/>\n<meta name=\"twitter:card\" content=\"summary_large_image\" \/>\n<meta name=\"twitter:label1\" content=\"Szacowany czas czytania\" \/>\n\t<meta name=\"twitter:data1\" content=\"1 minuta\" \/>\n<script type=\"application\/ld+json\" class=\"yoast-schema-graph\">{\"@context\":\"https:\/\/schema.org\",\"@graph\":[{\"@type\":\"WebPage\",\"@id\":\"https:\/\/cybul.eu\/pl\/sklep\/mazda-mx-5-nc-ultralekkie-kolo-zamachowe-competition-clutch\/\",\"url\":\"https:\/\/cybul.eu\/pl\/sklep\/mazda-mx-5-nc-ultralekkie-kolo-zamachowe-competition-clutch\/\",\"name\":\"Mazda MX-5 NC - Ultralekkie ko\u0142o zamachowe Competition Clutch - CYBUL\",\"isPartOf\":{\"@id\":\"https:\/\/cybul.eu\/pl\/#website\"},\"primaryImageOfPage\":{\"@id\":\"https:\/\/cybul.eu\/pl\/sklep\/mazda-mx-5-nc-ultralekkie-kolo-zamachowe-competition-clutch\/#primaryimage\"},\"image\":{\"@id\":\"https:\/\/cybul.eu\/pl\/sklep\/mazda-mx-5-nc-ultralekkie-kolo-zamachowe-competition-clutch\/#primaryimage\"},\"thumbnailUrl\":\"https:\/\/cybul.eu\/wp-content\/uploads\/2023\/10\/xlarge-c28ed682c8c107006d1f72aaaecbfd54.jpg\",\"datePublished\":\"2023-10-25T14:42:14+00:00\",\"dateModified\":\"2023-10-25T14:42:15+00:00\",\"breadcrumb\":{\"@id\":\"https:\/\/cybul.eu\/pl\/sklep\/mazda-mx-5-nc-ultralekkie-kolo-zamachowe-competition-clutch\/#breadcrumb\"},\"inLanguage\":\"pl-PL\",\"potentialAction\":[{\"@type\":\"ReadAction\",\"target\":[\"https:\/\/cybul.eu\/pl\/sklep\/mazda-mx-5-nc-ultralekkie-kolo-zamachowe-competition-clutch\/\"]}]},{\"@type\":\"ImageObject\",\"inLanguage\":\"pl-PL\",\"@id\":\"https:\/\/cybul.eu\/pl\/sklep\/mazda-mx-5-nc-ultralekkie-kolo-zamachowe-competition-clutch\/#primaryimage\",\"url\":\"https:\/\/cybul.eu\/wp-content\/uploads\/2023\/10\/xlarge-c28ed682c8c107006d1f72aaaecbfd54.jpg\",\"contentUrl\":\"https:\/\/cybul.eu\/wp-content\/uploads\/2023\/10\/xlarge-c28ed682c8c107006d1f72aaaecbfd54.jpg\",\"width\":800,\"height\":800,\"caption\":\"Mazda MX-5 NC - Ultralekkie ko\u0142o zamachowe Competition Clutch\"},{\"@type\":\"BreadcrumbList\",\"@id\":\"https:\/\/cybul.eu\/pl\/sklep\/mazda-mx-5-nc-ultralekkie-kolo-zamachowe-competition-clutch\/#breadcrumb\",\"itemListElement\":[{\"@type\":\"ListItem\",\"position\":1,\"name\":\"Strona g\u0142\u00f3wna\",\"item\":\"https:\/\/cybul.eu\/pl\/\"},{\"@type\":\"ListItem\",\"position\":2,\"name\":\"Sklep\",\"item\":\"https:\/\/cybul.eu\/pl\/sklep\/\"},{\"@type\":\"ListItem\",\"position\":3,\"name\":\"Mazda MX-5 NC &#8211; Ultralekkie ko\u0142o zamachowe Competition Clutch\"}]},{\"@type\":\"WebSite\",\"@id\":\"https:\/\/cybul.eu\/pl\/#website\",\"url\":\"https:\/\/cybul.eu\/pl\/\",\"name\":\"CYBUL\",\"description\":\"\",\"potentialAction\":[{\"@type\":\"SearchAction\",\"target\":{\"@type\":\"EntryPoint\",\"urlTemplate\":\"https:\/\/cybul.eu\/pl\/?s={search_term_string}\"},\"query-input\":{\"@type\":\"PropertyValueSpecification\",\"valueRequired\":true,\"valueName\":\"search_term_string\"}}],\"inLanguage\":\"pl-PL\"}]}<\/script>\n<!-- \/ Yoast SEO plugin. -->","yoast_head_json":{"title":"Mazda MX-5 NC - Ultralekkie ko\u0142o zamachowe Competition Clutch - CYBUL","robots":{"index":"index","follow":"follow","max-snippet":"max-snippet:-1","max-image-preview":"max-image-preview:large","max-video-preview":"max-video-preview:-1"},"canonical":"https:\/\/cybul.eu\/pl\/sklep\/mazda-mx-5-nc-ultralekkie-kolo-zamachowe-competition-clutch\/","og_locale":"pl_PL","og_type":"article","og_title":"Mazda MX-5 NC - Ultralekkie ko\u0142o zamachowe Competition Clutch - CYBUL","og_description":"Ultralekki ko\u0142o zamachowe Competition Clutch   Do samochod\u00f3w Mazda MX-5 NC  Kod silnika: Mazda L8-DE, LF-VE  Materia\u0142: stal kuta  3,8 kg ko\u0142o zamachowe, odpowiednie dla modeli MX-5 NC 1,8L (MT5) i 2,0L (MT6)  Monta\u017c typu \"Bolt-on\"  Produkowane w USA przez Competition Clutch","og_url":"https:\/\/cybul.eu\/pl\/sklep\/mazda-mx-5-nc-ultralekkie-kolo-zamachowe-competition-clutch\/","og_site_name":"CYBUL","article_modified_time":"2023-10-25T14:42:15+00:00","og_image":[{"width":800,"height":800,"url":"https:\/\/cybul.eu\/wp-content\/uploads\/2023\/10\/xlarge-c28ed682c8c107006d1f72aaaecbfd54.jpg","type":"image\/jpeg"}],"twitter_card":"summary_large_image","twitter_misc":{"Szacowany czas czytania":"1 minuta"},"schema":{"@context":"https:\/\/schema.org","@graph":[{"@type":"WebPage","@id":"https:\/\/cybul.eu\/pl\/sklep\/mazda-mx-5-nc-ultralekkie-kolo-zamachowe-competition-clutch\/","url":"https:\/\/cybul.eu\/pl\/sklep\/mazda-mx-5-nc-ultralekkie-kolo-zamachowe-competition-clutch\/","name":"Mazda MX-5 NC - Ultralekkie ko\u0142o zamachowe Competition Clutch - CYBUL","isPartOf":{"@id":"https:\/\/cybul.eu\/pl\/#website"},"primaryImageOfPage":{"@id":"https:\/\/cybul.eu\/pl\/sklep\/mazda-mx-5-nc-ultralekkie-kolo-zamachowe-competition-clutch\/#primaryimage"},"image":{"@id":"https:\/\/cybul.eu\/pl\/sklep\/mazda-mx-5-nc-ultralekkie-kolo-zamachowe-competition-clutch\/#primaryimage"},"thumbnailUrl":"https:\/\/cybul.eu\/wp-content\/uploads\/2023\/10\/xlarge-c28ed682c8c107006d1f72aaaecbfd54.jpg","datePublished":"2023-10-25T14:42:14+00:00","dateModified":"2023-10-25T14:42:15+00:00","breadcrumb":{"@id":"https:\/\/cybul.eu\/pl\/sklep\/mazda-mx-5-nc-ultralekkie-kolo-zamachowe-competition-clutch\/#breadcrumb"},"inLanguage":"pl-PL","potentialAction":[{"@type":"ReadAction","target":["https:\/\/cybul.eu\/pl\/sklep\/mazda-mx-5-nc-ultralekkie-kolo-zamachowe-competition-clutch\/"]}]},{"@type":"ImageObject","inLanguage":"pl-PL","@id":"https:\/\/cybul.eu\/pl\/sklep\/mazda-mx-5-nc-ultralekkie-kolo-zamachowe-competition-clutch\/#primaryimage","url":"https:\/\/cybul.eu\/wp-content\/uploads\/2023\/10\/xlarge-c28ed682c8c107006d1f72aaaecbfd54.jpg","contentUrl":"https:\/\/cybul.eu\/wp-content\/uploads\/2023\/10\/xlarge-c28ed682c8c107006d1f72aaaecbfd54.jpg","width":800,"height":800,"caption":"Mazda MX-5 NC - Ultralekkie ko\u0142o zamachowe Competition Clutch"},{"@type":"BreadcrumbList","@id":"https:\/\/cybul.eu\/pl\/sklep\/mazda-mx-5-nc-ultralekkie-kolo-zamachowe-competition-clutch\/#breadcrumb","itemListElement":[{"@type":"ListItem","position":1,"name":"Strona g\u0142\u00f3wna","item":"https:\/\/cybul.eu\/pl\/"},{"@type":"ListItem","position":2,"name":"Sklep","item":"https:\/\/cybul.eu\/pl\/sklep\/"},{"@type":"ListItem","position":3,"name":"Mazda MX-5 NC &#8211; Ultralekkie ko\u0142o zamachowe Competition Clutch"}]},{"@type":"WebSite","@id":"https:\/\/cybul.eu\/pl\/#website","url":"https:\/\/cybul.eu\/pl\/","name":"CYBUL","description":"","potentialAction":[{"@type":"SearchAction","target":{"@type":"EntryPoint","urlTemplate":"https:\/\/cybul.eu\/pl\/?s={search_term_string}"},"query-input":{"@type":"PropertyValueSpecification","valueRequired":true,"valueName":"search_term_string"}}],"inLanguage":"pl-PL"}]}},"_links":{"self":[{"href":"https:\/\/cybul.eu\/pl\/wp-json\/wp\/v2\/product\/7996","targetHints":{"allow":["GET"]}}],"collection":[{"href":"https:\/\/cybul.eu\/pl\/wp-json\/wp\/v2\/product"}],"about":[{"href":"https:\/\/cybul.eu\/pl\/wp-json\/wp\/v2\/types\/product"}],"replies":[{"embeddable":true,"href":"https:\/\/cybul.eu\/pl\/wp-json\/wp\/v2\/comments?post=7996"}],"wp:featuredmedia":[{"embeddable":true,"href":"https:\/\/cybul.eu\/pl\/wp-json\/wp\/v2\/media\/7995"}],"wp:attachment":[{"href":"https:\/\/cybul.eu\/pl\/wp-json\/wp\/v2\/media?parent=7996"}],"wp:term":[{"taxonomy":"product_cat","embeddable":true,"href":"https:\/\/cybul.eu\/pl\/wp-json\/wp\/v2\/product_cat?post=7996"},{"taxonomy":"product_tag","embeddable":true,"href":"https:\/\/cybul.eu\/pl\/wp-json\/wp\/v2\/product_tag?post=7996"}],"curies":[{"name":"wp","href":"https:\/\/api.w.org\/{rel}","templated":true}]}}