{"id":7962,"date":"2023-10-25T11:17:43","date_gmt":"2023-10-25T14:41:49","guid":{"rendered":"https:\/\/cybul.eu\/?post_type=product&#038;p=7962"},"modified":"2023-10-25T16:41:51","modified_gmt":"2023-10-25T14:41:51","slug":"mazdy-mx-5-na-nb-sprzeglo-organiczne-exedy-stage-1","status":"publish","type":"product","link":"https:\/\/cybul.eu\/pl\/sklep\/mazdy-mx-5-na-nb-sprzeglo-organiczne-exedy-stage-1\/","title":{"rendered":"Mazdy MX-5 NA \/ NB &#8211; sprz\u0119g\u0142o organiczne Exedy Stage 1"},"content":{"rendered":"<h3>Specyfikacja Wzmacnianego Sprz\u0119g\u0142a Organicznego Exedy Stage 1<\/h3>\n<p>Zestawy sprz\u0119gie\u0142 organicznych &#8222;Stage 1&#8221; firmy Exedy s\u0105 przeznaczone dla pojazd\u00f3w z niewielkim wzrostem mocy, g\u0142\u00f3wnie do u\u017cytku na otwartych drogach. Obs\u0142uguj\u0105 one dodatkowy wzrost momentu obrotowego\/mocy wynosz\u0105cy oko\u0142o 20-25% w por\u00f3wnaniu do standardowego sprz\u0119g\u0142a, dzi\u0119ki ulepszonemu materia\u0142owi tarczy sprz\u0119g\u0142a i wzmocnionej p\u0142ycie naciskowej. Jednak\u017ce pod wzgl\u0119dem &#8222;chwytu&#8221; i sztywno\u015bci s\u0105 one por\u00f3wnywalne do oryginalnego sprz\u0119g\u0142a, dlatego \u015bwietnie sprawdzaj\u0105 si\u0119 w codziennym u\u017cytkowaniu!<br \/>\nSprz\u0119g\u0142a Exedy s\u0105 produkowane w Japonii. Korzystaj\u0105 one z japo\u0144skiej jako\u015bci produkcji, gwarantuj\u0105c niezwyk\u0142\u0105 wytrzyma\u0142o\u015b\u0107 oraz doskona\u0142e osi\u0105gi i niezawodno\u015b\u0107.<\/p>\n<h3>Charakterystyka<\/h3>\n<table class=\"table table-striped\">\n<tbody>\n<tr class=\"carac_getAffectation_hsd\">\n<th scope=\"row\">Marka samochodu<\/th>\n<td>Mazda<\/td>\n<\/tr>\n<tr class=\"carac_getModelevehicule\">\n<th scope=\"row\">Model samochodu<\/th>\n<td>Mazda MX-5 NA \/ NB<\/td>\n<\/tr>\n<tr class=\"carac_getEngine_code\">\n<th scope=\"row\">Kod silnika<\/th>\n<td>B6-ZE, BP-ZE<\/td>\n<\/tr>\n<tr class=\"carac_getTorque\">\n<th scope=\"row\">Pojemno\u015b\u0107 momentu obrotowego (na ko\u0142o zamachowe)<\/th>\n<td>240 Nm<\/td>\n<\/tr>\n<tr class=\"carac_getDisc_diam\">\n<th scope=\"row\">\u015arednica tarczy sprz\u0119g\u0142a<\/th>\n<td>220 mm<\/td>\n<\/tr>\n<tr class=\"carac_getClutch_style\">\n<th scope=\"row\">Typ sprz\u0119g\u0142a<\/th>\n<td>Dociskowe<\/td>\n<\/tr>\n<tr class=\"carac_getDisc_style\">\n<th scope=\"row\">Typ tarczy sprz\u0119g\u0142a<\/th>\n<td>Organiczna, spr\u0119\u017cynowana<\/td>\n<\/tr>\n<\/tbody>\n<\/table>\n","protected":false},"excerpt":{"rendered":"<h3>Sprz\u0119g\u0142o Dociskowe Wzmocnione Organiczne Stage 1<\/h3>\n<ul>\n<li>Do Mazda MX-5 NA \/ NB<\/li>\n<li>Lata produkcji: 09\/1989-&gt;10\/2005<\/li>\n<li>Kody silnika: BP-ZE, B6-ZE<\/li>\n<li>Pojemno\u015b\u0107 momentu obrotowego: 240 Nm<\/li>\n<li>Dostarczone z \u0142o\u017cyskiem<\/li>\n<li>Tarcza organiczna, spr\u0119\u017cynowana<\/li>\n<li>Produkcja w Japonii przez Exedy<\/li>\n<\/ul>\n","protected":false},"featured_media":7955,"comment_status":"open","ping_status":"closed","template":"","meta":[],"product_cat":[387,388,505,511,359],"product_tag":[],"class_list":{"0":"post-7962","1":"product","2":"type-product","3":"status-publish","4":"has-post-thumbnail","6":"product_cat-mx5-na-pl","7":"product_cat-mx5-nb-pl","8":"product_cat-przeniesienie-napedu-mx5-nb","9":"product_cat-przeniesienie-napedu","10":"product_cat-sprzegla","11":"product_shipping_class-standard","13":"first","14":"instock","15":"taxable","16":"shipping-taxable","17":"purchasable","18":"product-type-variable"},"bundled_by":[],"bundle_stock_status":"instock","bundle_stock_quantity":null,"bundle_virtual":false,"bundle_layout":"","bundle_add_to_cart_form_location":"","bundle_editable_in_cart":false,"bundle_sold_individually_context":"","bundle_item_grouping":"","bundle_min_size":"","bundle_max_size":"","bundle_price":[],"bundled_items":[],"bundle_sell_ids":[7938,7948],"acf":{"zdjecie_bez_watermarka":null,"zdjecie_bez_watermarka_url":"","product_orgin_url":""},"yoast_head":"<!-- This site is optimized with the Yoast SEO plugin v23.9 - https:\/\/yoast.com\/wordpress\/plugins\/seo\/ -->\n<title>Mazdy MX-5 NA \/ NB - sprz\u0119g\u0142o organiczne Exedy Stage 1 - CYBUL<\/title>\n<meta name=\"description\" content=\"Sprz\u0119g\u0142o Dociskowe Wzmocnione Organiczne Stage 1 Do Mazda MX-5 NA \/ NB Lata produkcji: 09\/1989-&gt;10\/2005 Kody silnika: BP-ZE, B6-ZE Pojemno\u015b\u0107 momentu obrotowego: 240 Nm Dostarczone z \u0142o\u017cyskiem Tarcza organiczna, spr\u0119\u017cynowana Produkcja w Japonii przez Exedy\" \/>\n<meta name=\"robots\" content=\"index, follow, max-snippet:-1, max-image-preview:large, max-video-preview:-1\" \/>\n<link rel=\"canonical\" href=\"https:\/\/cybul.eu\/pl\/sklep\/mazdy-mx-5-na-nb-sprzeglo-organiczne-exedy-stage-1\/\" \/>\n<meta property=\"og:locale\" content=\"pl_PL\" \/>\n<meta property=\"og:type\" content=\"article\" \/>\n<meta property=\"og:title\" content=\"Mazdy MX-5 NA \/ NB - sprz\u0119g\u0142o organiczne Exedy Stage 1 - CYBUL\" \/>\n<meta property=\"og:description\" content=\"Sprz\u0119g\u0142o Dociskowe Wzmocnione Organiczne Stage 1 Do Mazda MX-5 NA \/ NB Lata produkcji: 09\/1989-&gt;10\/2005 Kody silnika: BP-ZE, B6-ZE Pojemno\u015b\u0107 momentu obrotowego: 240 Nm Dostarczone z \u0142o\u017cyskiem Tarcza organiczna, spr\u0119\u017cynowana Produkcja w Japonii przez Exedy\" \/>\n<meta property=\"og:url\" content=\"https:\/\/cybul.eu\/pl\/sklep\/mazdy-mx-5-na-nb-sprzeglo-organiczne-exedy-stage-1\/\" \/>\n<meta property=\"og:site_name\" content=\"CYBUL\" \/>\n<meta property=\"article:modified_time\" content=\"2023-10-25T14:41:51+00:00\" \/>\n<meta property=\"og:image\" content=\"https:\/\/cybul.eu\/wp-content\/uploads\/2023\/10\/xlarge-3c558d1c5993ffd73dd760bbceed5110.jpg\" \/>\n\t<meta property=\"og:image:width\" content=\"800\" \/>\n\t<meta property=\"og:image:height\" content=\"800\" \/>\n\t<meta property=\"og:image:type\" content=\"image\/jpeg\" \/>\n<meta name=\"twitter:card\" content=\"summary_large_image\" \/>\n<meta name=\"twitter:label1\" content=\"Szacowany czas czytania\" \/>\n\t<meta name=\"twitter:data1\" content=\"1 minuta\" \/>\n<script type=\"application\/ld+json\" class=\"yoast-schema-graph\">{\"@context\":\"https:\/\/schema.org\",\"@graph\":[{\"@type\":\"WebPage\",\"@id\":\"https:\/\/cybul.eu\/pl\/sklep\/mazdy-mx-5-na-nb-sprzeglo-organiczne-exedy-stage-1\/\",\"url\":\"https:\/\/cybul.eu\/pl\/sklep\/mazdy-mx-5-na-nb-sprzeglo-organiczne-exedy-stage-1\/\",\"name\":\"Mazdy MX-5 NA \/ NB - sprz\u0119g\u0142o organiczne Exedy Stage 1 - CYBUL\",\"isPartOf\":{\"@id\":\"https:\/\/cybul.eu\/pl\/#website\"},\"primaryImageOfPage\":{\"@id\":\"https:\/\/cybul.eu\/pl\/sklep\/mazdy-mx-5-na-nb-sprzeglo-organiczne-exedy-stage-1\/#primaryimage\"},\"image\":{\"@id\":\"https:\/\/cybul.eu\/pl\/sklep\/mazdy-mx-5-na-nb-sprzeglo-organiczne-exedy-stage-1\/#primaryimage\"},\"thumbnailUrl\":\"https:\/\/cybul.eu\/wp-content\/uploads\/2023\/10\/xlarge-3c558d1c5993ffd73dd760bbceed5110.jpg\",\"datePublished\":\"2023-10-25T14:41:49+00:00\",\"dateModified\":\"2023-10-25T14:41:51+00:00\",\"description\":\"Sprz\u0119g\u0142o Dociskowe Wzmocnione Organiczne Stage 1 Do Mazda MX-5 NA \/ NB Lata produkcji: 09\/1989->10\/2005 Kody silnika: BP-ZE, B6-ZE Pojemno\u015b\u0107 momentu obrotowego: 240 Nm Dostarczone z \u0142o\u017cyskiem Tarcza organiczna, spr\u0119\u017cynowana Produkcja w Japonii przez Exedy\",\"breadcrumb\":{\"@id\":\"https:\/\/cybul.eu\/pl\/sklep\/mazdy-mx-5-na-nb-sprzeglo-organiczne-exedy-stage-1\/#breadcrumb\"},\"inLanguage\":\"pl-PL\",\"potentialAction\":[{\"@type\":\"ReadAction\",\"target\":[\"https:\/\/cybul.eu\/pl\/sklep\/mazdy-mx-5-na-nb-sprzeglo-organiczne-exedy-stage-1\/\"]}]},{\"@type\":\"ImageObject\",\"inLanguage\":\"pl-PL\",\"@id\":\"https:\/\/cybul.eu\/pl\/sklep\/mazdy-mx-5-na-nb-sprzeglo-organiczne-exedy-stage-1\/#primaryimage\",\"url\":\"https:\/\/cybul.eu\/wp-content\/uploads\/2023\/10\/xlarge-3c558d1c5993ffd73dd760bbceed5110.jpg\",\"contentUrl\":\"https:\/\/cybul.eu\/wp-content\/uploads\/2023\/10\/xlarge-3c558d1c5993ffd73dd760bbceed5110.jpg\",\"width\":800,\"height\":800,\"caption\":\"Mazdy MX-5 NA \/ NB - sprz\u0119g\u0142o organiczne Exedy Stage 1\"},{\"@type\":\"BreadcrumbList\",\"@id\":\"https:\/\/cybul.eu\/pl\/sklep\/mazdy-mx-5-na-nb-sprzeglo-organiczne-exedy-stage-1\/#breadcrumb\",\"itemListElement\":[{\"@type\":\"ListItem\",\"position\":1,\"name\":\"Strona g\u0142\u00f3wna\",\"item\":\"https:\/\/cybul.eu\/pl\/\"},{\"@type\":\"ListItem\",\"position\":2,\"name\":\"Sklep\",\"item\":\"https:\/\/cybul.eu\/pl\/sklep\/\"},{\"@type\":\"ListItem\",\"position\":3,\"name\":\"Mazdy MX-5 NA \/ NB &#8211; sprz\u0119g\u0142o organiczne Exedy Stage 1\"}]},{\"@type\":\"WebSite\",\"@id\":\"https:\/\/cybul.eu\/pl\/#website\",\"url\":\"https:\/\/cybul.eu\/pl\/\",\"name\":\"CYBUL\",\"description\":\"\",\"potentialAction\":[{\"@type\":\"SearchAction\",\"target\":{\"@type\":\"EntryPoint\",\"urlTemplate\":\"https:\/\/cybul.eu\/pl\/?s={search_term_string}\"},\"query-input\":{\"@type\":\"PropertyValueSpecification\",\"valueRequired\":true,\"valueName\":\"search_term_string\"}}],\"inLanguage\":\"pl-PL\"}]}<\/script>\n<!-- \/ Yoast SEO plugin. -->","yoast_head_json":{"title":"Mazdy MX-5 NA \/ NB - sprz\u0119g\u0142o organiczne Exedy Stage 1 - CYBUL","description":"Sprz\u0119g\u0142o Dociskowe Wzmocnione Organiczne Stage 1 Do Mazda MX-5 NA \/ NB Lata produkcji: 09\/1989->10\/2005 Kody silnika: BP-ZE, B6-ZE Pojemno\u015b\u0107 momentu obrotowego: 240 Nm Dostarczone z \u0142o\u017cyskiem Tarcza organiczna, spr\u0119\u017cynowana Produkcja w Japonii przez Exedy","robots":{"index":"index","follow":"follow","max-snippet":"max-snippet:-1","max-image-preview":"max-image-preview:large","max-video-preview":"max-video-preview:-1"},"canonical":"https:\/\/cybul.eu\/pl\/sklep\/mazdy-mx-5-na-nb-sprzeglo-organiczne-exedy-stage-1\/","og_locale":"pl_PL","og_type":"article","og_title":"Mazdy MX-5 NA \/ NB - sprz\u0119g\u0142o organiczne Exedy Stage 1 - CYBUL","og_description":"Sprz\u0119g\u0142o Dociskowe Wzmocnione Organiczne Stage 1 Do Mazda MX-5 NA \/ NB Lata produkcji: 09\/1989->10\/2005 Kody silnika: BP-ZE, B6-ZE Pojemno\u015b\u0107 momentu obrotowego: 240 Nm Dostarczone z \u0142o\u017cyskiem Tarcza organiczna, spr\u0119\u017cynowana Produkcja w Japonii przez Exedy","og_url":"https:\/\/cybul.eu\/pl\/sklep\/mazdy-mx-5-na-nb-sprzeglo-organiczne-exedy-stage-1\/","og_site_name":"CYBUL","article_modified_time":"2023-10-25T14:41:51+00:00","og_image":[{"width":800,"height":800,"url":"https:\/\/cybul.eu\/wp-content\/uploads\/2023\/10\/xlarge-3c558d1c5993ffd73dd760bbceed5110.jpg","type":"image\/jpeg"}],"twitter_card":"summary_large_image","twitter_misc":{"Szacowany czas czytania":"1 minuta"},"schema":{"@context":"https:\/\/schema.org","@graph":[{"@type":"WebPage","@id":"https:\/\/cybul.eu\/pl\/sklep\/mazdy-mx-5-na-nb-sprzeglo-organiczne-exedy-stage-1\/","url":"https:\/\/cybul.eu\/pl\/sklep\/mazdy-mx-5-na-nb-sprzeglo-organiczne-exedy-stage-1\/","name":"Mazdy MX-5 NA \/ NB - sprz\u0119g\u0142o organiczne Exedy Stage 1 - CYBUL","isPartOf":{"@id":"https:\/\/cybul.eu\/pl\/#website"},"primaryImageOfPage":{"@id":"https:\/\/cybul.eu\/pl\/sklep\/mazdy-mx-5-na-nb-sprzeglo-organiczne-exedy-stage-1\/#primaryimage"},"image":{"@id":"https:\/\/cybul.eu\/pl\/sklep\/mazdy-mx-5-na-nb-sprzeglo-organiczne-exedy-stage-1\/#primaryimage"},"thumbnailUrl":"https:\/\/cybul.eu\/wp-content\/uploads\/2023\/10\/xlarge-3c558d1c5993ffd73dd760bbceed5110.jpg","datePublished":"2023-10-25T14:41:49+00:00","dateModified":"2023-10-25T14:41:51+00:00","description":"Sprz\u0119g\u0142o Dociskowe Wzmocnione Organiczne Stage 1 Do Mazda MX-5 NA \/ NB Lata produkcji: 09\/1989->10\/2005 Kody silnika: BP-ZE, B6-ZE Pojemno\u015b\u0107 momentu obrotowego: 240 Nm Dostarczone z \u0142o\u017cyskiem Tarcza organiczna, spr\u0119\u017cynowana Produkcja w Japonii przez Exedy","breadcrumb":{"@id":"https:\/\/cybul.eu\/pl\/sklep\/mazdy-mx-5-na-nb-sprzeglo-organiczne-exedy-stage-1\/#breadcrumb"},"inLanguage":"pl-PL","potentialAction":[{"@type":"ReadAction","target":["https:\/\/cybul.eu\/pl\/sklep\/mazdy-mx-5-na-nb-sprzeglo-organiczne-exedy-stage-1\/"]}]},{"@type":"ImageObject","inLanguage":"pl-PL","@id":"https:\/\/cybul.eu\/pl\/sklep\/mazdy-mx-5-na-nb-sprzeglo-organiczne-exedy-stage-1\/#primaryimage","url":"https:\/\/cybul.eu\/wp-content\/uploads\/2023\/10\/xlarge-3c558d1c5993ffd73dd760bbceed5110.jpg","contentUrl":"https:\/\/cybul.eu\/wp-content\/uploads\/2023\/10\/xlarge-3c558d1c5993ffd73dd760bbceed5110.jpg","width":800,"height":800,"caption":"Mazdy MX-5 NA \/ NB - sprz\u0119g\u0142o organiczne Exedy Stage 1"},{"@type":"BreadcrumbList","@id":"https:\/\/cybul.eu\/pl\/sklep\/mazdy-mx-5-na-nb-sprzeglo-organiczne-exedy-stage-1\/#breadcrumb","itemListElement":[{"@type":"ListItem","position":1,"name":"Strona g\u0142\u00f3wna","item":"https:\/\/cybul.eu\/pl\/"},{"@type":"ListItem","position":2,"name":"Sklep","item":"https:\/\/cybul.eu\/pl\/sklep\/"},{"@type":"ListItem","position":3,"name":"Mazdy MX-5 NA \/ NB &#8211; sprz\u0119g\u0142o organiczne Exedy Stage 1"}]},{"@type":"WebSite","@id":"https:\/\/cybul.eu\/pl\/#website","url":"https:\/\/cybul.eu\/pl\/","name":"CYBUL","description":"","potentialAction":[{"@type":"SearchAction","target":{"@type":"EntryPoint","urlTemplate":"https:\/\/cybul.eu\/pl\/?s={search_term_string}"},"query-input":{"@type":"PropertyValueSpecification","valueRequired":true,"valueName":"search_term_string"}}],"inLanguage":"pl-PL"}]}},"_links":{"self":[{"href":"https:\/\/cybul.eu\/pl\/wp-json\/wp\/v2\/product\/7962","targetHints":{"allow":["GET"]}}],"collection":[{"href":"https:\/\/cybul.eu\/pl\/wp-json\/wp\/v2\/product"}],"about":[{"href":"https:\/\/cybul.eu\/pl\/wp-json\/wp\/v2\/types\/product"}],"replies":[{"embeddable":true,"href":"https:\/\/cybul.eu\/pl\/wp-json\/wp\/v2\/comments?post=7962"}],"wp:featuredmedia":[{"embeddable":true,"href":"https:\/\/cybul.eu\/pl\/wp-json\/wp\/v2\/media\/7955"}],"wp:attachment":[{"href":"https:\/\/cybul.eu\/pl\/wp-json\/wp\/v2\/media?parent=7962"}],"wp:term":[{"taxonomy":"product_cat","embeddable":true,"href":"https:\/\/cybul.eu\/pl\/wp-json\/wp\/v2\/product_cat?post=7962"},{"taxonomy":"product_tag","embeddable":true,"href":"https:\/\/cybul.eu\/pl\/wp-json\/wp\/v2\/product_tag?post=7962"}],"curies":[{"name":"wp","href":"https:\/\/api.w.org\/{rel}","templated":true}]}}