{"id":7938,"date":"2023-10-07T12:32:09","date_gmt":"2023-10-07T10:59:39","guid":{"rendered":"https:\/\/cybul.eu\/?post_type=product&#038;p=7938"},"modified":"2023-10-07T12:59:40","modified_gmt":"2023-10-07T10:59:40","slug":"mazda-mx-5-na-nb-lekkie-kolo-zamachowe-exedy","status":"publish","type":"product","link":"https:\/\/cybul.eu\/pl\/sklep\/mazda-mx-5-na-nb-lekkie-kolo-zamachowe-exedy\/","title":{"rendered":"Mazda MX-5 NA \/ NB &#8211;  Lekkie ko\u0142o zamachowe Exedy"},"content":{"rendered":"<h3>Specyfikacje Lekkiego Ko\u0142a Zamachowego Exedy<\/h3>\n<p>Ko\u0142a zamachowego Exedy produkowane w Japonii podlegaj\u0105 \u015bcis\u0142ej kontroli jako\u015bci zar\u00f3wno pod wzgl\u0119dem materia\u0142\u00f3w, jak i procesu produkcji. Doskonale wywa\u017cone stanowi\u0105 doskona\u0142y kompromis mi\u0119dzy wydajno\u015bci\u0105 a u\u017cyteczno\u015bci\u0105.<br \/>\nPrzynosz\u0105 realne korzy\u015bci dla pracy silnika, obroty staj\u0105 si\u0119 szybsze i znacznie bardziej responsywne, ale silnik zachowuje sta\u0142y bieg ja\u0142owy.<\/p>\n<p>Wszystkie ko\u0142a zamachowe s\u0105 bezpo\u015brednimi zamiennikami dla produktu OEM i s\u0105 kompatybilne z oryginalnym sprz\u0119g\u0142em lub dowolnym sprz\u0119g\u0142em zamiennym pochodz\u0105cym od producenta wyposa\u017cenia oryginalnego (takim jak Exedy, na przyk\u0142ad).<\/p>\n<p><small>Zdj\u0119cie produktu powy\u017cej to og\u00f3lne zdj\u0119cie dostarczone przez Exedy i nie jest wi\u0105\u017c\u0105ce. Oznacza to, \u017ce rzeczywisty wygl\u0105d ko\u0142a zamachowego, kt\u00f3re otrzymasz, mo\u017ce si\u0119 r\u00f3\u017cni\u0107.<\/small><\/p>\n<div class=\"caracteristique\">\n<h3>Cechy<\/h3>\n<table class=\"table table-striped\">\n<tbody>\n<tr class=\"carac_getAffectation_hsd\">\n<th scope=\"row\">Marka samochodu<\/th>\n<td>Mazda<\/td>\n<\/tr>\n<tr class=\"carac_getModelevehicule\">\n<th scope=\"row\">Model samochodu<\/th>\n<td>Mazda MX-5 NA \/ NB<\/td>\n<\/tr>\n<tr class=\"carac_getEngine_code\">\n<th scope=\"row\">Kod silnika<\/th>\n<td>B6-ZE, BP-ZE<\/td>\n<\/tr>\n<\/tbody>\n<\/table>\n<\/div>\n","protected":false},"excerpt":{"rendered":"<h3>Zwi\u0119ksz reakcj\u0119!<\/h3>\n<ul>\n<li>Doskona\u0142y kompromis mi\u0119dzy wydajno\u015bci\u0105 a \u0142atwo\u015bci\u0105 u\u017cytkowania<\/li>\n<li>Do Mazdy MX-5 NA \/ NB<\/li>\n<li>Lata produkcji: 12\/1997-&gt;10\/2005<\/li>\n<li>Kody silnika: B6-ZE, BP-ZE<\/li>\n<li>Waga: 7,5 kg<\/li>\n<li>Nadaje si\u0119 zar\u00f3wno do silnik\u00f3w 1.6 jak i 1.8 l<\/li>\n<li>Wyprodukowane w Japonii<\/li>\n<li><strong>Szybka dostawa!<\/strong><\/li>\n<\/ul>\n","protected":false},"featured_media":7937,"comment_status":"open","ping_status":"closed","template":"","meta":[],"product_cat":[387,388,505,511],"product_tag":[],"class_list":{"0":"post-7938","1":"product","2":"type-product","3":"status-publish","4":"has-post-thumbnail","6":"product_cat-mx5-na-pl","7":"product_cat-mx5-nb-pl","8":"product_cat-przeniesienie-napedu-mx5-nb","9":"product_cat-przeniesienie-napedu","10":"product_shipping_class-standard","12":"first","13":"instock","14":"taxable","15":"shipping-taxable","16":"purchasable","17":"product-type-simple"},"bundled_by":[],"bundle_stock_status":"instock","bundle_stock_quantity":null,"bundle_virtual":false,"bundle_layout":"","bundle_add_to_cart_form_location":"","bundle_editable_in_cart":false,"bundle_sold_individually_context":"","bundle_item_grouping":"","bundle_min_size":"","bundle_max_size":"","bundle_price":[],"bundled_items":[],"bundle_sell_ids":[],"acf":{"zdjecie_bez_watermarka":null,"zdjecie_bez_watermarka_url":"","product_orgin_url":""},"yoast_head":"<!-- This site is optimized with the Yoast SEO plugin v23.9 - https:\/\/yoast.com\/wordpress\/plugins\/seo\/ -->\n<title>Mazda MX-5 NA \/ NB - Lekkie ko\u0142o zamachowe Exedy - CYBUL<\/title>\n<meta name=\"description\" content=\"&quot;Zwi\u0119ksz reakcj\u0119! Doskona\u0142y kompromis mi\u0119dzy wydajno\u015bci\u0105 a \u0142atwo\u015bci\u0105 u\u017cytkowania Dla Mazdy MX-5 NA \/ NB Lata produkcji: 12\/1997-&gt;10\/2005 Kody silnika: B6-ZE, BP-ZE Waga: 7,5 kg Nadaje si\u0119 zar\u00f3wno do silnik\u00f3w 1,6 jak i 1,8 l Wyprodukowane w Japonii Szybka dostawa!&quot;\" \/>\n<meta name=\"robots\" content=\"index, follow, max-snippet:-1, max-image-preview:large, max-video-preview:-1\" \/>\n<link rel=\"canonical\" href=\"https:\/\/cybul.eu\/pl\/sklep\/mazda-mx-5-na-nb-lekkie-kolo-zamachowe-exedy\/\" \/>\n<meta property=\"og:locale\" content=\"pl_PL\" \/>\n<meta property=\"og:type\" content=\"article\" \/>\n<meta property=\"og:title\" content=\"Mazda MX-5 NA \/ NB - Lekkie ko\u0142o zamachowe Exedy - CYBUL\" \/>\n<meta property=\"og:description\" content=\"&quot;Zwi\u0119ksz reakcj\u0119! Doskona\u0142y kompromis mi\u0119dzy wydajno\u015bci\u0105 a \u0142atwo\u015bci\u0105 u\u017cytkowania Dla Mazdy MX-5 NA \/ NB Lata produkcji: 12\/1997-&gt;10\/2005 Kody silnika: B6-ZE, BP-ZE Waga: 7,5 kg Nadaje si\u0119 zar\u00f3wno do silnik\u00f3w 1,6 jak i 1,8 l Wyprodukowane w Japonii Szybka dostawa!&quot;\" \/>\n<meta property=\"og:url\" content=\"https:\/\/cybul.eu\/pl\/sklep\/mazda-mx-5-na-nb-lekkie-kolo-zamachowe-exedy\/\" \/>\n<meta property=\"og:site_name\" content=\"CYBUL\" \/>\n<meta property=\"article:modified_time\" content=\"2023-10-07T10:59:40+00:00\" \/>\n<meta property=\"og:image\" content=\"https:\/\/cybul.eu\/wp-content\/uploads\/2023\/10\/xlarge-volant-moteur-exedy.jpg\" \/>\n\t<meta property=\"og:image:width\" content=\"800\" \/>\n\t<meta property=\"og:image:height\" content=\"800\" \/>\n\t<meta property=\"og:image:type\" content=\"image\/jpeg\" \/>\n<meta name=\"twitter:card\" content=\"summary_large_image\" \/>\n<meta name=\"twitter:label1\" content=\"Szacowany czas czytania\" \/>\n\t<meta name=\"twitter:data1\" content=\"1 minuta\" \/>\n<script type=\"application\/ld+json\" class=\"yoast-schema-graph\">{\"@context\":\"https:\/\/schema.org\",\"@graph\":[{\"@type\":\"WebPage\",\"@id\":\"https:\/\/cybul.eu\/pl\/sklep\/mazda-mx-5-na-nb-lekkie-kolo-zamachowe-exedy\/\",\"url\":\"https:\/\/cybul.eu\/pl\/sklep\/mazda-mx-5-na-nb-lekkie-kolo-zamachowe-exedy\/\",\"name\":\"Mazda MX-5 NA \/ NB - Lekkie ko\u0142o zamachowe Exedy - CYBUL\",\"isPartOf\":{\"@id\":\"https:\/\/cybul.eu\/pl\/#website\"},\"primaryImageOfPage\":{\"@id\":\"https:\/\/cybul.eu\/pl\/sklep\/mazda-mx-5-na-nb-lekkie-kolo-zamachowe-exedy\/#primaryimage\"},\"image\":{\"@id\":\"https:\/\/cybul.eu\/pl\/sklep\/mazda-mx-5-na-nb-lekkie-kolo-zamachowe-exedy\/#primaryimage\"},\"thumbnailUrl\":\"https:\/\/cybul.eu\/wp-content\/uploads\/2023\/10\/xlarge-volant-moteur-exedy.jpg\",\"datePublished\":\"2023-10-07T10:59:39+00:00\",\"dateModified\":\"2023-10-07T10:59:40+00:00\",\"description\":\"\\\"Zwi\u0119ksz reakcj\u0119! Doskona\u0142y kompromis mi\u0119dzy wydajno\u015bci\u0105 a \u0142atwo\u015bci\u0105 u\u017cytkowania Dla Mazdy MX-5 NA \/ NB Lata produkcji: 12\/1997->10\/2005 Kody silnika: B6-ZE, BP-ZE Waga: 7,5 kg Nadaje si\u0119 zar\u00f3wno do silnik\u00f3w 1,6 jak i 1,8 l Wyprodukowane w Japonii Szybka dostawa!\\\"\",\"breadcrumb\":{\"@id\":\"https:\/\/cybul.eu\/pl\/sklep\/mazda-mx-5-na-nb-lekkie-kolo-zamachowe-exedy\/#breadcrumb\"},\"inLanguage\":\"pl-PL\",\"potentialAction\":[{\"@type\":\"ReadAction\",\"target\":[\"https:\/\/cybul.eu\/pl\/sklep\/mazda-mx-5-na-nb-lekkie-kolo-zamachowe-exedy\/\"]}]},{\"@type\":\"ImageObject\",\"inLanguage\":\"pl-PL\",\"@id\":\"https:\/\/cybul.eu\/pl\/sklep\/mazda-mx-5-na-nb-lekkie-kolo-zamachowe-exedy\/#primaryimage\",\"url\":\"https:\/\/cybul.eu\/wp-content\/uploads\/2023\/10\/xlarge-volant-moteur-exedy.jpg\",\"contentUrl\":\"https:\/\/cybul.eu\/wp-content\/uploads\/2023\/10\/xlarge-volant-moteur-exedy.jpg\",\"width\":800,\"height\":800,\"caption\":\"Mazda MX-5 NA \/ NB - Lekkie ko\u0142o zamachowe Exedy\"},{\"@type\":\"BreadcrumbList\",\"@id\":\"https:\/\/cybul.eu\/pl\/sklep\/mazda-mx-5-na-nb-lekkie-kolo-zamachowe-exedy\/#breadcrumb\",\"itemListElement\":[{\"@type\":\"ListItem\",\"position\":1,\"name\":\"Strona g\u0142\u00f3wna\",\"item\":\"https:\/\/cybul.eu\/pl\/\"},{\"@type\":\"ListItem\",\"position\":2,\"name\":\"Sklep\",\"item\":\"https:\/\/cybul.eu\/pl\/sklep\/\"},{\"@type\":\"ListItem\",\"position\":3,\"name\":\"Mazda MX-5 NA \/ NB &#8211; Lekkie ko\u0142o zamachowe Exedy\"}]},{\"@type\":\"WebSite\",\"@id\":\"https:\/\/cybul.eu\/pl\/#website\",\"url\":\"https:\/\/cybul.eu\/pl\/\",\"name\":\"CYBUL\",\"description\":\"\",\"potentialAction\":[{\"@type\":\"SearchAction\",\"target\":{\"@type\":\"EntryPoint\",\"urlTemplate\":\"https:\/\/cybul.eu\/pl\/?s={search_term_string}\"},\"query-input\":{\"@type\":\"PropertyValueSpecification\",\"valueRequired\":true,\"valueName\":\"search_term_string\"}}],\"inLanguage\":\"pl-PL\"}]}<\/script>\n<!-- \/ Yoast SEO plugin. -->","yoast_head_json":{"title":"Mazda MX-5 NA \/ NB - Lekkie ko\u0142o zamachowe Exedy - CYBUL","description":"\"Zwi\u0119ksz reakcj\u0119! Doskona\u0142y kompromis mi\u0119dzy wydajno\u015bci\u0105 a \u0142atwo\u015bci\u0105 u\u017cytkowania Dla Mazdy MX-5 NA \/ NB Lata produkcji: 12\/1997->10\/2005 Kody silnika: B6-ZE, BP-ZE Waga: 7,5 kg Nadaje si\u0119 zar\u00f3wno do silnik\u00f3w 1,6 jak i 1,8 l Wyprodukowane w Japonii Szybka dostawa!\"","robots":{"index":"index","follow":"follow","max-snippet":"max-snippet:-1","max-image-preview":"max-image-preview:large","max-video-preview":"max-video-preview:-1"},"canonical":"https:\/\/cybul.eu\/pl\/sklep\/mazda-mx-5-na-nb-lekkie-kolo-zamachowe-exedy\/","og_locale":"pl_PL","og_type":"article","og_title":"Mazda MX-5 NA \/ NB - Lekkie ko\u0142o zamachowe Exedy - CYBUL","og_description":"\"Zwi\u0119ksz reakcj\u0119! Doskona\u0142y kompromis mi\u0119dzy wydajno\u015bci\u0105 a \u0142atwo\u015bci\u0105 u\u017cytkowania Dla Mazdy MX-5 NA \/ NB Lata produkcji: 12\/1997->10\/2005 Kody silnika: B6-ZE, BP-ZE Waga: 7,5 kg Nadaje si\u0119 zar\u00f3wno do silnik\u00f3w 1,6 jak i 1,8 l Wyprodukowane w Japonii Szybka dostawa!\"","og_url":"https:\/\/cybul.eu\/pl\/sklep\/mazda-mx-5-na-nb-lekkie-kolo-zamachowe-exedy\/","og_site_name":"CYBUL","article_modified_time":"2023-10-07T10:59:40+00:00","og_image":[{"width":800,"height":800,"url":"https:\/\/cybul.eu\/wp-content\/uploads\/2023\/10\/xlarge-volant-moteur-exedy.jpg","type":"image\/jpeg"}],"twitter_card":"summary_large_image","twitter_misc":{"Szacowany czas czytania":"1 minuta"},"schema":{"@context":"https:\/\/schema.org","@graph":[{"@type":"WebPage","@id":"https:\/\/cybul.eu\/pl\/sklep\/mazda-mx-5-na-nb-lekkie-kolo-zamachowe-exedy\/","url":"https:\/\/cybul.eu\/pl\/sklep\/mazda-mx-5-na-nb-lekkie-kolo-zamachowe-exedy\/","name":"Mazda MX-5 NA \/ NB - Lekkie ko\u0142o zamachowe Exedy - CYBUL","isPartOf":{"@id":"https:\/\/cybul.eu\/pl\/#website"},"primaryImageOfPage":{"@id":"https:\/\/cybul.eu\/pl\/sklep\/mazda-mx-5-na-nb-lekkie-kolo-zamachowe-exedy\/#primaryimage"},"image":{"@id":"https:\/\/cybul.eu\/pl\/sklep\/mazda-mx-5-na-nb-lekkie-kolo-zamachowe-exedy\/#primaryimage"},"thumbnailUrl":"https:\/\/cybul.eu\/wp-content\/uploads\/2023\/10\/xlarge-volant-moteur-exedy.jpg","datePublished":"2023-10-07T10:59:39+00:00","dateModified":"2023-10-07T10:59:40+00:00","description":"\"Zwi\u0119ksz reakcj\u0119! Doskona\u0142y kompromis mi\u0119dzy wydajno\u015bci\u0105 a \u0142atwo\u015bci\u0105 u\u017cytkowania Dla Mazdy MX-5 NA \/ NB Lata produkcji: 12\/1997->10\/2005 Kody silnika: B6-ZE, BP-ZE Waga: 7,5 kg Nadaje si\u0119 zar\u00f3wno do silnik\u00f3w 1,6 jak i 1,8 l Wyprodukowane w Japonii Szybka dostawa!\"","breadcrumb":{"@id":"https:\/\/cybul.eu\/pl\/sklep\/mazda-mx-5-na-nb-lekkie-kolo-zamachowe-exedy\/#breadcrumb"},"inLanguage":"pl-PL","potentialAction":[{"@type":"ReadAction","target":["https:\/\/cybul.eu\/pl\/sklep\/mazda-mx-5-na-nb-lekkie-kolo-zamachowe-exedy\/"]}]},{"@type":"ImageObject","inLanguage":"pl-PL","@id":"https:\/\/cybul.eu\/pl\/sklep\/mazda-mx-5-na-nb-lekkie-kolo-zamachowe-exedy\/#primaryimage","url":"https:\/\/cybul.eu\/wp-content\/uploads\/2023\/10\/xlarge-volant-moteur-exedy.jpg","contentUrl":"https:\/\/cybul.eu\/wp-content\/uploads\/2023\/10\/xlarge-volant-moteur-exedy.jpg","width":800,"height":800,"caption":"Mazda MX-5 NA \/ NB - Lekkie ko\u0142o zamachowe Exedy"},{"@type":"BreadcrumbList","@id":"https:\/\/cybul.eu\/pl\/sklep\/mazda-mx-5-na-nb-lekkie-kolo-zamachowe-exedy\/#breadcrumb","itemListElement":[{"@type":"ListItem","position":1,"name":"Strona g\u0142\u00f3wna","item":"https:\/\/cybul.eu\/pl\/"},{"@type":"ListItem","position":2,"name":"Sklep","item":"https:\/\/cybul.eu\/pl\/sklep\/"},{"@type":"ListItem","position":3,"name":"Mazda MX-5 NA \/ NB &#8211; Lekkie ko\u0142o zamachowe Exedy"}]},{"@type":"WebSite","@id":"https:\/\/cybul.eu\/pl\/#website","url":"https:\/\/cybul.eu\/pl\/","name":"CYBUL","description":"","potentialAction":[{"@type":"SearchAction","target":{"@type":"EntryPoint","urlTemplate":"https:\/\/cybul.eu\/pl\/?s={search_term_string}"},"query-input":{"@type":"PropertyValueSpecification","valueRequired":true,"valueName":"search_term_string"}}],"inLanguage":"pl-PL"}]}},"_links":{"self":[{"href":"https:\/\/cybul.eu\/pl\/wp-json\/wp\/v2\/product\/7938","targetHints":{"allow":["GET"]}}],"collection":[{"href":"https:\/\/cybul.eu\/pl\/wp-json\/wp\/v2\/product"}],"about":[{"href":"https:\/\/cybul.eu\/pl\/wp-json\/wp\/v2\/types\/product"}],"replies":[{"embeddable":true,"href":"https:\/\/cybul.eu\/pl\/wp-json\/wp\/v2\/comments?post=7938"}],"wp:featuredmedia":[{"embeddable":true,"href":"https:\/\/cybul.eu\/pl\/wp-json\/wp\/v2\/media\/7937"}],"wp:attachment":[{"href":"https:\/\/cybul.eu\/pl\/wp-json\/wp\/v2\/media?parent=7938"}],"wp:term":[{"taxonomy":"product_cat","embeddable":true,"href":"https:\/\/cybul.eu\/pl\/wp-json\/wp\/v2\/product_cat?post=7938"},{"taxonomy":"product_tag","embeddable":true,"href":"https:\/\/cybul.eu\/pl\/wp-json\/wp\/v2\/product_tag?post=7938"}],"curies":[{"name":"wp","href":"https:\/\/api.w.org\/{rel}","templated":true}]}}