{"id":7896,"date":"2023-10-25T11:18:19","date_gmt":"2023-10-25T14:39:59","guid":{"rendered":"https:\/\/cybul.eu\/?post_type=product&#038;p=7896"},"modified":"2023-10-25T16:40:00","modified_gmt":"2023-10-25T14:40:00","slug":"mazda-mx-5-nd-2015-zestaw-zawieszenia-nitron-ntr-r3","status":"publish","type":"product","link":"https:\/\/cybul.eu\/pl\/sklep\/mazda-mx-5-nd-2015-zestaw-zawieszenia-nitron-ntr-r3\/","title":{"rendered":"Mazda MX-5 ND (2015+) &#8211; zestaw zawieszenia Nitron NTR R3"},"content":{"rendered":"<div class=\"longdescription\">\n<h3>Specyfikacja zestawu zawieszenia Nitron NTR R3 &#8211; Wy\u015bcigi<\/h3>\n<p>Wyprodukowane r\u0119cznie przez firm\u0119 Nitron w Anglii i szeroko uznawane w \u015bwiecie wy\u015bcig\u00f3w, te zawieszenia NTR R3 Race to ostateczne zestawy gwintowane przeznaczone wy\u0142\u0105cznie do u\u017cytku na torze. Gwarantuj\u0105 one najlepsze osi\u0105gi, oferuj\u0105c wyj\u0105tkow\u0105 kontrol\u0119 t\u0142umienia oraz bardzo szerokie mo\u017cliwo\u015bci regulacji.<br \/>\nZaprojektowane dla kierowc\u00f3w i zawodnik\u00f3w, ten zestaw zawieszenia R3 wykorzystuje materia\u0142y starannie wybrane ze wzgl\u0119du na ich lekko\u015b\u0107 i odporno\u015b\u0107 na korozj\u0119. Ka\u017cdy amortyzator wyposa\u017cony jest w t\u0142oki o \u015brednicy 40 lub 46 mm (w zale\u017cno\u015bci od modelu samochodu) i jest wype\u0142niony olejem i azotem, co zapewnia doskona\u0142\u0105 odporno\u015b\u0107 na przegrzewanie i d\u0142ugotrwa\u0142\u0105 wydajno\u015b\u0107.<\/p>\n<p>Dla uzyskania ultraprecyzyjnych ustawie\u0144, seria R3 oferuje niezale\u017cn\u0105 regulacj\u0119 3-stopniow\u0105: 16-stopniow\u0105 regulacj\u0119 wysokopr\u0119dko\u015bciow\u0105, 26-stopniow\u0105 regulacj\u0119 niskopr\u0119dko\u015bciow\u0105 i 24-stopniow\u0105 regulacj\u0119 t\u0142umienia powrotu. Parametry t\u0142umienia i spr\u0119\u017cyny s\u0105 badane specjalnie dla ka\u017cdego pojazdu przez in\u017cynier\u00f3w Nitrona, zgodnie z rozk\u0142adem masy, konstrukcj\u0105 osi, przeznaczeniem zestawu i wieloma innymi parametrami zweryfikowanymi podczas licznych test\u00f3w w rzeczywistych warunkach. Oczywi\u015bcie, regulacja wysoko\u015bci nadwozia i spr\u0119\u017cyny jest dowolna.<\/p>\n<p>Wszystkie amortyzatory Nitron NTR mo\u017cna w pe\u0142ni roz\u0142o\u017cy\u0107, aby umo\u017cliwi\u0107 ich przegl\u0105d i ponowne zregenerowanie.<\/p>\n<\/div>\n<div class=\"caracteristique\">\n<h3>Charakterystyka<\/h3>\n<table class=\"table table-striped\">\n<tbody>\n<tr class=\"carac_getAffectation_hsd\">\n<th scope=\"row\">Marka samochodu<\/th>\n<td>Mazda<\/td>\n<\/tr>\n<tr class=\"carac_getModelevehicule\">\n<th scope=\"row\">Model samochodu<\/th>\n<td>Mazda MX-5 ND<\/td>\n<\/tr>\n<tr class=\"carac_getGamme\">\n<th scope=\"row\">Seria<\/th>\n<td>NTR R3<\/td>\n<\/tr>\n<\/tbody>\n<\/table>\n<\/div>\n","protected":false},"excerpt":{"rendered":"<h3>Zestaw gwintowany Nitron NTR R3<\/h3>\n<ul>\n<li>Zaprojektowany do czystego wy\u015bcigowego \u015bcigania<\/li>\n<li>Do samochodu: Mazda MX-5 ND (2015+)<\/li>\n<li>3-stopniowa regulacja (odbicie + szybkie i wolne t\u0142umienie spr\u0119\u017cania)<\/li>\n<li>Szeroki zakres regulacji wysoko\u015bci nadwozia<\/li>\n<li>Korpusy amortyzator\u00f3w wykonane z lekkiego kutego aluminium<\/li>\n<li>\u015arednica t\u0142oka od 40 do 46 mm<\/li>\n<li>Oddzielne zbiorniki oleju zapewniaj\u0105ce wi\u0119ksz\u0105 pojemno\u015b\u0107<\/li>\n<li>Sprzedawany jako zestaw 4 amortyzator\u00f3w, z kompletnym osprz\u0119tem<\/li>\n<li>Mo\u017cliwo\u015b\u0107 roz\u0142o\u017cenia i przeregulowania podczas przegl\u0105du<\/li>\n<li>R\u0119cznie wykonane w Wielkiej Brytanii<\/li>\n<\/ul>\n","protected":false},"featured_media":7895,"comment_status":"open","ping_status":"closed","template":"","meta":[],"product_cat":[500,476],"product_tag":[],"class_list":{"0":"post-7896","1":"product","2":"type-product","3":"status-publish","4":"has-post-thumbnail","6":"product_cat-zawieszenie-mx-5-nd","7":"product_cat-mx-5-nd-pl","8":"product_shipping_class-standard","10":"first","11":"instock","12":"taxable","13":"shipping-taxable","14":"purchasable","15":"product-type-simple"},"bundled_by":[],"bundle_stock_status":"instock","bundle_stock_quantity":null,"bundle_virtual":false,"bundle_layout":"","bundle_add_to_cart_form_location":"","bundle_editable_in_cart":false,"bundle_sold_individually_context":"","bundle_item_grouping":"","bundle_min_size":"","bundle_max_size":"","bundle_price":[],"bundled_items":[],"bundle_sell_ids":[],"acf":{"zdjecie_bez_watermarka":null,"zdjecie_bez_watermarka_url":"","product_orgin_url":""},"yoast_head":"<!-- This site is optimized with the Yoast SEO plugin v23.9 - https:\/\/yoast.com\/wordpress\/plugins\/seo\/ -->\n<title>Mazda MX-5 ND (2015+) - zestaw zawieszenia Nitron NTR R3 - CYBUL<\/title>\n<meta name=\"description\" content=\"Zaprojektowane do czystego wy\u015bcigowego \u015bcigania Pasuje do: Mazda MX-5 ND (2015+) 3-stopniowa regulacja (odbicie + szybkie i wolne t\u0142umienie spr\u0119\u017cania) Szeroki zakres regulacji wysoko\u015bci nadwozia Korpusy amortyzator\u00f3w wykonane z lekkiego, kute aluminium \u015arednica t\u0142oka od 40 do 46 mm Oddzielne zbiorniki oleju zapewniaj\u0105ce wi\u0119ksz\u0105 pojemno\u015b\u0107 Sprzedawane jako zestaw 4 amortyzator\u00f3w, z kompletnym osprz\u0119tem Mo\u017cliwo\u015b\u0107 roz\u0142o\u017cenia i przeregulowania podczas przegl\u0105du R\u0119cznie wykonane w Wielkiej Brytanii\" \/>\n<meta name=\"robots\" content=\"index, follow, max-snippet:-1, max-image-preview:large, max-video-preview:-1\" \/>\n<link rel=\"canonical\" href=\"https:\/\/cybul.eu\/pl\/sklep\/mazda-mx-5-nd-2015-zestaw-zawieszenia-nitron-ntr-r3\/\" \/>\n<meta property=\"og:locale\" content=\"pl_PL\" \/>\n<meta property=\"og:type\" content=\"article\" \/>\n<meta property=\"og:title\" content=\"Mazda MX-5 ND (2015+) - zestaw zawieszenia Nitron NTR R3 - CYBUL\" \/>\n<meta property=\"og:description\" content=\"Zaprojektowane do czystego wy\u015bcigowego \u015bcigania Pasuje do: Mazda MX-5 ND (2015+) 3-stopniowa regulacja (odbicie + szybkie i wolne t\u0142umienie spr\u0119\u017cania) Szeroki zakres regulacji wysoko\u015bci nadwozia Korpusy amortyzator\u00f3w wykonane z lekkiego, kute aluminium \u015arednica t\u0142oka od 40 do 46 mm Oddzielne zbiorniki oleju zapewniaj\u0105ce wi\u0119ksz\u0105 pojemno\u015b\u0107 Sprzedawane jako zestaw 4 amortyzator\u00f3w, z kompletnym osprz\u0119tem Mo\u017cliwo\u015b\u0107 roz\u0142o\u017cenia i przeregulowania podczas przegl\u0105du R\u0119cznie wykonane w Wielkiej Brytanii\" \/>\n<meta property=\"og:url\" content=\"https:\/\/cybul.eu\/pl\/sklep\/mazda-mx-5-nd-2015-zestaw-zawieszenia-nitron-ntr-r3\/\" \/>\n<meta property=\"og:site_name\" content=\"CYBUL\" \/>\n<meta property=\"article:modified_time\" content=\"2023-10-25T14:40:00+00:00\" \/>\n<meta property=\"og:image\" content=\"https:\/\/cybul.eu\/wp-content\/uploads\/2023\/10\/xlarge-7c107ad0411a6381725bc0148906c940.jpg\" \/>\n\t<meta property=\"og:image:width\" content=\"800\" \/>\n\t<meta property=\"og:image:height\" content=\"800\" \/>\n\t<meta property=\"og:image:type\" content=\"image\/jpeg\" \/>\n<meta name=\"twitter:card\" content=\"summary_large_image\" \/>\n<meta name=\"twitter:label1\" content=\"Szacowany czas czytania\" \/>\n\t<meta name=\"twitter:data1\" content=\"1 minuta\" \/>\n<script type=\"application\/ld+json\" class=\"yoast-schema-graph\">{\"@context\":\"https:\/\/schema.org\",\"@graph\":[{\"@type\":\"WebPage\",\"@id\":\"https:\/\/cybul.eu\/pl\/sklep\/mazda-mx-5-nd-2015-zestaw-zawieszenia-nitron-ntr-r3\/\",\"url\":\"https:\/\/cybul.eu\/pl\/sklep\/mazda-mx-5-nd-2015-zestaw-zawieszenia-nitron-ntr-r3\/\",\"name\":\"Mazda MX-5 ND (2015+) - zestaw zawieszenia Nitron NTR R3 - CYBUL\",\"isPartOf\":{\"@id\":\"https:\/\/cybul.eu\/pl\/#website\"},\"primaryImageOfPage\":{\"@id\":\"https:\/\/cybul.eu\/pl\/sklep\/mazda-mx-5-nd-2015-zestaw-zawieszenia-nitron-ntr-r3\/#primaryimage\"},\"image\":{\"@id\":\"https:\/\/cybul.eu\/pl\/sklep\/mazda-mx-5-nd-2015-zestaw-zawieszenia-nitron-ntr-r3\/#primaryimage\"},\"thumbnailUrl\":\"https:\/\/cybul.eu\/wp-content\/uploads\/2023\/10\/xlarge-7c107ad0411a6381725bc0148906c940.jpg\",\"datePublished\":\"2023-10-25T14:39:59+00:00\",\"dateModified\":\"2023-10-25T14:40:00+00:00\",\"description\":\"Zaprojektowane do czystego wy\u015bcigowego \u015bcigania Pasuje do: Mazda MX-5 ND (2015+) 3-stopniowa regulacja (odbicie + szybkie i wolne t\u0142umienie spr\u0119\u017cania) Szeroki zakres regulacji wysoko\u015bci nadwozia Korpusy amortyzator\u00f3w wykonane z lekkiego, kute aluminium \u015arednica t\u0142oka od 40 do 46 mm Oddzielne zbiorniki oleju zapewniaj\u0105ce wi\u0119ksz\u0105 pojemno\u015b\u0107 Sprzedawane jako zestaw 4 amortyzator\u00f3w, z kompletnym osprz\u0119tem Mo\u017cliwo\u015b\u0107 roz\u0142o\u017cenia i przeregulowania podczas przegl\u0105du R\u0119cznie wykonane w Wielkiej Brytanii\",\"breadcrumb\":{\"@id\":\"https:\/\/cybul.eu\/pl\/sklep\/mazda-mx-5-nd-2015-zestaw-zawieszenia-nitron-ntr-r3\/#breadcrumb\"},\"inLanguage\":\"pl-PL\",\"potentialAction\":[{\"@type\":\"ReadAction\",\"target\":[\"https:\/\/cybul.eu\/pl\/sklep\/mazda-mx-5-nd-2015-zestaw-zawieszenia-nitron-ntr-r3\/\"]}]},{\"@type\":\"ImageObject\",\"inLanguage\":\"pl-PL\",\"@id\":\"https:\/\/cybul.eu\/pl\/sklep\/mazda-mx-5-nd-2015-zestaw-zawieszenia-nitron-ntr-r3\/#primaryimage\",\"url\":\"https:\/\/cybul.eu\/wp-content\/uploads\/2023\/10\/xlarge-7c107ad0411a6381725bc0148906c940.jpg\",\"contentUrl\":\"https:\/\/cybul.eu\/wp-content\/uploads\/2023\/10\/xlarge-7c107ad0411a6381725bc0148906c940.jpg\",\"width\":800,\"height\":800,\"caption\":\"Mazda MX-5 ND (2015+) - zestaw zawieszenia Nitron NTR R3\"},{\"@type\":\"BreadcrumbList\",\"@id\":\"https:\/\/cybul.eu\/pl\/sklep\/mazda-mx-5-nd-2015-zestaw-zawieszenia-nitron-ntr-r3\/#breadcrumb\",\"itemListElement\":[{\"@type\":\"ListItem\",\"position\":1,\"name\":\"Strona g\u0142\u00f3wna\",\"item\":\"https:\/\/cybul.eu\/pl\/\"},{\"@type\":\"ListItem\",\"position\":2,\"name\":\"Sklep\",\"item\":\"https:\/\/cybul.eu\/pl\/sklep\/\"},{\"@type\":\"ListItem\",\"position\":3,\"name\":\"Mazda MX-5 ND (2015+) &#8211; zestaw zawieszenia Nitron NTR R3\"}]},{\"@type\":\"WebSite\",\"@id\":\"https:\/\/cybul.eu\/pl\/#website\",\"url\":\"https:\/\/cybul.eu\/pl\/\",\"name\":\"CYBUL\",\"description\":\"\",\"potentialAction\":[{\"@type\":\"SearchAction\",\"target\":{\"@type\":\"EntryPoint\",\"urlTemplate\":\"https:\/\/cybul.eu\/pl\/?s={search_term_string}\"},\"query-input\":{\"@type\":\"PropertyValueSpecification\",\"valueRequired\":true,\"valueName\":\"search_term_string\"}}],\"inLanguage\":\"pl-PL\"}]}<\/script>\n<!-- \/ Yoast SEO plugin. -->","yoast_head_json":{"title":"Mazda MX-5 ND (2015+) - zestaw zawieszenia Nitron NTR R3 - CYBUL","description":"Zaprojektowane do czystego wy\u015bcigowego \u015bcigania Pasuje do: Mazda MX-5 ND (2015+) 3-stopniowa regulacja (odbicie + szybkie i wolne t\u0142umienie spr\u0119\u017cania) Szeroki zakres regulacji wysoko\u015bci nadwozia Korpusy amortyzator\u00f3w wykonane z lekkiego, kute aluminium \u015arednica t\u0142oka od 40 do 46 mm Oddzielne zbiorniki oleju zapewniaj\u0105ce wi\u0119ksz\u0105 pojemno\u015b\u0107 Sprzedawane jako zestaw 4 amortyzator\u00f3w, z kompletnym osprz\u0119tem Mo\u017cliwo\u015b\u0107 roz\u0142o\u017cenia i przeregulowania podczas przegl\u0105du R\u0119cznie wykonane w Wielkiej Brytanii","robots":{"index":"index","follow":"follow","max-snippet":"max-snippet:-1","max-image-preview":"max-image-preview:large","max-video-preview":"max-video-preview:-1"},"canonical":"https:\/\/cybul.eu\/pl\/sklep\/mazda-mx-5-nd-2015-zestaw-zawieszenia-nitron-ntr-r3\/","og_locale":"pl_PL","og_type":"article","og_title":"Mazda MX-5 ND (2015+) - zestaw zawieszenia Nitron NTR R3 - CYBUL","og_description":"Zaprojektowane do czystego wy\u015bcigowego \u015bcigania Pasuje do: Mazda MX-5 ND (2015+) 3-stopniowa regulacja (odbicie + szybkie i wolne t\u0142umienie spr\u0119\u017cania) Szeroki zakres regulacji wysoko\u015bci nadwozia Korpusy amortyzator\u00f3w wykonane z lekkiego, kute aluminium \u015arednica t\u0142oka od 40 do 46 mm Oddzielne zbiorniki oleju zapewniaj\u0105ce wi\u0119ksz\u0105 pojemno\u015b\u0107 Sprzedawane jako zestaw 4 amortyzator\u00f3w, z kompletnym osprz\u0119tem Mo\u017cliwo\u015b\u0107 roz\u0142o\u017cenia i przeregulowania podczas przegl\u0105du R\u0119cznie wykonane w Wielkiej Brytanii","og_url":"https:\/\/cybul.eu\/pl\/sklep\/mazda-mx-5-nd-2015-zestaw-zawieszenia-nitron-ntr-r3\/","og_site_name":"CYBUL","article_modified_time":"2023-10-25T14:40:00+00:00","og_image":[{"width":800,"height":800,"url":"https:\/\/cybul.eu\/wp-content\/uploads\/2023\/10\/xlarge-7c107ad0411a6381725bc0148906c940.jpg","type":"image\/jpeg"}],"twitter_card":"summary_large_image","twitter_misc":{"Szacowany czas czytania":"1 minuta"},"schema":{"@context":"https:\/\/schema.org","@graph":[{"@type":"WebPage","@id":"https:\/\/cybul.eu\/pl\/sklep\/mazda-mx-5-nd-2015-zestaw-zawieszenia-nitron-ntr-r3\/","url":"https:\/\/cybul.eu\/pl\/sklep\/mazda-mx-5-nd-2015-zestaw-zawieszenia-nitron-ntr-r3\/","name":"Mazda MX-5 ND (2015+) - zestaw zawieszenia Nitron NTR R3 - CYBUL","isPartOf":{"@id":"https:\/\/cybul.eu\/pl\/#website"},"primaryImageOfPage":{"@id":"https:\/\/cybul.eu\/pl\/sklep\/mazda-mx-5-nd-2015-zestaw-zawieszenia-nitron-ntr-r3\/#primaryimage"},"image":{"@id":"https:\/\/cybul.eu\/pl\/sklep\/mazda-mx-5-nd-2015-zestaw-zawieszenia-nitron-ntr-r3\/#primaryimage"},"thumbnailUrl":"https:\/\/cybul.eu\/wp-content\/uploads\/2023\/10\/xlarge-7c107ad0411a6381725bc0148906c940.jpg","datePublished":"2023-10-25T14:39:59+00:00","dateModified":"2023-10-25T14:40:00+00:00","description":"Zaprojektowane do czystego wy\u015bcigowego \u015bcigania Pasuje do: Mazda MX-5 ND (2015+) 3-stopniowa regulacja (odbicie + szybkie i wolne t\u0142umienie spr\u0119\u017cania) Szeroki zakres regulacji wysoko\u015bci nadwozia Korpusy amortyzator\u00f3w wykonane z lekkiego, kute aluminium \u015arednica t\u0142oka od 40 do 46 mm Oddzielne zbiorniki oleju zapewniaj\u0105ce wi\u0119ksz\u0105 pojemno\u015b\u0107 Sprzedawane jako zestaw 4 amortyzator\u00f3w, z kompletnym osprz\u0119tem Mo\u017cliwo\u015b\u0107 roz\u0142o\u017cenia i przeregulowania podczas przegl\u0105du R\u0119cznie wykonane w Wielkiej Brytanii","breadcrumb":{"@id":"https:\/\/cybul.eu\/pl\/sklep\/mazda-mx-5-nd-2015-zestaw-zawieszenia-nitron-ntr-r3\/#breadcrumb"},"inLanguage":"pl-PL","potentialAction":[{"@type":"ReadAction","target":["https:\/\/cybul.eu\/pl\/sklep\/mazda-mx-5-nd-2015-zestaw-zawieszenia-nitron-ntr-r3\/"]}]},{"@type":"ImageObject","inLanguage":"pl-PL","@id":"https:\/\/cybul.eu\/pl\/sklep\/mazda-mx-5-nd-2015-zestaw-zawieszenia-nitron-ntr-r3\/#primaryimage","url":"https:\/\/cybul.eu\/wp-content\/uploads\/2023\/10\/xlarge-7c107ad0411a6381725bc0148906c940.jpg","contentUrl":"https:\/\/cybul.eu\/wp-content\/uploads\/2023\/10\/xlarge-7c107ad0411a6381725bc0148906c940.jpg","width":800,"height":800,"caption":"Mazda MX-5 ND (2015+) - zestaw zawieszenia Nitron NTR R3"},{"@type":"BreadcrumbList","@id":"https:\/\/cybul.eu\/pl\/sklep\/mazda-mx-5-nd-2015-zestaw-zawieszenia-nitron-ntr-r3\/#breadcrumb","itemListElement":[{"@type":"ListItem","position":1,"name":"Strona g\u0142\u00f3wna","item":"https:\/\/cybul.eu\/pl\/"},{"@type":"ListItem","position":2,"name":"Sklep","item":"https:\/\/cybul.eu\/pl\/sklep\/"},{"@type":"ListItem","position":3,"name":"Mazda MX-5 ND (2015+) &#8211; zestaw zawieszenia Nitron NTR R3"}]},{"@type":"WebSite","@id":"https:\/\/cybul.eu\/pl\/#website","url":"https:\/\/cybul.eu\/pl\/","name":"CYBUL","description":"","potentialAction":[{"@type":"SearchAction","target":{"@type":"EntryPoint","urlTemplate":"https:\/\/cybul.eu\/pl\/?s={search_term_string}"},"query-input":{"@type":"PropertyValueSpecification","valueRequired":true,"valueName":"search_term_string"}}],"inLanguage":"pl-PL"}]}},"_links":{"self":[{"href":"https:\/\/cybul.eu\/pl\/wp-json\/wp\/v2\/product\/7896","targetHints":{"allow":["GET"]}}],"collection":[{"href":"https:\/\/cybul.eu\/pl\/wp-json\/wp\/v2\/product"}],"about":[{"href":"https:\/\/cybul.eu\/pl\/wp-json\/wp\/v2\/types\/product"}],"replies":[{"embeddable":true,"href":"https:\/\/cybul.eu\/pl\/wp-json\/wp\/v2\/comments?post=7896"}],"wp:featuredmedia":[{"embeddable":true,"href":"https:\/\/cybul.eu\/pl\/wp-json\/wp\/v2\/media\/7895"}],"wp:attachment":[{"href":"https:\/\/cybul.eu\/pl\/wp-json\/wp\/v2\/media?parent=7896"}],"wp:term":[{"taxonomy":"product_cat","embeddable":true,"href":"https:\/\/cybul.eu\/pl\/wp-json\/wp\/v2\/product_cat?post=7896"},{"taxonomy":"product_tag","embeddable":true,"href":"https:\/\/cybul.eu\/pl\/wp-json\/wp\/v2\/product_tag?post=7896"}],"curies":[{"name":"wp","href":"https:\/\/api.w.org\/{rel}","templated":true}]}}