{"id":7892,"date":"2023-10-25T11:18:55","date_gmt":"2023-10-25T14:39:49","guid":{"rendered":"https:\/\/cybul.eu\/?post_type=product&#038;p=7892"},"modified":"2023-10-25T16:39:50","modified_gmt":"2023-10-25T14:39:50","slug":"mazda-mx-5-nd-2015-zestaw-zawieszenia-nitron-ntr-r1","status":"publish","type":"product","link":"https:\/\/cybul.eu\/pl\/sklep\/mazda-mx-5-nd-2015-zestaw-zawieszenia-nitron-ntr-r1\/","title":{"rendered":"Mazda MX-5 ND (2015+) &#8211; zestaw zawieszenia Nitron NTR R1"},"content":{"rendered":"<h3>Specyfikacje zestawu zawieszenia Nitron NTR R1 &#8211; Dla U\u017cytku na Torze<\/h3>\n<p>Wyprodukowane r\u0119cznie przez Nitron w Anglii i szeroko uznawane w \u015bwiecie wy\u015bcig\u00f3w, te zawieszenia NTR R1 s\u0105 idealne do u\u017cytku zar\u00f3wno na drodze, jak i na torach wy\u015bcigowych. \u0141\u0105cz\u0105 w sobie jako\u015b\u0107 wykonania, wytrzyma\u0142o\u015b\u0107 i wydajno\u015b\u0107, gwarantuj\u0105c wyj\u0105tkowe doznania z jazdy.<br \/>\nZainspirowany bardzo cenion\u0105 seri\u0105 R3, ten zestaw zawieszenia R1 u\u017cywa materia\u0142\u00f3w starannie wybranych ze wzgl\u0119du na ich lekko\u015b\u0107 i odporno\u015b\u0107 na korozj\u0119. Ka\u017cdy amortyzator jest wype\u0142niony olejem i azotem, co zapewnia doskona\u0142\u0105 odporno\u015b\u0107 na przegrzewanie i d\u0142ugotrwa\u0142\u0105 wydajno\u015b\u0107, przy u\u017cyciu t\u0142ok\u00f3w o \u015brednicy 40 lub 46 mm (w zale\u017cno\u015bci od modelu samochodu).<\/p>\n<p>W celu u\u0142atwienia u\u017cytkowania i regulacji, seria R1 oferuje 24-stopniow\u0105 regulacj\u0119 2-dro\u017cnego spr\u0119\u017cania i t\u0142umienia. Damping i wsp\u00f3\u0142czynniki spr\u0119\u017cyny s\u0105 specjalnie opracowywane dla ka\u017cdego pojazdu przez in\u017cynier\u00f3w Nitron, uwzgl\u0119dniaj\u0105c rozk\u0142ad masy, konstrukcj\u0119 osi, zamierzone zastosowanie zestawu i wiele innych parametr\u00f3w zweryfikowanych podczas licznych test\u00f3w w rzeczywistych warunkach. Oczywi\u015bcie regulacja wysoko\u015bci zawieszenia i napi\u0119cia spr\u0119\u017cyny jest swobodna.<\/p>\n<p>Wszystkie amortyzatory Nitron NTR mo\u017cna w pe\u0142ni roz\u0142o\u017cy\u0107, co pozwala na ich przegl\u0105d i ponown\u0105 regulacj\u0119.<\/p>\n<div class=\"caracteristique\">\n<h3>Charakterystyka<\/h3>\n<table class=\"table table-striped\">\n<tbody>\n<tr class=\"carac_getAffectation_hsd\">\n<th scope=\"row\">Marka Samochodu<\/th>\n<td>Mazda<\/td>\n<\/tr>\n<tr class=\"carac_getModelevehicule\">\n<th scope=\"row\">Model Samochodu<\/th>\n<td>Mazda MX-5 ND<\/td>\n<\/tr>\n<tr class=\"carac_getGamme\">\n<th scope=\"row\">Seria<\/th>\n<td>NTR R1<\/td>\n<\/tr>\n<\/tbody>\n<\/table>\n<\/div>\n","protected":false},"excerpt":{"rendered":"<h3>Zawieszenie gwintowane Nitron NTR R1<\/h3>\n<ul>\n<li>Idealne do jazdy po drogach i na torze<\/li>\n<li>Do samochod\u00f3w: Mazda MX-5 ND (2015+)<\/li>\n<li>Regulacja 2-dro\u017cna (spr\u0119\u017canie i t\u0142umienie)<\/li>\n<li>Du\u017cy zakres regulacji wysoko\u015bci zawieszenia<\/li>\n<li>Korpusy amortyzator\u00f3w wykonane z lekkiego kutego aluminium<\/li>\n<li>\u015arednica t\u0142oka od 40 do 46 mm<\/li>\n<li>Sprzedawane w komplecie 4 sztuk, z wszystkimi niezb\u0119dnymi elementami monta\u017cowymi<\/li>\n<li>Mo\u017cna je roz\u0142o\u017cy\u0107 i przeregulowa\u0107 podczas przegl\u0105du<\/li>\n<li>Wyprodukowane r\u0119cznie w Wielkiej Brytanii<\/li>\n<\/ul>\n","protected":false},"featured_media":7890,"comment_status":"open","ping_status":"closed","template":"","meta":[],"product_cat":[500,476],"product_tag":[],"class_list":{"0":"post-7892","1":"product","2":"type-product","3":"status-publish","4":"has-post-thumbnail","6":"product_cat-zawieszenie-mx-5-nd","7":"product_cat-mx-5-nd-pl","8":"product_shipping_class-standard","10":"first","11":"instock","12":"taxable","13":"shipping-taxable","14":"purchasable","15":"product-type-simple"},"bundled_by":[],"bundle_stock_status":"instock","bundle_stock_quantity":null,"bundle_virtual":false,"bundle_layout":"","bundle_add_to_cart_form_location":"","bundle_editable_in_cart":false,"bundle_sold_individually_context":"","bundle_item_grouping":"","bundle_min_size":"","bundle_max_size":"","bundle_price":[],"bundled_items":[],"bundle_sell_ids":[],"acf":{"zdjecie_bez_watermarka":null,"zdjecie_bez_watermarka_url":"","product_orgin_url":""},"yoast_head":"<!-- This site is optimized with the Yoast SEO plugin v23.9 - https:\/\/yoast.com\/wordpress\/plugins\/seo\/ -->\n<title>Mazda MX-5 ND (2015+) - zestaw zawieszenia Nitron NTR R1 - CYBUL<\/title>\n<meta name=\"description\" content=\"Idealne do jazdy po drogach i na torze Pasuj\u0105 do: Mazda MX-5 ND (2015+) Regulacja 2-dro\u017cna (spr\u0119\u017canie i odbicie) Szeroki zakres regulacji wysoko\u015bci zawieszenia Korpusy amortyzator\u00f3w wykonane z lekkiego aluminium kute \u015arednica t\u0142oka od 40 do 46 mm Sprzedawane w komplecie 4 sztuki, z wszystkimi niezb\u0119dnymi elementami monta\u017cowymi Mo\u017cna je otworzy\u0107 i przereglowa\u0107 podczas przegl\u0105du Wyprodukowane r\u0119cznie w Wielkiej Brytanii\" \/>\n<meta name=\"robots\" content=\"index, follow, max-snippet:-1, max-image-preview:large, max-video-preview:-1\" \/>\n<link rel=\"canonical\" href=\"https:\/\/cybul.eu\/pl\/sklep\/mazda-mx-5-nd-2015-zestaw-zawieszenia-nitron-ntr-r1\/\" \/>\n<meta property=\"og:locale\" content=\"pl_PL\" \/>\n<meta property=\"og:type\" content=\"article\" \/>\n<meta property=\"og:title\" content=\"Mazda MX-5 ND (2015+) - zestaw zawieszenia Nitron NTR R1 - CYBUL\" \/>\n<meta property=\"og:description\" content=\"Idealne do jazdy po drogach i na torze Pasuj\u0105 do: Mazda MX-5 ND (2015+) Regulacja 2-dro\u017cna (spr\u0119\u017canie i odbicie) Szeroki zakres regulacji wysoko\u015bci zawieszenia Korpusy amortyzator\u00f3w wykonane z lekkiego aluminium kute \u015arednica t\u0142oka od 40 do 46 mm Sprzedawane w komplecie 4 sztuki, z wszystkimi niezb\u0119dnymi elementami monta\u017cowymi Mo\u017cna je otworzy\u0107 i przereglowa\u0107 podczas przegl\u0105du Wyprodukowane r\u0119cznie w Wielkiej Brytanii\" \/>\n<meta property=\"og:url\" content=\"https:\/\/cybul.eu\/pl\/sklep\/mazda-mx-5-nd-2015-zestaw-zawieszenia-nitron-ntr-r1\/\" \/>\n<meta property=\"og:site_name\" content=\"CYBUL\" \/>\n<meta property=\"article:modified_time\" content=\"2023-10-25T14:39:50+00:00\" \/>\n<meta property=\"og:image\" content=\"https:\/\/cybul.eu\/wp-content\/uploads\/2023\/10\/xlarge-a15fb69ea9f5c9da81ec9566934f4bb2.jpg\" \/>\n\t<meta property=\"og:image:width\" content=\"800\" \/>\n\t<meta property=\"og:image:height\" content=\"800\" \/>\n\t<meta property=\"og:image:type\" content=\"image\/jpeg\" \/>\n<meta name=\"twitter:card\" content=\"summary_large_image\" \/>\n<meta name=\"twitter:label1\" content=\"Szacowany czas czytania\" \/>\n\t<meta name=\"twitter:data1\" content=\"1 minuta\" \/>\n<script type=\"application\/ld+json\" class=\"yoast-schema-graph\">{\"@context\":\"https:\/\/schema.org\",\"@graph\":[{\"@type\":\"WebPage\",\"@id\":\"https:\/\/cybul.eu\/pl\/sklep\/mazda-mx-5-nd-2015-zestaw-zawieszenia-nitron-ntr-r1\/\",\"url\":\"https:\/\/cybul.eu\/pl\/sklep\/mazda-mx-5-nd-2015-zestaw-zawieszenia-nitron-ntr-r1\/\",\"name\":\"Mazda MX-5 ND (2015+) - zestaw zawieszenia Nitron NTR R1 - CYBUL\",\"isPartOf\":{\"@id\":\"https:\/\/cybul.eu\/pl\/#website\"},\"primaryImageOfPage\":{\"@id\":\"https:\/\/cybul.eu\/pl\/sklep\/mazda-mx-5-nd-2015-zestaw-zawieszenia-nitron-ntr-r1\/#primaryimage\"},\"image\":{\"@id\":\"https:\/\/cybul.eu\/pl\/sklep\/mazda-mx-5-nd-2015-zestaw-zawieszenia-nitron-ntr-r1\/#primaryimage\"},\"thumbnailUrl\":\"https:\/\/cybul.eu\/wp-content\/uploads\/2023\/10\/xlarge-a15fb69ea9f5c9da81ec9566934f4bb2.jpg\",\"datePublished\":\"2023-10-25T14:39:49+00:00\",\"dateModified\":\"2023-10-25T14:39:50+00:00\",\"description\":\"Idealne do jazdy po drogach i na torze Pasuj\u0105 do: Mazda MX-5 ND (2015+) Regulacja 2-dro\u017cna (spr\u0119\u017canie i odbicie) Szeroki zakres regulacji wysoko\u015bci zawieszenia Korpusy amortyzator\u00f3w wykonane z lekkiego aluminium kute \u015arednica t\u0142oka od 40 do 46 mm Sprzedawane w komplecie 4 sztuki, z wszystkimi niezb\u0119dnymi elementami monta\u017cowymi Mo\u017cna je otworzy\u0107 i przereglowa\u0107 podczas przegl\u0105du Wyprodukowane r\u0119cznie w Wielkiej Brytanii\",\"breadcrumb\":{\"@id\":\"https:\/\/cybul.eu\/pl\/sklep\/mazda-mx-5-nd-2015-zestaw-zawieszenia-nitron-ntr-r1\/#breadcrumb\"},\"inLanguage\":\"pl-PL\",\"potentialAction\":[{\"@type\":\"ReadAction\",\"target\":[\"https:\/\/cybul.eu\/pl\/sklep\/mazda-mx-5-nd-2015-zestaw-zawieszenia-nitron-ntr-r1\/\"]}]},{\"@type\":\"ImageObject\",\"inLanguage\":\"pl-PL\",\"@id\":\"https:\/\/cybul.eu\/pl\/sklep\/mazda-mx-5-nd-2015-zestaw-zawieszenia-nitron-ntr-r1\/#primaryimage\",\"url\":\"https:\/\/cybul.eu\/wp-content\/uploads\/2023\/10\/xlarge-a15fb69ea9f5c9da81ec9566934f4bb2.jpg\",\"contentUrl\":\"https:\/\/cybul.eu\/wp-content\/uploads\/2023\/10\/xlarge-a15fb69ea9f5c9da81ec9566934f4bb2.jpg\",\"width\":800,\"height\":800,\"caption\":\"Mazda MX-5 ND (2015+) - zestaw zawieszenia Nitron NTR R1\"},{\"@type\":\"BreadcrumbList\",\"@id\":\"https:\/\/cybul.eu\/pl\/sklep\/mazda-mx-5-nd-2015-zestaw-zawieszenia-nitron-ntr-r1\/#breadcrumb\",\"itemListElement\":[{\"@type\":\"ListItem\",\"position\":1,\"name\":\"Strona g\u0142\u00f3wna\",\"item\":\"https:\/\/cybul.eu\/pl\/\"},{\"@type\":\"ListItem\",\"position\":2,\"name\":\"Sklep\",\"item\":\"https:\/\/cybul.eu\/pl\/sklep\/\"},{\"@type\":\"ListItem\",\"position\":3,\"name\":\"Mazda MX-5 ND (2015+) &#8211; zestaw zawieszenia Nitron NTR R1\"}]},{\"@type\":\"WebSite\",\"@id\":\"https:\/\/cybul.eu\/pl\/#website\",\"url\":\"https:\/\/cybul.eu\/pl\/\",\"name\":\"CYBUL\",\"description\":\"\",\"potentialAction\":[{\"@type\":\"SearchAction\",\"target\":{\"@type\":\"EntryPoint\",\"urlTemplate\":\"https:\/\/cybul.eu\/pl\/?s={search_term_string}\"},\"query-input\":{\"@type\":\"PropertyValueSpecification\",\"valueRequired\":true,\"valueName\":\"search_term_string\"}}],\"inLanguage\":\"pl-PL\"}]}<\/script>\n<!-- \/ Yoast SEO plugin. -->","yoast_head_json":{"title":"Mazda MX-5 ND (2015+) - zestaw zawieszenia Nitron NTR R1 - CYBUL","description":"Idealne do jazdy po drogach i na torze Pasuj\u0105 do: Mazda MX-5 ND (2015+) Regulacja 2-dro\u017cna (spr\u0119\u017canie i odbicie) Szeroki zakres regulacji wysoko\u015bci zawieszenia Korpusy amortyzator\u00f3w wykonane z lekkiego aluminium kute \u015arednica t\u0142oka od 40 do 46 mm Sprzedawane w komplecie 4 sztuki, z wszystkimi niezb\u0119dnymi elementami monta\u017cowymi Mo\u017cna je otworzy\u0107 i przereglowa\u0107 podczas przegl\u0105du Wyprodukowane r\u0119cznie w Wielkiej Brytanii","robots":{"index":"index","follow":"follow","max-snippet":"max-snippet:-1","max-image-preview":"max-image-preview:large","max-video-preview":"max-video-preview:-1"},"canonical":"https:\/\/cybul.eu\/pl\/sklep\/mazda-mx-5-nd-2015-zestaw-zawieszenia-nitron-ntr-r1\/","og_locale":"pl_PL","og_type":"article","og_title":"Mazda MX-5 ND (2015+) - zestaw zawieszenia Nitron NTR R1 - CYBUL","og_description":"Idealne do jazdy po drogach i na torze Pasuj\u0105 do: Mazda MX-5 ND (2015+) Regulacja 2-dro\u017cna (spr\u0119\u017canie i odbicie) Szeroki zakres regulacji wysoko\u015bci zawieszenia Korpusy amortyzator\u00f3w wykonane z lekkiego aluminium kute \u015arednica t\u0142oka od 40 do 46 mm Sprzedawane w komplecie 4 sztuki, z wszystkimi niezb\u0119dnymi elementami monta\u017cowymi Mo\u017cna je otworzy\u0107 i przereglowa\u0107 podczas przegl\u0105du Wyprodukowane r\u0119cznie w Wielkiej Brytanii","og_url":"https:\/\/cybul.eu\/pl\/sklep\/mazda-mx-5-nd-2015-zestaw-zawieszenia-nitron-ntr-r1\/","og_site_name":"CYBUL","article_modified_time":"2023-10-25T14:39:50+00:00","og_image":[{"width":800,"height":800,"url":"https:\/\/cybul.eu\/wp-content\/uploads\/2023\/10\/xlarge-a15fb69ea9f5c9da81ec9566934f4bb2.jpg","type":"image\/jpeg"}],"twitter_card":"summary_large_image","twitter_misc":{"Szacowany czas czytania":"1 minuta"},"schema":{"@context":"https:\/\/schema.org","@graph":[{"@type":"WebPage","@id":"https:\/\/cybul.eu\/pl\/sklep\/mazda-mx-5-nd-2015-zestaw-zawieszenia-nitron-ntr-r1\/","url":"https:\/\/cybul.eu\/pl\/sklep\/mazda-mx-5-nd-2015-zestaw-zawieszenia-nitron-ntr-r1\/","name":"Mazda MX-5 ND (2015+) - zestaw zawieszenia Nitron NTR R1 - CYBUL","isPartOf":{"@id":"https:\/\/cybul.eu\/pl\/#website"},"primaryImageOfPage":{"@id":"https:\/\/cybul.eu\/pl\/sklep\/mazda-mx-5-nd-2015-zestaw-zawieszenia-nitron-ntr-r1\/#primaryimage"},"image":{"@id":"https:\/\/cybul.eu\/pl\/sklep\/mazda-mx-5-nd-2015-zestaw-zawieszenia-nitron-ntr-r1\/#primaryimage"},"thumbnailUrl":"https:\/\/cybul.eu\/wp-content\/uploads\/2023\/10\/xlarge-a15fb69ea9f5c9da81ec9566934f4bb2.jpg","datePublished":"2023-10-25T14:39:49+00:00","dateModified":"2023-10-25T14:39:50+00:00","description":"Idealne do jazdy po drogach i na torze Pasuj\u0105 do: Mazda MX-5 ND (2015+) Regulacja 2-dro\u017cna (spr\u0119\u017canie i odbicie) Szeroki zakres regulacji wysoko\u015bci zawieszenia Korpusy amortyzator\u00f3w wykonane z lekkiego aluminium kute \u015arednica t\u0142oka od 40 do 46 mm Sprzedawane w komplecie 4 sztuki, z wszystkimi niezb\u0119dnymi elementami monta\u017cowymi Mo\u017cna je otworzy\u0107 i przereglowa\u0107 podczas przegl\u0105du Wyprodukowane r\u0119cznie w Wielkiej Brytanii","breadcrumb":{"@id":"https:\/\/cybul.eu\/pl\/sklep\/mazda-mx-5-nd-2015-zestaw-zawieszenia-nitron-ntr-r1\/#breadcrumb"},"inLanguage":"pl-PL","potentialAction":[{"@type":"ReadAction","target":["https:\/\/cybul.eu\/pl\/sklep\/mazda-mx-5-nd-2015-zestaw-zawieszenia-nitron-ntr-r1\/"]}]},{"@type":"ImageObject","inLanguage":"pl-PL","@id":"https:\/\/cybul.eu\/pl\/sklep\/mazda-mx-5-nd-2015-zestaw-zawieszenia-nitron-ntr-r1\/#primaryimage","url":"https:\/\/cybul.eu\/wp-content\/uploads\/2023\/10\/xlarge-a15fb69ea9f5c9da81ec9566934f4bb2.jpg","contentUrl":"https:\/\/cybul.eu\/wp-content\/uploads\/2023\/10\/xlarge-a15fb69ea9f5c9da81ec9566934f4bb2.jpg","width":800,"height":800,"caption":"Mazda MX-5 ND (2015+) - zestaw zawieszenia Nitron NTR R1"},{"@type":"BreadcrumbList","@id":"https:\/\/cybul.eu\/pl\/sklep\/mazda-mx-5-nd-2015-zestaw-zawieszenia-nitron-ntr-r1\/#breadcrumb","itemListElement":[{"@type":"ListItem","position":1,"name":"Strona g\u0142\u00f3wna","item":"https:\/\/cybul.eu\/pl\/"},{"@type":"ListItem","position":2,"name":"Sklep","item":"https:\/\/cybul.eu\/pl\/sklep\/"},{"@type":"ListItem","position":3,"name":"Mazda MX-5 ND (2015+) &#8211; zestaw zawieszenia Nitron NTR R1"}]},{"@type":"WebSite","@id":"https:\/\/cybul.eu\/pl\/#website","url":"https:\/\/cybul.eu\/pl\/","name":"CYBUL","description":"","potentialAction":[{"@type":"SearchAction","target":{"@type":"EntryPoint","urlTemplate":"https:\/\/cybul.eu\/pl\/?s={search_term_string}"},"query-input":{"@type":"PropertyValueSpecification","valueRequired":true,"valueName":"search_term_string"}}],"inLanguage":"pl-PL"}]}},"_links":{"self":[{"href":"https:\/\/cybul.eu\/pl\/wp-json\/wp\/v2\/product\/7892","targetHints":{"allow":["GET"]}}],"collection":[{"href":"https:\/\/cybul.eu\/pl\/wp-json\/wp\/v2\/product"}],"about":[{"href":"https:\/\/cybul.eu\/pl\/wp-json\/wp\/v2\/types\/product"}],"replies":[{"embeddable":true,"href":"https:\/\/cybul.eu\/pl\/wp-json\/wp\/v2\/comments?post=7892"}],"wp:featuredmedia":[{"embeddable":true,"href":"https:\/\/cybul.eu\/pl\/wp-json\/wp\/v2\/media\/7890"}],"wp:attachment":[{"href":"https:\/\/cybul.eu\/pl\/wp-json\/wp\/v2\/media?parent=7892"}],"wp:term":[{"taxonomy":"product_cat","embeddable":true,"href":"https:\/\/cybul.eu\/pl\/wp-json\/wp\/v2\/product_cat?post=7892"},{"taxonomy":"product_tag","embeddable":true,"href":"https:\/\/cybul.eu\/pl\/wp-json\/wp\/v2\/product_tag?post=7892"}],"curies":[{"name":"wp","href":"https:\/\/api.w.org\/{rel}","templated":true}]}}