{"id":7857,"date":"2023-10-25T11:19:10","date_gmt":"2023-10-25T14:38:46","guid":{"rendered":"https:\/\/cybul.eu\/?post_type=product&#038;p=7857"},"modified":"2023-10-25T16:38:47","modified_gmt":"2023-10-25T14:38:47","slug":"mazda-mx-5-nd-zawieszenie-gwintowane-tein-flex-z-tuv","status":"publish","type":"product","link":"https:\/\/cybul.eu\/pl\/sklep\/mazda-mx-5-nd-zawieszenie-gwintowane-tein-flex-z-tuv\/","title":{"rendered":"Mazda MX-5 ND &#8211; Zawieszenie gwintowane Tein Flex Z (T\u00dcV)"},"content":{"rendered":"<div class=\"longdescription\">\n<h3>Tein Flex Z Zawieszenie gwintowanedo Mazdy MX-5 ND<\/h3>\n<p><strong>Dla modelu: Mazda MX-5 ND, od czerwca 2015 roku.<\/strong><\/p>\n<p>Jest to bezpo\u015brednia ewolucja poprzedniego modelu Flex Street. Nowa seria Flex Z zosta\u0142a stworzona, aby po\u0142\u0105czy\u0107 komfort i osi\u0105gi dla sportowych kierowc\u00f3w. Aby zapewni\u0107 najlepsz\u0105 cen\u0119, in\u017cynierowie firmy Tein przeprojektowali japo\u0144sk\u0105 fabryk\u0119 produkcyjn\u0105 oraz procesy produkcyjne (zobacz poni\u017csze wideo). W rezultacie otrzymujemy najlepszy stosunek jako\u015bci do ceny, jaki kiedykolwiek zaproponowa\u0142a firma Tein.<\/p>\n<p>Dzi\u0119ki swojemu projektowi opartemu na dwururowej konstrukcji oleju i gazu, Flex Z oferuje doskona\u0142y komfort jazdy przy niskich pr\u0119dko\u015bciach na nier\u00f3wnych drogach, jednocze\u015bnie zapewniaj\u0105c doskona\u0142e osi\u0105gi i precyzj\u0119 przy szybkiej je\u017adzie &#8211; zar\u00f3wno na drodze, jak i na torze. Regulacja wysoko\u015bci zawieszenia i spr\u0119\u017cyny jest mo\u017cliwa niezale\u017cnie od siebie, co zapewnia pe\u0142ny skok amortyzatora przy dowolnej wysoko\u015bci. W przypadku Flex Z zastosowano now\u0105 formu\u0142\u0119 oleju, kt\u00f3ra zapewnia stabilne osi\u0105gi w r\u00f3\u017cnych temperaturach.<\/p>\n<ul>\n<li>Niezale\u017cna regulacja wysoko\u015bci zawieszenia i napi\u0119cia spr\u0119\u017cyny.<\/li>\n<li>Spr\u0119\u017cyny: 6 kgF\/mm (prz\u00f3d) i 4 kgF\/mm (ty\u0142)<\/li>\n<li>Regulacja wysoko\u015bci: +10 do -127 mm (prz\u00f3d) i -12 do -119 mm (ty\u0142)<\/li>\n<li>Referencja Tein: VSMD0-CUSS3<\/li>\n<li>Mo\u017cliwo\u015b\u0107 monta\u017cu systemu Tein EDFC (Ref. EDK05-12120)<\/li>\n<li>Monta\u017c &#8222;wpi\u0119cie i jazda&#8221;, nie wymagane dodatkowe cz\u0119\u015bci<\/li>\n<li>G\u00f3rne \u0142o\u017cyska wahacza (regulacja pochylenia w zawieszeniu McPherson)<\/li>\n<li>\u0141atwa i tania naprawa &#8211; dost\u0119pne s\u0105 zamienne amortyzatory od firmy Tein<\/li>\n<\/ul>\n<p>T\u0142umienie jest regulowane na 16 poziomach. Tein Flex jest kompatybilny z systemem Tein EDFC (dost\u0119pnym osobno), kt\u00f3ry umo\u017cliwia elektroniczn\u0105 regulacj\u0119 twardo\u015bci amortyzator\u00f3w z wn\u0119trza samochodu. Dzi\u0119ki EDFC poziom regulacji wzrasta do 32 poziom\u00f3w (standardowy EDFC) lub 64 poziomy (EDFC Active).<\/p>\n<p>Te zawieszenia s\u0105 wyposa\u017cone w aluminium wierzchnich \u0142o\u017cysk, kt\u00f3re pozwalaj\u0105 na regulacj\u0119 pochylenia w zawieszeniu przednim typu McPherson. Dzi\u0119ki japo\u0144skiej produkcji produkty Tein charakteryzuj\u0105 si\u0119 d\u0142ug\u0105 \u017cywotno\u015bci\u0105 oraz ochron\u0105 przed korozj\u0105, py\u0142em i zmianami temperatury. Oferuj\u0105 tak\u017ce 1-letni\u0105 gwarancj\u0119.<\/p>\n<p>Zawieszenia Tein Flex Z s\u0105 wyposa\u017cone w zamkni\u0119ty amortyzator od producenta. Wymian\u0119 mo\u017cna przeprowadzi\u0107 tylko poprzez wymian\u0119 kompletnej jednostki amortyzatora, kt\u00f3ra jest niedroga i szybka do wymiany.<br \/>\nZawieszenia Tein Flex A natomiast wykorzystuj\u0105 amortyzator w pe\u0142ni przeznaczony do regeneracji. Us\u0142uga regeneracji jest dost\u0119pna u producenta Tein.<br \/>\nZawieszenia Tein Flex Z i Flex A obj\u0119te s\u0105 1-letni\u0105 gwarancj\u0105.<\/p>\n<h3>Produkcja w fabryce Tein w Yokohamie<\/h3>\n<p><iframe loading=\"lazy\" src=\"https:\/\/www.youtube.com\/embed\/d5NblzOxvWw\" width=\"560\" height=\"315\" data-mce-fragment=\"1\"><\/iframe><\/p>\n<\/div>\n<div class=\"caracteristique\">\n<h3>Cechy<\/h3>\n<table class=\"table table-striped\">\n<tbody>\n<tr class=\"carac_getAffectation_hsd\">\n<th scope=\"row\">Marka samochodu<\/th>\n<td>Mazda<\/td>\n<\/tr>\n<tr class=\"carac_getModelevehicule\">\n<th scope=\"row\">Model samochodu<\/th>\n<td>Mazda MX-5 ND<\/td>\n<\/tr>\n<tr class=\"carac_getManufacturer\">\n<th scope=\"row\">Producent<\/th>\n<td>Tein<\/td>\n<\/tr>\n<tr class=\"carac_getManufacturer_sku\">\n<th scope=\"row\">Numer referencyjny producenta<\/th>\n<td>VSMD0-CUSS3<\/td>\n<\/tr>\n<\/tbody>\n<\/table>\n<\/div>\n","protected":false},"excerpt":{"rendered":"<h3>Tein Flex Z Coilovers<\/h3>\n<ul>\n<li>Tein Flex Z Coilovers do Mazdy MX-5 ND<\/li>\n<li>Idealny kompromis mi\u0119dzy komfortem a osi\u0105gami<\/li>\n<li>Wsp\u00f3\u0142czynnik spr\u0119\u017cyny: 6 kgF\/mm (prz\u00f3d) i 4 kgF\/mm (ty\u0142)<\/li>\n<li>Zakres regulacji wysoko\u015bci zawieszenia: +10 do -127 mm (prz\u00f3d) i -12 do -119 mm (ty\u0142)<\/li>\n<li><strong>Certyfikat T\u00dcV<\/strong><\/li>\n<li>Kompatybilne z Tein EDFC<\/li>\n<li>Referencja Tein: VSMD0-CUSS3<\/li>\n<li>Przewody hamulcowe zgodne z normami OEM<\/li>\n<li>Pow\u0142oka antykorozyjna i os\u0142ony przed kurzem<\/li>\n<li><strong>Szybka dostawa!<\/strong><\/li>\n<\/ul>\n<p>Tein Flex Z Coilovers to zestaw zawieszenia gwintowanego zaprojektowany specjalnie dla modelu Mazda MX-5 ND. Zapewniaj\u0105 one idealny balans mi\u0119dzy komfortem jazdy a osi\u0105gami, pozwalaj\u0105c jednocze\u015bnie na regulacj\u0119 wysoko\u015bci pojazdu i twardo\u015bci zawieszenia. Certyfikat T\u00dcV potwierdza ich jako\u015b\u0107 i bezpiecze\u0144stwo. S\u0105 r\u00f3wnie\u017c kompatybilne z systemem Tein EDFC, umo\u017cliwiaj\u0105cym regulacj\u0119 twardo\u015bci zawieszenia elektronicznie z wn\u0119trza samochodu. To doskona\u0142y wyb\u00f3r dla mi\u0142o\u015bnik\u00f3w sportowej jazdy.<\/p>\n","protected":false},"featured_media":7856,"comment_status":"open","ping_status":"closed","template":"","meta":[],"product_cat":[500,476],"product_tag":[],"class_list":{"0":"post-7857","1":"product","2":"type-product","3":"status-publish","4":"has-post-thumbnail","6":"product_cat-zawieszenie-mx-5-nd","7":"product_cat-mx-5-nd-pl","8":"product_shipping_class-standard","10":"first","11":"instock","12":"taxable","13":"shipping-taxable","14":"purchasable","15":"product-type-simple"},"bundled_by":[],"bundle_stock_status":"instock","bundle_stock_quantity":null,"bundle_virtual":false,"bundle_layout":"","bundle_add_to_cart_form_location":"","bundle_editable_in_cart":false,"bundle_sold_individually_context":"","bundle_item_grouping":"","bundle_min_size":"","bundle_max_size":"","bundle_price":[],"bundled_items":[],"bundle_sell_ids":[],"acf":{"zdjecie_bez_watermarka":null,"zdjecie_bez_watermarka_url":"","product_orgin_url":""},"yoast_head":"<!-- This site is optimized with the Yoast SEO plugin v23.9 - https:\/\/yoast.com\/wordpress\/plugins\/seo\/ -->\n<title>Mazda MX-5 ND - Zawieszenie gwintowane Tein Flex Z (T\u00dcV) - CYBUL<\/title>\n<meta name=\"description\" content=\"Tein Flex Z Coilovers dla Mazdy MX-5 ND - Idealny kompromis mi\u0119dzy komfortem a osi\u0105gami. Wsp\u00f3\u0142czynnik spr\u0119\u017cyny: 6 kgF\/mm (prz\u00f3d) i 4 kgF\/mm (ty\u0142). Zakres regulacji wysoko\u015bci zawieszenia: +10 do -127 mm (prz\u00f3d) i -12 do -119 mm (ty\u0142). Posiadaj\u0105 certyfikat T\u00dcV. Kompatybilne z Tein EDFC. Numer referencyjny Tein: VSMD0-CUSS3. Armatura hamulcowa zgodna z normami OEM. Posiadaj\u0105 pow\u0142ok\u0119 antykorozyjn\u0105 i os\u0142ony przed kurzem. Szybka dostawa!\" \/>\n<meta name=\"robots\" content=\"index, follow, max-snippet:-1, max-image-preview:large, max-video-preview:-1\" \/>\n<link rel=\"canonical\" href=\"https:\/\/cybul.eu\/pl\/sklep\/mazda-mx-5-nd-zawieszenie-gwintowane-tein-flex-z-tuv\/\" \/>\n<meta property=\"og:locale\" content=\"pl_PL\" \/>\n<meta property=\"og:type\" content=\"article\" \/>\n<meta property=\"og:title\" content=\"Mazda MX-5 ND - Zawieszenie gwintowane Tein Flex Z (T\u00dcV) - CYBUL\" \/>\n<meta property=\"og:description\" content=\"Tein Flex Z Coilovers dla Mazdy MX-5 ND - Idealny kompromis mi\u0119dzy komfortem a osi\u0105gami. Wsp\u00f3\u0142czynnik spr\u0119\u017cyny: 6 kgF\/mm (prz\u00f3d) i 4 kgF\/mm (ty\u0142). Zakres regulacji wysoko\u015bci zawieszenia: +10 do -127 mm (prz\u00f3d) i -12 do -119 mm (ty\u0142). Posiadaj\u0105 certyfikat T\u00dcV. Kompatybilne z Tein EDFC. Numer referencyjny Tein: VSMD0-CUSS3. Armatura hamulcowa zgodna z normami OEM. Posiadaj\u0105 pow\u0142ok\u0119 antykorozyjn\u0105 i os\u0142ony przed kurzem. Szybka dostawa!\" \/>\n<meta property=\"og:url\" content=\"https:\/\/cybul.eu\/pl\/sklep\/mazda-mx-5-nd-zawieszenie-gwintowane-tein-flex-z-tuv\/\" \/>\n<meta property=\"og:site_name\" content=\"CYBUL\" \/>\n<meta property=\"article:modified_time\" content=\"2023-10-25T14:38:47+00:00\" \/>\n<meta property=\"og:image\" content=\"https:\/\/cybul.eu\/wp-content\/uploads\/2023\/10\/xlarge-8c77db0a0cd7d2ec6161aec56c63c90b.jpg\" \/>\n\t<meta property=\"og:image:width\" content=\"800\" \/>\n\t<meta property=\"og:image:height\" content=\"800\" \/>\n\t<meta property=\"og:image:type\" content=\"image\/jpeg\" \/>\n<meta name=\"twitter:card\" content=\"summary_large_image\" \/>\n<meta name=\"twitter:label1\" content=\"Szacowany czas czytania\" \/>\n\t<meta name=\"twitter:data1\" content=\"2 minuty\" \/>\n<script type=\"application\/ld+json\" class=\"yoast-schema-graph\">{\"@context\":\"https:\/\/schema.org\",\"@graph\":[{\"@type\":\"WebPage\",\"@id\":\"https:\/\/cybul.eu\/pl\/sklep\/mazda-mx-5-nd-zawieszenie-gwintowane-tein-flex-z-tuv\/\",\"url\":\"https:\/\/cybul.eu\/pl\/sklep\/mazda-mx-5-nd-zawieszenie-gwintowane-tein-flex-z-tuv\/\",\"name\":\"Mazda MX-5 ND - Zawieszenie gwintowane Tein Flex Z (T\u00dcV) - CYBUL\",\"isPartOf\":{\"@id\":\"https:\/\/cybul.eu\/pl\/#website\"},\"primaryImageOfPage\":{\"@id\":\"https:\/\/cybul.eu\/pl\/sklep\/mazda-mx-5-nd-zawieszenie-gwintowane-tein-flex-z-tuv\/#primaryimage\"},\"image\":{\"@id\":\"https:\/\/cybul.eu\/pl\/sklep\/mazda-mx-5-nd-zawieszenie-gwintowane-tein-flex-z-tuv\/#primaryimage\"},\"thumbnailUrl\":\"https:\/\/cybul.eu\/wp-content\/uploads\/2023\/10\/xlarge-8c77db0a0cd7d2ec6161aec56c63c90b.jpg\",\"datePublished\":\"2023-10-25T14:38:46+00:00\",\"dateModified\":\"2023-10-25T14:38:47+00:00\",\"description\":\"Tein Flex Z Coilovers dla Mazdy MX-5 ND - Idealny kompromis mi\u0119dzy komfortem a osi\u0105gami. Wsp\u00f3\u0142czynnik spr\u0119\u017cyny: 6 kgF\/mm (prz\u00f3d) i 4 kgF\/mm (ty\u0142). Zakres regulacji wysoko\u015bci zawieszenia: +10 do -127 mm (prz\u00f3d) i -12 do -119 mm (ty\u0142). Posiadaj\u0105 certyfikat T\u00dcV. Kompatybilne z Tein EDFC. Numer referencyjny Tein: VSMD0-CUSS3. Armatura hamulcowa zgodna z normami OEM. Posiadaj\u0105 pow\u0142ok\u0119 antykorozyjn\u0105 i os\u0142ony przed kurzem. Szybka dostawa!\",\"breadcrumb\":{\"@id\":\"https:\/\/cybul.eu\/pl\/sklep\/mazda-mx-5-nd-zawieszenie-gwintowane-tein-flex-z-tuv\/#breadcrumb\"},\"inLanguage\":\"pl-PL\",\"potentialAction\":[{\"@type\":\"ReadAction\",\"target\":[\"https:\/\/cybul.eu\/pl\/sklep\/mazda-mx-5-nd-zawieszenie-gwintowane-tein-flex-z-tuv\/\"]}]},{\"@type\":\"ImageObject\",\"inLanguage\":\"pl-PL\",\"@id\":\"https:\/\/cybul.eu\/pl\/sklep\/mazda-mx-5-nd-zawieszenie-gwintowane-tein-flex-z-tuv\/#primaryimage\",\"url\":\"https:\/\/cybul.eu\/wp-content\/uploads\/2023\/10\/xlarge-8c77db0a0cd7d2ec6161aec56c63c90b.jpg\",\"contentUrl\":\"https:\/\/cybul.eu\/wp-content\/uploads\/2023\/10\/xlarge-8c77db0a0cd7d2ec6161aec56c63c90b.jpg\",\"width\":800,\"height\":800,\"caption\":\"Mazda MX-5 ND - Zawieszenie gwintowane Tein Flex Z (T\u00dcV)\"},{\"@type\":\"BreadcrumbList\",\"@id\":\"https:\/\/cybul.eu\/pl\/sklep\/mazda-mx-5-nd-zawieszenie-gwintowane-tein-flex-z-tuv\/#breadcrumb\",\"itemListElement\":[{\"@type\":\"ListItem\",\"position\":1,\"name\":\"Strona g\u0142\u00f3wna\",\"item\":\"https:\/\/cybul.eu\/pl\/\"},{\"@type\":\"ListItem\",\"position\":2,\"name\":\"Sklep\",\"item\":\"https:\/\/cybul.eu\/pl\/sklep\/\"},{\"@type\":\"ListItem\",\"position\":3,\"name\":\"Mazda MX-5 ND &#8211; Zawieszenie gwintowane Tein Flex Z (T\u00dcV)\"}]},{\"@type\":\"WebSite\",\"@id\":\"https:\/\/cybul.eu\/pl\/#website\",\"url\":\"https:\/\/cybul.eu\/pl\/\",\"name\":\"CYBUL\",\"description\":\"\",\"potentialAction\":[{\"@type\":\"SearchAction\",\"target\":{\"@type\":\"EntryPoint\",\"urlTemplate\":\"https:\/\/cybul.eu\/pl\/?s={search_term_string}\"},\"query-input\":{\"@type\":\"PropertyValueSpecification\",\"valueRequired\":true,\"valueName\":\"search_term_string\"}}],\"inLanguage\":\"pl-PL\"}]}<\/script>\n<!-- \/ Yoast SEO plugin. -->","yoast_head_json":{"title":"Mazda MX-5 ND - Zawieszenie gwintowane Tein Flex Z (T\u00dcV) - CYBUL","description":"Tein Flex Z Coilovers dla Mazdy MX-5 ND - Idealny kompromis mi\u0119dzy komfortem a osi\u0105gami. Wsp\u00f3\u0142czynnik spr\u0119\u017cyny: 6 kgF\/mm (prz\u00f3d) i 4 kgF\/mm (ty\u0142). Zakres regulacji wysoko\u015bci zawieszenia: +10 do -127 mm (prz\u00f3d) i -12 do -119 mm (ty\u0142). Posiadaj\u0105 certyfikat T\u00dcV. Kompatybilne z Tein EDFC. Numer referencyjny Tein: VSMD0-CUSS3. Armatura hamulcowa zgodna z normami OEM. Posiadaj\u0105 pow\u0142ok\u0119 antykorozyjn\u0105 i os\u0142ony przed kurzem. Szybka dostawa!","robots":{"index":"index","follow":"follow","max-snippet":"max-snippet:-1","max-image-preview":"max-image-preview:large","max-video-preview":"max-video-preview:-1"},"canonical":"https:\/\/cybul.eu\/pl\/sklep\/mazda-mx-5-nd-zawieszenie-gwintowane-tein-flex-z-tuv\/","og_locale":"pl_PL","og_type":"article","og_title":"Mazda MX-5 ND - Zawieszenie gwintowane Tein Flex Z (T\u00dcV) - CYBUL","og_description":"Tein Flex Z Coilovers dla Mazdy MX-5 ND - Idealny kompromis mi\u0119dzy komfortem a osi\u0105gami. Wsp\u00f3\u0142czynnik spr\u0119\u017cyny: 6 kgF\/mm (prz\u00f3d) i 4 kgF\/mm (ty\u0142). Zakres regulacji wysoko\u015bci zawieszenia: +10 do -127 mm (prz\u00f3d) i -12 do -119 mm (ty\u0142). Posiadaj\u0105 certyfikat T\u00dcV. Kompatybilne z Tein EDFC. Numer referencyjny Tein: VSMD0-CUSS3. Armatura hamulcowa zgodna z normami OEM. Posiadaj\u0105 pow\u0142ok\u0119 antykorozyjn\u0105 i os\u0142ony przed kurzem. Szybka dostawa!","og_url":"https:\/\/cybul.eu\/pl\/sklep\/mazda-mx-5-nd-zawieszenie-gwintowane-tein-flex-z-tuv\/","og_site_name":"CYBUL","article_modified_time":"2023-10-25T14:38:47+00:00","og_image":[{"width":800,"height":800,"url":"https:\/\/cybul.eu\/wp-content\/uploads\/2023\/10\/xlarge-8c77db0a0cd7d2ec6161aec56c63c90b.jpg","type":"image\/jpeg"}],"twitter_card":"summary_large_image","twitter_misc":{"Szacowany czas czytania":"2 minuty"},"schema":{"@context":"https:\/\/schema.org","@graph":[{"@type":"WebPage","@id":"https:\/\/cybul.eu\/pl\/sklep\/mazda-mx-5-nd-zawieszenie-gwintowane-tein-flex-z-tuv\/","url":"https:\/\/cybul.eu\/pl\/sklep\/mazda-mx-5-nd-zawieszenie-gwintowane-tein-flex-z-tuv\/","name":"Mazda MX-5 ND - Zawieszenie gwintowane Tein Flex Z (T\u00dcV) - CYBUL","isPartOf":{"@id":"https:\/\/cybul.eu\/pl\/#website"},"primaryImageOfPage":{"@id":"https:\/\/cybul.eu\/pl\/sklep\/mazda-mx-5-nd-zawieszenie-gwintowane-tein-flex-z-tuv\/#primaryimage"},"image":{"@id":"https:\/\/cybul.eu\/pl\/sklep\/mazda-mx-5-nd-zawieszenie-gwintowane-tein-flex-z-tuv\/#primaryimage"},"thumbnailUrl":"https:\/\/cybul.eu\/wp-content\/uploads\/2023\/10\/xlarge-8c77db0a0cd7d2ec6161aec56c63c90b.jpg","datePublished":"2023-10-25T14:38:46+00:00","dateModified":"2023-10-25T14:38:47+00:00","description":"Tein Flex Z Coilovers dla Mazdy MX-5 ND - Idealny kompromis mi\u0119dzy komfortem a osi\u0105gami. Wsp\u00f3\u0142czynnik spr\u0119\u017cyny: 6 kgF\/mm (prz\u00f3d) i 4 kgF\/mm (ty\u0142). Zakres regulacji wysoko\u015bci zawieszenia: +10 do -127 mm (prz\u00f3d) i -12 do -119 mm (ty\u0142). Posiadaj\u0105 certyfikat T\u00dcV. Kompatybilne z Tein EDFC. Numer referencyjny Tein: VSMD0-CUSS3. Armatura hamulcowa zgodna z normami OEM. Posiadaj\u0105 pow\u0142ok\u0119 antykorozyjn\u0105 i os\u0142ony przed kurzem. Szybka dostawa!","breadcrumb":{"@id":"https:\/\/cybul.eu\/pl\/sklep\/mazda-mx-5-nd-zawieszenie-gwintowane-tein-flex-z-tuv\/#breadcrumb"},"inLanguage":"pl-PL","potentialAction":[{"@type":"ReadAction","target":["https:\/\/cybul.eu\/pl\/sklep\/mazda-mx-5-nd-zawieszenie-gwintowane-tein-flex-z-tuv\/"]}]},{"@type":"ImageObject","inLanguage":"pl-PL","@id":"https:\/\/cybul.eu\/pl\/sklep\/mazda-mx-5-nd-zawieszenie-gwintowane-tein-flex-z-tuv\/#primaryimage","url":"https:\/\/cybul.eu\/wp-content\/uploads\/2023\/10\/xlarge-8c77db0a0cd7d2ec6161aec56c63c90b.jpg","contentUrl":"https:\/\/cybul.eu\/wp-content\/uploads\/2023\/10\/xlarge-8c77db0a0cd7d2ec6161aec56c63c90b.jpg","width":800,"height":800,"caption":"Mazda MX-5 ND - Zawieszenie gwintowane Tein Flex Z (T\u00dcV)"},{"@type":"BreadcrumbList","@id":"https:\/\/cybul.eu\/pl\/sklep\/mazda-mx-5-nd-zawieszenie-gwintowane-tein-flex-z-tuv\/#breadcrumb","itemListElement":[{"@type":"ListItem","position":1,"name":"Strona g\u0142\u00f3wna","item":"https:\/\/cybul.eu\/pl\/"},{"@type":"ListItem","position":2,"name":"Sklep","item":"https:\/\/cybul.eu\/pl\/sklep\/"},{"@type":"ListItem","position":3,"name":"Mazda MX-5 ND &#8211; Zawieszenie gwintowane Tein Flex Z (T\u00dcV)"}]},{"@type":"WebSite","@id":"https:\/\/cybul.eu\/pl\/#website","url":"https:\/\/cybul.eu\/pl\/","name":"CYBUL","description":"","potentialAction":[{"@type":"SearchAction","target":{"@type":"EntryPoint","urlTemplate":"https:\/\/cybul.eu\/pl\/?s={search_term_string}"},"query-input":{"@type":"PropertyValueSpecification","valueRequired":true,"valueName":"search_term_string"}}],"inLanguage":"pl-PL"}]}},"_links":{"self":[{"href":"https:\/\/cybul.eu\/pl\/wp-json\/wp\/v2\/product\/7857","targetHints":{"allow":["GET"]}}],"collection":[{"href":"https:\/\/cybul.eu\/pl\/wp-json\/wp\/v2\/product"}],"about":[{"href":"https:\/\/cybul.eu\/pl\/wp-json\/wp\/v2\/types\/product"}],"replies":[{"embeddable":true,"href":"https:\/\/cybul.eu\/pl\/wp-json\/wp\/v2\/comments?post=7857"}],"wp:featuredmedia":[{"embeddable":true,"href":"https:\/\/cybul.eu\/pl\/wp-json\/wp\/v2\/media\/7856"}],"wp:attachment":[{"href":"https:\/\/cybul.eu\/pl\/wp-json\/wp\/v2\/media?parent=7857"}],"wp:term":[{"taxonomy":"product_cat","embeddable":true,"href":"https:\/\/cybul.eu\/pl\/wp-json\/wp\/v2\/product_cat?post=7857"},{"taxonomy":"product_tag","embeddable":true,"href":"https:\/\/cybul.eu\/pl\/wp-json\/wp\/v2\/product_tag?post=7857"}],"curies":[{"name":"wp","href":"https:\/\/api.w.org\/{rel}","templated":true}]}}