{"id":7842,"date":"2023-10-07T20:31:28","date_gmt":"2023-10-25T14:41:35","guid":{"rendered":"https:\/\/cybul.eu\/?post_type=product&#038;p=7842"},"modified":"2023-10-27T08:46:40","modified_gmt":"2023-10-27T06:46:40","slug":"mazda-mx-5-na-nb-ultra-lekkie-kolo-zamachowe-competition-clutch","status":"publish","type":"product","link":"https:\/\/cybul.eu\/pl\/sklep\/mazda-mx-5-na-nb-ultra-lekkie-kolo-zamachowe-competition-clutch\/","title":{"rendered":"Mazda MX-5 NA \/ NB &#8211; Ultra-Lekkie Ko\u0142o Zamachowe &#8211; Competition Clutch"},"content":{"rendered":"<h3>Specyfikacja Ko\u0142a Zamachowego Ultra-Lekkiego Competition Clutch<\/h3>\n<p>Zaprojektowane do u\u017cytku w warunkach konkurencji, ko\u0142a zamachowego &#8222;ultra-lekkie&#8221; Competition Clutch s\u0105 odpowiednie dla mocno zmodyfikowanych pojazd\u00f3w i samochod\u00f3w wy\u015bcigowych, oferuj\u0105c zauwa\u017calny wzrost wydajno\u015bci. Poprawiaj\u0105 og\u00f3ln\u0105 wydajno\u015b\u0107 pojazdu, redukuj\u0105c inercj\u0119 przek\u0142adni i umo\u017cliwiaj\u0105c silnikowi szybsze obroty.<\/p>\n<ul>\n<li>Monta\u017c na zasadzie &#8222;bolt-on&#8221; na silniku 1.8L. Do monta\u017cu w silniku 1.6L wymagany jest zestaw sprz\u0119g\u0142a 1.8L<\/li>\n<\/ul>\n<p>Obraz og\u00f3lny, rzeczywisty produkt mo\u017ce r\u00f3\u017cni\u0107 si\u0119 od zdj\u0119cia.<\/p>\n<h3>Charakterystyka<\/h3>\n<table class=\"table table-striped\">\n<tbody>\n<tr class=\"carac_getAffectation_hsd\">\n<th scope=\"row\">Marka samochodu<\/th>\n<td>Mazda<\/td>\n<\/tr>\n<tr class=\"carac_getModelevehicule\">\n<th scope=\"row\">Model samochodu<\/th>\n<td>Mazda MX-5 NA \/ NB<\/td>\n<\/tr>\n<tr class=\"carac_getEngine_code\">\n<th scope=\"row\">Kod silnika<\/th>\n<td>B6-ZE, BP-ZE<\/td>\n<\/tr>\n<\/tbody>\n<\/table>\n","protected":false},"excerpt":{"rendered":"<h3>Ko\u0142o Zamachowe Ultra-Lekkie Competition Clutch<\/h3>\n<ul>\n<li>Do Mazdy MX-5 NA \/ NB<\/li>\n<li>Kod(e) silnika: Mazda BP-ZE, B6-ZE<\/li>\n<li><strong>Materia\u0142: stal kuta<\/strong><\/li>\n<li><strong>Waga ko\u0142a zamachowego: 4,7 kg<\/strong><\/li>\n<li>Monta\u017c na zasadzie &#8222;bolt-on&#8221;<\/li>\n<li>Do monta\u017cu w silniku 1.6L wymagany jest zestaw sprz\u0119g\u0142a 1.8L<\/li>\n<li>Wyprodukowane w USA przez <em>Competition Clutch<\/em><\/li>\n<\/ul>\n","protected":false},"featured_media":7841,"comment_status":"open","ping_status":"closed","template":"","meta":[],"product_cat":[387,388,491,502],"product_tag":[],"class_list":{"0":"post-7842","1":"product","2":"type-product","3":"status-publish","4":"has-post-thumbnail","6":"product_cat-mx5-na-pl","7":"product_cat-mx5-nb-pl","8":"product_cat-silnik","9":"product_cat-silnik-pl","10":"product_shipping_class-standard","12":"first","13":"instock","14":"taxable","15":"shipping-taxable","16":"purchasable","17":"product-type-simple"},"bundled_by":[],"bundle_stock_status":"instock","bundle_stock_quantity":null,"bundle_virtual":false,"bundle_layout":"","bundle_add_to_cart_form_location":"","bundle_editable_in_cart":false,"bundle_sold_individually_context":"","bundle_item_grouping":"","bundle_min_size":"","bundle_max_size":"","bundle_price":[],"bundled_items":[],"bundle_sell_ids":[],"acf":{"zdjecie_bez_watermarka":null,"zdjecie_bez_watermarka_url":"","product_orgin_url":""},"yoast_head":"<!-- This site is optimized with the Yoast SEO plugin v23.9 - https:\/\/yoast.com\/wordpress\/plugins\/seo\/ -->\n<title>Mazda MX-5 NA \/ NB - Ultra-Lekkie Ko\u0142o Zamachowe - Competition Clutch - CYBUL<\/title>\n<meta name=\"description\" content=\"Dopasowane do Mazdy MX-5 NA \/ NB Kod(e) silnika: Mazda BP-ZE, B6-ZE Materia\u0142: stal kuta Waga ko\u0142a zamachowego: 4,7 kg Instalacja na zasadzie &quot;bolt-on&quot; Monta\u017c do silnika 1.6L wymaga zestawu sprz\u0119g\u0142a 1.8L Wyprodukowane w USA przez Competition Clutch\" \/>\n<meta name=\"robots\" content=\"index, follow, max-snippet:-1, max-image-preview:large, max-video-preview:-1\" \/>\n<link rel=\"canonical\" href=\"https:\/\/cybul.eu\/pl\/sklep\/mazda-mx-5-na-nb-ultra-lekkie-kolo-zamachowe-competition-clutch\/\" \/>\n<meta property=\"og:locale\" content=\"pl_PL\" \/>\n<meta property=\"og:type\" content=\"article\" \/>\n<meta property=\"og:title\" content=\"Mazda MX-5 NA \/ NB - Ultra-Lekkie Ko\u0142o Zamachowe - Competition Clutch - CYBUL\" \/>\n<meta property=\"og:description\" content=\"Dopasowane do Mazdy MX-5 NA \/ NB Kod(e) silnika: Mazda BP-ZE, B6-ZE Materia\u0142: stal kuta Waga ko\u0142a zamachowego: 4,7 kg Instalacja na zasadzie &quot;bolt-on&quot; Monta\u017c do silnika 1.6L wymaga zestawu sprz\u0119g\u0142a 1.8L Wyprodukowane w USA przez Competition Clutch\" \/>\n<meta property=\"og:url\" content=\"https:\/\/cybul.eu\/pl\/sklep\/mazda-mx-5-na-nb-ultra-lekkie-kolo-zamachowe-competition-clutch\/\" \/>\n<meta property=\"og:site_name\" content=\"CYBUL\" \/>\n<meta property=\"article:modified_time\" content=\"2023-10-27T06:46:40+00:00\" \/>\n<meta property=\"og:image\" content=\"https:\/\/cybul.eu\/wp-content\/uploads\/2023\/09\/xlarge-7aa948d35bab42293b436cb576a89d40.jpg\" \/>\n\t<meta property=\"og:image:width\" content=\"800\" \/>\n\t<meta property=\"og:image:height\" content=\"800\" \/>\n\t<meta property=\"og:image:type\" content=\"image\/jpeg\" \/>\n<meta name=\"twitter:card\" content=\"summary_large_image\" \/>\n<meta name=\"twitter:label1\" content=\"Szacowany czas czytania\" \/>\n\t<meta name=\"twitter:data1\" content=\"1 minuta\" \/>\n<script type=\"application\/ld+json\" class=\"yoast-schema-graph\">{\"@context\":\"https:\/\/schema.org\",\"@graph\":[{\"@type\":\"WebPage\",\"@id\":\"https:\/\/cybul.eu\/pl\/sklep\/mazda-mx-5-na-nb-ultra-lekkie-kolo-zamachowe-competition-clutch\/\",\"url\":\"https:\/\/cybul.eu\/pl\/sklep\/mazda-mx-5-na-nb-ultra-lekkie-kolo-zamachowe-competition-clutch\/\",\"name\":\"Mazda MX-5 NA \/ NB - Ultra-Lekkie Ko\u0142o Zamachowe - Competition Clutch - CYBUL\",\"isPartOf\":{\"@id\":\"https:\/\/cybul.eu\/pl\/#website\"},\"primaryImageOfPage\":{\"@id\":\"https:\/\/cybul.eu\/pl\/sklep\/mazda-mx-5-na-nb-ultra-lekkie-kolo-zamachowe-competition-clutch\/#primaryimage\"},\"image\":{\"@id\":\"https:\/\/cybul.eu\/pl\/sklep\/mazda-mx-5-na-nb-ultra-lekkie-kolo-zamachowe-competition-clutch\/#primaryimage\"},\"thumbnailUrl\":\"https:\/\/cybul.eu\/wp-content\/uploads\/2023\/09\/xlarge-7aa948d35bab42293b436cb576a89d40.jpg\",\"datePublished\":\"2023-10-25T14:41:35+00:00\",\"dateModified\":\"2023-10-27T06:46:40+00:00\",\"description\":\"Dopasowane do Mazdy MX-5 NA \/ NB Kod(e) silnika: Mazda BP-ZE, B6-ZE Materia\u0142: stal kuta Waga ko\u0142a zamachowego: 4,7 kg Instalacja na zasadzie \\\"bolt-on\\\" Monta\u017c do silnika 1.6L wymaga zestawu sprz\u0119g\u0142a 1.8L Wyprodukowane w USA przez Competition Clutch\",\"breadcrumb\":{\"@id\":\"https:\/\/cybul.eu\/pl\/sklep\/mazda-mx-5-na-nb-ultra-lekkie-kolo-zamachowe-competition-clutch\/#breadcrumb\"},\"inLanguage\":\"pl-PL\",\"potentialAction\":[{\"@type\":\"ReadAction\",\"target\":[\"https:\/\/cybul.eu\/pl\/sklep\/mazda-mx-5-na-nb-ultra-lekkie-kolo-zamachowe-competition-clutch\/\"]}]},{\"@type\":\"ImageObject\",\"inLanguage\":\"pl-PL\",\"@id\":\"https:\/\/cybul.eu\/pl\/sklep\/mazda-mx-5-na-nb-ultra-lekkie-kolo-zamachowe-competition-clutch\/#primaryimage\",\"url\":\"https:\/\/cybul.eu\/wp-content\/uploads\/2023\/09\/xlarge-7aa948d35bab42293b436cb576a89d40.jpg\",\"contentUrl\":\"https:\/\/cybul.eu\/wp-content\/uploads\/2023\/09\/xlarge-7aa948d35bab42293b436cb576a89d40.jpg\",\"width\":800,\"height\":800,\"caption\":\"Mazda MX-5 NA \/ NB - Ultra-Lekkie Ko\u0142o Zamachowe - Competition Clutch\"},{\"@type\":\"BreadcrumbList\",\"@id\":\"https:\/\/cybul.eu\/pl\/sklep\/mazda-mx-5-na-nb-ultra-lekkie-kolo-zamachowe-competition-clutch\/#breadcrumb\",\"itemListElement\":[{\"@type\":\"ListItem\",\"position\":1,\"name\":\"Strona g\u0142\u00f3wna\",\"item\":\"https:\/\/cybul.eu\/pl\/\"},{\"@type\":\"ListItem\",\"position\":2,\"name\":\"Sklep\",\"item\":\"https:\/\/cybul.eu\/pl\/sklep\/\"},{\"@type\":\"ListItem\",\"position\":3,\"name\":\"Mazda MX-5 NA \/ NB &#8211; Ultra-Lekkie Ko\u0142o Zamachowe &#8211; Competition Clutch\"}]},{\"@type\":\"WebSite\",\"@id\":\"https:\/\/cybul.eu\/pl\/#website\",\"url\":\"https:\/\/cybul.eu\/pl\/\",\"name\":\"CYBUL\",\"description\":\"\",\"potentialAction\":[{\"@type\":\"SearchAction\",\"target\":{\"@type\":\"EntryPoint\",\"urlTemplate\":\"https:\/\/cybul.eu\/pl\/?s={search_term_string}\"},\"query-input\":{\"@type\":\"PropertyValueSpecification\",\"valueRequired\":true,\"valueName\":\"search_term_string\"}}],\"inLanguage\":\"pl-PL\"}]}<\/script>\n<!-- \/ Yoast SEO plugin. -->","yoast_head_json":{"title":"Mazda MX-5 NA \/ NB - Ultra-Lekkie Ko\u0142o Zamachowe - Competition Clutch - CYBUL","description":"Dopasowane do Mazdy MX-5 NA \/ NB Kod(e) silnika: Mazda BP-ZE, B6-ZE Materia\u0142: stal kuta Waga ko\u0142a zamachowego: 4,7 kg Instalacja na zasadzie \"bolt-on\" Monta\u017c do silnika 1.6L wymaga zestawu sprz\u0119g\u0142a 1.8L Wyprodukowane w USA przez Competition Clutch","robots":{"index":"index","follow":"follow","max-snippet":"max-snippet:-1","max-image-preview":"max-image-preview:large","max-video-preview":"max-video-preview:-1"},"canonical":"https:\/\/cybul.eu\/pl\/sklep\/mazda-mx-5-na-nb-ultra-lekkie-kolo-zamachowe-competition-clutch\/","og_locale":"pl_PL","og_type":"article","og_title":"Mazda MX-5 NA \/ NB - Ultra-Lekkie Ko\u0142o Zamachowe - Competition Clutch - CYBUL","og_description":"Dopasowane do Mazdy MX-5 NA \/ NB Kod(e) silnika: Mazda BP-ZE, B6-ZE Materia\u0142: stal kuta Waga ko\u0142a zamachowego: 4,7 kg Instalacja na zasadzie \"bolt-on\" Monta\u017c do silnika 1.6L wymaga zestawu sprz\u0119g\u0142a 1.8L Wyprodukowane w USA przez Competition Clutch","og_url":"https:\/\/cybul.eu\/pl\/sklep\/mazda-mx-5-na-nb-ultra-lekkie-kolo-zamachowe-competition-clutch\/","og_site_name":"CYBUL","article_modified_time":"2023-10-27T06:46:40+00:00","og_image":[{"width":800,"height":800,"url":"https:\/\/cybul.eu\/wp-content\/uploads\/2023\/09\/xlarge-7aa948d35bab42293b436cb576a89d40.jpg","type":"image\/jpeg"}],"twitter_card":"summary_large_image","twitter_misc":{"Szacowany czas czytania":"1 minuta"},"schema":{"@context":"https:\/\/schema.org","@graph":[{"@type":"WebPage","@id":"https:\/\/cybul.eu\/pl\/sklep\/mazda-mx-5-na-nb-ultra-lekkie-kolo-zamachowe-competition-clutch\/","url":"https:\/\/cybul.eu\/pl\/sklep\/mazda-mx-5-na-nb-ultra-lekkie-kolo-zamachowe-competition-clutch\/","name":"Mazda MX-5 NA \/ NB - Ultra-Lekkie Ko\u0142o Zamachowe - Competition Clutch - CYBUL","isPartOf":{"@id":"https:\/\/cybul.eu\/pl\/#website"},"primaryImageOfPage":{"@id":"https:\/\/cybul.eu\/pl\/sklep\/mazda-mx-5-na-nb-ultra-lekkie-kolo-zamachowe-competition-clutch\/#primaryimage"},"image":{"@id":"https:\/\/cybul.eu\/pl\/sklep\/mazda-mx-5-na-nb-ultra-lekkie-kolo-zamachowe-competition-clutch\/#primaryimage"},"thumbnailUrl":"https:\/\/cybul.eu\/wp-content\/uploads\/2023\/09\/xlarge-7aa948d35bab42293b436cb576a89d40.jpg","datePublished":"2023-10-25T14:41:35+00:00","dateModified":"2023-10-27T06:46:40+00:00","description":"Dopasowane do Mazdy MX-5 NA \/ NB Kod(e) silnika: Mazda BP-ZE, B6-ZE Materia\u0142: stal kuta Waga ko\u0142a zamachowego: 4,7 kg Instalacja na zasadzie \"bolt-on\" Monta\u017c do silnika 1.6L wymaga zestawu sprz\u0119g\u0142a 1.8L Wyprodukowane w USA przez Competition Clutch","breadcrumb":{"@id":"https:\/\/cybul.eu\/pl\/sklep\/mazda-mx-5-na-nb-ultra-lekkie-kolo-zamachowe-competition-clutch\/#breadcrumb"},"inLanguage":"pl-PL","potentialAction":[{"@type":"ReadAction","target":["https:\/\/cybul.eu\/pl\/sklep\/mazda-mx-5-na-nb-ultra-lekkie-kolo-zamachowe-competition-clutch\/"]}]},{"@type":"ImageObject","inLanguage":"pl-PL","@id":"https:\/\/cybul.eu\/pl\/sklep\/mazda-mx-5-na-nb-ultra-lekkie-kolo-zamachowe-competition-clutch\/#primaryimage","url":"https:\/\/cybul.eu\/wp-content\/uploads\/2023\/09\/xlarge-7aa948d35bab42293b436cb576a89d40.jpg","contentUrl":"https:\/\/cybul.eu\/wp-content\/uploads\/2023\/09\/xlarge-7aa948d35bab42293b436cb576a89d40.jpg","width":800,"height":800,"caption":"Mazda MX-5 NA \/ NB - Ultra-Lekkie Ko\u0142o Zamachowe - Competition Clutch"},{"@type":"BreadcrumbList","@id":"https:\/\/cybul.eu\/pl\/sklep\/mazda-mx-5-na-nb-ultra-lekkie-kolo-zamachowe-competition-clutch\/#breadcrumb","itemListElement":[{"@type":"ListItem","position":1,"name":"Strona g\u0142\u00f3wna","item":"https:\/\/cybul.eu\/pl\/"},{"@type":"ListItem","position":2,"name":"Sklep","item":"https:\/\/cybul.eu\/pl\/sklep\/"},{"@type":"ListItem","position":3,"name":"Mazda MX-5 NA \/ NB &#8211; Ultra-Lekkie Ko\u0142o Zamachowe &#8211; Competition Clutch"}]},{"@type":"WebSite","@id":"https:\/\/cybul.eu\/pl\/#website","url":"https:\/\/cybul.eu\/pl\/","name":"CYBUL","description":"","potentialAction":[{"@type":"SearchAction","target":{"@type":"EntryPoint","urlTemplate":"https:\/\/cybul.eu\/pl\/?s={search_term_string}"},"query-input":{"@type":"PropertyValueSpecification","valueRequired":true,"valueName":"search_term_string"}}],"inLanguage":"pl-PL"}]}},"_links":{"self":[{"href":"https:\/\/cybul.eu\/pl\/wp-json\/wp\/v2\/product\/7842","targetHints":{"allow":["GET"]}}],"collection":[{"href":"https:\/\/cybul.eu\/pl\/wp-json\/wp\/v2\/product"}],"about":[{"href":"https:\/\/cybul.eu\/pl\/wp-json\/wp\/v2\/types\/product"}],"replies":[{"embeddable":true,"href":"https:\/\/cybul.eu\/pl\/wp-json\/wp\/v2\/comments?post=7842"}],"wp:featuredmedia":[{"embeddable":true,"href":"https:\/\/cybul.eu\/pl\/wp-json\/wp\/v2\/media\/7841"}],"wp:attachment":[{"href":"https:\/\/cybul.eu\/pl\/wp-json\/wp\/v2\/media?parent=7842"}],"wp:term":[{"taxonomy":"product_cat","embeddable":true,"href":"https:\/\/cybul.eu\/pl\/wp-json\/wp\/v2\/product_cat?post=7842"},{"taxonomy":"product_tag","embeddable":true,"href":"https:\/\/cybul.eu\/pl\/wp-json\/wp\/v2\/product_tag?post=7842"}],"curies":[{"name":"wp","href":"https:\/\/api.w.org\/{rel}","templated":true}]}}