{"id":7823,"date":"2023-10-25T11:20:14","date_gmt":"2023-10-25T14:38:09","guid":{"rendered":"https:\/\/cybul.eu\/?post_type=product&#038;p=7823"},"modified":"2023-10-25T16:38:10","modified_gmt":"2023-10-25T14:38:10","slug":"mazda-mx-5-nd-2015-zawieszenie-gwintowane-bc-racing-br-rs","status":"publish","type":"product","link":"https:\/\/cybul.eu\/pl\/sklep\/mazda-mx-5-nd-2015-zawieszenie-gwintowane-bc-racing-br-rs\/","title":{"rendered":"Mazda MX-5 ND (2015+) &#8211; zawieszenie gwintowane BC Racing BR-RS"},"content":{"rendered":"<p>Dzi\u0119ki bogatemu do\u015bwiadczeniu w zawodach, BC Racing przez lata rozwin\u0119\u0142o szeroki zakres zestaw\u00f3w gwintowanych (<strong>coilover<\/strong>) zar\u00f3wno dla profesjonalist\u00f3w, jak i amator\u00f3w. Wszystkie modele posiadaj\u0105 gwintowany korpus amortyzatora, co pozwala na regulacj\u0119 wysoko\u015bci pojazdu poprzez dolne mocowanie, bez wp\u0142ywu na napi\u0119cie spr\u0119\u017cyny, komfort lub skok amortyzatora.<\/p>\n<p>BC Racing Club Sport Coilovers (BR) maj\u0105 nieco wy\u017csze twarde spr\u0119\u017cyny i ustawienia hydrauliczne ni\u017c seria Street. S\u0105 przeznaczone dla mi\u0142o\u015bnik\u00f3w dni na torze, kt\u00f3rzy chc\u0105 codziennie korzysta\u0107 z pojazdu, nie rezygnuj\u0105c zbyt wiele z komfortu. Seria Club Sport opiera si\u0119 na konstrukcji monotubowej z t\u0142okiem p\u0142ywaj\u0105cym, maj\u0105cym \u015brednic\u0119 46 mm, zamkni\u0119tym w obudowie o \u015brednicy 53 mm. Ta cecha zapewnia lepsz\u0105 zawarto\u015b\u0107 oleju i lepsze prowadzenie. Twardo\u015b\u0107 jest regulowana w 30 pozycjach dzi\u0119ki pokr\u0119t\u0142u (rebound i kompresja jednocze\u015bnie), oferuj\u0105c szeroki zakres regulacji wysoko\u015bci.<\/p>\n<p>Zawieszenia BC Racing u\u017cywaj\u0105 olej\u00f3w najnowszej generacji, kt\u00f3re s\u0105 bardzo stabilne. Gwarantuj\u0105 one wyj\u0105tkow\u0105 wytrzyma\u0142o\u015b\u0107 i doskona\u0142\u0105 odporno\u015b\u0107 na nagrzewanie, co zapewnia sta\u0142\u0105 wydajno\u015b\u0107. Specyficzny design dolnych pier\u015bcieni zapewnia optymalne podparcie korpusu amortyzatora w dolnym mocowaniu, bez luzu. Ka\u017cdy zestaw zawiera par\u0119 kluczy C, instrukcj\u0119 monta\u017cu i kart\u0119 gwarancyjn\u0105.<\/p>\n<h3>Cechy<\/h3>\n<table>\n<tbody>\n<tr>\n<th>Marka samochodu<\/th>\n<td>Mazda<\/td>\n<\/tr>\n<tr>\n<th>Model samochodu<\/th>\n<td>Mazda MX-5 ND<\/td>\n<\/tr>\n<tr>\n<th>Wersja samochodu<\/th>\n<td>Mazda MX-5 ND (2015+)<\/td>\n<\/tr>\n<tr>\n<th>Kod\/kod(e) podwozia\/typ<\/th>\n<td>ND<\/td>\n<\/tr>\n<tr>\n<th>Seria<\/th>\n<td>BR-RS (Club Sport)<\/td>\n<\/tr>\n<tr>\n<th>G\u00f3rne mocowania prz\u00f3d<\/th>\n<td>G\u00f3rne mocowania gumowe<\/td>\n<\/tr>\n<tr>\n<th>G\u00f3rne mocowania ty\u0142<\/th>\n<td>G\u00f3rne mocowania gumowe<\/td>\n<\/tr>\n<tr>\n<th>Spr\u0119\u017cyny prz\u00f3d<\/th>\n<td>5 kgF\/mm (D\u0142ugo\u015b\u0107 220 mm)<\/td>\n<\/tr>\n<tr>\n<th>Spr\u0119\u017cyny ty\u0142<\/th>\n<td>3 kgF\/mm (D\u0142ugo\u015b\u0107 250 mm)<\/td>\n<\/tr>\n<\/tbody>\n<\/table>\n","protected":false},"excerpt":{"rendered":"<h3>Zawieszenie gwintowane BC Racing Club Sport Coilovers BR-RS<\/h3>\n<ul>\n<li>Najlepszy wyb\u00f3r do szybkiej jazdy na drodze i dni na torze<\/li>\n<li>Do Mazdy MX-5 ND (2015+)<\/li>\n<li>Kod\/kod(e) podwozia: ND<\/li>\n<li>Szeroki zakres regulacji wysoko\u015bci<\/li>\n<li>30-stopniowa regulacja t\u0142umienia<\/li>\n<li>G\u00f3rne mocowania: zobacz szczeg\u00f3\u0142owe informacje poni\u017cej<\/li>\n<li>Twarde spr\u0119\u017cyny: 5 kgF\/mm (prz\u00f3d) i 3 kgF\/mm (ty\u0142)<\/li>\n<li>Z\u0142\u0105cze przewod\u00f3w hamulcowych zgodne z normami OEM<\/li>\n<li>Pokrycie antykorozyjne i os\u0142ony przeciwpy\u0142owe<\/li>\n<li>1 rok gwarancji<\/li>\n<li>Sprzedawane jako zestaw 4 element\u00f3w<\/li>\n<\/ul>\n","protected":false},"featured_media":7820,"comment_status":"open","ping_status":"closed","template":"","meta":[],"product_cat":[500,476],"product_tag":[],"class_list":{"0":"post-7823","1":"product","2":"type-product","3":"status-publish","4":"has-post-thumbnail","6":"product_cat-zawieszenie-mx-5-nd","7":"product_cat-mx-5-nd-pl","8":"product_shipping_class-standard","10":"first","11":"instock","12":"taxable","13":"shipping-taxable","14":"purchasable","15":"product-type-simple"},"bundled_by":[],"bundle_stock_status":"instock","bundle_stock_quantity":null,"bundle_virtual":false,"bundle_layout":"","bundle_add_to_cart_form_location":"","bundle_editable_in_cart":false,"bundle_sold_individually_context":"","bundle_item_grouping":"","bundle_min_size":"","bundle_max_size":"","bundle_price":[],"bundled_items":[],"bundle_sell_ids":[],"acf":{"zdjecie_bez_watermarka":null,"zdjecie_bez_watermarka_url":"","product_orgin_url":""},"yoast_head":"<!-- This site is optimized with the Yoast SEO plugin v23.9 - https:\/\/yoast.com\/wordpress\/plugins\/seo\/ -->\n<title>Mazda MX-5 ND (2015+) - zawieszenie gwintowane BC Racing BR-RS - CYBUL<\/title>\n<meta name=\"description\" content=\"Zawieszenie gwintowane BC Racing Club Sport Coilovers BR-RS - Najlepszy wyb\u00f3r do szybkiej jazdy na drodze i dni na torze dla Mazdy MX-5 ND (2015+), o kodzie podwozia ND. Oferuje szeroki zakres regulacji wysoko\u015bci, 30-stopniow\u0105 regulacj\u0119 t\u0142umienia, g\u00f3rne mocowania (szczeg\u00f3\u0142owe informacje poni\u017cej), twarde spr\u0119\u017cyny: 5 kgF\/mm (prz\u00f3d) i 3 kgF\/mm (ty\u0142), z\u0142\u0105cza przewod\u00f3w hamulcowych zgodne z normami OEM oraz pokrycie antykorozyjne i os\u0142ony przeciwpylne.\" \/>\n<meta name=\"robots\" content=\"index, follow, max-snippet:-1, max-image-preview:large, max-video-preview:-1\" \/>\n<link rel=\"canonical\" href=\"https:\/\/cybul.eu\/pl\/sklep\/mazda-mx-5-nd-2015-zawieszenie-gwintowane-bc-racing-br-rs\/\" \/>\n<meta property=\"og:locale\" content=\"pl_PL\" \/>\n<meta property=\"og:type\" content=\"article\" \/>\n<meta property=\"og:title\" content=\"Mazda MX-5 ND (2015+) - zawieszenie gwintowane BC Racing BR-RS - CYBUL\" \/>\n<meta property=\"og:description\" content=\"Zawieszenie gwintowane BC Racing Club Sport Coilovers BR-RS - Najlepszy wyb\u00f3r do szybkiej jazdy na drodze i dni na torze dla Mazdy MX-5 ND (2015+), o kodzie podwozia ND. Oferuje szeroki zakres regulacji wysoko\u015bci, 30-stopniow\u0105 regulacj\u0119 t\u0142umienia, g\u00f3rne mocowania (szczeg\u00f3\u0142owe informacje poni\u017cej), twarde spr\u0119\u017cyny: 5 kgF\/mm (prz\u00f3d) i 3 kgF\/mm (ty\u0142), z\u0142\u0105cza przewod\u00f3w hamulcowych zgodne z normami OEM oraz pokrycie antykorozyjne i os\u0142ony przeciwpylne.\" \/>\n<meta property=\"og:url\" content=\"https:\/\/cybul.eu\/pl\/sklep\/mazda-mx-5-nd-2015-zawieszenie-gwintowane-bc-racing-br-rs\/\" \/>\n<meta property=\"og:site_name\" content=\"CYBUL\" \/>\n<meta property=\"article:modified_time\" content=\"2023-10-25T14:38:10+00:00\" \/>\n<meta property=\"og:image\" content=\"https:\/\/cybul.eu\/wp-content\/uploads\/2023\/09\/xlarge-3a4960dcb8a57f23a7230f12d7168d33.jpg\" \/>\n\t<meta property=\"og:image:width\" content=\"800\" \/>\n\t<meta property=\"og:image:height\" content=\"800\" \/>\n\t<meta property=\"og:image:type\" content=\"image\/jpeg\" \/>\n<meta name=\"twitter:card\" content=\"summary_large_image\" \/>\n<meta name=\"twitter:label1\" content=\"Szacowany czas czytania\" \/>\n\t<meta name=\"twitter:data1\" content=\"1 minuta\" \/>\n<script type=\"application\/ld+json\" class=\"yoast-schema-graph\">{\"@context\":\"https:\/\/schema.org\",\"@graph\":[{\"@type\":\"WebPage\",\"@id\":\"https:\/\/cybul.eu\/pl\/sklep\/mazda-mx-5-nd-2015-zawieszenie-gwintowane-bc-racing-br-rs\/\",\"url\":\"https:\/\/cybul.eu\/pl\/sklep\/mazda-mx-5-nd-2015-zawieszenie-gwintowane-bc-racing-br-rs\/\",\"name\":\"Mazda MX-5 ND (2015+) - zawieszenie gwintowane BC Racing BR-RS - CYBUL\",\"isPartOf\":{\"@id\":\"https:\/\/cybul.eu\/pl\/#website\"},\"primaryImageOfPage\":{\"@id\":\"https:\/\/cybul.eu\/pl\/sklep\/mazda-mx-5-nd-2015-zawieszenie-gwintowane-bc-racing-br-rs\/#primaryimage\"},\"image\":{\"@id\":\"https:\/\/cybul.eu\/pl\/sklep\/mazda-mx-5-nd-2015-zawieszenie-gwintowane-bc-racing-br-rs\/#primaryimage\"},\"thumbnailUrl\":\"https:\/\/cybul.eu\/wp-content\/uploads\/2023\/09\/xlarge-3a4960dcb8a57f23a7230f12d7168d33.jpg\",\"datePublished\":\"2023-10-25T14:38:09+00:00\",\"dateModified\":\"2023-10-25T14:38:10+00:00\",\"description\":\"Zawieszenie gwintowane BC Racing Club Sport Coilovers BR-RS - Najlepszy wyb\u00f3r do szybkiej jazdy na drodze i dni na torze dla Mazdy MX-5 ND (2015+), o kodzie podwozia ND. Oferuje szeroki zakres regulacji wysoko\u015bci, 30-stopniow\u0105 regulacj\u0119 t\u0142umienia, g\u00f3rne mocowania (szczeg\u00f3\u0142owe informacje poni\u017cej), twarde spr\u0119\u017cyny: 5 kgF\/mm (prz\u00f3d) i 3 kgF\/mm (ty\u0142), z\u0142\u0105cza przewod\u00f3w hamulcowych zgodne z normami OEM oraz pokrycie antykorozyjne i os\u0142ony przeciwpylne.\",\"breadcrumb\":{\"@id\":\"https:\/\/cybul.eu\/pl\/sklep\/mazda-mx-5-nd-2015-zawieszenie-gwintowane-bc-racing-br-rs\/#breadcrumb\"},\"inLanguage\":\"pl-PL\",\"potentialAction\":[{\"@type\":\"ReadAction\",\"target\":[\"https:\/\/cybul.eu\/pl\/sklep\/mazda-mx-5-nd-2015-zawieszenie-gwintowane-bc-racing-br-rs\/\"]}]},{\"@type\":\"ImageObject\",\"inLanguage\":\"pl-PL\",\"@id\":\"https:\/\/cybul.eu\/pl\/sklep\/mazda-mx-5-nd-2015-zawieszenie-gwintowane-bc-racing-br-rs\/#primaryimage\",\"url\":\"https:\/\/cybul.eu\/wp-content\/uploads\/2023\/09\/xlarge-3a4960dcb8a57f23a7230f12d7168d33.jpg\",\"contentUrl\":\"https:\/\/cybul.eu\/wp-content\/uploads\/2023\/09\/xlarge-3a4960dcb8a57f23a7230f12d7168d33.jpg\",\"width\":800,\"height\":800,\"caption\":\"Mazda MX-5 ND (2015+) - zawieszenie gwintowane BC Racing BR-RS\"},{\"@type\":\"BreadcrumbList\",\"@id\":\"https:\/\/cybul.eu\/pl\/sklep\/mazda-mx-5-nd-2015-zawieszenie-gwintowane-bc-racing-br-rs\/#breadcrumb\",\"itemListElement\":[{\"@type\":\"ListItem\",\"position\":1,\"name\":\"Strona g\u0142\u00f3wna\",\"item\":\"https:\/\/cybul.eu\/pl\/\"},{\"@type\":\"ListItem\",\"position\":2,\"name\":\"Sklep\",\"item\":\"https:\/\/cybul.eu\/pl\/sklep\/\"},{\"@type\":\"ListItem\",\"position\":3,\"name\":\"Mazda MX-5 ND (2015+) &#8211; zawieszenie gwintowane BC Racing BR-RS\"}]},{\"@type\":\"WebSite\",\"@id\":\"https:\/\/cybul.eu\/pl\/#website\",\"url\":\"https:\/\/cybul.eu\/pl\/\",\"name\":\"CYBUL\",\"description\":\"\",\"potentialAction\":[{\"@type\":\"SearchAction\",\"target\":{\"@type\":\"EntryPoint\",\"urlTemplate\":\"https:\/\/cybul.eu\/pl\/?s={search_term_string}\"},\"query-input\":{\"@type\":\"PropertyValueSpecification\",\"valueRequired\":true,\"valueName\":\"search_term_string\"}}],\"inLanguage\":\"pl-PL\"}]}<\/script>\n<!-- \/ Yoast SEO plugin. -->","yoast_head_json":{"title":"Mazda MX-5 ND (2015+) - zawieszenie gwintowane BC Racing BR-RS - CYBUL","description":"Zawieszenie gwintowane BC Racing Club Sport Coilovers BR-RS - Najlepszy wyb\u00f3r do szybkiej jazdy na drodze i dni na torze dla Mazdy MX-5 ND (2015+), o kodzie podwozia ND. Oferuje szeroki zakres regulacji wysoko\u015bci, 30-stopniow\u0105 regulacj\u0119 t\u0142umienia, g\u00f3rne mocowania (szczeg\u00f3\u0142owe informacje poni\u017cej), twarde spr\u0119\u017cyny: 5 kgF\/mm (prz\u00f3d) i 3 kgF\/mm (ty\u0142), z\u0142\u0105cza przewod\u00f3w hamulcowych zgodne z normami OEM oraz pokrycie antykorozyjne i os\u0142ony przeciwpylne.","robots":{"index":"index","follow":"follow","max-snippet":"max-snippet:-1","max-image-preview":"max-image-preview:large","max-video-preview":"max-video-preview:-1"},"canonical":"https:\/\/cybul.eu\/pl\/sklep\/mazda-mx-5-nd-2015-zawieszenie-gwintowane-bc-racing-br-rs\/","og_locale":"pl_PL","og_type":"article","og_title":"Mazda MX-5 ND (2015+) - zawieszenie gwintowane BC Racing BR-RS - CYBUL","og_description":"Zawieszenie gwintowane BC Racing Club Sport Coilovers BR-RS - Najlepszy wyb\u00f3r do szybkiej jazdy na drodze i dni na torze dla Mazdy MX-5 ND (2015+), o kodzie podwozia ND. Oferuje szeroki zakres regulacji wysoko\u015bci, 30-stopniow\u0105 regulacj\u0119 t\u0142umienia, g\u00f3rne mocowania (szczeg\u00f3\u0142owe informacje poni\u017cej), twarde spr\u0119\u017cyny: 5 kgF\/mm (prz\u00f3d) i 3 kgF\/mm (ty\u0142), z\u0142\u0105cza przewod\u00f3w hamulcowych zgodne z normami OEM oraz pokrycie antykorozyjne i os\u0142ony przeciwpylne.","og_url":"https:\/\/cybul.eu\/pl\/sklep\/mazda-mx-5-nd-2015-zawieszenie-gwintowane-bc-racing-br-rs\/","og_site_name":"CYBUL","article_modified_time":"2023-10-25T14:38:10+00:00","og_image":[{"width":800,"height":800,"url":"https:\/\/cybul.eu\/wp-content\/uploads\/2023\/09\/xlarge-3a4960dcb8a57f23a7230f12d7168d33.jpg","type":"image\/jpeg"}],"twitter_card":"summary_large_image","twitter_misc":{"Szacowany czas czytania":"1 minuta"},"schema":{"@context":"https:\/\/schema.org","@graph":[{"@type":"WebPage","@id":"https:\/\/cybul.eu\/pl\/sklep\/mazda-mx-5-nd-2015-zawieszenie-gwintowane-bc-racing-br-rs\/","url":"https:\/\/cybul.eu\/pl\/sklep\/mazda-mx-5-nd-2015-zawieszenie-gwintowane-bc-racing-br-rs\/","name":"Mazda MX-5 ND (2015+) - zawieszenie gwintowane BC Racing BR-RS - CYBUL","isPartOf":{"@id":"https:\/\/cybul.eu\/pl\/#website"},"primaryImageOfPage":{"@id":"https:\/\/cybul.eu\/pl\/sklep\/mazda-mx-5-nd-2015-zawieszenie-gwintowane-bc-racing-br-rs\/#primaryimage"},"image":{"@id":"https:\/\/cybul.eu\/pl\/sklep\/mazda-mx-5-nd-2015-zawieszenie-gwintowane-bc-racing-br-rs\/#primaryimage"},"thumbnailUrl":"https:\/\/cybul.eu\/wp-content\/uploads\/2023\/09\/xlarge-3a4960dcb8a57f23a7230f12d7168d33.jpg","datePublished":"2023-10-25T14:38:09+00:00","dateModified":"2023-10-25T14:38:10+00:00","description":"Zawieszenie gwintowane BC Racing Club Sport Coilovers BR-RS - Najlepszy wyb\u00f3r do szybkiej jazdy na drodze i dni na torze dla Mazdy MX-5 ND (2015+), o kodzie podwozia ND. Oferuje szeroki zakres regulacji wysoko\u015bci, 30-stopniow\u0105 regulacj\u0119 t\u0142umienia, g\u00f3rne mocowania (szczeg\u00f3\u0142owe informacje poni\u017cej), twarde spr\u0119\u017cyny: 5 kgF\/mm (prz\u00f3d) i 3 kgF\/mm (ty\u0142), z\u0142\u0105cza przewod\u00f3w hamulcowych zgodne z normami OEM oraz pokrycie antykorozyjne i os\u0142ony przeciwpylne.","breadcrumb":{"@id":"https:\/\/cybul.eu\/pl\/sklep\/mazda-mx-5-nd-2015-zawieszenie-gwintowane-bc-racing-br-rs\/#breadcrumb"},"inLanguage":"pl-PL","potentialAction":[{"@type":"ReadAction","target":["https:\/\/cybul.eu\/pl\/sklep\/mazda-mx-5-nd-2015-zawieszenie-gwintowane-bc-racing-br-rs\/"]}]},{"@type":"ImageObject","inLanguage":"pl-PL","@id":"https:\/\/cybul.eu\/pl\/sklep\/mazda-mx-5-nd-2015-zawieszenie-gwintowane-bc-racing-br-rs\/#primaryimage","url":"https:\/\/cybul.eu\/wp-content\/uploads\/2023\/09\/xlarge-3a4960dcb8a57f23a7230f12d7168d33.jpg","contentUrl":"https:\/\/cybul.eu\/wp-content\/uploads\/2023\/09\/xlarge-3a4960dcb8a57f23a7230f12d7168d33.jpg","width":800,"height":800,"caption":"Mazda MX-5 ND (2015+) - zawieszenie gwintowane BC Racing BR-RS"},{"@type":"BreadcrumbList","@id":"https:\/\/cybul.eu\/pl\/sklep\/mazda-mx-5-nd-2015-zawieszenie-gwintowane-bc-racing-br-rs\/#breadcrumb","itemListElement":[{"@type":"ListItem","position":1,"name":"Strona g\u0142\u00f3wna","item":"https:\/\/cybul.eu\/pl\/"},{"@type":"ListItem","position":2,"name":"Sklep","item":"https:\/\/cybul.eu\/pl\/sklep\/"},{"@type":"ListItem","position":3,"name":"Mazda MX-5 ND (2015+) &#8211; zawieszenie gwintowane BC Racing BR-RS"}]},{"@type":"WebSite","@id":"https:\/\/cybul.eu\/pl\/#website","url":"https:\/\/cybul.eu\/pl\/","name":"CYBUL","description":"","potentialAction":[{"@type":"SearchAction","target":{"@type":"EntryPoint","urlTemplate":"https:\/\/cybul.eu\/pl\/?s={search_term_string}"},"query-input":{"@type":"PropertyValueSpecification","valueRequired":true,"valueName":"search_term_string"}}],"inLanguage":"pl-PL"}]}},"_links":{"self":[{"href":"https:\/\/cybul.eu\/pl\/wp-json\/wp\/v2\/product\/7823","targetHints":{"allow":["GET"]}}],"collection":[{"href":"https:\/\/cybul.eu\/pl\/wp-json\/wp\/v2\/product"}],"about":[{"href":"https:\/\/cybul.eu\/pl\/wp-json\/wp\/v2\/types\/product"}],"replies":[{"embeddable":true,"href":"https:\/\/cybul.eu\/pl\/wp-json\/wp\/v2\/comments?post=7823"}],"wp:featuredmedia":[{"embeddable":true,"href":"https:\/\/cybul.eu\/pl\/wp-json\/wp\/v2\/media\/7820"}],"wp:attachment":[{"href":"https:\/\/cybul.eu\/pl\/wp-json\/wp\/v2\/media?parent=7823"}],"wp:term":[{"taxonomy":"product_cat","embeddable":true,"href":"https:\/\/cybul.eu\/pl\/wp-json\/wp\/v2\/product_cat?post=7823"},{"taxonomy":"product_tag","embeddable":true,"href":"https:\/\/cybul.eu\/pl\/wp-json\/wp\/v2\/product_tag?post=7823"}],"curies":[{"name":"wp","href":"https:\/\/api.w.org\/{rel}","templated":true}]}}