{"id":7809,"date":"2023-10-25T11:20:21","date_gmt":"2023-10-25T14:37:58","guid":{"rendered":"https:\/\/cybul.eu\/?post_type=product&#038;p=7809"},"modified":"2023-10-25T16:37:59","modified_gmt":"2023-10-25T14:37:59","slug":"mazda-mx-5-nc-zestaw-blokady-fat","status":"publish","type":"product","link":"https:\/\/cybul.eu\/pl\/sklep\/mazda-mx-5-nc-zestaw-blokady-fat\/","title":{"rendered":"Mazda MX-5 NC &#8211; Zestaw blokady FAT"},"content":{"rendered":"<h3>Zestaw blokady FAT do Mazdy MX-5 NC &#8211; Specyfikacje<\/h3>\n<p>Wyprodukowany przez firm\u0119 FAT, specjalist\u0119 od driftingu z siedzib\u0105 w Polsce, ten zestaw do Mazdy MX-5 NC umo\u017cliwia znaczne zwi\u0119kszenie k\u0105ta skr\u0119tu kierownicy i popraw\u0119 stabilno\u015bci pojazdu poprzez wiele mo\u017cliwo\u015bci regulacji. Oferuje a\u017c do 68\u00b0 k\u0105ta skr\u0119tu kierownicy, co czyni go idealnym rozwi\u0105zaniem do ekstremalnego driftingu i umo\u017cliwia precyzyjn\u0105 regulacj\u0119 efektu Ackermanna, \u015brodka obrotu (roll center), pochylenia (camber) i sko\u015bno\u015bci (caster).<\/p>\n<p>Nawet przy pe\u0142nym skr\u0119cie kierownicy, Tw\u00f3j samoch\u00f3d utrzymuje idealne wyr\u00f3wnanie osi przedniej i zapewnia optymaln\u0105 kontrol\u0119, utrzymuj\u0105c ko\u0142a p\u0142asko na ziemi bez nadmiernego pochylenia. Dzi\u0119ki swoim ekscentrycznym tulejom, ten zestaw eliminuje r\u00f3wnie\u017c efekt bump steer, kt\u00f3ry powoduje obracanie si\u0119 k\u00f3\u0142 bez wprowadzania kierownicy.<\/p>\n<p><strong>Zawarto\u015b\u0107 zestawu:<\/strong><\/p>\n<ul>\n<li>2 przeguby kierownicze<\/li>\n<li>2 dolne wahacze<\/li>\n<li>2 regulowane g\u00f3rne wahacze<\/li>\n<li>2 dr\u0105\u017cki kierownicze z ko\u0144c\u00f3wkami dr\u0105\u017ck\u00f3w kierowniczych<\/li>\n<li>1 zestaw Ackermanna (24 p\u0142ytki blokuj\u0105ce)<\/li>\n<li>2 adaptery do przek\u0142adni kierowniczej BMW E36\/E46<\/li>\n<li>1 zestaw \u015brub<\/li>\n<\/ul>\n<p><strong>Prosimy zauwa\u017cy\u0107:<\/strong> Ten zestaw pasuje do oryginalnej przek\u0142adni kierowniczej, ale mo\u017cna go r\u00f3wnie\u017c u\u017cywa\u0107 z przek\u0142adni\u0105 kierownicz\u0105 BMW E36 \/ E46, co jest konieczne do osi\u0105gni\u0119cia maksymalnego k\u0105ta skr\u0119tu.<\/p>\n","protected":false},"excerpt":{"rendered":"<h3>Zestaw FAT Drift Angle<\/h3>\n<ul>\n<li>Do Mazdy MX-5 NC<\/li>\n<li>Do 68\u00b0 k\u0105ta skr\u0119tu kierownicy<\/li>\n<li>Redukcja i regulacja efektu Ackermanna<\/li>\n<li>Poprawione centrum obrotu (roll center)<\/li>\n<li>Regulowane pochylenie (camber) i sko\u015bno\u015b\u0107 (caster)<\/li>\n<li>Regulowane zatrzymania skr\u0119tu kierownicy<\/li>\n<li>Produkt wykonany w Europie<\/li>\n<\/ul>\n","protected":false},"featured_media":7792,"comment_status":"open","ping_status":"closed","template":"","meta":[],"product_cat":[447,496],"product_tag":[],"class_list":{"0":"post-7809","1":"product","2":"type-product","3":"status-publish","4":"has-post-thumbnail","6":"product_cat-mx-5-nc-pl","7":"product_cat-zawieszenie","8":"product_shipping_class-standard","10":"first","11":"instock","12":"taxable","13":"shipping-taxable","14":"purchasable","15":"product-type-simple"},"bundled_by":[],"bundle_stock_status":"instock","bundle_stock_quantity":null,"bundle_virtual":false,"bundle_layout":"","bundle_add_to_cart_form_location":"","bundle_editable_in_cart":false,"bundle_sold_individually_context":"","bundle_item_grouping":"","bundle_min_size":"","bundle_max_size":"","bundle_price":[],"bundled_items":[],"bundle_sell_ids":[],"acf":{"zdjecie_bez_watermarka":null,"zdjecie_bez_watermarka_url":"","product_orgin_url":""},"yoast_head":"<!-- This site is optimized with the Yoast SEO plugin v23.9 - https:\/\/yoast.com\/wordpress\/plugins\/seo\/ -->\n<title>Mazda MX-5 NC - Zestaw blokady FAT - CYBUL<\/title>\n<meta name=\"description\" content=\"Zestaw FAT Drift Angle do Mazdy MX-5 NC Mo\u017cliwo\u015b\u0107 osi\u0105gni\u0119cia k\u0105ta skr\u0119tu do 68\u00b0 Redukcja i regulacja efektu Ackermanna Korekta centrum obrotu (roll center) Regulowane pochylenie (camber) i sko\u015bno\u015b\u0107 (caster) Regulowane zatrzymania skr\u0119tu kierownicy Wyprodukowane w Europie\" \/>\n<meta name=\"robots\" content=\"index, follow, max-snippet:-1, max-image-preview:large, max-video-preview:-1\" \/>\n<link rel=\"canonical\" href=\"https:\/\/cybul.eu\/pl\/sklep\/mazda-mx-5-nc-zestaw-blokady-fat\/\" \/>\n<meta property=\"og:locale\" content=\"pl_PL\" \/>\n<meta property=\"og:type\" content=\"article\" \/>\n<meta property=\"og:title\" content=\"Mazda MX-5 NC - Zestaw blokady FAT - CYBUL\" \/>\n<meta property=\"og:description\" content=\"Zestaw FAT Drift Angle do Mazdy MX-5 NC Mo\u017cliwo\u015b\u0107 osi\u0105gni\u0119cia k\u0105ta skr\u0119tu do 68\u00b0 Redukcja i regulacja efektu Ackermanna Korekta centrum obrotu (roll center) Regulowane pochylenie (camber) i sko\u015bno\u015b\u0107 (caster) Regulowane zatrzymania skr\u0119tu kierownicy Wyprodukowane w Europie\" \/>\n<meta property=\"og:url\" content=\"https:\/\/cybul.eu\/pl\/sklep\/mazda-mx-5-nc-zestaw-blokady-fat\/\" \/>\n<meta property=\"og:site_name\" content=\"CYBUL\" \/>\n<meta property=\"article:modified_time\" content=\"2023-10-25T14:37:59+00:00\" \/>\n<meta property=\"og:image\" content=\"https:\/\/cybul.eu\/wp-content\/uploads\/2023\/09\/xlarge-FAT_RX8_Front_1.jpg\" \/>\n\t<meta property=\"og:image:width\" content=\"800\" \/>\n\t<meta property=\"og:image:height\" content=\"800\" \/>\n\t<meta property=\"og:image:type\" content=\"image\/jpeg\" \/>\n<meta name=\"twitter:card\" content=\"summary_large_image\" \/>\n<meta name=\"twitter:label1\" content=\"Szacowany czas czytania\" \/>\n\t<meta name=\"twitter:data1\" content=\"1 minuta\" \/>\n<script type=\"application\/ld+json\" class=\"yoast-schema-graph\">{\"@context\":\"https:\/\/schema.org\",\"@graph\":[{\"@type\":\"WebPage\",\"@id\":\"https:\/\/cybul.eu\/pl\/sklep\/mazda-mx-5-nc-zestaw-blokady-fat\/\",\"url\":\"https:\/\/cybul.eu\/pl\/sklep\/mazda-mx-5-nc-zestaw-blokady-fat\/\",\"name\":\"Mazda MX-5 NC - Zestaw blokady FAT - CYBUL\",\"isPartOf\":{\"@id\":\"https:\/\/cybul.eu\/pl\/#website\"},\"primaryImageOfPage\":{\"@id\":\"https:\/\/cybul.eu\/pl\/sklep\/mazda-mx-5-nc-zestaw-blokady-fat\/#primaryimage\"},\"image\":{\"@id\":\"https:\/\/cybul.eu\/pl\/sklep\/mazda-mx-5-nc-zestaw-blokady-fat\/#primaryimage\"},\"thumbnailUrl\":\"https:\/\/cybul.eu\/wp-content\/uploads\/2023\/09\/xlarge-FAT_RX8_Front_1.jpg\",\"datePublished\":\"2023-10-25T14:37:58+00:00\",\"dateModified\":\"2023-10-25T14:37:59+00:00\",\"description\":\"Zestaw FAT Drift Angle do Mazdy MX-5 NC Mo\u017cliwo\u015b\u0107 osi\u0105gni\u0119cia k\u0105ta skr\u0119tu do 68\u00b0 Redukcja i regulacja efektu Ackermanna Korekta centrum obrotu (roll center) Regulowane pochylenie (camber) i sko\u015bno\u015b\u0107 (caster) Regulowane zatrzymania skr\u0119tu kierownicy Wyprodukowane w Europie\",\"breadcrumb\":{\"@id\":\"https:\/\/cybul.eu\/pl\/sklep\/mazda-mx-5-nc-zestaw-blokady-fat\/#breadcrumb\"},\"inLanguage\":\"pl-PL\",\"potentialAction\":[{\"@type\":\"ReadAction\",\"target\":[\"https:\/\/cybul.eu\/pl\/sklep\/mazda-mx-5-nc-zestaw-blokady-fat\/\"]}]},{\"@type\":\"ImageObject\",\"inLanguage\":\"pl-PL\",\"@id\":\"https:\/\/cybul.eu\/pl\/sklep\/mazda-mx-5-nc-zestaw-blokady-fat\/#primaryimage\",\"url\":\"https:\/\/cybul.eu\/wp-content\/uploads\/2023\/09\/xlarge-FAT_RX8_Front_1.jpg\",\"contentUrl\":\"https:\/\/cybul.eu\/wp-content\/uploads\/2023\/09\/xlarge-FAT_RX8_Front_1.jpg\",\"width\":800,\"height\":800,\"caption\":\"Mazda MX-5 NC - Zestaw blokady FAT\"},{\"@type\":\"BreadcrumbList\",\"@id\":\"https:\/\/cybul.eu\/pl\/sklep\/mazda-mx-5-nc-zestaw-blokady-fat\/#breadcrumb\",\"itemListElement\":[{\"@type\":\"ListItem\",\"position\":1,\"name\":\"Strona g\u0142\u00f3wna\",\"item\":\"https:\/\/cybul.eu\/pl\/\"},{\"@type\":\"ListItem\",\"position\":2,\"name\":\"Sklep\",\"item\":\"https:\/\/cybul.eu\/pl\/sklep\/\"},{\"@type\":\"ListItem\",\"position\":3,\"name\":\"Mazda MX-5 NC &#8211; Zestaw blokady FAT\"}]},{\"@type\":\"WebSite\",\"@id\":\"https:\/\/cybul.eu\/pl\/#website\",\"url\":\"https:\/\/cybul.eu\/pl\/\",\"name\":\"CYBUL\",\"description\":\"\",\"potentialAction\":[{\"@type\":\"SearchAction\",\"target\":{\"@type\":\"EntryPoint\",\"urlTemplate\":\"https:\/\/cybul.eu\/pl\/?s={search_term_string}\"},\"query-input\":{\"@type\":\"PropertyValueSpecification\",\"valueRequired\":true,\"valueName\":\"search_term_string\"}}],\"inLanguage\":\"pl-PL\"}]}<\/script>\n<!-- \/ Yoast SEO plugin. -->","yoast_head_json":{"title":"Mazda MX-5 NC - Zestaw blokady FAT - CYBUL","description":"Zestaw FAT Drift Angle do Mazdy MX-5 NC Mo\u017cliwo\u015b\u0107 osi\u0105gni\u0119cia k\u0105ta skr\u0119tu do 68\u00b0 Redukcja i regulacja efektu Ackermanna Korekta centrum obrotu (roll center) Regulowane pochylenie (camber) i sko\u015bno\u015b\u0107 (caster) Regulowane zatrzymania skr\u0119tu kierownicy Wyprodukowane w Europie","robots":{"index":"index","follow":"follow","max-snippet":"max-snippet:-1","max-image-preview":"max-image-preview:large","max-video-preview":"max-video-preview:-1"},"canonical":"https:\/\/cybul.eu\/pl\/sklep\/mazda-mx-5-nc-zestaw-blokady-fat\/","og_locale":"pl_PL","og_type":"article","og_title":"Mazda MX-5 NC - Zestaw blokady FAT - CYBUL","og_description":"Zestaw FAT Drift Angle do Mazdy MX-5 NC Mo\u017cliwo\u015b\u0107 osi\u0105gni\u0119cia k\u0105ta skr\u0119tu do 68\u00b0 Redukcja i regulacja efektu Ackermanna Korekta centrum obrotu (roll center) Regulowane pochylenie (camber) i sko\u015bno\u015b\u0107 (caster) Regulowane zatrzymania skr\u0119tu kierownicy Wyprodukowane w Europie","og_url":"https:\/\/cybul.eu\/pl\/sklep\/mazda-mx-5-nc-zestaw-blokady-fat\/","og_site_name":"CYBUL","article_modified_time":"2023-10-25T14:37:59+00:00","og_image":[{"width":800,"height":800,"url":"https:\/\/cybul.eu\/wp-content\/uploads\/2023\/09\/xlarge-FAT_RX8_Front_1.jpg","type":"image\/jpeg"}],"twitter_card":"summary_large_image","twitter_misc":{"Szacowany czas czytania":"1 minuta"},"schema":{"@context":"https:\/\/schema.org","@graph":[{"@type":"WebPage","@id":"https:\/\/cybul.eu\/pl\/sklep\/mazda-mx-5-nc-zestaw-blokady-fat\/","url":"https:\/\/cybul.eu\/pl\/sklep\/mazda-mx-5-nc-zestaw-blokady-fat\/","name":"Mazda MX-5 NC - Zestaw blokady FAT - CYBUL","isPartOf":{"@id":"https:\/\/cybul.eu\/pl\/#website"},"primaryImageOfPage":{"@id":"https:\/\/cybul.eu\/pl\/sklep\/mazda-mx-5-nc-zestaw-blokady-fat\/#primaryimage"},"image":{"@id":"https:\/\/cybul.eu\/pl\/sklep\/mazda-mx-5-nc-zestaw-blokady-fat\/#primaryimage"},"thumbnailUrl":"https:\/\/cybul.eu\/wp-content\/uploads\/2023\/09\/xlarge-FAT_RX8_Front_1.jpg","datePublished":"2023-10-25T14:37:58+00:00","dateModified":"2023-10-25T14:37:59+00:00","description":"Zestaw FAT Drift Angle do Mazdy MX-5 NC Mo\u017cliwo\u015b\u0107 osi\u0105gni\u0119cia k\u0105ta skr\u0119tu do 68\u00b0 Redukcja i regulacja efektu Ackermanna Korekta centrum obrotu (roll center) Regulowane pochylenie (camber) i sko\u015bno\u015b\u0107 (caster) Regulowane zatrzymania skr\u0119tu kierownicy Wyprodukowane w Europie","breadcrumb":{"@id":"https:\/\/cybul.eu\/pl\/sklep\/mazda-mx-5-nc-zestaw-blokady-fat\/#breadcrumb"},"inLanguage":"pl-PL","potentialAction":[{"@type":"ReadAction","target":["https:\/\/cybul.eu\/pl\/sklep\/mazda-mx-5-nc-zestaw-blokady-fat\/"]}]},{"@type":"ImageObject","inLanguage":"pl-PL","@id":"https:\/\/cybul.eu\/pl\/sklep\/mazda-mx-5-nc-zestaw-blokady-fat\/#primaryimage","url":"https:\/\/cybul.eu\/wp-content\/uploads\/2023\/09\/xlarge-FAT_RX8_Front_1.jpg","contentUrl":"https:\/\/cybul.eu\/wp-content\/uploads\/2023\/09\/xlarge-FAT_RX8_Front_1.jpg","width":800,"height":800,"caption":"Mazda MX-5 NC - Zestaw blokady FAT"},{"@type":"BreadcrumbList","@id":"https:\/\/cybul.eu\/pl\/sklep\/mazda-mx-5-nc-zestaw-blokady-fat\/#breadcrumb","itemListElement":[{"@type":"ListItem","position":1,"name":"Strona g\u0142\u00f3wna","item":"https:\/\/cybul.eu\/pl\/"},{"@type":"ListItem","position":2,"name":"Sklep","item":"https:\/\/cybul.eu\/pl\/sklep\/"},{"@type":"ListItem","position":3,"name":"Mazda MX-5 NC &#8211; Zestaw blokady FAT"}]},{"@type":"WebSite","@id":"https:\/\/cybul.eu\/pl\/#website","url":"https:\/\/cybul.eu\/pl\/","name":"CYBUL","description":"","potentialAction":[{"@type":"SearchAction","target":{"@type":"EntryPoint","urlTemplate":"https:\/\/cybul.eu\/pl\/?s={search_term_string}"},"query-input":{"@type":"PropertyValueSpecification","valueRequired":true,"valueName":"search_term_string"}}],"inLanguage":"pl-PL"}]}},"_links":{"self":[{"href":"https:\/\/cybul.eu\/pl\/wp-json\/wp\/v2\/product\/7809","targetHints":{"allow":["GET"]}}],"collection":[{"href":"https:\/\/cybul.eu\/pl\/wp-json\/wp\/v2\/product"}],"about":[{"href":"https:\/\/cybul.eu\/pl\/wp-json\/wp\/v2\/types\/product"}],"replies":[{"embeddable":true,"href":"https:\/\/cybul.eu\/pl\/wp-json\/wp\/v2\/comments?post=7809"}],"wp:featuredmedia":[{"embeddable":true,"href":"https:\/\/cybul.eu\/pl\/wp-json\/wp\/v2\/media\/7792"}],"wp:attachment":[{"href":"https:\/\/cybul.eu\/pl\/wp-json\/wp\/v2\/media?parent=7809"}],"wp:term":[{"taxonomy":"product_cat","embeddable":true,"href":"https:\/\/cybul.eu\/pl\/wp-json\/wp\/v2\/product_cat?post=7809"},{"taxonomy":"product_tag","embeddable":true,"href":"https:\/\/cybul.eu\/pl\/wp-json\/wp\/v2\/product_tag?post=7809"}],"curies":[{"name":"wp","href":"https:\/\/api.w.org\/{rel}","templated":true}]}}