{"id":7752,"date":"2023-09-21T10:17:46","date_gmt":"2023-09-21T08:17:46","guid":{"rendered":"https:\/\/cybul.eu\/?post_type=product&#038;p=7752"},"modified":"2025-07-10T12:00:24","modified_gmt":"2025-07-10T10:00:24","slug":"mazda-mx-5-nd-zestaw-obnizajacy-seryjny-fotel","status":"publish","type":"product","link":"https:\/\/cybul.eu\/pl\/sklep\/mazda-mx-5-nd-zestaw-obnizajacy-seryjny-fotel\/","title":{"rendered":"Mazda MX-5 ND &#8211; Zestaw obni\u017caj\u0105cy seryjny fotel"},"content":{"rendered":"<p>Naj\u0142atwiejszy w monta\u017cu zestaw do obni\u017cania siedze\u0144 na rynku do Mazdy MX-5 ND<\/p>\n<div class=\"\" data-block=\"true\" data-editor=\"bnd4h\" data-offset-key=\"402cu-0-0\">\n<p class=\"public-DraftStyleDefault-block public-DraftStyleDefault-ltr\" data-offset-key=\"402cu-0-0\"><span style=\"font-size: 115%;\">G\u0142\u00f3wne korzy\u015bci:<\/span><\/p>\n<ul>\n<li data-line-height=\"m\">Obni\u017caj\u0105 fotel o 30mm<\/li>\n<li data-line-height=\"m\">Kompatybilne z fotelami Recaro, oraz ze standardowymi<\/li>\n<li>Umo\u017cliwiaj\u0105 regulacj\u0119 po\u0142o\u017cenia fotela ty\u0142-prz\u00f3d<\/li>\n<li data-line-height=\"m\">Monta\u017c nie wymaga ci\u0119cia ramy fotela<\/li>\n<\/ul>\n<\/div>\n<p data-line-height=\"m\"><span style=\"font-size: 115%;\">G\u0142\u00f3wne cechy mocowa\u0144:<\/span><\/p>\n<ul>\n<li data-line-height=\"m\">Zawieraj\u0105 specjalistyczne, laserowo ci\u0119te klucze do \u0142atwej zmiany pozycji siedzenia.<\/li>\n<li data-line-height=\"m\">Wyci\u0119te na laserze, gi\u0119te na maszynie CNC<\/li>\n<li data-line-height=\"m\">Wykonane ze stali E355<\/li>\n<li data-line-height=\"m\">Lakierowanie proszkowo na metaliczny grafit<\/li>\n<li data-line-height=\"m\">Rozwi\u0105zanie w 100% bolt-on<\/li>\n<\/ul>\n<p data-line-height=\"m\"><span style=\"font-size: 115%;\">W paczce dostajesz:<\/span><\/p>\n<ul>\n<li data-line-height=\"m\">2 (par\u0119) mocowa\u0144 bocznych<\/li>\n<li data-line-height=\"m\">2 spersonalizowane klucze<\/li>\n<li data-line-height=\"m\">Zestaw \u015brub, nakr\u0119tek i podk\u0142adek<\/li>\n<li data-line-height=\"m\">Drukowan\u0105 instrukcj\u0119 monta\u017cu<\/li>\n<\/ul>\n","protected":false},"excerpt":{"rendered":"<ul>\n<li data-line-height=\"m\">W pe\u0142ni regulowane<\/li>\n<li data-line-height=\"m\">Wykonane na maszynach CNC<\/li>\n<li data-line-height=\"m\">Umo\u017cliwiaj\u0105 ustawienie fotela ty\u0142-prz\u00f3d &#8222;na aucie&#8221;<\/li>\n<\/ul>\n","protected":false},"featured_media":7754,"comment_status":"open","ping_status":"closed","template":"","meta":[],"product_cat":[476],"product_tag":[346,347],"class_list":{"0":"post-7752","1":"product","2":"type-product","3":"status-publish","4":"has-post-thumbnail","6":"product_cat-mx-5-nd-pl","7":"product_tag-mx5-pl","8":"product_tag-mx5-podwozie-i-nadwozie","10":"first","11":"instock","12":"taxable","13":"shipping-taxable","14":"purchasable","15":"product-type-simple"},"bundled_by":[],"bundle_stock_status":"instock","bundle_stock_quantity":null,"bundle_virtual":false,"bundle_layout":"","bundle_add_to_cart_form_location":"","bundle_editable_in_cart":false,"bundle_sold_individually_context":"","bundle_item_grouping":"","bundle_min_size":"","bundle_max_size":"","bundle_price":[],"bundled_items":[],"bundle_sell_ids":[],"acf":{"zdjecie_bez_watermarka":null,"zdjecie_bez_watermarka_url":"","product_orgin_url":""},"yoast_head":"<!-- This site is optimized with the Yoast SEO plugin v23.9 - https:\/\/yoast.com\/wordpress\/plugins\/seo\/ -->\n<title>Mazda MX-5 ND - Zestaw obni\u017caj\u0105cy seryjny fotel - CYBUL<\/title>\n<meta name=\"description\" content=\"Zestaw do obni\u017cania siedze\u0144 dla Mazda MX-5 ND typu bolt-on. Jedyny zestaw z customowo wykonanymi kluczami dla \u0142atwej, szybkiej instalacji.\" \/>\n<meta name=\"robots\" content=\"index, follow, max-snippet:-1, max-image-preview:large, max-video-preview:-1\" \/>\n<link rel=\"canonical\" href=\"https:\/\/cybul.eu\/pl\/sklep\/mazda-mx-5-nd-zestaw-obnizajacy-seryjny-fotel\/\" \/>\n<meta property=\"og:locale\" content=\"pl_PL\" \/>\n<meta property=\"og:type\" content=\"article\" \/>\n<meta property=\"og:title\" content=\"Mazda MX-5 ND - Zestaw obni\u017caj\u0105cy seryjny fotel - CYBUL\" \/>\n<meta property=\"og:description\" content=\"Zestaw do obni\u017cania siedze\u0144 dla Mazda MX-5 ND typu bolt-on. Jedyny zestaw z customowo wykonanymi kluczami dla \u0142atwej, szybkiej instalacji.\" \/>\n<meta property=\"og:url\" content=\"https:\/\/cybul.eu\/pl\/sklep\/mazda-mx-5-nd-zestaw-obnizajacy-seryjny-fotel\/\" \/>\n<meta property=\"og:site_name\" content=\"CYBUL\" \/>\n<meta property=\"article:modified_time\" content=\"2025-07-10T10:00:24+00:00\" \/>\n<meta property=\"og:image\" content=\"https:\/\/cybul.eu\/wp-content\/uploads\/2023\/09\/MX-5-ND-seats-lowering-kit-1.jpg\" \/>\n\t<meta property=\"og:image:width\" content=\"1600\" \/>\n\t<meta property=\"og:image:height\" content=\"1600\" \/>\n\t<meta property=\"og:image:type\" content=\"image\/jpeg\" \/>\n<meta name=\"twitter:card\" content=\"summary_large_image\" \/>\n<meta name=\"twitter:label1\" content=\"Szacowany czas czytania\" \/>\n\t<meta name=\"twitter:data1\" content=\"1 minuta\" \/>\n<script type=\"application\/ld+json\" class=\"yoast-schema-graph\">{\"@context\":\"https:\/\/schema.org\",\"@graph\":[{\"@type\":\"WebPage\",\"@id\":\"https:\/\/cybul.eu\/pl\/sklep\/mazda-mx-5-nd-zestaw-obnizajacy-seryjny-fotel\/\",\"url\":\"https:\/\/cybul.eu\/pl\/sklep\/mazda-mx-5-nd-zestaw-obnizajacy-seryjny-fotel\/\",\"name\":\"Mazda MX-5 ND - Zestaw obni\u017caj\u0105cy seryjny fotel - CYBUL\",\"isPartOf\":{\"@id\":\"https:\/\/cybul.eu\/pl\/#website\"},\"primaryImageOfPage\":{\"@id\":\"https:\/\/cybul.eu\/pl\/sklep\/mazda-mx-5-nd-zestaw-obnizajacy-seryjny-fotel\/#primaryimage\"},\"image\":{\"@id\":\"https:\/\/cybul.eu\/pl\/sklep\/mazda-mx-5-nd-zestaw-obnizajacy-seryjny-fotel\/#primaryimage\"},\"thumbnailUrl\":\"https:\/\/cybul.eu\/wp-content\/uploads\/2023\/09\/MX-5-ND-seats-lowering-kit-1.jpg\",\"datePublished\":\"2023-09-21T08:17:46+00:00\",\"dateModified\":\"2025-07-10T10:00:24+00:00\",\"description\":\"Zestaw do obni\u017cania siedze\u0144 dla Mazda MX-5 ND typu bolt-on. Jedyny zestaw z customowo wykonanymi kluczami dla \u0142atwej, szybkiej instalacji.\",\"breadcrumb\":{\"@id\":\"https:\/\/cybul.eu\/pl\/sklep\/mazda-mx-5-nd-zestaw-obnizajacy-seryjny-fotel\/#breadcrumb\"},\"inLanguage\":\"pl-PL\",\"potentialAction\":[{\"@type\":\"ReadAction\",\"target\":[\"https:\/\/cybul.eu\/pl\/sklep\/mazda-mx-5-nd-zestaw-obnizajacy-seryjny-fotel\/\"]}]},{\"@type\":\"ImageObject\",\"inLanguage\":\"pl-PL\",\"@id\":\"https:\/\/cybul.eu\/pl\/sklep\/mazda-mx-5-nd-zestaw-obnizajacy-seryjny-fotel\/#primaryimage\",\"url\":\"https:\/\/cybul.eu\/wp-content\/uploads\/2023\/09\/MX-5-ND-seats-lowering-kit-1.jpg\",\"contentUrl\":\"https:\/\/cybul.eu\/wp-content\/uploads\/2023\/09\/MX-5-ND-seats-lowering-kit-1.jpg\",\"width\":1600,\"height\":1600,\"caption\":\"MX-5 ND seats lowering kit\"},{\"@type\":\"BreadcrumbList\",\"@id\":\"https:\/\/cybul.eu\/pl\/sklep\/mazda-mx-5-nd-zestaw-obnizajacy-seryjny-fotel\/#breadcrumb\",\"itemListElement\":[{\"@type\":\"ListItem\",\"position\":1,\"name\":\"Strona g\u0142\u00f3wna\",\"item\":\"https:\/\/cybul.eu\/pl\/\"},{\"@type\":\"ListItem\",\"position\":2,\"name\":\"Sklep\",\"item\":\"https:\/\/cybul.eu\/pl\/sklep\/\"},{\"@type\":\"ListItem\",\"position\":3,\"name\":\"Mazda MX-5 ND &#8211; Zestaw obni\u017caj\u0105cy seryjny fotel\"}]},{\"@type\":\"WebSite\",\"@id\":\"https:\/\/cybul.eu\/pl\/#website\",\"url\":\"https:\/\/cybul.eu\/pl\/\",\"name\":\"CYBUL\",\"description\":\"\",\"potentialAction\":[{\"@type\":\"SearchAction\",\"target\":{\"@type\":\"EntryPoint\",\"urlTemplate\":\"https:\/\/cybul.eu\/pl\/?s={search_term_string}\"},\"query-input\":{\"@type\":\"PropertyValueSpecification\",\"valueRequired\":true,\"valueName\":\"search_term_string\"}}],\"inLanguage\":\"pl-PL\"}]}<\/script>\n<!-- \/ Yoast SEO plugin. -->","yoast_head_json":{"title":"Mazda MX-5 ND - Zestaw obni\u017caj\u0105cy seryjny fotel - CYBUL","description":"Zestaw do obni\u017cania siedze\u0144 dla Mazda MX-5 ND typu bolt-on. Jedyny zestaw z customowo wykonanymi kluczami dla \u0142atwej, szybkiej instalacji.","robots":{"index":"index","follow":"follow","max-snippet":"max-snippet:-1","max-image-preview":"max-image-preview:large","max-video-preview":"max-video-preview:-1"},"canonical":"https:\/\/cybul.eu\/pl\/sklep\/mazda-mx-5-nd-zestaw-obnizajacy-seryjny-fotel\/","og_locale":"pl_PL","og_type":"article","og_title":"Mazda MX-5 ND - Zestaw obni\u017caj\u0105cy seryjny fotel - CYBUL","og_description":"Zestaw do obni\u017cania siedze\u0144 dla Mazda MX-5 ND typu bolt-on. Jedyny zestaw z customowo wykonanymi kluczami dla \u0142atwej, szybkiej instalacji.","og_url":"https:\/\/cybul.eu\/pl\/sklep\/mazda-mx-5-nd-zestaw-obnizajacy-seryjny-fotel\/","og_site_name":"CYBUL","article_modified_time":"2025-07-10T10:00:24+00:00","og_image":[{"width":1600,"height":1600,"url":"https:\/\/cybul.eu\/wp-content\/uploads\/2023\/09\/MX-5-ND-seats-lowering-kit-1.jpg","type":"image\/jpeg"}],"twitter_card":"summary_large_image","twitter_misc":{"Szacowany czas czytania":"1 minuta"},"schema":{"@context":"https:\/\/schema.org","@graph":[{"@type":"WebPage","@id":"https:\/\/cybul.eu\/pl\/sklep\/mazda-mx-5-nd-zestaw-obnizajacy-seryjny-fotel\/","url":"https:\/\/cybul.eu\/pl\/sklep\/mazda-mx-5-nd-zestaw-obnizajacy-seryjny-fotel\/","name":"Mazda MX-5 ND - Zestaw obni\u017caj\u0105cy seryjny fotel - CYBUL","isPartOf":{"@id":"https:\/\/cybul.eu\/pl\/#website"},"primaryImageOfPage":{"@id":"https:\/\/cybul.eu\/pl\/sklep\/mazda-mx-5-nd-zestaw-obnizajacy-seryjny-fotel\/#primaryimage"},"image":{"@id":"https:\/\/cybul.eu\/pl\/sklep\/mazda-mx-5-nd-zestaw-obnizajacy-seryjny-fotel\/#primaryimage"},"thumbnailUrl":"https:\/\/cybul.eu\/wp-content\/uploads\/2023\/09\/MX-5-ND-seats-lowering-kit-1.jpg","datePublished":"2023-09-21T08:17:46+00:00","dateModified":"2025-07-10T10:00:24+00:00","description":"Zestaw do obni\u017cania siedze\u0144 dla Mazda MX-5 ND typu bolt-on. Jedyny zestaw z customowo wykonanymi kluczami dla \u0142atwej, szybkiej instalacji.","breadcrumb":{"@id":"https:\/\/cybul.eu\/pl\/sklep\/mazda-mx-5-nd-zestaw-obnizajacy-seryjny-fotel\/#breadcrumb"},"inLanguage":"pl-PL","potentialAction":[{"@type":"ReadAction","target":["https:\/\/cybul.eu\/pl\/sklep\/mazda-mx-5-nd-zestaw-obnizajacy-seryjny-fotel\/"]}]},{"@type":"ImageObject","inLanguage":"pl-PL","@id":"https:\/\/cybul.eu\/pl\/sklep\/mazda-mx-5-nd-zestaw-obnizajacy-seryjny-fotel\/#primaryimage","url":"https:\/\/cybul.eu\/wp-content\/uploads\/2023\/09\/MX-5-ND-seats-lowering-kit-1.jpg","contentUrl":"https:\/\/cybul.eu\/wp-content\/uploads\/2023\/09\/MX-5-ND-seats-lowering-kit-1.jpg","width":1600,"height":1600,"caption":"MX-5 ND seats lowering kit"},{"@type":"BreadcrumbList","@id":"https:\/\/cybul.eu\/pl\/sklep\/mazda-mx-5-nd-zestaw-obnizajacy-seryjny-fotel\/#breadcrumb","itemListElement":[{"@type":"ListItem","position":1,"name":"Strona g\u0142\u00f3wna","item":"https:\/\/cybul.eu\/pl\/"},{"@type":"ListItem","position":2,"name":"Sklep","item":"https:\/\/cybul.eu\/pl\/sklep\/"},{"@type":"ListItem","position":3,"name":"Mazda MX-5 ND &#8211; Zestaw obni\u017caj\u0105cy seryjny fotel"}]},{"@type":"WebSite","@id":"https:\/\/cybul.eu\/pl\/#website","url":"https:\/\/cybul.eu\/pl\/","name":"CYBUL","description":"","potentialAction":[{"@type":"SearchAction","target":{"@type":"EntryPoint","urlTemplate":"https:\/\/cybul.eu\/pl\/?s={search_term_string}"},"query-input":{"@type":"PropertyValueSpecification","valueRequired":true,"valueName":"search_term_string"}}],"inLanguage":"pl-PL"}]}},"_links":{"self":[{"href":"https:\/\/cybul.eu\/pl\/wp-json\/wp\/v2\/product\/7752","targetHints":{"allow":["GET"]}}],"collection":[{"href":"https:\/\/cybul.eu\/pl\/wp-json\/wp\/v2\/product"}],"about":[{"href":"https:\/\/cybul.eu\/pl\/wp-json\/wp\/v2\/types\/product"}],"replies":[{"embeddable":true,"href":"https:\/\/cybul.eu\/pl\/wp-json\/wp\/v2\/comments?post=7752"}],"wp:featuredmedia":[{"embeddable":true,"href":"https:\/\/cybul.eu\/pl\/wp-json\/wp\/v2\/media\/7754"}],"wp:attachment":[{"href":"https:\/\/cybul.eu\/pl\/wp-json\/wp\/v2\/media?parent=7752"}],"wp:term":[{"taxonomy":"product_cat","embeddable":true,"href":"https:\/\/cybul.eu\/pl\/wp-json\/wp\/v2\/product_cat?post=7752"},{"taxonomy":"product_tag","embeddable":true,"href":"https:\/\/cybul.eu\/pl\/wp-json\/wp\/v2\/product_tag?post=7752"}],"curies":[{"name":"wp","href":"https:\/\/api.w.org\/{rel}","templated":true}]}}