{"id":7175,"date":"2023-05-18T12:47:35","date_gmt":"2023-05-18T10:47:35","guid":{"rendered":"https:\/\/cybul.eu\/?post_type=product&#038;p=7175"},"modified":"2025-06-05T11:58:07","modified_gmt":"2025-06-05T09:58:07","slug":"lexus-is-ii-klatka-bezpieczenstwa-v4","status":"publish","type":"product","link":"https:\/\/cybul.eu\/pl\/sklep\/lexus-is-ii-klatka-bezpieczenstwa-v4\/","title":{"rendered":"Lexus IS II klatka bezpiecze\u0144stwa V4"},"content":{"rendered":"<p>Przedstawiamy najwy\u017cszej jako\u015bci klatk\u0119 bezpiecze\u0144stwa od Cybul Radical Solutions, zaprojektowan\u0105, aby maksymalizowa\u0107 bezpiecze\u0144stwo i sztywno\u015b\u0107 nadwozia.<\/p>\n<p><strong>G\u0142\u00f3wne korzy\u015bci:<\/strong><\/p>\n<ul>\n<li>Wszystkie rury maj\u0105 laserowo grawerowane oznaczenia na punktach styku rur co znacz\u0105cu u\u0142atwia monta\u017c<\/li>\n<li>Zwi\u0119ksza ochron\u0119 pasa\u017cer\u00f3w podczas wypadku.<\/li>\n<li>Zabezpiecza nadwozie podczas wypadku.<\/li>\n<li>Poprawia sztywno\u015b\u0107 nadwozia, co wp\u0142ywa na lepsze prowadzenie.<\/li>\n<li>Spe\u0142nia wymogi wi\u0119kszo\u015bci track day\u00f3w i zawod\u00f3w driftingowych.<\/li>\n<li>Wyprodukowana w Polsce<\/li>\n<\/ul>\n<p><strong>Kluczowe cechy:<\/strong><\/p>\n<ul>\n<li>Precyzyjne projektowanie 3D CAD i skanowanie nadwozia zapewniaj\u0105 idealne dopasowanie.<\/li>\n<li>Rury s\u0105 ci\u0119te laserem 3D dla idealnego spasowania.<\/li>\n<li>Ka\u017cda rura jest oznaczona laserowo numerem, kt\u00f3ry odpowiada rysunkowi monta\u017cowemu.<\/li>\n<li>Wszystkie rury gi\u0119te s\u0105 na gi\u0119tarce trzpieniowej CNC, co gwarantuje precyzj\u0119 minimalizuje owalizacj\u0119.<\/li>\n<li>Zestaw zawiera laserowo wycinane blachy i w\u0119z\u0142\u00f3wki.<\/li>\n<li>Wykonane z bezszwowych ruru zimnowalcowanych E355 45&#215;2.5 mm dla g\u0142\u00f3wnego pa\u0142\u0105ka i 40&#215;2 mm dla pozosta\u0142ych rur, co spe\u0142nia wymogi za\u0142\u0105cznika J FIA dotycz\u0105ce materia\u0142u klatki bezpiecze\u0144stwa.<\/li>\n<li>W zestawie znajduje si\u0119 instrukcja instalacji i schemat monta\u017cu dla \u0142atwego monta\u017cu.<\/li>\n<\/ul>\n<p><strong>W pakiecie otrzymasz:<\/strong><\/p>\n<ul>\n<li>Laserowo ci\u0119te i grawerowane, gi\u0119te na CNC rury.<\/li>\n<li>P\u0142ytki monta\u017cowe i w\u0119z\u0142\u00f3wki.<\/li>\n<li>Zestaw rur do ustawienia spawarki w kszta\u0142cie litery H.<\/li>\n<li>Zestaw \u015brub i nakr\u0119tek.<\/li>\n<li>Wydrukowan\u0105 instrukcj\u0119 monta\u017cu i rysunek techniczny.<\/li>\n<\/ul>\n<p><strong>Informacje o galerii:<\/strong> W naszej galerii pierwsze dwa obrazy to konkretne rendery wersji klatki bezpiecze\u0144stwa, kt\u00f3r\u0105 przegl\u0105dasz. Przedstawiaj\u0105 one precyzyjny stopie\u0144 rozbudowania modelu, kt\u00f3ry rozwa\u017casz.<br \/>\nDodatkowe zdj\u0119cia w galerii pokazuj\u0105 idealne dopasowanie naszych klatek po zamontowaniu, jednak s\u0105 to reprezentacje og\u00f3lne i mog\u0105 nie odzwierciedla\u0107 dok\u0142adnego rozszerzenia wybranego modelu.<\/p>\n","protected":false},"excerpt":{"rendered":"<p>Przedstawiamy najwy\u017cszej jako\u015bci klatk\u0119 bezpiecze\u0144stwa od Cybul Radical Solutions, zaprojektowan\u0105, aby maksymalizowa\u0107 bezpiecze\u0144stwo i sztywno\u015b\u0107 nadwozia. G\u0142\u00f3wne korzy\u015bci: Wszystkie rury maj\u0105 laserowo grawerowane oznaczenia na punktach styku rur co znacz\u0105cu u\u0142atwia monta\u017c Zwi\u0119ksza ochron\u0119 pasa\u017cer\u00f3w podczas wypadku. Zabezpiecza nadwozie podczas wypadku. Poprawia sztywno\u015b\u0107 nadwozia, co wp\u0142ywa na lepsze prowadzenie. Spe\u0142nia wymogi wi\u0119kszo\u015bci track day\u00f3w i [&#8230;]\n","protected":false},"featured_media":7177,"comment_status":"open","ping_status":"closed","template":"","meta":[],"product_cat":[616,342],"product_tag":[346,430,431,617,618],"class_list":{"0":"post-7175","1":"product","2":"type-product","3":"status-publish","4":"has-post-thumbnail","6":"product_cat-lexus-pl","7":"product_cat-klatki-bezpieczenstwa","8":"product_tag-mx5-pl","9":"product_tag-klatka-pl","10":"product_tag-rollcage-pl","11":"product_tag-miata-pl","12":"product_tag-mazda-pl","13":"product_shipping_class-klatka-bezpiczenstwa","15":"first","16":"instock","17":"taxable","18":"shipping-taxable","19":"purchasable","20":"product-type-simple"},"bundled_by":[],"bundle_stock_status":"instock","bundle_stock_quantity":null,"bundle_virtual":false,"bundle_layout":"","bundle_add_to_cart_form_location":"","bundle_editable_in_cart":false,"bundle_sold_individually_context":"","bundle_item_grouping":"","bundle_min_size":"","bundle_max_size":"","bundle_price":[],"bundled_items":[],"bundle_sell_ids":[],"acf":{"zdjecie_bez_watermarka":null,"zdjecie_bez_watermarka_url":"","product_orgin_url":""},"yoast_head":"<!-- This site is optimized with the Yoast SEO plugin v23.9 - https:\/\/yoast.com\/wordpress\/plugins\/seo\/ -->\n<title>Lexus IS II klatka bezpiecze\u0144stwa V4 - CYBUL<\/title>\n<meta name=\"description\" content=\"Wyci\u0119ta laserem 3D, pogi\u0119ta na trzpieniowej gi\u0119tarce CNC. Wykonana na podstawie skanu 3D. Idealnie spasowana z nadwoziem.\" \/>\n<meta name=\"robots\" content=\"index, follow, max-snippet:-1, max-image-preview:large, max-video-preview:-1\" \/>\n<link rel=\"canonical\" href=\"https:\/\/cybul.eu\/pl\/sklep\/lexus-is-ii-klatka-bezpieczenstwa-v4\/\" \/>\n<meta property=\"og:locale\" content=\"pl_PL\" \/>\n<meta property=\"og:type\" content=\"article\" \/>\n<meta property=\"og:title\" content=\"Lexus IS II klatka bezpiecze\u0144stwa V4 - CYBUL\" \/>\n<meta property=\"og:description\" content=\"Wyci\u0119ta laserem 3D, pogi\u0119ta na trzpieniowej gi\u0119tarce CNC. Wykonana na podstawie skanu 3D. Idealnie spasowana z nadwoziem.\" \/>\n<meta property=\"og:url\" content=\"https:\/\/cybul.eu\/pl\/sklep\/lexus-is-ii-klatka-bezpieczenstwa-v4\/\" \/>\n<meta property=\"og:site_name\" content=\"CYBUL\" \/>\n<meta property=\"article:modified_time\" content=\"2025-06-05T09:58:07+00:00\" \/>\n<meta property=\"og:image\" content=\"https:\/\/cybul.eu\/wp-content\/uploads\/2023\/05\/Lexus-IS200-II-V4-rear.jpg\" \/>\n\t<meta property=\"og:image:width\" content=\"1500\" \/>\n\t<meta property=\"og:image:height\" content=\"1500\" \/>\n\t<meta property=\"og:image:type\" content=\"image\/jpeg\" \/>\n<meta name=\"twitter:card\" content=\"summary_large_image\" \/>\n<meta name=\"twitter:label1\" content=\"Szacowany czas czytania\" \/>\n\t<meta name=\"twitter:data1\" content=\"2 minuty\" \/>\n<script type=\"application\/ld+json\" class=\"yoast-schema-graph\">{\"@context\":\"https:\/\/schema.org\",\"@graph\":[{\"@type\":\"WebPage\",\"@id\":\"https:\/\/cybul.eu\/pl\/sklep\/lexus-is-ii-klatka-bezpieczenstwa-v4\/\",\"url\":\"https:\/\/cybul.eu\/pl\/sklep\/lexus-is-ii-klatka-bezpieczenstwa-v4\/\",\"name\":\"Lexus IS II klatka bezpiecze\u0144stwa V4 - CYBUL\",\"isPartOf\":{\"@id\":\"https:\/\/cybul.eu\/pl\/#website\"},\"primaryImageOfPage\":{\"@id\":\"https:\/\/cybul.eu\/pl\/sklep\/lexus-is-ii-klatka-bezpieczenstwa-v4\/#primaryimage\"},\"image\":{\"@id\":\"https:\/\/cybul.eu\/pl\/sklep\/lexus-is-ii-klatka-bezpieczenstwa-v4\/#primaryimage\"},\"thumbnailUrl\":\"https:\/\/cybul.eu\/wp-content\/uploads\/2023\/05\/Lexus-IS200-II-V4-rear.jpg\",\"datePublished\":\"2023-05-18T10:47:35+00:00\",\"dateModified\":\"2025-06-05T09:58:07+00:00\",\"description\":\"Wyci\u0119ta laserem 3D, pogi\u0119ta na trzpieniowej gi\u0119tarce CNC. Wykonana na podstawie skanu 3D. Idealnie spasowana z nadwoziem.\",\"breadcrumb\":{\"@id\":\"https:\/\/cybul.eu\/pl\/sklep\/lexus-is-ii-klatka-bezpieczenstwa-v4\/#breadcrumb\"},\"inLanguage\":\"pl-PL\",\"potentialAction\":[{\"@type\":\"ReadAction\",\"target\":[\"https:\/\/cybul.eu\/pl\/sklep\/lexus-is-ii-klatka-bezpieczenstwa-v4\/\"]}]},{\"@type\":\"ImageObject\",\"inLanguage\":\"pl-PL\",\"@id\":\"https:\/\/cybul.eu\/pl\/sklep\/lexus-is-ii-klatka-bezpieczenstwa-v4\/#primaryimage\",\"url\":\"https:\/\/cybul.eu\/wp-content\/uploads\/2023\/05\/Lexus-IS200-II-V4-rear.jpg\",\"contentUrl\":\"https:\/\/cybul.eu\/wp-content\/uploads\/2023\/05\/Lexus-IS200-II-V4-rear.jpg\",\"width\":1500,\"height\":1500,\"caption\":\"Lexus IS II V4 roll cage by Cybul Radical Solutions\"},{\"@type\":\"BreadcrumbList\",\"@id\":\"https:\/\/cybul.eu\/pl\/sklep\/lexus-is-ii-klatka-bezpieczenstwa-v4\/#breadcrumb\",\"itemListElement\":[{\"@type\":\"ListItem\",\"position\":1,\"name\":\"Strona g\u0142\u00f3wna\",\"item\":\"https:\/\/cybul.eu\/pl\/\"},{\"@type\":\"ListItem\",\"position\":2,\"name\":\"Sklep\",\"item\":\"https:\/\/cybul.eu\/pl\/sklep\/\"},{\"@type\":\"ListItem\",\"position\":3,\"name\":\"Lexus IS II klatka bezpiecze\u0144stwa V4\"}]},{\"@type\":\"WebSite\",\"@id\":\"https:\/\/cybul.eu\/pl\/#website\",\"url\":\"https:\/\/cybul.eu\/pl\/\",\"name\":\"CYBUL\",\"description\":\"\",\"potentialAction\":[{\"@type\":\"SearchAction\",\"target\":{\"@type\":\"EntryPoint\",\"urlTemplate\":\"https:\/\/cybul.eu\/pl\/?s={search_term_string}\"},\"query-input\":{\"@type\":\"PropertyValueSpecification\",\"valueRequired\":true,\"valueName\":\"search_term_string\"}}],\"inLanguage\":\"pl-PL\"}]}<\/script>\n<!-- \/ Yoast SEO plugin. -->","yoast_head_json":{"title":"Lexus IS II klatka bezpiecze\u0144stwa V4 - CYBUL","description":"Wyci\u0119ta laserem 3D, pogi\u0119ta na trzpieniowej gi\u0119tarce CNC. Wykonana na podstawie skanu 3D. Idealnie spasowana z nadwoziem.","robots":{"index":"index","follow":"follow","max-snippet":"max-snippet:-1","max-image-preview":"max-image-preview:large","max-video-preview":"max-video-preview:-1"},"canonical":"https:\/\/cybul.eu\/pl\/sklep\/lexus-is-ii-klatka-bezpieczenstwa-v4\/","og_locale":"pl_PL","og_type":"article","og_title":"Lexus IS II klatka bezpiecze\u0144stwa V4 - CYBUL","og_description":"Wyci\u0119ta laserem 3D, pogi\u0119ta na trzpieniowej gi\u0119tarce CNC. Wykonana na podstawie skanu 3D. Idealnie spasowana z nadwoziem.","og_url":"https:\/\/cybul.eu\/pl\/sklep\/lexus-is-ii-klatka-bezpieczenstwa-v4\/","og_site_name":"CYBUL","article_modified_time":"2025-06-05T09:58:07+00:00","og_image":[{"width":1500,"height":1500,"url":"https:\/\/cybul.eu\/wp-content\/uploads\/2023\/05\/Lexus-IS200-II-V4-rear.jpg","type":"image\/jpeg"}],"twitter_card":"summary_large_image","twitter_misc":{"Szacowany czas czytania":"2 minuty"},"schema":{"@context":"https:\/\/schema.org","@graph":[{"@type":"WebPage","@id":"https:\/\/cybul.eu\/pl\/sklep\/lexus-is-ii-klatka-bezpieczenstwa-v4\/","url":"https:\/\/cybul.eu\/pl\/sklep\/lexus-is-ii-klatka-bezpieczenstwa-v4\/","name":"Lexus IS II klatka bezpiecze\u0144stwa V4 - CYBUL","isPartOf":{"@id":"https:\/\/cybul.eu\/pl\/#website"},"primaryImageOfPage":{"@id":"https:\/\/cybul.eu\/pl\/sklep\/lexus-is-ii-klatka-bezpieczenstwa-v4\/#primaryimage"},"image":{"@id":"https:\/\/cybul.eu\/pl\/sklep\/lexus-is-ii-klatka-bezpieczenstwa-v4\/#primaryimage"},"thumbnailUrl":"https:\/\/cybul.eu\/wp-content\/uploads\/2023\/05\/Lexus-IS200-II-V4-rear.jpg","datePublished":"2023-05-18T10:47:35+00:00","dateModified":"2025-06-05T09:58:07+00:00","description":"Wyci\u0119ta laserem 3D, pogi\u0119ta na trzpieniowej gi\u0119tarce CNC. Wykonana na podstawie skanu 3D. Idealnie spasowana z nadwoziem.","breadcrumb":{"@id":"https:\/\/cybul.eu\/pl\/sklep\/lexus-is-ii-klatka-bezpieczenstwa-v4\/#breadcrumb"},"inLanguage":"pl-PL","potentialAction":[{"@type":"ReadAction","target":["https:\/\/cybul.eu\/pl\/sklep\/lexus-is-ii-klatka-bezpieczenstwa-v4\/"]}]},{"@type":"ImageObject","inLanguage":"pl-PL","@id":"https:\/\/cybul.eu\/pl\/sklep\/lexus-is-ii-klatka-bezpieczenstwa-v4\/#primaryimage","url":"https:\/\/cybul.eu\/wp-content\/uploads\/2023\/05\/Lexus-IS200-II-V4-rear.jpg","contentUrl":"https:\/\/cybul.eu\/wp-content\/uploads\/2023\/05\/Lexus-IS200-II-V4-rear.jpg","width":1500,"height":1500,"caption":"Lexus IS II V4 roll cage by Cybul Radical Solutions"},{"@type":"BreadcrumbList","@id":"https:\/\/cybul.eu\/pl\/sklep\/lexus-is-ii-klatka-bezpieczenstwa-v4\/#breadcrumb","itemListElement":[{"@type":"ListItem","position":1,"name":"Strona g\u0142\u00f3wna","item":"https:\/\/cybul.eu\/pl\/"},{"@type":"ListItem","position":2,"name":"Sklep","item":"https:\/\/cybul.eu\/pl\/sklep\/"},{"@type":"ListItem","position":3,"name":"Lexus IS II klatka bezpiecze\u0144stwa V4"}]},{"@type":"WebSite","@id":"https:\/\/cybul.eu\/pl\/#website","url":"https:\/\/cybul.eu\/pl\/","name":"CYBUL","description":"","potentialAction":[{"@type":"SearchAction","target":{"@type":"EntryPoint","urlTemplate":"https:\/\/cybul.eu\/pl\/?s={search_term_string}"},"query-input":{"@type":"PropertyValueSpecification","valueRequired":true,"valueName":"search_term_string"}}],"inLanguage":"pl-PL"}]}},"_links":{"self":[{"href":"https:\/\/cybul.eu\/pl\/wp-json\/wp\/v2\/product\/7175","targetHints":{"allow":["GET"]}}],"collection":[{"href":"https:\/\/cybul.eu\/pl\/wp-json\/wp\/v2\/product"}],"about":[{"href":"https:\/\/cybul.eu\/pl\/wp-json\/wp\/v2\/types\/product"}],"replies":[{"embeddable":true,"href":"https:\/\/cybul.eu\/pl\/wp-json\/wp\/v2\/comments?post=7175"}],"wp:featuredmedia":[{"embeddable":true,"href":"https:\/\/cybul.eu\/pl\/wp-json\/wp\/v2\/media\/7177"}],"wp:attachment":[{"href":"https:\/\/cybul.eu\/pl\/wp-json\/wp\/v2\/media?parent=7175"}],"wp:term":[{"taxonomy":"product_cat","embeddable":true,"href":"https:\/\/cybul.eu\/pl\/wp-json\/wp\/v2\/product_cat?post=7175"},{"taxonomy":"product_tag","embeddable":true,"href":"https:\/\/cybul.eu\/pl\/wp-json\/wp\/v2\/product_tag?post=7175"}],"curies":[{"name":"wp","href":"https:\/\/api.w.org\/{rel}","templated":true}]}}