{"id":6669,"date":"2023-04-06T16:11:09","date_gmt":"2023-04-06T14:11:10","guid":{"rendered":"https:\/\/cybul.eu\/?post_type=product&#038;p=6669"},"modified":"2025-06-05T11:57:58","modified_gmt":"2025-06-05T09:57:58","slug":"mazdy-mx-5-na-nb-poliuretanowe-tuleje-zawieszenia-przedniego","status":"publish","type":"product","link":"https:\/\/cybul.eu\/pl\/sklep\/mazdy-mx-5-na-nb-poliuretanowe-tuleje-zawieszenia-przedniego\/","title":{"rendered":"Mazdy MX-5 NA\/NB poliuretanowe tuleje zawieszenia przedniego"},"content":{"rendered":"<div class=\"flex-shrink-0 flex flex-col relative items-end\">\n<div>\n<div class=\"pt-0\">\n<div class=\"gizmo-bot-avatar flex h-8 w-8 items-center justify-center overflow-hidden rounded-full\">\n<div class=\"relative p-1 rounded-sm flex items-center justify-center bg-token-main-surface-primary text-token-text-primary h-8 w-8\"><span style=\"color: #555555; font-size: 14.4px;\">Poliuretanowy zestaw tulei zawieszenia przedniego dla Mazdy MX-5 NA i NB<\/span><\/div>\n<\/div>\n<\/div>\n<\/div>\n<\/div>\n<div class=\"group\/conversation-turn relative flex w-full min-w-0 flex-col agent-turn\">\n<div class=\"flex-col gap-1 md:gap-3\">\n<div class=\"flex max-w-full flex-col flex-grow\">\n<div class=\"min-h-8 text-message flex w-full flex-col items-end gap-2 whitespace-normal break-words [.text-message+&amp;]:mt-5\" dir=\"auto\" data-message-author-role=\"assistant\" data-message-id=\"8168717f-ff54-47b1-952b-0e58efe40238\" data-message-model-slug=\"gpt-4o-mini\">\n<div class=\"flex w-full flex-col gap-1 empty:hidden first:pt-[3px]\">\n<div class=\"markdown prose w-full break-words dark:prose-invert light\">\n<p><strong>G\u0142\u00f3wne korzy\u015bci:<\/strong><\/p>\n<ul>\n<li>Poprawa prowadzenia i stabilno\u015bci Mazdy MX-5 NA i NB.<\/li>\n<li>Zredukowanie ugi\u0119cia zawieszenia oraz poprawa reakcji na ruch kierownic\u0105.<\/li>\n<li>Zwi\u0119kszona trwa\u0142o\u015b\u0107 w por\u00f3wnaniu do standardowych gumowych tulei.<\/li>\n<li>\u0141atwa instalacja.<\/li>\n<\/ul>\n<p><strong>Kluczowe cechy:<\/strong><\/p>\n<ul>\n<li>Najwy\u017cszej jako\u015bci materia\u0142 poliuretanowy.<\/li>\n<li>Zaprojektowane i przetestowane do zastosowa\u0144 w wysokowydajnej je\u017adzie.<\/li>\n<\/ul>\n<p><strong>W pakiecie otrzymujesz:<\/strong><\/p>\n<ul>\n<li>Poliuretanowe tuleje do zawieszenia tylnego.<\/li>\n<li>Smar dla tulei dla \u0142atwej instalacji.<\/li>\n<\/ul>\n<\/div>\n<\/div>\n<\/div>\n<\/div>\n<\/div>\n<\/div>\n","protected":false},"excerpt":{"rendered":"<ul>\n<li data-line-height=\"m\">Najl\u017cejsze wahacze do MX-5 NA\/NB na rynku<\/li>\n<li data-line-height=\"m\">Poprawiaj\u0105 prowadzenie<\/li>\n<li data-line-height=\"m\">Umo\u017cliwiaj\u0105 regulacj\u0119 pocylenia ko\u0142a w du\u017cym zakresie<\/li>\n<li data-line-height=\"m\">Zwi\u0119kszaj\u0105 sztywno\u015b\u0107 w por\u00f3wnaniu do seryjnych wahaczy<\/li>\n<\/ul>\n","protected":false},"featured_media":6671,"comment_status":"open","ping_status":"closed","template":"","meta":[],"product_cat":[387,388,497,498],"product_tag":[346,347],"class_list":{"0":"post-6669","1":"product","2":"type-product","3":"status-publish","4":"has-post-thumbnail","6":"product_cat-mx5-na-pl","7":"product_cat-mx5-nb-pl","8":"product_cat-zawieszenie-pl","9":"product_cat-zawieszenie-pl-2","10":"product_tag-mx5-pl","11":"product_tag-mx5-podwozie-i-nadwozie","13":"first","14":"instock","15":"taxable","16":"shipping-taxable","17":"purchasable","18":"product-type-simple"},"bundled_by":[],"bundle_stock_status":"instock","bundle_stock_quantity":null,"bundle_virtual":false,"bundle_layout":"","bundle_add_to_cart_form_location":"","bundle_editable_in_cart":false,"bundle_sold_individually_context":"","bundle_item_grouping":"","bundle_min_size":"","bundle_max_size":"","bundle_price":[],"bundled_items":[],"bundle_sell_ids":[],"acf":{"zdjecie_bez_watermarka":null,"zdjecie_bez_watermarka_url":"","product_orgin_url":""},"yoast_head":"<!-- This site is optimized with the Yoast SEO plugin v23.9 - https:\/\/yoast.com\/wordpress\/plugins\/seo\/ -->\n<title>Mazdy MX-5 NA\/NB poliuretanowe tuleje zawieszenia przedniego - CYBUL<\/title>\n<meta name=\"description\" content=\"Najl\u017cejsze regulowane wahacze do MX-5 NA\/NB na rynku. Umo\u017cliwiaj\u0105 regulacj\u0119 pochylenia ko\u0142a w du\u017cym zakresie. Sztywniejsze od seryjnych wahaczy.\" \/>\n<meta name=\"robots\" content=\"index, follow, max-snippet:-1, max-image-preview:large, max-video-preview:-1\" \/>\n<link rel=\"canonical\" href=\"https:\/\/cybul.eu\/pl\/sklep\/mazdy-mx-5-na-nb-poliuretanowe-tuleje-zawieszenia-przedniego\/\" \/>\n<meta property=\"og:locale\" content=\"pl_PL\" \/>\n<meta property=\"og:type\" content=\"article\" \/>\n<meta property=\"og:title\" content=\"Mazdy MX-5 NA\/NB poliuretanowe tuleje zawieszenia przedniego - CYBUL\" \/>\n<meta property=\"og:description\" content=\"Najl\u017cejsze regulowane wahacze do MX-5 NA\/NB na rynku. Umo\u017cliwiaj\u0105 regulacj\u0119 pochylenia ko\u0142a w du\u017cym zakresie. Sztywniejsze od seryjnych wahaczy.\" \/>\n<meta property=\"og:url\" content=\"https:\/\/cybul.eu\/pl\/sklep\/mazdy-mx-5-na-nb-poliuretanowe-tuleje-zawieszenia-przedniego\/\" \/>\n<meta property=\"og:site_name\" content=\"CYBUL\" \/>\n<meta property=\"article:modified_time\" content=\"2025-06-05T09:57:58+00:00\" \/>\n<meta property=\"og:image\" content=\"https:\/\/cybul.eu\/wp-content\/uploads\/2023\/04\/MX-5_NA_NB_PRZOD_000.jpg\" \/>\n\t<meta property=\"og:image:width\" content=\"1600\" \/>\n\t<meta property=\"og:image:height\" content=\"1600\" \/>\n\t<meta property=\"og:image:type\" content=\"image\/jpeg\" \/>\n<meta name=\"twitter:card\" content=\"summary_large_image\" \/>\n<meta name=\"twitter:label1\" content=\"Szacowany czas czytania\" \/>\n\t<meta name=\"twitter:data1\" content=\"1 minuta\" \/>\n<script type=\"application\/ld+json\" class=\"yoast-schema-graph\">{\"@context\":\"https:\/\/schema.org\",\"@graph\":[{\"@type\":\"WebPage\",\"@id\":\"https:\/\/cybul.eu\/pl\/sklep\/mazdy-mx-5-na-nb-poliuretanowe-tuleje-zawieszenia-przedniego\/\",\"url\":\"https:\/\/cybul.eu\/pl\/sklep\/mazdy-mx-5-na-nb-poliuretanowe-tuleje-zawieszenia-przedniego\/\",\"name\":\"Mazdy MX-5 NA\/NB poliuretanowe tuleje zawieszenia przedniego - CYBUL\",\"isPartOf\":{\"@id\":\"https:\/\/cybul.eu\/pl\/#website\"},\"primaryImageOfPage\":{\"@id\":\"https:\/\/cybul.eu\/pl\/sklep\/mazdy-mx-5-na-nb-poliuretanowe-tuleje-zawieszenia-przedniego\/#primaryimage\"},\"image\":{\"@id\":\"https:\/\/cybul.eu\/pl\/sklep\/mazdy-mx-5-na-nb-poliuretanowe-tuleje-zawieszenia-przedniego\/#primaryimage\"},\"thumbnailUrl\":\"https:\/\/cybul.eu\/wp-content\/uploads\/2023\/04\/MX-5_NA_NB_PRZOD_000.jpg\",\"datePublished\":\"2023-04-06T14:11:10+00:00\",\"dateModified\":\"2025-06-05T09:57:58+00:00\",\"description\":\"Najl\u017cejsze regulowane wahacze do MX-5 NA\/NB na rynku. Umo\u017cliwiaj\u0105 regulacj\u0119 pochylenia ko\u0142a w du\u017cym zakresie. Sztywniejsze od seryjnych wahaczy.\",\"breadcrumb\":{\"@id\":\"https:\/\/cybul.eu\/pl\/sklep\/mazdy-mx-5-na-nb-poliuretanowe-tuleje-zawieszenia-przedniego\/#breadcrumb\"},\"inLanguage\":\"pl-PL\",\"potentialAction\":[{\"@type\":\"ReadAction\",\"target\":[\"https:\/\/cybul.eu\/pl\/sklep\/mazdy-mx-5-na-nb-poliuretanowe-tuleje-zawieszenia-przedniego\/\"]}]},{\"@type\":\"ImageObject\",\"inLanguage\":\"pl-PL\",\"@id\":\"https:\/\/cybul.eu\/pl\/sklep\/mazdy-mx-5-na-nb-poliuretanowe-tuleje-zawieszenia-przedniego\/#primaryimage\",\"url\":\"https:\/\/cybul.eu\/wp-content\/uploads\/2023\/04\/MX-5_NA_NB_PRZOD_000.jpg\",\"contentUrl\":\"https:\/\/cybul.eu\/wp-content\/uploads\/2023\/04\/MX-5_NA_NB_PRZOD_000.jpg\",\"width\":1600,\"height\":1600,\"caption\":\"Polyurethane front suspension bushing kt for Mazda MX-5 NA\/NB\"},{\"@type\":\"BreadcrumbList\",\"@id\":\"https:\/\/cybul.eu\/pl\/sklep\/mazdy-mx-5-na-nb-poliuretanowe-tuleje-zawieszenia-przedniego\/#breadcrumb\",\"itemListElement\":[{\"@type\":\"ListItem\",\"position\":1,\"name\":\"Strona g\u0142\u00f3wna\",\"item\":\"https:\/\/cybul.eu\/pl\/\"},{\"@type\":\"ListItem\",\"position\":2,\"name\":\"Sklep\",\"item\":\"https:\/\/cybul.eu\/pl\/sklep\/\"},{\"@type\":\"ListItem\",\"position\":3,\"name\":\"Mazdy MX-5 NA\/NB poliuretanowe tuleje zawieszenia przedniego\"}]},{\"@type\":\"WebSite\",\"@id\":\"https:\/\/cybul.eu\/pl\/#website\",\"url\":\"https:\/\/cybul.eu\/pl\/\",\"name\":\"CYBUL\",\"description\":\"\",\"potentialAction\":[{\"@type\":\"SearchAction\",\"target\":{\"@type\":\"EntryPoint\",\"urlTemplate\":\"https:\/\/cybul.eu\/pl\/?s={search_term_string}\"},\"query-input\":{\"@type\":\"PropertyValueSpecification\",\"valueRequired\":true,\"valueName\":\"search_term_string\"}}],\"inLanguage\":\"pl-PL\"}]}<\/script>\n<!-- \/ Yoast SEO plugin. -->","yoast_head_json":{"title":"Mazdy MX-5 NA\/NB poliuretanowe tuleje zawieszenia przedniego - CYBUL","description":"Najl\u017cejsze regulowane wahacze do MX-5 NA\/NB na rynku. Umo\u017cliwiaj\u0105 regulacj\u0119 pochylenia ko\u0142a w du\u017cym zakresie. Sztywniejsze od seryjnych wahaczy.","robots":{"index":"index","follow":"follow","max-snippet":"max-snippet:-1","max-image-preview":"max-image-preview:large","max-video-preview":"max-video-preview:-1"},"canonical":"https:\/\/cybul.eu\/pl\/sklep\/mazdy-mx-5-na-nb-poliuretanowe-tuleje-zawieszenia-przedniego\/","og_locale":"pl_PL","og_type":"article","og_title":"Mazdy MX-5 NA\/NB poliuretanowe tuleje zawieszenia przedniego - CYBUL","og_description":"Najl\u017cejsze regulowane wahacze do MX-5 NA\/NB na rynku. Umo\u017cliwiaj\u0105 regulacj\u0119 pochylenia ko\u0142a w du\u017cym zakresie. Sztywniejsze od seryjnych wahaczy.","og_url":"https:\/\/cybul.eu\/pl\/sklep\/mazdy-mx-5-na-nb-poliuretanowe-tuleje-zawieszenia-przedniego\/","og_site_name":"CYBUL","article_modified_time":"2025-06-05T09:57:58+00:00","og_image":[{"width":1600,"height":1600,"url":"https:\/\/cybul.eu\/wp-content\/uploads\/2023\/04\/MX-5_NA_NB_PRZOD_000.jpg","type":"image\/jpeg"}],"twitter_card":"summary_large_image","twitter_misc":{"Szacowany czas czytania":"1 minuta"},"schema":{"@context":"https:\/\/schema.org","@graph":[{"@type":"WebPage","@id":"https:\/\/cybul.eu\/pl\/sklep\/mazdy-mx-5-na-nb-poliuretanowe-tuleje-zawieszenia-przedniego\/","url":"https:\/\/cybul.eu\/pl\/sklep\/mazdy-mx-5-na-nb-poliuretanowe-tuleje-zawieszenia-przedniego\/","name":"Mazdy MX-5 NA\/NB poliuretanowe tuleje zawieszenia przedniego - CYBUL","isPartOf":{"@id":"https:\/\/cybul.eu\/pl\/#website"},"primaryImageOfPage":{"@id":"https:\/\/cybul.eu\/pl\/sklep\/mazdy-mx-5-na-nb-poliuretanowe-tuleje-zawieszenia-przedniego\/#primaryimage"},"image":{"@id":"https:\/\/cybul.eu\/pl\/sklep\/mazdy-mx-5-na-nb-poliuretanowe-tuleje-zawieszenia-przedniego\/#primaryimage"},"thumbnailUrl":"https:\/\/cybul.eu\/wp-content\/uploads\/2023\/04\/MX-5_NA_NB_PRZOD_000.jpg","datePublished":"2023-04-06T14:11:10+00:00","dateModified":"2025-06-05T09:57:58+00:00","description":"Najl\u017cejsze regulowane wahacze do MX-5 NA\/NB na rynku. Umo\u017cliwiaj\u0105 regulacj\u0119 pochylenia ko\u0142a w du\u017cym zakresie. Sztywniejsze od seryjnych wahaczy.","breadcrumb":{"@id":"https:\/\/cybul.eu\/pl\/sklep\/mazdy-mx-5-na-nb-poliuretanowe-tuleje-zawieszenia-przedniego\/#breadcrumb"},"inLanguage":"pl-PL","potentialAction":[{"@type":"ReadAction","target":["https:\/\/cybul.eu\/pl\/sklep\/mazdy-mx-5-na-nb-poliuretanowe-tuleje-zawieszenia-przedniego\/"]}]},{"@type":"ImageObject","inLanguage":"pl-PL","@id":"https:\/\/cybul.eu\/pl\/sklep\/mazdy-mx-5-na-nb-poliuretanowe-tuleje-zawieszenia-przedniego\/#primaryimage","url":"https:\/\/cybul.eu\/wp-content\/uploads\/2023\/04\/MX-5_NA_NB_PRZOD_000.jpg","contentUrl":"https:\/\/cybul.eu\/wp-content\/uploads\/2023\/04\/MX-5_NA_NB_PRZOD_000.jpg","width":1600,"height":1600,"caption":"Polyurethane front suspension bushing kt for Mazda MX-5 NA\/NB"},{"@type":"BreadcrumbList","@id":"https:\/\/cybul.eu\/pl\/sklep\/mazdy-mx-5-na-nb-poliuretanowe-tuleje-zawieszenia-przedniego\/#breadcrumb","itemListElement":[{"@type":"ListItem","position":1,"name":"Strona g\u0142\u00f3wna","item":"https:\/\/cybul.eu\/pl\/"},{"@type":"ListItem","position":2,"name":"Sklep","item":"https:\/\/cybul.eu\/pl\/sklep\/"},{"@type":"ListItem","position":3,"name":"Mazdy MX-5 NA\/NB poliuretanowe tuleje zawieszenia przedniego"}]},{"@type":"WebSite","@id":"https:\/\/cybul.eu\/pl\/#website","url":"https:\/\/cybul.eu\/pl\/","name":"CYBUL","description":"","potentialAction":[{"@type":"SearchAction","target":{"@type":"EntryPoint","urlTemplate":"https:\/\/cybul.eu\/pl\/?s={search_term_string}"},"query-input":{"@type":"PropertyValueSpecification","valueRequired":true,"valueName":"search_term_string"}}],"inLanguage":"pl-PL"}]}},"_links":{"self":[{"href":"https:\/\/cybul.eu\/pl\/wp-json\/wp\/v2\/product\/6669","targetHints":{"allow":["GET"]}}],"collection":[{"href":"https:\/\/cybul.eu\/pl\/wp-json\/wp\/v2\/product"}],"about":[{"href":"https:\/\/cybul.eu\/pl\/wp-json\/wp\/v2\/types\/product"}],"replies":[{"embeddable":true,"href":"https:\/\/cybul.eu\/pl\/wp-json\/wp\/v2\/comments?post=6669"}],"wp:featuredmedia":[{"embeddable":true,"href":"https:\/\/cybul.eu\/pl\/wp-json\/wp\/v2\/media\/6671"}],"wp:attachment":[{"href":"https:\/\/cybul.eu\/pl\/wp-json\/wp\/v2\/media?parent=6669"}],"wp:term":[{"taxonomy":"product_cat","embeddable":true,"href":"https:\/\/cybul.eu\/pl\/wp-json\/wp\/v2\/product_cat?post=6669"},{"taxonomy":"product_tag","embeddable":true,"href":"https:\/\/cybul.eu\/pl\/wp-json\/wp\/v2\/product_tag?post=6669"}],"curies":[{"name":"wp","href":"https:\/\/api.w.org\/{rel}","templated":true}]}}