{"id":6653,"date":"2023-04-06T13:36:34","date_gmt":"2023-04-06T11:36:35","guid":{"rendered":"https:\/\/cybul.eu\/?post_type=product&#038;p=6653"},"modified":"2024-10-28T15:08:23","modified_gmt":"2024-10-28T14:08:23","slug":"mazda-mx-5-na-nb-zestaw-tulei-poliuretanowych-do-zawieszenia-tylnego","status":"publish","type":"product","link":"https:\/\/cybul.eu\/pl\/sklep\/mazda-mx-5-na-nb-zestaw-tulei-poliuretanowych-do-zawieszenia-tylnego\/","title":{"rendered":"Mazda MX-5 NA\/NB, zestaw tulei poliuretanowych do zawieszenia tylnego"},"content":{"rendered":"<p>Mazda MX-5 NA\/NB, zestaw tulei poliuretanowych do zawieszenia tylnego.<\/p>\n<p><strong>G\u0142\u00f3wne korzy\u015bci:<\/strong><\/p>\n<ul>\n<li>Poprawa prowadzenia i stabilno\u015bci Mazdy MX-5 NA i NB.<\/li>\n<li>Zredukowanie ugi\u0119cia zawieszenia oraz poprawa reakcji.<\/li>\n<li>Zwi\u0119kszona trwa\u0142o\u015b\u0107 i d\u0142ugowieczno\u015b\u0107 w por\u00f3wnaniu do standardowych gumowych tulei.<\/li>\n<li>\u0141atwa instalacja z do\u0142\u0105czonym lubrykantem do tulei.<\/li>\n<\/ul>\n<p><strong>Kluczowe cechy:<\/strong><\/p>\n<ul>\n<li>Precyzyjnie zaprojektowany materia\u0142 poliuretanowy.<\/li>\n<li>Bezpo\u015brednia wymiana dla standardowych gumowych tulei, bez potrzeby modyfikacji.<\/li>\n<li>Zaprojektowane i przetestowane do zastosowa\u0144 w wysokowydajnej je\u017adzie.<\/li>\n<li>Zawiera lubrykant do tulei dla \u0142atwej instalacji i konserwacji.<\/li>\n<\/ul>\n<p><strong>W pakiecie otrzymujesz:<\/strong><\/p>\n<ul>\n<li>Poliuretanowe tuleje do zawieszenia tylnego.<\/li>\n<li>Lubrykant do tulei dla \u0142atwej instalacji i konserwacji.<\/li>\n<\/ul>\n","protected":false},"excerpt":{"rendered":"<ul>\n<li data-line-height=\"m\">Najl\u017cejsze wahacze do MX-5 NA\/NB na rynku<\/li>\n<li data-line-height=\"m\">Poprawiaj\u0105 prowadzenie<\/li>\n<li data-line-height=\"m\">Umo\u017cliwiaj\u0105 regulacj\u0119 pocylenia ko\u0142a w du\u017cym zakresie<\/li>\n<li data-line-height=\"m\">Zwi\u0119kszaj\u0105 sztywno\u015b\u0107 w por\u00f3wnaniu do seryjnych wahaczy<\/li>\n<\/ul>\n","protected":false},"featured_media":6655,"comment_status":"open","ping_status":"closed","template":"","meta":[],"product_cat":[387,388,497,498],"product_tag":[346,347],"class_list":{"0":"post-6653","1":"product","2":"type-product","3":"status-publish","4":"has-post-thumbnail","6":"product_cat-mx5-na-pl","7":"product_cat-mx5-nb-pl","8":"product_cat-zawieszenie-pl","9":"product_cat-zawieszenie-pl-2","10":"product_tag-mx5-pl","11":"product_tag-mx5-podwozie-i-nadwozie","13":"first","14":"instock","15":"taxable","16":"shipping-taxable","17":"purchasable","18":"product-type-simple"},"bundled_by":[],"bundle_stock_status":"instock","bundle_stock_quantity":null,"bundle_virtual":false,"bundle_layout":"","bundle_add_to_cart_form_location":"","bundle_editable_in_cart":false,"bundle_sold_individually_context":"","bundle_item_grouping":"","bundle_min_size":"","bundle_max_size":"","bundle_price":[],"bundled_items":[],"bundle_sell_ids":[],"acf":{"zdjecie_bez_watermarka":null,"zdjecie_bez_watermarka_url":"","product_orgin_url":""},"yoast_head":"<!-- This site is optimized with the Yoast SEO plugin v23.9 - https:\/\/yoast.com\/wordpress\/plugins\/seo\/ -->\n<title>Mazda MX-5 NA\/NB, zestaw tulei poliuretanowych do zawieszenia tylnego - CYBUL<\/title>\n<meta name=\"description\" content=\"Wykonane z najwy\u017cszej jako\u015bci poliuretanu. Bardzo wytrzyma\u0142e, przetestowane na torze wy\u015bcigowym. Sztywniejsze od seryjnych tulei gumowych\" \/>\n<meta name=\"robots\" content=\"index, follow, max-snippet:-1, max-image-preview:large, max-video-preview:-1\" \/>\n<link rel=\"canonical\" href=\"https:\/\/cybul.eu\/pl\/sklep\/mazda-mx-5-na-nb-zestaw-tulei-poliuretanowych-do-zawieszenia-tylnego\/\" \/>\n<meta property=\"og:locale\" content=\"pl_PL\" \/>\n<meta property=\"og:type\" content=\"article\" \/>\n<meta property=\"og:title\" content=\"Mazda MX-5 NA\/NB, zestaw tulei poliuretanowych do zawieszenia tylnego - CYBUL\" \/>\n<meta property=\"og:description\" content=\"Wykonane z najwy\u017cszej jako\u015bci poliuretanu. Bardzo wytrzyma\u0142e, przetestowane na torze wy\u015bcigowym. Sztywniejsze od seryjnych tulei gumowych\" \/>\n<meta property=\"og:url\" content=\"https:\/\/cybul.eu\/pl\/sklep\/mazda-mx-5-na-nb-zestaw-tulei-poliuretanowych-do-zawieszenia-tylnego\/\" \/>\n<meta property=\"og:site_name\" content=\"CYBUL\" \/>\n<meta property=\"article:modified_time\" content=\"2024-10-28T14:08:23+00:00\" \/>\n<meta property=\"og:image\" content=\"https:\/\/cybul.eu\/wp-content\/uploads\/2023\/04\/MX5-NA_NB_TYL_000.jpg\" \/>\n\t<meta property=\"og:image:width\" content=\"1600\" \/>\n\t<meta property=\"og:image:height\" content=\"1600\" \/>\n\t<meta property=\"og:image:type\" content=\"image\/jpeg\" \/>\n<meta name=\"twitter:card\" content=\"summary_large_image\" \/>\n<meta name=\"twitter:label1\" content=\"Szacowany czas czytania\" \/>\n\t<meta name=\"twitter:data1\" content=\"1 minuta\" \/>\n<script type=\"application\/ld+json\" class=\"yoast-schema-graph\">{\"@context\":\"https:\/\/schema.org\",\"@graph\":[{\"@type\":\"WebPage\",\"@id\":\"https:\/\/cybul.eu\/pl\/sklep\/mazda-mx-5-na-nb-zestaw-tulei-poliuretanowych-do-zawieszenia-tylnego\/\",\"url\":\"https:\/\/cybul.eu\/pl\/sklep\/mazda-mx-5-na-nb-zestaw-tulei-poliuretanowych-do-zawieszenia-tylnego\/\",\"name\":\"Mazda MX-5 NA\/NB, zestaw tulei poliuretanowych do zawieszenia tylnego - CYBUL\",\"isPartOf\":{\"@id\":\"https:\/\/cybul.eu\/pl\/#website\"},\"primaryImageOfPage\":{\"@id\":\"https:\/\/cybul.eu\/pl\/sklep\/mazda-mx-5-na-nb-zestaw-tulei-poliuretanowych-do-zawieszenia-tylnego\/#primaryimage\"},\"image\":{\"@id\":\"https:\/\/cybul.eu\/pl\/sklep\/mazda-mx-5-na-nb-zestaw-tulei-poliuretanowych-do-zawieszenia-tylnego\/#primaryimage\"},\"thumbnailUrl\":\"https:\/\/cybul.eu\/wp-content\/uploads\/2023\/04\/MX5-NA_NB_TYL_000.jpg\",\"datePublished\":\"2023-04-06T11:36:35+00:00\",\"dateModified\":\"2024-10-28T14:08:23+00:00\",\"description\":\"Wykonane z najwy\u017cszej jako\u015bci poliuretanu. Bardzo wytrzyma\u0142e, przetestowane na torze wy\u015bcigowym. Sztywniejsze od seryjnych tulei gumowych\",\"breadcrumb\":{\"@id\":\"https:\/\/cybul.eu\/pl\/sklep\/mazda-mx-5-na-nb-zestaw-tulei-poliuretanowych-do-zawieszenia-tylnego\/#breadcrumb\"},\"inLanguage\":\"pl-PL\",\"potentialAction\":[{\"@type\":\"ReadAction\",\"target\":[\"https:\/\/cybul.eu\/pl\/sklep\/mazda-mx-5-na-nb-zestaw-tulei-poliuretanowych-do-zawieszenia-tylnego\/\"]}]},{\"@type\":\"ImageObject\",\"inLanguage\":\"pl-PL\",\"@id\":\"https:\/\/cybul.eu\/pl\/sklep\/mazda-mx-5-na-nb-zestaw-tulei-poliuretanowych-do-zawieszenia-tylnego\/#primaryimage\",\"url\":\"https:\/\/cybul.eu\/wp-content\/uploads\/2023\/04\/MX5-NA_NB_TYL_000.jpg\",\"contentUrl\":\"https:\/\/cybul.eu\/wp-content\/uploads\/2023\/04\/MX5-NA_NB_TYL_000.jpg\",\"width\":1600,\"height\":1600,\"caption\":\"Mazda MX-5 NA and NB rear suspension poyurethane bushing kit\"},{\"@type\":\"BreadcrumbList\",\"@id\":\"https:\/\/cybul.eu\/pl\/sklep\/mazda-mx-5-na-nb-zestaw-tulei-poliuretanowych-do-zawieszenia-tylnego\/#breadcrumb\",\"itemListElement\":[{\"@type\":\"ListItem\",\"position\":1,\"name\":\"Strona g\u0142\u00f3wna\",\"item\":\"https:\/\/cybul.eu\/pl\/\"},{\"@type\":\"ListItem\",\"position\":2,\"name\":\"Sklep\",\"item\":\"https:\/\/cybul.eu\/pl\/sklep\/\"},{\"@type\":\"ListItem\",\"position\":3,\"name\":\"Mazda MX-5 NA\/NB, zestaw tulei poliuretanowych do zawieszenia tylnego\"}]},{\"@type\":\"WebSite\",\"@id\":\"https:\/\/cybul.eu\/pl\/#website\",\"url\":\"https:\/\/cybul.eu\/pl\/\",\"name\":\"CYBUL\",\"description\":\"\",\"potentialAction\":[{\"@type\":\"SearchAction\",\"target\":{\"@type\":\"EntryPoint\",\"urlTemplate\":\"https:\/\/cybul.eu\/pl\/?s={search_term_string}\"},\"query-input\":{\"@type\":\"PropertyValueSpecification\",\"valueRequired\":true,\"valueName\":\"search_term_string\"}}],\"inLanguage\":\"pl-PL\"}]}<\/script>\n<!-- \/ Yoast SEO plugin. -->","yoast_head_json":{"title":"Mazda MX-5 NA\/NB, zestaw tulei poliuretanowych do zawieszenia tylnego - CYBUL","description":"Wykonane z najwy\u017cszej jako\u015bci poliuretanu. Bardzo wytrzyma\u0142e, przetestowane na torze wy\u015bcigowym. Sztywniejsze od seryjnych tulei gumowych","robots":{"index":"index","follow":"follow","max-snippet":"max-snippet:-1","max-image-preview":"max-image-preview:large","max-video-preview":"max-video-preview:-1"},"canonical":"https:\/\/cybul.eu\/pl\/sklep\/mazda-mx-5-na-nb-zestaw-tulei-poliuretanowych-do-zawieszenia-tylnego\/","og_locale":"pl_PL","og_type":"article","og_title":"Mazda MX-5 NA\/NB, zestaw tulei poliuretanowych do zawieszenia tylnego - CYBUL","og_description":"Wykonane z najwy\u017cszej jako\u015bci poliuretanu. Bardzo wytrzyma\u0142e, przetestowane na torze wy\u015bcigowym. Sztywniejsze od seryjnych tulei gumowych","og_url":"https:\/\/cybul.eu\/pl\/sklep\/mazda-mx-5-na-nb-zestaw-tulei-poliuretanowych-do-zawieszenia-tylnego\/","og_site_name":"CYBUL","article_modified_time":"2024-10-28T14:08:23+00:00","og_image":[{"width":1600,"height":1600,"url":"https:\/\/cybul.eu\/wp-content\/uploads\/2023\/04\/MX5-NA_NB_TYL_000.jpg","type":"image\/jpeg"}],"twitter_card":"summary_large_image","twitter_misc":{"Szacowany czas czytania":"1 minuta"},"schema":{"@context":"https:\/\/schema.org","@graph":[{"@type":"WebPage","@id":"https:\/\/cybul.eu\/pl\/sklep\/mazda-mx-5-na-nb-zestaw-tulei-poliuretanowych-do-zawieszenia-tylnego\/","url":"https:\/\/cybul.eu\/pl\/sklep\/mazda-mx-5-na-nb-zestaw-tulei-poliuretanowych-do-zawieszenia-tylnego\/","name":"Mazda MX-5 NA\/NB, zestaw tulei poliuretanowych do zawieszenia tylnego - CYBUL","isPartOf":{"@id":"https:\/\/cybul.eu\/pl\/#website"},"primaryImageOfPage":{"@id":"https:\/\/cybul.eu\/pl\/sklep\/mazda-mx-5-na-nb-zestaw-tulei-poliuretanowych-do-zawieszenia-tylnego\/#primaryimage"},"image":{"@id":"https:\/\/cybul.eu\/pl\/sklep\/mazda-mx-5-na-nb-zestaw-tulei-poliuretanowych-do-zawieszenia-tylnego\/#primaryimage"},"thumbnailUrl":"https:\/\/cybul.eu\/wp-content\/uploads\/2023\/04\/MX5-NA_NB_TYL_000.jpg","datePublished":"2023-04-06T11:36:35+00:00","dateModified":"2024-10-28T14:08:23+00:00","description":"Wykonane z najwy\u017cszej jako\u015bci poliuretanu. Bardzo wytrzyma\u0142e, przetestowane na torze wy\u015bcigowym. Sztywniejsze od seryjnych tulei gumowych","breadcrumb":{"@id":"https:\/\/cybul.eu\/pl\/sklep\/mazda-mx-5-na-nb-zestaw-tulei-poliuretanowych-do-zawieszenia-tylnego\/#breadcrumb"},"inLanguage":"pl-PL","potentialAction":[{"@type":"ReadAction","target":["https:\/\/cybul.eu\/pl\/sklep\/mazda-mx-5-na-nb-zestaw-tulei-poliuretanowych-do-zawieszenia-tylnego\/"]}]},{"@type":"ImageObject","inLanguage":"pl-PL","@id":"https:\/\/cybul.eu\/pl\/sklep\/mazda-mx-5-na-nb-zestaw-tulei-poliuretanowych-do-zawieszenia-tylnego\/#primaryimage","url":"https:\/\/cybul.eu\/wp-content\/uploads\/2023\/04\/MX5-NA_NB_TYL_000.jpg","contentUrl":"https:\/\/cybul.eu\/wp-content\/uploads\/2023\/04\/MX5-NA_NB_TYL_000.jpg","width":1600,"height":1600,"caption":"Mazda MX-5 NA and NB rear suspension poyurethane bushing kit"},{"@type":"BreadcrumbList","@id":"https:\/\/cybul.eu\/pl\/sklep\/mazda-mx-5-na-nb-zestaw-tulei-poliuretanowych-do-zawieszenia-tylnego\/#breadcrumb","itemListElement":[{"@type":"ListItem","position":1,"name":"Strona g\u0142\u00f3wna","item":"https:\/\/cybul.eu\/pl\/"},{"@type":"ListItem","position":2,"name":"Sklep","item":"https:\/\/cybul.eu\/pl\/sklep\/"},{"@type":"ListItem","position":3,"name":"Mazda MX-5 NA\/NB, zestaw tulei poliuretanowych do zawieszenia tylnego"}]},{"@type":"WebSite","@id":"https:\/\/cybul.eu\/pl\/#website","url":"https:\/\/cybul.eu\/pl\/","name":"CYBUL","description":"","potentialAction":[{"@type":"SearchAction","target":{"@type":"EntryPoint","urlTemplate":"https:\/\/cybul.eu\/pl\/?s={search_term_string}"},"query-input":{"@type":"PropertyValueSpecification","valueRequired":true,"valueName":"search_term_string"}}],"inLanguage":"pl-PL"}]}},"_links":{"self":[{"href":"https:\/\/cybul.eu\/pl\/wp-json\/wp\/v2\/product\/6653","targetHints":{"allow":["GET"]}}],"collection":[{"href":"https:\/\/cybul.eu\/pl\/wp-json\/wp\/v2\/product"}],"about":[{"href":"https:\/\/cybul.eu\/pl\/wp-json\/wp\/v2\/types\/product"}],"replies":[{"embeddable":true,"href":"https:\/\/cybul.eu\/pl\/wp-json\/wp\/v2\/comments?post=6653"}],"wp:featuredmedia":[{"embeddable":true,"href":"https:\/\/cybul.eu\/pl\/wp-json\/wp\/v2\/media\/6655"}],"wp:attachment":[{"href":"https:\/\/cybul.eu\/pl\/wp-json\/wp\/v2\/media?parent=6653"}],"wp:term":[{"taxonomy":"product_cat","embeddable":true,"href":"https:\/\/cybul.eu\/pl\/wp-json\/wp\/v2\/product_cat?post=6653"},{"taxonomy":"product_tag","embeddable":true,"href":"https:\/\/cybul.eu\/pl\/wp-json\/wp\/v2\/product_tag?post=6653"}],"curies":[{"name":"wp","href":"https:\/\/api.w.org\/{rel}","templated":true}]}}