{"id":6644,"date":"2023-04-05T15:44:05","date_gmt":"2023-04-05T13:44:05","guid":{"rendered":"https:\/\/cybul.eu\/?post_type=product&#038;p=6644"},"modified":"2024-10-28T15:10:00","modified_gmt":"2024-10-28T14:10:00","slug":"m60-m62-dwutarczowe-sprzeglo-pod-skrzynie-od-m57-gs5-39dz-copy-2","status":"publish","type":"product","link":"https:\/\/cybul.eu\/pl\/sklep\/m60-m62-dwutarczowe-sprzeglo-pod-skrzynie-od-m57-gs5-39dz-copy-2\/","title":{"rendered":"M60\/M62 sprz\u0119g\u0142o z jednomasowym ko\u0142em zamachowym"},"content":{"rendered":"<p>M60\/M62, zestaw sprz\u0119g\u0142a do silnika z serujn\u0105 skrzyni\u0105 bieg\u00f3w &#8211; dost\u0119pny dla skrzy\u0144 bieg\u00f3w 5- i 6-biegowych.<\/p>\n<p><strong>G\u0142\u00f3wne korzy\u015bci:<\/strong><\/p>\n<ul>\n<li>Poprawiona wydajno\u015b\u0107 sprz\u0119g\u0142a i trwa\u0142o\u015b\u0107 dla silnika M60\/M62 z standardow\u0105 skrzyni\u0105 bieg\u00f3w.<\/li>\n<li>P\u0142ynna zmiana bieg\u00f3w i zredukowany u\u015blizg.<\/li>\n<li>Zwi\u0119kszona zdolno\u015b\u0107 przenoszenia momentu obrotowego do 550 Nm.<\/li>\n<li>Organiczny materia\u0142 cierny z kevlaru dla lepszego chwytu i odporno\u015bci na ciep\u0142o.<\/li>\n<li>\u0141atwa instalacja z do\u0142\u0105czonym \u0142o\u017cyskiem oporowym.<\/li>\n<\/ul>\n<p><strong>Kluczowe cechy:<\/strong><\/p>\n<ul>\n<li>Ko\u0142o zamachowe o masie pojedynczej dla lepszej reakcji na gaz i przyspieszenia.<\/li>\n<li>Mocna i niezawodna p\u0142yta dociskowa Sachs dla sp\u00f3jnego za\u0142\u0105czania sprz\u0119g\u0142a.<\/li>\n<li>Organiczny materia\u0142 cierny z kevlaru dla lepszego chwytu i trwa\u0142o\u015bci.<\/li>\n<li>Kompatybilne z przek\u0142adni\u0105 standardow\u0105 i innymi elementami nap\u0119du.<\/li>\n<li>Zaprojektowane i przetestowane do zastosowa\u0144 w wysokowydajnej je\u017adzie.<\/li>\n<li>Precyzyjnie wywa\u017cone i starannie zaprojektowane, aby zapewni\u0107 p\u0142ynne dzia\u0142anie i zredukowa\u0107 wibracje.<\/li>\n<\/ul>\n<p><strong>W pakiecie otrzymujesz:<\/strong><\/p>\n<ul>\n<li>Tarcza sprz\u0119g\u0142owa z organicznym materia\u0142em ciernym z kevlaru.<\/li>\n<li>P\u0142yta dociskowa z mocnymi i niezawodnymi komponentami Sachs.<\/li>\n<li>Ko\u0142o zamachowe o masie pojedynczej dla lepszej reakcji na gaz i przyspieszenia.<\/li>\n<li>\u0141o\u017cysko oporowe dla \u0142atwej instalacji.<\/li>\n<li>Zestaw \u015brub do ko\u0142a zamachowego.<\/li>\n<li>Zestaw modyfikacyjny do spawania dla widelca sprz\u0119g\u0142a (nale\u017cy przylutowa\u0107 dwa podk\u0142adki).<\/li>\n<\/ul>\n<p><strong>Uwaga:<\/strong> Ko\u0142o zamachowe o masie pojedynczej zawarte w tym zestawie mo\u017ce powodowa\u0107 zwi\u0119kszone wibracje w poje\u017adzie z powodu swojej l\u017cejszej wagi i zmniejszonych w\u0142a\u015bciwo\u015bci t\u0142umi\u0105cych. Jednak poprawiona reakcja na gaz i przyspieszenie zapewnione przez ko\u0142o zamachowe czyni\u0105 je idealnym wyborem do zastosowa\u0144 w wysokowydajnej je\u017adzie.<\/p>\n","protected":false},"excerpt":{"rendered":"<p>P\u0142ynnie dzia\u0142aj\u0105cy, bardzo wytrzyma\u0142y zestaw, kt\u00f3ry przenosi ponad <strong>1100NM<\/strong><\/p>\n","protected":false},"featured_media":6648,"comment_status":"open","ping_status":"closed","template":"","meta":[],"product_cat":[376,377,359],"product_tag":[360],"class_list":{"0":"post-6644","1":"product","2":"type-product","3":"status-publish","4":"has-post-thumbnail","6":"product_cat-e36","7":"product_cat-e46","8":"product_cat-sprzegla","9":"product_tag-sprzegla","11":"first","12":"instock","13":"taxable","14":"shipping-taxable","15":"purchasable","16":"product-type-simple"},"bundled_by":[],"bundle_stock_status":"instock","bundle_stock_quantity":null,"bundle_virtual":false,"bundle_layout":"","bundle_add_to_cart_form_location":"","bundle_editable_in_cart":false,"bundle_sold_individually_context":"","bundle_item_grouping":"","bundle_min_size":"","bundle_max_size":"","bundle_price":[],"bundled_items":[],"bundle_sell_ids":[],"acf":{"zdjecie_bez_watermarka":null,"zdjecie_bez_watermarka_url":"","product_orgin_url":""},"yoast_head":"<!-- This site is optimized with the Yoast SEO plugin v23.9 - https:\/\/yoast.com\/wordpress\/plugins\/seo\/ -->\n<title>M60\/M62 sprz\u0119g\u0142o z jednomasowym ko\u0142em zamachowym - CYBUL<\/title>\n<meta name=\"robots\" content=\"index, follow, max-snippet:-1, max-image-preview:large, max-video-preview:-1\" \/>\n<link rel=\"canonical\" href=\"https:\/\/cybul.eu\/pl\/sklep\/m60-m62-dwutarczowe-sprzeglo-pod-skrzynie-od-m57-gs5-39dz-copy-2\/\" \/>\n<meta property=\"og:locale\" content=\"pl_PL\" \/>\n<meta property=\"og:type\" content=\"article\" \/>\n<meta property=\"og:title\" content=\"M60\/M62 sprz\u0119g\u0142o z jednomasowym ko\u0142em zamachowym - CYBUL\" \/>\n<meta property=\"og:description\" content=\"P\u0142ynnie dzia\u0142aj\u0105cy, bardzo wytrzyma\u0142y zestaw, kt\u00f3ry przenosi ponad 1100NM\" \/>\n<meta property=\"og:url\" content=\"https:\/\/cybul.eu\/pl\/sklep\/m60-m62-dwutarczowe-sprzeglo-pod-skrzynie-od-m57-gs5-39dz-copy-2\/\" \/>\n<meta property=\"og:site_name\" content=\"CYBUL\" \/>\n<meta property=\"article:modified_time\" content=\"2024-10-28T14:10:00+00:00\" \/>\n<meta property=\"og:image\" content=\"https:\/\/cybul.eu\/wp-content\/uploads\/2023\/04\/SPRZEGLO_02.jpg\" \/>\n\t<meta property=\"og:image:width\" content=\"1600\" \/>\n\t<meta property=\"og:image:height\" content=\"1600\" \/>\n\t<meta property=\"og:image:type\" content=\"image\/jpeg\" \/>\n<meta name=\"twitter:card\" content=\"summary_large_image\" \/>\n<meta name=\"twitter:label1\" content=\"Szacowany czas czytania\" \/>\n\t<meta name=\"twitter:data1\" content=\"1 minuta\" \/>\n<script type=\"application\/ld+json\" class=\"yoast-schema-graph\">{\"@context\":\"https:\/\/schema.org\",\"@graph\":[{\"@type\":\"WebPage\",\"@id\":\"https:\/\/cybul.eu\/pl\/sklep\/m60-m62-dwutarczowe-sprzeglo-pod-skrzynie-od-m57-gs5-39dz-copy-2\/\",\"url\":\"https:\/\/cybul.eu\/pl\/sklep\/m60-m62-dwutarczowe-sprzeglo-pod-skrzynie-od-m57-gs5-39dz-copy-2\/\",\"name\":\"M60\/M62 sprz\u0119g\u0142o z jednomasowym ko\u0142em zamachowym - CYBUL\",\"isPartOf\":{\"@id\":\"https:\/\/cybul.eu\/pl\/#website\"},\"primaryImageOfPage\":{\"@id\":\"https:\/\/cybul.eu\/pl\/sklep\/m60-m62-dwutarczowe-sprzeglo-pod-skrzynie-od-m57-gs5-39dz-copy-2\/#primaryimage\"},\"image\":{\"@id\":\"https:\/\/cybul.eu\/pl\/sklep\/m60-m62-dwutarczowe-sprzeglo-pod-skrzynie-od-m57-gs5-39dz-copy-2\/#primaryimage\"},\"thumbnailUrl\":\"https:\/\/cybul.eu\/wp-content\/uploads\/2023\/04\/SPRZEGLO_02.jpg\",\"datePublished\":\"2023-04-05T13:44:05+00:00\",\"dateModified\":\"2024-10-28T14:10:00+00:00\",\"breadcrumb\":{\"@id\":\"https:\/\/cybul.eu\/pl\/sklep\/m60-m62-dwutarczowe-sprzeglo-pod-skrzynie-od-m57-gs5-39dz-copy-2\/#breadcrumb\"},\"inLanguage\":\"pl-PL\",\"potentialAction\":[{\"@type\":\"ReadAction\",\"target\":[\"https:\/\/cybul.eu\/pl\/sklep\/m60-m62-dwutarczowe-sprzeglo-pod-skrzynie-od-m57-gs5-39dz-copy-2\/\"]}]},{\"@type\":\"ImageObject\",\"inLanguage\":\"pl-PL\",\"@id\":\"https:\/\/cybul.eu\/pl\/sklep\/m60-m62-dwutarczowe-sprzeglo-pod-skrzynie-od-m57-gs5-39dz-copy-2\/#primaryimage\",\"url\":\"https:\/\/cybul.eu\/wp-content\/uploads\/2023\/04\/SPRZEGLO_02.jpg\",\"contentUrl\":\"https:\/\/cybul.eu\/wp-content\/uploads\/2023\/04\/SPRZEGLO_02.jpg\",\"width\":1600,\"height\":1600,\"caption\":\"BMW M60 M62 performance clutch with single mass flywheela nnd kevlar clutch disc\"},{\"@type\":\"BreadcrumbList\",\"@id\":\"https:\/\/cybul.eu\/pl\/sklep\/m60-m62-dwutarczowe-sprzeglo-pod-skrzynie-od-m57-gs5-39dz-copy-2\/#breadcrumb\",\"itemListElement\":[{\"@type\":\"ListItem\",\"position\":1,\"name\":\"Strona g\u0142\u00f3wna\",\"item\":\"https:\/\/cybul.eu\/pl\/\"},{\"@type\":\"ListItem\",\"position\":2,\"name\":\"Sklep\",\"item\":\"https:\/\/cybul.eu\/pl\/sklep\/\"},{\"@type\":\"ListItem\",\"position\":3,\"name\":\"M60\/M62 sprz\u0119g\u0142o z jednomasowym ko\u0142em zamachowym\"}]},{\"@type\":\"WebSite\",\"@id\":\"https:\/\/cybul.eu\/pl\/#website\",\"url\":\"https:\/\/cybul.eu\/pl\/\",\"name\":\"CYBUL\",\"description\":\"\",\"potentialAction\":[{\"@type\":\"SearchAction\",\"target\":{\"@type\":\"EntryPoint\",\"urlTemplate\":\"https:\/\/cybul.eu\/pl\/?s={search_term_string}\"},\"query-input\":{\"@type\":\"PropertyValueSpecification\",\"valueRequired\":true,\"valueName\":\"search_term_string\"}}],\"inLanguage\":\"pl-PL\"}]}<\/script>\n<!-- \/ Yoast SEO plugin. -->","yoast_head_json":{"title":"M60\/M62 sprz\u0119g\u0142o z jednomasowym ko\u0142em zamachowym - CYBUL","robots":{"index":"index","follow":"follow","max-snippet":"max-snippet:-1","max-image-preview":"max-image-preview:large","max-video-preview":"max-video-preview:-1"},"canonical":"https:\/\/cybul.eu\/pl\/sklep\/m60-m62-dwutarczowe-sprzeglo-pod-skrzynie-od-m57-gs5-39dz-copy-2\/","og_locale":"pl_PL","og_type":"article","og_title":"M60\/M62 sprz\u0119g\u0142o z jednomasowym ko\u0142em zamachowym - CYBUL","og_description":"P\u0142ynnie dzia\u0142aj\u0105cy, bardzo wytrzyma\u0142y zestaw, kt\u00f3ry przenosi ponad 1100NM","og_url":"https:\/\/cybul.eu\/pl\/sklep\/m60-m62-dwutarczowe-sprzeglo-pod-skrzynie-od-m57-gs5-39dz-copy-2\/","og_site_name":"CYBUL","article_modified_time":"2024-10-28T14:10:00+00:00","og_image":[{"width":1600,"height":1600,"url":"https:\/\/cybul.eu\/wp-content\/uploads\/2023\/04\/SPRZEGLO_02.jpg","type":"image\/jpeg"}],"twitter_card":"summary_large_image","twitter_misc":{"Szacowany czas czytania":"1 minuta"},"schema":{"@context":"https:\/\/schema.org","@graph":[{"@type":"WebPage","@id":"https:\/\/cybul.eu\/pl\/sklep\/m60-m62-dwutarczowe-sprzeglo-pod-skrzynie-od-m57-gs5-39dz-copy-2\/","url":"https:\/\/cybul.eu\/pl\/sklep\/m60-m62-dwutarczowe-sprzeglo-pod-skrzynie-od-m57-gs5-39dz-copy-2\/","name":"M60\/M62 sprz\u0119g\u0142o z jednomasowym ko\u0142em zamachowym - CYBUL","isPartOf":{"@id":"https:\/\/cybul.eu\/pl\/#website"},"primaryImageOfPage":{"@id":"https:\/\/cybul.eu\/pl\/sklep\/m60-m62-dwutarczowe-sprzeglo-pod-skrzynie-od-m57-gs5-39dz-copy-2\/#primaryimage"},"image":{"@id":"https:\/\/cybul.eu\/pl\/sklep\/m60-m62-dwutarczowe-sprzeglo-pod-skrzynie-od-m57-gs5-39dz-copy-2\/#primaryimage"},"thumbnailUrl":"https:\/\/cybul.eu\/wp-content\/uploads\/2023\/04\/SPRZEGLO_02.jpg","datePublished":"2023-04-05T13:44:05+00:00","dateModified":"2024-10-28T14:10:00+00:00","breadcrumb":{"@id":"https:\/\/cybul.eu\/pl\/sklep\/m60-m62-dwutarczowe-sprzeglo-pod-skrzynie-od-m57-gs5-39dz-copy-2\/#breadcrumb"},"inLanguage":"pl-PL","potentialAction":[{"@type":"ReadAction","target":["https:\/\/cybul.eu\/pl\/sklep\/m60-m62-dwutarczowe-sprzeglo-pod-skrzynie-od-m57-gs5-39dz-copy-2\/"]}]},{"@type":"ImageObject","inLanguage":"pl-PL","@id":"https:\/\/cybul.eu\/pl\/sklep\/m60-m62-dwutarczowe-sprzeglo-pod-skrzynie-od-m57-gs5-39dz-copy-2\/#primaryimage","url":"https:\/\/cybul.eu\/wp-content\/uploads\/2023\/04\/SPRZEGLO_02.jpg","contentUrl":"https:\/\/cybul.eu\/wp-content\/uploads\/2023\/04\/SPRZEGLO_02.jpg","width":1600,"height":1600,"caption":"BMW M60 M62 performance clutch with single mass flywheela nnd kevlar clutch disc"},{"@type":"BreadcrumbList","@id":"https:\/\/cybul.eu\/pl\/sklep\/m60-m62-dwutarczowe-sprzeglo-pod-skrzynie-od-m57-gs5-39dz-copy-2\/#breadcrumb","itemListElement":[{"@type":"ListItem","position":1,"name":"Strona g\u0142\u00f3wna","item":"https:\/\/cybul.eu\/pl\/"},{"@type":"ListItem","position":2,"name":"Sklep","item":"https:\/\/cybul.eu\/pl\/sklep\/"},{"@type":"ListItem","position":3,"name":"M60\/M62 sprz\u0119g\u0142o z jednomasowym ko\u0142em zamachowym"}]},{"@type":"WebSite","@id":"https:\/\/cybul.eu\/pl\/#website","url":"https:\/\/cybul.eu\/pl\/","name":"CYBUL","description":"","potentialAction":[{"@type":"SearchAction","target":{"@type":"EntryPoint","urlTemplate":"https:\/\/cybul.eu\/pl\/?s={search_term_string}"},"query-input":{"@type":"PropertyValueSpecification","valueRequired":true,"valueName":"search_term_string"}}],"inLanguage":"pl-PL"}]}},"_links":{"self":[{"href":"https:\/\/cybul.eu\/pl\/wp-json\/wp\/v2\/product\/6644","targetHints":{"allow":["GET"]}}],"collection":[{"href":"https:\/\/cybul.eu\/pl\/wp-json\/wp\/v2\/product"}],"about":[{"href":"https:\/\/cybul.eu\/pl\/wp-json\/wp\/v2\/types\/product"}],"replies":[{"embeddable":true,"href":"https:\/\/cybul.eu\/pl\/wp-json\/wp\/v2\/comments?post=6644"}],"wp:featuredmedia":[{"embeddable":true,"href":"https:\/\/cybul.eu\/pl\/wp-json\/wp\/v2\/media\/6648"}],"wp:attachment":[{"href":"https:\/\/cybul.eu\/pl\/wp-json\/wp\/v2\/media?parent=6644"}],"wp:term":[{"taxonomy":"product_cat","embeddable":true,"href":"https:\/\/cybul.eu\/pl\/wp-json\/wp\/v2\/product_cat?post=6644"},{"taxonomy":"product_tag","embeddable":true,"href":"https:\/\/cybul.eu\/pl\/wp-json\/wp\/v2\/product_tag?post=6644"}],"curies":[{"name":"wp","href":"https:\/\/api.w.org\/{rel}","templated":true}]}}