{"id":6471,"date":"2023-02-10T15:47:49","date_gmt":"2023-02-10T14:47:49","guid":{"rendered":"https:\/\/cybul.eu\/?post_type=product&#038;p=6471"},"modified":"2025-06-05T11:57:51","modified_gmt":"2025-06-05T09:57:51","slug":"mazda-mx-5-nc-przednie-gorne-regulowane-wahacze-copy-copy-2","status":"publish","type":"product","link":"https:\/\/cybul.eu\/pl\/sklep\/mazda-mx-5-nc-przednie-gorne-regulowane-wahacze-copy-copy-2\/","title":{"rendered":"Mazda MX-5 NC i RX-8 &#8211; tylne g\u00f3rne regulowane wahacze"},"content":{"rendered":"<p>Najl\u017cejsze i najbardziej zaawansowane regulowane wahacze tylne do Mazda MX-5 NC i RX-8. Wykonane z ultra-lekkich rur z chromowo-molibdenowej stali 4130, zaprojektowane w \u015brodowisku CAD i przetestowane na torze.<\/p>\n<p>G\u0142\u00f3wne korzy\u015bci:<\/p>\n<ul>\n<li>Pozwalaj\u0105 na du\u017c\u0105 pochylenia ko\u0142a i zbie\u017cno\u015bci w du\u017cym zakresie<\/li>\n<li>Poprawiaj\u0105 prowadzenie i reakcj\u0119 na ruch kierownic\u0105<\/li>\n<li>Uniballe zapewniaj\u0105 po\u0142\u0105czenie &#8222;bezluzowe&#8221; po\u0142\u0105czenie dla precyzyjnego prowadzenia<\/li>\n<li>Wi\u0119ksza sztywno\u015b\u0107 w por\u00f3wnaniu z seryjnymi wahaczami<\/li>\n<\/ul>\n<p>Kluczowe cechy:<\/p>\n<ul>\n<li>Wykonane z cienko\u015bciennych, ultra-lekkich rur chromowo-molibdenowych 4130<\/li>\n<li>Wyposa\u017cone w najwytrzymalsze uniballe przeznaczone do motorsportu &#8211; 3-cz\u0119\u015bciowe, wst\u0119pnie napr\u0119\u017cone, wy\u0142o\u017cone PTFE z obudow\u0105 z chromowo-molibdenowej stali 4130<\/li>\n<li>Wyposa\u017cone w gumowe os\u0142ony uniballi dla ochrony przed wod\u0105 i kurzem<\/li>\n<li>Produkt w 100% bolt-on<\/li>\n<li>Zaprojektowane w technologii 3D CAD<\/li>\n<li>W 100% wyprodukowane w UE<\/li>\n<li>Dostarczane wst\u0119pnie zmontowane z zdefiniowan\u0105 d\u0142ugo\u015bci\u0105 seryjn\u0105<\/li>\n<\/ul>\n<p>W zestawie otrzymujesz:<\/p>\n<ul>\n<li>2 wahacze ze stali chromowo-molibdenowej 4130<\/li>\n<li>4 uniballe<\/li>\n<li>4 gumowe os\u0142ony przeciwkurzowe<\/li>\n<li>2 chromowo-molibdenowe inserty do zwrotnicy utwardzone termicznie<\/li>\n<li>2 tuleje zwi\u0119kszaj\u0105ce zakres pracy uniballi<\/li>\n<li>4 tuleje dystansuj\u0105ce do uniballi wykonane ultra-lekkiego aluminium 6061 T6<\/li>\n<li>Zestaw nakr\u0119tek potrzebny do monta\u017cu<\/li>\n<\/ul>\n<p>Monta\u017c tylko pary regulowanych wahaczy tylnych nie wystarczy do ustawienia prawid\u0142owej geometrii. Skracanie\/wyd\u0142u\u017canie tylko jednego wahacza spowoduje powstanie du\u017cego napr\u0119\u017cenia w zawieszeniu. Doprowadzi to r\u00f3wnie\u017c do jednoczesnej zmiany zbie\u017cno\u015bci i k\u0105ta pochylenia ko\u0142a podczas regulacji. Zalecamy si\u0119 instalacj\u0119 co najmniej 3 par regulowanych wahaczy &#8211; 2 g\u00f3rne i 1 dolny lub 1 g\u00f3rny i 2 dolne.<\/p>\n","protected":false},"excerpt":{"rendered":"<ul>\n<li data-line-height=\"m\">Najl\u017cejsze wahacze do MX-5 NA\/NB na rynku<\/li>\n<li data-line-height=\"m\">Poprawiaj\u0105 prowadzenie<\/li>\n<li data-line-height=\"m\">Umo\u017cliwiaj\u0105 regulacj\u0119 pocylenia ko\u0142a w du\u017cym zakresie<\/li>\n<li data-line-height=\"m\">Zwi\u0119kszaj\u0105 sztywno\u015b\u0107 w por\u00f3wnaniu do seryjnych wahaczy<\/li>\n<\/ul>\n","protected":false},"featured_media":6481,"comment_status":"open","ping_status":"closed","template":"","meta":[],"product_cat":[486,447,496],"product_tag":[346,347],"class_list":{"0":"post-6471","1":"product","2":"type-product","3":"status-publish","4":"has-post-thumbnail","6":"product_cat-rx-8-pl-mazda","7":"product_cat-mx-5-nc-pl","8":"product_cat-zawieszenie","9":"product_tag-mx5-pl","10":"product_tag-mx5-podwozie-i-nadwozie","12":"first","13":"instock","14":"taxable","15":"shipping-taxable","16":"purchasable","17":"product-type-simple"},"bundled_by":[],"bundle_stock_status":"instock","bundle_stock_quantity":null,"bundle_virtual":false,"bundle_layout":"","bundle_add_to_cart_form_location":"","bundle_editable_in_cart":false,"bundle_sold_individually_context":"","bundle_item_grouping":"","bundle_min_size":"","bundle_max_size":"","bundle_price":[],"bundled_items":[],"bundle_sell_ids":[],"acf":{"zdjecie_bez_watermarka":null,"zdjecie_bez_watermarka_url":"","product_orgin_url":""},"yoast_head":"<!-- This site is optimized with the Yoast SEO plugin v23.9 - https:\/\/yoast.com\/wordpress\/plugins\/seo\/ -->\n<title>Mazda MX-5 NC i RX-8 - tylne g\u00f3rne regulowane wahacze - CYBUL<\/title>\n<meta name=\"description\" content=\"Najl\u017cejsze regulowane wahacze do MX-5 NC na rynku. Umo\u017cliwiaj\u0105 regulacj\u0119 pochylenia ko\u0142a w du\u017cym zakresie. Sztywniejsze od seryjnych wahaczy.\" \/>\n<meta name=\"robots\" content=\"index, follow, max-snippet:-1, max-image-preview:large, max-video-preview:-1\" \/>\n<link rel=\"canonical\" href=\"https:\/\/cybul.eu\/pl\/sklep\/mazda-mx-5-nc-przednie-gorne-regulowane-wahacze-copy-copy-2\/\" \/>\n<meta property=\"og:locale\" content=\"pl_PL\" \/>\n<meta property=\"og:type\" content=\"article\" \/>\n<meta property=\"og:title\" content=\"Mazda MX-5 NC i RX-8 - tylne g\u00f3rne regulowane wahacze - CYBUL\" \/>\n<meta property=\"og:description\" content=\"Najl\u017cejsze regulowane wahacze do MX-5 NC na rynku. Umo\u017cliwiaj\u0105 regulacj\u0119 pochylenia ko\u0142a w du\u017cym zakresie. Sztywniejsze od seryjnych wahaczy.\" \/>\n<meta property=\"og:url\" content=\"https:\/\/cybul.eu\/pl\/sklep\/mazda-mx-5-nc-przednie-gorne-regulowane-wahacze-copy-copy-2\/\" \/>\n<meta property=\"og:site_name\" content=\"CYBUL\" \/>\n<meta property=\"article:modified_time\" content=\"2025-06-05T09:57:51+00:00\" \/>\n<meta property=\"og:image\" content=\"https:\/\/cybul.eu\/wp-content\/uploads\/2023\/02\/MX-5-NC-rear-adjustable-control-arms-gorny-przedni.jpg\" \/>\n\t<meta property=\"og:image:width\" content=\"800\" \/>\n\t<meta property=\"og:image:height\" content=\"800\" \/>\n\t<meta property=\"og:image:type\" content=\"image\/jpeg\" \/>\n<meta name=\"twitter:card\" content=\"summary_large_image\" \/>\n<meta name=\"twitter:label1\" content=\"Szacowany czas czytania\" \/>\n\t<meta name=\"twitter:data1\" content=\"2 minuty\" \/>\n<script type=\"application\/ld+json\" class=\"yoast-schema-graph\">{\"@context\":\"https:\/\/schema.org\",\"@graph\":[{\"@type\":\"WebPage\",\"@id\":\"https:\/\/cybul.eu\/pl\/sklep\/mazda-mx-5-nc-przednie-gorne-regulowane-wahacze-copy-copy-2\/\",\"url\":\"https:\/\/cybul.eu\/pl\/sklep\/mazda-mx-5-nc-przednie-gorne-regulowane-wahacze-copy-copy-2\/\",\"name\":\"Mazda MX-5 NC i RX-8 - tylne g\u00f3rne regulowane wahacze - CYBUL\",\"isPartOf\":{\"@id\":\"https:\/\/cybul.eu\/pl\/#website\"},\"primaryImageOfPage\":{\"@id\":\"https:\/\/cybul.eu\/pl\/sklep\/mazda-mx-5-nc-przednie-gorne-regulowane-wahacze-copy-copy-2\/#primaryimage\"},\"image\":{\"@id\":\"https:\/\/cybul.eu\/pl\/sklep\/mazda-mx-5-nc-przednie-gorne-regulowane-wahacze-copy-copy-2\/#primaryimage\"},\"thumbnailUrl\":\"https:\/\/cybul.eu\/wp-content\/uploads\/2023\/02\/MX-5-NC-rear-adjustable-control-arms-gorny-przedni.jpg\",\"datePublished\":\"2023-02-10T14:47:49+00:00\",\"dateModified\":\"2025-06-05T09:57:51+00:00\",\"description\":\"Najl\u017cejsze regulowane wahacze do MX-5 NC na rynku. Umo\u017cliwiaj\u0105 regulacj\u0119 pochylenia ko\u0142a w du\u017cym zakresie. Sztywniejsze od seryjnych wahaczy.\",\"breadcrumb\":{\"@id\":\"https:\/\/cybul.eu\/pl\/sklep\/mazda-mx-5-nc-przednie-gorne-regulowane-wahacze-copy-copy-2\/#breadcrumb\"},\"inLanguage\":\"pl-PL\",\"potentialAction\":[{\"@type\":\"ReadAction\",\"target\":[\"https:\/\/cybul.eu\/pl\/sklep\/mazda-mx-5-nc-przednie-gorne-regulowane-wahacze-copy-copy-2\/\"]}]},{\"@type\":\"ImageObject\",\"inLanguage\":\"pl-PL\",\"@id\":\"https:\/\/cybul.eu\/pl\/sklep\/mazda-mx-5-nc-przednie-gorne-regulowane-wahacze-copy-copy-2\/#primaryimage\",\"url\":\"https:\/\/cybul.eu\/wp-content\/uploads\/2023\/02\/MX-5-NC-rear-adjustable-control-arms-gorny-przedni.jpg\",\"contentUrl\":\"https:\/\/cybul.eu\/wp-content\/uploads\/2023\/02\/MX-5-NC-rear-adjustable-control-arms-gorny-przedni.jpg\",\"width\":800,\"height\":800,\"caption\":\"rear upper adjustable control arms for Mazda MX-5 NC and RX-8\"},{\"@type\":\"BreadcrumbList\",\"@id\":\"https:\/\/cybul.eu\/pl\/sklep\/mazda-mx-5-nc-przednie-gorne-regulowane-wahacze-copy-copy-2\/#breadcrumb\",\"itemListElement\":[{\"@type\":\"ListItem\",\"position\":1,\"name\":\"Strona g\u0142\u00f3wna\",\"item\":\"https:\/\/cybul.eu\/pl\/\"},{\"@type\":\"ListItem\",\"position\":2,\"name\":\"Sklep\",\"item\":\"https:\/\/cybul.eu\/pl\/sklep\/\"},{\"@type\":\"ListItem\",\"position\":3,\"name\":\"Mazda MX-5 NC i RX-8 &#8211; tylne g\u00f3rne regulowane wahacze\"}]},{\"@type\":\"WebSite\",\"@id\":\"https:\/\/cybul.eu\/pl\/#website\",\"url\":\"https:\/\/cybul.eu\/pl\/\",\"name\":\"CYBUL\",\"description\":\"\",\"potentialAction\":[{\"@type\":\"SearchAction\",\"target\":{\"@type\":\"EntryPoint\",\"urlTemplate\":\"https:\/\/cybul.eu\/pl\/?s={search_term_string}\"},\"query-input\":{\"@type\":\"PropertyValueSpecification\",\"valueRequired\":true,\"valueName\":\"search_term_string\"}}],\"inLanguage\":\"pl-PL\"}]}<\/script>\n<!-- \/ Yoast SEO plugin. -->","yoast_head_json":{"title":"Mazda MX-5 NC i RX-8 - tylne g\u00f3rne regulowane wahacze - CYBUL","description":"Najl\u017cejsze regulowane wahacze do MX-5 NC na rynku. Umo\u017cliwiaj\u0105 regulacj\u0119 pochylenia ko\u0142a w du\u017cym zakresie. Sztywniejsze od seryjnych wahaczy.","robots":{"index":"index","follow":"follow","max-snippet":"max-snippet:-1","max-image-preview":"max-image-preview:large","max-video-preview":"max-video-preview:-1"},"canonical":"https:\/\/cybul.eu\/pl\/sklep\/mazda-mx-5-nc-przednie-gorne-regulowane-wahacze-copy-copy-2\/","og_locale":"pl_PL","og_type":"article","og_title":"Mazda MX-5 NC i RX-8 - tylne g\u00f3rne regulowane wahacze - CYBUL","og_description":"Najl\u017cejsze regulowane wahacze do MX-5 NC na rynku. Umo\u017cliwiaj\u0105 regulacj\u0119 pochylenia ko\u0142a w du\u017cym zakresie. Sztywniejsze od seryjnych wahaczy.","og_url":"https:\/\/cybul.eu\/pl\/sklep\/mazda-mx-5-nc-przednie-gorne-regulowane-wahacze-copy-copy-2\/","og_site_name":"CYBUL","article_modified_time":"2025-06-05T09:57:51+00:00","og_image":[{"width":800,"height":800,"url":"https:\/\/cybul.eu\/wp-content\/uploads\/2023\/02\/MX-5-NC-rear-adjustable-control-arms-gorny-przedni.jpg","type":"image\/jpeg"}],"twitter_card":"summary_large_image","twitter_misc":{"Szacowany czas czytania":"2 minuty"},"schema":{"@context":"https:\/\/schema.org","@graph":[{"@type":"WebPage","@id":"https:\/\/cybul.eu\/pl\/sklep\/mazda-mx-5-nc-przednie-gorne-regulowane-wahacze-copy-copy-2\/","url":"https:\/\/cybul.eu\/pl\/sklep\/mazda-mx-5-nc-przednie-gorne-regulowane-wahacze-copy-copy-2\/","name":"Mazda MX-5 NC i RX-8 - tylne g\u00f3rne regulowane wahacze - CYBUL","isPartOf":{"@id":"https:\/\/cybul.eu\/pl\/#website"},"primaryImageOfPage":{"@id":"https:\/\/cybul.eu\/pl\/sklep\/mazda-mx-5-nc-przednie-gorne-regulowane-wahacze-copy-copy-2\/#primaryimage"},"image":{"@id":"https:\/\/cybul.eu\/pl\/sklep\/mazda-mx-5-nc-przednie-gorne-regulowane-wahacze-copy-copy-2\/#primaryimage"},"thumbnailUrl":"https:\/\/cybul.eu\/wp-content\/uploads\/2023\/02\/MX-5-NC-rear-adjustable-control-arms-gorny-przedni.jpg","datePublished":"2023-02-10T14:47:49+00:00","dateModified":"2025-06-05T09:57:51+00:00","description":"Najl\u017cejsze regulowane wahacze do MX-5 NC na rynku. Umo\u017cliwiaj\u0105 regulacj\u0119 pochylenia ko\u0142a w du\u017cym zakresie. Sztywniejsze od seryjnych wahaczy.","breadcrumb":{"@id":"https:\/\/cybul.eu\/pl\/sklep\/mazda-mx-5-nc-przednie-gorne-regulowane-wahacze-copy-copy-2\/#breadcrumb"},"inLanguage":"pl-PL","potentialAction":[{"@type":"ReadAction","target":["https:\/\/cybul.eu\/pl\/sklep\/mazda-mx-5-nc-przednie-gorne-regulowane-wahacze-copy-copy-2\/"]}]},{"@type":"ImageObject","inLanguage":"pl-PL","@id":"https:\/\/cybul.eu\/pl\/sklep\/mazda-mx-5-nc-przednie-gorne-regulowane-wahacze-copy-copy-2\/#primaryimage","url":"https:\/\/cybul.eu\/wp-content\/uploads\/2023\/02\/MX-5-NC-rear-adjustable-control-arms-gorny-przedni.jpg","contentUrl":"https:\/\/cybul.eu\/wp-content\/uploads\/2023\/02\/MX-5-NC-rear-adjustable-control-arms-gorny-przedni.jpg","width":800,"height":800,"caption":"rear upper adjustable control arms for Mazda MX-5 NC and RX-8"},{"@type":"BreadcrumbList","@id":"https:\/\/cybul.eu\/pl\/sklep\/mazda-mx-5-nc-przednie-gorne-regulowane-wahacze-copy-copy-2\/#breadcrumb","itemListElement":[{"@type":"ListItem","position":1,"name":"Strona g\u0142\u00f3wna","item":"https:\/\/cybul.eu\/pl\/"},{"@type":"ListItem","position":2,"name":"Sklep","item":"https:\/\/cybul.eu\/pl\/sklep\/"},{"@type":"ListItem","position":3,"name":"Mazda MX-5 NC i RX-8 &#8211; tylne g\u00f3rne regulowane wahacze"}]},{"@type":"WebSite","@id":"https:\/\/cybul.eu\/pl\/#website","url":"https:\/\/cybul.eu\/pl\/","name":"CYBUL","description":"","potentialAction":[{"@type":"SearchAction","target":{"@type":"EntryPoint","urlTemplate":"https:\/\/cybul.eu\/pl\/?s={search_term_string}"},"query-input":{"@type":"PropertyValueSpecification","valueRequired":true,"valueName":"search_term_string"}}],"inLanguage":"pl-PL"}]}},"_links":{"self":[{"href":"https:\/\/cybul.eu\/pl\/wp-json\/wp\/v2\/product\/6471","targetHints":{"allow":["GET"]}}],"collection":[{"href":"https:\/\/cybul.eu\/pl\/wp-json\/wp\/v2\/product"}],"about":[{"href":"https:\/\/cybul.eu\/pl\/wp-json\/wp\/v2\/types\/product"}],"replies":[{"embeddable":true,"href":"https:\/\/cybul.eu\/pl\/wp-json\/wp\/v2\/comments?post=6471"}],"wp:featuredmedia":[{"embeddable":true,"href":"https:\/\/cybul.eu\/pl\/wp-json\/wp\/v2\/media\/6481"}],"wp:attachment":[{"href":"https:\/\/cybul.eu\/pl\/wp-json\/wp\/v2\/media?parent=6471"}],"wp:term":[{"taxonomy":"product_cat","embeddable":true,"href":"https:\/\/cybul.eu\/pl\/wp-json\/wp\/v2\/product_cat?post=6471"},{"taxonomy":"product_tag","embeddable":true,"href":"https:\/\/cybul.eu\/pl\/wp-json\/wp\/v2\/product_tag?post=6471"}],"curies":[{"name":"wp","href":"https:\/\/api.w.org\/{rel}","templated":true}]}}