{"id":6445,"date":"2023-02-08T16:02:18","date_gmt":"2023-02-08T15:02:18","guid":{"rendered":"https:\/\/cybul.eu\/?post_type=product&#038;p=6445"},"modified":"2025-07-08T09:45:39","modified_gmt":"2025-07-08T07:45:39","slug":"mazda-mx-5-na-nb-tylne-dolne-regulowane-wahacze","status":"publish","type":"product","link":"https:\/\/cybul.eu\/pl\/sklep\/mazda-mx-5-na-nb-tylne-dolne-regulowane-wahacze\/","title":{"rendered":"Mazda MX-5 NA\/NB &#8211; tylne dolne regulowane wahacze"},"content":{"rendered":"<p>Najl\u017cejsze i najbardziej zaawansowane tylne dolne regulowane wahacze do MX-5 NA\/NB na rynku. Wykonane z rur 4130 chromowo-molibdenowych produkowanych w UE, zaprojektowane w CAD i przetestowane na torze.<\/p>\n<p>G\u0142\u00f3wne korzy\u015bci:<\/p>\n<ul>\n<li>Jedyne regulowane wahacze na rynku l\u017cejsze od seryjnych \u2014 tylko 3,66kg\/szt (ka\u017cdy wahacz jest l\u017cejszy o 1kg od seryjnego)<\/li>\n<li>Poprawiaj\u0105 prowadzenie i reakcj\u0119 na kierownic\u0119 dzi\u0119ki bezluzowym uniballom<\/li>\n<li>L\u017cejsze ni\u017c standardowe wahacze<\/li>\n<li>Sztywniejsze od standardowych wahaczy<\/li>\n<li>Umo\u017cliwiaj\u0105 regulacj\u0119 k\u0105ta pochylenia ko\u0142a bez konieczno\u015bci demonta\u017cu<\/li>\n<\/ul>\n<p>Kluczowe cechy:<\/p>\n<ul>\n<li>Wykonane z cienko\u015bciennych, ultralekkich rur 4130 chromowo-molibdenowych<\/li>\n<li>Niestandardowe tuleje poliuretanowe 90 ShA redukuj\u0105 mas\u0119 o dodatkowe 80 g na wahacz<\/li>\n<li>Tuleje poliuretanowe stosowane przy zwrotnicy zwi\u0119kszaj\u0105 trwa\u0142o\u015b\u0107 uniballi<\/li>\n<li>Opracowane w 3D CAD<\/li>\n<li>W 100% wykonane w UE<\/li>\n<li>Dostarczane w stanie zmontowanym<\/li>\n<\/ul>\n<p>W zestawie otrzymujesz:<\/p>\n<ul>\n<li>2 (par\u0119) wahaczy 4130<\/li>\n<li>4 ko\u0144c\u00f3wki uniballe przeznaczone do motorsporu, wst\u0119pnie napr\u0119\u017cone z os\u0142onami gumowymi<\/li>\n<li>4 hartowane tuleje regulacyjne<\/li>\n<li>8 tuleje redukcyjne do uniballi<\/li>\n<li>Tuleje poliuretanowe 90 ShA<\/li>\n<li>Zestaw \u015brub<\/li>\n<\/ul>\n","protected":false},"excerpt":{"rendered":"<ul>\n<li data-line-height=\"m\">Najl\u017cejsze wahacze do MX-5 NA\/NB na rynku<\/li>\n<li data-line-height=\"m\">Poprawiaj\u0105 prowadzenie<\/li>\n<li data-line-height=\"m\">Umo\u017cliwiaj\u0105 regulacj\u0119 pocylenia ko\u0142a w du\u017cym zakresie<\/li>\n<li data-line-height=\"m\">Zwi\u0119kszaj\u0105 sztywno\u015b\u0107 w por\u00f3wnaniu do seryjnych wahaczy<\/li>\n<\/ul>\n","protected":false},"featured_media":6448,"comment_status":"open","ping_status":"closed","template":"","meta":[],"product_cat":[387,388,497,498],"product_tag":[346,347],"class_list":{"0":"post-6445","1":"product","2":"type-product","3":"status-publish","4":"has-post-thumbnail","6":"product_cat-mx5-na-pl","7":"product_cat-mx5-nb-pl","8":"product_cat-zawieszenie-pl","9":"product_cat-zawieszenie-pl-2","10":"product_tag-mx5-pl","11":"product_tag-mx5-podwozie-i-nadwozie","13":"first","14":"instock","15":"taxable","16":"shipping-taxable","17":"purchasable","18":"product-type-simple"},"bundled_by":[],"bundle_stock_status":"instock","bundle_stock_quantity":null,"bundle_virtual":false,"bundle_layout":"","bundle_add_to_cart_form_location":"","bundle_editable_in_cart":false,"bundle_sold_individually_context":"","bundle_item_grouping":"","bundle_min_size":"","bundle_max_size":"","bundle_price":[],"bundled_items":[],"bundle_sell_ids":[],"acf":{"zdjecie_bez_watermarka":null,"zdjecie_bez_watermarka_url":"","product_orgin_url":""},"yoast_head":"<!-- This site is optimized with the Yoast SEO plugin v23.9 - https:\/\/yoast.com\/wordpress\/plugins\/seo\/ -->\n<title>Mazda MX-5 NA\/NB - tylne dolne regulowane wahacze - CYBUL<\/title>\n<meta name=\"description\" content=\"Najl\u017cejsze regulowane wahacze do MX-5 NA\/NB na rynku. Umo\u017cliwiaj\u0105 regulacj\u0119 pochylenia ko\u0142a w du\u017cym zakresie. Sztywniejsze od seryjnych wahaczy.\" \/>\n<meta name=\"robots\" content=\"index, follow, max-snippet:-1, max-image-preview:large, max-video-preview:-1\" \/>\n<link rel=\"canonical\" href=\"https:\/\/cybul.eu\/pl\/sklep\/mazda-mx-5-na-nb-tylne-dolne-regulowane-wahacze\/\" \/>\n<meta property=\"og:locale\" content=\"pl_PL\" \/>\n<meta property=\"og:type\" content=\"article\" \/>\n<meta property=\"og:title\" content=\"Mazda MX-5 NA\/NB - tylne dolne regulowane wahacze - CYBUL\" \/>\n<meta property=\"og:description\" content=\"Najl\u017cejsze regulowane wahacze do MX-5 NA\/NB na rynku. Umo\u017cliwiaj\u0105 regulacj\u0119 pochylenia ko\u0142a w du\u017cym zakresie. Sztywniejsze od seryjnych wahaczy.\" \/>\n<meta property=\"og:url\" content=\"https:\/\/cybul.eu\/pl\/sklep\/mazda-mx-5-na-nb-tylne-dolne-regulowane-wahacze\/\" \/>\n<meta property=\"og:site_name\" content=\"CYBUL\" \/>\n<meta property=\"article:modified_time\" content=\"2025-07-08T07:45:39+00:00\" \/>\n<meta property=\"og:image\" content=\"https:\/\/cybul.eu\/wp-content\/uploads\/2023\/02\/MX-5-NA-NB-rear-lower-control-arms.jpg\" \/>\n\t<meta property=\"og:image:width\" content=\"800\" \/>\n\t<meta property=\"og:image:height\" content=\"800\" \/>\n\t<meta property=\"og:image:type\" content=\"image\/jpeg\" \/>\n<meta name=\"twitter:card\" content=\"summary_large_image\" \/>\n<meta name=\"twitter:label1\" content=\"Szacowany czas czytania\" \/>\n\t<meta name=\"twitter:data1\" content=\"1 minuta\" \/>\n<script type=\"application\/ld+json\" class=\"yoast-schema-graph\">{\"@context\":\"https:\/\/schema.org\",\"@graph\":[{\"@type\":\"WebPage\",\"@id\":\"https:\/\/cybul.eu\/pl\/sklep\/mazda-mx-5-na-nb-tylne-dolne-regulowane-wahacze\/\",\"url\":\"https:\/\/cybul.eu\/pl\/sklep\/mazda-mx-5-na-nb-tylne-dolne-regulowane-wahacze\/\",\"name\":\"Mazda MX-5 NA\/NB - tylne dolne regulowane wahacze - CYBUL\",\"isPartOf\":{\"@id\":\"https:\/\/cybul.eu\/pl\/#website\"},\"primaryImageOfPage\":{\"@id\":\"https:\/\/cybul.eu\/pl\/sklep\/mazda-mx-5-na-nb-tylne-dolne-regulowane-wahacze\/#primaryimage\"},\"image\":{\"@id\":\"https:\/\/cybul.eu\/pl\/sklep\/mazda-mx-5-na-nb-tylne-dolne-regulowane-wahacze\/#primaryimage\"},\"thumbnailUrl\":\"https:\/\/cybul.eu\/wp-content\/uploads\/2023\/02\/MX-5-NA-NB-rear-lower-control-arms.jpg\",\"datePublished\":\"2023-02-08T15:02:18+00:00\",\"dateModified\":\"2025-07-08T07:45:39+00:00\",\"description\":\"Najl\u017cejsze regulowane wahacze do MX-5 NA\/NB na rynku. Umo\u017cliwiaj\u0105 regulacj\u0119 pochylenia ko\u0142a w du\u017cym zakresie. Sztywniejsze od seryjnych wahaczy.\",\"breadcrumb\":{\"@id\":\"https:\/\/cybul.eu\/pl\/sklep\/mazda-mx-5-na-nb-tylne-dolne-regulowane-wahacze\/#breadcrumb\"},\"inLanguage\":\"pl-PL\",\"potentialAction\":[{\"@type\":\"ReadAction\",\"target\":[\"https:\/\/cybul.eu\/pl\/sklep\/mazda-mx-5-na-nb-tylne-dolne-regulowane-wahacze\/\"]}]},{\"@type\":\"ImageObject\",\"inLanguage\":\"pl-PL\",\"@id\":\"https:\/\/cybul.eu\/pl\/sklep\/mazda-mx-5-na-nb-tylne-dolne-regulowane-wahacze\/#primaryimage\",\"url\":\"https:\/\/cybul.eu\/wp-content\/uploads\/2023\/02\/MX-5-NA-NB-rear-lower-control-arms.jpg\",\"contentUrl\":\"https:\/\/cybul.eu\/wp-content\/uploads\/2023\/02\/MX-5-NA-NB-rear-lower-control-arms.jpg\",\"width\":800,\"height\":800,\"caption\":\"MX-5 NA NB rear lower adjustable control arms with rod ends\"},{\"@type\":\"BreadcrumbList\",\"@id\":\"https:\/\/cybul.eu\/pl\/sklep\/mazda-mx-5-na-nb-tylne-dolne-regulowane-wahacze\/#breadcrumb\",\"itemListElement\":[{\"@type\":\"ListItem\",\"position\":1,\"name\":\"Strona g\u0142\u00f3wna\",\"item\":\"https:\/\/cybul.eu\/pl\/\"},{\"@type\":\"ListItem\",\"position\":2,\"name\":\"Sklep\",\"item\":\"https:\/\/cybul.eu\/pl\/sklep\/\"},{\"@type\":\"ListItem\",\"position\":3,\"name\":\"Mazda MX-5 NA\/NB &#8211; tylne dolne regulowane wahacze\"}]},{\"@type\":\"WebSite\",\"@id\":\"https:\/\/cybul.eu\/pl\/#website\",\"url\":\"https:\/\/cybul.eu\/pl\/\",\"name\":\"CYBUL\",\"description\":\"\",\"potentialAction\":[{\"@type\":\"SearchAction\",\"target\":{\"@type\":\"EntryPoint\",\"urlTemplate\":\"https:\/\/cybul.eu\/pl\/?s={search_term_string}\"},\"query-input\":{\"@type\":\"PropertyValueSpecification\",\"valueRequired\":true,\"valueName\":\"search_term_string\"}}],\"inLanguage\":\"pl-PL\"}]}<\/script>\n<!-- \/ Yoast SEO plugin. -->","yoast_head_json":{"title":"Mazda MX-5 NA\/NB - tylne dolne regulowane wahacze - CYBUL","description":"Najl\u017cejsze regulowane wahacze do MX-5 NA\/NB na rynku. Umo\u017cliwiaj\u0105 regulacj\u0119 pochylenia ko\u0142a w du\u017cym zakresie. Sztywniejsze od seryjnych wahaczy.","robots":{"index":"index","follow":"follow","max-snippet":"max-snippet:-1","max-image-preview":"max-image-preview:large","max-video-preview":"max-video-preview:-1"},"canonical":"https:\/\/cybul.eu\/pl\/sklep\/mazda-mx-5-na-nb-tylne-dolne-regulowane-wahacze\/","og_locale":"pl_PL","og_type":"article","og_title":"Mazda MX-5 NA\/NB - tylne dolne regulowane wahacze - CYBUL","og_description":"Najl\u017cejsze regulowane wahacze do MX-5 NA\/NB na rynku. Umo\u017cliwiaj\u0105 regulacj\u0119 pochylenia ko\u0142a w du\u017cym zakresie. Sztywniejsze od seryjnych wahaczy.","og_url":"https:\/\/cybul.eu\/pl\/sklep\/mazda-mx-5-na-nb-tylne-dolne-regulowane-wahacze\/","og_site_name":"CYBUL","article_modified_time":"2025-07-08T07:45:39+00:00","og_image":[{"width":800,"height":800,"url":"https:\/\/cybul.eu\/wp-content\/uploads\/2023\/02\/MX-5-NA-NB-rear-lower-control-arms.jpg","type":"image\/jpeg"}],"twitter_card":"summary_large_image","twitter_misc":{"Szacowany czas czytania":"1 minuta"},"schema":{"@context":"https:\/\/schema.org","@graph":[{"@type":"WebPage","@id":"https:\/\/cybul.eu\/pl\/sklep\/mazda-mx-5-na-nb-tylne-dolne-regulowane-wahacze\/","url":"https:\/\/cybul.eu\/pl\/sklep\/mazda-mx-5-na-nb-tylne-dolne-regulowane-wahacze\/","name":"Mazda MX-5 NA\/NB - tylne dolne regulowane wahacze - CYBUL","isPartOf":{"@id":"https:\/\/cybul.eu\/pl\/#website"},"primaryImageOfPage":{"@id":"https:\/\/cybul.eu\/pl\/sklep\/mazda-mx-5-na-nb-tylne-dolne-regulowane-wahacze\/#primaryimage"},"image":{"@id":"https:\/\/cybul.eu\/pl\/sklep\/mazda-mx-5-na-nb-tylne-dolne-regulowane-wahacze\/#primaryimage"},"thumbnailUrl":"https:\/\/cybul.eu\/wp-content\/uploads\/2023\/02\/MX-5-NA-NB-rear-lower-control-arms.jpg","datePublished":"2023-02-08T15:02:18+00:00","dateModified":"2025-07-08T07:45:39+00:00","description":"Najl\u017cejsze regulowane wahacze do MX-5 NA\/NB na rynku. Umo\u017cliwiaj\u0105 regulacj\u0119 pochylenia ko\u0142a w du\u017cym zakresie. Sztywniejsze od seryjnych wahaczy.","breadcrumb":{"@id":"https:\/\/cybul.eu\/pl\/sklep\/mazda-mx-5-na-nb-tylne-dolne-regulowane-wahacze\/#breadcrumb"},"inLanguage":"pl-PL","potentialAction":[{"@type":"ReadAction","target":["https:\/\/cybul.eu\/pl\/sklep\/mazda-mx-5-na-nb-tylne-dolne-regulowane-wahacze\/"]}]},{"@type":"ImageObject","inLanguage":"pl-PL","@id":"https:\/\/cybul.eu\/pl\/sklep\/mazda-mx-5-na-nb-tylne-dolne-regulowane-wahacze\/#primaryimage","url":"https:\/\/cybul.eu\/wp-content\/uploads\/2023\/02\/MX-5-NA-NB-rear-lower-control-arms.jpg","contentUrl":"https:\/\/cybul.eu\/wp-content\/uploads\/2023\/02\/MX-5-NA-NB-rear-lower-control-arms.jpg","width":800,"height":800,"caption":"MX-5 NA NB rear lower adjustable control arms with rod ends"},{"@type":"BreadcrumbList","@id":"https:\/\/cybul.eu\/pl\/sklep\/mazda-mx-5-na-nb-tylne-dolne-regulowane-wahacze\/#breadcrumb","itemListElement":[{"@type":"ListItem","position":1,"name":"Strona g\u0142\u00f3wna","item":"https:\/\/cybul.eu\/pl\/"},{"@type":"ListItem","position":2,"name":"Sklep","item":"https:\/\/cybul.eu\/pl\/sklep\/"},{"@type":"ListItem","position":3,"name":"Mazda MX-5 NA\/NB &#8211; tylne dolne regulowane wahacze"}]},{"@type":"WebSite","@id":"https:\/\/cybul.eu\/pl\/#website","url":"https:\/\/cybul.eu\/pl\/","name":"CYBUL","description":"","potentialAction":[{"@type":"SearchAction","target":{"@type":"EntryPoint","urlTemplate":"https:\/\/cybul.eu\/pl\/?s={search_term_string}"},"query-input":{"@type":"PropertyValueSpecification","valueRequired":true,"valueName":"search_term_string"}}],"inLanguage":"pl-PL"}]}},"_links":{"self":[{"href":"https:\/\/cybul.eu\/pl\/wp-json\/wp\/v2\/product\/6445","targetHints":{"allow":["GET"]}}],"collection":[{"href":"https:\/\/cybul.eu\/pl\/wp-json\/wp\/v2\/product"}],"about":[{"href":"https:\/\/cybul.eu\/pl\/wp-json\/wp\/v2\/types\/product"}],"replies":[{"embeddable":true,"href":"https:\/\/cybul.eu\/pl\/wp-json\/wp\/v2\/comments?post=6445"}],"wp:featuredmedia":[{"embeddable":true,"href":"https:\/\/cybul.eu\/pl\/wp-json\/wp\/v2\/media\/6448"}],"wp:attachment":[{"href":"https:\/\/cybul.eu\/pl\/wp-json\/wp\/v2\/media?parent=6445"}],"wp:term":[{"taxonomy":"product_cat","embeddable":true,"href":"https:\/\/cybul.eu\/pl\/wp-json\/wp\/v2\/product_cat?post=6445"},{"taxonomy":"product_tag","embeddable":true,"href":"https:\/\/cybul.eu\/pl\/wp-json\/wp\/v2\/product_tag?post=6445"}],"curies":[{"name":"wp","href":"https:\/\/api.w.org\/{rel}","templated":true}]}}