{"id":5793,"date":"2020-11-24T08:02:51","date_gmt":"2020-11-24T07:02:51","guid":{"rendered":"https:\/\/cybul.eu\/shop\/adapter-skrzyni-biegow-1uz-fe-3uz-fe-do-skrzni-m57-3-0d-gs5-39dz\/"},"modified":"2022-07-07T15:06:07","modified_gmt":"2022-07-07T13:06:07","slug":"adapter-skrzyni-biegow-1uz-fe-3uz-fe-do-skrzni-m57-3-0d-gs5-39dz","status":"publish","type":"product","link":"https:\/\/cybul.eu\/pl\/sklep\/adapter-skrzyni-biegow-1uz-fe-3uz-fe-do-skrzni-m57-3-0d-gs5-39dz\/","title":{"rendered":"Adapter skrzyni bieg\u00f3w 1UZ-FE \/ 3UZ-FE do skrzni M57 3.0D (GS5-39DZ)"},"content":{"rendered":"<p>Umo\u017cliwia monta\u017c skrzyni GS5-39DZ do silnika 1UZ-FE oraz 3UZ-FE<\/p>\n<div class=\"\" data-block=\"true\" data-editor=\"bnd4h\" data-offset-key=\"402cu-0-0\">\n<p class=\"public-DraftStyleDefault-block public-DraftStyleDefault-ltr\" data-offset-key=\"402cu-0-0\">G\u0142\u00f3wne korzy\u015bci:<\/p>\n<ul>\n<li data-line-height=\"m\">Dok\u0142adnie centrowanie skrzyni bieg\u00f3w z silnikiem<\/li>\n<li>Wy\u017csza \u017cywotno\u015b\u0107 gwint\u00f3w we flaszy w por\u00f3wnaniu do flansz aluminiowych<\/li>\n<li data-line-height=\"m\">W zestawie ze \u015brubami<\/li>\n<\/ul>\n<\/div>\n<p data-line-height=\"m\">G\u0142\u00f3wne funkcje wahaczy:<\/p>\n<ul>\n<li data-line-height=\"m\">Wykonana na obrabiarkach CNC<\/li>\n<li data-line-height=\"m\">Customowe tuleje poliuretanowe o twardo\u015bci 85 ShA zmniejszaj\u0105 mas\u0119 o 85g\/wahacz<\/li>\n<li data-line-height=\"m\">Zaprojektowane w \u015brodowisku CAD 3D<\/li>\n<li data-line-height=\"m\">W 100% wykonane w Polsce<\/li>\n<\/ul>\n<p data-line-height=\"m\">W paczce dostajesz:<\/p>\n<ul>\n<li data-line-height=\"m\">Flansze<\/li>\n<li data-line-height=\"m\">Zestaw \u015brub<\/li>\n<\/ul>\n","protected":false},"excerpt":{"rendered":"<p>Umo\u017cliwia monta\u017c skrzyni GS5-39DZ do silnika 1UZ-FE oraz 3UZ-FE G\u0142\u00f3wne korzy\u015bci: Dok\u0142adnie centrowanie skrzyni bieg\u00f3w z silnikiem Wy\u017csza \u017cywotno\u015b\u0107 gwint\u00f3w we flaszy w por\u00f3wnaniu do flansz aluminiowych W zestawie ze \u015brubami G\u0142\u00f3wne funkcje wahaczy: Wykonana na obrabiarkach CNC Customowe tuleje poliuretanowe o twardo\u015bci 85 ShA zmniejszaj\u0105 mas\u0119 o 85g\/wahacz Zaprojektowane w \u015brodowisku CAD 3D W [&#8230;]\n","protected":false},"featured_media":3839,"comment_status":"open","ping_status":"closed","template":"","meta":[],"product_cat":[252],"product_tag":[],"class_list":{"0":"post-5793","1":"product","2":"type-product","3":"status-publish","4":"has-post-thumbnail","6":"product_cat-bez-kategorii","8":"first","9":"instock","10":"taxable","11":"shipping-taxable","12":"purchasable","13":"product-type-simple"},"bundled_by":[],"bundle_stock_status":"instock","bundle_stock_quantity":null,"bundle_virtual":false,"bundle_layout":"","bundle_add_to_cart_form_location":"","bundle_editable_in_cart":false,"bundle_sold_individually_context":"","bundle_item_grouping":"","bundle_min_size":"","bundle_max_size":"","bundle_price":[],"bundled_items":[],"bundle_sell_ids":[],"acf":{"zdjecie_bez_watermarka":null,"zdjecie_bez_watermarka_url":"","product_orgin_url":""},"yoast_head":"<!-- This site is optimized with the Yoast SEO plugin v23.9 - https:\/\/yoast.com\/wordpress\/plugins\/seo\/ -->\n<title>Adapter skrzyni bieg\u00f3w 1UZ-FE \/ 3UZ-FE do skrzni M57 3.0D (GS5-39DZ) - CYBUL<\/title>\n<meta name=\"robots\" content=\"index, follow, max-snippet:-1, max-image-preview:large, max-video-preview:-1\" \/>\n<link rel=\"canonical\" href=\"https:\/\/cybul.eu\/pl\/sklep\/adapter-skrzyni-biegow-1uz-fe-3uz-fe-do-skrzni-m57-3-0d-gs5-39dz\/\" \/>\n<meta property=\"og:locale\" content=\"pl_PL\" \/>\n<meta property=\"og:type\" content=\"article\" \/>\n<meta property=\"og:title\" content=\"Adapter skrzyni bieg\u00f3w 1UZ-FE \/ 3UZ-FE do skrzni M57 3.0D (GS5-39DZ) - CYBUL\" \/>\n<meta property=\"og:description\" content=\"Umo\u017cliwia monta\u017c skrzyni GS5-39DZ do silnika 1UZ-FE oraz 3UZ-FE G\u0142\u00f3wne korzy\u015bci: Dok\u0142adnie centrowanie skrzyni bieg\u00f3w z silnikiem Wy\u017csza \u017cywotno\u015b\u0107 gwint\u00f3w we flaszy w por\u00f3wnaniu do flansz aluminiowych W zestawie ze \u015brubami G\u0142\u00f3wne funkcje wahaczy: Wykonana na obrabiarkach CNC Customowe tuleje poliuretanowe o twardo\u015bci 85 ShA zmniejszaj\u0105 mas\u0119 o 85g\/wahacz Zaprojektowane w \u015brodowisku CAD 3D W [...]\" \/>\n<meta property=\"og:url\" content=\"https:\/\/cybul.eu\/pl\/sklep\/adapter-skrzyni-biegow-1uz-fe-3uz-fe-do-skrzni-m57-3-0d-gs5-39dz\/\" \/>\n<meta property=\"og:site_name\" content=\"CYBUL\" \/>\n<meta property=\"article:modified_time\" content=\"2022-07-07T13:06:07+00:00\" \/>\n<meta property=\"og:image\" content=\"https:\/\/cybul.eu\/wp-content\/uploads\/2020\/11\/1UZ-M57-gearbox-adapter-LOGO.png\" \/>\n\t<meta property=\"og:image:width\" content=\"800\" \/>\n\t<meta property=\"og:image:height\" content=\"800\" \/>\n\t<meta property=\"og:image:type\" content=\"image\/png\" \/>\n<meta name=\"twitter:card\" content=\"summary_large_image\" \/>\n<script type=\"application\/ld+json\" class=\"yoast-schema-graph\">{\"@context\":\"https:\/\/schema.org\",\"@graph\":[{\"@type\":\"WebPage\",\"@id\":\"https:\/\/cybul.eu\/pl\/sklep\/adapter-skrzyni-biegow-1uz-fe-3uz-fe-do-skrzni-m57-3-0d-gs5-39dz\/\",\"url\":\"https:\/\/cybul.eu\/pl\/sklep\/adapter-skrzyni-biegow-1uz-fe-3uz-fe-do-skrzni-m57-3-0d-gs5-39dz\/\",\"name\":\"Adapter skrzyni bieg\u00f3w 1UZ-FE \/ 3UZ-FE do skrzni M57 3.0D (GS5-39DZ) - CYBUL\",\"isPartOf\":{\"@id\":\"https:\/\/cybul.eu\/pl\/#website\"},\"primaryImageOfPage\":{\"@id\":\"https:\/\/cybul.eu\/pl\/sklep\/adapter-skrzyni-biegow-1uz-fe-3uz-fe-do-skrzni-m57-3-0d-gs5-39dz\/#primaryimage\"},\"image\":{\"@id\":\"https:\/\/cybul.eu\/pl\/sklep\/adapter-skrzyni-biegow-1uz-fe-3uz-fe-do-skrzni-m57-3-0d-gs5-39dz\/#primaryimage\"},\"thumbnailUrl\":\"https:\/\/cybul.eu\/wp-content\/uploads\/2020\/11\/1UZ-M57-gearbox-adapter-LOGO.png\",\"datePublished\":\"2020-11-24T07:02:51+00:00\",\"dateModified\":\"2022-07-07T13:06:07+00:00\",\"breadcrumb\":{\"@id\":\"https:\/\/cybul.eu\/pl\/sklep\/adapter-skrzyni-biegow-1uz-fe-3uz-fe-do-skrzni-m57-3-0d-gs5-39dz\/#breadcrumb\"},\"inLanguage\":\"pl-PL\",\"potentialAction\":[{\"@type\":\"ReadAction\",\"target\":[\"https:\/\/cybul.eu\/pl\/sklep\/adapter-skrzyni-biegow-1uz-fe-3uz-fe-do-skrzni-m57-3-0d-gs5-39dz\/\"]}]},{\"@type\":\"ImageObject\",\"inLanguage\":\"pl-PL\",\"@id\":\"https:\/\/cybul.eu\/pl\/sklep\/adapter-skrzyni-biegow-1uz-fe-3uz-fe-do-skrzni-m57-3-0d-gs5-39dz\/#primaryimage\",\"url\":\"https:\/\/cybul.eu\/wp-content\/uploads\/2020\/11\/1UZ-M57-gearbox-adapter-LOGO.png\",\"contentUrl\":\"https:\/\/cybul.eu\/wp-content\/uploads\/2020\/11\/1UZ-M57-gearbox-adapter-LOGO.png\",\"width\":800,\"height\":800,\"caption\":\"1UZ-FE 3UZ-FE BMW gearbox adapter plate\"},{\"@type\":\"BreadcrumbList\",\"@id\":\"https:\/\/cybul.eu\/pl\/sklep\/adapter-skrzyni-biegow-1uz-fe-3uz-fe-do-skrzni-m57-3-0d-gs5-39dz\/#breadcrumb\",\"itemListElement\":[{\"@type\":\"ListItem\",\"position\":1,\"name\":\"Strona g\u0142\u00f3wna\",\"item\":\"https:\/\/cybul.eu\/pl\/\"},{\"@type\":\"ListItem\",\"position\":2,\"name\":\"Sklep\",\"item\":\"https:\/\/cybul.eu\/pl\/sklep\/\"},{\"@type\":\"ListItem\",\"position\":3,\"name\":\"Adapter skrzyni bieg\u00f3w 1UZ-FE \/ 3UZ-FE do skrzni M57 3.0D (GS5-39DZ)\"}]},{\"@type\":\"WebSite\",\"@id\":\"https:\/\/cybul.eu\/pl\/#website\",\"url\":\"https:\/\/cybul.eu\/pl\/\",\"name\":\"CYBUL\",\"description\":\"\",\"potentialAction\":[{\"@type\":\"SearchAction\",\"target\":{\"@type\":\"EntryPoint\",\"urlTemplate\":\"https:\/\/cybul.eu\/pl\/?s={search_term_string}\"},\"query-input\":{\"@type\":\"PropertyValueSpecification\",\"valueRequired\":true,\"valueName\":\"search_term_string\"}}],\"inLanguage\":\"pl-PL\"}]}<\/script>\n<!-- \/ Yoast SEO plugin. -->","yoast_head_json":{"title":"Adapter skrzyni bieg\u00f3w 1UZ-FE \/ 3UZ-FE do skrzni M57 3.0D (GS5-39DZ) - CYBUL","robots":{"index":"index","follow":"follow","max-snippet":"max-snippet:-1","max-image-preview":"max-image-preview:large","max-video-preview":"max-video-preview:-1"},"canonical":"https:\/\/cybul.eu\/pl\/sklep\/adapter-skrzyni-biegow-1uz-fe-3uz-fe-do-skrzni-m57-3-0d-gs5-39dz\/","og_locale":"pl_PL","og_type":"article","og_title":"Adapter skrzyni bieg\u00f3w 1UZ-FE \/ 3UZ-FE do skrzni M57 3.0D (GS5-39DZ) - CYBUL","og_description":"Umo\u017cliwia monta\u017c skrzyni GS5-39DZ do silnika 1UZ-FE oraz 3UZ-FE G\u0142\u00f3wne korzy\u015bci: Dok\u0142adnie centrowanie skrzyni bieg\u00f3w z silnikiem Wy\u017csza \u017cywotno\u015b\u0107 gwint\u00f3w we flaszy w por\u00f3wnaniu do flansz aluminiowych W zestawie ze \u015brubami G\u0142\u00f3wne funkcje wahaczy: Wykonana na obrabiarkach CNC Customowe tuleje poliuretanowe o twardo\u015bci 85 ShA zmniejszaj\u0105 mas\u0119 o 85g\/wahacz Zaprojektowane w \u015brodowisku CAD 3D W [...]","og_url":"https:\/\/cybul.eu\/pl\/sklep\/adapter-skrzyni-biegow-1uz-fe-3uz-fe-do-skrzni-m57-3-0d-gs5-39dz\/","og_site_name":"CYBUL","article_modified_time":"2022-07-07T13:06:07+00:00","og_image":[{"width":800,"height":800,"url":"https:\/\/cybul.eu\/wp-content\/uploads\/2020\/11\/1UZ-M57-gearbox-adapter-LOGO.png","type":"image\/png"}],"twitter_card":"summary_large_image","schema":{"@context":"https:\/\/schema.org","@graph":[{"@type":"WebPage","@id":"https:\/\/cybul.eu\/pl\/sklep\/adapter-skrzyni-biegow-1uz-fe-3uz-fe-do-skrzni-m57-3-0d-gs5-39dz\/","url":"https:\/\/cybul.eu\/pl\/sklep\/adapter-skrzyni-biegow-1uz-fe-3uz-fe-do-skrzni-m57-3-0d-gs5-39dz\/","name":"Adapter skrzyni bieg\u00f3w 1UZ-FE \/ 3UZ-FE do skrzni M57 3.0D (GS5-39DZ) - CYBUL","isPartOf":{"@id":"https:\/\/cybul.eu\/pl\/#website"},"primaryImageOfPage":{"@id":"https:\/\/cybul.eu\/pl\/sklep\/adapter-skrzyni-biegow-1uz-fe-3uz-fe-do-skrzni-m57-3-0d-gs5-39dz\/#primaryimage"},"image":{"@id":"https:\/\/cybul.eu\/pl\/sklep\/adapter-skrzyni-biegow-1uz-fe-3uz-fe-do-skrzni-m57-3-0d-gs5-39dz\/#primaryimage"},"thumbnailUrl":"https:\/\/cybul.eu\/wp-content\/uploads\/2020\/11\/1UZ-M57-gearbox-adapter-LOGO.png","datePublished":"2020-11-24T07:02:51+00:00","dateModified":"2022-07-07T13:06:07+00:00","breadcrumb":{"@id":"https:\/\/cybul.eu\/pl\/sklep\/adapter-skrzyni-biegow-1uz-fe-3uz-fe-do-skrzni-m57-3-0d-gs5-39dz\/#breadcrumb"},"inLanguage":"pl-PL","potentialAction":[{"@type":"ReadAction","target":["https:\/\/cybul.eu\/pl\/sklep\/adapter-skrzyni-biegow-1uz-fe-3uz-fe-do-skrzni-m57-3-0d-gs5-39dz\/"]}]},{"@type":"ImageObject","inLanguage":"pl-PL","@id":"https:\/\/cybul.eu\/pl\/sklep\/adapter-skrzyni-biegow-1uz-fe-3uz-fe-do-skrzni-m57-3-0d-gs5-39dz\/#primaryimage","url":"https:\/\/cybul.eu\/wp-content\/uploads\/2020\/11\/1UZ-M57-gearbox-adapter-LOGO.png","contentUrl":"https:\/\/cybul.eu\/wp-content\/uploads\/2020\/11\/1UZ-M57-gearbox-adapter-LOGO.png","width":800,"height":800,"caption":"1UZ-FE 3UZ-FE BMW gearbox adapter plate"},{"@type":"BreadcrumbList","@id":"https:\/\/cybul.eu\/pl\/sklep\/adapter-skrzyni-biegow-1uz-fe-3uz-fe-do-skrzni-m57-3-0d-gs5-39dz\/#breadcrumb","itemListElement":[{"@type":"ListItem","position":1,"name":"Strona g\u0142\u00f3wna","item":"https:\/\/cybul.eu\/pl\/"},{"@type":"ListItem","position":2,"name":"Sklep","item":"https:\/\/cybul.eu\/pl\/sklep\/"},{"@type":"ListItem","position":3,"name":"Adapter skrzyni bieg\u00f3w 1UZ-FE \/ 3UZ-FE do skrzni M57 3.0D (GS5-39DZ)"}]},{"@type":"WebSite","@id":"https:\/\/cybul.eu\/pl\/#website","url":"https:\/\/cybul.eu\/pl\/","name":"CYBUL","description":"","potentialAction":[{"@type":"SearchAction","target":{"@type":"EntryPoint","urlTemplate":"https:\/\/cybul.eu\/pl\/?s={search_term_string}"},"query-input":{"@type":"PropertyValueSpecification","valueRequired":true,"valueName":"search_term_string"}}],"inLanguage":"pl-PL"}]}},"_links":{"self":[{"href":"https:\/\/cybul.eu\/pl\/wp-json\/wp\/v2\/product\/5793","targetHints":{"allow":["GET"]}}],"collection":[{"href":"https:\/\/cybul.eu\/pl\/wp-json\/wp\/v2\/product"}],"about":[{"href":"https:\/\/cybul.eu\/pl\/wp-json\/wp\/v2\/types\/product"}],"replies":[{"embeddable":true,"href":"https:\/\/cybul.eu\/pl\/wp-json\/wp\/v2\/comments?post=5793"}],"wp:featuredmedia":[{"embeddable":true,"href":"https:\/\/cybul.eu\/pl\/wp-json\/wp\/v2\/media\/3839"}],"wp:attachment":[{"href":"https:\/\/cybul.eu\/pl\/wp-json\/wp\/v2\/media?parent=5793"}],"wp:term":[{"taxonomy":"product_cat","embeddable":true,"href":"https:\/\/cybul.eu\/pl\/wp-json\/wp\/v2\/product_cat?post=5793"},{"taxonomy":"product_tag","embeddable":true,"href":"https:\/\/cybul.eu\/pl\/wp-json\/wp\/v2\/product_tag?post=5793"}],"curies":[{"name":"wp","href":"https:\/\/api.w.org\/{rel}","templated":true}]}}