{"id":5481,"date":"2022-03-31T08:27:11","date_gmt":"2022-03-31T06:27:11","guid":{"rendered":"https:\/\/cybul.eu\/?post_type=product&#038;p=5481"},"modified":"2023-11-28T00:01:00","modified_gmt":"2023-11-27T23:01:00","slug":"rzr-pro-xp-bolt-on-roll-cage","status":"publish","type":"product","link":"https:\/\/cybul.eu\/pl\/sklep\/rzr-pro-xp-bolt-on-roll-cage\/","title":{"rendered":"RZR PRO XP &#8211; przykr\u0119cana klatka bezpiecze\u0144stwa"},"content":{"rendered":"<p>Jedyna taka klatka w Europie &#8211; w 100% bolt-on, z dodatkowymi zastrza\u0142ami, o wiele wytrzymalsza od seryjnej.<\/p>\n<div class=\"\" data-block=\"true\" data-editor=\"bnd4h\" data-offset-key=\"402cu-0-0\">\n<p class=\"public-DraftStyleDefault-block public-DraftStyleDefault-ltr\" data-offset-key=\"402cu-0-0\">G\u0142\u00f3wne korzy\u015bci:<\/p>\n<ul>\n<li data-line-height=\"m\">Bezpieczna &#8211; dzi\u0119ki szeroko\u015bci zwi\u0119kszonej o 35cm nad g\u0142owami za\u0142ogi<\/li>\n<li>Agresywny wygl\u0105d &#8211; ni\u017csza od seryjnej klatki o 10cm<\/li>\n<li data-line-height=\"m\">Wyposa\u017cona w sko\u015bne zastrza\u0142y, zwi\u0119kszaj\u0105ce sztywno\u015b\u0107 konstrukcji<\/li>\n<li>Wykonana z bezszwowych rur dopuszczonych przez za\u0142\u0105cznik J FIA do produkcji klatek bezpiecze\u0144stwa<\/li>\n<\/ul>\n<\/div>\n<p data-line-height=\"m\">G\u0142\u00f3wne cechy:<\/p>\n<ul>\n<li data-line-height=\"m\">Kilkukrotnie wy\u017csza wytrzyma\u0142o\u015b\u0107 od seryjnej klatki &#8211; posiada V w s\u0142upku B, V w dachu, sko\u015bny zastrza\u0142 mi\u0119dzy s\u0142upkiem B i s\u0142upkiem A, dodatkowy pionowy zastrza\u0142 id\u0105cy od g\u00f3ry s\u0142upka A do ramy, po\u0142\u0105czony z przednim mocowaniem klatki, rur\u0119 pod szyb\u0105 z pionow\u0105 rur\u0105 na \u015brodku szyby oraz boczny zastrza\u0142 w drzwiach<\/li>\n<li data-line-height=\"m\">Lakierowanie na ponad 100 kolor\u00f3w w macie lub po\u0142ysku wliczone w cen\u0119<\/li>\n<li>Rura id\u0105ca pod szyb\u0105 jest poprowadzona tak, nisko, jak to mo\u017cliwe &#8211; nie zas\u0142ania drogi za\u0142odze<\/li>\n<li>Po\u0142o\u017cenie dodatkowych bocznych zastrza\u0142\u00f3w minimalizuje utrudnienie wsiadania<\/li>\n<li data-line-height=\"m\">Zaprojektowana w \u015brodowisku CAD 3D<\/li>\n<li data-line-height=\"m\">W 100% wykonana w Polsce<\/li>\n<\/ul>\n<p data-line-height=\"m\">W paczce dostajesz:<\/p>\n<ul>\n<li data-line-height=\"m\">Klatk\u0119 bezpiecze\u0144stwa<\/li>\n<li data-line-height=\"m\">Zestaw \u015brub i nakr\u0119tek potrzebnych do monta\u017cu<\/li>\n<\/ul>\n","protected":false},"excerpt":{"rendered":"<ul>\n<li data-line-height=\"m\">Szersza od seryjnej klatki o 35 cm nad g\u0142owami za\u0142ogi<\/li>\n<li>Ni\u017csza od seryjnej klatki o 10cm<\/li>\n<li data-line-height=\"m\">Wyposa\u017cona w sko\u015bne zastrza\u0142y, zwi\u0119kszaj\u0105ce sztywno\u015b\u0107 konstrukcji<\/li>\n<li>Wykonana z bezszwowych rur dopuszczonych przez za\u0142\u0105cznik J FIA do produkcji klatek bezpiecze\u0144stwa<\/li>\n<\/ul>\n","protected":false},"featured_media":5482,"comment_status":"open","ping_status":"closed","template":"","meta":[],"product_cat":[484,252],"product_tag":[],"class_list":{"0":"post-5481","1":"product","2":"type-product","3":"status-publish","4":"has-post-thumbnail","6":"product_cat-rzr-pro-xp-pl","7":"product_cat-bez-kategorii","9":"first","10":"instock","11":"taxable","12":"shipping-taxable","13":"purchasable","14":"product-type-simple"},"bundled_by":[],"bundle_stock_status":"instock","bundle_stock_quantity":null,"bundle_virtual":false,"bundle_layout":"","bundle_add_to_cart_form_location":"","bundle_editable_in_cart":false,"bundle_sold_individually_context":"","bundle_item_grouping":"","bundle_min_size":"","bundle_max_size":"","bundle_price":[],"bundled_items":[],"bundle_sell_ids":[],"acf":{"zdjecie_bez_watermarka":null,"zdjecie_bez_watermarka_url":"","product_orgin_url":""},"yoast_head":"<!-- This site is optimized with the Yoast SEO plugin v23.9 - https:\/\/yoast.com\/wordpress\/plugins\/seo\/ -->\n<title>RZR PRO XP - przykr\u0119cana klatka bezpiecze\u0144stwa - CYBUL<\/title>\n<meta name=\"description\" content=\"Jedyna taka klatka w Europie - w 100% bolt-on, z dodatkowymi zastrza\u0142ami, o wiele wytrzymalsza od seryjnej. Dost\u0119pna w ponad 100 kolorach w macie i po\u0142ysku!\" \/>\n<meta name=\"robots\" content=\"index, follow, max-snippet:-1, max-image-preview:large, max-video-preview:-1\" \/>\n<link rel=\"canonical\" href=\"https:\/\/cybul.eu\/pl\/sklep\/rzr-pro-xp-bolt-on-roll-cage\/\" \/>\n<meta property=\"og:locale\" content=\"pl_PL\" \/>\n<meta property=\"og:type\" content=\"article\" \/>\n<meta property=\"og:title\" content=\"RZR PRO XP - przykr\u0119cana klatka bezpiecze\u0144stwa - CYBUL\" \/>\n<meta property=\"og:description\" content=\"Jedyna taka klatka w Europie - w 100% bolt-on, z dodatkowymi zastrza\u0142ami, o wiele wytrzymalsza od seryjnej. Dost\u0119pna w ponad 100 kolorach w macie i po\u0142ysku!\" \/>\n<meta property=\"og:url\" content=\"https:\/\/cybul.eu\/pl\/sklep\/rzr-pro-xp-bolt-on-roll-cage\/\" \/>\n<meta property=\"og:site_name\" content=\"CYBUL\" \/>\n<meta property=\"article:modified_time\" content=\"2023-11-27T23:01:00+00:00\" \/>\n<meta property=\"og:image\" content=\"https:\/\/cybul.eu\/wp-content\/uploads\/2022\/03\/RZR-PRO-XP-roll-cage-2.jpg\" \/>\n\t<meta property=\"og:image:width\" content=\"800\" \/>\n\t<meta property=\"og:image:height\" content=\"800\" \/>\n\t<meta property=\"og:image:type\" content=\"image\/jpeg\" \/>\n<meta name=\"twitter:card\" content=\"summary_large_image\" \/>\n<meta name=\"twitter:label1\" content=\"Szacowany czas czytania\" \/>\n\t<meta name=\"twitter:data1\" content=\"1 minuta\" \/>\n<script type=\"application\/ld+json\" class=\"yoast-schema-graph\">{\"@context\":\"https:\/\/schema.org\",\"@graph\":[{\"@type\":\"WebPage\",\"@id\":\"https:\/\/cybul.eu\/pl\/sklep\/rzr-pro-xp-bolt-on-roll-cage\/\",\"url\":\"https:\/\/cybul.eu\/pl\/sklep\/rzr-pro-xp-bolt-on-roll-cage\/\",\"name\":\"RZR PRO XP - przykr\u0119cana klatka bezpiecze\u0144stwa - CYBUL\",\"isPartOf\":{\"@id\":\"https:\/\/cybul.eu\/pl\/#website\"},\"primaryImageOfPage\":{\"@id\":\"https:\/\/cybul.eu\/pl\/sklep\/rzr-pro-xp-bolt-on-roll-cage\/#primaryimage\"},\"image\":{\"@id\":\"https:\/\/cybul.eu\/pl\/sklep\/rzr-pro-xp-bolt-on-roll-cage\/#primaryimage\"},\"thumbnailUrl\":\"https:\/\/cybul.eu\/wp-content\/uploads\/2022\/03\/RZR-PRO-XP-roll-cage-2.jpg\",\"datePublished\":\"2022-03-31T06:27:11+00:00\",\"dateModified\":\"2023-11-27T23:01:00+00:00\",\"description\":\"Jedyna taka klatka w Europie - w 100% bolt-on, z dodatkowymi zastrza\u0142ami, o wiele wytrzymalsza od seryjnej. Dost\u0119pna w ponad 100 kolorach w macie i po\u0142ysku!\",\"breadcrumb\":{\"@id\":\"https:\/\/cybul.eu\/pl\/sklep\/rzr-pro-xp-bolt-on-roll-cage\/#breadcrumb\"},\"inLanguage\":\"pl-PL\",\"potentialAction\":[{\"@type\":\"ReadAction\",\"target\":[\"https:\/\/cybul.eu\/pl\/sklep\/rzr-pro-xp-bolt-on-roll-cage\/\"]}]},{\"@type\":\"ImageObject\",\"inLanguage\":\"pl-PL\",\"@id\":\"https:\/\/cybul.eu\/pl\/sklep\/rzr-pro-xp-bolt-on-roll-cage\/#primaryimage\",\"url\":\"https:\/\/cybul.eu\/wp-content\/uploads\/2022\/03\/RZR-PRO-XP-roll-cage-2.jpg\",\"contentUrl\":\"https:\/\/cybul.eu\/wp-content\/uploads\/2022\/03\/RZR-PRO-XP-roll-cage-2.jpg\",\"width\":800,\"height\":800,\"caption\":\"Polaris RZR PRO XP roll cage by Cybul Radical Solutions\"},{\"@type\":\"BreadcrumbList\",\"@id\":\"https:\/\/cybul.eu\/pl\/sklep\/rzr-pro-xp-bolt-on-roll-cage\/#breadcrumb\",\"itemListElement\":[{\"@type\":\"ListItem\",\"position\":1,\"name\":\"Strona g\u0142\u00f3wna\",\"item\":\"https:\/\/cybul.eu\/pl\/\"},{\"@type\":\"ListItem\",\"position\":2,\"name\":\"Sklep\",\"item\":\"https:\/\/cybul.eu\/pl\/sklep\/\"},{\"@type\":\"ListItem\",\"position\":3,\"name\":\"RZR PRO XP &#8211; przykr\u0119cana klatka bezpiecze\u0144stwa\"}]},{\"@type\":\"WebSite\",\"@id\":\"https:\/\/cybul.eu\/pl\/#website\",\"url\":\"https:\/\/cybul.eu\/pl\/\",\"name\":\"CYBUL\",\"description\":\"\",\"potentialAction\":[{\"@type\":\"SearchAction\",\"target\":{\"@type\":\"EntryPoint\",\"urlTemplate\":\"https:\/\/cybul.eu\/pl\/?s={search_term_string}\"},\"query-input\":{\"@type\":\"PropertyValueSpecification\",\"valueRequired\":true,\"valueName\":\"search_term_string\"}}],\"inLanguage\":\"pl-PL\"}]}<\/script>\n<!-- \/ Yoast SEO plugin. -->","yoast_head_json":{"title":"RZR PRO XP - przykr\u0119cana klatka bezpiecze\u0144stwa - CYBUL","description":"Jedyna taka klatka w Europie - w 100% bolt-on, z dodatkowymi zastrza\u0142ami, o wiele wytrzymalsza od seryjnej. Dost\u0119pna w ponad 100 kolorach w macie i po\u0142ysku!","robots":{"index":"index","follow":"follow","max-snippet":"max-snippet:-1","max-image-preview":"max-image-preview:large","max-video-preview":"max-video-preview:-1"},"canonical":"https:\/\/cybul.eu\/pl\/sklep\/rzr-pro-xp-bolt-on-roll-cage\/","og_locale":"pl_PL","og_type":"article","og_title":"RZR PRO XP - przykr\u0119cana klatka bezpiecze\u0144stwa - CYBUL","og_description":"Jedyna taka klatka w Europie - w 100% bolt-on, z dodatkowymi zastrza\u0142ami, o wiele wytrzymalsza od seryjnej. Dost\u0119pna w ponad 100 kolorach w macie i po\u0142ysku!","og_url":"https:\/\/cybul.eu\/pl\/sklep\/rzr-pro-xp-bolt-on-roll-cage\/","og_site_name":"CYBUL","article_modified_time":"2023-11-27T23:01:00+00:00","og_image":[{"width":800,"height":800,"url":"https:\/\/cybul.eu\/wp-content\/uploads\/2022\/03\/RZR-PRO-XP-roll-cage-2.jpg","type":"image\/jpeg"}],"twitter_card":"summary_large_image","twitter_misc":{"Szacowany czas czytania":"1 minuta"},"schema":{"@context":"https:\/\/schema.org","@graph":[{"@type":"WebPage","@id":"https:\/\/cybul.eu\/pl\/sklep\/rzr-pro-xp-bolt-on-roll-cage\/","url":"https:\/\/cybul.eu\/pl\/sklep\/rzr-pro-xp-bolt-on-roll-cage\/","name":"RZR PRO XP - przykr\u0119cana klatka bezpiecze\u0144stwa - CYBUL","isPartOf":{"@id":"https:\/\/cybul.eu\/pl\/#website"},"primaryImageOfPage":{"@id":"https:\/\/cybul.eu\/pl\/sklep\/rzr-pro-xp-bolt-on-roll-cage\/#primaryimage"},"image":{"@id":"https:\/\/cybul.eu\/pl\/sklep\/rzr-pro-xp-bolt-on-roll-cage\/#primaryimage"},"thumbnailUrl":"https:\/\/cybul.eu\/wp-content\/uploads\/2022\/03\/RZR-PRO-XP-roll-cage-2.jpg","datePublished":"2022-03-31T06:27:11+00:00","dateModified":"2023-11-27T23:01:00+00:00","description":"Jedyna taka klatka w Europie - w 100% bolt-on, z dodatkowymi zastrza\u0142ami, o wiele wytrzymalsza od seryjnej. Dost\u0119pna w ponad 100 kolorach w macie i po\u0142ysku!","breadcrumb":{"@id":"https:\/\/cybul.eu\/pl\/sklep\/rzr-pro-xp-bolt-on-roll-cage\/#breadcrumb"},"inLanguage":"pl-PL","potentialAction":[{"@type":"ReadAction","target":["https:\/\/cybul.eu\/pl\/sklep\/rzr-pro-xp-bolt-on-roll-cage\/"]}]},{"@type":"ImageObject","inLanguage":"pl-PL","@id":"https:\/\/cybul.eu\/pl\/sklep\/rzr-pro-xp-bolt-on-roll-cage\/#primaryimage","url":"https:\/\/cybul.eu\/wp-content\/uploads\/2022\/03\/RZR-PRO-XP-roll-cage-2.jpg","contentUrl":"https:\/\/cybul.eu\/wp-content\/uploads\/2022\/03\/RZR-PRO-XP-roll-cage-2.jpg","width":800,"height":800,"caption":"Polaris RZR PRO XP roll cage by Cybul Radical Solutions"},{"@type":"BreadcrumbList","@id":"https:\/\/cybul.eu\/pl\/sklep\/rzr-pro-xp-bolt-on-roll-cage\/#breadcrumb","itemListElement":[{"@type":"ListItem","position":1,"name":"Strona g\u0142\u00f3wna","item":"https:\/\/cybul.eu\/pl\/"},{"@type":"ListItem","position":2,"name":"Sklep","item":"https:\/\/cybul.eu\/pl\/sklep\/"},{"@type":"ListItem","position":3,"name":"RZR PRO XP &#8211; przykr\u0119cana klatka bezpiecze\u0144stwa"}]},{"@type":"WebSite","@id":"https:\/\/cybul.eu\/pl\/#website","url":"https:\/\/cybul.eu\/pl\/","name":"CYBUL","description":"","potentialAction":[{"@type":"SearchAction","target":{"@type":"EntryPoint","urlTemplate":"https:\/\/cybul.eu\/pl\/?s={search_term_string}"},"query-input":{"@type":"PropertyValueSpecification","valueRequired":true,"valueName":"search_term_string"}}],"inLanguage":"pl-PL"}]}},"_links":{"self":[{"href":"https:\/\/cybul.eu\/pl\/wp-json\/wp\/v2\/product\/5481","targetHints":{"allow":["GET"]}}],"collection":[{"href":"https:\/\/cybul.eu\/pl\/wp-json\/wp\/v2\/product"}],"about":[{"href":"https:\/\/cybul.eu\/pl\/wp-json\/wp\/v2\/types\/product"}],"replies":[{"embeddable":true,"href":"https:\/\/cybul.eu\/pl\/wp-json\/wp\/v2\/comments?post=5481"}],"wp:featuredmedia":[{"embeddable":true,"href":"https:\/\/cybul.eu\/pl\/wp-json\/wp\/v2\/media\/5482"}],"wp:attachment":[{"href":"https:\/\/cybul.eu\/pl\/wp-json\/wp\/v2\/media?parent=5481"}],"wp:term":[{"taxonomy":"product_cat","embeddable":true,"href":"https:\/\/cybul.eu\/pl\/wp-json\/wp\/v2\/product_cat?post=5481"},{"taxonomy":"product_tag","embeddable":true,"href":"https:\/\/cybul.eu\/pl\/wp-json\/wp\/v2\/product_tag?post=5481"}],"curies":[{"name":"wp","href":"https:\/\/api.w.org\/{rel}","templated":true}]}}