{"id":5478,"date":"2022-03-30T11:03:45","date_gmt":"2022-03-30T09:03:45","guid":{"rendered":"https:\/\/cybul.eu\/shop\/civic-ep3-regulowane-przednie-wahacze\/"},"modified":"2025-06-05T11:57:49","modified_gmt":"2025-06-05T09:57:49","slug":"civic-ep3-regulowane-przednie-wahacze","status":"publish","type":"product","link":"https:\/\/cybul.eu\/pl\/sklep\/civic-ep3-regulowane-przednie-wahacze\/","title":{"rendered":"CIVIC EP3 &#8211; regulowane przednie wahacze"},"content":{"rendered":"<p>Jedyne wahacze na rynku do Hondy Civic EP3, umo\u017cliwiaj\u0105ce regulacj\u0119 wszystkich parametr\u00f3w zawieszenia. Wykonane w Polsce, z chromowo-molibdenowych rur, zaprojektowane w \u015brodowisku CAD, przetestowane na torze.<\/p>\n<div class=\"\" data-block=\"true\" data-editor=\"bnd4h\" data-offset-key=\"402cu-0-0\">\n<p class=\"public-DraftStyleDefault-block public-DraftStyleDefault-ltr\" data-offset-key=\"402cu-0-0\">G\u0142\u00f3wne korzy\u015bci:<\/p>\n<ul>\n<li data-line-height=\"m\">Regulacja na aucie k\u0105ta wyprzedzenia sworznia zwrotnicy (caster) dla poprawy stabilno\u015bci auta<\/li>\n<li>Regulacja na aucie k\u0105ta pochylenia ko\u0142a (camber) dla poprawy prowadzenia w zakr\u0119cie<\/li>\n<li data-line-height=\"m\">\u0141atwa regulacja roll center umo\u017cliwiaj\u0105ca eliminacj\u0119 podsterowno\u015bci<\/li>\n<li>\u0141atwa regulacja anti-dive dla zmniejszenia &#8222;nurkowania&#8221; auta podczas hamowania<\/li>\n<li>Zwi\u0119kszona sztywno\u015b\u0107 w por\u00f3wnaniu do seryjnych wahaczy<\/li>\n<li>Bezluzowe, wysokiej jako\u015bci uniballe i \u0142o\u017cyska sferyczne eliminuj\u0105 nawet najmniejsze luzy w zawieszeniu<\/li>\n<\/ul>\n<\/div>\n<p data-line-height=\"m\">G\u0142\u00f3wne cechy wahaczy:<\/p>\n<ul>\n<li data-line-height=\"m\">Wykonanie z cienko\u015bciennych, ultra lekkich rur chromowo-molibdenowych<\/li>\n<li data-line-height=\"m\">Gniazda \u0142o\u017cysk sferycznych wykonane z wytrzyma\u0142ej stali konstrukcyjnej<\/li>\n<li data-line-height=\"m\">Wyposa\u017cone w najwy\u017cszej jako\u015bci uniballe i \u0142o\u017cyska sferyczne przeznaczone do motorsportu<\/li>\n<li>Wytrzyma\u0142a konstrukcja nadaje si\u0119 do start\u00f3w w rajdach<\/li>\n<li data-line-height=\"m\">Zaprojektowane w \u015brodowisku CAD 3D<\/li>\n<li data-line-height=\"m\">W 100% wykonane w Polsce<\/li>\n<li>Zestaw dostarczamy wst\u0119pnie z\u0142o\u017cony<\/li>\n<\/ul>\n<p data-line-height=\"m\">W paczce dostajesz:<\/p>\n<ul>\n<li data-line-height=\"m\">Dwa chromowo-molibdenowe wahacze<\/li>\n<li data-line-height=\"m\">Dwa \u0142o\u017cyska sferyczne<\/li>\n<li data-line-height=\"m\">Cztery bezluzowe uniballe przeznaczone do motorsportu<\/li>\n<li data-line-height=\"m\">Dwie dwucz\u0119\u015bciowe obudowy \u0142o\u017cysk sferycznych z insertami do zwrotnicy<\/li>\n<li data-line-height=\"m\">Dwa chromowo-molibdenowe, utwardzone termicznie \u0142\u0105czniki kab\u0142\u0105kowe (clevis joints)<\/li>\n<li data-line-height=\"m\">Cztery utwardzone termicznie tuleje regulacyjne<\/li>\n<li>Dwa chromowo-molibdenowe, utwardzone termicznie inserty do \u0142o\u017cysk sferycznych zwrotnicy z tulejami zwi\u0119kszaj\u0105cymi zakres pracy<\/li>\n<li data-line-height=\"m\">Zestaw tulei i podk\u0142adek do uniballi<\/li>\n<li data-line-height=\"m\">Zestaw wyci\u0119tych laserem przek\u0142adek z aluminium 7075 do regulacji roll center<\/li>\n<li data-line-height=\"m\">Zestaw \u015brub i nakr\u0119tek<\/li>\n<\/ul>\n","protected":false},"excerpt":{"rendered":"<p>Wznosz\u0105 prowadzenie Hondy Civic EP3 na zupe\u0142nie nowy poziom, dzi\u0119ki:<\/p>\n<ul>\n<li data-line-height=\"m\">Regulacji k\u0105ta wyprzedzenia sworznia zwrotnicy (caster)<\/li>\n<li>Regulacji na aucie k\u0105ta pochylenia ko\u0142a (camber)<\/li>\n<li data-line-height=\"m\">Regulacji roll center<\/li>\n<li>Regulacji anti-dive<\/li>\n<li>Zwi\u0119kszonej sztywno\u015bci w por\u00f3wnaniu do seryjnych wahaczy<\/li>\n<li>Zastosowaniu bezluzowych, wysokiej jako\u015bci uniballi i \u0142o\u017cysk sferycznych<\/li>\n<\/ul>\n","protected":false},"featured_media":6227,"comment_status":"open","ping_status":"closed","template":"","meta":[],"product_cat":[479],"product_tag":[],"class_list":{"0":"post-5478","1":"product","2":"type-product","3":"status-publish","4":"has-post-thumbnail","6":"product_cat-civic-ep3-pl","8":"first","9":"instock","10":"taxable","11":"shipping-taxable","12":"purchasable","13":"product-type-simple"},"bundled_by":[],"bundle_stock_status":"instock","bundle_stock_quantity":null,"bundle_virtual":false,"bundle_layout":"","bundle_add_to_cart_form_location":"","bundle_editable_in_cart":false,"bundle_sold_individually_context":"","bundle_item_grouping":"","bundle_min_size":"","bundle_max_size":"","bundle_price":[],"bundled_items":[],"bundle_sell_ids":[],"acf":{"zdjecie_bez_watermarka":null,"zdjecie_bez_watermarka_url":"","product_orgin_url":""},"yoast_head":"<!-- This site is optimized with the Yoast SEO plugin v23.9 - https:\/\/yoast.com\/wordpress\/plugins\/seo\/ -->\n<title>CIVIC EP3 - regulowane przednie wahacze - CYBUL<\/title>\n<meta name=\"description\" content=\"Jedyne wahacze na rynku do Hondy Civic EP3, umo\u017cliwiaj\u0105ce regulacj\u0119 wszystkich parametr\u00f3w zawieszenia. Wykonane w Polsce, z chromowo-molibdenowych rur.\" \/>\n<meta name=\"robots\" content=\"index, follow, max-snippet:-1, max-image-preview:large, max-video-preview:-1\" \/>\n<link rel=\"canonical\" href=\"https:\/\/cybul.eu\/pl\/sklep\/civic-ep3-regulowane-przednie-wahacze\/\" \/>\n<meta property=\"og:locale\" content=\"pl_PL\" \/>\n<meta property=\"og:type\" content=\"article\" \/>\n<meta property=\"og:title\" content=\"CIVIC EP3 - regulowane przednie wahacze - CYBUL\" \/>\n<meta property=\"og:description\" content=\"Jedyne wahacze na rynku do Hondy Civic EP3, umo\u017cliwiaj\u0105ce regulacj\u0119 wszystkich parametr\u00f3w zawieszenia. Wykonane w Polsce, z chromowo-molibdenowych rur.\" \/>\n<meta property=\"og:url\" content=\"https:\/\/cybul.eu\/pl\/sklep\/civic-ep3-regulowane-przednie-wahacze\/\" \/>\n<meta property=\"og:site_name\" content=\"CYBUL\" \/>\n<meta property=\"article:modified_time\" content=\"2025-06-05T09:57:49+00:00\" \/>\n<meta property=\"og:image\" content=\"https:\/\/cybul.eu\/wp-content\/uploads\/2022\/03\/316895620_1167232187553297_3575002602649566077_n.jpg\" \/>\n\t<meta property=\"og:image:width\" content=\"800\" \/>\n\t<meta property=\"og:image:height\" content=\"800\" \/>\n\t<meta property=\"og:image:type\" content=\"image\/jpeg\" \/>\n<meta name=\"twitter:card\" content=\"summary_large_image\" \/>\n<meta name=\"twitter:label1\" content=\"Szacowany czas czytania\" \/>\n\t<meta name=\"twitter:data1\" content=\"1 minuta\" \/>\n<script type=\"application\/ld+json\" class=\"yoast-schema-graph\">{\"@context\":\"https:\/\/schema.org\",\"@graph\":[{\"@type\":\"WebPage\",\"@id\":\"https:\/\/cybul.eu\/pl\/sklep\/civic-ep3-regulowane-przednie-wahacze\/\",\"url\":\"https:\/\/cybul.eu\/pl\/sklep\/civic-ep3-regulowane-przednie-wahacze\/\",\"name\":\"CIVIC EP3 - regulowane przednie wahacze - CYBUL\",\"isPartOf\":{\"@id\":\"https:\/\/cybul.eu\/pl\/#website\"},\"primaryImageOfPage\":{\"@id\":\"https:\/\/cybul.eu\/pl\/sklep\/civic-ep3-regulowane-przednie-wahacze\/#primaryimage\"},\"image\":{\"@id\":\"https:\/\/cybul.eu\/pl\/sklep\/civic-ep3-regulowane-przednie-wahacze\/#primaryimage\"},\"thumbnailUrl\":\"https:\/\/cybul.eu\/wp-content\/uploads\/2022\/03\/316895620_1167232187553297_3575002602649566077_n.jpg\",\"datePublished\":\"2022-03-30T09:03:45+00:00\",\"dateModified\":\"2025-06-05T09:57:49+00:00\",\"description\":\"Jedyne wahacze na rynku do Hondy Civic EP3, umo\u017cliwiaj\u0105ce regulacj\u0119 wszystkich parametr\u00f3w zawieszenia. Wykonane w Polsce, z chromowo-molibdenowych rur.\",\"breadcrumb\":{\"@id\":\"https:\/\/cybul.eu\/pl\/sklep\/civic-ep3-regulowane-przednie-wahacze\/#breadcrumb\"},\"inLanguage\":\"pl-PL\",\"potentialAction\":[{\"@type\":\"ReadAction\",\"target\":[\"https:\/\/cybul.eu\/pl\/sklep\/civic-ep3-regulowane-przednie-wahacze\/\"]}]},{\"@type\":\"ImageObject\",\"inLanguage\":\"pl-PL\",\"@id\":\"https:\/\/cybul.eu\/pl\/sklep\/civic-ep3-regulowane-przednie-wahacze\/#primaryimage\",\"url\":\"https:\/\/cybul.eu\/wp-content\/uploads\/2022\/03\/316895620_1167232187553297_3575002602649566077_n.jpg\",\"contentUrl\":\"https:\/\/cybul.eu\/wp-content\/uploads\/2022\/03\/316895620_1167232187553297_3575002602649566077_n.jpg\",\"width\":800,\"height\":800},{\"@type\":\"BreadcrumbList\",\"@id\":\"https:\/\/cybul.eu\/pl\/sklep\/civic-ep3-regulowane-przednie-wahacze\/#breadcrumb\",\"itemListElement\":[{\"@type\":\"ListItem\",\"position\":1,\"name\":\"Strona g\u0142\u00f3wna\",\"item\":\"https:\/\/cybul.eu\/pl\/\"},{\"@type\":\"ListItem\",\"position\":2,\"name\":\"Sklep\",\"item\":\"https:\/\/cybul.eu\/pl\/sklep\/\"},{\"@type\":\"ListItem\",\"position\":3,\"name\":\"CIVIC EP3 &#8211; regulowane przednie wahacze\"}]},{\"@type\":\"WebSite\",\"@id\":\"https:\/\/cybul.eu\/pl\/#website\",\"url\":\"https:\/\/cybul.eu\/pl\/\",\"name\":\"CYBUL\",\"description\":\"\",\"potentialAction\":[{\"@type\":\"SearchAction\",\"target\":{\"@type\":\"EntryPoint\",\"urlTemplate\":\"https:\/\/cybul.eu\/pl\/?s={search_term_string}\"},\"query-input\":{\"@type\":\"PropertyValueSpecification\",\"valueRequired\":true,\"valueName\":\"search_term_string\"}}],\"inLanguage\":\"pl-PL\"}]}<\/script>\n<!-- \/ Yoast SEO plugin. -->","yoast_head_json":{"title":"CIVIC EP3 - regulowane przednie wahacze - CYBUL","description":"Jedyne wahacze na rynku do Hondy Civic EP3, umo\u017cliwiaj\u0105ce regulacj\u0119 wszystkich parametr\u00f3w zawieszenia. Wykonane w Polsce, z chromowo-molibdenowych rur.","robots":{"index":"index","follow":"follow","max-snippet":"max-snippet:-1","max-image-preview":"max-image-preview:large","max-video-preview":"max-video-preview:-1"},"canonical":"https:\/\/cybul.eu\/pl\/sklep\/civic-ep3-regulowane-przednie-wahacze\/","og_locale":"pl_PL","og_type":"article","og_title":"CIVIC EP3 - regulowane przednie wahacze - CYBUL","og_description":"Jedyne wahacze na rynku do Hondy Civic EP3, umo\u017cliwiaj\u0105ce regulacj\u0119 wszystkich parametr\u00f3w zawieszenia. Wykonane w Polsce, z chromowo-molibdenowych rur.","og_url":"https:\/\/cybul.eu\/pl\/sklep\/civic-ep3-regulowane-przednie-wahacze\/","og_site_name":"CYBUL","article_modified_time":"2025-06-05T09:57:49+00:00","og_image":[{"width":800,"height":800,"url":"https:\/\/cybul.eu\/wp-content\/uploads\/2022\/03\/316895620_1167232187553297_3575002602649566077_n.jpg","type":"image\/jpeg"}],"twitter_card":"summary_large_image","twitter_misc":{"Szacowany czas czytania":"1 minuta"},"schema":{"@context":"https:\/\/schema.org","@graph":[{"@type":"WebPage","@id":"https:\/\/cybul.eu\/pl\/sklep\/civic-ep3-regulowane-przednie-wahacze\/","url":"https:\/\/cybul.eu\/pl\/sklep\/civic-ep3-regulowane-przednie-wahacze\/","name":"CIVIC EP3 - regulowane przednie wahacze - CYBUL","isPartOf":{"@id":"https:\/\/cybul.eu\/pl\/#website"},"primaryImageOfPage":{"@id":"https:\/\/cybul.eu\/pl\/sklep\/civic-ep3-regulowane-przednie-wahacze\/#primaryimage"},"image":{"@id":"https:\/\/cybul.eu\/pl\/sklep\/civic-ep3-regulowane-przednie-wahacze\/#primaryimage"},"thumbnailUrl":"https:\/\/cybul.eu\/wp-content\/uploads\/2022\/03\/316895620_1167232187553297_3575002602649566077_n.jpg","datePublished":"2022-03-30T09:03:45+00:00","dateModified":"2025-06-05T09:57:49+00:00","description":"Jedyne wahacze na rynku do Hondy Civic EP3, umo\u017cliwiaj\u0105ce regulacj\u0119 wszystkich parametr\u00f3w zawieszenia. Wykonane w Polsce, z chromowo-molibdenowych rur.","breadcrumb":{"@id":"https:\/\/cybul.eu\/pl\/sklep\/civic-ep3-regulowane-przednie-wahacze\/#breadcrumb"},"inLanguage":"pl-PL","potentialAction":[{"@type":"ReadAction","target":["https:\/\/cybul.eu\/pl\/sklep\/civic-ep3-regulowane-przednie-wahacze\/"]}]},{"@type":"ImageObject","inLanguage":"pl-PL","@id":"https:\/\/cybul.eu\/pl\/sklep\/civic-ep3-regulowane-przednie-wahacze\/#primaryimage","url":"https:\/\/cybul.eu\/wp-content\/uploads\/2022\/03\/316895620_1167232187553297_3575002602649566077_n.jpg","contentUrl":"https:\/\/cybul.eu\/wp-content\/uploads\/2022\/03\/316895620_1167232187553297_3575002602649566077_n.jpg","width":800,"height":800},{"@type":"BreadcrumbList","@id":"https:\/\/cybul.eu\/pl\/sklep\/civic-ep3-regulowane-przednie-wahacze\/#breadcrumb","itemListElement":[{"@type":"ListItem","position":1,"name":"Strona g\u0142\u00f3wna","item":"https:\/\/cybul.eu\/pl\/"},{"@type":"ListItem","position":2,"name":"Sklep","item":"https:\/\/cybul.eu\/pl\/sklep\/"},{"@type":"ListItem","position":3,"name":"CIVIC EP3 &#8211; regulowane przednie wahacze"}]},{"@type":"WebSite","@id":"https:\/\/cybul.eu\/pl\/#website","url":"https:\/\/cybul.eu\/pl\/","name":"CYBUL","description":"","potentialAction":[{"@type":"SearchAction","target":{"@type":"EntryPoint","urlTemplate":"https:\/\/cybul.eu\/pl\/?s={search_term_string}"},"query-input":{"@type":"PropertyValueSpecification","valueRequired":true,"valueName":"search_term_string"}}],"inLanguage":"pl-PL"}]}},"_links":{"self":[{"href":"https:\/\/cybul.eu\/pl\/wp-json\/wp\/v2\/product\/5478","targetHints":{"allow":["GET"]}}],"collection":[{"href":"https:\/\/cybul.eu\/pl\/wp-json\/wp\/v2\/product"}],"about":[{"href":"https:\/\/cybul.eu\/pl\/wp-json\/wp\/v2\/types\/product"}],"replies":[{"embeddable":true,"href":"https:\/\/cybul.eu\/pl\/wp-json\/wp\/v2\/comments?post=5478"}],"wp:featuredmedia":[{"embeddable":true,"href":"https:\/\/cybul.eu\/pl\/wp-json\/wp\/v2\/media\/6227"}],"wp:attachment":[{"href":"https:\/\/cybul.eu\/pl\/wp-json\/wp\/v2\/media?parent=5478"}],"wp:term":[{"taxonomy":"product_cat","embeddable":true,"href":"https:\/\/cybul.eu\/pl\/wp-json\/wp\/v2\/product_cat?post=5478"},{"taxonomy":"product_tag","embeddable":true,"href":"https:\/\/cybul.eu\/pl\/wp-json\/wp\/v2\/product_tag?post=5478"}],"curies":[{"name":"wp","href":"https:\/\/api.w.org\/{rel}","templated":true}]}}