{"id":5122,"date":"2022-02-16T10:19:00","date_gmt":"2022-02-16T09:19:00","guid":{"rendered":"https:\/\/cybul.eu\/shop\/mocowanie-gasnicy-do-mazdy-mx-5-nd\/"},"modified":"2025-06-05T11:57:47","modified_gmt":"2025-06-05T09:57:47","slug":"mocowanie-gasnicy-do-mazdy-mx-5-nd","status":"publish","type":"product","link":"https:\/\/cybul.eu\/pl\/sklep\/mocowanie-gasnicy-do-mazdy-mx-5-nd\/","title":{"rendered":"Mazda MX-5 ND &#8211; mocowanie ga\u015bnicy"},"content":{"rendered":"<p>Nasze mocowanie ga\u015bnicy do Mazdy MX-5 ND to idealne rozwi\u0105zanie na track-day&#8217;e:<\/p>\n<div class=\"\" data-block=\"true\" data-editor=\"bnd4h\" data-offset-key=\"402cu-0-0\">\n<p class=\"public-DraftStyleDefault-block public-DraftStyleDefault-ltr\" data-offset-key=\"402cu-0-0\">G\u0142\u00f3wne korzy\u015bci:<\/p>\n<ul>\n<li data-line-height=\"m\">W 100% bolt-on (nie wymaga wykonywania mocowa\u0144 w nadwoziu)<\/li>\n<li>Wiele punkt\u00f3w monta\u017cowych zapewnia kompatybilno\u015b\u0107 z ka\u017cd\u0105 ga\u015bnic\u0105 do 3kg<\/li>\n<li data-line-height=\"m\">Lekkie<\/li>\n<\/ul>\n<\/div>\n<p data-line-height=\"m\">G\u0142\u00f3wne cechy mocowa\u0144:<\/p>\n<ul>\n<li data-line-height=\"m\">Wyci\u0119te na laserze, gi\u0119te na maszynie CNC<\/li>\n<li data-line-height=\"m\">Wykonane ze stali E355<\/li>\n<li data-line-height=\"m\">Lakierowanie proszkowo na metaliczny grafit<\/li>\n<\/ul>\n<p data-line-height=\"m\">W paczce dostajesz:<\/p>\n<ul>\n<li data-line-height=\"m\">Mocowanie<\/li>\n<li data-line-height=\"m\">Zestaw \u015brub i nakr\u0119tek potrzebnych do monta\u017cu<\/li>\n<\/ul>\n<p>&nbsp;<\/p>\n<p>&nbsp;<\/p>\n","protected":false},"excerpt":{"rendered":"<p>Nasze mocowanie ga\u015bnicy do Mazdy MX-5 ND to idealne rozwi\u0105zanie na track-day&#8217;e: G\u0142\u00f3wne korzy\u015bci: W 100% bolt-on (nie wymaga wykonywania mocowa\u0144 w nadwoziu) Wiele punkt\u00f3w monta\u017cowych zapewnia kompatybilno\u015b\u0107 z ka\u017cd\u0105 ga\u015bnic\u0105 do 3kg Lekkie G\u0142\u00f3wne cechy mocowa\u0144: Wyci\u0119te na laserze, gi\u0119te na maszynie CNC Wykonane ze stali E355 Lakierowanie proszkowo na metaliczny grafit W paczce [&#8230;]\n","protected":false},"featured_media":5121,"comment_status":"open","ping_status":"closed","template":"","meta":[],"product_cat":[476,284],"product_tag":[],"class_list":{"0":"post-5122","1":"product","2":"type-product","3":"status-publish","4":"has-post-thumbnail","6":"product_cat-mx-5-nd-pl","7":"product_cat-mazda-pl","9":"first","10":"instock","11":"taxable","12":"shipping-taxable","13":"purchasable","14":"product-type-simple"},"bundled_by":[],"bundle_stock_status":"instock","bundle_stock_quantity":null,"bundle_virtual":false,"bundle_layout":"","bundle_add_to_cart_form_location":"","bundle_editable_in_cart":false,"bundle_sold_individually_context":"","bundle_item_grouping":"","bundle_min_size":"","bundle_max_size":"","bundle_price":[],"bundled_items":[],"bundle_sell_ids":[],"acf":{"zdjecie_bez_watermarka":null,"zdjecie_bez_watermarka_url":"","product_orgin_url":""},"yoast_head":"<!-- This site is optimized with the Yoast SEO plugin v23.9 - https:\/\/yoast.com\/wordpress\/plugins\/seo\/ -->\n<title>Mazda MX-5 ND - mocowanie ga\u015bnicy - CYBUL<\/title>\n<meta name=\"description\" content=\"W 100% bolt-on (nie wymaga wykonywania mocowa\u0144 w nadwoziu. Wiele punkt\u00f3w monta\u017cowych zapewnia kompatybilno\u015b\u0107 z ka\u017cd\u0105 ga\u015bnic\u0105 do 3kg\" \/>\n<meta name=\"robots\" content=\"index, follow, max-snippet:-1, max-image-preview:large, max-video-preview:-1\" \/>\n<link rel=\"canonical\" href=\"https:\/\/cybul.eu\/pl\/sklep\/mocowanie-gasnicy-do-mazdy-mx-5-nd\/\" \/>\n<meta property=\"og:locale\" content=\"pl_PL\" \/>\n<meta property=\"og:type\" content=\"article\" \/>\n<meta property=\"og:title\" content=\"Mazda MX-5 ND - mocowanie ga\u015bnicy - CYBUL\" \/>\n<meta property=\"og:description\" content=\"W 100% bolt-on (nie wymaga wykonywania mocowa\u0144 w nadwoziu. Wiele punkt\u00f3w monta\u017cowych zapewnia kompatybilno\u015b\u0107 z ka\u017cd\u0105 ga\u015bnic\u0105 do 3kg\" \/>\n<meta property=\"og:url\" content=\"https:\/\/cybul.eu\/pl\/sklep\/mocowanie-gasnicy-do-mazdy-mx-5-nd\/\" \/>\n<meta property=\"og:site_name\" content=\"CYBUL\" \/>\n<meta property=\"article:modified_time\" content=\"2025-06-05T09:57:47+00:00\" \/>\n<meta property=\"og:image\" content=\"https:\/\/cybul.eu\/wp-content\/uploads\/2022\/02\/MX-5-ND-fire-extinguisher-mount.jpg\" \/>\n\t<meta property=\"og:image:width\" content=\"800\" \/>\n\t<meta property=\"og:image:height\" content=\"800\" \/>\n\t<meta property=\"og:image:type\" content=\"image\/jpeg\" \/>\n<meta name=\"twitter:card\" content=\"summary_large_image\" \/>\n<script type=\"application\/ld+json\" class=\"yoast-schema-graph\">{\"@context\":\"https:\/\/schema.org\",\"@graph\":[{\"@type\":\"WebPage\",\"@id\":\"https:\/\/cybul.eu\/pl\/sklep\/mocowanie-gasnicy-do-mazdy-mx-5-nd\/\",\"url\":\"https:\/\/cybul.eu\/pl\/sklep\/mocowanie-gasnicy-do-mazdy-mx-5-nd\/\",\"name\":\"Mazda MX-5 ND - mocowanie ga\u015bnicy - CYBUL\",\"isPartOf\":{\"@id\":\"https:\/\/cybul.eu\/pl\/#website\"},\"primaryImageOfPage\":{\"@id\":\"https:\/\/cybul.eu\/pl\/sklep\/mocowanie-gasnicy-do-mazdy-mx-5-nd\/#primaryimage\"},\"image\":{\"@id\":\"https:\/\/cybul.eu\/pl\/sklep\/mocowanie-gasnicy-do-mazdy-mx-5-nd\/#primaryimage\"},\"thumbnailUrl\":\"https:\/\/cybul.eu\/wp-content\/uploads\/2022\/02\/MX-5-ND-fire-extinguisher-mount.jpg\",\"datePublished\":\"2022-02-16T09:19:00+00:00\",\"dateModified\":\"2025-06-05T09:57:47+00:00\",\"description\":\"W 100% bolt-on (nie wymaga wykonywania mocowa\u0144 w nadwoziu. Wiele punkt\u00f3w monta\u017cowych zapewnia kompatybilno\u015b\u0107 z ka\u017cd\u0105 ga\u015bnic\u0105 do 3kg\",\"breadcrumb\":{\"@id\":\"https:\/\/cybul.eu\/pl\/sklep\/mocowanie-gasnicy-do-mazdy-mx-5-nd\/#breadcrumb\"},\"inLanguage\":\"pl-PL\",\"potentialAction\":[{\"@type\":\"ReadAction\",\"target\":[\"https:\/\/cybul.eu\/pl\/sklep\/mocowanie-gasnicy-do-mazdy-mx-5-nd\/\"]}]},{\"@type\":\"ImageObject\",\"inLanguage\":\"pl-PL\",\"@id\":\"https:\/\/cybul.eu\/pl\/sklep\/mocowanie-gasnicy-do-mazdy-mx-5-nd\/#primaryimage\",\"url\":\"https:\/\/cybul.eu\/wp-content\/uploads\/2022\/02\/MX-5-ND-fire-extinguisher-mount.jpg\",\"contentUrl\":\"https:\/\/cybul.eu\/wp-content\/uploads\/2022\/02\/MX-5-ND-fire-extinguisher-mount.jpg\",\"width\":800,\"height\":800,\"caption\":\"Mazda MX-5 ND - mocowanie ga\u015bnicy\"},{\"@type\":\"BreadcrumbList\",\"@id\":\"https:\/\/cybul.eu\/pl\/sklep\/mocowanie-gasnicy-do-mazdy-mx-5-nd\/#breadcrumb\",\"itemListElement\":[{\"@type\":\"ListItem\",\"position\":1,\"name\":\"Strona g\u0142\u00f3wna\",\"item\":\"https:\/\/cybul.eu\/pl\/\"},{\"@type\":\"ListItem\",\"position\":2,\"name\":\"Sklep\",\"item\":\"https:\/\/cybul.eu\/pl\/sklep\/\"},{\"@type\":\"ListItem\",\"position\":3,\"name\":\"Mazda MX-5 ND &#8211; mocowanie ga\u015bnicy\"}]},{\"@type\":\"WebSite\",\"@id\":\"https:\/\/cybul.eu\/pl\/#website\",\"url\":\"https:\/\/cybul.eu\/pl\/\",\"name\":\"CYBUL\",\"description\":\"\",\"potentialAction\":[{\"@type\":\"SearchAction\",\"target\":{\"@type\":\"EntryPoint\",\"urlTemplate\":\"https:\/\/cybul.eu\/pl\/?s={search_term_string}\"},\"query-input\":{\"@type\":\"PropertyValueSpecification\",\"valueRequired\":true,\"valueName\":\"search_term_string\"}}],\"inLanguage\":\"pl-PL\"}]}<\/script>\n<!-- \/ Yoast SEO plugin. -->","yoast_head_json":{"title":"Mazda MX-5 ND - mocowanie ga\u015bnicy - CYBUL","description":"W 100% bolt-on (nie wymaga wykonywania mocowa\u0144 w nadwoziu. Wiele punkt\u00f3w monta\u017cowych zapewnia kompatybilno\u015b\u0107 z ka\u017cd\u0105 ga\u015bnic\u0105 do 3kg","robots":{"index":"index","follow":"follow","max-snippet":"max-snippet:-1","max-image-preview":"max-image-preview:large","max-video-preview":"max-video-preview:-1"},"canonical":"https:\/\/cybul.eu\/pl\/sklep\/mocowanie-gasnicy-do-mazdy-mx-5-nd\/","og_locale":"pl_PL","og_type":"article","og_title":"Mazda MX-5 ND - mocowanie ga\u015bnicy - CYBUL","og_description":"W 100% bolt-on (nie wymaga wykonywania mocowa\u0144 w nadwoziu. Wiele punkt\u00f3w monta\u017cowych zapewnia kompatybilno\u015b\u0107 z ka\u017cd\u0105 ga\u015bnic\u0105 do 3kg","og_url":"https:\/\/cybul.eu\/pl\/sklep\/mocowanie-gasnicy-do-mazdy-mx-5-nd\/","og_site_name":"CYBUL","article_modified_time":"2025-06-05T09:57:47+00:00","og_image":[{"width":800,"height":800,"url":"https:\/\/cybul.eu\/wp-content\/uploads\/2022\/02\/MX-5-ND-fire-extinguisher-mount.jpg","type":"image\/jpeg"}],"twitter_card":"summary_large_image","schema":{"@context":"https:\/\/schema.org","@graph":[{"@type":"WebPage","@id":"https:\/\/cybul.eu\/pl\/sklep\/mocowanie-gasnicy-do-mazdy-mx-5-nd\/","url":"https:\/\/cybul.eu\/pl\/sklep\/mocowanie-gasnicy-do-mazdy-mx-5-nd\/","name":"Mazda MX-5 ND - mocowanie ga\u015bnicy - CYBUL","isPartOf":{"@id":"https:\/\/cybul.eu\/pl\/#website"},"primaryImageOfPage":{"@id":"https:\/\/cybul.eu\/pl\/sklep\/mocowanie-gasnicy-do-mazdy-mx-5-nd\/#primaryimage"},"image":{"@id":"https:\/\/cybul.eu\/pl\/sklep\/mocowanie-gasnicy-do-mazdy-mx-5-nd\/#primaryimage"},"thumbnailUrl":"https:\/\/cybul.eu\/wp-content\/uploads\/2022\/02\/MX-5-ND-fire-extinguisher-mount.jpg","datePublished":"2022-02-16T09:19:00+00:00","dateModified":"2025-06-05T09:57:47+00:00","description":"W 100% bolt-on (nie wymaga wykonywania mocowa\u0144 w nadwoziu. Wiele punkt\u00f3w monta\u017cowych zapewnia kompatybilno\u015b\u0107 z ka\u017cd\u0105 ga\u015bnic\u0105 do 3kg","breadcrumb":{"@id":"https:\/\/cybul.eu\/pl\/sklep\/mocowanie-gasnicy-do-mazdy-mx-5-nd\/#breadcrumb"},"inLanguage":"pl-PL","potentialAction":[{"@type":"ReadAction","target":["https:\/\/cybul.eu\/pl\/sklep\/mocowanie-gasnicy-do-mazdy-mx-5-nd\/"]}]},{"@type":"ImageObject","inLanguage":"pl-PL","@id":"https:\/\/cybul.eu\/pl\/sklep\/mocowanie-gasnicy-do-mazdy-mx-5-nd\/#primaryimage","url":"https:\/\/cybul.eu\/wp-content\/uploads\/2022\/02\/MX-5-ND-fire-extinguisher-mount.jpg","contentUrl":"https:\/\/cybul.eu\/wp-content\/uploads\/2022\/02\/MX-5-ND-fire-extinguisher-mount.jpg","width":800,"height":800,"caption":"Mazda MX-5 ND - mocowanie ga\u015bnicy"},{"@type":"BreadcrumbList","@id":"https:\/\/cybul.eu\/pl\/sklep\/mocowanie-gasnicy-do-mazdy-mx-5-nd\/#breadcrumb","itemListElement":[{"@type":"ListItem","position":1,"name":"Strona g\u0142\u00f3wna","item":"https:\/\/cybul.eu\/pl\/"},{"@type":"ListItem","position":2,"name":"Sklep","item":"https:\/\/cybul.eu\/pl\/sklep\/"},{"@type":"ListItem","position":3,"name":"Mazda MX-5 ND &#8211; mocowanie ga\u015bnicy"}]},{"@type":"WebSite","@id":"https:\/\/cybul.eu\/pl\/#website","url":"https:\/\/cybul.eu\/pl\/","name":"CYBUL","description":"","potentialAction":[{"@type":"SearchAction","target":{"@type":"EntryPoint","urlTemplate":"https:\/\/cybul.eu\/pl\/?s={search_term_string}"},"query-input":{"@type":"PropertyValueSpecification","valueRequired":true,"valueName":"search_term_string"}}],"inLanguage":"pl-PL"}]}},"_links":{"self":[{"href":"https:\/\/cybul.eu\/pl\/wp-json\/wp\/v2\/product\/5122","targetHints":{"allow":["GET"]}}],"collection":[{"href":"https:\/\/cybul.eu\/pl\/wp-json\/wp\/v2\/product"}],"about":[{"href":"https:\/\/cybul.eu\/pl\/wp-json\/wp\/v2\/types\/product"}],"replies":[{"embeddable":true,"href":"https:\/\/cybul.eu\/pl\/wp-json\/wp\/v2\/comments?post=5122"}],"wp:featuredmedia":[{"embeddable":true,"href":"https:\/\/cybul.eu\/pl\/wp-json\/wp\/v2\/media\/5121"}],"wp:attachment":[{"href":"https:\/\/cybul.eu\/pl\/wp-json\/wp\/v2\/media?parent=5122"}],"wp:term":[{"taxonomy":"product_cat","embeddable":true,"href":"https:\/\/cybul.eu\/pl\/wp-json\/wp\/v2\/product_cat?post=5122"},{"taxonomy":"product_tag","embeddable":true,"href":"https:\/\/cybul.eu\/pl\/wp-json\/wp\/v2\/product_tag?post=5122"}],"curies":[{"name":"wp","href":"https:\/\/api.w.org\/{rel}","templated":true}]}}