{"id":4747,"date":"2021-10-22T13:23:06","date_gmt":"2021-10-22T11:23:07","guid":{"rendered":"https:\/\/cybul.eu\/?post_type=product&#038;p=4747"},"modified":"2025-06-05T11:57:41","modified_gmt":"2025-06-05T09:57:41","slug":"mazda-mx-5-nd-mocowanie-fotela-z-szynami-sparco","status":"publish","type":"product","link":"https:\/\/cybul.eu\/pl\/sklep\/mazda-mx-5-nd-mocowanie-fotela-z-szynami-sparco\/","title":{"rendered":"Mazda MX-5 ND &#8211; Mocowanie fotela z szynami Sparco"},"content":{"rendered":"<p>Nasze szyny do fotela kube\u0142kowego przeznaczone bo Mazdy MX-5 ND<\/p>\n<div class=\"\" data-block=\"true\" data-editor=\"bnd4h\" data-offset-key=\"402cu-0-0\">\n<p class=\"public-DraftStyleDefault-block public-DraftStyleDefault-ltr\" data-offset-key=\"402cu-0-0\"><span style=\"font-size: 115%;\">Mocowania umo\u017cliwiaj\u0105 regulacj\u0119:<\/span><\/p>\n<ul>\n<li data-line-height=\"m\">Po\u0142o\u017cenia fotela ty\u0142-prz\u00f3d na aucie, bez konieczno\u015bci demonta\u017cu<\/li>\n<li>Po\u0142o\u017cenia fotela prawo-lewo<\/li>\n<li data-line-height=\"m\">Po\u0142o\u017cenia fotela g\u00f3ra-d\u00f3\u0142<\/li>\n<li data-line-height=\"m\">K\u0105ta pochylenia fotela<\/li>\n<li data-line-height=\"m\">Szeroko\u015bci mocowa\u0144<\/li>\n<\/ul>\n<\/div>\n<p data-line-height=\"m\"><span style=\"font-size: 115%;\">G\u0142\u00f3wne cechy mocowa\u0144:<\/span><\/p>\n<ul>\n<li data-line-height=\"m\">Posiadaj\u0105 mocowanie zapi\u0119cia seryjnego pasa bezpiecze\u0144stwa<\/li>\n<li data-line-height=\"m\">Posiadaj\u0105 mocowanie krokowej cz\u0119\u015bci pas\u00f3w 5\/6 puktowych<\/li>\n<li data-line-height=\"m\">Wyci\u0119te na laserze, gi\u0119te na maszynie CNC<\/li>\n<li data-line-height=\"m\">Wykonane ze stali E355<\/li>\n<li data-line-height=\"m\">Lakierowanie proszkowo na metaliczny grafit<\/li>\n<li data-line-height=\"m\">Rozwi\u0105zanie w 100% bolt-on<\/li>\n<\/ul>\n<p data-line-height=\"m\"><span style=\"font-size: 115%;\">W paczce dostajesz:<\/span><\/p>\n<ul>\n<li data-line-height=\"m\">Doln\u0105 p\u0142yt\u0119 przykr\u0119can\u0105 do nadwozia<\/li>\n<li data-line-height=\"m\">Dwa boczne mocowania<\/li>\n<li data-line-height=\"m\">Szyn\u0119 Sparco<\/li>\n<li data-line-height=\"m\">Zestaw \u015brub i nakr\u0119tek potrzebnych do monta\u017cu<\/li>\n<\/ul>\n","protected":false},"excerpt":{"rendered":"<ul>\n<li data-line-height=\"m\">W pe\u0142ni regulowane<\/li>\n<li data-line-height=\"m\">Wykonane na maszynach CNC<\/li>\n<li data-line-height=\"m\">Umo\u017cliwiaj\u0105 ustawienie fotela ty\u0142-prz\u00f3d &#8222;na aucie&#8221;<\/li>\n<\/ul>\n","protected":false},"featured_media":4749,"comment_status":"open","ping_status":"closed","template":"","meta":[],"product_cat":[524,476],"product_tag":[346,347],"class_list":{"0":"post-4747","1":"product","2":"type-product","3":"status-publish","4":"has-post-thumbnail","6":"product_cat-bezpieczenstwo-mx-5-nd","7":"product_cat-mx-5-nd-pl","8":"product_tag-mx5-pl","9":"product_tag-mx5-podwozie-i-nadwozie","11":"first","12":"instock","13":"taxable","14":"shipping-taxable","15":"purchasable","16":"product-type-simple"},"bundled_by":[],"bundle_stock_status":"instock","bundle_stock_quantity":null,"bundle_virtual":false,"bundle_layout":"","bundle_add_to_cart_form_location":"","bundle_editable_in_cart":false,"bundle_sold_individually_context":"","bundle_item_grouping":"","bundle_min_size":"","bundle_max_size":"","bundle_price":[],"bundled_items":[],"bundle_sell_ids":[],"acf":{"zdjecie_bez_watermarka":null,"zdjecie_bez_watermarka_url":"","product_orgin_url":""},"yoast_head":"<!-- This site is optimized with the Yoast SEO plugin v23.9 - https:\/\/yoast.com\/wordpress\/plugins\/seo\/ -->\n<title>Mazda MX-5 ND - Mocowanie fotela z szynami Sparco - CYBUL<\/title>\n<meta name=\"description\" content=\"Umo\u017cliwiaj\u0105 ustawienie fotela ty\u0142-prz\u00f3d &quot;na aucie&quot;. Wykonane na maszynach CNC, lakierowanie proszkowo. Kompatybilne z ka\u017cdym fotelem mieszcz\u0105cym si\u0119 do ND.\" \/>\n<meta name=\"robots\" content=\"index, follow, max-snippet:-1, max-image-preview:large, max-video-preview:-1\" \/>\n<link rel=\"canonical\" href=\"https:\/\/cybul.eu\/pl\/sklep\/mazda-mx-5-nd-mocowanie-fotela-z-szynami-sparco\/\" \/>\n<meta property=\"og:locale\" content=\"pl_PL\" \/>\n<meta property=\"og:type\" content=\"article\" \/>\n<meta property=\"og:title\" content=\"Mazda MX-5 ND - Mocowanie fotela z szynami Sparco - CYBUL\" \/>\n<meta property=\"og:description\" content=\"Umo\u017cliwiaj\u0105 ustawienie fotela ty\u0142-prz\u00f3d &quot;na aucie&quot;. Wykonane na maszynach CNC, lakierowanie proszkowo. Kompatybilne z ka\u017cdym fotelem mieszcz\u0105cym si\u0119 do ND.\" \/>\n<meta property=\"og:url\" content=\"https:\/\/cybul.eu\/pl\/sklep\/mazda-mx-5-nd-mocowanie-fotela-z-szynami-sparco\/\" \/>\n<meta property=\"og:site_name\" content=\"CYBUL\" \/>\n<meta property=\"article:modified_time\" content=\"2025-06-05T09:57:41+00:00\" \/>\n<meta property=\"og:image\" content=\"https:\/\/cybul.eu\/wp-content\/uploads\/2021\/10\/MX-5-ND-bucket-seat-mount.jpg\" \/>\n\t<meta property=\"og:image:width\" content=\"800\" \/>\n\t<meta property=\"og:image:height\" content=\"800\" \/>\n\t<meta property=\"og:image:type\" content=\"image\/jpeg\" \/>\n<meta name=\"twitter:card\" content=\"summary_large_image\" \/>\n<meta name=\"twitter:label1\" content=\"Szacowany czas czytania\" \/>\n\t<meta name=\"twitter:data1\" content=\"1 minuta\" \/>\n<script type=\"application\/ld+json\" class=\"yoast-schema-graph\">{\"@context\":\"https:\/\/schema.org\",\"@graph\":[{\"@type\":\"WebPage\",\"@id\":\"https:\/\/cybul.eu\/pl\/sklep\/mazda-mx-5-nd-mocowanie-fotela-z-szynami-sparco\/\",\"url\":\"https:\/\/cybul.eu\/pl\/sklep\/mazda-mx-5-nd-mocowanie-fotela-z-szynami-sparco\/\",\"name\":\"Mazda MX-5 ND - Mocowanie fotela z szynami Sparco - CYBUL\",\"isPartOf\":{\"@id\":\"https:\/\/cybul.eu\/pl\/#website\"},\"primaryImageOfPage\":{\"@id\":\"https:\/\/cybul.eu\/pl\/sklep\/mazda-mx-5-nd-mocowanie-fotela-z-szynami-sparco\/#primaryimage\"},\"image\":{\"@id\":\"https:\/\/cybul.eu\/pl\/sklep\/mazda-mx-5-nd-mocowanie-fotela-z-szynami-sparco\/#primaryimage\"},\"thumbnailUrl\":\"https:\/\/cybul.eu\/wp-content\/uploads\/2021\/10\/MX-5-ND-bucket-seat-mount.jpg\",\"datePublished\":\"2021-10-22T11:23:07+00:00\",\"dateModified\":\"2025-06-05T09:57:41+00:00\",\"description\":\"Umo\u017cliwiaj\u0105 ustawienie fotela ty\u0142-prz\u00f3d \\\"na aucie\\\". Wykonane na maszynach CNC, lakierowanie proszkowo. Kompatybilne z ka\u017cdym fotelem mieszcz\u0105cym si\u0119 do ND.\",\"breadcrumb\":{\"@id\":\"https:\/\/cybul.eu\/pl\/sklep\/mazda-mx-5-nd-mocowanie-fotela-z-szynami-sparco\/#breadcrumb\"},\"inLanguage\":\"pl-PL\",\"potentialAction\":[{\"@type\":\"ReadAction\",\"target\":[\"https:\/\/cybul.eu\/pl\/sklep\/mazda-mx-5-nd-mocowanie-fotela-z-szynami-sparco\/\"]}]},{\"@type\":\"ImageObject\",\"inLanguage\":\"pl-PL\",\"@id\":\"https:\/\/cybul.eu\/pl\/sklep\/mazda-mx-5-nd-mocowanie-fotela-z-szynami-sparco\/#primaryimage\",\"url\":\"https:\/\/cybul.eu\/wp-content\/uploads\/2021\/10\/MX-5-ND-bucket-seat-mount.jpg\",\"contentUrl\":\"https:\/\/cybul.eu\/wp-content\/uploads\/2021\/10\/MX-5-ND-bucket-seat-mount.jpg\",\"width\":800,\"height\":800,\"caption\":\"Mocowanie fotela do mazdy MX-5 ND z szynami Sparco\"},{\"@type\":\"BreadcrumbList\",\"@id\":\"https:\/\/cybul.eu\/pl\/sklep\/mazda-mx-5-nd-mocowanie-fotela-z-szynami-sparco\/#breadcrumb\",\"itemListElement\":[{\"@type\":\"ListItem\",\"position\":1,\"name\":\"Strona g\u0142\u00f3wna\",\"item\":\"https:\/\/cybul.eu\/pl\/\"},{\"@type\":\"ListItem\",\"position\":2,\"name\":\"Sklep\",\"item\":\"https:\/\/cybul.eu\/pl\/sklep\/\"},{\"@type\":\"ListItem\",\"position\":3,\"name\":\"Mazda MX-5 ND &#8211; Mocowanie fotela z szynami Sparco\"}]},{\"@type\":\"WebSite\",\"@id\":\"https:\/\/cybul.eu\/pl\/#website\",\"url\":\"https:\/\/cybul.eu\/pl\/\",\"name\":\"CYBUL\",\"description\":\"\",\"potentialAction\":[{\"@type\":\"SearchAction\",\"target\":{\"@type\":\"EntryPoint\",\"urlTemplate\":\"https:\/\/cybul.eu\/pl\/?s={search_term_string}\"},\"query-input\":{\"@type\":\"PropertyValueSpecification\",\"valueRequired\":true,\"valueName\":\"search_term_string\"}}],\"inLanguage\":\"pl-PL\"}]}<\/script>\n<!-- \/ Yoast SEO plugin. -->","yoast_head_json":{"title":"Mazda MX-5 ND - Mocowanie fotela z szynami Sparco - CYBUL","description":"Umo\u017cliwiaj\u0105 ustawienie fotela ty\u0142-prz\u00f3d \"na aucie\". Wykonane na maszynach CNC, lakierowanie proszkowo. Kompatybilne z ka\u017cdym fotelem mieszcz\u0105cym si\u0119 do ND.","robots":{"index":"index","follow":"follow","max-snippet":"max-snippet:-1","max-image-preview":"max-image-preview:large","max-video-preview":"max-video-preview:-1"},"canonical":"https:\/\/cybul.eu\/pl\/sklep\/mazda-mx-5-nd-mocowanie-fotela-z-szynami-sparco\/","og_locale":"pl_PL","og_type":"article","og_title":"Mazda MX-5 ND - Mocowanie fotela z szynami Sparco - CYBUL","og_description":"Umo\u017cliwiaj\u0105 ustawienie fotela ty\u0142-prz\u00f3d \"na aucie\". Wykonane na maszynach CNC, lakierowanie proszkowo. Kompatybilne z ka\u017cdym fotelem mieszcz\u0105cym si\u0119 do ND.","og_url":"https:\/\/cybul.eu\/pl\/sklep\/mazda-mx-5-nd-mocowanie-fotela-z-szynami-sparco\/","og_site_name":"CYBUL","article_modified_time":"2025-06-05T09:57:41+00:00","og_image":[{"width":800,"height":800,"url":"https:\/\/cybul.eu\/wp-content\/uploads\/2021\/10\/MX-5-ND-bucket-seat-mount.jpg","type":"image\/jpeg"}],"twitter_card":"summary_large_image","twitter_misc":{"Szacowany czas czytania":"1 minuta"},"schema":{"@context":"https:\/\/schema.org","@graph":[{"@type":"WebPage","@id":"https:\/\/cybul.eu\/pl\/sklep\/mazda-mx-5-nd-mocowanie-fotela-z-szynami-sparco\/","url":"https:\/\/cybul.eu\/pl\/sklep\/mazda-mx-5-nd-mocowanie-fotela-z-szynami-sparco\/","name":"Mazda MX-5 ND - Mocowanie fotela z szynami Sparco - CYBUL","isPartOf":{"@id":"https:\/\/cybul.eu\/pl\/#website"},"primaryImageOfPage":{"@id":"https:\/\/cybul.eu\/pl\/sklep\/mazda-mx-5-nd-mocowanie-fotela-z-szynami-sparco\/#primaryimage"},"image":{"@id":"https:\/\/cybul.eu\/pl\/sklep\/mazda-mx-5-nd-mocowanie-fotela-z-szynami-sparco\/#primaryimage"},"thumbnailUrl":"https:\/\/cybul.eu\/wp-content\/uploads\/2021\/10\/MX-5-ND-bucket-seat-mount.jpg","datePublished":"2021-10-22T11:23:07+00:00","dateModified":"2025-06-05T09:57:41+00:00","description":"Umo\u017cliwiaj\u0105 ustawienie fotela ty\u0142-prz\u00f3d \"na aucie\". Wykonane na maszynach CNC, lakierowanie proszkowo. Kompatybilne z ka\u017cdym fotelem mieszcz\u0105cym si\u0119 do ND.","breadcrumb":{"@id":"https:\/\/cybul.eu\/pl\/sklep\/mazda-mx-5-nd-mocowanie-fotela-z-szynami-sparco\/#breadcrumb"},"inLanguage":"pl-PL","potentialAction":[{"@type":"ReadAction","target":["https:\/\/cybul.eu\/pl\/sklep\/mazda-mx-5-nd-mocowanie-fotela-z-szynami-sparco\/"]}]},{"@type":"ImageObject","inLanguage":"pl-PL","@id":"https:\/\/cybul.eu\/pl\/sklep\/mazda-mx-5-nd-mocowanie-fotela-z-szynami-sparco\/#primaryimage","url":"https:\/\/cybul.eu\/wp-content\/uploads\/2021\/10\/MX-5-ND-bucket-seat-mount.jpg","contentUrl":"https:\/\/cybul.eu\/wp-content\/uploads\/2021\/10\/MX-5-ND-bucket-seat-mount.jpg","width":800,"height":800,"caption":"Mocowanie fotela do mazdy MX-5 ND z szynami Sparco"},{"@type":"BreadcrumbList","@id":"https:\/\/cybul.eu\/pl\/sklep\/mazda-mx-5-nd-mocowanie-fotela-z-szynami-sparco\/#breadcrumb","itemListElement":[{"@type":"ListItem","position":1,"name":"Strona g\u0142\u00f3wna","item":"https:\/\/cybul.eu\/pl\/"},{"@type":"ListItem","position":2,"name":"Sklep","item":"https:\/\/cybul.eu\/pl\/sklep\/"},{"@type":"ListItem","position":3,"name":"Mazda MX-5 ND &#8211; Mocowanie fotela z szynami Sparco"}]},{"@type":"WebSite","@id":"https:\/\/cybul.eu\/pl\/#website","url":"https:\/\/cybul.eu\/pl\/","name":"CYBUL","description":"","potentialAction":[{"@type":"SearchAction","target":{"@type":"EntryPoint","urlTemplate":"https:\/\/cybul.eu\/pl\/?s={search_term_string}"},"query-input":{"@type":"PropertyValueSpecification","valueRequired":true,"valueName":"search_term_string"}}],"inLanguage":"pl-PL"}]}},"_links":{"self":[{"href":"https:\/\/cybul.eu\/pl\/wp-json\/wp\/v2\/product\/4747","targetHints":{"allow":["GET"]}}],"collection":[{"href":"https:\/\/cybul.eu\/pl\/wp-json\/wp\/v2\/product"}],"about":[{"href":"https:\/\/cybul.eu\/pl\/wp-json\/wp\/v2\/types\/product"}],"replies":[{"embeddable":true,"href":"https:\/\/cybul.eu\/pl\/wp-json\/wp\/v2\/comments?post=4747"}],"wp:featuredmedia":[{"embeddable":true,"href":"https:\/\/cybul.eu\/pl\/wp-json\/wp\/v2\/media\/4749"}],"wp:attachment":[{"href":"https:\/\/cybul.eu\/pl\/wp-json\/wp\/v2\/media?parent=4747"}],"wp:term":[{"taxonomy":"product_cat","embeddable":true,"href":"https:\/\/cybul.eu\/pl\/wp-json\/wp\/v2\/product_cat?post=4747"},{"taxonomy":"product_tag","embeddable":true,"href":"https:\/\/cybul.eu\/pl\/wp-json\/wp\/v2\/product_tag?post=4747"}],"curies":[{"name":"wp","href":"https:\/\/api.w.org\/{rel}","templated":true}]}}