{"id":4736,"date":"2021-10-21T15:37:24","date_gmt":"2021-10-21T13:37:25","guid":{"rendered":"https:\/\/cybul.eu\/?post_type=product&#038;p=4736"},"modified":"2025-06-05T11:57:40","modified_gmt":"2025-06-05T09:57:40","slug":"mazda-mx-5-nd-roll-bar-wersja-soft-top","status":"publish","type":"product","link":"https:\/\/cybul.eu\/pl\/sklep\/mazda-mx-5-nd-roll-bar-wersja-soft-top\/","title":{"rendered":"Mazda MX-5 ND &#8211; roll bar &#8211; wersja soft top"},"content":{"rendered":"<p>Roll bar do MX-5 ND, kt\u00f3ry mo\u017cecie u nas kupi\u0107 jest najbardziej zbli\u017conym rozwi\u0105zaniem do seryjnej &#8222;rolki&#8221;. Jest r\u00f3wnie\u017c o wiele wytrzymalszy, zachowuj\u0105c jej pe\u0142n\u0105 funkcjonalno\u015b\u0107:<\/p>\n<ul>\n<li data-line-height=\"m\"><span style=\"font-size: 100%;\">Posiada mocowania wszystkich os\u0142on plastikowych<\/span><\/li>\n<li><span style=\"font-size: 100%;\">Posiada mocowanie mechanizmu trzymaj\u0105cego dach po z\u0142o\u017ceniu<\/span><\/li>\n<li data-line-height=\"m\"><span style=\"font-size: 100%;\">Posiada mocowanie mechanizmu zwijaj\u0105cego pasy<\/span><\/li>\n<\/ul>\n<div class=\"\" data-block=\"true\" data-editor=\"bnd4h\" data-offset-key=\"402cu-0-0\">\n<p class=\"public-DraftStyleDefault-block public-DraftStyleDefault-ltr\" data-offset-key=\"402cu-0-0\"><span style=\"font-size: 115%;\">G\u0142\u00f3wne korzy\u015bci:<\/span><\/p>\n<ul>\n<li data-line-height=\"m\"><span style=\"font-size: 100%;\">Wy\u017cszy o ponad 45mm od seryjnego roll bara<\/span><\/li>\n<li><span style=\"font-size: 100%;\">Wykonany z bezszwowych rur, dopuszczonych przez FIA do produkcji klatek bezpiecze\u0144stwa\u00a0<\/span><\/li>\n<li data-line-height=\"m\"><span style=\"font-size: 100%;\">Zwi\u0119ksza sztywno\u015b\u0107 nadwozia<\/span><\/li>\n<li data-line-height=\"m\">Lakierowanie proszkowe na ponad 100 kolor\u00f3w w macie i po\u0142ysku jest wliczone w cen\u0119<\/li>\n<li data-line-height=\"m\">Wyposa\u017cony w punkty monta\u017cowe do naramiennej cz\u0119\u015bci pas\u00f3w 4-punktowych<\/li>\n<li data-line-height=\"m\">Wyposa\u017cony w dodatkowe punkty monta\u017cowe do nadwozia<\/li>\n<li data-line-height=\"m\">Seryjne schowki s\u0105 w pe\u0142ni funkcjonalne<\/li>\n<\/ul>\n<\/div>\n<p data-line-height=\"m\"><span style=\"font-size: 115%;\">G\u0142\u00f3wne cechy roll bara:<\/span><\/p>\n<ul>\n<li data-line-height=\"m\">Kompatybilny z seryjnym windshot&#8217;em<\/li>\n<li data-line-height=\"m\">Rozwi\u0105zanie &#8222;bolt-on&#8221;<\/li>\n<li data-line-height=\"m\">Spawany r\u0119cznie z najwy\u017csz\u0105 dba\u0142o\u015bci\u0105 o wytrzyma\u0142o\u015b\u0107 i wygl\u0105d spoiny<\/li>\n<\/ul>\n<p data-line-height=\"m\"><span style=\"font-size: 115%;\">W paczce dostajesz:<\/span><\/p>\n<ul>\n<li data-line-height=\"m\">Roll bar<\/li>\n<li data-line-height=\"m\">Zestaw \u015brub i nakr\u0119tek<\/li>\n<li data-line-height=\"m\">Instrukcj\u0119 monta\u017cu z szablonami u\u0142atwiaj\u0105cymi wyci\u0119cie os\u0142on plastikowych (w niewidocznych miejscach)<\/li>\n<\/ul>\n","protected":false},"excerpt":{"rendered":"<ul>\n<li data-line-height=\"m\">Ponad 40mm wy\u017cszy od seryjnego roll bara<\/li>\n<li data-line-height=\"m\">W 100% bolt-on<\/li>\n<li data-line-height=\"m\">Wyposa\u017cony w mocowania plastikowych os\u0142on<\/li>\n<li data-line-height=\"m\">Dost\u0119pny w ponad 100 kolorach z palety RAL<\/li>\n<\/ul>\n","protected":false},"featured_media":4738,"comment_status":"open","ping_status":"closed","template":"","meta":[],"product_cat":[524,476,284],"product_tag":[346,347],"class_list":{"0":"post-4736","1":"product","2":"type-product","3":"status-publish","4":"has-post-thumbnail","6":"product_cat-bezpieczenstwo-mx-5-nd","7":"product_cat-mx-5-nd-pl","8":"product_cat-mazda-pl","9":"product_tag-mx5-pl","10":"product_tag-mx5-podwozie-i-nadwozie","11":"product_shipping_class-roll-bar-nc-pl","13":"first","14":"instock","15":"taxable","16":"shipping-taxable","17":"purchasable","18":"product-type-simple"},"bundled_by":[],"bundle_stock_status":"instock","bundle_stock_quantity":null,"bundle_virtual":false,"bundle_layout":"","bundle_add_to_cart_form_location":"","bundle_editable_in_cart":false,"bundle_sold_individually_context":"","bundle_item_grouping":"","bundle_min_size":"","bundle_max_size":"","bundle_price":[],"bundled_items":[],"bundle_sell_ids":[],"acf":{"zdjecie_bez_watermarka":null,"zdjecie_bez_watermarka_url":"","product_orgin_url":""},"yoast_head":"<!-- This site is optimized with the Yoast SEO plugin v23.9 - https:\/\/yoast.com\/wordpress\/plugins\/seo\/ -->\n<title>Mazda MX-5 ND - roll bar - wersja soft top - CYBUL<\/title>\n<meta name=\"description\" content=\"Najbardziej zbli\u017cone rozwi\u0105zanie do seryjnego roll bara. Zwi\u0119ksza bezpiecze\u0144stwo, posiada wszystkie funkcje seryjnej &quot;rolki&quot;\" \/>\n<meta name=\"robots\" content=\"index, follow, max-snippet:-1, max-image-preview:large, max-video-preview:-1\" \/>\n<link rel=\"canonical\" href=\"https:\/\/cybul.eu\/pl\/sklep\/mazda-mx-5-nd-roll-bar-wersja-soft-top\/\" \/>\n<meta property=\"og:locale\" content=\"pl_PL\" \/>\n<meta property=\"og:type\" content=\"article\" \/>\n<meta property=\"og:title\" content=\"Mazda MX-5 ND - roll bar - wersja soft top - CYBUL\" \/>\n<meta property=\"og:description\" content=\"Najbardziej zbli\u017cone rozwi\u0105zanie do seryjnego roll bara. Zwi\u0119ksza bezpiecze\u0144stwo, posiada wszystkie funkcje seryjnej &quot;rolki&quot;\" \/>\n<meta property=\"og:url\" content=\"https:\/\/cybul.eu\/pl\/sklep\/mazda-mx-5-nd-roll-bar-wersja-soft-top\/\" \/>\n<meta property=\"og:site_name\" content=\"CYBUL\" \/>\n<meta property=\"article:modified_time\" content=\"2025-06-05T09:57:40+00:00\" \/>\n<meta property=\"og:image\" content=\"https:\/\/cybul.eu\/wp-content\/uploads\/2021\/10\/Roll-bar-MX-5-ND-2.jpg\" \/>\n\t<meta property=\"og:image:width\" content=\"1600\" \/>\n\t<meta property=\"og:image:height\" content=\"1600\" \/>\n\t<meta property=\"og:image:type\" content=\"image\/jpeg\" \/>\n<meta name=\"twitter:card\" content=\"summary_large_image\" \/>\n<meta name=\"twitter:label1\" content=\"Szacowany czas czytania\" \/>\n\t<meta name=\"twitter:data1\" content=\"1 minuta\" \/>\n<script type=\"application\/ld+json\" class=\"yoast-schema-graph\">{\"@context\":\"https:\/\/schema.org\",\"@graph\":[{\"@type\":\"WebPage\",\"@id\":\"https:\/\/cybul.eu\/pl\/sklep\/mazda-mx-5-nd-roll-bar-wersja-soft-top\/\",\"url\":\"https:\/\/cybul.eu\/pl\/sklep\/mazda-mx-5-nd-roll-bar-wersja-soft-top\/\",\"name\":\"Mazda MX-5 ND - roll bar - wersja soft top - CYBUL\",\"isPartOf\":{\"@id\":\"https:\/\/cybul.eu\/pl\/#website\"},\"primaryImageOfPage\":{\"@id\":\"https:\/\/cybul.eu\/pl\/sklep\/mazda-mx-5-nd-roll-bar-wersja-soft-top\/#primaryimage\"},\"image\":{\"@id\":\"https:\/\/cybul.eu\/pl\/sklep\/mazda-mx-5-nd-roll-bar-wersja-soft-top\/#primaryimage\"},\"thumbnailUrl\":\"https:\/\/cybul.eu\/wp-content\/uploads\/2021\/10\/Roll-bar-MX-5-ND-2.jpg\",\"datePublished\":\"2021-10-21T13:37:25+00:00\",\"dateModified\":\"2025-06-05T09:57:40+00:00\",\"description\":\"Najbardziej zbli\u017cone rozwi\u0105zanie do seryjnego roll bara. Zwi\u0119ksza bezpiecze\u0144stwo, posiada wszystkie funkcje seryjnej \\\"rolki\\\"\",\"breadcrumb\":{\"@id\":\"https:\/\/cybul.eu\/pl\/sklep\/mazda-mx-5-nd-roll-bar-wersja-soft-top\/#breadcrumb\"},\"inLanguage\":\"pl-PL\",\"potentialAction\":[{\"@type\":\"ReadAction\",\"target\":[\"https:\/\/cybul.eu\/pl\/sklep\/mazda-mx-5-nd-roll-bar-wersja-soft-top\/\"]}]},{\"@type\":\"ImageObject\",\"inLanguage\":\"pl-PL\",\"@id\":\"https:\/\/cybul.eu\/pl\/sklep\/mazda-mx-5-nd-roll-bar-wersja-soft-top\/#primaryimage\",\"url\":\"https:\/\/cybul.eu\/wp-content\/uploads\/2021\/10\/Roll-bar-MX-5-ND-2.jpg\",\"contentUrl\":\"https:\/\/cybul.eu\/wp-content\/uploads\/2021\/10\/Roll-bar-MX-5-ND-2.jpg\",\"width\":1600,\"height\":1600,\"caption\":\"Mazda MX-5 ND roll bar\"},{\"@type\":\"BreadcrumbList\",\"@id\":\"https:\/\/cybul.eu\/pl\/sklep\/mazda-mx-5-nd-roll-bar-wersja-soft-top\/#breadcrumb\",\"itemListElement\":[{\"@type\":\"ListItem\",\"position\":1,\"name\":\"Strona g\u0142\u00f3wna\",\"item\":\"https:\/\/cybul.eu\/pl\/\"},{\"@type\":\"ListItem\",\"position\":2,\"name\":\"Sklep\",\"item\":\"https:\/\/cybul.eu\/pl\/sklep\/\"},{\"@type\":\"ListItem\",\"position\":3,\"name\":\"Mazda MX-5 ND &#8211; roll bar &#8211; wersja soft top\"}]},{\"@type\":\"WebSite\",\"@id\":\"https:\/\/cybul.eu\/pl\/#website\",\"url\":\"https:\/\/cybul.eu\/pl\/\",\"name\":\"CYBUL\",\"description\":\"\",\"potentialAction\":[{\"@type\":\"SearchAction\",\"target\":{\"@type\":\"EntryPoint\",\"urlTemplate\":\"https:\/\/cybul.eu\/pl\/?s={search_term_string}\"},\"query-input\":{\"@type\":\"PropertyValueSpecification\",\"valueRequired\":true,\"valueName\":\"search_term_string\"}}],\"inLanguage\":\"pl-PL\"}]}<\/script>\n<!-- \/ Yoast SEO plugin. -->","yoast_head_json":{"title":"Mazda MX-5 ND - roll bar - wersja soft top - CYBUL","description":"Najbardziej zbli\u017cone rozwi\u0105zanie do seryjnego roll bara. Zwi\u0119ksza bezpiecze\u0144stwo, posiada wszystkie funkcje seryjnej \"rolki\"","robots":{"index":"index","follow":"follow","max-snippet":"max-snippet:-1","max-image-preview":"max-image-preview:large","max-video-preview":"max-video-preview:-1"},"canonical":"https:\/\/cybul.eu\/pl\/sklep\/mazda-mx-5-nd-roll-bar-wersja-soft-top\/","og_locale":"pl_PL","og_type":"article","og_title":"Mazda MX-5 ND - roll bar - wersja soft top - CYBUL","og_description":"Najbardziej zbli\u017cone rozwi\u0105zanie do seryjnego roll bara. Zwi\u0119ksza bezpiecze\u0144stwo, posiada wszystkie funkcje seryjnej \"rolki\"","og_url":"https:\/\/cybul.eu\/pl\/sklep\/mazda-mx-5-nd-roll-bar-wersja-soft-top\/","og_site_name":"CYBUL","article_modified_time":"2025-06-05T09:57:40+00:00","og_image":[{"width":1600,"height":1600,"url":"https:\/\/cybul.eu\/wp-content\/uploads\/2021\/10\/Roll-bar-MX-5-ND-2.jpg","type":"image\/jpeg"}],"twitter_card":"summary_large_image","twitter_misc":{"Szacowany czas czytania":"1 minuta"},"schema":{"@context":"https:\/\/schema.org","@graph":[{"@type":"WebPage","@id":"https:\/\/cybul.eu\/pl\/sklep\/mazda-mx-5-nd-roll-bar-wersja-soft-top\/","url":"https:\/\/cybul.eu\/pl\/sklep\/mazda-mx-5-nd-roll-bar-wersja-soft-top\/","name":"Mazda MX-5 ND - roll bar - wersja soft top - CYBUL","isPartOf":{"@id":"https:\/\/cybul.eu\/pl\/#website"},"primaryImageOfPage":{"@id":"https:\/\/cybul.eu\/pl\/sklep\/mazda-mx-5-nd-roll-bar-wersja-soft-top\/#primaryimage"},"image":{"@id":"https:\/\/cybul.eu\/pl\/sklep\/mazda-mx-5-nd-roll-bar-wersja-soft-top\/#primaryimage"},"thumbnailUrl":"https:\/\/cybul.eu\/wp-content\/uploads\/2021\/10\/Roll-bar-MX-5-ND-2.jpg","datePublished":"2021-10-21T13:37:25+00:00","dateModified":"2025-06-05T09:57:40+00:00","description":"Najbardziej zbli\u017cone rozwi\u0105zanie do seryjnego roll bara. Zwi\u0119ksza bezpiecze\u0144stwo, posiada wszystkie funkcje seryjnej \"rolki\"","breadcrumb":{"@id":"https:\/\/cybul.eu\/pl\/sklep\/mazda-mx-5-nd-roll-bar-wersja-soft-top\/#breadcrumb"},"inLanguage":"pl-PL","potentialAction":[{"@type":"ReadAction","target":["https:\/\/cybul.eu\/pl\/sklep\/mazda-mx-5-nd-roll-bar-wersja-soft-top\/"]}]},{"@type":"ImageObject","inLanguage":"pl-PL","@id":"https:\/\/cybul.eu\/pl\/sklep\/mazda-mx-5-nd-roll-bar-wersja-soft-top\/#primaryimage","url":"https:\/\/cybul.eu\/wp-content\/uploads\/2021\/10\/Roll-bar-MX-5-ND-2.jpg","contentUrl":"https:\/\/cybul.eu\/wp-content\/uploads\/2021\/10\/Roll-bar-MX-5-ND-2.jpg","width":1600,"height":1600,"caption":"Mazda MX-5 ND roll bar"},{"@type":"BreadcrumbList","@id":"https:\/\/cybul.eu\/pl\/sklep\/mazda-mx-5-nd-roll-bar-wersja-soft-top\/#breadcrumb","itemListElement":[{"@type":"ListItem","position":1,"name":"Strona g\u0142\u00f3wna","item":"https:\/\/cybul.eu\/pl\/"},{"@type":"ListItem","position":2,"name":"Sklep","item":"https:\/\/cybul.eu\/pl\/sklep\/"},{"@type":"ListItem","position":3,"name":"Mazda MX-5 ND &#8211; roll bar &#8211; wersja soft top"}]},{"@type":"WebSite","@id":"https:\/\/cybul.eu\/pl\/#website","url":"https:\/\/cybul.eu\/pl\/","name":"CYBUL","description":"","potentialAction":[{"@type":"SearchAction","target":{"@type":"EntryPoint","urlTemplate":"https:\/\/cybul.eu\/pl\/?s={search_term_string}"},"query-input":{"@type":"PropertyValueSpecification","valueRequired":true,"valueName":"search_term_string"}}],"inLanguage":"pl-PL"}]}},"_links":{"self":[{"href":"https:\/\/cybul.eu\/pl\/wp-json\/wp\/v2\/product\/4736","targetHints":{"allow":["GET"]}}],"collection":[{"href":"https:\/\/cybul.eu\/pl\/wp-json\/wp\/v2\/product"}],"about":[{"href":"https:\/\/cybul.eu\/pl\/wp-json\/wp\/v2\/types\/product"}],"replies":[{"embeddable":true,"href":"https:\/\/cybul.eu\/pl\/wp-json\/wp\/v2\/comments?post=4736"}],"wp:featuredmedia":[{"embeddable":true,"href":"https:\/\/cybul.eu\/pl\/wp-json\/wp\/v2\/media\/4738"}],"wp:attachment":[{"href":"https:\/\/cybul.eu\/pl\/wp-json\/wp\/v2\/media?parent=4736"}],"wp:term":[{"taxonomy":"product_cat","embeddable":true,"href":"https:\/\/cybul.eu\/pl\/wp-json\/wp\/v2\/product_cat?post=4736"},{"taxonomy":"product_tag","embeddable":true,"href":"https:\/\/cybul.eu\/pl\/wp-json\/wp\/v2\/product_tag?post=4736"}],"curies":[{"name":"wp","href":"https:\/\/api.w.org\/{rel}","templated":true}]}}