{"id":4455,"date":"2021-05-21T09:55:46","date_gmt":"2021-05-21T07:55:47","guid":{"rendered":"https:\/\/cybul.eu\/?post_type=product&#038;p=4455"},"modified":"2025-06-05T11:57:40","modified_gmt":"2025-06-05T09:57:40","slug":"mazda-mx-5-nc-mocowanie-pasow-krokowych","status":"publish","type":"product","link":"https:\/\/cybul.eu\/pl\/sklep\/mazda-mx-5-nc-mocowanie-pasow-krokowych\/","title":{"rendered":"Mazda MX-5 NC &#8211; mocowanie pas\u00f3w krokowych"},"content":{"rendered":"<p>Mocowanie pas\u00f3w krokowych o niskim profilu, zaprojektowane z my\u015bl\u0105 o wsp\u00f3\u0142pracy z mocowaniem fotela kube\u0142kowego firmy Cybul Radical Solutions<\/p>\n<p>G\u0142\u00f3wne korzy\u015bci<\/p>\n<ul>\n<li data-line-height=\"m\">Niski profil umo\u017cliwia zainstalowanie pas\u00f3w 5\/6 punkowych z momini\u0119ciem seryjnej klamry<\/li>\n<li data-line-height=\"m\">Pozwalaj\u0105 na monta\u017c fotela tak nisko, jak to tylko mo\u017cliwe<\/li>\n<\/ul>\n<p>G\u0142\u00f3wne cechy:<\/p>\n<ul>\n<li data-line-height=\"m\">Wykonane ze stali E355 o grubo\u015bci 3mm<\/li>\n<li data-line-height=\"m\">R\u0119cznie spawane<\/li>\n<li data-line-height=\"m\">Lakierowanie proszkowo na metaliczny grafit<\/li>\n<li data-line-height=\"m\">Rozwi\u0105zanie w 100% &#8222;bolt-on&#8221;<\/li>\n<li data-line-height=\"m\">Zaprojektowane w \u015brodowisku CAD 3d<\/li>\n<li data-line-height=\"m\">Wykonane w 100% w Polsce<\/li>\n<\/ul>\n","protected":false},"excerpt":{"rendered":"<p>Wszystko, czego potrzebujesz do zamontowania krokowej cz\u0119\u015bci pas\u00f3w sportowych w Ma\u017adzie MX-5 NC. Produkt kompatybilny z mocowaniem kube\u0142k\u00f3w naszej produkcji.<\/p>\n","protected":false},"featured_media":4457,"comment_status":"open","ping_status":"closed","template":"","meta":[],"product_cat":[447],"product_tag":[],"class_list":{"0":"post-4455","1":"product","2":"type-product","3":"status-publish","4":"has-post-thumbnail","6":"product_cat-mx-5-nc-pl","8":"first","9":"instock","10":"taxable","11":"shipping-taxable","12":"purchasable","13":"product-type-simple"},"bundled_by":[],"bundle_stock_status":"instock","bundle_stock_quantity":null,"bundle_virtual":false,"bundle_layout":"","bundle_add_to_cart_form_location":"","bundle_editable_in_cart":false,"bundle_sold_individually_context":"","bundle_item_grouping":"","bundle_min_size":"","bundle_max_size":"","bundle_price":[],"bundled_items":[],"bundle_sell_ids":[],"acf":{"zdjecie_bez_watermarka":null,"zdjecie_bez_watermarka_url":"","product_orgin_url":""},"yoast_head":"<!-- This site is optimized with the Yoast SEO plugin v23.9 - https:\/\/yoast.com\/wordpress\/plugins\/seo\/ -->\n<title>Mazda MX-5 NC - mocowanie pas\u00f3w krokowych - CYBUL<\/title>\n<meta name=\"robots\" content=\"index, follow, max-snippet:-1, max-image-preview:large, max-video-preview:-1\" \/>\n<link rel=\"canonical\" href=\"https:\/\/cybul.eu\/pl\/sklep\/mazda-mx-5-nc-mocowanie-pasow-krokowych\/\" \/>\n<meta property=\"og:locale\" content=\"pl_PL\" \/>\n<meta property=\"og:type\" content=\"article\" \/>\n<meta property=\"og:title\" content=\"Mazda MX-5 NC - mocowanie pas\u00f3w krokowych - CYBUL\" \/>\n<meta property=\"og:description\" content=\"Wszystko, czego potrzebujesz do zamontowania krokowej cz\u0119\u015bci pas\u00f3w sportowych w Ma\u017adzie MX-5 NC. Produkt kompatybilny z mocowaniem kube\u0142k\u00f3w naszej produkcji.\" \/>\n<meta property=\"og:url\" content=\"https:\/\/cybul.eu\/pl\/sklep\/mazda-mx-5-nc-mocowanie-pasow-krokowych\/\" \/>\n<meta property=\"og:site_name\" content=\"CYBUL\" \/>\n<meta property=\"article:modified_time\" content=\"2025-06-05T09:57:40+00:00\" \/>\n<meta property=\"og:image\" content=\"https:\/\/cybul.eu\/wp-content\/uploads\/2021\/05\/MX-5-NC-middle-seatbelt-mount-800x800.jpg\" \/>\n\t<meta property=\"og:image:width\" content=\"800\" \/>\n\t<meta property=\"og:image:height\" content=\"800\" \/>\n\t<meta property=\"og:image:type\" content=\"image\/jpeg\" \/>\n<meta name=\"twitter:card\" content=\"summary_large_image\" \/>\n<script type=\"application\/ld+json\" class=\"yoast-schema-graph\">{\"@context\":\"https:\/\/schema.org\",\"@graph\":[{\"@type\":\"WebPage\",\"@id\":\"https:\/\/cybul.eu\/pl\/sklep\/mazda-mx-5-nc-mocowanie-pasow-krokowych\/\",\"url\":\"https:\/\/cybul.eu\/pl\/sklep\/mazda-mx-5-nc-mocowanie-pasow-krokowych\/\",\"name\":\"Mazda MX-5 NC - mocowanie pas\u00f3w krokowych - CYBUL\",\"isPartOf\":{\"@id\":\"https:\/\/cybul.eu\/pl\/#website\"},\"primaryImageOfPage\":{\"@id\":\"https:\/\/cybul.eu\/pl\/sklep\/mazda-mx-5-nc-mocowanie-pasow-krokowych\/#primaryimage\"},\"image\":{\"@id\":\"https:\/\/cybul.eu\/pl\/sklep\/mazda-mx-5-nc-mocowanie-pasow-krokowych\/#primaryimage\"},\"thumbnailUrl\":\"https:\/\/cybul.eu\/wp-content\/uploads\/2021\/05\/MX-5-NC-middle-seatbelt-mount-800x800.jpg\",\"datePublished\":\"2021-05-21T07:55:47+00:00\",\"dateModified\":\"2025-06-05T09:57:40+00:00\",\"breadcrumb\":{\"@id\":\"https:\/\/cybul.eu\/pl\/sklep\/mazda-mx-5-nc-mocowanie-pasow-krokowych\/#breadcrumb\"},\"inLanguage\":\"pl-PL\",\"potentialAction\":[{\"@type\":\"ReadAction\",\"target\":[\"https:\/\/cybul.eu\/pl\/sklep\/mazda-mx-5-nc-mocowanie-pasow-krokowych\/\"]}]},{\"@type\":\"ImageObject\",\"inLanguage\":\"pl-PL\",\"@id\":\"https:\/\/cybul.eu\/pl\/sklep\/mazda-mx-5-nc-mocowanie-pasow-krokowych\/#primaryimage\",\"url\":\"https:\/\/cybul.eu\/wp-content\/uploads\/2021\/05\/MX-5-NC-middle-seatbelt-mount-800x800.jpg\",\"contentUrl\":\"https:\/\/cybul.eu\/wp-content\/uploads\/2021\/05\/MX-5-NC-middle-seatbelt-mount-800x800.jpg\",\"width\":800,\"height\":800,\"caption\":\"Mazda MX-5 NC mocowanie pas\u00f3w krokowych\"},{\"@type\":\"BreadcrumbList\",\"@id\":\"https:\/\/cybul.eu\/pl\/sklep\/mazda-mx-5-nc-mocowanie-pasow-krokowych\/#breadcrumb\",\"itemListElement\":[{\"@type\":\"ListItem\",\"position\":1,\"name\":\"Strona g\u0142\u00f3wna\",\"item\":\"https:\/\/cybul.eu\/pl\/\"},{\"@type\":\"ListItem\",\"position\":2,\"name\":\"Sklep\",\"item\":\"https:\/\/cybul.eu\/pl\/sklep\/\"},{\"@type\":\"ListItem\",\"position\":3,\"name\":\"Mazda MX-5 NC &#8211; mocowanie pas\u00f3w krokowych\"}]},{\"@type\":\"WebSite\",\"@id\":\"https:\/\/cybul.eu\/pl\/#website\",\"url\":\"https:\/\/cybul.eu\/pl\/\",\"name\":\"CYBUL\",\"description\":\"\",\"potentialAction\":[{\"@type\":\"SearchAction\",\"target\":{\"@type\":\"EntryPoint\",\"urlTemplate\":\"https:\/\/cybul.eu\/pl\/?s={search_term_string}\"},\"query-input\":{\"@type\":\"PropertyValueSpecification\",\"valueRequired\":true,\"valueName\":\"search_term_string\"}}],\"inLanguage\":\"pl-PL\"}]}<\/script>\n<!-- \/ Yoast SEO plugin. -->","yoast_head_json":{"title":"Mazda MX-5 NC - mocowanie pas\u00f3w krokowych - CYBUL","robots":{"index":"index","follow":"follow","max-snippet":"max-snippet:-1","max-image-preview":"max-image-preview:large","max-video-preview":"max-video-preview:-1"},"canonical":"https:\/\/cybul.eu\/pl\/sklep\/mazda-mx-5-nc-mocowanie-pasow-krokowych\/","og_locale":"pl_PL","og_type":"article","og_title":"Mazda MX-5 NC - mocowanie pas\u00f3w krokowych - CYBUL","og_description":"Wszystko, czego potrzebujesz do zamontowania krokowej cz\u0119\u015bci pas\u00f3w sportowych w Ma\u017adzie MX-5 NC. Produkt kompatybilny z mocowaniem kube\u0142k\u00f3w naszej produkcji.","og_url":"https:\/\/cybul.eu\/pl\/sklep\/mazda-mx-5-nc-mocowanie-pasow-krokowych\/","og_site_name":"CYBUL","article_modified_time":"2025-06-05T09:57:40+00:00","og_image":[{"width":800,"height":800,"url":"https:\/\/cybul.eu\/wp-content\/uploads\/2021\/05\/MX-5-NC-middle-seatbelt-mount-800x800.jpg","type":"image\/jpeg"}],"twitter_card":"summary_large_image","schema":{"@context":"https:\/\/schema.org","@graph":[{"@type":"WebPage","@id":"https:\/\/cybul.eu\/pl\/sklep\/mazda-mx-5-nc-mocowanie-pasow-krokowych\/","url":"https:\/\/cybul.eu\/pl\/sklep\/mazda-mx-5-nc-mocowanie-pasow-krokowych\/","name":"Mazda MX-5 NC - mocowanie pas\u00f3w krokowych - CYBUL","isPartOf":{"@id":"https:\/\/cybul.eu\/pl\/#website"},"primaryImageOfPage":{"@id":"https:\/\/cybul.eu\/pl\/sklep\/mazda-mx-5-nc-mocowanie-pasow-krokowych\/#primaryimage"},"image":{"@id":"https:\/\/cybul.eu\/pl\/sklep\/mazda-mx-5-nc-mocowanie-pasow-krokowych\/#primaryimage"},"thumbnailUrl":"https:\/\/cybul.eu\/wp-content\/uploads\/2021\/05\/MX-5-NC-middle-seatbelt-mount-800x800.jpg","datePublished":"2021-05-21T07:55:47+00:00","dateModified":"2025-06-05T09:57:40+00:00","breadcrumb":{"@id":"https:\/\/cybul.eu\/pl\/sklep\/mazda-mx-5-nc-mocowanie-pasow-krokowych\/#breadcrumb"},"inLanguage":"pl-PL","potentialAction":[{"@type":"ReadAction","target":["https:\/\/cybul.eu\/pl\/sklep\/mazda-mx-5-nc-mocowanie-pasow-krokowych\/"]}]},{"@type":"ImageObject","inLanguage":"pl-PL","@id":"https:\/\/cybul.eu\/pl\/sklep\/mazda-mx-5-nc-mocowanie-pasow-krokowych\/#primaryimage","url":"https:\/\/cybul.eu\/wp-content\/uploads\/2021\/05\/MX-5-NC-middle-seatbelt-mount-800x800.jpg","contentUrl":"https:\/\/cybul.eu\/wp-content\/uploads\/2021\/05\/MX-5-NC-middle-seatbelt-mount-800x800.jpg","width":800,"height":800,"caption":"Mazda MX-5 NC mocowanie pas\u00f3w krokowych"},{"@type":"BreadcrumbList","@id":"https:\/\/cybul.eu\/pl\/sklep\/mazda-mx-5-nc-mocowanie-pasow-krokowych\/#breadcrumb","itemListElement":[{"@type":"ListItem","position":1,"name":"Strona g\u0142\u00f3wna","item":"https:\/\/cybul.eu\/pl\/"},{"@type":"ListItem","position":2,"name":"Sklep","item":"https:\/\/cybul.eu\/pl\/sklep\/"},{"@type":"ListItem","position":3,"name":"Mazda MX-5 NC &#8211; mocowanie pas\u00f3w krokowych"}]},{"@type":"WebSite","@id":"https:\/\/cybul.eu\/pl\/#website","url":"https:\/\/cybul.eu\/pl\/","name":"CYBUL","description":"","potentialAction":[{"@type":"SearchAction","target":{"@type":"EntryPoint","urlTemplate":"https:\/\/cybul.eu\/pl\/?s={search_term_string}"},"query-input":{"@type":"PropertyValueSpecification","valueRequired":true,"valueName":"search_term_string"}}],"inLanguage":"pl-PL"}]}},"_links":{"self":[{"href":"https:\/\/cybul.eu\/pl\/wp-json\/wp\/v2\/product\/4455","targetHints":{"allow":["GET"]}}],"collection":[{"href":"https:\/\/cybul.eu\/pl\/wp-json\/wp\/v2\/product"}],"about":[{"href":"https:\/\/cybul.eu\/pl\/wp-json\/wp\/v2\/types\/product"}],"replies":[{"embeddable":true,"href":"https:\/\/cybul.eu\/pl\/wp-json\/wp\/v2\/comments?post=4455"}],"wp:featuredmedia":[{"embeddable":true,"href":"https:\/\/cybul.eu\/pl\/wp-json\/wp\/v2\/media\/4457"}],"wp:attachment":[{"href":"https:\/\/cybul.eu\/pl\/wp-json\/wp\/v2\/media?parent=4455"}],"wp:term":[{"taxonomy":"product_cat","embeddable":true,"href":"https:\/\/cybul.eu\/pl\/wp-json\/wp\/v2\/product_cat?post=4455"},{"taxonomy":"product_tag","embeddable":true,"href":"https:\/\/cybul.eu\/pl\/wp-json\/wp\/v2\/product_tag?post=4455"}],"curies":[{"name":"wp","href":"https:\/\/api.w.org\/{rel}","templated":true}]}}