{"id":4338,"date":"2021-04-14T08:30:24","date_gmt":"2021-04-14T06:30:24","guid":{"rendered":"https:\/\/cybul.eu\/?post_type=product&#038;p=4338"},"modified":"2025-07-08T09:35:54","modified_gmt":"2025-07-08T07:35:54","slug":"butterfly-brace-do-mazda-mx5-na-nb-copy-2","status":"publish","type":"product","link":"https:\/\/cybul.eu\/pl\/sklep\/butterfly-brace-do-mazda-mx5-na-nb-copy-2\/","title":{"rendered":"Mazda MX-5 NA\/NB &#8211; przednie g\u00f3rne regulowane wahacze"},"content":{"rendered":"<p>Najl\u017cejsze i najbardziej zaawansowane wahacze do mazdy MX-5 NA\/NB na rynku. Wykonane w Polsce, z chromowo-molibdenowych rur, zaprojektowane w \u015brodowisku CAD, przetestowane na torze.<\/p>\n<div class=\"\" data-block=\"true\" data-editor=\"bnd4h\" data-offset-key=\"402cu-0-0\">\n<p class=\"public-DraftStyleDefault-block public-DraftStyleDefault-ltr\" data-offset-key=\"402cu-0-0\"><span style=\"font-size: 115%;\">G\u0142\u00f3wne korzy\u015bci:<\/span><\/p>\n<ul>\n<li data-line-height=\"m\"><span style=\"font-size: 100%;\">Jedyne regulowane wahacze na rynku l\u017cejsze od seryjnych \u2014 tylko 1,73\u202fkg\/szt<\/span><\/li>\n<li><span style=\"font-size: 100%;\">Zwi\u0119kszona sztywno\u015b\u0107 w por\u00f3wnaniu do seryjnych wahaczy<\/span><\/li>\n<li data-line-height=\"m\"><span style=\"font-size: 100%;\">Pozwalaj\u0105 na regulacj\u0119 k\u0105ta pochylenia ko\u0142a w szerokim zakresie<\/span><\/li>\n<li><span style=\"font-size: 100%;\">Poprawiaj\u0105 prowadzenie<\/span><\/li>\n<\/ul>\n<\/div>\n<p data-line-height=\"m\"><span style=\"font-size: 115%;\">G\u0142\u00f3wne funkcje wahaczy:<\/span><\/p>\n<ul>\n<li data-line-height=\"m\">Wykonanie z cienko\u015bciennych, ultra lekkich rur chromowo-molibdenowych<\/li>\n<li data-line-height=\"m\">Customowe tuleje poliuretanowe o twardo\u015bci 85 ShA zmniejszaj\u0105 mas\u0119 o 85g\/wahacz<\/li>\n<li data-line-height=\"m\">Gniazdo sworznia wykonane na maszynach CNC z aluminium 7075 T6<\/li>\n<li data-line-height=\"m\">Wyposa\u017cone w najwy\u017cszej jako\u015bci sworznie do MX-5 NA\/NB<\/li>\n<li>Posiadaj\u0105 mocowanie przewod\u00f3w hamulcowych<\/li>\n<li data-line-height=\"m\">Zaprojektowane w \u015brodowisku CAD 3D<\/li>\n<li data-line-height=\"m\">W 100% wykonane w Polsce<\/li>\n<li>Zestaw dostarczamy wst\u0119pnie z\u0142o\u017cony<\/li>\n<\/ul>\n<p data-line-height=\"m\"><span style=\"font-size: 115%;\">W paczce dostajesz:<\/span><\/p>\n<ul>\n<li data-line-height=\"m\">Dwa chromowo-molibdenowe wahacze<\/li>\n<li data-line-height=\"m\">Dwa sworznie<\/li>\n<li data-line-height=\"m\">Dwa gniazda sworzni wykonanych na maszynie CNC<\/li>\n<li data-line-height=\"m\">Cztery tuleje poliuretanowe o twardo\u015bci 85ShA<\/li>\n<li data-line-height=\"m\">Podk\u0142adki pod \u015bruby mocuj\u0105ce gniazda sworzni, wyci\u0119te laserem<\/li>\n<li data-line-height=\"m\">Zestaw \u015brub<\/li>\n<\/ul>\n","protected":false},"excerpt":{"rendered":"<ul>\n<li data-line-height=\"m\">Najl\u017cejsze wahacze do MX-5 NA\/NB na rynku<\/li>\n<li data-line-height=\"m\">Poprawiaj\u0105 prowadzenie<\/li>\n<li data-line-height=\"m\">Umo\u017cliwiaj\u0105 regulacj\u0119 pocylenia ko\u0142a w du\u017cym zakresie<\/li>\n<li data-line-height=\"m\">Zwi\u0119kszaj\u0105 sztywno\u015b\u0107 w por\u00f3wnaniu do seryjnych wahaczy<\/li>\n<\/ul>\n","protected":false},"featured_media":4347,"comment_status":"open","ping_status":"closed","template":"","meta":[],"product_cat":[387,388,497,498],"product_tag":[346,347],"class_list":{"0":"post-4338","1":"product","2":"type-product","3":"status-publish","4":"has-post-thumbnail","6":"product_cat-mx5-na-pl","7":"product_cat-mx5-nb-pl","8":"product_cat-zawieszenie-pl","9":"product_cat-zawieszenie-pl-2","10":"product_tag-mx5-pl","11":"product_tag-mx5-podwozie-i-nadwozie","13":"first","14":"instock","15":"taxable","16":"shipping-taxable","17":"purchasable","18":"product-type-simple"},"bundled_by":[],"bundle_stock_status":"instock","bundle_stock_quantity":null,"bundle_virtual":false,"bundle_layout":"","bundle_add_to_cart_form_location":"","bundle_editable_in_cart":false,"bundle_sold_individually_context":"","bundle_item_grouping":"","bundle_min_size":"","bundle_max_size":"","bundle_price":[],"bundled_items":[],"bundle_sell_ids":[],"acf":{"zdjecie_bez_watermarka":null,"zdjecie_bez_watermarka_url":"","product_orgin_url":""},"yoast_head":"<!-- This site is optimized with the Yoast SEO plugin v23.9 - https:\/\/yoast.com\/wordpress\/plugins\/seo\/ -->\n<title>Mazda MX-5 NA\/NB - przednie g\u00f3rne regulowane wahacze - CYBUL<\/title>\n<meta name=\"description\" content=\"Najl\u017cejsze regulowane wahacze do MX-5 NA\/NB na rynku. Umo\u017cliwiaj\u0105 regulacj\u0119 pochylenia ko\u0142a w du\u017cym zakresie. Sztywniejsze od seryjnych wahaczy.\" \/>\n<meta name=\"robots\" content=\"index, follow, max-snippet:-1, max-image-preview:large, max-video-preview:-1\" \/>\n<link rel=\"canonical\" href=\"https:\/\/cybul.eu\/pl\/sklep\/butterfly-brace-do-mazda-mx5-na-nb-copy-2\/\" \/>\n<meta property=\"og:locale\" content=\"pl_PL\" \/>\n<meta property=\"og:type\" content=\"article\" \/>\n<meta property=\"og:title\" content=\"Mazda MX-5 NA\/NB - przednie g\u00f3rne regulowane wahacze - CYBUL\" \/>\n<meta property=\"og:description\" content=\"Najl\u017cejsze regulowane wahacze do MX-5 NA\/NB na rynku. Umo\u017cliwiaj\u0105 regulacj\u0119 pochylenia ko\u0142a w du\u017cym zakresie. Sztywniejsze od seryjnych wahaczy.\" \/>\n<meta property=\"og:url\" content=\"https:\/\/cybul.eu\/pl\/sklep\/butterfly-brace-do-mazda-mx5-na-nb-copy-2\/\" \/>\n<meta property=\"og:site_name\" content=\"CYBUL\" \/>\n<meta property=\"article:modified_time\" content=\"2025-07-08T07:35:54+00:00\" \/>\n<meta property=\"og:image\" content=\"https:\/\/cybul.eu\/wp-content\/uploads\/2021\/04\/g\u00f3ra.jpg\" \/>\n\t<meta property=\"og:image:width\" content=\"800\" \/>\n\t<meta property=\"og:image:height\" content=\"800\" \/>\n\t<meta property=\"og:image:type\" content=\"image\/jpeg\" \/>\n<meta name=\"twitter:card\" content=\"summary_large_image\" \/>\n<meta name=\"twitter:label1\" content=\"Szacowany czas czytania\" \/>\n\t<meta name=\"twitter:data1\" content=\"1 minuta\" \/>\n<script type=\"application\/ld+json\" class=\"yoast-schema-graph\">{\"@context\":\"https:\/\/schema.org\",\"@graph\":[{\"@type\":\"WebPage\",\"@id\":\"https:\/\/cybul.eu\/pl\/sklep\/butterfly-brace-do-mazda-mx5-na-nb-copy-2\/\",\"url\":\"https:\/\/cybul.eu\/pl\/sklep\/butterfly-brace-do-mazda-mx5-na-nb-copy-2\/\",\"name\":\"Mazda MX-5 NA\/NB - przednie g\u00f3rne regulowane wahacze - CYBUL\",\"isPartOf\":{\"@id\":\"https:\/\/cybul.eu\/pl\/#website\"},\"primaryImageOfPage\":{\"@id\":\"https:\/\/cybul.eu\/pl\/sklep\/butterfly-brace-do-mazda-mx5-na-nb-copy-2\/#primaryimage\"},\"image\":{\"@id\":\"https:\/\/cybul.eu\/pl\/sklep\/butterfly-brace-do-mazda-mx5-na-nb-copy-2\/#primaryimage\"},\"thumbnailUrl\":\"https:\/\/cybul.eu\/wp-content\/uploads\/2021\/04\/g\u00f3ra.jpg\",\"datePublished\":\"2021-04-14T06:30:24+00:00\",\"dateModified\":\"2025-07-08T07:35:54+00:00\",\"description\":\"Najl\u017cejsze regulowane wahacze do MX-5 NA\/NB na rynku. Umo\u017cliwiaj\u0105 regulacj\u0119 pochylenia ko\u0142a w du\u017cym zakresie. Sztywniejsze od seryjnych wahaczy.\",\"breadcrumb\":{\"@id\":\"https:\/\/cybul.eu\/pl\/sklep\/butterfly-brace-do-mazda-mx5-na-nb-copy-2\/#breadcrumb\"},\"inLanguage\":\"pl-PL\",\"potentialAction\":[{\"@type\":\"ReadAction\",\"target\":[\"https:\/\/cybul.eu\/pl\/sklep\/butterfly-brace-do-mazda-mx5-na-nb-copy-2\/\"]}]},{\"@type\":\"ImageObject\",\"inLanguage\":\"pl-PL\",\"@id\":\"https:\/\/cybul.eu\/pl\/sklep\/butterfly-brace-do-mazda-mx5-na-nb-copy-2\/#primaryimage\",\"url\":\"https:\/\/cybul.eu\/wp-content\/uploads\/2021\/04\/g\u00f3ra.jpg\",\"contentUrl\":\"https:\/\/cybul.eu\/wp-content\/uploads\/2021\/04\/g\u00f3ra.jpg\",\"width\":800,\"height\":800,\"caption\":\"Mazda MX-5 NA\/NB front camber arms by Cybul Radical Solutions\"},{\"@type\":\"BreadcrumbList\",\"@id\":\"https:\/\/cybul.eu\/pl\/sklep\/butterfly-brace-do-mazda-mx5-na-nb-copy-2\/#breadcrumb\",\"itemListElement\":[{\"@type\":\"ListItem\",\"position\":1,\"name\":\"Strona g\u0142\u00f3wna\",\"item\":\"https:\/\/cybul.eu\/pl\/\"},{\"@type\":\"ListItem\",\"position\":2,\"name\":\"Sklep\",\"item\":\"https:\/\/cybul.eu\/pl\/sklep\/\"},{\"@type\":\"ListItem\",\"position\":3,\"name\":\"Mazda MX-5 NA\/NB &#8211; przednie g\u00f3rne regulowane wahacze\"}]},{\"@type\":\"WebSite\",\"@id\":\"https:\/\/cybul.eu\/pl\/#website\",\"url\":\"https:\/\/cybul.eu\/pl\/\",\"name\":\"CYBUL\",\"description\":\"\",\"potentialAction\":[{\"@type\":\"SearchAction\",\"target\":{\"@type\":\"EntryPoint\",\"urlTemplate\":\"https:\/\/cybul.eu\/pl\/?s={search_term_string}\"},\"query-input\":{\"@type\":\"PropertyValueSpecification\",\"valueRequired\":true,\"valueName\":\"search_term_string\"}}],\"inLanguage\":\"pl-PL\"}]}<\/script>\n<!-- \/ Yoast SEO plugin. -->","yoast_head_json":{"title":"Mazda MX-5 NA\/NB - przednie g\u00f3rne regulowane wahacze - CYBUL","description":"Najl\u017cejsze regulowane wahacze do MX-5 NA\/NB na rynku. Umo\u017cliwiaj\u0105 regulacj\u0119 pochylenia ko\u0142a w du\u017cym zakresie. Sztywniejsze od seryjnych wahaczy.","robots":{"index":"index","follow":"follow","max-snippet":"max-snippet:-1","max-image-preview":"max-image-preview:large","max-video-preview":"max-video-preview:-1"},"canonical":"https:\/\/cybul.eu\/pl\/sklep\/butterfly-brace-do-mazda-mx5-na-nb-copy-2\/","og_locale":"pl_PL","og_type":"article","og_title":"Mazda MX-5 NA\/NB - przednie g\u00f3rne regulowane wahacze - CYBUL","og_description":"Najl\u017cejsze regulowane wahacze do MX-5 NA\/NB na rynku. Umo\u017cliwiaj\u0105 regulacj\u0119 pochylenia ko\u0142a w du\u017cym zakresie. Sztywniejsze od seryjnych wahaczy.","og_url":"https:\/\/cybul.eu\/pl\/sklep\/butterfly-brace-do-mazda-mx5-na-nb-copy-2\/","og_site_name":"CYBUL","article_modified_time":"2025-07-08T07:35:54+00:00","og_image":[{"width":800,"height":800,"url":"https:\/\/cybul.eu\/wp-content\/uploads\/2021\/04\/g\u00f3ra.jpg","type":"image\/jpeg"}],"twitter_card":"summary_large_image","twitter_misc":{"Szacowany czas czytania":"1 minuta"},"schema":{"@context":"https:\/\/schema.org","@graph":[{"@type":"WebPage","@id":"https:\/\/cybul.eu\/pl\/sklep\/butterfly-brace-do-mazda-mx5-na-nb-copy-2\/","url":"https:\/\/cybul.eu\/pl\/sklep\/butterfly-brace-do-mazda-mx5-na-nb-copy-2\/","name":"Mazda MX-5 NA\/NB - przednie g\u00f3rne regulowane wahacze - CYBUL","isPartOf":{"@id":"https:\/\/cybul.eu\/pl\/#website"},"primaryImageOfPage":{"@id":"https:\/\/cybul.eu\/pl\/sklep\/butterfly-brace-do-mazda-mx5-na-nb-copy-2\/#primaryimage"},"image":{"@id":"https:\/\/cybul.eu\/pl\/sklep\/butterfly-brace-do-mazda-mx5-na-nb-copy-2\/#primaryimage"},"thumbnailUrl":"https:\/\/cybul.eu\/wp-content\/uploads\/2021\/04\/g\u00f3ra.jpg","datePublished":"2021-04-14T06:30:24+00:00","dateModified":"2025-07-08T07:35:54+00:00","description":"Najl\u017cejsze regulowane wahacze do MX-5 NA\/NB na rynku. Umo\u017cliwiaj\u0105 regulacj\u0119 pochylenia ko\u0142a w du\u017cym zakresie. Sztywniejsze od seryjnych wahaczy.","breadcrumb":{"@id":"https:\/\/cybul.eu\/pl\/sklep\/butterfly-brace-do-mazda-mx5-na-nb-copy-2\/#breadcrumb"},"inLanguage":"pl-PL","potentialAction":[{"@type":"ReadAction","target":["https:\/\/cybul.eu\/pl\/sklep\/butterfly-brace-do-mazda-mx5-na-nb-copy-2\/"]}]},{"@type":"ImageObject","inLanguage":"pl-PL","@id":"https:\/\/cybul.eu\/pl\/sklep\/butterfly-brace-do-mazda-mx5-na-nb-copy-2\/#primaryimage","url":"https:\/\/cybul.eu\/wp-content\/uploads\/2021\/04\/g\u00f3ra.jpg","contentUrl":"https:\/\/cybul.eu\/wp-content\/uploads\/2021\/04\/g\u00f3ra.jpg","width":800,"height":800,"caption":"Mazda MX-5 NA\/NB front camber arms by Cybul Radical Solutions"},{"@type":"BreadcrumbList","@id":"https:\/\/cybul.eu\/pl\/sklep\/butterfly-brace-do-mazda-mx5-na-nb-copy-2\/#breadcrumb","itemListElement":[{"@type":"ListItem","position":1,"name":"Strona g\u0142\u00f3wna","item":"https:\/\/cybul.eu\/pl\/"},{"@type":"ListItem","position":2,"name":"Sklep","item":"https:\/\/cybul.eu\/pl\/sklep\/"},{"@type":"ListItem","position":3,"name":"Mazda MX-5 NA\/NB &#8211; przednie g\u00f3rne regulowane wahacze"}]},{"@type":"WebSite","@id":"https:\/\/cybul.eu\/pl\/#website","url":"https:\/\/cybul.eu\/pl\/","name":"CYBUL","description":"","potentialAction":[{"@type":"SearchAction","target":{"@type":"EntryPoint","urlTemplate":"https:\/\/cybul.eu\/pl\/?s={search_term_string}"},"query-input":{"@type":"PropertyValueSpecification","valueRequired":true,"valueName":"search_term_string"}}],"inLanguage":"pl-PL"}]}},"_links":{"self":[{"href":"https:\/\/cybul.eu\/pl\/wp-json\/wp\/v2\/product\/4338","targetHints":{"allow":["GET"]}}],"collection":[{"href":"https:\/\/cybul.eu\/pl\/wp-json\/wp\/v2\/product"}],"about":[{"href":"https:\/\/cybul.eu\/pl\/wp-json\/wp\/v2\/types\/product"}],"replies":[{"embeddable":true,"href":"https:\/\/cybul.eu\/pl\/wp-json\/wp\/v2\/comments?post=4338"}],"wp:featuredmedia":[{"embeddable":true,"href":"https:\/\/cybul.eu\/pl\/wp-json\/wp\/v2\/media\/4347"}],"wp:attachment":[{"href":"https:\/\/cybul.eu\/pl\/wp-json\/wp\/v2\/media?parent=4338"}],"wp:term":[{"taxonomy":"product_cat","embeddable":true,"href":"https:\/\/cybul.eu\/pl\/wp-json\/wp\/v2\/product_cat?post=4338"},{"taxonomy":"product_tag","embeddable":true,"href":"https:\/\/cybul.eu\/pl\/wp-json\/wp\/v2\/product_tag?post=4338"}],"curies":[{"name":"wp","href":"https:\/\/api.w.org\/{rel}","templated":true}]}}