{"id":4336,"date":"2021-04-14T07:42:56","date_gmt":"2021-04-14T05:42:57","guid":{"rendered":"https:\/\/cybul.eu\/?post_type=product&#038;p=4336"},"modified":"2025-06-05T11:57:30","modified_gmt":"2025-06-05T09:57:30","slug":"m60-m62-dwutarczowe-sprzeglo-pod-skrzynie-od-m57-gs5-39dz-copy","status":"publish","type":"product","link":"https:\/\/cybul.eu\/pl\/sklep\/m60-m62-dwutarczowe-sprzeglo-pod-skrzynie-od-m57-gs5-39dz-copy\/","title":{"rendered":"N62 &#8211; dwutarczowe sprz\u0119g\u0142o pod skrzyni\u0119 od M57"},"content":{"rendered":"<p data-block=\"true\" data-editor=\"1ilbf\" data-offset-key=\"a50qk-0-0\"><span style=\"color: #555555; font-size: 115%;\">The most durable and smoothly working N62BXX manual gearbox conversion kit on the market.\u00a0<\/span><\/p>\n<div class=\"\" data-block=\"true\" data-editor=\"bnd4h\" data-offset-key=\"402cu-0-0\">\n<p class=\"public-DraftStyleDefault-block public-DraftStyleDefault-ltr\" data-offset-key=\"402cu-0-0\"><span style=\"font-size: 115%;\">Main benefits:<\/span><\/p>\n<ul>\n<li data-line-height=\"m\">Transfers over 1000NM<\/li>\n<li data-line-height=\"m\">Stock-like soft clutch pedal<\/li>\n<li data-line-height=\"m\">Stock-like semi clutch &#8211; moving off is as easy as in any stock car<\/li>\n<li data-line-height=\"m\">50% more durable than any kit that uses stock BMW pressure plate<\/li>\n<\/ul>\n<\/div>\n<p data-line-height=\"m\"><span style=\"font-size: 110%;\">Key Features:<\/span><\/p>\n<ul>\n<li data-line-height=\"m\">3D cad developed<\/li>\n<li>Flywheel made from CNC machined, 6061 T6 Aluminium and hardenable mild steel<\/li>\n<li data-line-height=\"m\">Custom pressure plate squeezes clutch discs by 4,5mm, providing 50% longer life of the clutch<\/li>\n<li data-line-height=\"m\">100% plug and play (requires stock N62BXX flex plate to be used)<\/li>\n<li data-line-height=\"m\">No modifications to the gearbox are required<\/li>\n<li data-line-height=\"m\">Balanced with pressure plate and floating plate<\/li>\n<li data-line-height=\"m\">Adaptor flange has a mounting point for crankshaft position sensor<\/li>\n<\/ul>\n<p data-line-height=\"m\"><span style=\"font-size: 115%;\">In the package you get:<\/span><\/p>\n<ul>\n<li data-line-height=\"m\">2-piece, CNC machined flywheel with floating plate<\/li>\n<li data-line-height=\"m\">2 ceramic clutch discs<\/li>\n<li data-line-height=\"m\">Custom pressure plate<\/li>\n<li data-line-height=\"m\">Adaptor flange<\/li>\n<li data-line-height=\"m\">Bearings, bolts, and nuts<\/li>\n<\/ul>\n<p data-offset-key=\"f871c-0-0\">Please note, that prices in GBP exclude VAT tax. Customers from Northern Ireland will have to pay +23% of VAT tax.<\/p>\n","protected":false},"excerpt":{"rendered":"<ul>\n<li data-line-height=\"m\">Transfers over 1000NM<\/li>\n<li data-line-height=\"m\">Stock-like soft clutch pedal<\/li>\n<li data-line-height=\"m\">Stock-like semi clutch &#8211; moving off is as easy as in any stock car<\/li>\n<li data-line-height=\"m\">50% more durable than any kit that uses stock BMW pressure plate<\/li>\n<\/ul>\n","protected":false},"featured_media":4344,"comment_status":"open","ping_status":"closed","template":"","meta":[],"product_cat":[375,376,397,377,378,379,359],"product_tag":[360],"class_list":{"0":"post-4336","1":"product","2":"type-product","3":"status-publish","4":"has-post-thumbnail","6":"product_cat-e30","7":"product_cat-e36","8":"product_cat-e36-compact","9":"product_cat-e46","10":"product_cat-z3-pl","11":"product_cat-z4-pl","12":"product_cat-sprzegla","13":"product_tag-sprzegla","15":"first","16":"instock","17":"taxable","18":"shipping-taxable","19":"purchasable","20":"product-type-simple"},"bundled_by":[],"bundle_stock_status":"instock","bundle_stock_quantity":null,"bundle_virtual":false,"bundle_layout":"","bundle_add_to_cart_form_location":"","bundle_editable_in_cart":false,"bundle_sold_individually_context":"","bundle_item_grouping":"","bundle_min_size":"","bundle_max_size":"","bundle_price":[],"bundled_items":[],"bundle_sell_ids":[],"acf":{"zdjecie_bez_watermarka":null,"zdjecie_bez_watermarka_url":"","product_orgin_url":""},"yoast_head":"<!-- This site is optimized with the Yoast SEO plugin v23.9 - https:\/\/yoast.com\/wordpress\/plugins\/seo\/ -->\n<title>N62 - dwutarczowe sprz\u0119g\u0142o pod skrzyni\u0119 od M57 - CYBUL<\/title>\n<meta name=\"description\" content=\"Transfers over 1000NM; Stock-like soft clutch pedal; Stock-like semi clutch; 50% more durable than any kit that uses stock BMW pressure plate\" \/>\n<meta name=\"robots\" content=\"index, follow, max-snippet:-1, max-image-preview:large, max-video-preview:-1\" \/>\n<link rel=\"canonical\" href=\"https:\/\/cybul.eu\/pl\/sklep\/m60-m62-dwutarczowe-sprzeglo-pod-skrzynie-od-m57-gs5-39dz-copy\/\" \/>\n<meta property=\"og:locale\" content=\"pl_PL\" \/>\n<meta property=\"og:type\" content=\"article\" \/>\n<meta property=\"og:title\" content=\"N62 - dwutarczowe sprz\u0119g\u0142o pod skrzyni\u0119 od M57 - CYBUL\" \/>\n<meta property=\"og:description\" content=\"Transfers over 1000NM; Stock-like soft clutch pedal; Stock-like semi clutch; 50% more durable than any kit that uses stock BMW pressure plate\" \/>\n<meta property=\"og:url\" content=\"https:\/\/cybul.eu\/pl\/sklep\/m60-m62-dwutarczowe-sprzeglo-pod-skrzynie-od-m57-gs5-39dz-copy\/\" \/>\n<meta property=\"og:site_name\" content=\"CYBUL\" \/>\n<meta property=\"article:modified_time\" content=\"2025-06-05T09:57:30+00:00\" \/>\n<meta property=\"og:image\" content=\"https:\/\/cybul.eu\/wp-content\/uploads\/2021\/04\/N62-clutch-kit-3-800X800.jpg\" \/>\n\t<meta property=\"og:image:width\" content=\"800\" \/>\n\t<meta property=\"og:image:height\" content=\"800\" \/>\n\t<meta property=\"og:image:type\" content=\"image\/jpeg\" \/>\n<meta name=\"twitter:card\" content=\"summary_large_image\" \/>\n<meta name=\"twitter:label1\" content=\"Szacowany czas czytania\" \/>\n\t<meta name=\"twitter:data1\" content=\"1 minuta\" \/>\n<script type=\"application\/ld+json\" class=\"yoast-schema-graph\">{\"@context\":\"https:\/\/schema.org\",\"@graph\":[{\"@type\":\"WebPage\",\"@id\":\"https:\/\/cybul.eu\/pl\/sklep\/m60-m62-dwutarczowe-sprzeglo-pod-skrzynie-od-m57-gs5-39dz-copy\/\",\"url\":\"https:\/\/cybul.eu\/pl\/sklep\/m60-m62-dwutarczowe-sprzeglo-pod-skrzynie-od-m57-gs5-39dz-copy\/\",\"name\":\"N62 - dwutarczowe sprz\u0119g\u0142o pod skrzyni\u0119 od M57 - CYBUL\",\"isPartOf\":{\"@id\":\"https:\/\/cybul.eu\/pl\/#website\"},\"primaryImageOfPage\":{\"@id\":\"https:\/\/cybul.eu\/pl\/sklep\/m60-m62-dwutarczowe-sprzeglo-pod-skrzynie-od-m57-gs5-39dz-copy\/#primaryimage\"},\"image\":{\"@id\":\"https:\/\/cybul.eu\/pl\/sklep\/m60-m62-dwutarczowe-sprzeglo-pod-skrzynie-od-m57-gs5-39dz-copy\/#primaryimage\"},\"thumbnailUrl\":\"https:\/\/cybul.eu\/wp-content\/uploads\/2021\/04\/N62-clutch-kit-3-800X800.jpg\",\"datePublished\":\"2021-04-14T05:42:57+00:00\",\"dateModified\":\"2025-06-05T09:57:30+00:00\",\"description\":\"Transfers over 1000NM; Stock-like soft clutch pedal; Stock-like semi clutch; 50% more durable than any kit that uses stock BMW pressure plate\",\"breadcrumb\":{\"@id\":\"https:\/\/cybul.eu\/pl\/sklep\/m60-m62-dwutarczowe-sprzeglo-pod-skrzynie-od-m57-gs5-39dz-copy\/#breadcrumb\"},\"inLanguage\":\"pl-PL\",\"potentialAction\":[{\"@type\":\"ReadAction\",\"target\":[\"https:\/\/cybul.eu\/pl\/sklep\/m60-m62-dwutarczowe-sprzeglo-pod-skrzynie-od-m57-gs5-39dz-copy\/\"]}]},{\"@type\":\"ImageObject\",\"inLanguage\":\"pl-PL\",\"@id\":\"https:\/\/cybul.eu\/pl\/sklep\/m60-m62-dwutarczowe-sprzeglo-pod-skrzynie-od-m57-gs5-39dz-copy\/#primaryimage\",\"url\":\"https:\/\/cybul.eu\/wp-content\/uploads\/2021\/04\/N62-clutch-kit-3-800X800.jpg\",\"contentUrl\":\"https:\/\/cybul.eu\/wp-content\/uploads\/2021\/04\/N62-clutch-kit-3-800X800.jpg\",\"width\":800,\"height\":800,\"caption\":\"N62BXX\"},{\"@type\":\"BreadcrumbList\",\"@id\":\"https:\/\/cybul.eu\/pl\/sklep\/m60-m62-dwutarczowe-sprzeglo-pod-skrzynie-od-m57-gs5-39dz-copy\/#breadcrumb\",\"itemListElement\":[{\"@type\":\"ListItem\",\"position\":1,\"name\":\"Strona g\u0142\u00f3wna\",\"item\":\"https:\/\/cybul.eu\/pl\/\"},{\"@type\":\"ListItem\",\"position\":2,\"name\":\"Sklep\",\"item\":\"https:\/\/cybul.eu\/pl\/sklep\/\"},{\"@type\":\"ListItem\",\"position\":3,\"name\":\"N62 &#8211; dwutarczowe sprz\u0119g\u0142o pod skrzyni\u0119 od M57\"}]},{\"@type\":\"WebSite\",\"@id\":\"https:\/\/cybul.eu\/pl\/#website\",\"url\":\"https:\/\/cybul.eu\/pl\/\",\"name\":\"CYBUL\",\"description\":\"\",\"potentialAction\":[{\"@type\":\"SearchAction\",\"target\":{\"@type\":\"EntryPoint\",\"urlTemplate\":\"https:\/\/cybul.eu\/pl\/?s={search_term_string}\"},\"query-input\":{\"@type\":\"PropertyValueSpecification\",\"valueRequired\":true,\"valueName\":\"search_term_string\"}}],\"inLanguage\":\"pl-PL\"}]}<\/script>\n<!-- \/ Yoast SEO plugin. -->","yoast_head_json":{"title":"N62 - dwutarczowe sprz\u0119g\u0142o pod skrzyni\u0119 od M57 - CYBUL","description":"Transfers over 1000NM; Stock-like soft clutch pedal; Stock-like semi clutch; 50% more durable than any kit that uses stock BMW pressure plate","robots":{"index":"index","follow":"follow","max-snippet":"max-snippet:-1","max-image-preview":"max-image-preview:large","max-video-preview":"max-video-preview:-1"},"canonical":"https:\/\/cybul.eu\/pl\/sklep\/m60-m62-dwutarczowe-sprzeglo-pod-skrzynie-od-m57-gs5-39dz-copy\/","og_locale":"pl_PL","og_type":"article","og_title":"N62 - dwutarczowe sprz\u0119g\u0142o pod skrzyni\u0119 od M57 - CYBUL","og_description":"Transfers over 1000NM; Stock-like soft clutch pedal; Stock-like semi clutch; 50% more durable than any kit that uses stock BMW pressure plate","og_url":"https:\/\/cybul.eu\/pl\/sklep\/m60-m62-dwutarczowe-sprzeglo-pod-skrzynie-od-m57-gs5-39dz-copy\/","og_site_name":"CYBUL","article_modified_time":"2025-06-05T09:57:30+00:00","og_image":[{"width":800,"height":800,"url":"https:\/\/cybul.eu\/wp-content\/uploads\/2021\/04\/N62-clutch-kit-3-800X800.jpg","type":"image\/jpeg"}],"twitter_card":"summary_large_image","twitter_misc":{"Szacowany czas czytania":"1 minuta"},"schema":{"@context":"https:\/\/schema.org","@graph":[{"@type":"WebPage","@id":"https:\/\/cybul.eu\/pl\/sklep\/m60-m62-dwutarczowe-sprzeglo-pod-skrzynie-od-m57-gs5-39dz-copy\/","url":"https:\/\/cybul.eu\/pl\/sklep\/m60-m62-dwutarczowe-sprzeglo-pod-skrzynie-od-m57-gs5-39dz-copy\/","name":"N62 - dwutarczowe sprz\u0119g\u0142o pod skrzyni\u0119 od M57 - CYBUL","isPartOf":{"@id":"https:\/\/cybul.eu\/pl\/#website"},"primaryImageOfPage":{"@id":"https:\/\/cybul.eu\/pl\/sklep\/m60-m62-dwutarczowe-sprzeglo-pod-skrzynie-od-m57-gs5-39dz-copy\/#primaryimage"},"image":{"@id":"https:\/\/cybul.eu\/pl\/sklep\/m60-m62-dwutarczowe-sprzeglo-pod-skrzynie-od-m57-gs5-39dz-copy\/#primaryimage"},"thumbnailUrl":"https:\/\/cybul.eu\/wp-content\/uploads\/2021\/04\/N62-clutch-kit-3-800X800.jpg","datePublished":"2021-04-14T05:42:57+00:00","dateModified":"2025-06-05T09:57:30+00:00","description":"Transfers over 1000NM; Stock-like soft clutch pedal; Stock-like semi clutch; 50% more durable than any kit that uses stock BMW pressure plate","breadcrumb":{"@id":"https:\/\/cybul.eu\/pl\/sklep\/m60-m62-dwutarczowe-sprzeglo-pod-skrzynie-od-m57-gs5-39dz-copy\/#breadcrumb"},"inLanguage":"pl-PL","potentialAction":[{"@type":"ReadAction","target":["https:\/\/cybul.eu\/pl\/sklep\/m60-m62-dwutarczowe-sprzeglo-pod-skrzynie-od-m57-gs5-39dz-copy\/"]}]},{"@type":"ImageObject","inLanguage":"pl-PL","@id":"https:\/\/cybul.eu\/pl\/sklep\/m60-m62-dwutarczowe-sprzeglo-pod-skrzynie-od-m57-gs5-39dz-copy\/#primaryimage","url":"https:\/\/cybul.eu\/wp-content\/uploads\/2021\/04\/N62-clutch-kit-3-800X800.jpg","contentUrl":"https:\/\/cybul.eu\/wp-content\/uploads\/2021\/04\/N62-clutch-kit-3-800X800.jpg","width":800,"height":800,"caption":"N62BXX"},{"@type":"BreadcrumbList","@id":"https:\/\/cybul.eu\/pl\/sklep\/m60-m62-dwutarczowe-sprzeglo-pod-skrzynie-od-m57-gs5-39dz-copy\/#breadcrumb","itemListElement":[{"@type":"ListItem","position":1,"name":"Strona g\u0142\u00f3wna","item":"https:\/\/cybul.eu\/pl\/"},{"@type":"ListItem","position":2,"name":"Sklep","item":"https:\/\/cybul.eu\/pl\/sklep\/"},{"@type":"ListItem","position":3,"name":"N62 &#8211; dwutarczowe sprz\u0119g\u0142o pod skrzyni\u0119 od M57"}]},{"@type":"WebSite","@id":"https:\/\/cybul.eu\/pl\/#website","url":"https:\/\/cybul.eu\/pl\/","name":"CYBUL","description":"","potentialAction":[{"@type":"SearchAction","target":{"@type":"EntryPoint","urlTemplate":"https:\/\/cybul.eu\/pl\/?s={search_term_string}"},"query-input":{"@type":"PropertyValueSpecification","valueRequired":true,"valueName":"search_term_string"}}],"inLanguage":"pl-PL"}]}},"_links":{"self":[{"href":"https:\/\/cybul.eu\/pl\/wp-json\/wp\/v2\/product\/4336","targetHints":{"allow":["GET"]}}],"collection":[{"href":"https:\/\/cybul.eu\/pl\/wp-json\/wp\/v2\/product"}],"about":[{"href":"https:\/\/cybul.eu\/pl\/wp-json\/wp\/v2\/types\/product"}],"replies":[{"embeddable":true,"href":"https:\/\/cybul.eu\/pl\/wp-json\/wp\/v2\/comments?post=4336"}],"wp:featuredmedia":[{"embeddable":true,"href":"https:\/\/cybul.eu\/pl\/wp-json\/wp\/v2\/media\/4344"}],"wp:attachment":[{"href":"https:\/\/cybul.eu\/pl\/wp-json\/wp\/v2\/media?parent=4336"}],"wp:term":[{"taxonomy":"product_cat","embeddable":true,"href":"https:\/\/cybul.eu\/pl\/wp-json\/wp\/v2\/product_cat?post=4336"},{"taxonomy":"product_tag","embeddable":true,"href":"https:\/\/cybul.eu\/pl\/wp-json\/wp\/v2\/product_tag?post=4336"}],"curies":[{"name":"wp","href":"https:\/\/api.w.org\/{rel}","templated":true}]}}