{"id":4315,"date":"2021-04-13T07:19:32","date_gmt":"2021-04-13T05:19:33","guid":{"rendered":"https:\/\/cybul.eu\/?post_type=product&#038;p=4315"},"modified":"2025-06-05T11:57:30","modified_gmt":"2025-06-05T09:57:30","slug":"mazda-mx-5-nc-tuleja-przedniego-dolnego-wahacza-z-lozyskiem-sferycznym","status":"publish","type":"product","link":"https:\/\/cybul.eu\/pl\/sklep\/mazda-mx-5-nc-tuleja-przedniego-dolnego-wahacza-z-lozyskiem-sferycznym\/","title":{"rendered":"Mazda MX-5 NC tuleja przedniego dolnego wahacza z \u0142o\u017cyskiem sferycznym"},"content":{"rendered":"<p>Zestaw zast\u0119puj\u0105cy seryjn\u0105 tulej\u0119 gumow\u0105 \u0142o\u017cyskiem sferycznym<\/p>\n<p><span style=\"font-size: 115%;\">G\u0142\u00f3wne korzy\u015bci:<\/span><\/p>\n<ul>\n<li data-line-height=\"m\">Poprawa prowadzenia i skr\u00f3cenie reakcji na ruch kierownic\u0105<\/li>\n<li data-line-height=\"m\">Zwi\u0119kszona sztywno\u015b\u0107 w por\u00f3wnaniu do seryjnej tulei gumowej<\/li>\n<li data-line-height=\"m\">Zmniejszone tarcie, dzi\u0119ki\u00a0 zastosowaniu PTFE jako materia\u0142u \u015blizgowego<\/li>\n<li data-line-height=\"m\">Poprawa pracy amortyzatora w pe\u0142nym zakresie pracy zawieszenia<\/li>\n<\/ul>\n<p><span style=\"font-size: 115%;\">G\u0142\u00f3wne funkcje:<\/span><\/p>\n<ul>\n<li data-line-height=\"m\">Zestaw 100% bolt-on kit &#8211; pasuje do auta bez modyfikacji<\/li>\n<li data-line-height=\"m\">Jedyne rozwi\u0105zanie pracuj\u0105ce z pionow\u0105 \u015brub\u0105 bez wutwarzania napr\u0119\u017ce\u0144 podczas pracy wahacza<\/li>\n<li data-line-height=\"m\">Elementy wykonane na maszynach CNC z aluminium 7075 T6 i utwardzonej stali chromowo-molibdenowej<\/li>\n<li data-line-height=\"m\">Zestaw dostarczamy wst\u0119pnie z\u0142o\u017cony<\/li>\n<\/ul>\n<p><span style=\"font-size: 115%;\">W paczce dostajesz:<\/span><\/p>\n<ul>\n<li data-line-height=\"m\">Dwie (par\u0119) obudowy \u0142o\u017cyska sferycznego wykonane na maszynach CNC z aluminium 7075 T6<\/li>\n<li data-line-height=\"m\">Dwa (par\u0119) wysokiej jako\u015bci \u0142o\u017cyska sferyczne przeznaczone do motorsportu<\/li>\n<li data-line-height=\"m\">Cztery tuleje wykonane na maszynach CNC z utwardzonej stali chromowo-molibdenowej<\/li>\n<\/ul>\n","protected":false},"excerpt":{"rendered":"<ul>\n<li>Poprawia prowadzenie<\/li>\n<li>Zmniejsza tarcie w zawieszeniu<\/li>\n<li>Zestaw w 100% bolt-on<\/li>\n<li>Wykonany na maszynach CNC<\/li>\n<\/ul>\n","protected":false},"featured_media":4319,"comment_status":"open","ping_status":"closed","template":"","meta":[],"product_cat":[447,496],"product_tag":[429,462],"class_list":{"0":"post-4315","1":"product","2":"type-product","3":"status-publish","4":"has-post-thumbnail","6":"product_cat-mx-5-nc-pl","7":"product_cat-zawieszenie","8":"product_tag-drift-pl","9":"product_tag-mx-5-nc-pl","10":"product_shipping_class-standard","12":"first","13":"instock","14":"taxable","15":"shipping-taxable","16":"purchasable","17":"product-type-simple"},"bundled_by":[],"bundle_stock_status":"instock","bundle_stock_quantity":null,"bundle_virtual":false,"bundle_layout":"","bundle_add_to_cart_form_location":"","bundle_editable_in_cart":false,"bundle_sold_individually_context":"","bundle_item_grouping":"","bundle_min_size":"","bundle_max_size":"","bundle_price":[],"bundled_items":[],"bundle_sell_ids":[],"acf":{"zdjecie_bez_watermarka":null,"zdjecie_bez_watermarka_url":"","product_orgin_url":""},"yoast_head":"<!-- This site is optimized with the Yoast SEO plugin v23.9 - https:\/\/yoast.com\/wordpress\/plugins\/seo\/ -->\n<title>Mazda MX-5 NC tuleja przedniego dolnego wahacza z \u0142o\u017cyskiem sferycznym - CYBUL<\/title>\n<meta name=\"description\" content=\"Poprawia prowadzenie i skraca czas reakcji na ruch kierownic\u0105. Zestaw w 100% &quot;bolt-on&quot;. Zwi\u0119ksza sztywno\u015b\u0107 w por\u00f3wnaniu do seryjnej tulei gumowej\" \/>\n<meta name=\"robots\" content=\"index, follow, max-snippet:-1, max-image-preview:large, max-video-preview:-1\" \/>\n<link rel=\"canonical\" href=\"https:\/\/cybul.eu\/pl\/sklep\/mazda-mx-5-nc-tuleja-przedniego-dolnego-wahacza-z-lozyskiem-sferycznym\/\" \/>\n<meta property=\"og:locale\" content=\"pl_PL\" \/>\n<meta property=\"og:type\" content=\"article\" \/>\n<meta property=\"og:title\" content=\"Mazda MX-5 NC tuleja przedniego dolnego wahacza z \u0142o\u017cyskiem sferycznym - CYBUL\" \/>\n<meta property=\"og:description\" content=\"Poprawia prowadzenie i skraca czas reakcji na ruch kierownic\u0105. Zestaw w 100% &quot;bolt-on&quot;. Zwi\u0119ksza sztywno\u015b\u0107 w por\u00f3wnaniu do seryjnej tulei gumowej\" \/>\n<meta property=\"og:url\" content=\"https:\/\/cybul.eu\/pl\/sklep\/mazda-mx-5-nc-tuleja-przedniego-dolnego-wahacza-z-lozyskiem-sferycznym\/\" \/>\n<meta property=\"og:site_name\" content=\"CYBUL\" \/>\n<meta property=\"article:modified_time\" content=\"2025-06-05T09:57:30+00:00\" \/>\n<meta property=\"og:image\" content=\"https:\/\/cybul.eu\/wp-content\/uploads\/2021\/04\/NC-spherical-bearing-conversion-kit-800x800.jpg\" \/>\n\t<meta property=\"og:image:width\" content=\"800\" \/>\n\t<meta property=\"og:image:height\" content=\"800\" \/>\n\t<meta property=\"og:image:type\" content=\"image\/jpeg\" \/>\n<meta name=\"twitter:card\" content=\"summary_large_image\" \/>\n<meta name=\"twitter:label1\" content=\"Szacowany czas czytania\" \/>\n\t<meta name=\"twitter:data1\" content=\"1 minuta\" \/>\n<script type=\"application\/ld+json\" class=\"yoast-schema-graph\">{\"@context\":\"https:\/\/schema.org\",\"@graph\":[{\"@type\":\"WebPage\",\"@id\":\"https:\/\/cybul.eu\/pl\/sklep\/mazda-mx-5-nc-tuleja-przedniego-dolnego-wahacza-z-lozyskiem-sferycznym\/\",\"url\":\"https:\/\/cybul.eu\/pl\/sklep\/mazda-mx-5-nc-tuleja-przedniego-dolnego-wahacza-z-lozyskiem-sferycznym\/\",\"name\":\"Mazda MX-5 NC tuleja przedniego dolnego wahacza z \u0142o\u017cyskiem sferycznym - CYBUL\",\"isPartOf\":{\"@id\":\"https:\/\/cybul.eu\/pl\/#website\"},\"primaryImageOfPage\":{\"@id\":\"https:\/\/cybul.eu\/pl\/sklep\/mazda-mx-5-nc-tuleja-przedniego-dolnego-wahacza-z-lozyskiem-sferycznym\/#primaryimage\"},\"image\":{\"@id\":\"https:\/\/cybul.eu\/pl\/sklep\/mazda-mx-5-nc-tuleja-przedniego-dolnego-wahacza-z-lozyskiem-sferycznym\/#primaryimage\"},\"thumbnailUrl\":\"https:\/\/cybul.eu\/wp-content\/uploads\/2021\/04\/NC-spherical-bearing-conversion-kit-800x800.jpg\",\"datePublished\":\"2021-04-13T05:19:33+00:00\",\"dateModified\":\"2025-06-05T09:57:30+00:00\",\"description\":\"Poprawia prowadzenie i skraca czas reakcji na ruch kierownic\u0105. Zestaw w 100% \\\"bolt-on\\\". Zwi\u0119ksza sztywno\u015b\u0107 w por\u00f3wnaniu do seryjnej tulei gumowej\",\"breadcrumb\":{\"@id\":\"https:\/\/cybul.eu\/pl\/sklep\/mazda-mx-5-nc-tuleja-przedniego-dolnego-wahacza-z-lozyskiem-sferycznym\/#breadcrumb\"},\"inLanguage\":\"pl-PL\",\"potentialAction\":[{\"@type\":\"ReadAction\",\"target\":[\"https:\/\/cybul.eu\/pl\/sklep\/mazda-mx-5-nc-tuleja-przedniego-dolnego-wahacza-z-lozyskiem-sferycznym\/\"]}]},{\"@type\":\"ImageObject\",\"inLanguage\":\"pl-PL\",\"@id\":\"https:\/\/cybul.eu\/pl\/sklep\/mazda-mx-5-nc-tuleja-przedniego-dolnego-wahacza-z-lozyskiem-sferycznym\/#primaryimage\",\"url\":\"https:\/\/cybul.eu\/wp-content\/uploads\/2021\/04\/NC-spherical-bearing-conversion-kit-800x800.jpg\",\"contentUrl\":\"https:\/\/cybul.eu\/wp-content\/uploads\/2021\/04\/NC-spherical-bearing-conversion-kit-800x800.jpg\",\"width\":800,\"height\":800,\"caption\":\"MX-5 NC tuleja wahacza\"},{\"@type\":\"BreadcrumbList\",\"@id\":\"https:\/\/cybul.eu\/pl\/sklep\/mazda-mx-5-nc-tuleja-przedniego-dolnego-wahacza-z-lozyskiem-sferycznym\/#breadcrumb\",\"itemListElement\":[{\"@type\":\"ListItem\",\"position\":1,\"name\":\"Strona g\u0142\u00f3wna\",\"item\":\"https:\/\/cybul.eu\/pl\/\"},{\"@type\":\"ListItem\",\"position\":2,\"name\":\"Sklep\",\"item\":\"https:\/\/cybul.eu\/pl\/sklep\/\"},{\"@type\":\"ListItem\",\"position\":3,\"name\":\"Mazda MX-5 NC tuleja przedniego dolnego wahacza z \u0142o\u017cyskiem sferycznym\"}]},{\"@type\":\"WebSite\",\"@id\":\"https:\/\/cybul.eu\/pl\/#website\",\"url\":\"https:\/\/cybul.eu\/pl\/\",\"name\":\"CYBUL\",\"description\":\"\",\"potentialAction\":[{\"@type\":\"SearchAction\",\"target\":{\"@type\":\"EntryPoint\",\"urlTemplate\":\"https:\/\/cybul.eu\/pl\/?s={search_term_string}\"},\"query-input\":{\"@type\":\"PropertyValueSpecification\",\"valueRequired\":true,\"valueName\":\"search_term_string\"}}],\"inLanguage\":\"pl-PL\"}]}<\/script>\n<!-- \/ Yoast SEO plugin. -->","yoast_head_json":{"title":"Mazda MX-5 NC tuleja przedniego dolnego wahacza z \u0142o\u017cyskiem sferycznym - CYBUL","description":"Poprawia prowadzenie i skraca czas reakcji na ruch kierownic\u0105. Zestaw w 100% \"bolt-on\". Zwi\u0119ksza sztywno\u015b\u0107 w por\u00f3wnaniu do seryjnej tulei gumowej","robots":{"index":"index","follow":"follow","max-snippet":"max-snippet:-1","max-image-preview":"max-image-preview:large","max-video-preview":"max-video-preview:-1"},"canonical":"https:\/\/cybul.eu\/pl\/sklep\/mazda-mx-5-nc-tuleja-przedniego-dolnego-wahacza-z-lozyskiem-sferycznym\/","og_locale":"pl_PL","og_type":"article","og_title":"Mazda MX-5 NC tuleja przedniego dolnego wahacza z \u0142o\u017cyskiem sferycznym - CYBUL","og_description":"Poprawia prowadzenie i skraca czas reakcji na ruch kierownic\u0105. Zestaw w 100% \"bolt-on\". Zwi\u0119ksza sztywno\u015b\u0107 w por\u00f3wnaniu do seryjnej tulei gumowej","og_url":"https:\/\/cybul.eu\/pl\/sklep\/mazda-mx-5-nc-tuleja-przedniego-dolnego-wahacza-z-lozyskiem-sferycznym\/","og_site_name":"CYBUL","article_modified_time":"2025-06-05T09:57:30+00:00","og_image":[{"width":800,"height":800,"url":"https:\/\/cybul.eu\/wp-content\/uploads\/2021\/04\/NC-spherical-bearing-conversion-kit-800x800.jpg","type":"image\/jpeg"}],"twitter_card":"summary_large_image","twitter_misc":{"Szacowany czas czytania":"1 minuta"},"schema":{"@context":"https:\/\/schema.org","@graph":[{"@type":"WebPage","@id":"https:\/\/cybul.eu\/pl\/sklep\/mazda-mx-5-nc-tuleja-przedniego-dolnego-wahacza-z-lozyskiem-sferycznym\/","url":"https:\/\/cybul.eu\/pl\/sklep\/mazda-mx-5-nc-tuleja-przedniego-dolnego-wahacza-z-lozyskiem-sferycznym\/","name":"Mazda MX-5 NC tuleja przedniego dolnego wahacza z \u0142o\u017cyskiem sferycznym - CYBUL","isPartOf":{"@id":"https:\/\/cybul.eu\/pl\/#website"},"primaryImageOfPage":{"@id":"https:\/\/cybul.eu\/pl\/sklep\/mazda-mx-5-nc-tuleja-przedniego-dolnego-wahacza-z-lozyskiem-sferycznym\/#primaryimage"},"image":{"@id":"https:\/\/cybul.eu\/pl\/sklep\/mazda-mx-5-nc-tuleja-przedniego-dolnego-wahacza-z-lozyskiem-sferycznym\/#primaryimage"},"thumbnailUrl":"https:\/\/cybul.eu\/wp-content\/uploads\/2021\/04\/NC-spherical-bearing-conversion-kit-800x800.jpg","datePublished":"2021-04-13T05:19:33+00:00","dateModified":"2025-06-05T09:57:30+00:00","description":"Poprawia prowadzenie i skraca czas reakcji na ruch kierownic\u0105. Zestaw w 100% \"bolt-on\". Zwi\u0119ksza sztywno\u015b\u0107 w por\u00f3wnaniu do seryjnej tulei gumowej","breadcrumb":{"@id":"https:\/\/cybul.eu\/pl\/sklep\/mazda-mx-5-nc-tuleja-przedniego-dolnego-wahacza-z-lozyskiem-sferycznym\/#breadcrumb"},"inLanguage":"pl-PL","potentialAction":[{"@type":"ReadAction","target":["https:\/\/cybul.eu\/pl\/sklep\/mazda-mx-5-nc-tuleja-przedniego-dolnego-wahacza-z-lozyskiem-sferycznym\/"]}]},{"@type":"ImageObject","inLanguage":"pl-PL","@id":"https:\/\/cybul.eu\/pl\/sklep\/mazda-mx-5-nc-tuleja-przedniego-dolnego-wahacza-z-lozyskiem-sferycznym\/#primaryimage","url":"https:\/\/cybul.eu\/wp-content\/uploads\/2021\/04\/NC-spherical-bearing-conversion-kit-800x800.jpg","contentUrl":"https:\/\/cybul.eu\/wp-content\/uploads\/2021\/04\/NC-spherical-bearing-conversion-kit-800x800.jpg","width":800,"height":800,"caption":"MX-5 NC tuleja wahacza"},{"@type":"BreadcrumbList","@id":"https:\/\/cybul.eu\/pl\/sklep\/mazda-mx-5-nc-tuleja-przedniego-dolnego-wahacza-z-lozyskiem-sferycznym\/#breadcrumb","itemListElement":[{"@type":"ListItem","position":1,"name":"Strona g\u0142\u00f3wna","item":"https:\/\/cybul.eu\/pl\/"},{"@type":"ListItem","position":2,"name":"Sklep","item":"https:\/\/cybul.eu\/pl\/sklep\/"},{"@type":"ListItem","position":3,"name":"Mazda MX-5 NC tuleja przedniego dolnego wahacza z \u0142o\u017cyskiem sferycznym"}]},{"@type":"WebSite","@id":"https:\/\/cybul.eu\/pl\/#website","url":"https:\/\/cybul.eu\/pl\/","name":"CYBUL","description":"","potentialAction":[{"@type":"SearchAction","target":{"@type":"EntryPoint","urlTemplate":"https:\/\/cybul.eu\/pl\/?s={search_term_string}"},"query-input":{"@type":"PropertyValueSpecification","valueRequired":true,"valueName":"search_term_string"}}],"inLanguage":"pl-PL"}]}},"_links":{"self":[{"href":"https:\/\/cybul.eu\/pl\/wp-json\/wp\/v2\/product\/4315","targetHints":{"allow":["GET"]}}],"collection":[{"href":"https:\/\/cybul.eu\/pl\/wp-json\/wp\/v2\/product"}],"about":[{"href":"https:\/\/cybul.eu\/pl\/wp-json\/wp\/v2\/types\/product"}],"replies":[{"embeddable":true,"href":"https:\/\/cybul.eu\/pl\/wp-json\/wp\/v2\/comments?post=4315"}],"wp:featuredmedia":[{"embeddable":true,"href":"https:\/\/cybul.eu\/pl\/wp-json\/wp\/v2\/media\/4319"}],"wp:attachment":[{"href":"https:\/\/cybul.eu\/pl\/wp-json\/wp\/v2\/media?parent=4315"}],"wp:term":[{"taxonomy":"product_cat","embeddable":true,"href":"https:\/\/cybul.eu\/pl\/wp-json\/wp\/v2\/product_cat?post=4315"},{"taxonomy":"product_tag","embeddable":true,"href":"https:\/\/cybul.eu\/pl\/wp-json\/wp\/v2\/product_tag?post=4315"}],"curies":[{"name":"wp","href":"https:\/\/api.w.org\/{rel}","templated":true}]}}