{"id":3783,"date":"2020-11-16T13:59:15","date_gmt":"2020-11-16T12:59:15","guid":{"rendered":"https:\/\/cybul.eu\/?post_type=product&#038;p=3783"},"modified":"2021-01-14T14:08:20","modified_gmt":"2021-01-14T13:08:20","slug":"bmw-f22-klatka-bezpieczenstwa-v6-nascar-bary","status":"publish","type":"product","link":"https:\/\/cybul.eu\/pl\/sklep\/bmw-f22-klatka-bezpieczenstwa-v6-nascar-bary\/","title":{"rendered":"BMW F22 klatka bezpiecze\u0144stwa V6 + NASCAR bary"},"content":{"rendered":"<p>Klatka bezpiecze\u0144stwa jest obowi\u0105zkowym wyposa\u017ceniem ka\u017cdego auta przeznaczonego do motorsportu. Zapewnia bezpiecze\u0144stwo za\u0142odze w przypadku dachowania.<\/p>\n<p>G\u0142\u00f3wna konstrukcja tej klatki zosta\u0142a zaprojektowana zgodnie z za\u0142\u0105cznikiem J FIA. NASCAR bar\u2019y i zastrza\u0142y do tylnego w\u00f3zka nie s\u0105 dopuszczone przez za\u0142\u0105cznik J. W wi\u0119kszo\u015bci zawod\u00f3w driftingowych, taka konstrukcja jest dopuszczona do start\u00f3w.<\/p>\n<p>Do Produkcji u\u017cyli\u015bmy bezszwowych rur 45\u00d72,5 i 40\u00d72, w stopie E355. Do ka\u017cdej klatki do\u0142\u0105czamy rysunek z\u0142o\u017ceniowy. Obrazuje on po\u0142o\u017cenie wszystkich rur i blach. Spasowanie element\u00f3w jest na najwy\u017cszym poziomie.<\/p>\n<p>Jak wykonujemy klatki? Zaczynamy od wykonania skanu 3D wn\u0119trza auta. Nast\u0119pnie tworzymy projekt 3D w oprogramowaniu CAD. Wiemy, \u017ce zale\u017cy Ci na jak najlepszej widoczno\u015bci. W\u0142a\u015bnie dla tego, wszystkie rury prowadzili\u015bmy tak blisko nadwozia, jak to mo\u017cliwe.<\/p>\n<p>Klatka jest dost\u0119pne z zastrza\u0142ami do kielich\u00f3w lub do grodzi.<\/p>\n","protected":false},"excerpt":{"rendered":"<p>Klatka bezpiecze\u0144stwa jest obowi\u0105zkowym wyposa\u017ceniem ka\u017cdego auta przeznaczonego do motorsportu. Zapewnia bezpiecze\u0144stwo za\u0142odze w przypadku dachowania. G\u0142\u00f3wna konstrukcja tej klatki zosta\u0142a zaprojektowana zgodnie z za\u0142\u0105cznikiem J FIA. NASCAR bar\u2019y i zastrza\u0142y do tylnego w\u00f3zka nie s\u0105 dopuszczone przez za\u0142\u0105cznik J. W wi\u0119kszo\u015bci zawod\u00f3w driftingowych, taka konstrukcja jest dopuszczona do start\u00f3w. Do Produkcji u\u017cyli\u015bmy bezszwowych rur [&#8230;]\n","protected":false},"featured_media":3787,"comment_status":"open","ping_status":"closed","template":"","meta":[],"product_cat":[342,473],"product_tag":[429,430,431,474],"class_list":{"0":"post-3783","1":"product","2":"type-product","3":"status-publish","4":"has-post-thumbnail","6":"product_cat-klatki-bezpieczenstwa","7":"product_cat-f22-pl","8":"product_tag-drift-pl","9":"product_tag-klatka-pl","10":"product_tag-rollcage-pl","11":"product_tag-f22-pl","12":"product_shipping_class-klatka-bezpiczenstwa","14":"first","15":"instock","16":"taxable","17":"shipping-taxable","18":"purchasable","19":"product-type-simple"},"bundled_by":[],"bundle_stock_status":"instock","bundle_stock_quantity":null,"bundle_virtual":false,"bundle_layout":"","bundle_add_to_cart_form_location":"","bundle_editable_in_cart":false,"bundle_sold_individually_context":"","bundle_item_grouping":"","bundle_min_size":"","bundle_max_size":"","bundle_price":[],"bundled_items":[],"bundle_sell_ids":[],"acf":{"zdjecie_bez_watermarka":null,"zdjecie_bez_watermarka_url":"","product_orgin_url":""},"yoast_head":"<!-- This site is optimized with the Yoast SEO plugin v23.9 - https:\/\/yoast.com\/wordpress\/plugins\/seo\/ -->\n<title>BMW F22 klatka bezpiecze\u0144stwa V6 + NASCAR bary - CYBUL<\/title>\n<meta name=\"description\" content=\"Klatka bezpiecze\u0144stwa jest obowi\u0105zkowym wyposa\u017ceniem ka\u017cdego auta przeznaczonego do motorsportu. Ta zosta\u0142a zaprojektowana zgodnie z za\u0142\u0105cznikiem J FIA.\" \/>\n<meta name=\"robots\" content=\"index, follow, max-snippet:-1, max-image-preview:large, max-video-preview:-1\" \/>\n<link rel=\"canonical\" href=\"https:\/\/cybul.eu\/pl\/sklep\/bmw-f22-klatka-bezpieczenstwa-v6-nascar-bary\/\" \/>\n<meta property=\"og:locale\" content=\"pl_PL\" \/>\n<meta property=\"og:type\" content=\"article\" \/>\n<meta property=\"og:title\" content=\"BMW F22 klatka bezpiecze\u0144stwa V6 + NASCAR bary - CYBUL\" \/>\n<meta property=\"og:description\" content=\"Klatka bezpiecze\u0144stwa jest obowi\u0105zkowym wyposa\u017ceniem ka\u017cdego auta przeznaczonego do motorsportu. Ta zosta\u0142a zaprojektowana zgodnie z za\u0142\u0105cznikiem J FIA.\" \/>\n<meta property=\"og:url\" content=\"https:\/\/cybul.eu\/pl\/sklep\/bmw-f22-klatka-bezpieczenstwa-v6-nascar-bary\/\" \/>\n<meta property=\"og:site_name\" content=\"CYBUL\" \/>\n<meta property=\"article:modified_time\" content=\"2021-01-14T13:08:20+00:00\" \/>\n<meta property=\"og:image\" content=\"https:\/\/cybul.eu\/wp-content\/uploads\/2020\/11\/F22-v6-nascar-ty\u0142-rs.jpg\" \/>\n\t<meta property=\"og:image:width\" content=\"1500\" \/>\n\t<meta property=\"og:image:height\" content=\"1500\" \/>\n\t<meta property=\"og:image:type\" content=\"image\/jpeg\" \/>\n<meta name=\"twitter:card\" content=\"summary_large_image\" \/>\n<meta name=\"twitter:label1\" content=\"Szacowany czas czytania\" \/>\n\t<meta name=\"twitter:data1\" content=\"1 minuta\" \/>\n<script type=\"application\/ld+json\" class=\"yoast-schema-graph\">{\"@context\":\"https:\/\/schema.org\",\"@graph\":[{\"@type\":\"WebPage\",\"@id\":\"https:\/\/cybul.eu\/pl\/sklep\/bmw-f22-klatka-bezpieczenstwa-v6-nascar-bary\/\",\"url\":\"https:\/\/cybul.eu\/pl\/sklep\/bmw-f22-klatka-bezpieczenstwa-v6-nascar-bary\/\",\"name\":\"BMW F22 klatka bezpiecze\u0144stwa V6 + NASCAR bary - CYBUL\",\"isPartOf\":{\"@id\":\"https:\/\/cybul.eu\/pl\/#website\"},\"primaryImageOfPage\":{\"@id\":\"https:\/\/cybul.eu\/pl\/sklep\/bmw-f22-klatka-bezpieczenstwa-v6-nascar-bary\/#primaryimage\"},\"image\":{\"@id\":\"https:\/\/cybul.eu\/pl\/sklep\/bmw-f22-klatka-bezpieczenstwa-v6-nascar-bary\/#primaryimage\"},\"thumbnailUrl\":\"https:\/\/cybul.eu\/wp-content\/uploads\/2020\/11\/F22-v6-nascar-ty\u0142-rs.jpg\",\"datePublished\":\"2020-11-16T12:59:15+00:00\",\"dateModified\":\"2021-01-14T13:08:20+00:00\",\"description\":\"Klatka bezpiecze\u0144stwa jest obowi\u0105zkowym wyposa\u017ceniem ka\u017cdego auta przeznaczonego do motorsportu. Ta zosta\u0142a zaprojektowana zgodnie z za\u0142\u0105cznikiem J FIA.\",\"breadcrumb\":{\"@id\":\"https:\/\/cybul.eu\/pl\/sklep\/bmw-f22-klatka-bezpieczenstwa-v6-nascar-bary\/#breadcrumb\"},\"inLanguage\":\"pl-PL\",\"potentialAction\":[{\"@type\":\"ReadAction\",\"target\":[\"https:\/\/cybul.eu\/pl\/sklep\/bmw-f22-klatka-bezpieczenstwa-v6-nascar-bary\/\"]}]},{\"@type\":\"ImageObject\",\"inLanguage\":\"pl-PL\",\"@id\":\"https:\/\/cybul.eu\/pl\/sklep\/bmw-f22-klatka-bezpieczenstwa-v6-nascar-bary\/#primaryimage\",\"url\":\"https:\/\/cybul.eu\/wp-content\/uploads\/2020\/11\/F22-v6-nascar-ty\u0142-rs.jpg\",\"contentUrl\":\"https:\/\/cybul.eu\/wp-content\/uploads\/2020\/11\/F22-v6-nascar-ty\u0142-rs.jpg\",\"width\":1500,\"height\":1500,\"caption\":\"BMW F22 klatka bezpiecze\u0144stwa V6 + NASCAR bary\"},{\"@type\":\"BreadcrumbList\",\"@id\":\"https:\/\/cybul.eu\/pl\/sklep\/bmw-f22-klatka-bezpieczenstwa-v6-nascar-bary\/#breadcrumb\",\"itemListElement\":[{\"@type\":\"ListItem\",\"position\":1,\"name\":\"Strona g\u0142\u00f3wna\",\"item\":\"https:\/\/cybul.eu\/pl\/\"},{\"@type\":\"ListItem\",\"position\":2,\"name\":\"Sklep\",\"item\":\"https:\/\/cybul.eu\/pl\/sklep\/\"},{\"@type\":\"ListItem\",\"position\":3,\"name\":\"BMW F22 klatka bezpiecze\u0144stwa V6 + NASCAR bary\"}]},{\"@type\":\"WebSite\",\"@id\":\"https:\/\/cybul.eu\/pl\/#website\",\"url\":\"https:\/\/cybul.eu\/pl\/\",\"name\":\"CYBUL\",\"description\":\"\",\"potentialAction\":[{\"@type\":\"SearchAction\",\"target\":{\"@type\":\"EntryPoint\",\"urlTemplate\":\"https:\/\/cybul.eu\/pl\/?s={search_term_string}\"},\"query-input\":{\"@type\":\"PropertyValueSpecification\",\"valueRequired\":true,\"valueName\":\"search_term_string\"}}],\"inLanguage\":\"pl-PL\"}]}<\/script>\n<!-- \/ Yoast SEO plugin. -->","yoast_head_json":{"title":"BMW F22 klatka bezpiecze\u0144stwa V6 + NASCAR bary - CYBUL","description":"Klatka bezpiecze\u0144stwa jest obowi\u0105zkowym wyposa\u017ceniem ka\u017cdego auta przeznaczonego do motorsportu. Ta zosta\u0142a zaprojektowana zgodnie z za\u0142\u0105cznikiem J FIA.","robots":{"index":"index","follow":"follow","max-snippet":"max-snippet:-1","max-image-preview":"max-image-preview:large","max-video-preview":"max-video-preview:-1"},"canonical":"https:\/\/cybul.eu\/pl\/sklep\/bmw-f22-klatka-bezpieczenstwa-v6-nascar-bary\/","og_locale":"pl_PL","og_type":"article","og_title":"BMW F22 klatka bezpiecze\u0144stwa V6 + NASCAR bary - CYBUL","og_description":"Klatka bezpiecze\u0144stwa jest obowi\u0105zkowym wyposa\u017ceniem ka\u017cdego auta przeznaczonego do motorsportu. Ta zosta\u0142a zaprojektowana zgodnie z za\u0142\u0105cznikiem J FIA.","og_url":"https:\/\/cybul.eu\/pl\/sklep\/bmw-f22-klatka-bezpieczenstwa-v6-nascar-bary\/","og_site_name":"CYBUL","article_modified_time":"2021-01-14T13:08:20+00:00","og_image":[{"width":1500,"height":1500,"url":"https:\/\/cybul.eu\/wp-content\/uploads\/2020\/11\/F22-v6-nascar-ty\u0142-rs.jpg","type":"image\/jpeg"}],"twitter_card":"summary_large_image","twitter_misc":{"Szacowany czas czytania":"1 minuta"},"schema":{"@context":"https:\/\/schema.org","@graph":[{"@type":"WebPage","@id":"https:\/\/cybul.eu\/pl\/sklep\/bmw-f22-klatka-bezpieczenstwa-v6-nascar-bary\/","url":"https:\/\/cybul.eu\/pl\/sklep\/bmw-f22-klatka-bezpieczenstwa-v6-nascar-bary\/","name":"BMW F22 klatka bezpiecze\u0144stwa V6 + NASCAR bary - CYBUL","isPartOf":{"@id":"https:\/\/cybul.eu\/pl\/#website"},"primaryImageOfPage":{"@id":"https:\/\/cybul.eu\/pl\/sklep\/bmw-f22-klatka-bezpieczenstwa-v6-nascar-bary\/#primaryimage"},"image":{"@id":"https:\/\/cybul.eu\/pl\/sklep\/bmw-f22-klatka-bezpieczenstwa-v6-nascar-bary\/#primaryimage"},"thumbnailUrl":"https:\/\/cybul.eu\/wp-content\/uploads\/2020\/11\/F22-v6-nascar-ty\u0142-rs.jpg","datePublished":"2020-11-16T12:59:15+00:00","dateModified":"2021-01-14T13:08:20+00:00","description":"Klatka bezpiecze\u0144stwa jest obowi\u0105zkowym wyposa\u017ceniem ka\u017cdego auta przeznaczonego do motorsportu. Ta zosta\u0142a zaprojektowana zgodnie z za\u0142\u0105cznikiem J FIA.","breadcrumb":{"@id":"https:\/\/cybul.eu\/pl\/sklep\/bmw-f22-klatka-bezpieczenstwa-v6-nascar-bary\/#breadcrumb"},"inLanguage":"pl-PL","potentialAction":[{"@type":"ReadAction","target":["https:\/\/cybul.eu\/pl\/sklep\/bmw-f22-klatka-bezpieczenstwa-v6-nascar-bary\/"]}]},{"@type":"ImageObject","inLanguage":"pl-PL","@id":"https:\/\/cybul.eu\/pl\/sklep\/bmw-f22-klatka-bezpieczenstwa-v6-nascar-bary\/#primaryimage","url":"https:\/\/cybul.eu\/wp-content\/uploads\/2020\/11\/F22-v6-nascar-ty\u0142-rs.jpg","contentUrl":"https:\/\/cybul.eu\/wp-content\/uploads\/2020\/11\/F22-v6-nascar-ty\u0142-rs.jpg","width":1500,"height":1500,"caption":"BMW F22 klatka bezpiecze\u0144stwa V6 + NASCAR bary"},{"@type":"BreadcrumbList","@id":"https:\/\/cybul.eu\/pl\/sklep\/bmw-f22-klatka-bezpieczenstwa-v6-nascar-bary\/#breadcrumb","itemListElement":[{"@type":"ListItem","position":1,"name":"Strona g\u0142\u00f3wna","item":"https:\/\/cybul.eu\/pl\/"},{"@type":"ListItem","position":2,"name":"Sklep","item":"https:\/\/cybul.eu\/pl\/sklep\/"},{"@type":"ListItem","position":3,"name":"BMW F22 klatka bezpiecze\u0144stwa V6 + NASCAR bary"}]},{"@type":"WebSite","@id":"https:\/\/cybul.eu\/pl\/#website","url":"https:\/\/cybul.eu\/pl\/","name":"CYBUL","description":"","potentialAction":[{"@type":"SearchAction","target":{"@type":"EntryPoint","urlTemplate":"https:\/\/cybul.eu\/pl\/?s={search_term_string}"},"query-input":{"@type":"PropertyValueSpecification","valueRequired":true,"valueName":"search_term_string"}}],"inLanguage":"pl-PL"}]}},"_links":{"self":[{"href":"https:\/\/cybul.eu\/pl\/wp-json\/wp\/v2\/product\/3783","targetHints":{"allow":["GET"]}}],"collection":[{"href":"https:\/\/cybul.eu\/pl\/wp-json\/wp\/v2\/product"}],"about":[{"href":"https:\/\/cybul.eu\/pl\/wp-json\/wp\/v2\/types\/product"}],"replies":[{"embeddable":true,"href":"https:\/\/cybul.eu\/pl\/wp-json\/wp\/v2\/comments?post=3783"}],"wp:featuredmedia":[{"embeddable":true,"href":"https:\/\/cybul.eu\/pl\/wp-json\/wp\/v2\/media\/3787"}],"wp:attachment":[{"href":"https:\/\/cybul.eu\/pl\/wp-json\/wp\/v2\/media?parent=3783"}],"wp:term":[{"taxonomy":"product_cat","embeddable":true,"href":"https:\/\/cybul.eu\/pl\/wp-json\/wp\/v2\/product_cat?post=3783"},{"taxonomy":"product_tag","embeddable":true,"href":"https:\/\/cybul.eu\/pl\/wp-json\/wp\/v2\/product_tag?post=3783"}],"curies":[{"name":"wp","href":"https:\/\/api.w.org\/{rel}","templated":true}]}}