{"id":3569,"date":"2020-08-24T10:00:04","date_gmt":"2020-08-24T08:00:04","guid":{"rendered":"https:\/\/cybul.eu\/?post_type=product&#038;p=3569"},"modified":"2025-06-05T11:57:16","modified_gmt":"2025-06-05T09:57:16","slug":"bmw-e46-zestaw-zwiekszajacyskret","status":"publish","type":"product","link":"https:\/\/cybul.eu\/pl\/sklep\/bmw-e46-zestaw-zwiekszajacyskret\/","title":{"rendered":"BMW E46 &#8211; zestaw zwi\u0119kszaj\u0105cy skr\u0119t"},"content":{"rendered":"<p><span style=\"font-family: Calibri, sans-serif;\"><span style=\"font-size: 15.84px;\">Maksymalny skr\u0119t przekracza 70 stopni. Jego regulacja jest mo\u017cliwa dzi\u0119ki nastawnym ogranicznikom. Dzi\u0119ki regulacji, ko\u0142o nie obciera o pod\u0142u\u017cnic\u0119 niezale\u017cnie od zastosowanych felg i opon.<\/span><\/span><\/p>\n<p>Prawid\u0142owa praca kierownicy to jeden z kluczowych element\u00f3w w driftingu. W\u0142a\u015bnie dlatego w naszym zestawie znajduj\u0105 si\u0119 camber plates. Umo\u017cliwiaj\u0105 one regulacj\u0119 k\u0105ta wyprzedzenia sworznia zwrotnicy. Odpowiada on za &#8222;wracanie&#8221; kierownicy.<\/p>\n<p>Wytrzyma\u0142o\u015b\u0107 jest r\u00f3wnie wa\u017cna, jak poprawne prowadzenie. W\u0142a\u015bnie dlatego do produkcji naszego zestawu u\u017cyli\u015bmy najwy\u017cszej jako\u015bci komponent\u00f3w. Po\u0142\u0105czenie stali konstrukcyjnej, chromowo-molibdenowych uniballi, sworzni Ruville i najwy\u017cszej jako\u015bci spaw\u00f3w gwarantuje wysok\u0105 odporno\u015b\u0107 na uszkodzenia.<\/p>\n<p>Geometria zwrotnicy zosta\u0142a przeprojektowana z my\u015bl\u0105 o driftingu. Podnie\u015bli\u015bmy roll center, usun\u0119li\u015bmy k\u0105t Ackermann&#8217;a i wyeliminowali\u015bmy bump steer na skr\u0119conych ko\u0142ach. Przek\u0142ada si\u0119 to na idealne prowadzenie auta w po\u015blizgu.<\/p>\n<p>Tuleje, w kt\u00f3re wci\u015bni\u0119te s\u0105 sworznie zosta\u0142y wspawane pod odpowiednim k\u0105tem. Dzi\u0119ki temu, pracuj\u0105 one w przewidzianym dla nich zakresie co przek\u0142ada si\u0119 na bezawaryjno\u015b\u0107.<\/p>\n","protected":false},"excerpt":{"rendered":"<p>Maksymalny skr\u0119t przekracza 70 stopni.<\/p>\n<p>Kierownica &#8222;wraca&#8221; tak, jak tego oczekujesz<\/p>\n","protected":false},"featured_media":6693,"comment_status":"open","ping_status":"closed","template":"","meta":[],"product_cat":[377],"product_tag":[354],"class_list":{"0":"post-3569","1":"product","2":"type-product","3":"status-publish","4":"has-post-thumbnail","6":"product_cat-e46","7":"product_tag-bmw-zawieszenia","9":"first","10":"instock","11":"taxable","12":"shipping-taxable","13":"purchasable","14":"product-type-simple"},"bundled_by":[],"bundle_stock_status":"instock","bundle_stock_quantity":null,"bundle_virtual":false,"bundle_layout":"","bundle_add_to_cart_form_location":"","bundle_editable_in_cart":false,"bundle_sold_individually_context":"","bundle_item_grouping":"","bundle_min_size":"","bundle_max_size":"","bundle_price":[],"bundled_items":[],"bundle_sell_ids":[],"acf":{"zdjecie_bez_watermarka":null,"zdjecie_bez_watermarka_url":"","product_orgin_url":""},"yoast_head":"<!-- This site is optimized with the Yoast SEO plugin v23.9 - https:\/\/yoast.com\/wordpress\/plugins\/seo\/ -->\n<title>BMW E46 - zestaw zwi\u0119kszaj\u0105cy skr\u0119t - CYBUL<\/title>\n<meta name=\"description\" content=\"Maksymalny skr\u0119t przekracza 70 stopni. Kierownica &quot;wraca&quot; tak, jak tego oczekujesz\" \/>\n<meta name=\"robots\" content=\"index, follow, max-snippet:-1, max-image-preview:large, max-video-preview:-1\" \/>\n<link rel=\"canonical\" href=\"https:\/\/cybul.eu\/pl\/sklep\/bmw-e46-zestaw-zwiekszajacyskret\/\" \/>\n<meta property=\"og:locale\" content=\"pl_PL\" \/>\n<meta property=\"og:type\" content=\"article\" \/>\n<meta property=\"og:title\" content=\"BMW E46 - zestaw zwi\u0119kszaj\u0105cy skr\u0119t - CYBUL\" \/>\n<meta property=\"og:description\" content=\"Maksymalny skr\u0119t przekracza 70 stopni. Kierownica &quot;wraca&quot; tak, jak tego oczekujesz\" \/>\n<meta property=\"og:url\" content=\"https:\/\/cybul.eu\/pl\/sklep\/bmw-e46-zestaw-zwiekszajacyskret\/\" \/>\n<meta property=\"og:site_name\" content=\"CYBUL\" \/>\n<meta property=\"article:modified_time\" content=\"2025-06-05T09:57:16+00:00\" \/>\n<meta property=\"og:image\" content=\"https:\/\/cybul.eu\/wp-content\/uploads\/2020\/08\/CYBUL_SKRET_01.jpg\" \/>\n\t<meta property=\"og:image:width\" content=\"1600\" \/>\n\t<meta property=\"og:image:height\" content=\"1600\" \/>\n\t<meta property=\"og:image:type\" content=\"image\/jpeg\" \/>\n<meta name=\"twitter:card\" content=\"summary_large_image\" \/>\n<meta name=\"twitter:label1\" content=\"Szacowany czas czytania\" \/>\n\t<meta name=\"twitter:data1\" content=\"1 minuta\" \/>\n<script type=\"application\/ld+json\" class=\"yoast-schema-graph\">{\"@context\":\"https:\/\/schema.org\",\"@graph\":[{\"@type\":\"WebPage\",\"@id\":\"https:\/\/cybul.eu\/pl\/sklep\/bmw-e46-zestaw-zwiekszajacyskret\/\",\"url\":\"https:\/\/cybul.eu\/pl\/sklep\/bmw-e46-zestaw-zwiekszajacyskret\/\",\"name\":\"BMW E46 - zestaw zwi\u0119kszaj\u0105cy skr\u0119t - CYBUL\",\"isPartOf\":{\"@id\":\"https:\/\/cybul.eu\/pl\/#website\"},\"primaryImageOfPage\":{\"@id\":\"https:\/\/cybul.eu\/pl\/sklep\/bmw-e46-zestaw-zwiekszajacyskret\/#primaryimage\"},\"image\":{\"@id\":\"https:\/\/cybul.eu\/pl\/sklep\/bmw-e46-zestaw-zwiekszajacyskret\/#primaryimage\"},\"thumbnailUrl\":\"https:\/\/cybul.eu\/wp-content\/uploads\/2020\/08\/CYBUL_SKRET_01.jpg\",\"datePublished\":\"2020-08-24T08:00:04+00:00\",\"dateModified\":\"2025-06-05T09:57:16+00:00\",\"description\":\"Maksymalny skr\u0119t przekracza 70 stopni. Kierownica \\\"wraca\\\" tak, jak tego oczekujesz\",\"breadcrumb\":{\"@id\":\"https:\/\/cybul.eu\/pl\/sklep\/bmw-e46-zestaw-zwiekszajacyskret\/#breadcrumb\"},\"inLanguage\":\"pl-PL\",\"potentialAction\":[{\"@type\":\"ReadAction\",\"target\":[\"https:\/\/cybul.eu\/pl\/sklep\/bmw-e46-zestaw-zwiekszajacyskret\/\"]}]},{\"@type\":\"ImageObject\",\"inLanguage\":\"pl-PL\",\"@id\":\"https:\/\/cybul.eu\/pl\/sklep\/bmw-e46-zestaw-zwiekszajacyskret\/#primaryimage\",\"url\":\"https:\/\/cybul.eu\/wp-content\/uploads\/2020\/08\/CYBUL_SKRET_01.jpg\",\"contentUrl\":\"https:\/\/cybul.eu\/wp-content\/uploads\/2020\/08\/CYBUL_SKRET_01.jpg\",\"width\":1600,\"height\":1600,\"caption\":\"BMW E46 angle lock kit by Cybul Radical Solutions\"},{\"@type\":\"BreadcrumbList\",\"@id\":\"https:\/\/cybul.eu\/pl\/sklep\/bmw-e46-zestaw-zwiekszajacyskret\/#breadcrumb\",\"itemListElement\":[{\"@type\":\"ListItem\",\"position\":1,\"name\":\"Strona g\u0142\u00f3wna\",\"item\":\"https:\/\/cybul.eu\/pl\/\"},{\"@type\":\"ListItem\",\"position\":2,\"name\":\"Sklep\",\"item\":\"https:\/\/cybul.eu\/pl\/sklep\/\"},{\"@type\":\"ListItem\",\"position\":3,\"name\":\"BMW E46 &#8211; zestaw zwi\u0119kszaj\u0105cy skr\u0119t\"}]},{\"@type\":\"WebSite\",\"@id\":\"https:\/\/cybul.eu\/pl\/#website\",\"url\":\"https:\/\/cybul.eu\/pl\/\",\"name\":\"CYBUL\",\"description\":\"\",\"potentialAction\":[{\"@type\":\"SearchAction\",\"target\":{\"@type\":\"EntryPoint\",\"urlTemplate\":\"https:\/\/cybul.eu\/pl\/?s={search_term_string}\"},\"query-input\":{\"@type\":\"PropertyValueSpecification\",\"valueRequired\":true,\"valueName\":\"search_term_string\"}}],\"inLanguage\":\"pl-PL\"}]}<\/script>\n<!-- \/ Yoast SEO plugin. -->","yoast_head_json":{"title":"BMW E46 - zestaw zwi\u0119kszaj\u0105cy skr\u0119t - CYBUL","description":"Maksymalny skr\u0119t przekracza 70 stopni. Kierownica \"wraca\" tak, jak tego oczekujesz","robots":{"index":"index","follow":"follow","max-snippet":"max-snippet:-1","max-image-preview":"max-image-preview:large","max-video-preview":"max-video-preview:-1"},"canonical":"https:\/\/cybul.eu\/pl\/sklep\/bmw-e46-zestaw-zwiekszajacyskret\/","og_locale":"pl_PL","og_type":"article","og_title":"BMW E46 - zestaw zwi\u0119kszaj\u0105cy skr\u0119t - CYBUL","og_description":"Maksymalny skr\u0119t przekracza 70 stopni. Kierownica \"wraca\" tak, jak tego oczekujesz","og_url":"https:\/\/cybul.eu\/pl\/sklep\/bmw-e46-zestaw-zwiekszajacyskret\/","og_site_name":"CYBUL","article_modified_time":"2025-06-05T09:57:16+00:00","og_image":[{"width":1600,"height":1600,"url":"https:\/\/cybul.eu\/wp-content\/uploads\/2020\/08\/CYBUL_SKRET_01.jpg","type":"image\/jpeg"}],"twitter_card":"summary_large_image","twitter_misc":{"Szacowany czas czytania":"1 minuta"},"schema":{"@context":"https:\/\/schema.org","@graph":[{"@type":"WebPage","@id":"https:\/\/cybul.eu\/pl\/sklep\/bmw-e46-zestaw-zwiekszajacyskret\/","url":"https:\/\/cybul.eu\/pl\/sklep\/bmw-e46-zestaw-zwiekszajacyskret\/","name":"BMW E46 - zestaw zwi\u0119kszaj\u0105cy skr\u0119t - CYBUL","isPartOf":{"@id":"https:\/\/cybul.eu\/pl\/#website"},"primaryImageOfPage":{"@id":"https:\/\/cybul.eu\/pl\/sklep\/bmw-e46-zestaw-zwiekszajacyskret\/#primaryimage"},"image":{"@id":"https:\/\/cybul.eu\/pl\/sklep\/bmw-e46-zestaw-zwiekszajacyskret\/#primaryimage"},"thumbnailUrl":"https:\/\/cybul.eu\/wp-content\/uploads\/2020\/08\/CYBUL_SKRET_01.jpg","datePublished":"2020-08-24T08:00:04+00:00","dateModified":"2025-06-05T09:57:16+00:00","description":"Maksymalny skr\u0119t przekracza 70 stopni. Kierownica \"wraca\" tak, jak tego oczekujesz","breadcrumb":{"@id":"https:\/\/cybul.eu\/pl\/sklep\/bmw-e46-zestaw-zwiekszajacyskret\/#breadcrumb"},"inLanguage":"pl-PL","potentialAction":[{"@type":"ReadAction","target":["https:\/\/cybul.eu\/pl\/sklep\/bmw-e46-zestaw-zwiekszajacyskret\/"]}]},{"@type":"ImageObject","inLanguage":"pl-PL","@id":"https:\/\/cybul.eu\/pl\/sklep\/bmw-e46-zestaw-zwiekszajacyskret\/#primaryimage","url":"https:\/\/cybul.eu\/wp-content\/uploads\/2020\/08\/CYBUL_SKRET_01.jpg","contentUrl":"https:\/\/cybul.eu\/wp-content\/uploads\/2020\/08\/CYBUL_SKRET_01.jpg","width":1600,"height":1600,"caption":"BMW E46 angle lock kit by Cybul Radical Solutions"},{"@type":"BreadcrumbList","@id":"https:\/\/cybul.eu\/pl\/sklep\/bmw-e46-zestaw-zwiekszajacyskret\/#breadcrumb","itemListElement":[{"@type":"ListItem","position":1,"name":"Strona g\u0142\u00f3wna","item":"https:\/\/cybul.eu\/pl\/"},{"@type":"ListItem","position":2,"name":"Sklep","item":"https:\/\/cybul.eu\/pl\/sklep\/"},{"@type":"ListItem","position":3,"name":"BMW E46 &#8211; zestaw zwi\u0119kszaj\u0105cy skr\u0119t"}]},{"@type":"WebSite","@id":"https:\/\/cybul.eu\/pl\/#website","url":"https:\/\/cybul.eu\/pl\/","name":"CYBUL","description":"","potentialAction":[{"@type":"SearchAction","target":{"@type":"EntryPoint","urlTemplate":"https:\/\/cybul.eu\/pl\/?s={search_term_string}"},"query-input":{"@type":"PropertyValueSpecification","valueRequired":true,"valueName":"search_term_string"}}],"inLanguage":"pl-PL"}]}},"_links":{"self":[{"href":"https:\/\/cybul.eu\/pl\/wp-json\/wp\/v2\/product\/3569","targetHints":{"allow":["GET"]}}],"collection":[{"href":"https:\/\/cybul.eu\/pl\/wp-json\/wp\/v2\/product"}],"about":[{"href":"https:\/\/cybul.eu\/pl\/wp-json\/wp\/v2\/types\/product"}],"replies":[{"embeddable":true,"href":"https:\/\/cybul.eu\/pl\/wp-json\/wp\/v2\/comments?post=3569"}],"wp:featuredmedia":[{"embeddable":true,"href":"https:\/\/cybul.eu\/pl\/wp-json\/wp\/v2\/media\/6693"}],"wp:attachment":[{"href":"https:\/\/cybul.eu\/pl\/wp-json\/wp\/v2\/media?parent=3569"}],"wp:term":[{"taxonomy":"product_cat","embeddable":true,"href":"https:\/\/cybul.eu\/pl\/wp-json\/wp\/v2\/product_cat?post=3569"},{"taxonomy":"product_tag","embeddable":true,"href":"https:\/\/cybul.eu\/pl\/wp-json\/wp\/v2\/product_tag?post=3569"}],"curies":[{"name":"wp","href":"https:\/\/api.w.org\/{rel}","templated":true}]}}