{"id":3566,"date":"2020-08-24T08:32:30","date_gmt":"2020-08-24T06:32:30","guid":{"rendered":"https:\/\/cybul.eu\/shop\/mazda-mx-5-nc-rozporka-przednich-kielichow\/"},"modified":"2025-06-05T11:57:15","modified_gmt":"2025-06-05T09:57:15","slug":"mazda-mx-5-nc-rozporka-przednich-kielichow","status":"publish","type":"product","link":"https:\/\/cybul.eu\/pl\/sklep\/mazda-mx-5-nc-rozporka-przednich-kielichow\/","title":{"rendered":"Mazda MX-5 NC &#8211; rozp\u00f3rka przednich kielich\u00f3w"},"content":{"rendered":"<p>Odkryj przedni\u0105 rozp\u00f3rk\u0119 dla MX-5 NC by Cybul \u2013 szczyt in\u017cynierii zaprojektowny z my\u015bl\u0105 o poprawie prowadzenia. Nasza rozp\u00f3rka jest najbardziej solidn\u0105 opcj\u0105 na rynku dla twojego MX-5 NC.<\/p>\n<p><strong>G\u0142\u00f3wne korzy\u015bci:<\/strong><\/p>\n<ul>\n<li><strong>Zwi\u0119kszenie sztywno\u015bci nadwozia:<\/strong> Znacz\u0105ce zwi\u0119kszenie sztywno\u015bci nadwozia przek\u0142ada si\u0119 bezpo\u015brednio na popraw\u0119 prowadzenia i lepsze \u201eczucie\u201d auta.<\/li>\n<li><strong>Redukcja niepo\u017c\u0105danych d\u017awi\u0119k\u00f3w na wybojach:<\/strong> Po\u0142\u0105czenie g\u00f3rnych mocowa\u0144 zawieszenia z nadwoziem, uzupe\u0142nione o dodatkow\u0105 rur\u0119 przed silnikiem, znacz\u0105co zmniejsza prac\u0119 nadwozia na nier\u00f3wno\u015bciach, co \u201ewycisza\u201d nadwozie.<\/li>\n<\/ul>\n<p><strong>Kluczowe cechy:<\/strong><\/p>\n<ul>\n<li><strong>Wykonana ze stali konstrukcyjnej:<\/strong> Wykonana z wysokiej jako\u015bci stali konstrukcyjnej, wa\u017cy 5,5 kg, zapewniaj\u0105c idealn\u0105 r\u00f3wnowag\u0119 mi\u0119dzy si\u0142\u0105 a wag\u0105.<\/li>\n<li><strong>Regulowane wsparcie serwa hamulc\u00f3w:<\/strong> Zawiera innowacyjne regulowane wsparcie serwa hamulc\u00f3w, co zwi\u0119ksza precyzje hamowania.<\/li>\n<li><strong>Kompatybilno\u015b\u0107:<\/strong> Dost\u0119pny zar\u00f3wno dla pojazd\u00f3w RHD, jak i LHD.<\/li>\n<li><strong>Pi\u0119kna:<\/strong> Tak, dobrze przeczyta\u0142e\u015b \u2013 ta rozp\u00f3rka jest pi\u0119kna. Dost\u0119pna w wyrafinowanym, grafitowym metalicznym wyko\u0144czeniu nie tylko poprawia prowadzenie, ale tak\u017ce zwi\u0119ksza atrakcyjno\u015b\u0107 komory silnika.<\/li>\n<li><strong>Opcja dopasowania koloru:<\/strong> Podczas zakupu razem z naszym roll barem, malowanie proszkowe na kolor roll bara jest wliczone w cen\u0119.<\/li>\n<\/ul>\n<p><strong>W zestawie otrzymujesz:<\/strong><\/p>\n<ul>\n<li><strong>Rozp\u00f3rk\u0119:<\/strong> Kompletny produkt, gotowy do monta\u017cu<\/li>\n<li><strong>Zestaw monta\u017cowy:<\/strong> Kompletny zestaw \u015brub i nakr\u0119tek dla bezproblemowej instalacji.<\/li>\n<\/ul>\n<p>&nbsp;<\/p>\n","protected":false},"excerpt":{"rendered":"<p>Odkryj przedni\u0105 rozp\u00f3rk\u0119 dla MX-5 NC by Cybul \u2013 szczyt in\u017cynierii zaprojektowny z my\u015bl\u0105 o poprawie prowadzenia. Nasza rozp\u00f3rka jest najbardziej solidn\u0105 opcj\u0105 na rynku dla twojego MX-5 NC. G\u0142\u00f3wne korzy\u015bci: Zwi\u0119kszenie sztywno\u015bci nadwozia: Znacz\u0105ce zwi\u0119kszenie sztywno\u015bci nadwozia przek\u0142ada si\u0119 bezpo\u015brednio na popraw\u0119 prowadzenia i lepsze \u201eczucie\u201d auta. Redukcja niepo\u017c\u0105danych d\u017awi\u0119k\u00f3w na wybojach: Po\u0142\u0105czenie g\u00f3rnych [&#8230;]\n","protected":false},"featured_media":3565,"comment_status":"open","ping_status":"closed","template":"","meta":[],"product_cat":[447],"product_tag":[346,347],"class_list":{"0":"post-3566","1":"product","2":"type-product","3":"status-publish","4":"has-post-thumbnail","6":"product_cat-mx-5-nc-pl","7":"product_tag-mx5-pl","8":"product_tag-mx5-podwozie-i-nadwozie","10":"first","11":"instock","12":"taxable","13":"shipping-taxable","14":"purchasable","15":"product-type-simple"},"bundled_by":[],"bundle_stock_status":"instock","bundle_stock_quantity":null,"bundle_virtual":false,"bundle_layout":"","bundle_add_to_cart_form_location":"","bundle_editable_in_cart":false,"bundle_sold_individually_context":"","bundle_item_grouping":"","bundle_min_size":"","bundle_max_size":"","bundle_price":[],"bundled_items":[],"bundle_sell_ids":[],"acf":{"zdjecie_bez_watermarka":null,"zdjecie_bez_watermarka_url":"","product_orgin_url":""},"yoast_head":"<!-- This site is optimized with the Yoast SEO plugin v23.9 - https:\/\/yoast.com\/wordpress\/plugins\/seo\/ -->\n<title>Mazda MX-5 NC - rozp\u00f3rka przednich kielich\u00f3w - CYBUL<\/title>\n<meta name=\"robots\" content=\"index, follow, max-snippet:-1, max-image-preview:large, max-video-preview:-1\" \/>\n<link rel=\"canonical\" href=\"https:\/\/cybul.eu\/pl\/sklep\/mazda-mx-5-nc-rozporka-przednich-kielichow\/\" \/>\n<meta property=\"og:locale\" content=\"pl_PL\" \/>\n<meta property=\"og:type\" content=\"article\" \/>\n<meta property=\"og:title\" content=\"Mazda MX-5 NC - rozp\u00f3rka przednich kielich\u00f3w - CYBUL\" \/>\n<meta property=\"og:description\" content=\"Odkryj przedni\u0105 rozp\u00f3rk\u0119 dla MX-5 NC by Cybul \u2013 szczyt in\u017cynierii zaprojektowny z my\u015bl\u0105 o poprawie prowadzenia. Nasza rozp\u00f3rka jest najbardziej solidn\u0105 opcj\u0105 na rynku dla twojego MX-5 NC. G\u0142\u00f3wne korzy\u015bci: Zwi\u0119kszenie sztywno\u015bci nadwozia: Znacz\u0105ce zwi\u0119kszenie sztywno\u015bci nadwozia przek\u0142ada si\u0119 bezpo\u015brednio na popraw\u0119 prowadzenia i lepsze \u201eczucie\u201d auta. Redukcja niepo\u017c\u0105danych d\u017awi\u0119k\u00f3w na wybojach: Po\u0142\u0105czenie g\u00f3rnych [...]\" \/>\n<meta property=\"og:url\" content=\"https:\/\/cybul.eu\/pl\/sklep\/mazda-mx-5-nc-rozporka-przednich-kielichow\/\" \/>\n<meta property=\"og:site_name\" content=\"CYBUL\" \/>\n<meta property=\"article:modified_time\" content=\"2025-06-05T09:57:15+00:00\" \/>\n<meta property=\"og:image\" content=\"https:\/\/cybul.eu\/wp-content\/uploads\/2020\/08\/IMG_20200818_125523.jpg\" \/>\n\t<meta property=\"og:image:width\" content=\"800\" \/>\n\t<meta property=\"og:image:height\" content=\"800\" \/>\n\t<meta property=\"og:image:type\" content=\"image\/jpeg\" \/>\n<meta name=\"twitter:card\" content=\"summary_large_image\" \/>\n<meta name=\"twitter:label1\" content=\"Szacowany czas czytania\" \/>\n\t<meta name=\"twitter:data1\" content=\"1 minuta\" \/>\n<script type=\"application\/ld+json\" class=\"yoast-schema-graph\">{\"@context\":\"https:\/\/schema.org\",\"@graph\":[{\"@type\":\"WebPage\",\"@id\":\"https:\/\/cybul.eu\/pl\/sklep\/mazda-mx-5-nc-rozporka-przednich-kielichow\/\",\"url\":\"https:\/\/cybul.eu\/pl\/sklep\/mazda-mx-5-nc-rozporka-przednich-kielichow\/\",\"name\":\"Mazda MX-5 NC - rozp\u00f3rka przednich kielich\u00f3w - CYBUL\",\"isPartOf\":{\"@id\":\"https:\/\/cybul.eu\/pl\/#website\"},\"primaryImageOfPage\":{\"@id\":\"https:\/\/cybul.eu\/pl\/sklep\/mazda-mx-5-nc-rozporka-przednich-kielichow\/#primaryimage\"},\"image\":{\"@id\":\"https:\/\/cybul.eu\/pl\/sklep\/mazda-mx-5-nc-rozporka-przednich-kielichow\/#primaryimage\"},\"thumbnailUrl\":\"https:\/\/cybul.eu\/wp-content\/uploads\/2020\/08\/IMG_20200818_125523.jpg\",\"datePublished\":\"2020-08-24T06:32:30+00:00\",\"dateModified\":\"2025-06-05T09:57:15+00:00\",\"breadcrumb\":{\"@id\":\"https:\/\/cybul.eu\/pl\/sklep\/mazda-mx-5-nc-rozporka-przednich-kielichow\/#breadcrumb\"},\"inLanguage\":\"pl-PL\",\"potentialAction\":[{\"@type\":\"ReadAction\",\"target\":[\"https:\/\/cybul.eu\/pl\/sklep\/mazda-mx-5-nc-rozporka-przednich-kielichow\/\"]}]},{\"@type\":\"ImageObject\",\"inLanguage\":\"pl-PL\",\"@id\":\"https:\/\/cybul.eu\/pl\/sklep\/mazda-mx-5-nc-rozporka-przednich-kielichow\/#primaryimage\",\"url\":\"https:\/\/cybul.eu\/wp-content\/uploads\/2020\/08\/IMG_20200818_125523.jpg\",\"contentUrl\":\"https:\/\/cybul.eu\/wp-content\/uploads\/2020\/08\/IMG_20200818_125523.jpg\",\"width\":800,\"height\":800,\"caption\":\"Mazda MX-5 NC rozp\u00f3rka przednich kielich\u00f3w Cybul Radical Solutions\"},{\"@type\":\"BreadcrumbList\",\"@id\":\"https:\/\/cybul.eu\/pl\/sklep\/mazda-mx-5-nc-rozporka-przednich-kielichow\/#breadcrumb\",\"itemListElement\":[{\"@type\":\"ListItem\",\"position\":1,\"name\":\"Strona g\u0142\u00f3wna\",\"item\":\"https:\/\/cybul.eu\/pl\/\"},{\"@type\":\"ListItem\",\"position\":2,\"name\":\"Sklep\",\"item\":\"https:\/\/cybul.eu\/pl\/sklep\/\"},{\"@type\":\"ListItem\",\"position\":3,\"name\":\"Mazda MX-5 NC &#8211; rozp\u00f3rka przednich kielich\u00f3w\"}]},{\"@type\":\"WebSite\",\"@id\":\"https:\/\/cybul.eu\/pl\/#website\",\"url\":\"https:\/\/cybul.eu\/pl\/\",\"name\":\"CYBUL\",\"description\":\"\",\"potentialAction\":[{\"@type\":\"SearchAction\",\"target\":{\"@type\":\"EntryPoint\",\"urlTemplate\":\"https:\/\/cybul.eu\/pl\/?s={search_term_string}\"},\"query-input\":{\"@type\":\"PropertyValueSpecification\",\"valueRequired\":true,\"valueName\":\"search_term_string\"}}],\"inLanguage\":\"pl-PL\"}]}<\/script>\n<!-- \/ Yoast SEO plugin. -->","yoast_head_json":{"title":"Mazda MX-5 NC - rozp\u00f3rka przednich kielich\u00f3w - CYBUL","robots":{"index":"index","follow":"follow","max-snippet":"max-snippet:-1","max-image-preview":"max-image-preview:large","max-video-preview":"max-video-preview:-1"},"canonical":"https:\/\/cybul.eu\/pl\/sklep\/mazda-mx-5-nc-rozporka-przednich-kielichow\/","og_locale":"pl_PL","og_type":"article","og_title":"Mazda MX-5 NC - rozp\u00f3rka przednich kielich\u00f3w - CYBUL","og_description":"Odkryj przedni\u0105 rozp\u00f3rk\u0119 dla MX-5 NC by Cybul \u2013 szczyt in\u017cynierii zaprojektowny z my\u015bl\u0105 o poprawie prowadzenia. Nasza rozp\u00f3rka jest najbardziej solidn\u0105 opcj\u0105 na rynku dla twojego MX-5 NC. G\u0142\u00f3wne korzy\u015bci: Zwi\u0119kszenie sztywno\u015bci nadwozia: Znacz\u0105ce zwi\u0119kszenie sztywno\u015bci nadwozia przek\u0142ada si\u0119 bezpo\u015brednio na popraw\u0119 prowadzenia i lepsze \u201eczucie\u201d auta. Redukcja niepo\u017c\u0105danych d\u017awi\u0119k\u00f3w na wybojach: Po\u0142\u0105czenie g\u00f3rnych [...]","og_url":"https:\/\/cybul.eu\/pl\/sklep\/mazda-mx-5-nc-rozporka-przednich-kielichow\/","og_site_name":"CYBUL","article_modified_time":"2025-06-05T09:57:15+00:00","og_image":[{"width":800,"height":800,"url":"https:\/\/cybul.eu\/wp-content\/uploads\/2020\/08\/IMG_20200818_125523.jpg","type":"image\/jpeg"}],"twitter_card":"summary_large_image","twitter_misc":{"Szacowany czas czytania":"1 minuta"},"schema":{"@context":"https:\/\/schema.org","@graph":[{"@type":"WebPage","@id":"https:\/\/cybul.eu\/pl\/sklep\/mazda-mx-5-nc-rozporka-przednich-kielichow\/","url":"https:\/\/cybul.eu\/pl\/sklep\/mazda-mx-5-nc-rozporka-przednich-kielichow\/","name":"Mazda MX-5 NC - rozp\u00f3rka przednich kielich\u00f3w - CYBUL","isPartOf":{"@id":"https:\/\/cybul.eu\/pl\/#website"},"primaryImageOfPage":{"@id":"https:\/\/cybul.eu\/pl\/sklep\/mazda-mx-5-nc-rozporka-przednich-kielichow\/#primaryimage"},"image":{"@id":"https:\/\/cybul.eu\/pl\/sklep\/mazda-mx-5-nc-rozporka-przednich-kielichow\/#primaryimage"},"thumbnailUrl":"https:\/\/cybul.eu\/wp-content\/uploads\/2020\/08\/IMG_20200818_125523.jpg","datePublished":"2020-08-24T06:32:30+00:00","dateModified":"2025-06-05T09:57:15+00:00","breadcrumb":{"@id":"https:\/\/cybul.eu\/pl\/sklep\/mazda-mx-5-nc-rozporka-przednich-kielichow\/#breadcrumb"},"inLanguage":"pl-PL","potentialAction":[{"@type":"ReadAction","target":["https:\/\/cybul.eu\/pl\/sklep\/mazda-mx-5-nc-rozporka-przednich-kielichow\/"]}]},{"@type":"ImageObject","inLanguage":"pl-PL","@id":"https:\/\/cybul.eu\/pl\/sklep\/mazda-mx-5-nc-rozporka-przednich-kielichow\/#primaryimage","url":"https:\/\/cybul.eu\/wp-content\/uploads\/2020\/08\/IMG_20200818_125523.jpg","contentUrl":"https:\/\/cybul.eu\/wp-content\/uploads\/2020\/08\/IMG_20200818_125523.jpg","width":800,"height":800,"caption":"Mazda MX-5 NC rozp\u00f3rka przednich kielich\u00f3w Cybul Radical Solutions"},{"@type":"BreadcrumbList","@id":"https:\/\/cybul.eu\/pl\/sklep\/mazda-mx-5-nc-rozporka-przednich-kielichow\/#breadcrumb","itemListElement":[{"@type":"ListItem","position":1,"name":"Strona g\u0142\u00f3wna","item":"https:\/\/cybul.eu\/pl\/"},{"@type":"ListItem","position":2,"name":"Sklep","item":"https:\/\/cybul.eu\/pl\/sklep\/"},{"@type":"ListItem","position":3,"name":"Mazda MX-5 NC &#8211; rozp\u00f3rka przednich kielich\u00f3w"}]},{"@type":"WebSite","@id":"https:\/\/cybul.eu\/pl\/#website","url":"https:\/\/cybul.eu\/pl\/","name":"CYBUL","description":"","potentialAction":[{"@type":"SearchAction","target":{"@type":"EntryPoint","urlTemplate":"https:\/\/cybul.eu\/pl\/?s={search_term_string}"},"query-input":{"@type":"PropertyValueSpecification","valueRequired":true,"valueName":"search_term_string"}}],"inLanguage":"pl-PL"}]}},"_links":{"self":[{"href":"https:\/\/cybul.eu\/pl\/wp-json\/wp\/v2\/product\/3566","targetHints":{"allow":["GET"]}}],"collection":[{"href":"https:\/\/cybul.eu\/pl\/wp-json\/wp\/v2\/product"}],"about":[{"href":"https:\/\/cybul.eu\/pl\/wp-json\/wp\/v2\/types\/product"}],"replies":[{"embeddable":true,"href":"https:\/\/cybul.eu\/pl\/wp-json\/wp\/v2\/comments?post=3566"}],"wp:featuredmedia":[{"embeddable":true,"href":"https:\/\/cybul.eu\/pl\/wp-json\/wp\/v2\/media\/3565"}],"wp:attachment":[{"href":"https:\/\/cybul.eu\/pl\/wp-json\/wp\/v2\/media?parent=3566"}],"wp:term":[{"taxonomy":"product_cat","embeddable":true,"href":"https:\/\/cybul.eu\/pl\/wp-json\/wp\/v2\/product_cat?post=3566"},{"taxonomy":"product_tag","embeddable":true,"href":"https:\/\/cybul.eu\/pl\/wp-json\/wp\/v2\/product_tag?post=3566"}],"curies":[{"name":"wp","href":"https:\/\/api.w.org\/{rel}","templated":true}]}}