{"id":3412,"date":"2020-06-26T14:01:42","date_gmt":"2020-06-26T12:01:43","guid":{"rendered":"https:\/\/cybul.eu\/?post_type=product&#038;p=3412"},"modified":"2025-06-05T11:57:14","modified_gmt":"2025-06-05T09:57:14","slug":"mx5-na-i-nb-roll-bar-v-copy","status":"publish","type":"product","link":"https:\/\/cybul.eu\/pl\/sklep\/mx5-na-i-nb-roll-bar-v-copy\/","title":{"rendered":"MX5 NA i NB &#8211; roll bar V +mocowania door bar\u00f3w"},"content":{"rendered":"<p>Najlepiej sprzedaj\u0105cy si\u0119 roll bar do MX5 z naszej oferty. Co zrobi\u0142o z niego \u201ebest seller\u2019a\u201d? Niska cena po\u0142\u0105czona z \u00a0najwy\u017csz\u0105 jako\u015bci\u0105.<\/p>\n<p>W cen\u0119 wliczone jest lakierowanie na wi\u0119kszo\u015b\u0107 kolor\u00f3w z palety RAL w macie lub po\u0142ysku. Roll bar mo\u017ce zla\u0107 si\u0119 z wn\u0119trzem Miaty, lub by\u0107 wyra\u017anym akcentem stylistycznym. Wyb\u00f3r nale\u017cy do Ciebie!<\/p>\n<p>Kompatybilny z hard topem i mi\u0119kkim dachem \u2013 zar\u00f3wno ze szklan\u0105, jak i mi\u0119kk\u0105 szyb\u0105.<\/p>\n<p>Wykonany z precyzyjnych rur bezszwowych E355 o \u015brednicy 45\u00d72,5 i 40\u00d72 oraz stali wycinanej laserem i gi\u0119tej na maszynie CNC. Spawany przez do\u015bwiadczonego spawacza.<\/p>\n<p>W zestawie znajduj\u0105 si\u0119 wszystkie elementy monta\u017cowe \u2013 blachy, komplet \u015brub i nakr\u0119tek oraz instrukcja monta\u017cu. Instalacja w samochodzie wymaga u\u017cycia no\u017cyc do blachy, lub szlifierki k\u0105towej, wiertarki, oraz zestawu podstawowych kluczy.<\/p>\n<p>Podczas mota\u017cu hardtopa, niezb\u0119dna jest drobna modyfikacja bocznych \u201eklips\u00f3w\u201d. Wynika to z szeroko\u015bci roll bara. Jak wiesz, MX5 jest bardzo ma\u0142ym autem i kompromisy s\u0105 nieuniknione. Wyb\u00f3r pomi\u0119dzy Twoim bezpiecze\u0144stwem a nienaruszonym \u201eklipsem\u201d by\u0142 prosty \u2013 Twoje \u017cycie jest wa\u017cniejsze.<\/p>\n<p>Istnieje mo\u017cliwo\u015b\u0107 doposa\u017cenia roll bara w harness bar (mocowanie naramennej cz\u0119\u015bci pas\u00f3w czteropunktowych), door bary (rury id\u0105ce wzd\u0142u\u017c drzwi) oraz rozbudowa do p\u00f3\u0142klatki. Je\u015bli chcesz zam\u00f3wi\u0107 roll bar w kolorze czarnym, wybierz RAL 9005.<\/p>\n","protected":false},"excerpt":{"rendered":"<p>Chroni kierowc\u0119 i pasa\u017cera w przypadku dachowania.<\/p>\n","protected":false},"featured_media":1737,"comment_status":"open","ping_status":"closed","template":"","meta":[],"product_cat":[387,515,523,388],"product_tag":[346,370,371],"class_list":{"0":"post-3412","1":"product","2":"type-product","3":"status-publish","4":"has-post-thumbnail","6":"product_cat-mx5-na-pl","7":"product_cat-bezpieczenstwo","8":"product_cat-bezpieczenstwo-mx-5-nb-mx5-nb-pl","9":"product_cat-mx5-nb-pl","10":"product_tag-mx5-pl","11":"product_tag-roll-bar-pl","12":"product_tag-mx5-roll-bar-pl","13":"product_shipping_class-roll-bar-v-pl","15":"first","16":"instock","17":"taxable","18":"shipping-taxable","19":"purchasable","20":"product-type-simple"},"bundled_by":[],"bundle_stock_status":"instock","bundle_stock_quantity":null,"bundle_virtual":false,"bundle_layout":"","bundle_add_to_cart_form_location":"","bundle_editable_in_cart":false,"bundle_sold_individually_context":"","bundle_item_grouping":"","bundle_min_size":"","bundle_max_size":"","bundle_price":[],"bundled_items":[],"bundle_sell_ids":[],"acf":{"zdjecie_bez_watermarka":null,"zdjecie_bez_watermarka_url":"","product_orgin_url":""},"yoast_head":"<!-- This site is optimized with the Yoast SEO plugin v23.9 - https:\/\/yoast.com\/wordpress\/plugins\/seo\/ -->\n<title>MX5 NA i NB - roll bar V +mocowania door bar\u00f3w - CYBUL<\/title>\n<meta name=\"robots\" content=\"index, follow, max-snippet:-1, max-image-preview:large, max-video-preview:-1\" \/>\n<link rel=\"canonical\" href=\"https:\/\/cybul.eu\/pl\/sklep\/mx5-na-i-nb-roll-bar-v-copy\/\" \/>\n<meta property=\"og:locale\" content=\"pl_PL\" \/>\n<meta property=\"og:type\" content=\"article\" \/>\n<meta property=\"og:title\" content=\"MX5 NA i NB - roll bar V +mocowania door bar\u00f3w - CYBUL\" \/>\n<meta property=\"og:description\" content=\"Chroni kierowc\u0119 i pasa\u017cera w przypadku dachowania.\" \/>\n<meta property=\"og:url\" content=\"https:\/\/cybul.eu\/pl\/sklep\/mx5-na-i-nb-roll-bar-v-copy\/\" \/>\n<meta property=\"og:site_name\" content=\"CYBUL\" \/>\n<meta property=\"article:modified_time\" content=\"2025-06-05T09:57:14+00:00\" \/>\n<meta property=\"og:image\" content=\"https:\/\/cybul.eu\/wp-content\/uploads\/2019\/05\/MAZDA-MX5-Rollbar-V_mod.jpg\" \/>\n\t<meta property=\"og:image:width\" content=\"800\" \/>\n\t<meta property=\"og:image:height\" content=\"800\" \/>\n\t<meta property=\"og:image:type\" content=\"image\/jpeg\" \/>\n<meta name=\"twitter:card\" content=\"summary_large_image\" \/>\n<meta name=\"twitter:label1\" content=\"Szacowany czas czytania\" \/>\n\t<meta name=\"twitter:data1\" content=\"1 minuta\" \/>\n<script type=\"application\/ld+json\" class=\"yoast-schema-graph\">{\"@context\":\"https:\/\/schema.org\",\"@graph\":[{\"@type\":\"WebPage\",\"@id\":\"https:\/\/cybul.eu\/pl\/sklep\/mx5-na-i-nb-roll-bar-v-copy\/\",\"url\":\"https:\/\/cybul.eu\/pl\/sklep\/mx5-na-i-nb-roll-bar-v-copy\/\",\"name\":\"MX5 NA i NB - roll bar V +mocowania door bar\u00f3w - CYBUL\",\"isPartOf\":{\"@id\":\"https:\/\/cybul.eu\/pl\/#website\"},\"primaryImageOfPage\":{\"@id\":\"https:\/\/cybul.eu\/pl\/sklep\/mx5-na-i-nb-roll-bar-v-copy\/#primaryimage\"},\"image\":{\"@id\":\"https:\/\/cybul.eu\/pl\/sklep\/mx5-na-i-nb-roll-bar-v-copy\/#primaryimage\"},\"thumbnailUrl\":\"https:\/\/cybul.eu\/wp-content\/uploads\/2019\/05\/MAZDA-MX5-Rollbar-V_mod.jpg\",\"datePublished\":\"2020-06-26T12:01:43+00:00\",\"dateModified\":\"2025-06-05T09:57:14+00:00\",\"breadcrumb\":{\"@id\":\"https:\/\/cybul.eu\/pl\/sklep\/mx5-na-i-nb-roll-bar-v-copy\/#breadcrumb\"},\"inLanguage\":\"pl-PL\",\"potentialAction\":[{\"@type\":\"ReadAction\",\"target\":[\"https:\/\/cybul.eu\/pl\/sklep\/mx5-na-i-nb-roll-bar-v-copy\/\"]}]},{\"@type\":\"ImageObject\",\"inLanguage\":\"pl-PL\",\"@id\":\"https:\/\/cybul.eu\/pl\/sklep\/mx5-na-i-nb-roll-bar-v-copy\/#primaryimage\",\"url\":\"https:\/\/cybul.eu\/wp-content\/uploads\/2019\/05\/MAZDA-MX5-Rollbar-V_mod.jpg\",\"contentUrl\":\"https:\/\/cybul.eu\/wp-content\/uploads\/2019\/05\/MAZDA-MX5-Rollbar-V_mod.jpg\",\"width\":800,\"height\":800,\"caption\":\"Mazda MX5 NA NB roll bar by Cybul Radical Solutions\"},{\"@type\":\"BreadcrumbList\",\"@id\":\"https:\/\/cybul.eu\/pl\/sklep\/mx5-na-i-nb-roll-bar-v-copy\/#breadcrumb\",\"itemListElement\":[{\"@type\":\"ListItem\",\"position\":1,\"name\":\"Strona g\u0142\u00f3wna\",\"item\":\"https:\/\/cybul.eu\/pl\/\"},{\"@type\":\"ListItem\",\"position\":2,\"name\":\"Sklep\",\"item\":\"https:\/\/cybul.eu\/pl\/sklep\/\"},{\"@type\":\"ListItem\",\"position\":3,\"name\":\"MX5 NA i NB &#8211; roll bar V +mocowania door bar\u00f3w\"}]},{\"@type\":\"WebSite\",\"@id\":\"https:\/\/cybul.eu\/pl\/#website\",\"url\":\"https:\/\/cybul.eu\/pl\/\",\"name\":\"CYBUL\",\"description\":\"\",\"potentialAction\":[{\"@type\":\"SearchAction\",\"target\":{\"@type\":\"EntryPoint\",\"urlTemplate\":\"https:\/\/cybul.eu\/pl\/?s={search_term_string}\"},\"query-input\":{\"@type\":\"PropertyValueSpecification\",\"valueRequired\":true,\"valueName\":\"search_term_string\"}}],\"inLanguage\":\"pl-PL\"}]}<\/script>\n<!-- \/ Yoast SEO plugin. -->","yoast_head_json":{"title":"MX5 NA i NB - roll bar V +mocowania door bar\u00f3w - CYBUL","robots":{"index":"index","follow":"follow","max-snippet":"max-snippet:-1","max-image-preview":"max-image-preview:large","max-video-preview":"max-video-preview:-1"},"canonical":"https:\/\/cybul.eu\/pl\/sklep\/mx5-na-i-nb-roll-bar-v-copy\/","og_locale":"pl_PL","og_type":"article","og_title":"MX5 NA i NB - roll bar V +mocowania door bar\u00f3w - CYBUL","og_description":"Chroni kierowc\u0119 i pasa\u017cera w przypadku dachowania.","og_url":"https:\/\/cybul.eu\/pl\/sklep\/mx5-na-i-nb-roll-bar-v-copy\/","og_site_name":"CYBUL","article_modified_time":"2025-06-05T09:57:14+00:00","og_image":[{"width":800,"height":800,"url":"https:\/\/cybul.eu\/wp-content\/uploads\/2019\/05\/MAZDA-MX5-Rollbar-V_mod.jpg","type":"image\/jpeg"}],"twitter_card":"summary_large_image","twitter_misc":{"Szacowany czas czytania":"1 minuta"},"schema":{"@context":"https:\/\/schema.org","@graph":[{"@type":"WebPage","@id":"https:\/\/cybul.eu\/pl\/sklep\/mx5-na-i-nb-roll-bar-v-copy\/","url":"https:\/\/cybul.eu\/pl\/sklep\/mx5-na-i-nb-roll-bar-v-copy\/","name":"MX5 NA i NB - roll bar V +mocowania door bar\u00f3w - CYBUL","isPartOf":{"@id":"https:\/\/cybul.eu\/pl\/#website"},"primaryImageOfPage":{"@id":"https:\/\/cybul.eu\/pl\/sklep\/mx5-na-i-nb-roll-bar-v-copy\/#primaryimage"},"image":{"@id":"https:\/\/cybul.eu\/pl\/sklep\/mx5-na-i-nb-roll-bar-v-copy\/#primaryimage"},"thumbnailUrl":"https:\/\/cybul.eu\/wp-content\/uploads\/2019\/05\/MAZDA-MX5-Rollbar-V_mod.jpg","datePublished":"2020-06-26T12:01:43+00:00","dateModified":"2025-06-05T09:57:14+00:00","breadcrumb":{"@id":"https:\/\/cybul.eu\/pl\/sklep\/mx5-na-i-nb-roll-bar-v-copy\/#breadcrumb"},"inLanguage":"pl-PL","potentialAction":[{"@type":"ReadAction","target":["https:\/\/cybul.eu\/pl\/sklep\/mx5-na-i-nb-roll-bar-v-copy\/"]}]},{"@type":"ImageObject","inLanguage":"pl-PL","@id":"https:\/\/cybul.eu\/pl\/sklep\/mx5-na-i-nb-roll-bar-v-copy\/#primaryimage","url":"https:\/\/cybul.eu\/wp-content\/uploads\/2019\/05\/MAZDA-MX5-Rollbar-V_mod.jpg","contentUrl":"https:\/\/cybul.eu\/wp-content\/uploads\/2019\/05\/MAZDA-MX5-Rollbar-V_mod.jpg","width":800,"height":800,"caption":"Mazda MX5 NA NB roll bar by Cybul Radical Solutions"},{"@type":"BreadcrumbList","@id":"https:\/\/cybul.eu\/pl\/sklep\/mx5-na-i-nb-roll-bar-v-copy\/#breadcrumb","itemListElement":[{"@type":"ListItem","position":1,"name":"Strona g\u0142\u00f3wna","item":"https:\/\/cybul.eu\/pl\/"},{"@type":"ListItem","position":2,"name":"Sklep","item":"https:\/\/cybul.eu\/pl\/sklep\/"},{"@type":"ListItem","position":3,"name":"MX5 NA i NB &#8211; roll bar V +mocowania door bar\u00f3w"}]},{"@type":"WebSite","@id":"https:\/\/cybul.eu\/pl\/#website","url":"https:\/\/cybul.eu\/pl\/","name":"CYBUL","description":"","potentialAction":[{"@type":"SearchAction","target":{"@type":"EntryPoint","urlTemplate":"https:\/\/cybul.eu\/pl\/?s={search_term_string}"},"query-input":{"@type":"PropertyValueSpecification","valueRequired":true,"valueName":"search_term_string"}}],"inLanguage":"pl-PL"}]}},"_links":{"self":[{"href":"https:\/\/cybul.eu\/pl\/wp-json\/wp\/v2\/product\/3412","targetHints":{"allow":["GET"]}}],"collection":[{"href":"https:\/\/cybul.eu\/pl\/wp-json\/wp\/v2\/product"}],"about":[{"href":"https:\/\/cybul.eu\/pl\/wp-json\/wp\/v2\/types\/product"}],"replies":[{"embeddable":true,"href":"https:\/\/cybul.eu\/pl\/wp-json\/wp\/v2\/comments?post=3412"}],"wp:featuredmedia":[{"embeddable":true,"href":"https:\/\/cybul.eu\/pl\/wp-json\/wp\/v2\/media\/1737"}],"wp:attachment":[{"href":"https:\/\/cybul.eu\/pl\/wp-json\/wp\/v2\/media?parent=3412"}],"wp:term":[{"taxonomy":"product_cat","embeddable":true,"href":"https:\/\/cybul.eu\/pl\/wp-json\/wp\/v2\/product_cat?post=3412"},{"taxonomy":"product_tag","embeddable":true,"href":"https:\/\/cybul.eu\/pl\/wp-json\/wp\/v2\/product_tag?post=3412"}],"curies":[{"name":"wp","href":"https:\/\/api.w.org\/{rel}","templated":true}]}}