{"id":3352,"date":"2020-06-17T09:05:34","date_gmt":"2020-06-17T07:05:34","guid":{"rendered":"https:\/\/cybul.eu\/?post_type=product&#038;p=3352"},"modified":"2025-06-05T11:57:14","modified_gmt":"2025-06-05T09:57:14","slug":"bmw-e36-lapy-silnika-do-swapa-1uz-uz","status":"publish","type":"product","link":"https:\/\/cybul.eu\/pl\/sklep\/bmw-e36-lapy-silnika-do-swapa-1uz-uz\/","title":{"rendered":"BMW E30 &#8211; \u0142apy silnika do swap&#8217;a 1UZ &#038; 3UZ"},"content":{"rendered":"<p>\u0141apy posiadaj\u0105 dwa punkty monta\u017cowe poduszek silnika. W pozycji tylnej, silnik umieszczony jest blisko grodzi i konieczna jest modyfikacja stalowej cz\u0119\u015bci seryjnej miski olejowej.<\/p>\n<p>W pozycji przedniej silnik umiejscowiony jest bli\u017cej przodu auta i nie ma konieczno\u015bci modyfikacji seryjnej miski olejowej.<\/p>\n<p>Wykonane ze stali konstrukcyjnej, lakierowane proszkowo na metaliczny grafit. Kompatybilne z poduszkami z E36 o wysoko\u015bci 60mm<\/p>\n","protected":false},"excerpt":{"rendered":"<p>\u0141apy posiadaj\u0105 dwa punkty monta\u017cowe poduszek silnika. W pozycji tylnej, silnik umieszczony jest blisko grodzi i konieczna jest modyfikacja stalowej cz\u0119\u015bci seryjnej miski olejowej. W pozycji przedniej silnik umiejscowiony jest bli\u017cej przodu auta i nie ma konieczno\u015bci modyfikacji seryjnej miski olejowej. Wykonane ze stali konstrukcyjnej, lakierowane proszkowo na metaliczny grafit. Kompatybilne z poduszkami z E36 [&#8230;]\n","protected":false},"featured_media":3951,"comment_status":"open","ping_status":"closed","template":"","meta":[],"product_cat":[375],"product_tag":[],"class_list":{"0":"post-3352","1":"product","2":"type-product","3":"status-publish","4":"has-post-thumbnail","6":"product_cat-e30","8":"first","9":"instock","10":"taxable","11":"shipping-taxable","12":"purchasable","13":"product-type-simple"},"bundled_by":[],"bundle_stock_status":"instock","bundle_stock_quantity":null,"bundle_virtual":false,"bundle_layout":"","bundle_add_to_cart_form_location":"","bundle_editable_in_cart":false,"bundle_sold_individually_context":"","bundle_item_grouping":"","bundle_min_size":"","bundle_max_size":"","bundle_price":[],"bundled_items":[],"bundle_sell_ids":[],"acf":{"zdjecie_bez_watermarka":null,"zdjecie_bez_watermarka_url":"","product_orgin_url":""},"yoast_head":"<!-- This site is optimized with the Yoast SEO plugin v23.9 - https:\/\/yoast.com\/wordpress\/plugins\/seo\/ -->\n<title>BMW E30 - \u0142apy silnika do swap&#039;a 1UZ &amp; 3UZ - CYBUL<\/title>\n<meta name=\"description\" content=\"Zaprojektowane z my\u015bl\u0105 o kompatybilno\u015bci z seryjn\u0105 tyln\u0105 misk\u0105. Monta\u017c nie wymaga \u017cadnych modyfikacji nadwozia.\" \/>\n<meta name=\"robots\" content=\"index, follow, max-snippet:-1, max-image-preview:large, max-video-preview:-1\" \/>\n<link rel=\"canonical\" href=\"https:\/\/cybul.eu\/pl\/sklep\/bmw-e36-lapy-silnika-do-swapa-1uz-uz\/\" \/>\n<meta property=\"og:locale\" content=\"pl_PL\" \/>\n<meta property=\"og:type\" content=\"article\" \/>\n<meta property=\"og:title\" content=\"BMW E30 - \u0142apy silnika do swap&#039;a 1UZ &amp; 3UZ - CYBUL\" \/>\n<meta property=\"og:description\" content=\"Zaprojektowane z my\u015bl\u0105 o kompatybilno\u015bci z seryjn\u0105 tyln\u0105 misk\u0105. Monta\u017c nie wymaga \u017cadnych modyfikacji nadwozia.\" \/>\n<meta property=\"og:url\" content=\"https:\/\/cybul.eu\/pl\/sklep\/bmw-e36-lapy-silnika-do-swapa-1uz-uz\/\" \/>\n<meta property=\"og:site_name\" content=\"CYBUL\" \/>\n<meta property=\"article:modified_time\" content=\"2025-06-05T09:57:14+00:00\" \/>\n<meta property=\"og:image\" content=\"https:\/\/cybul.eu\/wp-content\/uploads\/2020\/06\/E30-1Uz-engine-mounts-rs.jpg\" \/>\n\t<meta property=\"og:image:width\" content=\"800\" \/>\n\t<meta property=\"og:image:height\" content=\"800\" \/>\n\t<meta property=\"og:image:type\" content=\"image\/jpeg\" \/>\n<meta name=\"twitter:card\" content=\"summary_large_image\" \/>\n<script type=\"application\/ld+json\" class=\"yoast-schema-graph\">{\"@context\":\"https:\/\/schema.org\",\"@graph\":[{\"@type\":\"WebPage\",\"@id\":\"https:\/\/cybul.eu\/pl\/sklep\/bmw-e36-lapy-silnika-do-swapa-1uz-uz\/\",\"url\":\"https:\/\/cybul.eu\/pl\/sklep\/bmw-e36-lapy-silnika-do-swapa-1uz-uz\/\",\"name\":\"BMW E30 - \u0142apy silnika do swap'a 1UZ & 3UZ - CYBUL\",\"isPartOf\":{\"@id\":\"https:\/\/cybul.eu\/pl\/#website\"},\"primaryImageOfPage\":{\"@id\":\"https:\/\/cybul.eu\/pl\/sklep\/bmw-e36-lapy-silnika-do-swapa-1uz-uz\/#primaryimage\"},\"image\":{\"@id\":\"https:\/\/cybul.eu\/pl\/sklep\/bmw-e36-lapy-silnika-do-swapa-1uz-uz\/#primaryimage\"},\"thumbnailUrl\":\"https:\/\/cybul.eu\/wp-content\/uploads\/2020\/06\/E30-1Uz-engine-mounts-rs.jpg\",\"datePublished\":\"2020-06-17T07:05:34+00:00\",\"dateModified\":\"2025-06-05T09:57:14+00:00\",\"description\":\"Zaprojektowane z my\u015bl\u0105 o kompatybilno\u015bci z seryjn\u0105 tyln\u0105 misk\u0105. Monta\u017c nie wymaga \u017cadnych modyfikacji nadwozia.\",\"breadcrumb\":{\"@id\":\"https:\/\/cybul.eu\/pl\/sklep\/bmw-e36-lapy-silnika-do-swapa-1uz-uz\/#breadcrumb\"},\"inLanguage\":\"pl-PL\",\"potentialAction\":[{\"@type\":\"ReadAction\",\"target\":[\"https:\/\/cybul.eu\/pl\/sklep\/bmw-e36-lapy-silnika-do-swapa-1uz-uz\/\"]}]},{\"@type\":\"ImageObject\",\"inLanguage\":\"pl-PL\",\"@id\":\"https:\/\/cybul.eu\/pl\/sklep\/bmw-e36-lapy-silnika-do-swapa-1uz-uz\/#primaryimage\",\"url\":\"https:\/\/cybul.eu\/wp-content\/uploads\/2020\/06\/E30-1Uz-engine-mounts-rs.jpg\",\"contentUrl\":\"https:\/\/cybul.eu\/wp-content\/uploads\/2020\/06\/E30-1Uz-engine-mounts-rs.jpg\",\"width\":800,\"height\":800,\"caption\":\"BMW E30 1UZ-FE 3UZ-FE engine mounts\"},{\"@type\":\"BreadcrumbList\",\"@id\":\"https:\/\/cybul.eu\/pl\/sklep\/bmw-e36-lapy-silnika-do-swapa-1uz-uz\/#breadcrumb\",\"itemListElement\":[{\"@type\":\"ListItem\",\"position\":1,\"name\":\"Strona g\u0142\u00f3wna\",\"item\":\"https:\/\/cybul.eu\/pl\/\"},{\"@type\":\"ListItem\",\"position\":2,\"name\":\"Sklep\",\"item\":\"https:\/\/cybul.eu\/pl\/sklep\/\"},{\"@type\":\"ListItem\",\"position\":3,\"name\":\"BMW E30 &#8211; \u0142apy silnika do swap&#8217;a 1UZ &#038; 3UZ\"}]},{\"@type\":\"WebSite\",\"@id\":\"https:\/\/cybul.eu\/pl\/#website\",\"url\":\"https:\/\/cybul.eu\/pl\/\",\"name\":\"CYBUL\",\"description\":\"\",\"potentialAction\":[{\"@type\":\"SearchAction\",\"target\":{\"@type\":\"EntryPoint\",\"urlTemplate\":\"https:\/\/cybul.eu\/pl\/?s={search_term_string}\"},\"query-input\":{\"@type\":\"PropertyValueSpecification\",\"valueRequired\":true,\"valueName\":\"search_term_string\"}}],\"inLanguage\":\"pl-PL\"}]}<\/script>\n<!-- \/ Yoast SEO plugin. -->","yoast_head_json":{"title":"BMW E30 - \u0142apy silnika do swap'a 1UZ & 3UZ - CYBUL","description":"Zaprojektowane z my\u015bl\u0105 o kompatybilno\u015bci z seryjn\u0105 tyln\u0105 misk\u0105. Monta\u017c nie wymaga \u017cadnych modyfikacji nadwozia.","robots":{"index":"index","follow":"follow","max-snippet":"max-snippet:-1","max-image-preview":"max-image-preview:large","max-video-preview":"max-video-preview:-1"},"canonical":"https:\/\/cybul.eu\/pl\/sklep\/bmw-e36-lapy-silnika-do-swapa-1uz-uz\/","og_locale":"pl_PL","og_type":"article","og_title":"BMW E30 - \u0142apy silnika do swap'a 1UZ & 3UZ - CYBUL","og_description":"Zaprojektowane z my\u015bl\u0105 o kompatybilno\u015bci z seryjn\u0105 tyln\u0105 misk\u0105. Monta\u017c nie wymaga \u017cadnych modyfikacji nadwozia.","og_url":"https:\/\/cybul.eu\/pl\/sklep\/bmw-e36-lapy-silnika-do-swapa-1uz-uz\/","og_site_name":"CYBUL","article_modified_time":"2025-06-05T09:57:14+00:00","og_image":[{"width":800,"height":800,"url":"https:\/\/cybul.eu\/wp-content\/uploads\/2020\/06\/E30-1Uz-engine-mounts-rs.jpg","type":"image\/jpeg"}],"twitter_card":"summary_large_image","schema":{"@context":"https:\/\/schema.org","@graph":[{"@type":"WebPage","@id":"https:\/\/cybul.eu\/pl\/sklep\/bmw-e36-lapy-silnika-do-swapa-1uz-uz\/","url":"https:\/\/cybul.eu\/pl\/sklep\/bmw-e36-lapy-silnika-do-swapa-1uz-uz\/","name":"BMW E30 - \u0142apy silnika do swap'a 1UZ & 3UZ - CYBUL","isPartOf":{"@id":"https:\/\/cybul.eu\/pl\/#website"},"primaryImageOfPage":{"@id":"https:\/\/cybul.eu\/pl\/sklep\/bmw-e36-lapy-silnika-do-swapa-1uz-uz\/#primaryimage"},"image":{"@id":"https:\/\/cybul.eu\/pl\/sklep\/bmw-e36-lapy-silnika-do-swapa-1uz-uz\/#primaryimage"},"thumbnailUrl":"https:\/\/cybul.eu\/wp-content\/uploads\/2020\/06\/E30-1Uz-engine-mounts-rs.jpg","datePublished":"2020-06-17T07:05:34+00:00","dateModified":"2025-06-05T09:57:14+00:00","description":"Zaprojektowane z my\u015bl\u0105 o kompatybilno\u015bci z seryjn\u0105 tyln\u0105 misk\u0105. Monta\u017c nie wymaga \u017cadnych modyfikacji nadwozia.","breadcrumb":{"@id":"https:\/\/cybul.eu\/pl\/sklep\/bmw-e36-lapy-silnika-do-swapa-1uz-uz\/#breadcrumb"},"inLanguage":"pl-PL","potentialAction":[{"@type":"ReadAction","target":["https:\/\/cybul.eu\/pl\/sklep\/bmw-e36-lapy-silnika-do-swapa-1uz-uz\/"]}]},{"@type":"ImageObject","inLanguage":"pl-PL","@id":"https:\/\/cybul.eu\/pl\/sklep\/bmw-e36-lapy-silnika-do-swapa-1uz-uz\/#primaryimage","url":"https:\/\/cybul.eu\/wp-content\/uploads\/2020\/06\/E30-1Uz-engine-mounts-rs.jpg","contentUrl":"https:\/\/cybul.eu\/wp-content\/uploads\/2020\/06\/E30-1Uz-engine-mounts-rs.jpg","width":800,"height":800,"caption":"BMW E30 1UZ-FE 3UZ-FE engine mounts"},{"@type":"BreadcrumbList","@id":"https:\/\/cybul.eu\/pl\/sklep\/bmw-e36-lapy-silnika-do-swapa-1uz-uz\/#breadcrumb","itemListElement":[{"@type":"ListItem","position":1,"name":"Strona g\u0142\u00f3wna","item":"https:\/\/cybul.eu\/pl\/"},{"@type":"ListItem","position":2,"name":"Sklep","item":"https:\/\/cybul.eu\/pl\/sklep\/"},{"@type":"ListItem","position":3,"name":"BMW E30 &#8211; \u0142apy silnika do swap&#8217;a 1UZ &#038; 3UZ"}]},{"@type":"WebSite","@id":"https:\/\/cybul.eu\/pl\/#website","url":"https:\/\/cybul.eu\/pl\/","name":"CYBUL","description":"","potentialAction":[{"@type":"SearchAction","target":{"@type":"EntryPoint","urlTemplate":"https:\/\/cybul.eu\/pl\/?s={search_term_string}"},"query-input":{"@type":"PropertyValueSpecification","valueRequired":true,"valueName":"search_term_string"}}],"inLanguage":"pl-PL"}]}},"_links":{"self":[{"href":"https:\/\/cybul.eu\/pl\/wp-json\/wp\/v2\/product\/3352","targetHints":{"allow":["GET"]}}],"collection":[{"href":"https:\/\/cybul.eu\/pl\/wp-json\/wp\/v2\/product"}],"about":[{"href":"https:\/\/cybul.eu\/pl\/wp-json\/wp\/v2\/types\/product"}],"replies":[{"embeddable":true,"href":"https:\/\/cybul.eu\/pl\/wp-json\/wp\/v2\/comments?post=3352"}],"wp:featuredmedia":[{"embeddable":true,"href":"https:\/\/cybul.eu\/pl\/wp-json\/wp\/v2\/media\/3951"}],"wp:attachment":[{"href":"https:\/\/cybul.eu\/pl\/wp-json\/wp\/v2\/media?parent=3352"}],"wp:term":[{"taxonomy":"product_cat","embeddable":true,"href":"https:\/\/cybul.eu\/pl\/wp-json\/wp\/v2\/product_cat?post=3352"},{"taxonomy":"product_tag","embeddable":true,"href":"https:\/\/cybul.eu\/pl\/wp-json\/wp\/v2\/product_tag?post=3352"}],"curies":[{"name":"wp","href":"https:\/\/api.w.org\/{rel}","templated":true}]}}