{"id":3335,"date":"2020-06-10T12:26:40","date_gmt":"2020-06-10T10:26:40","guid":{"rendered":"https:\/\/cybul.eu\/?post_type=product&#038;p=3335"},"modified":"2023-11-28T00:00:56","modified_gmt":"2023-11-27T23:00:56","slug":"jeep-wj-przednie-przednie-dolne","status":"publish","type":"product","link":"https:\/\/cybul.eu\/pl\/sklep\/jeep-wj-przednie-przednie-dolne\/","title":{"rendered":"Jeep WJ &#8211; przednie dolne wahacze"},"content":{"rendered":"<p>Umo\u017cliwiaj\u0105 regulacj\u0119 k\u0105ta pochylenia g\u0142\u00f3wki mostu w szerokim zakresie max\/min 405mm-460mm. Pozwala to wyeliminowa\u0107 wibracje wa\u0142u, kt\u00f3re pojawiaj\u0105 si\u0119 przy \u201elifcie\u201d, oraz ustawienie ko\u0142a na \u015brodku b\u0142otnika. Odpowiednie do aut z liftem 0-6,5&#8243;<\/p>\n<p>Do konstrukcji wahaczy wykorzystali\u015bmy wygi\u0119t\u0105 rur\u0119, kt\u00f3ra gwarantuje brak kolizji z opon\u0105 &#8211; tak, jak w przypadku seryjnego wahacza.<\/p>\n<p>Wykonane z precyzyjnych rur bezszwowych, spawane przez do\u015bwiadczonego spawacza. Sprawdzone w najci\u0119\u017cszych Polskich rajdach, o wiele wytrzymalsze od seryjnych wahaczy.<\/p>\n<p>W zestawie znajduj\u0105 si\u0119 tuleje poliuretanowe w twardo\u015bci 95ShA, znacz\u0105co\u00a0 zwi\u0119kszaj\u0105ce sztywno\u015b\u0107 zawieszenia i przek\u0142adaj\u0105ce si\u0119 na podniesienie precyzji prowadzenia.<\/p>\n<p>Produkt lakierowany proszkowo na metaliczny szary grafit, element gwintowany cynkowany galwanicznie.<\/p>\n","protected":false},"excerpt":{"rendered":"<p>O wiele wytrzymalsze od seryjnych, umo\u017cliwiaj\u0105 ustawienie ko\u0142a na \u015brodku b\u0142otnika.<\/p>\n","protected":false},"featured_media":3339,"comment_status":"open","ping_status":"closed","template":"","meta":[],"product_cat":[277],"product_tag":[339],"class_list":{"0":"post-3335","1":"product","2":"type-product","3":"status-publish","4":"has-post-thumbnail","6":"product_cat-wj","7":"product_tag-wahacze-off-road","9":"first","10":"instock","11":"taxable","12":"shipping-taxable","13":"purchasable","14":"product-type-simple"},"bundled_by":[],"bundle_stock_status":"instock","bundle_stock_quantity":null,"bundle_virtual":false,"bundle_layout":"","bundle_add_to_cart_form_location":"","bundle_editable_in_cart":false,"bundle_sold_individually_context":"","bundle_item_grouping":"","bundle_min_size":"","bundle_max_size":"","bundle_price":[],"bundled_items":[],"bundle_sell_ids":[],"acf":{"zdjecie_bez_watermarka":null,"zdjecie_bez_watermarka_url":"","product_orgin_url":""},"yoast_head":"<!-- This site is optimized with the Yoast SEO plugin v23.9 - https:\/\/yoast.com\/wordpress\/plugins\/seo\/ -->\n<title>Jeep WJ - przednie dolne wahacze - CYBUL<\/title>\n<meta name=\"robots\" content=\"index, follow, max-snippet:-1, max-image-preview:large, max-video-preview:-1\" \/>\n<link rel=\"canonical\" href=\"https:\/\/cybul.eu\/pl\/sklep\/jeep-wj-przednie-przednie-dolne\/\" \/>\n<meta property=\"og:locale\" content=\"pl_PL\" \/>\n<meta property=\"og:type\" content=\"article\" \/>\n<meta property=\"og:title\" content=\"Jeep WJ - przednie dolne wahacze - CYBUL\" \/>\n<meta property=\"og:description\" content=\"O wiele wytrzymalsze od seryjnych, umo\u017cliwiaj\u0105 ustawienie ko\u0142a na \u015brodku b\u0142otnika.\" \/>\n<meta property=\"og:url\" content=\"https:\/\/cybul.eu\/pl\/sklep\/jeep-wj-przednie-przednie-dolne\/\" \/>\n<meta property=\"og:site_name\" content=\"CYBUL\" \/>\n<meta property=\"article:modified_time\" content=\"2023-11-27T23:00:56+00:00\" \/>\n<meta property=\"og:image\" content=\"https:\/\/cybul.eu\/wp-content\/uploads\/2020\/06\/wj-front-lower-logo..jpg\" \/>\n\t<meta property=\"og:image:width\" content=\"920\" \/>\n\t<meta property=\"og:image:height\" content=\"920\" \/>\n\t<meta property=\"og:image:type\" content=\"image\/jpeg\" \/>\n<meta name=\"twitter:card\" content=\"summary_large_image\" \/>\n<meta name=\"twitter:label1\" content=\"Szacowany czas czytania\" \/>\n\t<meta name=\"twitter:data1\" content=\"1 minuta\" \/>\n<script type=\"application\/ld+json\" class=\"yoast-schema-graph\">{\"@context\":\"https:\/\/schema.org\",\"@graph\":[{\"@type\":\"WebPage\",\"@id\":\"https:\/\/cybul.eu\/pl\/sklep\/jeep-wj-przednie-przednie-dolne\/\",\"url\":\"https:\/\/cybul.eu\/pl\/sklep\/jeep-wj-przednie-przednie-dolne\/\",\"name\":\"Jeep WJ - przednie dolne wahacze - CYBUL\",\"isPartOf\":{\"@id\":\"https:\/\/cybul.eu\/pl\/#website\"},\"primaryImageOfPage\":{\"@id\":\"https:\/\/cybul.eu\/pl\/sklep\/jeep-wj-przednie-przednie-dolne\/#primaryimage\"},\"image\":{\"@id\":\"https:\/\/cybul.eu\/pl\/sklep\/jeep-wj-przednie-przednie-dolne\/#primaryimage\"},\"thumbnailUrl\":\"https:\/\/cybul.eu\/wp-content\/uploads\/2020\/06\/wj-front-lower-logo..jpg\",\"datePublished\":\"2020-06-10T10:26:40+00:00\",\"dateModified\":\"2023-11-27T23:00:56+00:00\",\"breadcrumb\":{\"@id\":\"https:\/\/cybul.eu\/pl\/sklep\/jeep-wj-przednie-przednie-dolne\/#breadcrumb\"},\"inLanguage\":\"pl-PL\",\"potentialAction\":[{\"@type\":\"ReadAction\",\"target\":[\"https:\/\/cybul.eu\/pl\/sklep\/jeep-wj-przednie-przednie-dolne\/\"]}]},{\"@type\":\"ImageObject\",\"inLanguage\":\"pl-PL\",\"@id\":\"https:\/\/cybul.eu\/pl\/sklep\/jeep-wj-przednie-przednie-dolne\/#primaryimage\",\"url\":\"https:\/\/cybul.eu\/wp-content\/uploads\/2020\/06\/wj-front-lower-logo..jpg\",\"contentUrl\":\"https:\/\/cybul.eu\/wp-content\/uploads\/2020\/06\/wj-front-lower-logo..jpg\",\"width\":920,\"height\":920,\"caption\":\"Jeep Grand Cherokee WJ\"},{\"@type\":\"BreadcrumbList\",\"@id\":\"https:\/\/cybul.eu\/pl\/sklep\/jeep-wj-przednie-przednie-dolne\/#breadcrumb\",\"itemListElement\":[{\"@type\":\"ListItem\",\"position\":1,\"name\":\"Strona g\u0142\u00f3wna\",\"item\":\"https:\/\/cybul.eu\/pl\/\"},{\"@type\":\"ListItem\",\"position\":2,\"name\":\"Sklep\",\"item\":\"https:\/\/cybul.eu\/pl\/sklep\/\"},{\"@type\":\"ListItem\",\"position\":3,\"name\":\"Jeep WJ &#8211; przednie dolne wahacze\"}]},{\"@type\":\"WebSite\",\"@id\":\"https:\/\/cybul.eu\/pl\/#website\",\"url\":\"https:\/\/cybul.eu\/pl\/\",\"name\":\"CYBUL\",\"description\":\"\",\"potentialAction\":[{\"@type\":\"SearchAction\",\"target\":{\"@type\":\"EntryPoint\",\"urlTemplate\":\"https:\/\/cybul.eu\/pl\/?s={search_term_string}\"},\"query-input\":{\"@type\":\"PropertyValueSpecification\",\"valueRequired\":true,\"valueName\":\"search_term_string\"}}],\"inLanguage\":\"pl-PL\"}]}<\/script>\n<!-- \/ Yoast SEO plugin. -->","yoast_head_json":{"title":"Jeep WJ - przednie dolne wahacze - CYBUL","robots":{"index":"index","follow":"follow","max-snippet":"max-snippet:-1","max-image-preview":"max-image-preview:large","max-video-preview":"max-video-preview:-1"},"canonical":"https:\/\/cybul.eu\/pl\/sklep\/jeep-wj-przednie-przednie-dolne\/","og_locale":"pl_PL","og_type":"article","og_title":"Jeep WJ - przednie dolne wahacze - CYBUL","og_description":"O wiele wytrzymalsze od seryjnych, umo\u017cliwiaj\u0105 ustawienie ko\u0142a na \u015brodku b\u0142otnika.","og_url":"https:\/\/cybul.eu\/pl\/sklep\/jeep-wj-przednie-przednie-dolne\/","og_site_name":"CYBUL","article_modified_time":"2023-11-27T23:00:56+00:00","og_image":[{"width":920,"height":920,"url":"https:\/\/cybul.eu\/wp-content\/uploads\/2020\/06\/wj-front-lower-logo..jpg","type":"image\/jpeg"}],"twitter_card":"summary_large_image","twitter_misc":{"Szacowany czas czytania":"1 minuta"},"schema":{"@context":"https:\/\/schema.org","@graph":[{"@type":"WebPage","@id":"https:\/\/cybul.eu\/pl\/sklep\/jeep-wj-przednie-przednie-dolne\/","url":"https:\/\/cybul.eu\/pl\/sklep\/jeep-wj-przednie-przednie-dolne\/","name":"Jeep WJ - przednie dolne wahacze - CYBUL","isPartOf":{"@id":"https:\/\/cybul.eu\/pl\/#website"},"primaryImageOfPage":{"@id":"https:\/\/cybul.eu\/pl\/sklep\/jeep-wj-przednie-przednie-dolne\/#primaryimage"},"image":{"@id":"https:\/\/cybul.eu\/pl\/sklep\/jeep-wj-przednie-przednie-dolne\/#primaryimage"},"thumbnailUrl":"https:\/\/cybul.eu\/wp-content\/uploads\/2020\/06\/wj-front-lower-logo..jpg","datePublished":"2020-06-10T10:26:40+00:00","dateModified":"2023-11-27T23:00:56+00:00","breadcrumb":{"@id":"https:\/\/cybul.eu\/pl\/sklep\/jeep-wj-przednie-przednie-dolne\/#breadcrumb"},"inLanguage":"pl-PL","potentialAction":[{"@type":"ReadAction","target":["https:\/\/cybul.eu\/pl\/sklep\/jeep-wj-przednie-przednie-dolne\/"]}]},{"@type":"ImageObject","inLanguage":"pl-PL","@id":"https:\/\/cybul.eu\/pl\/sklep\/jeep-wj-przednie-przednie-dolne\/#primaryimage","url":"https:\/\/cybul.eu\/wp-content\/uploads\/2020\/06\/wj-front-lower-logo..jpg","contentUrl":"https:\/\/cybul.eu\/wp-content\/uploads\/2020\/06\/wj-front-lower-logo..jpg","width":920,"height":920,"caption":"Jeep Grand Cherokee WJ"},{"@type":"BreadcrumbList","@id":"https:\/\/cybul.eu\/pl\/sklep\/jeep-wj-przednie-przednie-dolne\/#breadcrumb","itemListElement":[{"@type":"ListItem","position":1,"name":"Strona g\u0142\u00f3wna","item":"https:\/\/cybul.eu\/pl\/"},{"@type":"ListItem","position":2,"name":"Sklep","item":"https:\/\/cybul.eu\/pl\/sklep\/"},{"@type":"ListItem","position":3,"name":"Jeep WJ &#8211; przednie dolne wahacze"}]},{"@type":"WebSite","@id":"https:\/\/cybul.eu\/pl\/#website","url":"https:\/\/cybul.eu\/pl\/","name":"CYBUL","description":"","potentialAction":[{"@type":"SearchAction","target":{"@type":"EntryPoint","urlTemplate":"https:\/\/cybul.eu\/pl\/?s={search_term_string}"},"query-input":{"@type":"PropertyValueSpecification","valueRequired":true,"valueName":"search_term_string"}}],"inLanguage":"pl-PL"}]}},"_links":{"self":[{"href":"https:\/\/cybul.eu\/pl\/wp-json\/wp\/v2\/product\/3335","targetHints":{"allow":["GET"]}}],"collection":[{"href":"https:\/\/cybul.eu\/pl\/wp-json\/wp\/v2\/product"}],"about":[{"href":"https:\/\/cybul.eu\/pl\/wp-json\/wp\/v2\/types\/product"}],"replies":[{"embeddable":true,"href":"https:\/\/cybul.eu\/pl\/wp-json\/wp\/v2\/comments?post=3335"}],"wp:featuredmedia":[{"embeddable":true,"href":"https:\/\/cybul.eu\/pl\/wp-json\/wp\/v2\/media\/3339"}],"wp:attachment":[{"href":"https:\/\/cybul.eu\/pl\/wp-json\/wp\/v2\/media?parent=3335"}],"wp:term":[{"taxonomy":"product_cat","embeddable":true,"href":"https:\/\/cybul.eu\/pl\/wp-json\/wp\/v2\/product_cat?post=3335"},{"taxonomy":"product_tag","embeddable":true,"href":"https:\/\/cybul.eu\/pl\/wp-json\/wp\/v2\/product_tag?post=3335"}],"curies":[{"name":"wp","href":"https:\/\/api.w.org\/{rel}","templated":true}]}}