{"id":3308,"date":"2020-05-21T12:48:26","date_gmt":"2020-05-21T10:48:27","guid":{"rendered":"https:\/\/cybul.eu\/?post_type=product&#038;p=3308"},"modified":"2025-06-05T11:57:09","modified_gmt":"2025-06-05T09:57:09","slug":"mx-5-nc-roll-bar-wersja-hard-top-copy","status":"publish","type":"product","link":"https:\/\/cybul.eu\/pl\/sklep\/mx-5-nc-roll-bar-wersja-hard-top-copy\/","title":{"rendered":"MX-5 NC &#8211; roll bar, wersja soft top"},"content":{"rendered":"<p>Roll bar do MX-5 NC. Rozwi\u0105zanie w 100% bolt-on. Jako jedyny roll bar na rynku zachowuje wszystkie funkcjonalno\u015bci seryjnej &#8222;rolki&#8221;. Posiada punkty monta\u017cowe do g\u0142o\u015bnik\u00f3w, miejsca do zamocowania plastikowych os\u0142on i mocowanie klipsa do dachu. Seryjny windshot r\u00f3wnie\u017c zostaje.<\/p>\n<p>Ten roll bar jest tak wysoki, jak to tylko mo\u017cliwe &#8211; ponad 85mm wy\u017cszy od serii. Posiada on r\u00f3wnie\u017c dodatkowe zastrza\u0142y id\u0105ce do tylnych nadkoli. Znacz\u0105co zwi\u0119kszaj\u0105 one sztywno\u015b\u0107 ca\u0142ej konstrukcji.<\/p>\n<p>Istnieje mo\u017cliwo\u015b\u0107 rozbudowy o rury id\u0105ce do przedniej szyby oraz do mocowa\u0144 hard top&#8217;a.<\/p>\n<p>&#8222;Rolka&#8221; jest wyposa\u017cona w harness bar &#8211; punkt monta\u017cowy naramiennej cz\u0119\u015bci pas\u00f3w czteropunktowych. Wykonany z bezszwowych rur 40&#215;2 i 45&#215;2,5, stop E355.<\/p>\n<p>Cena zawiera lakierowanie na dowolny kolor z palety RAL w macie lub po\u0142ysku z wy\u0142\u0105czeniem kolor\u00f3w FLUO.<\/p>\n<p>W zestawie znajduj\u0105 si\u0119 wszystkie elementy potrzebne do monta\u017cu. Instalacja w aucie wymaga u\u017cycia zestawu podstawowych kluczy.<\/p>\n","protected":false},"excerpt":{"rendered":"<p>Roll bar do MX-5 NC. Rozwi\u0105zanie w 100% bolt-on. Jako jedyny roll bar na rynku zachowuje wszystkie funkcjonalno\u015bci seryjnej &#8222;rolki&#8221;. Posiada punkty monta\u017cowe do g\u0142o\u015bnik\u00f3w, miejsca do zamocowania plastikowych os\u0142on i mocowanie klipsa do dachu. Seryjny windshot r\u00f3wnie\u017c zostaje. Ten roll bar jest tak wysoki, jak to tylko mo\u017cliwe &#8211; ponad 85mm wy\u017cszy od serii. [&#8230;]\n","protected":false},"featured_media":3921,"comment_status":"open","ping_status":"closed","template":"","meta":[],"product_cat":[521,447],"product_tag":[],"class_list":{"0":"post-3308","1":"product","2":"type-product","3":"status-publish","4":"has-post-thumbnail","6":"product_cat-bezpieczenstwo-mx-5-nc","7":"product_cat-mx-5-nc-pl","8":"product_shipping_class-roll-bar-nc-pl","10":"first","11":"instock","12":"taxable","13":"shipping-taxable","14":"purchasable","15":"product-type-simple"},"bundled_by":[],"bundle_stock_status":"instock","bundle_stock_quantity":null,"bundle_virtual":false,"bundle_layout":"","bundle_add_to_cart_form_location":"","bundle_editable_in_cart":false,"bundle_sold_individually_context":"","bundle_item_grouping":"","bundle_min_size":"","bundle_max_size":"","bundle_price":[],"bundled_items":[],"bundle_sell_ids":[],"acf":{"zdjecie_bez_watermarka":6760,"zdjecie_bez_watermarka_url":"https:\/\/cybul.eu\/wp-content\/uploads\/2020\/05\/MX5-NC-ST-roll-bar.jpg","product_orgin_url":""},"yoast_head":"<!-- This site is optimized with the Yoast SEO plugin v23.9 - https:\/\/yoast.com\/wordpress\/plugins\/seo\/ -->\n<title>MX-5 NC - roll bar, wersja soft top - CYBUL<\/title>\n<meta name=\"description\" content=\"Roll bar do MX-5 NC z soft topem. Podukt w 100% bolt-on, znacz\u0105co podnosz\u0105cy bezpiecze\u0144stwo jazdy. Dost\u0119pny w wi\u0119kszo\u015bci kolor\u00f3w z palety RAL.\" \/>\n<meta name=\"robots\" content=\"index, follow, max-snippet:-1, max-image-preview:large, max-video-preview:-1\" \/>\n<link rel=\"canonical\" href=\"https:\/\/cybul.eu\/pl\/sklep\/mx-5-nc-roll-bar-wersja-hard-top-copy\/\" \/>\n<meta property=\"og:locale\" content=\"pl_PL\" \/>\n<meta property=\"og:type\" content=\"article\" \/>\n<meta property=\"og:title\" content=\"MX-5 NC - roll bar, wersja soft top - CYBUL\" \/>\n<meta property=\"og:description\" content=\"Roll bar do MX-5 NC z soft topem. Podukt w 100% bolt-on, znacz\u0105co podnosz\u0105cy bezpiecze\u0144stwo jazdy. Dost\u0119pny w wi\u0119kszo\u015bci kolor\u00f3w z palety RAL.\" \/>\n<meta property=\"og:url\" content=\"https:\/\/cybul.eu\/pl\/sklep\/mx-5-nc-roll-bar-wersja-hard-top-copy\/\" \/>\n<meta property=\"og:site_name\" content=\"CYBUL\" \/>\n<meta property=\"article:modified_time\" content=\"2025-06-05T09:57:09+00:00\" \/>\n<meta property=\"og:image\" content=\"https:\/\/cybul.eu\/wp-content\/uploads\/2020\/05\/MX-5-NC-soft-top-Roll-bar-rs.png\" \/>\n\t<meta property=\"og:image:width\" content=\"1600\" \/>\n\t<meta property=\"og:image:height\" content=\"1600\" \/>\n\t<meta property=\"og:image:type\" content=\"image\/png\" \/>\n<meta name=\"twitter:card\" content=\"summary_large_image\" \/>\n<meta name=\"twitter:label1\" content=\"Szacowany czas czytania\" \/>\n\t<meta name=\"twitter:data1\" content=\"1 minuta\" \/>\n<script type=\"application\/ld+json\" class=\"yoast-schema-graph\">{\"@context\":\"https:\/\/schema.org\",\"@graph\":[{\"@type\":\"WebPage\",\"@id\":\"https:\/\/cybul.eu\/pl\/sklep\/mx-5-nc-roll-bar-wersja-hard-top-copy\/\",\"url\":\"https:\/\/cybul.eu\/pl\/sklep\/mx-5-nc-roll-bar-wersja-hard-top-copy\/\",\"name\":\"MX-5 NC - roll bar, wersja soft top - CYBUL\",\"isPartOf\":{\"@id\":\"https:\/\/cybul.eu\/pl\/#website\"},\"primaryImageOfPage\":{\"@id\":\"https:\/\/cybul.eu\/pl\/sklep\/mx-5-nc-roll-bar-wersja-hard-top-copy\/#primaryimage\"},\"image\":{\"@id\":\"https:\/\/cybul.eu\/pl\/sklep\/mx-5-nc-roll-bar-wersja-hard-top-copy\/#primaryimage\"},\"thumbnailUrl\":\"https:\/\/cybul.eu\/wp-content\/uploads\/2020\/05\/MX-5-NC-soft-top-Roll-bar-rs.png\",\"datePublished\":\"2020-05-21T10:48:27+00:00\",\"dateModified\":\"2025-06-05T09:57:09+00:00\",\"description\":\"Roll bar do MX-5 NC z soft topem. Podukt w 100% bolt-on, znacz\u0105co podnosz\u0105cy bezpiecze\u0144stwo jazdy. Dost\u0119pny w wi\u0119kszo\u015bci kolor\u00f3w z palety RAL.\",\"breadcrumb\":{\"@id\":\"https:\/\/cybul.eu\/pl\/sklep\/mx-5-nc-roll-bar-wersja-hard-top-copy\/#breadcrumb\"},\"inLanguage\":\"pl-PL\",\"potentialAction\":[{\"@type\":\"ReadAction\",\"target\":[\"https:\/\/cybul.eu\/pl\/sklep\/mx-5-nc-roll-bar-wersja-hard-top-copy\/\"]}]},{\"@type\":\"ImageObject\",\"inLanguage\":\"pl-PL\",\"@id\":\"https:\/\/cybul.eu\/pl\/sklep\/mx-5-nc-roll-bar-wersja-hard-top-copy\/#primaryimage\",\"url\":\"https:\/\/cybul.eu\/wp-content\/uploads\/2020\/05\/MX-5-NC-soft-top-Roll-bar-rs.png\",\"contentUrl\":\"https:\/\/cybul.eu\/wp-content\/uploads\/2020\/05\/MX-5-NC-soft-top-Roll-bar-rs.png\",\"width\":1600,\"height\":1600,\"caption\":\"MX-5 NC soft top Roll bar by Cybul Radical Solutions\"},{\"@type\":\"BreadcrumbList\",\"@id\":\"https:\/\/cybul.eu\/pl\/sklep\/mx-5-nc-roll-bar-wersja-hard-top-copy\/#breadcrumb\",\"itemListElement\":[{\"@type\":\"ListItem\",\"position\":1,\"name\":\"Strona g\u0142\u00f3wna\",\"item\":\"https:\/\/cybul.eu\/pl\/\"},{\"@type\":\"ListItem\",\"position\":2,\"name\":\"Sklep\",\"item\":\"https:\/\/cybul.eu\/pl\/sklep\/\"},{\"@type\":\"ListItem\",\"position\":3,\"name\":\"MX-5 NC &#8211; roll bar, wersja soft top\"}]},{\"@type\":\"WebSite\",\"@id\":\"https:\/\/cybul.eu\/pl\/#website\",\"url\":\"https:\/\/cybul.eu\/pl\/\",\"name\":\"CYBUL\",\"description\":\"\",\"potentialAction\":[{\"@type\":\"SearchAction\",\"target\":{\"@type\":\"EntryPoint\",\"urlTemplate\":\"https:\/\/cybul.eu\/pl\/?s={search_term_string}\"},\"query-input\":{\"@type\":\"PropertyValueSpecification\",\"valueRequired\":true,\"valueName\":\"search_term_string\"}}],\"inLanguage\":\"pl-PL\"}]}<\/script>\n<!-- \/ Yoast SEO plugin. -->","yoast_head_json":{"title":"MX-5 NC - roll bar, wersja soft top - CYBUL","description":"Roll bar do MX-5 NC z soft topem. Podukt w 100% bolt-on, znacz\u0105co podnosz\u0105cy bezpiecze\u0144stwo jazdy. Dost\u0119pny w wi\u0119kszo\u015bci kolor\u00f3w z palety RAL.","robots":{"index":"index","follow":"follow","max-snippet":"max-snippet:-1","max-image-preview":"max-image-preview:large","max-video-preview":"max-video-preview:-1"},"canonical":"https:\/\/cybul.eu\/pl\/sklep\/mx-5-nc-roll-bar-wersja-hard-top-copy\/","og_locale":"pl_PL","og_type":"article","og_title":"MX-5 NC - roll bar, wersja soft top - CYBUL","og_description":"Roll bar do MX-5 NC z soft topem. Podukt w 100% bolt-on, znacz\u0105co podnosz\u0105cy bezpiecze\u0144stwo jazdy. Dost\u0119pny w wi\u0119kszo\u015bci kolor\u00f3w z palety RAL.","og_url":"https:\/\/cybul.eu\/pl\/sklep\/mx-5-nc-roll-bar-wersja-hard-top-copy\/","og_site_name":"CYBUL","article_modified_time":"2025-06-05T09:57:09+00:00","og_image":[{"width":1600,"height":1600,"url":"https:\/\/cybul.eu\/wp-content\/uploads\/2020\/05\/MX-5-NC-soft-top-Roll-bar-rs.png","type":"image\/png"}],"twitter_card":"summary_large_image","twitter_misc":{"Szacowany czas czytania":"1 minuta"},"schema":{"@context":"https:\/\/schema.org","@graph":[{"@type":"WebPage","@id":"https:\/\/cybul.eu\/pl\/sklep\/mx-5-nc-roll-bar-wersja-hard-top-copy\/","url":"https:\/\/cybul.eu\/pl\/sklep\/mx-5-nc-roll-bar-wersja-hard-top-copy\/","name":"MX-5 NC - roll bar, wersja soft top - CYBUL","isPartOf":{"@id":"https:\/\/cybul.eu\/pl\/#website"},"primaryImageOfPage":{"@id":"https:\/\/cybul.eu\/pl\/sklep\/mx-5-nc-roll-bar-wersja-hard-top-copy\/#primaryimage"},"image":{"@id":"https:\/\/cybul.eu\/pl\/sklep\/mx-5-nc-roll-bar-wersja-hard-top-copy\/#primaryimage"},"thumbnailUrl":"https:\/\/cybul.eu\/wp-content\/uploads\/2020\/05\/MX-5-NC-soft-top-Roll-bar-rs.png","datePublished":"2020-05-21T10:48:27+00:00","dateModified":"2025-06-05T09:57:09+00:00","description":"Roll bar do MX-5 NC z soft topem. Podukt w 100% bolt-on, znacz\u0105co podnosz\u0105cy bezpiecze\u0144stwo jazdy. Dost\u0119pny w wi\u0119kszo\u015bci kolor\u00f3w z palety RAL.","breadcrumb":{"@id":"https:\/\/cybul.eu\/pl\/sklep\/mx-5-nc-roll-bar-wersja-hard-top-copy\/#breadcrumb"},"inLanguage":"pl-PL","potentialAction":[{"@type":"ReadAction","target":["https:\/\/cybul.eu\/pl\/sklep\/mx-5-nc-roll-bar-wersja-hard-top-copy\/"]}]},{"@type":"ImageObject","inLanguage":"pl-PL","@id":"https:\/\/cybul.eu\/pl\/sklep\/mx-5-nc-roll-bar-wersja-hard-top-copy\/#primaryimage","url":"https:\/\/cybul.eu\/wp-content\/uploads\/2020\/05\/MX-5-NC-soft-top-Roll-bar-rs.png","contentUrl":"https:\/\/cybul.eu\/wp-content\/uploads\/2020\/05\/MX-5-NC-soft-top-Roll-bar-rs.png","width":1600,"height":1600,"caption":"MX-5 NC soft top Roll bar by Cybul Radical Solutions"},{"@type":"BreadcrumbList","@id":"https:\/\/cybul.eu\/pl\/sklep\/mx-5-nc-roll-bar-wersja-hard-top-copy\/#breadcrumb","itemListElement":[{"@type":"ListItem","position":1,"name":"Strona g\u0142\u00f3wna","item":"https:\/\/cybul.eu\/pl\/"},{"@type":"ListItem","position":2,"name":"Sklep","item":"https:\/\/cybul.eu\/pl\/sklep\/"},{"@type":"ListItem","position":3,"name":"MX-5 NC &#8211; roll bar, wersja soft top"}]},{"@type":"WebSite","@id":"https:\/\/cybul.eu\/pl\/#website","url":"https:\/\/cybul.eu\/pl\/","name":"CYBUL","description":"","potentialAction":[{"@type":"SearchAction","target":{"@type":"EntryPoint","urlTemplate":"https:\/\/cybul.eu\/pl\/?s={search_term_string}"},"query-input":{"@type":"PropertyValueSpecification","valueRequired":true,"valueName":"search_term_string"}}],"inLanguage":"pl-PL"}]}},"_links":{"self":[{"href":"https:\/\/cybul.eu\/pl\/wp-json\/wp\/v2\/product\/3308","targetHints":{"allow":["GET"]}}],"collection":[{"href":"https:\/\/cybul.eu\/pl\/wp-json\/wp\/v2\/product"}],"about":[{"href":"https:\/\/cybul.eu\/pl\/wp-json\/wp\/v2\/types\/product"}],"replies":[{"embeddable":true,"href":"https:\/\/cybul.eu\/pl\/wp-json\/wp\/v2\/comments?post=3308"}],"wp:featuredmedia":[{"embeddable":true,"href":"https:\/\/cybul.eu\/pl\/wp-json\/wp\/v2\/media\/3921"}],"wp:attachment":[{"href":"https:\/\/cybul.eu\/pl\/wp-json\/wp\/v2\/media?parent=3308"}],"wp:term":[{"taxonomy":"product_cat","embeddable":true,"href":"https:\/\/cybul.eu\/pl\/wp-json\/wp\/v2\/product_cat?post=3308"},{"taxonomy":"product_tag","embeddable":true,"href":"https:\/\/cybul.eu\/pl\/wp-json\/wp\/v2\/product_tag?post=3308"}],"curies":[{"name":"wp","href":"https:\/\/api.w.org\/{rel}","templated":true}]}}