{"id":3295,"date":"2020-05-08T10:47:07","date_gmt":"2020-05-08T08:47:07","guid":{"rendered":"https:\/\/cybul.eu\/shop\/mx-5-nc-bagaznik-na-kola-zapasowe\/"},"modified":"2025-06-05T11:57:09","modified_gmt":"2025-06-05T09:57:09","slug":"mx-5-nc-bagaznik-na-kola-zapasowe","status":"publish","type":"product","link":"https:\/\/cybul.eu\/pl\/sklep\/mx-5-nc-bagaznik-na-kola-zapasowe\/","title":{"rendered":"MX-5 NC baga\u017cnik na ko\u0142a zapasowe"},"content":{"rendered":"<p>Idealne rozwi\u0105zanie do transportu k\u00f3\u0142 na wy\u015bcigi, lub inne eventy motoryzacyjne.<\/p>\n<p>Baga\u017cnik jest przykr\u0119cany dwoma \u015brubami w miejscu mocowania hard top&#8217;a. Baga\u017cnik z \u0142atwo\u015bci\u0105 utrzymuje 4 ko\u0142a.<\/p>\n<p>Klapa baga\u017cnika i dach otwieraj\u0105 si\u0119 z za\u0142o\u017conymi ko\u0142ami.<\/p>\n<p>Dost\u0119pny w kolorze metaliczny grafit. W przypadku zakupu z roll barem mo\u017cliwo\u015b\u0107 zakupu w kolorze roll bara.<\/p>\n<p>&nbsp;<\/p>\n","protected":false},"excerpt":{"rendered":"<p>Idealny na track day&#8217;e<\/p>\n<p>Pozwala z \u0142atwo\u015bci\u0105 przetransportowa\u0107 zapasowe ko\u0142a<\/p>\n<p>Klapa baga\u017cnika i dach otwieraj\u0105 si\u0119 z za\u0142o\u017conymi ko\u0142ami<\/p>\n","protected":false},"featured_media":3925,"comment_status":"open","ping_status":"closed","template":"","meta":[],"product_cat":[447],"product_tag":[],"class_list":{"0":"post-3295","1":"product","2":"type-product","3":"status-publish","4":"has-post-thumbnail","6":"product_cat-mx-5-nc-pl","7":"product_shipping_class-roll-bar-nc-pl","9":"first","10":"instock","11":"taxable","12":"shipping-taxable","13":"purchasable","14":"product-type-simple"},"bundled_by":[],"bundle_stock_status":"instock","bundle_stock_quantity":null,"bundle_virtual":false,"bundle_layout":"","bundle_add_to_cart_form_location":"","bundle_editable_in_cart":false,"bundle_sold_individually_context":"","bundle_item_grouping":"","bundle_min_size":"","bundle_max_size":"","bundle_price":[],"bundled_items":[],"bundle_sell_ids":[],"acf":{"zdjecie_bez_watermarka":null,"zdjecie_bez_watermarka_url":"","product_orgin_url":""},"yoast_head":"<!-- This site is optimized with the Yoast SEO plugin v23.9 - https:\/\/yoast.com\/wordpress\/plugins\/seo\/ -->\n<title>MX-5 NC baga\u017cnik na ko\u0142a zapasowe - CYBUL<\/title>\n<meta name=\"robots\" content=\"index, follow, max-snippet:-1, max-image-preview:large, max-video-preview:-1\" \/>\n<link rel=\"canonical\" href=\"https:\/\/cybul.eu\/pl\/sklep\/mx-5-nc-bagaznik-na-kola-zapasowe\/\" \/>\n<meta property=\"og:locale\" content=\"pl_PL\" \/>\n<meta property=\"og:type\" content=\"article\" \/>\n<meta property=\"og:title\" content=\"MX-5 NC baga\u017cnik na ko\u0142a zapasowe - CYBUL\" \/>\n<meta property=\"og:description\" content=\"Idealny na track day&#039;e  Pozwala z \u0142atwo\u015bci\u0105 przetransportowa\u0107 zapasowe ko\u0142a  Klapa baga\u017cnika i dach otwieraj\u0105 si\u0119 z za\u0142o\u017conymi ko\u0142ami\" \/>\n<meta property=\"og:url\" content=\"https:\/\/cybul.eu\/pl\/sklep\/mx-5-nc-bagaznik-na-kola-zapasowe\/\" \/>\n<meta property=\"og:site_name\" content=\"CYBUL\" \/>\n<meta property=\"article:modified_time\" content=\"2025-06-05T09:57:09+00:00\" \/>\n<meta property=\"og:image\" content=\"https:\/\/cybul.eu\/wp-content\/uploads\/2020\/05\/MX-5-NC-wheel-rack-rs.jpg\" \/>\n\t<meta property=\"og:image:width\" content=\"800\" \/>\n\t<meta property=\"og:image:height\" content=\"800\" \/>\n\t<meta property=\"og:image:type\" content=\"image\/jpeg\" \/>\n<meta name=\"twitter:card\" content=\"summary_large_image\" \/>\n<script type=\"application\/ld+json\" class=\"yoast-schema-graph\">{\"@context\":\"https:\/\/schema.org\",\"@graph\":[{\"@type\":\"WebPage\",\"@id\":\"https:\/\/cybul.eu\/pl\/sklep\/mx-5-nc-bagaznik-na-kola-zapasowe\/\",\"url\":\"https:\/\/cybul.eu\/pl\/sklep\/mx-5-nc-bagaznik-na-kola-zapasowe\/\",\"name\":\"MX-5 NC baga\u017cnik na ko\u0142a zapasowe - CYBUL\",\"isPartOf\":{\"@id\":\"https:\/\/cybul.eu\/pl\/#website\"},\"primaryImageOfPage\":{\"@id\":\"https:\/\/cybul.eu\/pl\/sklep\/mx-5-nc-bagaznik-na-kola-zapasowe\/#primaryimage\"},\"image\":{\"@id\":\"https:\/\/cybul.eu\/pl\/sklep\/mx-5-nc-bagaznik-na-kola-zapasowe\/#primaryimage\"},\"thumbnailUrl\":\"https:\/\/cybul.eu\/wp-content\/uploads\/2020\/05\/MX-5-NC-wheel-rack-rs.jpg\",\"datePublished\":\"2020-05-08T08:47:07+00:00\",\"dateModified\":\"2025-06-05T09:57:09+00:00\",\"breadcrumb\":{\"@id\":\"https:\/\/cybul.eu\/pl\/sklep\/mx-5-nc-bagaznik-na-kola-zapasowe\/#breadcrumb\"},\"inLanguage\":\"pl-PL\",\"potentialAction\":[{\"@type\":\"ReadAction\",\"target\":[\"https:\/\/cybul.eu\/pl\/sklep\/mx-5-nc-bagaznik-na-kola-zapasowe\/\"]}]},{\"@type\":\"ImageObject\",\"inLanguage\":\"pl-PL\",\"@id\":\"https:\/\/cybul.eu\/pl\/sklep\/mx-5-nc-bagaznik-na-kola-zapasowe\/#primaryimage\",\"url\":\"https:\/\/cybul.eu\/wp-content\/uploads\/2020\/05\/MX-5-NC-wheel-rack-rs.jpg\",\"contentUrl\":\"https:\/\/cybul.eu\/wp-content\/uploads\/2020\/05\/MX-5-NC-wheel-rack-rs.jpg\",\"width\":800,\"height\":800,\"caption\":\"MX-5 NC wheel rack for spare wheels by Cybul Radical Solutions\"},{\"@type\":\"BreadcrumbList\",\"@id\":\"https:\/\/cybul.eu\/pl\/sklep\/mx-5-nc-bagaznik-na-kola-zapasowe\/#breadcrumb\",\"itemListElement\":[{\"@type\":\"ListItem\",\"position\":1,\"name\":\"Strona g\u0142\u00f3wna\",\"item\":\"https:\/\/cybul.eu\/pl\/\"},{\"@type\":\"ListItem\",\"position\":2,\"name\":\"Sklep\",\"item\":\"https:\/\/cybul.eu\/pl\/sklep\/\"},{\"@type\":\"ListItem\",\"position\":3,\"name\":\"MX-5 NC baga\u017cnik na ko\u0142a zapasowe\"}]},{\"@type\":\"WebSite\",\"@id\":\"https:\/\/cybul.eu\/pl\/#website\",\"url\":\"https:\/\/cybul.eu\/pl\/\",\"name\":\"CYBUL\",\"description\":\"\",\"potentialAction\":[{\"@type\":\"SearchAction\",\"target\":{\"@type\":\"EntryPoint\",\"urlTemplate\":\"https:\/\/cybul.eu\/pl\/?s={search_term_string}\"},\"query-input\":{\"@type\":\"PropertyValueSpecification\",\"valueRequired\":true,\"valueName\":\"search_term_string\"}}],\"inLanguage\":\"pl-PL\"}]}<\/script>\n<!-- \/ Yoast SEO plugin. -->","yoast_head_json":{"title":"MX-5 NC baga\u017cnik na ko\u0142a zapasowe - CYBUL","robots":{"index":"index","follow":"follow","max-snippet":"max-snippet:-1","max-image-preview":"max-image-preview:large","max-video-preview":"max-video-preview:-1"},"canonical":"https:\/\/cybul.eu\/pl\/sklep\/mx-5-nc-bagaznik-na-kola-zapasowe\/","og_locale":"pl_PL","og_type":"article","og_title":"MX-5 NC baga\u017cnik na ko\u0142a zapasowe - CYBUL","og_description":"Idealny na track day'e  Pozwala z \u0142atwo\u015bci\u0105 przetransportowa\u0107 zapasowe ko\u0142a  Klapa baga\u017cnika i dach otwieraj\u0105 si\u0119 z za\u0142o\u017conymi ko\u0142ami","og_url":"https:\/\/cybul.eu\/pl\/sklep\/mx-5-nc-bagaznik-na-kola-zapasowe\/","og_site_name":"CYBUL","article_modified_time":"2025-06-05T09:57:09+00:00","og_image":[{"width":800,"height":800,"url":"https:\/\/cybul.eu\/wp-content\/uploads\/2020\/05\/MX-5-NC-wheel-rack-rs.jpg","type":"image\/jpeg"}],"twitter_card":"summary_large_image","schema":{"@context":"https:\/\/schema.org","@graph":[{"@type":"WebPage","@id":"https:\/\/cybul.eu\/pl\/sklep\/mx-5-nc-bagaznik-na-kola-zapasowe\/","url":"https:\/\/cybul.eu\/pl\/sklep\/mx-5-nc-bagaznik-na-kola-zapasowe\/","name":"MX-5 NC baga\u017cnik na ko\u0142a zapasowe - CYBUL","isPartOf":{"@id":"https:\/\/cybul.eu\/pl\/#website"},"primaryImageOfPage":{"@id":"https:\/\/cybul.eu\/pl\/sklep\/mx-5-nc-bagaznik-na-kola-zapasowe\/#primaryimage"},"image":{"@id":"https:\/\/cybul.eu\/pl\/sklep\/mx-5-nc-bagaznik-na-kola-zapasowe\/#primaryimage"},"thumbnailUrl":"https:\/\/cybul.eu\/wp-content\/uploads\/2020\/05\/MX-5-NC-wheel-rack-rs.jpg","datePublished":"2020-05-08T08:47:07+00:00","dateModified":"2025-06-05T09:57:09+00:00","breadcrumb":{"@id":"https:\/\/cybul.eu\/pl\/sklep\/mx-5-nc-bagaznik-na-kola-zapasowe\/#breadcrumb"},"inLanguage":"pl-PL","potentialAction":[{"@type":"ReadAction","target":["https:\/\/cybul.eu\/pl\/sklep\/mx-5-nc-bagaznik-na-kola-zapasowe\/"]}]},{"@type":"ImageObject","inLanguage":"pl-PL","@id":"https:\/\/cybul.eu\/pl\/sklep\/mx-5-nc-bagaznik-na-kola-zapasowe\/#primaryimage","url":"https:\/\/cybul.eu\/wp-content\/uploads\/2020\/05\/MX-5-NC-wheel-rack-rs.jpg","contentUrl":"https:\/\/cybul.eu\/wp-content\/uploads\/2020\/05\/MX-5-NC-wheel-rack-rs.jpg","width":800,"height":800,"caption":"MX-5 NC wheel rack for spare wheels by Cybul Radical Solutions"},{"@type":"BreadcrumbList","@id":"https:\/\/cybul.eu\/pl\/sklep\/mx-5-nc-bagaznik-na-kola-zapasowe\/#breadcrumb","itemListElement":[{"@type":"ListItem","position":1,"name":"Strona g\u0142\u00f3wna","item":"https:\/\/cybul.eu\/pl\/"},{"@type":"ListItem","position":2,"name":"Sklep","item":"https:\/\/cybul.eu\/pl\/sklep\/"},{"@type":"ListItem","position":3,"name":"MX-5 NC baga\u017cnik na ko\u0142a zapasowe"}]},{"@type":"WebSite","@id":"https:\/\/cybul.eu\/pl\/#website","url":"https:\/\/cybul.eu\/pl\/","name":"CYBUL","description":"","potentialAction":[{"@type":"SearchAction","target":{"@type":"EntryPoint","urlTemplate":"https:\/\/cybul.eu\/pl\/?s={search_term_string}"},"query-input":{"@type":"PropertyValueSpecification","valueRequired":true,"valueName":"search_term_string"}}],"inLanguage":"pl-PL"}]}},"_links":{"self":[{"href":"https:\/\/cybul.eu\/pl\/wp-json\/wp\/v2\/product\/3295","targetHints":{"allow":["GET"]}}],"collection":[{"href":"https:\/\/cybul.eu\/pl\/wp-json\/wp\/v2\/product"}],"about":[{"href":"https:\/\/cybul.eu\/pl\/wp-json\/wp\/v2\/types\/product"}],"replies":[{"embeddable":true,"href":"https:\/\/cybul.eu\/pl\/wp-json\/wp\/v2\/comments?post=3295"}],"wp:featuredmedia":[{"embeddable":true,"href":"https:\/\/cybul.eu\/pl\/wp-json\/wp\/v2\/media\/3925"}],"wp:attachment":[{"href":"https:\/\/cybul.eu\/pl\/wp-json\/wp\/v2\/media?parent=3295"}],"wp:term":[{"taxonomy":"product_cat","embeddable":true,"href":"https:\/\/cybul.eu\/pl\/wp-json\/wp\/v2\/product_cat?post=3295"},{"taxonomy":"product_tag","embeddable":true,"href":"https:\/\/cybul.eu\/pl\/wp-json\/wp\/v2\/product_tag?post=3295"}],"curies":[{"name":"wp","href":"https:\/\/api.w.org\/{rel}","templated":true}]}}