{"id":3072,"date":"2019-12-18T12:20:52","date_gmt":"2019-12-18T11:20:52","guid":{"rendered":"https:\/\/cybul.eu\/shop\/mx-5-nc-dolne-rozporki\/"},"modified":"2025-06-05T11:56:59","modified_gmt":"2025-06-05T09:56:59","slug":"mx-5-nc-dolne-rozporki","status":"publish","type":"product","link":"https:\/\/cybul.eu\/pl\/sklep\/mx-5-nc-dolne-rozporki\/","title":{"rendered":"MX-5 NC &#8211; dolne rozp\u00f3rki"},"content":{"rendered":"<p>Produkt zaprojektowany z my\u015bl\u0105 o maksymalnym usztywnieniu podwozia MX-5 NC. Rozp\u00f3rki \u0142\u0105cz\u0105 obydwie strony samochodu w najs\u0142abszym miejscu &#8211; pod tunelem.<\/p>\n<p>Zwi\u0119kszaj\u0105 sztywno\u015b\u0107 nadwozia o 28%. &#8222;Spinaj\u0105&#8221; prz\u00f3d auta z ty\u0142em. Zmniejsza to napr\u0119\u017cenia przenoszone przez nadwozie, poprawia precyzj\u0119 prowadzenia i skraca czas reakcji na ruch kierownic\u0105.<\/p>\n<p>Produkt w 100% &#8222;bolt-on&#8221;. Monta\u017c nie wymaga \u017cadnych modyfikacji. Rozp\u00f3rki zosta\u0142y poprowadzone tak blisko nadwozia, jak to mo\u017cliwe. Dzi\u0119ki temu, zmiana prze\u015bwitu jest minimalna.<\/p>\n<p>Wykonane z jako\u015bciowej stali o podwy\u017cszonej twardo\u015bci. Podczas projektowania tego produktu rozwa\u017cali\u015bmy wykorzystanie aluminium. Analizy wytrzyma\u0142o\u015bciowe wykaza\u0142y, \u017ce z czasem aluminium mo\u017ce p\u0119ka\u0107. Ten produkt nie p\u0119knie i nie b\u0119dzie pracowa\u0142.<\/p>\n<p>Dost\u0119pny w wi\u0119kszo\u015bci kolor\u00f3w z palety RAL w macie lub po\u0142ysku. Metaliczny grafit mamy &#8222;na stanie&#8221; gotowy do wysy\u0142ki. Lakierowanie na wybrany kolor trwa do 7 dni roboczych.<\/p>\n","protected":false},"excerpt":{"rendered":"<p>Produkt w 100% &#8222;bolt-on&#8221;<\/p>\n<p>Zwi\u0119ksza sztywno\u015b\u0107 nadwozia o 28%<\/p>\n<p>Dost\u0119pny w wi\u0119kszo\u015bci kolor\u00f3w z palety RAL<\/p>\n","protected":false},"featured_media":3071,"comment_status":"open","ping_status":"closed","template":"","meta":[],"product_cat":[447],"product_tag":[],"class_list":{"0":"post-3072","1":"product","2":"type-product","3":"status-publish","4":"has-post-thumbnail","6":"product_cat-mx-5-nc-pl","8":"first","9":"instock","10":"taxable","11":"shipping-taxable","12":"purchasable","13":"product-type-simple"},"bundled_by":[],"bundle_stock_status":"instock","bundle_stock_quantity":null,"bundle_virtual":false,"bundle_layout":"","bundle_add_to_cart_form_location":"","bundle_editable_in_cart":false,"bundle_sold_individually_context":"","bundle_item_grouping":"","bundle_min_size":"","bundle_max_size":"","bundle_price":[],"bundled_items":[],"bundle_sell_ids":[],"acf":{"zdjecie_bez_watermarka":null,"zdjecie_bez_watermarka_url":"","product_orgin_url":""},"yoast_head":"<!-- This site is optimized with the Yoast SEO plugin v23.9 - https:\/\/yoast.com\/wordpress\/plugins\/seo\/ -->\n<title>MX-5 NC - dolne rozp\u00f3rki - CYBUL<\/title>\n<meta name=\"robots\" content=\"index, follow, max-snippet:-1, max-image-preview:large, max-video-preview:-1\" \/>\n<link rel=\"canonical\" href=\"https:\/\/cybul.eu\/pl\/sklep\/mx-5-nc-dolne-rozporki\/\" \/>\n<meta property=\"og:locale\" content=\"pl_PL\" \/>\n<meta property=\"og:type\" content=\"article\" \/>\n<meta property=\"og:title\" content=\"MX-5 NC - dolne rozp\u00f3rki - CYBUL\" \/>\n<meta property=\"og:description\" content=\"Produkt w 100% &quot;bolt-on&quot;  Zwi\u0119ksza sztywno\u015b\u0107 nadwozia o 28%  Dost\u0119pny w wi\u0119kszo\u015bci kolor\u00f3w z palety RAL\" \/>\n<meta property=\"og:url\" content=\"https:\/\/cybul.eu\/pl\/sklep\/mx-5-nc-dolne-rozporki\/\" \/>\n<meta property=\"og:site_name\" content=\"CYBUL\" \/>\n<meta property=\"article:modified_time\" content=\"2025-06-05T09:56:59+00:00\" \/>\n<meta property=\"og:image\" content=\"https:\/\/cybul.eu\/wp-content\/uploads\/2019\/12\/Mx-5-NC-lower-strut-bars-set.jpg\" \/>\n\t<meta property=\"og:image:width\" content=\"960\" \/>\n\t<meta property=\"og:image:height\" content=\"960\" \/>\n\t<meta property=\"og:image:type\" content=\"image\/jpeg\" \/>\n<meta name=\"twitter:card\" content=\"summary_large_image\" \/>\n<meta name=\"twitter:label1\" content=\"Szacowany czas czytania\" \/>\n\t<meta name=\"twitter:data1\" content=\"1 minuta\" \/>\n<script type=\"application\/ld+json\" class=\"yoast-schema-graph\">{\"@context\":\"https:\/\/schema.org\",\"@graph\":[{\"@type\":\"WebPage\",\"@id\":\"https:\/\/cybul.eu\/pl\/sklep\/mx-5-nc-dolne-rozporki\/\",\"url\":\"https:\/\/cybul.eu\/pl\/sklep\/mx-5-nc-dolne-rozporki\/\",\"name\":\"MX-5 NC - dolne rozp\u00f3rki - CYBUL\",\"isPartOf\":{\"@id\":\"https:\/\/cybul.eu\/pl\/#website\"},\"primaryImageOfPage\":{\"@id\":\"https:\/\/cybul.eu\/pl\/sklep\/mx-5-nc-dolne-rozporki\/#primaryimage\"},\"image\":{\"@id\":\"https:\/\/cybul.eu\/pl\/sklep\/mx-5-nc-dolne-rozporki\/#primaryimage\"},\"thumbnailUrl\":\"https:\/\/cybul.eu\/wp-content\/uploads\/2019\/12\/Mx-5-NC-lower-strut-bars-set.jpg\",\"datePublished\":\"2019-12-18T11:20:52+00:00\",\"dateModified\":\"2025-06-05T09:56:59+00:00\",\"breadcrumb\":{\"@id\":\"https:\/\/cybul.eu\/pl\/sklep\/mx-5-nc-dolne-rozporki\/#breadcrumb\"},\"inLanguage\":\"pl-PL\",\"potentialAction\":[{\"@type\":\"ReadAction\",\"target\":[\"https:\/\/cybul.eu\/pl\/sklep\/mx-5-nc-dolne-rozporki\/\"]}]},{\"@type\":\"ImageObject\",\"inLanguage\":\"pl-PL\",\"@id\":\"https:\/\/cybul.eu\/pl\/sklep\/mx-5-nc-dolne-rozporki\/#primaryimage\",\"url\":\"https:\/\/cybul.eu\/wp-content\/uploads\/2019\/12\/Mx-5-NC-lower-strut-bars-set.jpg\",\"contentUrl\":\"https:\/\/cybul.eu\/wp-content\/uploads\/2019\/12\/Mx-5-NC-lower-strut-bars-set.jpg\",\"width\":960,\"height\":960,\"caption\":\"Mazda MX-5 NC lower strut bars set\"},{\"@type\":\"BreadcrumbList\",\"@id\":\"https:\/\/cybul.eu\/pl\/sklep\/mx-5-nc-dolne-rozporki\/#breadcrumb\",\"itemListElement\":[{\"@type\":\"ListItem\",\"position\":1,\"name\":\"Strona g\u0142\u00f3wna\",\"item\":\"https:\/\/cybul.eu\/pl\/\"},{\"@type\":\"ListItem\",\"position\":2,\"name\":\"Sklep\",\"item\":\"https:\/\/cybul.eu\/pl\/sklep\/\"},{\"@type\":\"ListItem\",\"position\":3,\"name\":\"MX-5 NC &#8211; dolne rozp\u00f3rki\"}]},{\"@type\":\"WebSite\",\"@id\":\"https:\/\/cybul.eu\/pl\/#website\",\"url\":\"https:\/\/cybul.eu\/pl\/\",\"name\":\"CYBUL\",\"description\":\"\",\"potentialAction\":[{\"@type\":\"SearchAction\",\"target\":{\"@type\":\"EntryPoint\",\"urlTemplate\":\"https:\/\/cybul.eu\/pl\/?s={search_term_string}\"},\"query-input\":{\"@type\":\"PropertyValueSpecification\",\"valueRequired\":true,\"valueName\":\"search_term_string\"}}],\"inLanguage\":\"pl-PL\"}]}<\/script>\n<!-- \/ Yoast SEO plugin. -->","yoast_head_json":{"title":"MX-5 NC - dolne rozp\u00f3rki - CYBUL","robots":{"index":"index","follow":"follow","max-snippet":"max-snippet:-1","max-image-preview":"max-image-preview:large","max-video-preview":"max-video-preview:-1"},"canonical":"https:\/\/cybul.eu\/pl\/sklep\/mx-5-nc-dolne-rozporki\/","og_locale":"pl_PL","og_type":"article","og_title":"MX-5 NC - dolne rozp\u00f3rki - CYBUL","og_description":"Produkt w 100% \"bolt-on\"  Zwi\u0119ksza sztywno\u015b\u0107 nadwozia o 28%  Dost\u0119pny w wi\u0119kszo\u015bci kolor\u00f3w z palety RAL","og_url":"https:\/\/cybul.eu\/pl\/sklep\/mx-5-nc-dolne-rozporki\/","og_site_name":"CYBUL","article_modified_time":"2025-06-05T09:56:59+00:00","og_image":[{"width":960,"height":960,"url":"https:\/\/cybul.eu\/wp-content\/uploads\/2019\/12\/Mx-5-NC-lower-strut-bars-set.jpg","type":"image\/jpeg"}],"twitter_card":"summary_large_image","twitter_misc":{"Szacowany czas czytania":"1 minuta"},"schema":{"@context":"https:\/\/schema.org","@graph":[{"@type":"WebPage","@id":"https:\/\/cybul.eu\/pl\/sklep\/mx-5-nc-dolne-rozporki\/","url":"https:\/\/cybul.eu\/pl\/sklep\/mx-5-nc-dolne-rozporki\/","name":"MX-5 NC - dolne rozp\u00f3rki - CYBUL","isPartOf":{"@id":"https:\/\/cybul.eu\/pl\/#website"},"primaryImageOfPage":{"@id":"https:\/\/cybul.eu\/pl\/sklep\/mx-5-nc-dolne-rozporki\/#primaryimage"},"image":{"@id":"https:\/\/cybul.eu\/pl\/sklep\/mx-5-nc-dolne-rozporki\/#primaryimage"},"thumbnailUrl":"https:\/\/cybul.eu\/wp-content\/uploads\/2019\/12\/Mx-5-NC-lower-strut-bars-set.jpg","datePublished":"2019-12-18T11:20:52+00:00","dateModified":"2025-06-05T09:56:59+00:00","breadcrumb":{"@id":"https:\/\/cybul.eu\/pl\/sklep\/mx-5-nc-dolne-rozporki\/#breadcrumb"},"inLanguage":"pl-PL","potentialAction":[{"@type":"ReadAction","target":["https:\/\/cybul.eu\/pl\/sklep\/mx-5-nc-dolne-rozporki\/"]}]},{"@type":"ImageObject","inLanguage":"pl-PL","@id":"https:\/\/cybul.eu\/pl\/sklep\/mx-5-nc-dolne-rozporki\/#primaryimage","url":"https:\/\/cybul.eu\/wp-content\/uploads\/2019\/12\/Mx-5-NC-lower-strut-bars-set.jpg","contentUrl":"https:\/\/cybul.eu\/wp-content\/uploads\/2019\/12\/Mx-5-NC-lower-strut-bars-set.jpg","width":960,"height":960,"caption":"Mazda MX-5 NC lower strut bars set"},{"@type":"BreadcrumbList","@id":"https:\/\/cybul.eu\/pl\/sklep\/mx-5-nc-dolne-rozporki\/#breadcrumb","itemListElement":[{"@type":"ListItem","position":1,"name":"Strona g\u0142\u00f3wna","item":"https:\/\/cybul.eu\/pl\/"},{"@type":"ListItem","position":2,"name":"Sklep","item":"https:\/\/cybul.eu\/pl\/sklep\/"},{"@type":"ListItem","position":3,"name":"MX-5 NC &#8211; dolne rozp\u00f3rki"}]},{"@type":"WebSite","@id":"https:\/\/cybul.eu\/pl\/#website","url":"https:\/\/cybul.eu\/pl\/","name":"CYBUL","description":"","potentialAction":[{"@type":"SearchAction","target":{"@type":"EntryPoint","urlTemplate":"https:\/\/cybul.eu\/pl\/?s={search_term_string}"},"query-input":{"@type":"PropertyValueSpecification","valueRequired":true,"valueName":"search_term_string"}}],"inLanguage":"pl-PL"}]}},"_links":{"self":[{"href":"https:\/\/cybul.eu\/pl\/wp-json\/wp\/v2\/product\/3072","targetHints":{"allow":["GET"]}}],"collection":[{"href":"https:\/\/cybul.eu\/pl\/wp-json\/wp\/v2\/product"}],"about":[{"href":"https:\/\/cybul.eu\/pl\/wp-json\/wp\/v2\/types\/product"}],"replies":[{"embeddable":true,"href":"https:\/\/cybul.eu\/pl\/wp-json\/wp\/v2\/comments?post=3072"}],"wp:featuredmedia":[{"embeddable":true,"href":"https:\/\/cybul.eu\/pl\/wp-json\/wp\/v2\/media\/3071"}],"wp:attachment":[{"href":"https:\/\/cybul.eu\/pl\/wp-json\/wp\/v2\/media?parent=3072"}],"wp:term":[{"taxonomy":"product_cat","embeddable":true,"href":"https:\/\/cybul.eu\/pl\/wp-json\/wp\/v2\/product_cat?post=3072"},{"taxonomy":"product_tag","embeddable":true,"href":"https:\/\/cybul.eu\/pl\/wp-json\/wp\/v2\/product_tag?post=3072"}],"curies":[{"name":"wp","href":"https:\/\/api.w.org\/{rel}","templated":true}]}}