{"id":3068,"date":"2019-12-11T12:43:39","date_gmt":"2019-12-11T11:43:39","guid":{"rendered":"https:\/\/cybul.eu\/shop\/mx-5-nc-roll-bar-wersja-hard-top\/"},"modified":"2025-06-05T11:56:59","modified_gmt":"2025-06-05T09:56:59","slug":"mx-5-nc-roll-bar-wersja-hard-top","status":"publish","type":"product","link":"https:\/\/cybul.eu\/pl\/sklep\/mx-5-nc-roll-bar-wersja-hard-top\/","title":{"rendered":"MX-5 NC PRHT &#8211; roll bar"},"content":{"rendered":"<p>Roll bar do MX-5 NC. Rozwi\u0105zanie w 100% bolt-on. Jako jedyny roll bar na rynku zachowuje wszystkie funkcjonalno\u015bci seryjnej &#8222;rolki&#8221;. Posiada punkty monta\u017cowe do g\u0142o\u015bnik\u00f3w i miejsca do zamocowania plastikowych os\u0142on. Seryjny windshot r\u00f3wnie\u017c zostaje.<\/p>\n<p>Ten roll bar jest tak wysoki, jak to tylko mo\u017cliwe. Przesun\u0119li\u015bmy go do przodu wzgl\u0119dem seryjnego. Pozwoli\u0142o to zwi\u0119kszy\u0107 wysoko\u015b\u0107 o ponad 50mm.<\/p>\n<p>&#8222;Rolka&#8221; jest wyposa\u017cona w harness bar &#8211; punkt monta\u017cowy naramiennej cz\u0119\u015bci pas\u00f3w czteropunktowych. Wykonany z bezszwowych rur 40&#215;2 i 45&#215;2,5, stop E355.<\/p>\n<p>Cena zawiera lakierowanie na dowolny kolor z palety RAL w macie lub po\u0142ysku z wy\u0142\u0105czeniem kolor\u00f3w FLUO.<\/p>\n<p>W zestawie znajduj\u0105 si\u0119 wszystkie elementy potrzebne do monta\u017cu. Instalacja w aucie wymaga u\u017cycia zestawu podstawowych kluczy.<\/p>\n","protected":false},"excerpt":{"rendered":"<p>Roll bar do MX-5 NC. Rozwi\u0105zanie w 100% bolt-on. Jako jedyny roll bar na rynku zachowuje wszystkie funkcjonalno\u015bci seryjnej &#8222;rolki&#8221;. Posiada punkty monta\u017cowe do g\u0142o\u015bnik\u00f3w i miejsca do zamocowania plastikowych os\u0142on. Seryjny windshot r\u00f3wnie\u017c zostaje. Ten roll bar jest tak wysoki, jak to tylko mo\u017cliwe. Przesun\u0119li\u015bmy go do przodu wzgl\u0119dem seryjnego. Pozwoli\u0142o to zwi\u0119kszy\u0107 wysoko\u015b\u0107 [&#8230;]\n","protected":false},"featured_media":6570,"comment_status":"open","ping_status":"closed","template":"","meta":[],"product_cat":[521,447],"product_tag":[],"class_list":{"0":"post-3068","1":"product","2":"type-product","3":"status-publish","4":"has-post-thumbnail","6":"product_cat-bezpieczenstwo-mx-5-nc","7":"product_cat-mx-5-nc-pl","8":"product_shipping_class-roll-bar-nc-pl","10":"first","11":"instock","12":"taxable","13":"shipping-taxable","14":"purchasable","15":"product-type-simple"},"bundled_by":[],"bundle_stock_status":"instock","bundle_stock_quantity":null,"bundle_virtual":false,"bundle_layout":"","bundle_add_to_cart_form_location":"","bundle_editable_in_cart":false,"bundle_sold_individually_context":"","bundle_item_grouping":"","bundle_min_size":"","bundle_max_size":"","bundle_price":[],"bundled_items":[],"bundle_sell_ids":[],"acf":{"zdjecie_bez_watermarka":6758,"zdjecie_bez_watermarka_url":"https:\/\/cybul.eu\/wp-content\/uploads\/2019\/12\/MX5-NC-PRHT-roll-bar.jpg","product_orgin_url":""},"yoast_head":"<!-- This site is optimized with the Yoast SEO plugin v23.9 - https:\/\/yoast.com\/wordpress\/plugins\/seo\/ -->\n<title>MX-5 NC PRHT - roll bar - CYBUL<\/title>\n<meta name=\"description\" content=\"Roll bar do MX-5 NC z hard topem. Podukt w 100% bolt-on, znacz\u0105co podnosz\u0105cy bezpiecze\u0144stwo jazdy. Dost\u0119pny w wi\u0119kszo\u015bci kolor\u00f3w z palety RAL.\" \/>\n<meta name=\"robots\" content=\"index, follow, max-snippet:-1, max-image-preview:large, max-video-preview:-1\" \/>\n<link rel=\"canonical\" href=\"https:\/\/cybul.eu\/pl\/sklep\/mx-5-nc-roll-bar-wersja-hard-top\/\" \/>\n<meta property=\"og:locale\" content=\"pl_PL\" \/>\n<meta property=\"og:type\" content=\"article\" \/>\n<meta property=\"og:title\" content=\"MX-5 NC PRHT - roll bar - CYBUL\" \/>\n<meta property=\"og:description\" content=\"Roll bar do MX-5 NC z hard topem. Podukt w 100% bolt-on, znacz\u0105co podnosz\u0105cy bezpiecze\u0144stwo jazdy. Dost\u0119pny w wi\u0119kszo\u015bci kolor\u00f3w z palety RAL.\" \/>\n<meta property=\"og:url\" content=\"https:\/\/cybul.eu\/pl\/sklep\/mx-5-nc-roll-bar-wersja-hard-top\/\" \/>\n<meta property=\"og:site_name\" content=\"CYBUL\" \/>\n<meta property=\"article:modified_time\" content=\"2025-06-05T09:56:59+00:00\" \/>\n<meta property=\"og:image\" content=\"https:\/\/cybul.eu\/wp-content\/uploads\/2019\/12\/MX5_NC_HT.jpg\" \/>\n\t<meta property=\"og:image:width\" content=\"1600\" \/>\n\t<meta property=\"og:image:height\" content=\"1600\" \/>\n\t<meta property=\"og:image:type\" content=\"image\/jpeg\" \/>\n<meta name=\"twitter:card\" content=\"summary_large_image\" \/>\n<meta name=\"twitter:label1\" content=\"Szacowany czas czytania\" \/>\n\t<meta name=\"twitter:data1\" content=\"1 minuta\" \/>\n<script type=\"application\/ld+json\" class=\"yoast-schema-graph\">{\"@context\":\"https:\/\/schema.org\",\"@graph\":[{\"@type\":\"WebPage\",\"@id\":\"https:\/\/cybul.eu\/pl\/sklep\/mx-5-nc-roll-bar-wersja-hard-top\/\",\"url\":\"https:\/\/cybul.eu\/pl\/sklep\/mx-5-nc-roll-bar-wersja-hard-top\/\",\"name\":\"MX-5 NC PRHT - roll bar - CYBUL\",\"isPartOf\":{\"@id\":\"https:\/\/cybul.eu\/pl\/#website\"},\"primaryImageOfPage\":{\"@id\":\"https:\/\/cybul.eu\/pl\/sklep\/mx-5-nc-roll-bar-wersja-hard-top\/#primaryimage\"},\"image\":{\"@id\":\"https:\/\/cybul.eu\/pl\/sklep\/mx-5-nc-roll-bar-wersja-hard-top\/#primaryimage\"},\"thumbnailUrl\":\"https:\/\/cybul.eu\/wp-content\/uploads\/2019\/12\/MX5_NC_HT.jpg\",\"datePublished\":\"2019-12-11T11:43:39+00:00\",\"dateModified\":\"2025-06-05T09:56:59+00:00\",\"description\":\"Roll bar do MX-5 NC z hard topem. Podukt w 100% bolt-on, znacz\u0105co podnosz\u0105cy bezpiecze\u0144stwo jazdy. Dost\u0119pny w wi\u0119kszo\u015bci kolor\u00f3w z palety RAL.\",\"breadcrumb\":{\"@id\":\"https:\/\/cybul.eu\/pl\/sklep\/mx-5-nc-roll-bar-wersja-hard-top\/#breadcrumb\"},\"inLanguage\":\"pl-PL\",\"potentialAction\":[{\"@type\":\"ReadAction\",\"target\":[\"https:\/\/cybul.eu\/pl\/sklep\/mx-5-nc-roll-bar-wersja-hard-top\/\"]}]},{\"@type\":\"ImageObject\",\"inLanguage\":\"pl-PL\",\"@id\":\"https:\/\/cybul.eu\/pl\/sklep\/mx-5-nc-roll-bar-wersja-hard-top\/#primaryimage\",\"url\":\"https:\/\/cybul.eu\/wp-content\/uploads\/2019\/12\/MX5_NC_HT.jpg\",\"contentUrl\":\"https:\/\/cybul.eu\/wp-content\/uploads\/2019\/12\/MX5_NC_HT.jpg\",\"width\":1600,\"height\":1600,\"caption\":\"MX-5 NC PRHT roll bar by Cybul Radical Solutions\"},{\"@type\":\"BreadcrumbList\",\"@id\":\"https:\/\/cybul.eu\/pl\/sklep\/mx-5-nc-roll-bar-wersja-hard-top\/#breadcrumb\",\"itemListElement\":[{\"@type\":\"ListItem\",\"position\":1,\"name\":\"Strona g\u0142\u00f3wna\",\"item\":\"https:\/\/cybul.eu\/pl\/\"},{\"@type\":\"ListItem\",\"position\":2,\"name\":\"Sklep\",\"item\":\"https:\/\/cybul.eu\/pl\/sklep\/\"},{\"@type\":\"ListItem\",\"position\":3,\"name\":\"MX-5 NC PRHT &#8211; roll bar\"}]},{\"@type\":\"WebSite\",\"@id\":\"https:\/\/cybul.eu\/pl\/#website\",\"url\":\"https:\/\/cybul.eu\/pl\/\",\"name\":\"CYBUL\",\"description\":\"\",\"potentialAction\":[{\"@type\":\"SearchAction\",\"target\":{\"@type\":\"EntryPoint\",\"urlTemplate\":\"https:\/\/cybul.eu\/pl\/?s={search_term_string}\"},\"query-input\":{\"@type\":\"PropertyValueSpecification\",\"valueRequired\":true,\"valueName\":\"search_term_string\"}}],\"inLanguage\":\"pl-PL\"}]}<\/script>\n<!-- \/ Yoast SEO plugin. -->","yoast_head_json":{"title":"MX-5 NC PRHT - roll bar - CYBUL","description":"Roll bar do MX-5 NC z hard topem. Podukt w 100% bolt-on, znacz\u0105co podnosz\u0105cy bezpiecze\u0144stwo jazdy. Dost\u0119pny w wi\u0119kszo\u015bci kolor\u00f3w z palety RAL.","robots":{"index":"index","follow":"follow","max-snippet":"max-snippet:-1","max-image-preview":"max-image-preview:large","max-video-preview":"max-video-preview:-1"},"canonical":"https:\/\/cybul.eu\/pl\/sklep\/mx-5-nc-roll-bar-wersja-hard-top\/","og_locale":"pl_PL","og_type":"article","og_title":"MX-5 NC PRHT - roll bar - CYBUL","og_description":"Roll bar do MX-5 NC z hard topem. Podukt w 100% bolt-on, znacz\u0105co podnosz\u0105cy bezpiecze\u0144stwo jazdy. Dost\u0119pny w wi\u0119kszo\u015bci kolor\u00f3w z palety RAL.","og_url":"https:\/\/cybul.eu\/pl\/sklep\/mx-5-nc-roll-bar-wersja-hard-top\/","og_site_name":"CYBUL","article_modified_time":"2025-06-05T09:56:59+00:00","og_image":[{"width":1600,"height":1600,"url":"https:\/\/cybul.eu\/wp-content\/uploads\/2019\/12\/MX5_NC_HT.jpg","type":"image\/jpeg"}],"twitter_card":"summary_large_image","twitter_misc":{"Szacowany czas czytania":"1 minuta"},"schema":{"@context":"https:\/\/schema.org","@graph":[{"@type":"WebPage","@id":"https:\/\/cybul.eu\/pl\/sklep\/mx-5-nc-roll-bar-wersja-hard-top\/","url":"https:\/\/cybul.eu\/pl\/sklep\/mx-5-nc-roll-bar-wersja-hard-top\/","name":"MX-5 NC PRHT - roll bar - CYBUL","isPartOf":{"@id":"https:\/\/cybul.eu\/pl\/#website"},"primaryImageOfPage":{"@id":"https:\/\/cybul.eu\/pl\/sklep\/mx-5-nc-roll-bar-wersja-hard-top\/#primaryimage"},"image":{"@id":"https:\/\/cybul.eu\/pl\/sklep\/mx-5-nc-roll-bar-wersja-hard-top\/#primaryimage"},"thumbnailUrl":"https:\/\/cybul.eu\/wp-content\/uploads\/2019\/12\/MX5_NC_HT.jpg","datePublished":"2019-12-11T11:43:39+00:00","dateModified":"2025-06-05T09:56:59+00:00","description":"Roll bar do MX-5 NC z hard topem. Podukt w 100% bolt-on, znacz\u0105co podnosz\u0105cy bezpiecze\u0144stwo jazdy. Dost\u0119pny w wi\u0119kszo\u015bci kolor\u00f3w z palety RAL.","breadcrumb":{"@id":"https:\/\/cybul.eu\/pl\/sklep\/mx-5-nc-roll-bar-wersja-hard-top\/#breadcrumb"},"inLanguage":"pl-PL","potentialAction":[{"@type":"ReadAction","target":["https:\/\/cybul.eu\/pl\/sklep\/mx-5-nc-roll-bar-wersja-hard-top\/"]}]},{"@type":"ImageObject","inLanguage":"pl-PL","@id":"https:\/\/cybul.eu\/pl\/sklep\/mx-5-nc-roll-bar-wersja-hard-top\/#primaryimage","url":"https:\/\/cybul.eu\/wp-content\/uploads\/2019\/12\/MX5_NC_HT.jpg","contentUrl":"https:\/\/cybul.eu\/wp-content\/uploads\/2019\/12\/MX5_NC_HT.jpg","width":1600,"height":1600,"caption":"MX-5 NC PRHT roll bar by Cybul Radical Solutions"},{"@type":"BreadcrumbList","@id":"https:\/\/cybul.eu\/pl\/sklep\/mx-5-nc-roll-bar-wersja-hard-top\/#breadcrumb","itemListElement":[{"@type":"ListItem","position":1,"name":"Strona g\u0142\u00f3wna","item":"https:\/\/cybul.eu\/pl\/"},{"@type":"ListItem","position":2,"name":"Sklep","item":"https:\/\/cybul.eu\/pl\/sklep\/"},{"@type":"ListItem","position":3,"name":"MX-5 NC PRHT &#8211; roll bar"}]},{"@type":"WebSite","@id":"https:\/\/cybul.eu\/pl\/#website","url":"https:\/\/cybul.eu\/pl\/","name":"CYBUL","description":"","potentialAction":[{"@type":"SearchAction","target":{"@type":"EntryPoint","urlTemplate":"https:\/\/cybul.eu\/pl\/?s={search_term_string}"},"query-input":{"@type":"PropertyValueSpecification","valueRequired":true,"valueName":"search_term_string"}}],"inLanguage":"pl-PL"}]}},"_links":{"self":[{"href":"https:\/\/cybul.eu\/pl\/wp-json\/wp\/v2\/product\/3068","targetHints":{"allow":["GET"]}}],"collection":[{"href":"https:\/\/cybul.eu\/pl\/wp-json\/wp\/v2\/product"}],"about":[{"href":"https:\/\/cybul.eu\/pl\/wp-json\/wp\/v2\/types\/product"}],"replies":[{"embeddable":true,"href":"https:\/\/cybul.eu\/pl\/wp-json\/wp\/v2\/comments?post=3068"}],"wp:featuredmedia":[{"embeddable":true,"href":"https:\/\/cybul.eu\/pl\/wp-json\/wp\/v2\/media\/6570"}],"wp:attachment":[{"href":"https:\/\/cybul.eu\/pl\/wp-json\/wp\/v2\/media?parent=3068"}],"wp:term":[{"taxonomy":"product_cat","embeddable":true,"href":"https:\/\/cybul.eu\/pl\/wp-json\/wp\/v2\/product_cat?post=3068"},{"taxonomy":"product_tag","embeddable":true,"href":"https:\/\/cybul.eu\/pl\/wp-json\/wp\/v2\/product_tag?post=3068"}],"curies":[{"name":"wp","href":"https:\/\/api.w.org\/{rel}","templated":true}]}}